{"id":16,"date":"2016-12-08T09:24:57","date_gmt":"2016-12-08T08:24:57","guid":{"rendered":"http:\/\/impresiondigitalgranformato.es\/wordpress\/?page_id=16"},"modified":"2020-06-11T13:40:36","modified_gmt":"2020-06-11T11:40:36","slug":"wer-wir-sind","status":"publish","type":"page","link":"https:\/\/impresiondigitalgranformato.es\/de\/quienes-somos\/","title":{"rendered":"Lernen Sie uns kennen"},"content":{"rendered":"<p style=\"text-align: center;\"><span style=\"font-weight:bold;font-size:calc(1rem + 0.48vw);\">Auf unserer Website finden Sie qualitativ hochwertige gro\u00dfformatige Digitaldruckprodukte zum besten Preis.<\/span><\/p>\n<p style=\"text-align: center;\"><span style=\"font-size:calc(1rem + 0.33vw);\">Druck von Vinyls, Leinw\u00e4nden, Postern oder Schildern, Methacrylaten, Vinyl f\u00fcr Glas ... Wir haben auch tragbare Werbeprodukte, mit denen Sie f\u00fcr Ihr Unternehmen, Ihre Angebote oder Produkte werben k\u00f6nnen, wie z.B. Roll-Up, Banner, Fotoaufrufe, Fahnen oder Fliegenbanner, Staffeleien, Theken, Mini-Banner, Desktop-Displays .....<\/span><\/p>\n<h4 style=\"text-align: center;\"> <span style=\"font-weight: bold; color: #06347d; font-size: calc(1rem + 0.66vw);\">Wir liefern an jeden Punkt der Halbinsel und der Inseln, mit Express-Service bis zu 24 Stunden.<\/span><\/h4>\n<h1 style=\"text-align: center;\"> <a href=\"https:\/\/impresiondigitalgranformato.es\/de\/\" xlink=\"href\"><span style=\"font-weight: normal; color: #459675;\">Siehe unsere Produkte<\/span><\/a><\/h1>\n<p style=\"text-align: center;\"><span style=\"font-weight: bold; font-size: calc(1rem + 0.38vw);\">Wir bieten L\u00f6sungen f\u00fcr die Dekoration Ihres Unternehmens, Ihrer Tagung, Ihres Events, Ihrer Party oder Feier, Ihrer Verkaufsstellen, Ihres Produktverkaufs usw.<\/span><\/p>\n<h4 style=\"text-align: center;\"> Mit 25 Jahren Erfahrung in diesem Sektor sind wir die g\u00fcnstigsten Anbieter auf dem Markt.<\/h4>\n<h2 style=\"text-align: center;\"> KONSULTIEREN SIE UNS UND SIE WERDEN \u00dcBERRASCHT SEIN<\/h2>","protected":false},"excerpt":{"rendered":"<p>En nuestra web encontrara productos de impresi\u00f3n digital gran formato de alta calidad al mejor precio. Impresi\u00f3n de vinilos, lonas, carteles o r\u00f3tulos, metacrilatos, vinilos para cristales \u2026 Tambi\u00e9n tenemos productos de publicidad port\u00e1til con los que puede publicitar su negocio, ofertas o productos tales como roll up, banner, photocall, banderas o fly banner, caballetes, [&hellip;]<\/p>\n","protected":false},"author":1,"featured_media":0,"parent":0,"menu_order":0,"comment_status":"closed","ping_status":"closed","template":"page-templates\/full-width-page.php","meta":{"footnotes":""},"class_list":["post-16","page","type-page","status-publish","hentry"],"yoast_head":"<!-- This site is optimized with the Yoast SEO plugin v27.4 - https:\/\/yoast.com\/product\/yoast-seo-wordpress\/ -->\n<title>Productos de impresi\u00f3n digital - Gran formato - Los + baratos<\/title>\n<meta name=\"description\" content=\"Productos de impresi\u00f3n digital en gran formato. Vinilo impresos y laminados, lonas en impresi\u00f3n digital y publicidad portatil roll up, banner, banderas...\" \/>\n<meta name=\"robots\" content=\"index, follow, max-snippet:-1, max-image-preview:large, max-video-preview:-1\" \/>\n<link rel=\"canonical\" href=\"https:\/\/impresiondigitalgranformato.es\/de\/wer-wir-sind\/\" \/>\n<meta property=\"og:locale\" content=\"de_DE\" \/>\n<meta property=\"og:type\" content=\"article\" \/>\n<meta property=\"og:title\" content=\"Productos de impresi\u00f3n digital - Gran formato - Los + baratos\" \/>\n<meta property=\"og:description\" content=\"Productos de impresi\u00f3n digital en gran formato. Vinilo impresos y laminados, lonas en impresi\u00f3n digital y publicidad portatil roll up, banner, banderas...\" \/>\n<meta property=\"og:url\" content=\"https:\/\/impresiondigitalgranformato.es\/de\/wer-wir-sind\/\" \/>\n<meta property=\"og:site_name\" content=\"Los + baratos\" \/>\n<meta property=\"article:modified_time\" content=\"2020-06-11T11:40:36+00:00\" \/>\n<meta name=\"twitter:card\" content=\"summary_large_image\" \/>\n<meta name=\"twitter:label1\" content=\"Gesch\u00e4tzte Lesezeit\" \/>\n\t<meta name=\"twitter:data1\" content=\"1\u00a0Minute\" \/>\n<script type=\"application\/ld+json\" class=\"yoast-schema-graph\">{\"@context\":\"https:\\\/\\\/schema.org\",\"@graph\":[{\"@type\":\"WebPage\",\"@id\":\"https:\\\/\\\/impresiondigitalgranformato.es\\\/quienes-somos\\\/\",\"url\":\"https:\\\/\\\/impresiondigitalgranformato.es\\\/quienes-somos\\\/\",\"name\":\"Productos de impresi\u00f3n digital - Gran formato - Los + baratos\",\"isPartOf\":{\"@id\":\"https:\\\/\\\/impresiondigitalgranformato.es\\\/#website\"},\"datePublished\":\"2016-12-08T08:24:57+00:00\",\"dateModified\":\"2020-06-11T11:40:36+00:00\",\"description\":\"Productos de impresi\u00f3n digital en gran formato. Vinilo impresos y laminados, lonas en impresi\u00f3n digital y publicidad portatil roll up, banner, banderas...\",\"breadcrumb\":{\"@id\":\"https:\\\/\\\/impresiondigitalgranformato.es\\\/quienes-somos\\\/#breadcrumb\"},\"inLanguage\":\"de\",\"potentialAction\":[{\"@type\":\"ReadAction\",\"target\":[\"https:\\\/\\\/impresiondigitalgranformato.es\\\/quienes-somos\\\/\"]}]},{\"@type\":\"BreadcrumbList\",\"@id\":\"https:\\\/\\\/impresiondigitalgranformato.es\\\/quienes-somos\\\/#breadcrumb\",\"itemListElement\":[{\"@type\":\"ListItem\",\"position\":1,\"name\":\"Portada\",\"item\":\"https:\\\/\\\/impresiondigitalgranformato.es\\\/\"},{\"@type\":\"ListItem\",\"position\":2,\"name\":\"Con\u00f3cenos\"}]},{\"@type\":\"WebSite\",\"@id\":\"https:\\\/\\\/impresiondigitalgranformato.es\\\/#website\",\"url\":\"https:\\\/\\\/impresiondigitalgranformato.es\\\/\",\"name\":\"Los + baratos\",\"description\":\"impresi\u00f3n digital gran formato venta de roll up, banner, banderas, lonas, carteles, displays, publicidad\",\"publisher\":{\"@id\":\"https:\\\/\\\/impresiondigitalgranformato.es\\\/#organization\"},\"potentialAction\":[{\"@type\":\"SearchAction\",\"target\":{\"@type\":\"EntryPoint\",\"urlTemplate\":\"https:\\\/\\\/impresiondigitalgranformato.es\\\/?s={search_term_string}\"},\"query-input\":{\"@type\":\"PropertyValueSpecification\",\"valueRequired\":true,\"valueName\":\"search_term_string\"}}],\"inLanguage\":\"de\"},{\"@type\":\"Organization\",\"@id\":\"https:\\\/\\\/impresiondigitalgranformato.es\\\/#organization\",\"name\":\"Los + baratos\",\"url\":\"https:\\\/\\\/impresiondigitalgranformato.es\\\/\",\"logo\":{\"@type\":\"ImageObject\",\"inLanguage\":\"de\",\"@id\":\"https:\\\/\\\/impresiondigitalgranformato.es\\\/#\\\/schema\\\/logo\\\/image\\\/\",\"url\":\"https:\\\/\\\/i0.wp.com\\\/impresiondigitalgranformato.es\\\/wp-content\\\/uploads\\\/2016\\\/12\\\/cropped-logotipo-2-e1483373659766.png?fit=500%2C101&ssl=1\",\"contentUrl\":\"https:\\\/\\\/i0.wp.com\\\/impresiondigitalgranformato.es\\\/wp-content\\\/uploads\\\/2016\\\/12\\\/cropped-logotipo-2-e1483373659766.png?fit=500%2C101&ssl=1\",\"width\":500,\"height\":101,\"caption\":\"Los + baratos\"},\"image\":{\"@id\":\"https:\\\/\\\/impresiondigitalgranformato.es\\\/#\\\/schema\\\/logo\\\/image\\\/\"}}]}<\/script>\n<!-- \/ Yoast SEO plugin. -->","yoast_head_json":{"title":"Produkte f\u00fcr den Digitaldruck - Gro\u00dfformat - Am billigsten","description":"Gro\u00dfformatige Digitaldruckprodukte. Bedrucktes und laminiertes Vinyl, digital bedruckte Planen und aufrollbare tragbare Werbung, Banner, Fahnen...","robots":{"index":"index","follow":"follow","max-snippet":"max-snippet:-1","max-image-preview":"max-image-preview:large","max-video-preview":"max-video-preview:-1"},"canonical":"https:\/\/impresiondigitalgranformato.es\/de\/wer-wir-sind\/","og_locale":"de_DE","og_type":"article","og_title":"Productos de impresi\u00f3n digital - Gran formato - Los + baratos","og_description":"Productos de impresi\u00f3n digital en gran formato. Vinilo impresos y laminados, lonas en impresi\u00f3n digital y publicidad portatil roll up, banner, banderas...","og_url":"https:\/\/impresiondigitalgranformato.es\/de\/wer-wir-sind\/","og_site_name":"Los + baratos","article_modified_time":"2020-06-11T11:40:36+00:00","twitter_card":"summary_large_image","twitter_misc":{"Gesch\u00e4tzte Lesezeit":"1\u00a0Minute"},"schema":{"@context":"https:\/\/schema.org","@graph":[{"@type":"WebPage","@id":"https:\/\/impresiondigitalgranformato.es\/quienes-somos\/","url":"https:\/\/impresiondigitalgranformato.es\/quienes-somos\/","name":"Produkte f\u00fcr den Digitaldruck - Gro\u00dfformat - Am billigsten","isPartOf":{"@id":"https:\/\/impresiondigitalgranformato.es\/#website"},"datePublished":"2016-12-08T08:24:57+00:00","dateModified":"2020-06-11T11:40:36+00:00","description":"Gro\u00dfformatige Digitaldruckprodukte. Bedrucktes und laminiertes Vinyl, digital bedruckte Planen und aufrollbare tragbare Werbung, Banner, Fahnen...","breadcrumb":{"@id":"https:\/\/impresiondigitalgranformato.es\/quienes-somos\/#breadcrumb"},"inLanguage":"de","potentialAction":[{"@type":"ReadAction","target":["https:\/\/impresiondigitalgranformato.es\/quienes-somos\/"]}]},{"@type":"BreadcrumbList","@id":"https:\/\/impresiondigitalgranformato.es\/quienes-somos\/#breadcrumb","itemListElement":[{"@type":"ListItem","position":1,"name":"Portada","item":"https:\/\/impresiondigitalgranformato.es\/"},{"@type":"ListItem","position":2,"name":"Con\u00f3cenos"}]},{"@type":"WebSite","@id":"https:\/\/impresiondigitalgranformato.es\/#website","url":"https:\/\/impresiondigitalgranformato.es\/","name":"Die billigsten","description":"Gro\u00dfformatiger Digitaldruck Verkauf von Roll-ups, Bannern, Flaggen, Fahnen, Planen, Postern, Displays, Anzeigen","publisher":{"@id":"https:\/\/impresiondigitalgranformato.es\/#organization"},"potentialAction":[{"@type":"SearchAction","target":{"@type":"EntryPoint","urlTemplate":"https:\/\/impresiondigitalgranformato.es\/?s={search_term_string}"},"query-input":{"@type":"PropertyValueSpecification","valueRequired":true,"valueName":"search_term_string"}}],"inLanguage":"de"},{"@type":"Organization","@id":"https:\/\/impresiondigitalgranformato.es\/#organization","name":"Die billigsten","url":"https:\/\/impresiondigitalgranformato.es\/","logo":{"@type":"ImageObject","inLanguage":"de","@id":"https:\/\/impresiondigitalgranformato.es\/#\/schema\/logo\/image\/","url":"https:\/\/i0.wp.com\/impresiondigitalgranformato.es\/wp-content\/uploads\/2016\/12\/cropped-logotipo-2-e1483373659766.png?fit=500%2C101&ssl=1","contentUrl":"https:\/\/i0.wp.com\/impresiondigitalgranformato.es\/wp-content\/uploads\/2016\/12\/cropped-logotipo-2-e1483373659766.png?fit=500%2C101&ssl=1","width":500,"height":101,"caption":"Los + baratos"},"image":{"@id":"https:\/\/impresiondigitalgranformato.es\/#\/schema\/logo\/image\/"}}]}},"jetpack_sharing_enabled":true,"_links":{"self":[{"href":"https:\/\/impresiondigitalgranformato.es\/de\/wp-json\/wp\/v2\/pages\/16","targetHints":{"allow":["GET"]}}],"collection":[{"href":"https:\/\/impresiondigitalgranformato.es\/de\/wp-json\/wp\/v2\/pages"}],"about":[{"href":"https:\/\/impresiondigitalgranformato.es\/de\/wp-json\/wp\/v2\/types\/page"}],"author":[{"embeddable":true,"href":"https:\/\/impresiondigitalgranformato.es\/de\/wp-json\/wp\/v2\/users\/1"}],"replies":[{"embeddable":true,"href":"https:\/\/impresiondigitalgranformato.es\/de\/wp-json\/wp\/v2\/comments?post=16"}],"version-history":[{"count":26,"href":"https:\/\/impresiondigitalgranformato.es\/de\/wp-json\/wp\/v2\/pages\/16\/revisions"}],"predecessor-version":[{"id":12837,"href":"https:\/\/impresiondigitalgranformato.es\/de\/wp-json\/wp\/v2\/pages\/16\/revisions\/12837"}],"wp:attachment":[{"href":"https:\/\/impresiondigitalgranformato.es\/de\/wp-json\/wp\/v2\/media?parent=16"}],"curies":[{"name":"wp","href":"https:\/\/api.w.org\/{rel}","templated":true}]}}