{"id":16954,"date":"2024-08-14T19:10:30","date_gmt":"2024-08-14T17:10:30","guid":{"rendered":"https:\/\/impresiondigitalgranformato.es\/?page_id=16954"},"modified":"2024-08-14T19:10:34","modified_gmt":"2024-08-14T17:10:34","slug":"vinilo-para-rotular-cristales-al-acido","status":"publish","type":"page","link":"https:\/\/impresiondigitalgranformato.es\/de\/vinilo-para-rotular-cristales-al-acido\/","title":{"rendered":"Vinilo para rotular cristales al \u00e1cido"},"content":{"rendered":"<p class=\"has-text-align-center has-medium-font-size\"><strong>Vinilo para rotular cristales al \u00e1cido, personalizados con corte o impresi\u00f3n a todo color seg\u00fan el dise\u00f1o que necesite<\/strong><\/p>\n\n\n\n<div class=\"wp-block-columns is-layout-flex wp-container-core-columns-is-layout-9d6595d7 wp-block-columns-is-layout-flex\">\n<div class=\"wp-block-column is-layout-flow wp-block-column-is-layout-flow\"><div class=\"wp-block-image\">\n<figure class=\"aligncenter size-full is-resized\"><a href=\"https:\/\/impresiondigitalgranformato.es\/de\/produkt\/vinilo-acido-para-cristales\/\"><img data-recalc-dims=\"1\" loading=\"lazy\" decoding=\"async\" width=\"640\" height=\"640\" src=\"https:\/\/i0.wp.com\/impresiondigitalgranformato.es\/wp-content\/uploads\/2024\/08\/vinilo-efecto-acido.jpg?resize=640%2C640\" alt=\"vinilo \u00e1cido para cristales\" class=\"wp-image-16887\" style=\"width:315px;height:auto\" srcset=\"https:\/\/i0.wp.com\/impresiondigitalgranformato.es\/wp-content\/uploads\/2024\/08\/vinilo-efecto-acido.jpg?w=986&amp;ssl=1 986w, https:\/\/i0.wp.com\/impresiondigitalgranformato.es\/wp-content\/uploads\/2024\/08\/vinilo-efecto-acido.jpg?resize=600%2C600&amp;ssl=1 600w, https:\/\/i0.wp.com\/impresiondigitalgranformato.es\/wp-content\/uploads\/2024\/08\/vinilo-efecto-acido.jpg?resize=300%2C300&amp;ssl=1 300w, https:\/\/i0.wp.com\/impresiondigitalgranformato.es\/wp-content\/uploads\/2024\/08\/vinilo-efecto-acido.jpg?resize=768%2C768&amp;ssl=1 768w, https:\/\/i0.wp.com\/impresiondigitalgranformato.es\/wp-content\/uploads\/2024\/08\/vinilo-efecto-acido.jpg?resize=500%2C500&amp;ssl=1 500w, https:\/\/i0.wp.com\/impresiondigitalgranformato.es\/wp-content\/uploads\/2024\/08\/vinilo-efecto-acido.jpg?resize=100%2C100&amp;ssl=1 100w\" sizes=\"auto, (max-width: 640px) 100vw, 640px\" \/><\/a><\/figure>\n<\/div>\n\n\n<p class=\"has-text-align-center\">Vinilo efecto \u00e1cido sin personalizar, puede comprar metros lineales o el recuadro de pegatina esmerilada ya a tama\u00f1o<\/p>\n\n\n\n<div class=\"wp-block-buttons is-content-justification-center is-layout-flex wp-container-core-buttons-is-layout-16018d1d wp-block-buttons-is-layout-flex\">\n<div class=\"wp-block-button\"><a class=\"wp-block-button__link has-midnight-gradient-background has-background wp-element-button\" href=\"https:\/\/impresiondigitalgranformato.es\/de\/produkt\/vinilo-acido-para-cristales\/\">Ver vinilo<\/a><\/div>\n<\/div>\n<\/div>\n\n\n\n<div class=\"wp-block-column is-layout-flow wp-block-column-is-layout-flow\"><div class=\"wp-block-image\">\n<figure class=\"aligncenter size-large is-resized\"><a href=\"https:\/\/impresiondigitalgranformato.es\/de\/produkt\/vinilo-para-cristales-personalizado\/\"><img data-recalc-dims=\"1\" loading=\"lazy\" decoding=\"async\" width=\"640\" height=\"640\" src=\"https:\/\/i0.wp.com\/impresiondigitalgranformato.es\/wp-content\/uploads\/2024\/08\/vinilo-efecto-acido-personalizado.jpg?resize=640%2C640\" alt=\"\" class=\"wp-image-16889\" style=\"width:315px\" srcset=\"https:\/\/i0.wp.com\/impresiondigitalgranformato.es\/wp-content\/uploads\/2024\/08\/vinilo-efecto-acido-personalizado.jpg?resize=1200%2C1200&amp;ssl=1 1200w, https:\/\/i0.wp.com\/impresiondigitalgranformato.es\/wp-content\/uploads\/2024\/08\/vinilo-efecto-acido-personalizado.jpg?resize=600%2C600&amp;ssl=1 600w, https:\/\/i0.wp.com\/impresiondigitalgranformato.es\/wp-content\/uploads\/2024\/08\/vinilo-efecto-acido-personalizado.jpg?resize=300%2C300&amp;ssl=1 300w, https:\/\/i0.wp.com\/impresiondigitalgranformato.es\/wp-content\/uploads\/2024\/08\/vinilo-efecto-acido-personalizado.jpg?resize=768%2C768&amp;ssl=1 768w, https:\/\/i0.wp.com\/impresiondigitalgranformato.es\/wp-content\/uploads\/2024\/08\/vinilo-efecto-acido-personalizado.jpg?resize=500%2C500&amp;ssl=1 500w, https:\/\/i0.wp.com\/impresiondigitalgranformato.es\/wp-content\/uploads\/2024\/08\/vinilo-efecto-acido-personalizado.jpg?resize=100%2C100&amp;ssl=1 100w, https:\/\/i0.wp.com\/impresiondigitalgranformato.es\/wp-content\/uploads\/2024\/08\/vinilo-efecto-acido-personalizado.jpg?w=1315&amp;ssl=1 1315w\" sizes=\"auto, (max-width: 640px) 100vw, 640px\" \/><\/a><\/figure>\n<\/div>\n\n\n<p class=\"has-text-align-center\">Vinilo con corte personalizado con efecto \u00e1cido. Rotule sus cristales y escaparates con el dise\u00f1o de su logotipo, textos, cenefas &#8230; mil posibilidades<\/p>\n\n\n\n<div class=\"wp-block-buttons is-content-justification-center is-layout-flex wp-container-core-buttons-is-layout-16018d1d wp-block-buttons-is-layout-flex\">\n<div class=\"wp-block-button\"><a class=\"wp-block-button__link has-midnight-gradient-background has-background wp-element-button\" href=\"https:\/\/impresiondigitalgranformato.es\/de\/produkt\/vinilo-para-cristales-personalizado\/\">ver vinilo<\/a><\/div>\n<\/div>\n<\/div>\n<\/div>","protected":false},"excerpt":{"rendered":"<p>Vinilo para rotular cristales al \u00e1cido, personalizados con corte o impresi\u00f3n a todo color seg\u00fan el dise\u00f1o que necesite Vinilo efecto \u00e1cido sin personalizar, puede comprar metros lineales o el recuadro de pegatina esmerilada ya a tama\u00f1o Vinilo con corte personalizado con efecto \u00e1cido. Rotule sus cristales y escaparates con el dise\u00f1o de su logotipo, [&hellip;]<\/p>\n","protected":false},"author":1,"featured_media":0,"parent":0,"menu_order":0,"comment_status":"closed","ping_status":"closed","template":"","meta":{"footnotes":""},"class_list":["post-16954","page","type-page","status-publish","hentry"],"yoast_head":"<!-- This site is optimized with the Yoast SEO plugin v27.4 - https:\/\/yoast.com\/product\/yoast-seo-wordpress\/ -->\n<title>Vinilo para rotular cristales al \u00e1cido - Los + baratos<\/title>\n<meta name=\"description\" content=\"Vinilo para rotular cristales al \u00e1cido. Vinilo personalizado con corte o impresi\u00f3n con efecto esmerilado. Env\u00edo gratis.\" \/>\n<meta name=\"robots\" content=\"index, follow, max-snippet:-1, max-image-preview:large, max-video-preview:-1\" \/>\n<link rel=\"canonical\" href=\"https:\/\/impresiondigitalgranformato.es\/de\/vinilo-para-rotular-cristales-al-acido\/\" \/>\n<meta property=\"og:locale\" content=\"de_DE\" \/>\n<meta property=\"og:type\" content=\"article\" \/>\n<meta property=\"og:title\" content=\"Vinilo para rotular cristales al \u00e1cido - Los + baratos\" \/>\n<meta property=\"og:description\" content=\"Vinilo para rotular cristales al \u00e1cido. Vinilo personalizado con corte o impresi\u00f3n con efecto esmerilado. Env\u00edo gratis.\" \/>\n<meta property=\"og:url\" content=\"https:\/\/impresiondigitalgranformato.es\/de\/vinilo-para-rotular-cristales-al-acido\/\" \/>\n<meta property=\"og:site_name\" content=\"Los + baratos\" \/>\n<meta property=\"article:modified_time\" content=\"2024-08-14T17:10:34+00:00\" \/>\n<meta property=\"og:image\" content=\"http:\/\/impresiondigitalgranformato.es\/wp-content\/uploads\/2024\/08\/vinilo-efecto-acido.jpg\" \/>\n<meta name=\"twitter:card\" content=\"summary_large_image\" \/>\n<meta name=\"twitter:label1\" content=\"Gesch\u00e4tzte Lesezeit\" \/>\n\t<meta name=\"twitter:data1\" content=\"1\u00a0Minute\" \/>\n<script type=\"application\/ld+json\" class=\"yoast-schema-graph\">{\"@context\":\"https:\\\/\\\/schema.org\",\"@graph\":[{\"@type\":\"WebPage\",\"@id\":\"https:\\\/\\\/impresiondigitalgranformato.es\\\/vinilo-para-rotular-cristales-al-acido\\\/\",\"url\":\"https:\\\/\\\/impresiondigitalgranformato.es\\\/vinilo-para-rotular-cristales-al-acido\\\/\",\"name\":\"Vinilo para rotular cristales al \u00e1cido - Los + baratos\",\"isPartOf\":{\"@id\":\"https:\\\/\\\/impresiondigitalgranformato.es\\\/#website\"},\"primaryImageOfPage\":{\"@id\":\"https:\\\/\\\/impresiondigitalgranformato.es\\\/vinilo-para-rotular-cristales-al-acido\\\/#primaryimage\"},\"image\":{\"@id\":\"https:\\\/\\\/impresiondigitalgranformato.es\\\/vinilo-para-rotular-cristales-al-acido\\\/#primaryimage\"},\"thumbnailUrl\":\"http:\\\/\\\/impresiondigitalgranformato.es\\\/wp-content\\\/uploads\\\/2024\\\/08\\\/vinilo-efecto-acido.jpg\",\"datePublished\":\"2024-08-14T17:10:30+00:00\",\"dateModified\":\"2024-08-14T17:10:34+00:00\",\"description\":\"Vinilo para rotular cristales al \u00e1cido. Vinilo personalizado con corte o impresi\u00f3n con efecto esmerilado. Env\u00edo gratis.\",\"breadcrumb\":{\"@id\":\"https:\\\/\\\/impresiondigitalgranformato.es\\\/vinilo-para-rotular-cristales-al-acido\\\/#breadcrumb\"},\"inLanguage\":\"de\",\"potentialAction\":[{\"@type\":\"ReadAction\",\"target\":[\"https:\\\/\\\/impresiondigitalgranformato.es\\\/vinilo-para-rotular-cristales-al-acido\\\/\"]}]},{\"@type\":\"ImageObject\",\"inLanguage\":\"de\",\"@id\":\"https:\\\/\\\/impresiondigitalgranformato.es\\\/vinilo-para-rotular-cristales-al-acido\\\/#primaryimage\",\"url\":\"http:\\\/\\\/impresiondigitalgranformato.es\\\/wp-content\\\/uploads\\\/2024\\\/08\\\/vinilo-efecto-acido.jpg\",\"contentUrl\":\"http:\\\/\\\/impresiondigitalgranformato.es\\\/wp-content\\\/uploads\\\/2024\\\/08\\\/vinilo-efecto-acido.jpg\"},{\"@type\":\"BreadcrumbList\",\"@id\":\"https:\\\/\\\/impresiondigitalgranformato.es\\\/vinilo-para-rotular-cristales-al-acido\\\/#breadcrumb\",\"itemListElement\":[{\"@type\":\"ListItem\",\"position\":1,\"name\":\"Portada\",\"item\":\"https:\\\/\\\/impresiondigitalgranformato.es\\\/\"},{\"@type\":\"ListItem\",\"position\":2,\"name\":\"Vinilo para rotular cristales al \u00e1cido\"}]},{\"@type\":\"WebSite\",\"@id\":\"https:\\\/\\\/impresiondigitalgranformato.es\\\/#website\",\"url\":\"https:\\\/\\\/impresiondigitalgranformato.es\\\/\",\"name\":\"Los + baratos\",\"description\":\"impresi\u00f3n digital gran formato venta de roll up, banner, banderas, lonas, carteles, displays, publicidad\",\"publisher\":{\"@id\":\"https:\\\/\\\/impresiondigitalgranformato.es\\\/#organization\"},\"potentialAction\":[{\"@type\":\"SearchAction\",\"target\":{\"@type\":\"EntryPoint\",\"urlTemplate\":\"https:\\\/\\\/impresiondigitalgranformato.es\\\/?s={search_term_string}\"},\"query-input\":{\"@type\":\"PropertyValueSpecification\",\"valueRequired\":true,\"valueName\":\"search_term_string\"}}],\"inLanguage\":\"de\"},{\"@type\":\"Organization\",\"@id\":\"https:\\\/\\\/impresiondigitalgranformato.es\\\/#organization\",\"name\":\"Los + baratos\",\"url\":\"https:\\\/\\\/impresiondigitalgranformato.es\\\/\",\"logo\":{\"@type\":\"ImageObject\",\"inLanguage\":\"de\",\"@id\":\"https:\\\/\\\/impresiondigitalgranformato.es\\\/#\\\/schema\\\/logo\\\/image\\\/\",\"url\":\"https:\\\/\\\/i0.wp.com\\\/impresiondigitalgranformato.es\\\/wp-content\\\/uploads\\\/2016\\\/12\\\/cropped-logotipo-2-e1483373659766.png?fit=500%2C101&ssl=1\",\"contentUrl\":\"https:\\\/\\\/i0.wp.com\\\/impresiondigitalgranformato.es\\\/wp-content\\\/uploads\\\/2016\\\/12\\\/cropped-logotipo-2-e1483373659766.png?fit=500%2C101&ssl=1\",\"width\":500,\"height\":101,\"caption\":\"Los + baratos\"},\"image\":{\"@id\":\"https:\\\/\\\/impresiondigitalgranformato.es\\\/#\\\/schema\\\/logo\\\/image\\\/\"}}]}<\/script>\n<!-- \/ Yoast SEO plugin. -->","yoast_head_json":{"title":"Vinilo para rotular cristales al \u00e1cido - Los + baratos","description":"Vinilo para rotular cristales al \u00e1cido. Vinilo personalizado con corte o impresi\u00f3n con efecto esmerilado. Env\u00edo gratis.","robots":{"index":"index","follow":"follow","max-snippet":"max-snippet:-1","max-image-preview":"max-image-preview:large","max-video-preview":"max-video-preview:-1"},"canonical":"https:\/\/impresiondigitalgranformato.es\/de\/vinilo-para-rotular-cristales-al-acido\/","og_locale":"de_DE","og_type":"article","og_title":"Vinilo para rotular cristales al \u00e1cido - Los + baratos","og_description":"Vinilo para rotular cristales al \u00e1cido. Vinilo personalizado con corte o impresi\u00f3n con efecto esmerilado. Env\u00edo gratis.","og_url":"https:\/\/impresiondigitalgranformato.es\/de\/vinilo-para-rotular-cristales-al-acido\/","og_site_name":"Los + baratos","article_modified_time":"2024-08-14T17:10:34+00:00","og_image":[{"url":"http:\/\/impresiondigitalgranformato.es\/wp-content\/uploads\/2024\/08\/vinilo-efecto-acido.jpg","type":"","width":"","height":""}],"twitter_card":"summary_large_image","twitter_misc":{"Gesch\u00e4tzte Lesezeit":"1\u00a0Minute"},"schema":{"@context":"https:\/\/schema.org","@graph":[{"@type":"WebPage","@id":"https:\/\/impresiondigitalgranformato.es\/vinilo-para-rotular-cristales-al-acido\/","url":"https:\/\/impresiondigitalgranformato.es\/vinilo-para-rotular-cristales-al-acido\/","name":"Vinilo para rotular cristales al \u00e1cido - Los + baratos","isPartOf":{"@id":"https:\/\/impresiondigitalgranformato.es\/#website"},"primaryImageOfPage":{"@id":"https:\/\/impresiondigitalgranformato.es\/vinilo-para-rotular-cristales-al-acido\/#primaryimage"},"image":{"@id":"https:\/\/impresiondigitalgranformato.es\/vinilo-para-rotular-cristales-al-acido\/#primaryimage"},"thumbnailUrl":"http:\/\/impresiondigitalgranformato.es\/wp-content\/uploads\/2024\/08\/vinilo-efecto-acido.jpg","datePublished":"2024-08-14T17:10:30+00:00","dateModified":"2024-08-14T17:10:34+00:00","description":"Vinilo para rotular cristales al \u00e1cido. Vinilo personalizado con corte o impresi\u00f3n con efecto esmerilado. Env\u00edo gratis.","breadcrumb":{"@id":"https:\/\/impresiondigitalgranformato.es\/vinilo-para-rotular-cristales-al-acido\/#breadcrumb"},"inLanguage":"de","potentialAction":[{"@type":"ReadAction","target":["https:\/\/impresiondigitalgranformato.es\/vinilo-para-rotular-cristales-al-acido\/"]}]},{"@type":"ImageObject","inLanguage":"de","@id":"https:\/\/impresiondigitalgranformato.es\/vinilo-para-rotular-cristales-al-acido\/#primaryimage","url":"http:\/\/impresiondigitalgranformato.es\/wp-content\/uploads\/2024\/08\/vinilo-efecto-acido.jpg","contentUrl":"http:\/\/impresiondigitalgranformato.es\/wp-content\/uploads\/2024\/08\/vinilo-efecto-acido.jpg"},{"@type":"BreadcrumbList","@id":"https:\/\/impresiondigitalgranformato.es\/vinilo-para-rotular-cristales-al-acido\/#breadcrumb","itemListElement":[{"@type":"ListItem","position":1,"name":"Portada","item":"https:\/\/impresiondigitalgranformato.es\/"},{"@type":"ListItem","position":2,"name":"Vinilo para rotular cristales al \u00e1cido"}]},{"@type":"WebSite","@id":"https:\/\/impresiondigitalgranformato.es\/#website","url":"https:\/\/impresiondigitalgranformato.es\/","name":"Die billigsten","description":"Gro\u00dfformatiger Digitaldruck Verkauf von Roll-ups, Bannern, Flaggen, Fahnen, Planen, Postern, Displays, Anzeigen","publisher":{"@id":"https:\/\/impresiondigitalgranformato.es\/#organization"},"potentialAction":[{"@type":"SearchAction","target":{"@type":"EntryPoint","urlTemplate":"https:\/\/impresiondigitalgranformato.es\/?s={search_term_string}"},"query-input":{"@type":"PropertyValueSpecification","valueRequired":true,"valueName":"search_term_string"}}],"inLanguage":"de"},{"@type":"Organization","@id":"https:\/\/impresiondigitalgranformato.es\/#organization","name":"Die billigsten","url":"https:\/\/impresiondigitalgranformato.es\/","logo":{"@type":"ImageObject","inLanguage":"de","@id":"https:\/\/impresiondigitalgranformato.es\/#\/schema\/logo\/image\/","url":"https:\/\/i0.wp.com\/impresiondigitalgranformato.es\/wp-content\/uploads\/2016\/12\/cropped-logotipo-2-e1483373659766.png?fit=500%2C101&ssl=1","contentUrl":"https:\/\/i0.wp.com\/impresiondigitalgranformato.es\/wp-content\/uploads\/2016\/12\/cropped-logotipo-2-e1483373659766.png?fit=500%2C101&ssl=1","width":500,"height":101,"caption":"Los + baratos"},"image":{"@id":"https:\/\/impresiondigitalgranformato.es\/#\/schema\/logo\/image\/"}}]}},"jetpack_sharing_enabled":true,"_links":{"self":[{"href":"https:\/\/impresiondigitalgranformato.es\/de\/wp-json\/wp\/v2\/pages\/16954","targetHints":{"allow":["GET"]}}],"collection":[{"href":"https:\/\/impresiondigitalgranformato.es\/de\/wp-json\/wp\/v2\/pages"}],"about":[{"href":"https:\/\/impresiondigitalgranformato.es\/de\/wp-json\/wp\/v2\/types\/page"}],"author":[{"embeddable":true,"href":"https:\/\/impresiondigitalgranformato.es\/de\/wp-json\/wp\/v2\/users\/1"}],"replies":[{"embeddable":true,"href":"https:\/\/impresiondigitalgranformato.es\/de\/wp-json\/wp\/v2\/comments?post=16954"}],"version-history":[{"count":3,"href":"https:\/\/impresiondigitalgranformato.es\/de\/wp-json\/wp\/v2\/pages\/16954\/revisions"}],"predecessor-version":[{"id":16957,"href":"https:\/\/impresiondigitalgranformato.es\/de\/wp-json\/wp\/v2\/pages\/16954\/revisions\/16957"}],"wp:attachment":[{"href":"https:\/\/impresiondigitalgranformato.es\/de\/wp-json\/wp\/v2\/media?parent=16954"}],"curies":[{"name":"wp","href":"https:\/\/api.w.org\/{rel}","templated":true}]}}