{"id":656,"date":"2017-01-26T13:30:54","date_gmt":"2017-01-26T12:30:54","guid":{"rendered":"http:\/\/impresiondigitalgranformato.es\/wordpress\/?page_id=656"},"modified":"2019-08-08T10:03:09","modified_gmt":"2019-08-08T08:03:09","slug":"como-comprar","status":"publish","type":"page","link":"https:\/\/impresiondigitalgranformato.es\/de\/como-comprar\/","title":{"rendered":"wie-zu-kaufen"},"content":{"rendered":"<div class=\"pbs-row\" style=\"min-height: 247px; margin-bottom: 40px;\">\n<div class=\"pbs-col\" style=\"flex-basis: 50%;\">\n<p><img data-recalc-dims=\"1\" loading=\"lazy\" decoding=\"async\" class=\"aligncenter size-medium wp-image-800\" src=\"https:\/\/i0.wp.com\/impresiondigitalgranformato.es\/wp-content\/uploads\/2017\/01\/logotipo_rotulaciones-300x131.png?resize=300%2C131&#038;ssl=1\" alt=\"logotipo impresiondigitalgranformato\" width=\"300\" height=\"131\" srcset=\"https:\/\/i0.wp.com\/impresiondigitalgranformato.es\/wp-content\/uploads\/2017\/01\/logotipo_rotulaciones.png?resize=300%2C131&amp;ssl=1 300w, https:\/\/i0.wp.com\/impresiondigitalgranformato.es\/wp-content\/uploads\/2017\/01\/logotipo_rotulaciones.png?resize=450%2C196&amp;ssl=1 450w, https:\/\/i0.wp.com\/impresiondigitalgranformato.es\/wp-content\/uploads\/2017\/01\/logotipo_rotulaciones.png?resize=100%2C44&amp;ssl=1 100w, https:\/\/i0.wp.com\/impresiondigitalgranformato.es\/wp-content\/uploads\/2017\/01\/logotipo_rotulaciones.png?resize=150%2C65&amp;ssl=1 150w, https:\/\/i0.wp.com\/impresiondigitalgranformato.es\/wp-content\/uploads\/2017\/01\/logotipo_rotulaciones.png?resize=200%2C87&amp;ssl=1 200w, https:\/\/i0.wp.com\/impresiondigitalgranformato.es\/wp-content\/uploads\/2017\/01\/logotipo_rotulaciones.png?w=580&amp;ssl=1 580w\" sizes=\"auto, (max-width: 300px) 100vw, 300px\" \/><\/p>\n<p><img data-recalc-dims=\"1\" loading=\"lazy\" decoding=\"async\" class=\"aligncenter size-medium wp-image-15\" style=\"margin-top: 25px;\" src=\"https:\/\/i0.wp.com\/impresiondigitalgranformato.es\/wp-content\/uploads\/2016\/12\/logotipo-2-300x61.png?resize=300%2C61&#038;ssl=1\" alt=\"impresion digital los mas baratos\" width=\"300\" height=\"61\" \/><\/p>\n<\/div>\n<div class=\"pbs-col\" style=\"flex-basis: 50%;\">\n<h4><span style=\"font-weight: normal;\">Bitte beachten Sie zun\u00e4chst, dass Sie uns w\u00e4hrend Ihres Einkaufs oder beim Betrachten der Website jederzeit wie folgt kontaktieren k\u00f6nnen:<\/span><\/h4>\n<h4 style=\"text-align: left;\"><span style=\"font-weight: bold; color: #0e1252;\">Telefon:<\/span>+34 925 761 762 oder +34 605 265 602 (t\u00e4glich)<\/h4>\n<h4><span style=\"font-weight: bold; color: #0d9a41;\">Wasap<\/span>+34 605 265 602 (Roberto)<\/h4>\n<h4><span style=\"font-weight: bold; color: #3a484a;\">ch\u00e1t:<\/span><span style=\"font-weight: bold;\">\u00a0<\/span><span style=\"font-weight: normal;\">live<\/span><\/h4>\n<h4><span style=\"font-weight: bold;\">E-Mail:<\/span> <span style=\"font-weight: normal;\">comercial@impresiondigitalgranformato.es<\/span><\/h4>\n<\/div>\n<\/div>\n<div class=\"pbs-row\" style=\"min-height: 200px;\">\n<div class=\"pbs-col\" style=\"justify-content: center;\">\n<h3>Bestellungen:<\/h3>\n<p><span style=\"font-weight: bold;\">Alle Bestellungen werden \u00fcber den Online-Shop aufgegeben.<\/span><\/p>\n<p><span style=\"font-weight: bold;\">1<\/span>.- Sehen Sie sich das Produkt an, das Sie interessiert.<\/p>\n<p style=\"margin-bottom: 10px;\"><b>2<\/b>.- Geben Sie die gew\u00fcnschte Artikelmenge an.<\/p>\n<p><b>3<\/b>.- Klicken Sie auf \u201eJetzt kaufen\u201c<\/p>\n<p><b>4<\/b>- Wenn Sie mit dem Hinzuf\u00fcgen von Artikeln zu Ihrem Einkaufswagen fertig sind, \u00f6ffnen Sie den Einkaufswagen (obere rechte Ecke oder untere linke Ecke).<\/p>\n<p><strong>5<\/strong>.- Klicken Sie auf \u00bb KAUF ABSCHLIESSEN \u00bb Folgen Sie den angegebenen Schritten, um das Formular f\u00fcr die Rechnung und den Versand des Materials zu erstellen.<\/p>\n<p><strong>6<\/strong>.- W\u00e4hlen Sie die Zahlungsmethode (Karte oder Bank\u00fcberweisung) und klicken Sie auf \"BESTELLUNG AUFGEBEN\"<\/p>\n<p style=\"margin-bottom: 31px;\">**Beim Kauf k\u00f6nnen Sie im Feld angeben, was Sie m\u00f6chten <span style=\"font-weight: bold;\">\u201eOrdnungsbeobachtungen\u201c<\/span><\/p>\n<p style=\"margin-bottom: 31px;\"><strong>7<\/strong>.- <strong>(nur bei Bestellungen, bei denen der Kunde das Design zum Drucken einsendet)<\/strong> Schlie\u00dfen Sie den Kauf ab und senden Sie die Druckdateien zusammen mit der Bestellnummer, die Sie erhalten, an die folgende E-Mail-Adresse: comercial@impresiondigitalgranformato.es<\/p>\n<p>** <strong>Wir pr\u00fcfen alle Entw\u00fcrfe auf Gr\u00f6\u00dfe und Qualit\u00e4t. Wir teilen Ihnen mit, ob es f\u00fcr den Druck geeignet ist oder ob es unserer Meinung nach ge\u00e4ndert werden sollte.<\/strong><\/p>\n<\/div>\n<\/div>\n<div class=\"pbs-row\" style=\"min-height: 200px;\">\n<div class=\"pbs-col\" style=\"justify-content: center;\">\n<p><span style=\"font-weight: bold;\">Auftr\u00e4ge mit Grafikerstellung bzw. Reinzeichnung.<\/span><\/p>\n<p>F\u00fcr die Erstellung der Reinzeichnung ben\u00f6tigen wir von Ihnen folgende Angaben per E-Mail: <span style=\"font-weight: bold;\">comercial@impresiondigitalgranformato.es<\/span><\/p>\n<p>-Bestellnummer (Sie erhalten diese per E-Mail, sobald der Kauf abgeschlossen ist)<\/p>\n<p>- Logo und\/oder Bilder, die erscheinen sollen.<\/p>\n<p>- Einzuf\u00fcgende Texte<\/p>\n<p>- Eine kurze Beschreibung der gew\u00fcnschten Gestaltung mit m\u00f6glichst vielen Informationen (Position der Bilder, Farben, Schriftarten usw.).<\/p>\n<p>Wir senden Ihnen die Anpassung zur Freigabe zu, bevor wir mit der Produktion beginnen.<\/p>\n<p style=\"margin-top: 17px;\"><span style=\"font-weight: bold;\">Preise und Zahlungsarten:<\/span><\/p>\n<p>Alle Preise auf der Website beinhalten Folgendes: <span style=\"font-weight: bold;\">Strukturen und Druck<\/span>Hinzu kommen ggf. Mehrwertsteuer und Versandkosten.<\/p>\n<p style=\"margin-bottom: 27px;\">Os pagamentos ser\u00e3o efetuados no momento da encomenda por transfer\u00eancia banc\u00e1ria ou cart\u00e3o de cr\u00e9dito. (Pode escolher esta op\u00e7\u00e3o ao efetuar a sua compra.)<\/p>\n<p><span style=\"font-weight: bold;\">Endg\u00fcltige Grafiken oder zu druckende Dateien<\/span><\/p>\n<p>ALLE ARTIKEL HABEN EINE MONTAGEVORLAGE, DIE SIE HERUNTERLADEN K\u00d6NNEN.<\/p>\n<p>G\u00fcltige Formate f\u00fcr den Druck sind JPG, TIFF oder PDF, und sie m\u00fcssen immer die Gr\u00f6\u00dfe des gew\u00e4hlten Artikels haben.<\/p>\n<p>(wenn Sie z.B. ein Roll-Up von 85 x 200 cm w\u00e4hlen, muss das zu druckende Bild 85 x 200 cm gro\u00df sein).<\/p>\n<p style=\"margin-bottom: 22px;\"><span style=\"font-weight: bold;\">Wir pr\u00fcfen alle Designs auf Gr\u00f6\u00dfe und Qualit\u00e4t und benachrichtigen Sie, wenn wir Probleme feststellen.<\/span><\/p>\n<p><span style=\"font-weight: bold;\">Versand- und Lieferzeit:<\/span><\/p>\n<p>Los env\u00edos est\u00e1n pagados a partir de 250\u20ac de compra (sin incluir IVA) en pen\u00ednsula de no llegar a esta cantidad el coste variar\u00eda entre 9 y 21\u20ac + IVA.<\/p>\n<p>El plazo de entrega pude elegirlo entre 4 y 2 d\u00edas o incluso en 24 horas en destino<span style=\"color: #9c161f;\">*<\/span> (pen\u00ednsula) una vez confirmado arte final y pago de la mercanc\u00eda.<\/p>\n<p><span style=\"color: #9c161f;\">*Siempre que se realice antes de las 12 de la ma\u00f1ana del d\u00eda en curso<\/span><\/p>\n<p><strong>VERK\u00c4UFE:<\/strong><\/p>\n<p>Puede realizar su compra\u00a0directamente ON-LINE (Excluidos ciertos servicios) o a trav\u00e9s de nuestro e-mail indicado en el apartado de CONTACTO. Para ello deber\u00e1 indicar las referencias, medidas, etc. de los productos que desee contratar. Posteriormente recibir\u00e1 un presupuesto con dichos productos para que pueda realizar el pago de los mismos.<br \/>\nSolamente se admiten pedidos mediante forma de pago por transferencia bancaria anticipada o a trav\u00e9s de TPV- VIRTUAL instalado en la tienda on-line. Dicho pedido no pasar\u00e1 a producci\u00f3n hasta que ROTULACIONES, SERIGRAFIAS Y MONTAJES PACHECO, S.L. tenga constancia de que el pago ha sido realizado.<br \/>\nLos precios est\u00e1n sujetos a cambios, sin previo aviso.<\/p>\n<p><strong>CANCELACI\u00d3N:<\/strong><br \/>\nVollst\u00e4ndige Stornierungen von Bestellungen sind nur zul\u00e4ssig, wenn das Produkt noch nicht in Produktion ist. Befindet es sich bereits in der Produktion, tr\u00e4gt der Kunde die Kosten f\u00fcr das Produkt. Dieser Betrag wird von der Gesamtr\u00fcckerstattung abgezogen, die wir dem Kunden schulden.<\/p>\n<p><strong>ZUR\u00dcCKKEHREN:<\/strong><br \/>\nProduktr\u00fccksendungen werden nur innerhalb von 24 Stunden nach Erhalt der Bestellung akzeptiert, sofern sie auf Herstellungsfehler und nicht auf unsachgem\u00e4\u00dfe Verwendung zur\u00fcckzuf\u00fchren sind.<br \/>\nWenn Sie weitere Informationen zu einem unserer Produkte oder eine vorherige Beratung w\u00fcnschen, z\u00f6gern Sie bitte nicht, uns zu kontaktieren.<\/p>\n<p><strong>ROTULACIONES, SERIGRAFIAS Y MONTAJES PACHECO, S.L.<\/strong><\/p>\n<p>B-45808052<\/p>\n<p><strong>C\/ Eras de San Francisco, 1 local 3<\/strong><\/p>\n<p><strong>45500 Torrijos (Toledo<\/strong><\/p>\n<p><strong>comercial@impresiondigitalgranforamto.es<\/strong><\/p>\n<\/div>\n<\/div>\n<h2 style=\"text-align: center; margin-bottom: 4px;\"><span style=\"font-weight: bold; color: #048f6c;\">Volver a<\/span><\/h2>\n<p><a href=\"https:\/\/impresiondigitalgranformato.es\/de\/productosimpresiondigital\/\" xlink=\"href\"> <img data-recalc-dims=\"1\" loading=\"lazy\" decoding=\"async\" class=\"aligncenter wp-image-272 size-medium\" src=\"https:\/\/i0.wp.com\/impresiondigitalgranformato.es\/wp-content\/uploads\/2017\/01\/ICONO-VER-PRODUCTOS-300x66.png?resize=300%2C66&#038;ssl=1\" alt=\"productos impresion de gran foramto\" width=\"300\" height=\"66\" srcset=\"https:\/\/i0.wp.com\/impresiondigitalgranformato.es\/wp-content\/uploads\/2017\/01\/ICONO-VER-PRODUCTOS.png?resize=300%2C66&amp;ssl=1 300w, https:\/\/i0.wp.com\/impresiondigitalgranformato.es\/wp-content\/uploads\/2017\/01\/ICONO-VER-PRODUCTOS.png?resize=450%2C99&amp;ssl=1 450w, https:\/\/i0.wp.com\/impresiondigitalgranformato.es\/wp-content\/uploads\/2017\/01\/ICONO-VER-PRODUCTOS.png?resize=100%2C22&amp;ssl=1 100w, https:\/\/i0.wp.com\/impresiondigitalgranformato.es\/wp-content\/uploads\/2017\/01\/ICONO-VER-PRODUCTOS.png?resize=150%2C33&amp;ssl=1 150w, https:\/\/i0.wp.com\/impresiondigitalgranformato.es\/wp-content\/uploads\/2017\/01\/ICONO-VER-PRODUCTOS.png?resize=200%2C44&amp;ssl=1 200w, https:\/\/i0.wp.com\/impresiondigitalgranformato.es\/wp-content\/uploads\/2017\/01\/ICONO-VER-PRODUCTOS.png?resize=600%2C132&amp;ssl=1 600w, https:\/\/i0.wp.com\/impresiondigitalgranformato.es\/wp-content\/uploads\/2017\/01\/ICONO-VER-PRODUCTOS.png?w=601&amp;ssl=1 601w\" sizes=\"auto, (max-width: 300px) 100vw, 300px\" \/> <\/a><\/p>","protected":false},"excerpt":{"rendered":"<p>En primer lugar indicar que en cualquier momento de la compra o visualizaci\u00f3n en la web puede ponerse en contacto con nosotros a trav\u00e9s de: Tel\u00e9fono: 925 761 762 o al 605 265 602 (todos los d\u00edas) Wasap: 605 265 602 (Roberto) ch\u00e1t:\u00a0en vivo e-mail: comercial@impresiondigitalgranformato.es Pedidos: Todos los pedidos se realizan a trav\u00e9s de [&hellip;]<\/p>\n","protected":false},"author":1,"featured_media":0,"parent":0,"menu_order":0,"comment_status":"closed","ping_status":"closed","template":"","meta":{"footnotes":""},"class_list":["post-656","page","type-page","status-publish","hentry"],"yoast_head":"<!-- This site is optimized with the Yoast SEO plugin v27.4 - https:\/\/yoast.com\/product\/yoast-seo-wordpress\/ -->\n<title>como-comprar - Los + baratos<\/title>\n<meta name=\"robots\" content=\"index, follow, max-snippet:-1, max-image-preview:large, max-video-preview:-1\" \/>\n<link rel=\"canonical\" href=\"https:\/\/impresiondigitalgranformato.es\/de\/como-comprar\/\" \/>\n<meta property=\"og:locale\" content=\"de_DE\" \/>\n<meta property=\"og:type\" content=\"article\" \/>\n<meta property=\"og:title\" content=\"como-comprar - Los + baratos\" \/>\n<meta property=\"og:description\" content=\"En primer lugar indicar que en cualquier momento de la compra o visualizaci\u00f3n en la web puede ponerse en contacto con nosotros a trav\u00e9s de: Tel\u00e9fono: 925 761 762 o al 605 265 602 (todos los d\u00edas) Wasap: 605 265 602 (Roberto) ch\u00e1t:\u00a0en vivo e-mail: comercial@impresiondigitalgranformato.es Pedidos: Todos los pedidos se realizan a trav\u00e9s de [&hellip;]\" \/>\n<meta property=\"og:url\" content=\"https:\/\/impresiondigitalgranformato.es\/de\/como-comprar\/\" \/>\n<meta property=\"og:site_name\" content=\"Los + baratos\" \/>\n<meta property=\"article:modified_time\" content=\"2019-08-08T08:03:09+00:00\" \/>\n<meta property=\"og:image\" content=\"https:\/\/impresiondigitalgranformato.es\/wp-content\/uploads\/2017\/01\/logotipo_rotulaciones-300x131.png\" \/>\n<meta name=\"twitter:card\" content=\"summary_large_image\" \/>\n<meta name=\"twitter:label1\" content=\"Gesch\u00e4tzte Lesezeit\" \/>\n\t<meta name=\"twitter:data1\" content=\"4\u00a0Minuten\" \/>\n<script type=\"application\/ld+json\" class=\"yoast-schema-graph\">{\"@context\":\"https:\\\/\\\/schema.org\",\"@graph\":[{\"@type\":\"WebPage\",\"@id\":\"https:\\\/\\\/impresiondigitalgranformato.es\\\/como-comprar\\\/\",\"url\":\"https:\\\/\\\/impresiondigitalgranformato.es\\\/como-comprar\\\/\",\"name\":\"como-comprar - Los + baratos\",\"isPartOf\":{\"@id\":\"https:\\\/\\\/impresiondigitalgranformato.es\\\/#website\"},\"primaryImageOfPage\":{\"@id\":\"https:\\\/\\\/impresiondigitalgranformato.es\\\/como-comprar\\\/#primaryimage\"},\"image\":{\"@id\":\"https:\\\/\\\/impresiondigitalgranformato.es\\\/como-comprar\\\/#primaryimage\"},\"thumbnailUrl\":\"https:\\\/\\\/impresiondigitalgranformato.es\\\/wp-content\\\/uploads\\\/2017\\\/01\\\/logotipo_rotulaciones-300x131.png\",\"datePublished\":\"2017-01-26T12:30:54+00:00\",\"dateModified\":\"2019-08-08T08:03:09+00:00\",\"breadcrumb\":{\"@id\":\"https:\\\/\\\/impresiondigitalgranformato.es\\\/como-comprar\\\/#breadcrumb\"},\"inLanguage\":\"de\",\"potentialAction\":[{\"@type\":\"ReadAction\",\"target\":[\"https:\\\/\\\/impresiondigitalgranformato.es\\\/como-comprar\\\/\"]}]},{\"@type\":\"ImageObject\",\"inLanguage\":\"de\",\"@id\":\"https:\\\/\\\/impresiondigitalgranformato.es\\\/como-comprar\\\/#primaryimage\",\"url\":\"https:\\\/\\\/impresiondigitalgranformato.es\\\/wp-content\\\/uploads\\\/2017\\\/01\\\/logotipo_rotulaciones-300x131.png\",\"contentUrl\":\"https:\\\/\\\/impresiondigitalgranformato.es\\\/wp-content\\\/uploads\\\/2017\\\/01\\\/logotipo_rotulaciones-300x131.png\"},{\"@type\":\"BreadcrumbList\",\"@id\":\"https:\\\/\\\/impresiondigitalgranformato.es\\\/como-comprar\\\/#breadcrumb\",\"itemListElement\":[{\"@type\":\"ListItem\",\"position\":1,\"name\":\"Portada\",\"item\":\"https:\\\/\\\/impresiondigitalgranformato.es\\\/\"},{\"@type\":\"ListItem\",\"position\":2,\"name\":\"como-comprar\"}]},{\"@type\":\"WebSite\",\"@id\":\"https:\\\/\\\/impresiondigitalgranformato.es\\\/#website\",\"url\":\"https:\\\/\\\/impresiondigitalgranformato.es\\\/\",\"name\":\"Los + baratos\",\"description\":\"impresi\u00f3n digital gran formato venta de roll up, banner, banderas, lonas, carteles, displays, publicidad\",\"publisher\":{\"@id\":\"https:\\\/\\\/impresiondigitalgranformato.es\\\/#organization\"},\"potentialAction\":[{\"@type\":\"SearchAction\",\"target\":{\"@type\":\"EntryPoint\",\"urlTemplate\":\"https:\\\/\\\/impresiondigitalgranformato.es\\\/?s={search_term_string}\"},\"query-input\":{\"@type\":\"PropertyValueSpecification\",\"valueRequired\":true,\"valueName\":\"search_term_string\"}}],\"inLanguage\":\"de\"},{\"@type\":\"Organization\",\"@id\":\"https:\\\/\\\/impresiondigitalgranformato.es\\\/#organization\",\"name\":\"Los + baratos\",\"url\":\"https:\\\/\\\/impresiondigitalgranformato.es\\\/\",\"logo\":{\"@type\":\"ImageObject\",\"inLanguage\":\"de\",\"@id\":\"https:\\\/\\\/impresiondigitalgranformato.es\\\/#\\\/schema\\\/logo\\\/image\\\/\",\"url\":\"https:\\\/\\\/i0.wp.com\\\/impresiondigitalgranformato.es\\\/wp-content\\\/uploads\\\/2016\\\/12\\\/cropped-logotipo-2-e1483373659766.png?fit=500%2C101&ssl=1\",\"contentUrl\":\"https:\\\/\\\/i0.wp.com\\\/impresiondigitalgranformato.es\\\/wp-content\\\/uploads\\\/2016\\\/12\\\/cropped-logotipo-2-e1483373659766.png?fit=500%2C101&ssl=1\",\"width\":500,\"height\":101,\"caption\":\"Los + baratos\"},\"image\":{\"@id\":\"https:\\\/\\\/impresiondigitalgranformato.es\\\/#\\\/schema\\\/logo\\\/image\\\/\"}}]}<\/script>\n<!-- \/ Yoast SEO plugin. -->","yoast_head_json":{"title":"como-comprar - Los + baratos","robots":{"index":"index","follow":"follow","max-snippet":"max-snippet:-1","max-image-preview":"max-image-preview:large","max-video-preview":"max-video-preview:-1"},"canonical":"https:\/\/impresiondigitalgranformato.es\/de\/como-comprar\/","og_locale":"de_DE","og_type":"article","og_title":"como-comprar - Los + baratos","og_description":"En primer lugar indicar que en cualquier momento de la compra o visualizaci\u00f3n en la web puede ponerse en contacto con nosotros a trav\u00e9s de: Tel\u00e9fono: 925 761 762 o al 605 265 602 (todos los d\u00edas) Wasap: 605 265 602 (Roberto) ch\u00e1t:\u00a0en vivo e-mail: comercial@impresiondigitalgranformato.es Pedidos: Todos los pedidos se realizan a trav\u00e9s de [&hellip;]","og_url":"https:\/\/impresiondigitalgranformato.es\/de\/como-comprar\/","og_site_name":"Los + baratos","article_modified_time":"2019-08-08T08:03:09+00:00","og_image":[{"url":"https:\/\/impresiondigitalgranformato.es\/wp-content\/uploads\/2017\/01\/logotipo_rotulaciones-300x131.png","type":"","width":"","height":""}],"twitter_card":"summary_large_image","twitter_misc":{"Gesch\u00e4tzte Lesezeit":"4\u00a0Minuten"},"schema":{"@context":"https:\/\/schema.org","@graph":[{"@type":"WebPage","@id":"https:\/\/impresiondigitalgranformato.es\/como-comprar\/","url":"https:\/\/impresiondigitalgranformato.es\/como-comprar\/","name":"como-comprar - Los + baratos","isPartOf":{"@id":"https:\/\/impresiondigitalgranformato.es\/#website"},"primaryImageOfPage":{"@id":"https:\/\/impresiondigitalgranformato.es\/como-comprar\/#primaryimage"},"image":{"@id":"https:\/\/impresiondigitalgranformato.es\/como-comprar\/#primaryimage"},"thumbnailUrl":"https:\/\/impresiondigitalgranformato.es\/wp-content\/uploads\/2017\/01\/logotipo_rotulaciones-300x131.png","datePublished":"2017-01-26T12:30:54+00:00","dateModified":"2019-08-08T08:03:09+00:00","breadcrumb":{"@id":"https:\/\/impresiondigitalgranformato.es\/como-comprar\/#breadcrumb"},"inLanguage":"de","potentialAction":[{"@type":"ReadAction","target":["https:\/\/impresiondigitalgranformato.es\/como-comprar\/"]}]},{"@type":"ImageObject","inLanguage":"de","@id":"https:\/\/impresiondigitalgranformato.es\/como-comprar\/#primaryimage","url":"https:\/\/impresiondigitalgranformato.es\/wp-content\/uploads\/2017\/01\/logotipo_rotulaciones-300x131.png","contentUrl":"https:\/\/impresiondigitalgranformato.es\/wp-content\/uploads\/2017\/01\/logotipo_rotulaciones-300x131.png"},{"@type":"BreadcrumbList","@id":"https:\/\/impresiondigitalgranformato.es\/como-comprar\/#breadcrumb","itemListElement":[{"@type":"ListItem","position":1,"name":"Portada","item":"https:\/\/impresiondigitalgranformato.es\/"},{"@type":"ListItem","position":2,"name":"como-comprar"}]},{"@type":"WebSite","@id":"https:\/\/impresiondigitalgranformato.es\/#website","url":"https:\/\/impresiondigitalgranformato.es\/","name":"Die billigsten","description":"Gro\u00dfformatiger Digitaldruck Verkauf von Roll-ups, Bannern, Flaggen, Fahnen, Planen, Postern, Displays, Anzeigen","publisher":{"@id":"https:\/\/impresiondigitalgranformato.es\/#organization"},"potentialAction":[{"@type":"SearchAction","target":{"@type":"EntryPoint","urlTemplate":"https:\/\/impresiondigitalgranformato.es\/?s={search_term_string}"},"query-input":{"@type":"PropertyValueSpecification","valueRequired":true,"valueName":"search_term_string"}}],"inLanguage":"de"},{"@type":"Organization","@id":"https:\/\/impresiondigitalgranformato.es\/#organization","name":"Die billigsten","url":"https:\/\/impresiondigitalgranformato.es\/","logo":{"@type":"ImageObject","inLanguage":"de","@id":"https:\/\/impresiondigitalgranformato.es\/#\/schema\/logo\/image\/","url":"https:\/\/i0.wp.com\/impresiondigitalgranformato.es\/wp-content\/uploads\/2016\/12\/cropped-logotipo-2-e1483373659766.png?fit=500%2C101&ssl=1","contentUrl":"https:\/\/i0.wp.com\/impresiondigitalgranformato.es\/wp-content\/uploads\/2016\/12\/cropped-logotipo-2-e1483373659766.png?fit=500%2C101&ssl=1","width":500,"height":101,"caption":"Los + baratos"},"image":{"@id":"https:\/\/impresiondigitalgranformato.es\/#\/schema\/logo\/image\/"}}]}},"jetpack_sharing_enabled":true,"_links":{"self":[{"href":"https:\/\/impresiondigitalgranformato.es\/de\/wp-json\/wp\/v2\/pages\/656","targetHints":{"allow":["GET"]}}],"collection":[{"href":"https:\/\/impresiondigitalgranformato.es\/de\/wp-json\/wp\/v2\/pages"}],"about":[{"href":"https:\/\/impresiondigitalgranformato.es\/de\/wp-json\/wp\/v2\/types\/page"}],"author":[{"embeddable":true,"href":"https:\/\/impresiondigitalgranformato.es\/de\/wp-json\/wp\/v2\/users\/1"}],"replies":[{"embeddable":true,"href":"https:\/\/impresiondigitalgranformato.es\/de\/wp-json\/wp\/v2\/comments?post=656"}],"version-history":[{"count":13,"href":"https:\/\/impresiondigitalgranformato.es\/de\/wp-json\/wp\/v2\/pages\/656\/revisions"}],"predecessor-version":[{"id":5379,"href":"https:\/\/impresiondigitalgranformato.es\/de\/wp-json\/wp\/v2\/pages\/656\/revisions\/5379"}],"wp:attachment":[{"href":"https:\/\/impresiondigitalgranformato.es\/de\/wp-json\/wp\/v2\/media?parent=656"}],"curies":[{"name":"wp","href":"https:\/\/api.w.org\/{rel}","templated":true}]}}