{"id":811,"date":"2017-01-30T19:12:32","date_gmt":"2017-01-30T18:12:32","guid":{"rendered":"http:\/\/impresiondigitalgranformato.es\/?page_id=811"},"modified":"2017-09-23T10:20:07","modified_gmt":"2017-09-23T08:20:07","slug":"preparacion-de-disenos","status":"publish","type":"page","link":"https:\/\/impresiondigitalgranformato.es\/de\/preparacion-de-disenos\/","title":{"rendered":"Erstellung von Entw\u00fcrfen"},"content":{"rendered":"<div class=\"pbs-row\" style=\"min-height: 706px;\">\n<div class=\"pbs-col\" style=\"flex-basis: 59.924%;\">\n<h4><span style=\"font-weight: bold;\">Preparaci\u00f3n de artes finales o archivos a imprimir<\/span><\/h4>\n<p>G\u00fcltige Formate f\u00fcr den Druck sind JPG, TIFF oder PDF, und sie m\u00fcssen immer die Gr\u00f6\u00dfe des gew\u00e4hlten Artikels haben.<\/p>\n<p>(wenn Sie z.B. ein Roll-Up von 85 x 200 cm w\u00e4hlen, muss das zu druckende Bild 85 x 200 cm gro\u00df sein).<\/p>\n<p>Es wird empfohlen, dass die Aufl\u00f6sung mindestens 125 p.p.p. betr\u00e4gt.<\/p>\n<p>F\u00fcr den Druck sind sowohl CMYK- als auch RGB-Farbmodi g\u00fcltig, wir empfehlen jedoch immer letzteren, da die Farben im Druck intensiver sind.<\/p>\n<p><span style=\"font-weight: bold;\">Wir pr\u00fcfen alle Designs auf Gr\u00f6\u00dfe und Qualit\u00e4t und benachrichtigen Sie, wenn wir Probleme feststellen.<\/span><\/p>\n<p><span style=\"color: #ff0000;\">** F\u00fcr alle Artikel gibt es eine Montagevorlage, die Sie bei Bedarf herunterladen k\u00f6nnen.<\/span><\/p>\n<ul>\n<li>Cuando nos envien los archivos al e-mail comercial@impresiondigitalgranformato.es indiquenos el numero de pedido.<\/li>\n<li><span>Si utiliza una de nuestras plantillas indiquenos el numero de plantilla y los cambios que permita dicha plantilla. En el cuadro NOTAS DEL PEDIDO al finalizar la compra.<\/span><\/li>\n<\/ul>\n<\/div>\n<p>&nbsp;<\/p>\n<p>&nbsp;<\/p>\n<div class=\"pbs-col\" style=\"flex-basis: 59.924%;\">\n<h4><span style=\"color: #0a3689;\">Es ist auch m\u00f6glich, dass wir sie f\u00fcr Sie vorbereiten.<\/span><\/h4>\n<p>F\u00fcr die Erstellung der Reinzeichnung ben\u00f6tigen wir von Ihnen die folgenden Angaben per E-Mail: <span style=\"font-weight: bold;\">comercial@impresiondigitalgranformato.es<\/span><\/p>\n<p>- Logo und\/oder Bilder, die erscheinen sollen.<\/p>\n<p>- Einzuf\u00fcgende Texte<\/p>\n<p>- Eine kurze Beschreibung der gew\u00fcnschten Gestaltung mit m\u00f6glichst vielen Informationen (Position der Bilder, Farben, Schriftarten usw.).<\/p>\n<p>Wir m\u00fcssen auch die Menge und das\/die Modell(e) kennen, die Sie ben\u00f6tigen.<\/p>\n<p style=\"margin-bottom: 31px;\">Wir werden Ihnen einen Kostenvoranschlag zur Genehmigung der Kosten f\u00fcr die Anpassung zusenden (normalerweise liegt die Anpassung zwischen 15 und 35 \u20ac + MwSt., je nach Schwierigkeitsgrad).<\/p>\n<p><span style=\"font-weight: bold;\">Zu jeder Zeit des Kaufs oder der Betrachtung auf dem Web k\u00f6nnen Sie uns kontaktieren, um alle Fragen durch:<\/span><\/p>\n<p><span style=\"font-weight: bold;\">Telefon:<\/span> +34 925 761 762 oder +34 605 265 602 (t\u00e4glich)<\/p>\n<p><span style=\"font-weight: bold;\">Wasap:<\/span> +34 605 265 602 (Roberto)<\/p>\n<p><span style=\"font-weight: bold;\">ch\u00e1t:<\/span> live<\/p>\n<p><span style=\"font-weight: bold;\">E-Mail:<\/span> comercial@impresiondigitalgranformato.es<\/p>\n<h3 style=\"text-align: center;\"><span style=\"font-weight: bold; color: #05ad83;\">Volver a<\/span><\/h3>\n<p><a href=\"https:\/\/impresiondigitalgranformato.es\/de\/productosimpresiondigital\/\" xlink=\"href\"><img data-recalc-dims=\"1\" loading=\"lazy\" decoding=\"async\" class=\"aligncenter wp-image-272 size-medium\" style=\"height: auto; width: 212px;\" src=\"https:\/\/i0.wp.com\/impresiondigitalgranformato.es\/wp-content\/uploads\/2017\/01\/ICONO-VER-PRODUCTOS-300x66.png?resize=300%2C66&#038;ssl=1\" alt=\"productos impresion de gran foramto\" width=\"300\" height=\"66\" srcset=\"https:\/\/i0.wp.com\/impresiondigitalgranformato.es\/wp-content\/uploads\/2017\/01\/ICONO-VER-PRODUCTOS.png?resize=300%2C66&amp;ssl=1 300w, https:\/\/i0.wp.com\/impresiondigitalgranformato.es\/wp-content\/uploads\/2017\/01\/ICONO-VER-PRODUCTOS.png?resize=450%2C99&amp;ssl=1 450w, https:\/\/i0.wp.com\/impresiondigitalgranformato.es\/wp-content\/uploads\/2017\/01\/ICONO-VER-PRODUCTOS.png?resize=100%2C22&amp;ssl=1 100w, https:\/\/i0.wp.com\/impresiondigitalgranformato.es\/wp-content\/uploads\/2017\/01\/ICONO-VER-PRODUCTOS.png?resize=150%2C33&amp;ssl=1 150w, https:\/\/i0.wp.com\/impresiondigitalgranformato.es\/wp-content\/uploads\/2017\/01\/ICONO-VER-PRODUCTOS.png?resize=200%2C44&amp;ssl=1 200w, https:\/\/i0.wp.com\/impresiondigitalgranformato.es\/wp-content\/uploads\/2017\/01\/ICONO-VER-PRODUCTOS.png?resize=600%2C132&amp;ssl=1 600w, https:\/\/i0.wp.com\/impresiondigitalgranformato.es\/wp-content\/uploads\/2017\/01\/ICONO-VER-PRODUCTOS.png?w=601&amp;ssl=1 601w\" sizes=\"auto, (max-width: 300px) 100vw, 300px\" \/><\/a><\/p>\n<\/div>\n<div class=\"pbs-col\" style=\"flex-basis: 40.076%;\">\n<p><img data-recalc-dims=\"1\" loading=\"lazy\" decoding=\"async\" class=\"aligncenter size-medium wp-image-15\" style=\"margin-top: 21px; margin-bottom: 49px;\" src=\"https:\/\/i0.wp.com\/impresiondigitalgranformato.es\/wp-content\/uploads\/2016\/12\/logotipo-2-300x61.png?resize=300%2C61&#038;ssl=1\" alt=\"impresion digital los mas baratos\" width=\"300\" height=\"61\" \/><\/p>\n<p><img data-recalc-dims=\"1\" loading=\"lazy\" decoding=\"async\" class=\"aligncenter size-medium wp-image-800\" src=\"https:\/\/i0.wp.com\/impresiondigitalgranformato.es\/wp-content\/uploads\/2017\/01\/logotipo_rotulaciones-300x131.png?resize=300%2C131&#038;ssl=1\" alt=\"logotipo impresiondigitalgranformato\" width=\"300\" height=\"131\" srcset=\"https:\/\/i0.wp.com\/impresiondigitalgranformato.es\/wp-content\/uploads\/2017\/01\/logotipo_rotulaciones.png?resize=300%2C131&amp;ssl=1 300w, https:\/\/i0.wp.com\/impresiondigitalgranformato.es\/wp-content\/uploads\/2017\/01\/logotipo_rotulaciones.png?resize=450%2C196&amp;ssl=1 450w, https:\/\/i0.wp.com\/impresiondigitalgranformato.es\/wp-content\/uploads\/2017\/01\/logotipo_rotulaciones.png?resize=100%2C44&amp;ssl=1 100w, https:\/\/i0.wp.com\/impresiondigitalgranformato.es\/wp-content\/uploads\/2017\/01\/logotipo_rotulaciones.png?resize=150%2C65&amp;ssl=1 150w, https:\/\/i0.wp.com\/impresiondigitalgranformato.es\/wp-content\/uploads\/2017\/01\/logotipo_rotulaciones.png?resize=200%2C87&amp;ssl=1 200w, https:\/\/i0.wp.com\/impresiondigitalgranformato.es\/wp-content\/uploads\/2017\/01\/logotipo_rotulaciones.png?w=580&amp;ssl=1 580w\" sizes=\"auto, (max-width: 300px) 100vw, 300px\" \/><\/p>\n<\/div>\n<\/div>","protected":false},"excerpt":{"rendered":"<p>Preparaci\u00f3n de artes finales o archivos a imprimir Los formatos validos para impresion son JPG, TIFF o PDF, y siempre tienen que estar a tama\u00f1o del art\u00edculo elegido. (Ej.: si elige un roll up de 85 x 200 cm la imagen a imprimir tiene que tener 85 x 200 cm) Aconsejamos que como minimo est\u00e9n [&hellip;]<\/p>\n","protected":false},"author":1,"featured_media":0,"parent":0,"menu_order":0,"comment_status":"closed","ping_status":"closed","template":"","meta":{"footnotes":""},"class_list":["post-811","page","type-page","status-publish","hentry"],"yoast_head":"<!-- This site is optimized with the Yoast SEO plugin v27.4 - https:\/\/yoast.com\/product\/yoast-seo-wordpress\/ -->\n<title>preparacion de dise\u00f1os - Los + baratos<\/title>\n<meta name=\"robots\" content=\"index, follow, max-snippet:-1, max-image-preview:large, max-video-preview:-1\" \/>\n<link rel=\"canonical\" href=\"https:\/\/impresiondigitalgranformato.es\/de\/preparacion-de-disenos\/\" \/>\n<meta property=\"og:locale\" content=\"de_DE\" \/>\n<meta property=\"og:type\" content=\"article\" \/>\n<meta property=\"og:title\" content=\"preparacion de dise\u00f1os - Los + baratos\" \/>\n<meta property=\"og:description\" content=\"Preparaci\u00f3n de artes finales o archivos a imprimir Los formatos validos para impresion son JPG, TIFF o PDF, y siempre tienen que estar a tama\u00f1o del art\u00edculo elegido. (Ej.: si elige un roll up de 85 x 200 cm la imagen a imprimir tiene que tener 85 x 200 cm) Aconsejamos que como minimo est\u00e9n [&hellip;]\" \/>\n<meta property=\"og:url\" content=\"https:\/\/impresiondigitalgranformato.es\/de\/preparacion-de-disenos\/\" \/>\n<meta property=\"og:site_name\" content=\"Los + baratos\" \/>\n<meta property=\"article:modified_time\" content=\"2017-09-23T08:20:07+00:00\" \/>\n<meta property=\"og:image\" content=\"https:\/\/impresiondigitalgranformato.es\/wp-content\/uploads\/2017\/01\/ICONO-VER-PRODUCTOS-300x66.png\" \/>\n<meta name=\"twitter:card\" content=\"summary_large_image\" \/>\n<meta name=\"twitter:label1\" content=\"Gesch\u00e4tzte Lesezeit\" \/>\n\t<meta name=\"twitter:data1\" content=\"2\u00a0Minuten\" \/>\n<script type=\"application\/ld+json\" class=\"yoast-schema-graph\">{\"@context\":\"https:\\\/\\\/schema.org\",\"@graph\":[{\"@type\":\"WebPage\",\"@id\":\"https:\\\/\\\/impresiondigitalgranformato.es\\\/preparacion-de-disenos\\\/\",\"url\":\"https:\\\/\\\/impresiondigitalgranformato.es\\\/preparacion-de-disenos\\\/\",\"name\":\"preparacion de dise\u00f1os - Los + baratos\",\"isPartOf\":{\"@id\":\"https:\\\/\\\/impresiondigitalgranformato.es\\\/#website\"},\"primaryImageOfPage\":{\"@id\":\"https:\\\/\\\/impresiondigitalgranformato.es\\\/preparacion-de-disenos\\\/#primaryimage\"},\"image\":{\"@id\":\"https:\\\/\\\/impresiondigitalgranformato.es\\\/preparacion-de-disenos\\\/#primaryimage\"},\"thumbnailUrl\":\"https:\\\/\\\/impresiondigitalgranformato.es\\\/wp-content\\\/uploads\\\/2017\\\/01\\\/ICONO-VER-PRODUCTOS-300x66.png\",\"datePublished\":\"2017-01-30T18:12:32+00:00\",\"dateModified\":\"2017-09-23T08:20:07+00:00\",\"breadcrumb\":{\"@id\":\"https:\\\/\\\/impresiondigitalgranformato.es\\\/preparacion-de-disenos\\\/#breadcrumb\"},\"inLanguage\":\"de\",\"potentialAction\":[{\"@type\":\"ReadAction\",\"target\":[\"https:\\\/\\\/impresiondigitalgranformato.es\\\/preparacion-de-disenos\\\/\"]}]},{\"@type\":\"ImageObject\",\"inLanguage\":\"de\",\"@id\":\"https:\\\/\\\/impresiondigitalgranformato.es\\\/preparacion-de-disenos\\\/#primaryimage\",\"url\":\"https:\\\/\\\/impresiondigitalgranformato.es\\\/wp-content\\\/uploads\\\/2017\\\/01\\\/ICONO-VER-PRODUCTOS-300x66.png\",\"contentUrl\":\"https:\\\/\\\/impresiondigitalgranformato.es\\\/wp-content\\\/uploads\\\/2017\\\/01\\\/ICONO-VER-PRODUCTOS-300x66.png\"},{\"@type\":\"BreadcrumbList\",\"@id\":\"https:\\\/\\\/impresiondigitalgranformato.es\\\/preparacion-de-disenos\\\/#breadcrumb\",\"itemListElement\":[{\"@type\":\"ListItem\",\"position\":1,\"name\":\"Portada\",\"item\":\"https:\\\/\\\/impresiondigitalgranformato.es\\\/\"},{\"@type\":\"ListItem\",\"position\":2,\"name\":\"preparacion de dise\u00f1os\"}]},{\"@type\":\"WebSite\",\"@id\":\"https:\\\/\\\/impresiondigitalgranformato.es\\\/#website\",\"url\":\"https:\\\/\\\/impresiondigitalgranformato.es\\\/\",\"name\":\"Los + baratos\",\"description\":\"impresi\u00f3n digital gran formato venta de roll up, banner, banderas, lonas, carteles, displays, publicidad\",\"publisher\":{\"@id\":\"https:\\\/\\\/impresiondigitalgranformato.es\\\/#organization\"},\"potentialAction\":[{\"@type\":\"SearchAction\",\"target\":{\"@type\":\"EntryPoint\",\"urlTemplate\":\"https:\\\/\\\/impresiondigitalgranformato.es\\\/?s={search_term_string}\"},\"query-input\":{\"@type\":\"PropertyValueSpecification\",\"valueRequired\":true,\"valueName\":\"search_term_string\"}}],\"inLanguage\":\"de\"},{\"@type\":\"Organization\",\"@id\":\"https:\\\/\\\/impresiondigitalgranformato.es\\\/#organization\",\"name\":\"Los + baratos\",\"url\":\"https:\\\/\\\/impresiondigitalgranformato.es\\\/\",\"logo\":{\"@type\":\"ImageObject\",\"inLanguage\":\"de\",\"@id\":\"https:\\\/\\\/impresiondigitalgranformato.es\\\/#\\\/schema\\\/logo\\\/image\\\/\",\"url\":\"https:\\\/\\\/i0.wp.com\\\/impresiondigitalgranformato.es\\\/wp-content\\\/uploads\\\/2016\\\/12\\\/cropped-logotipo-2-e1483373659766.png?fit=500%2C101&ssl=1\",\"contentUrl\":\"https:\\\/\\\/i0.wp.com\\\/impresiondigitalgranformato.es\\\/wp-content\\\/uploads\\\/2016\\\/12\\\/cropped-logotipo-2-e1483373659766.png?fit=500%2C101&ssl=1\",\"width\":500,\"height\":101,\"caption\":\"Los + baratos\"},\"image\":{\"@id\":\"https:\\\/\\\/impresiondigitalgranformato.es\\\/#\\\/schema\\\/logo\\\/image\\\/\"}}]}<\/script>\n<!-- \/ Yoast SEO plugin. -->","yoast_head_json":{"title":"preparacion de dise\u00f1os - Los + baratos","robots":{"index":"index","follow":"follow","max-snippet":"max-snippet:-1","max-image-preview":"max-image-preview:large","max-video-preview":"max-video-preview:-1"},"canonical":"https:\/\/impresiondigitalgranformato.es\/de\/preparacion-de-disenos\/","og_locale":"de_DE","og_type":"article","og_title":"preparacion de dise\u00f1os - Los + baratos","og_description":"Preparaci\u00f3n de artes finales o archivos a imprimir Los formatos validos para impresion son JPG, TIFF o PDF, y siempre tienen que estar a tama\u00f1o del art\u00edculo elegido. (Ej.: si elige un roll up de 85 x 200 cm la imagen a imprimir tiene que tener 85 x 200 cm) Aconsejamos que como minimo est\u00e9n [&hellip;]","og_url":"https:\/\/impresiondigitalgranformato.es\/de\/preparacion-de-disenos\/","og_site_name":"Los + baratos","article_modified_time":"2017-09-23T08:20:07+00:00","og_image":[{"url":"https:\/\/impresiondigitalgranformato.es\/wp-content\/uploads\/2017\/01\/ICONO-VER-PRODUCTOS-300x66.png","type":"","width":"","height":""}],"twitter_card":"summary_large_image","twitter_misc":{"Gesch\u00e4tzte Lesezeit":"2\u00a0Minuten"},"schema":{"@context":"https:\/\/schema.org","@graph":[{"@type":"WebPage","@id":"https:\/\/impresiondigitalgranformato.es\/preparacion-de-disenos\/","url":"https:\/\/impresiondigitalgranformato.es\/preparacion-de-disenos\/","name":"preparacion de dise\u00f1os - Los + baratos","isPartOf":{"@id":"https:\/\/impresiondigitalgranformato.es\/#website"},"primaryImageOfPage":{"@id":"https:\/\/impresiondigitalgranformato.es\/preparacion-de-disenos\/#primaryimage"},"image":{"@id":"https:\/\/impresiondigitalgranformato.es\/preparacion-de-disenos\/#primaryimage"},"thumbnailUrl":"https:\/\/impresiondigitalgranformato.es\/wp-content\/uploads\/2017\/01\/ICONO-VER-PRODUCTOS-300x66.png","datePublished":"2017-01-30T18:12:32+00:00","dateModified":"2017-09-23T08:20:07+00:00","breadcrumb":{"@id":"https:\/\/impresiondigitalgranformato.es\/preparacion-de-disenos\/#breadcrumb"},"inLanguage":"de","potentialAction":[{"@type":"ReadAction","target":["https:\/\/impresiondigitalgranformato.es\/preparacion-de-disenos\/"]}]},{"@type":"ImageObject","inLanguage":"de","@id":"https:\/\/impresiondigitalgranformato.es\/preparacion-de-disenos\/#primaryimage","url":"https:\/\/impresiondigitalgranformato.es\/wp-content\/uploads\/2017\/01\/ICONO-VER-PRODUCTOS-300x66.png","contentUrl":"https:\/\/impresiondigitalgranformato.es\/wp-content\/uploads\/2017\/01\/ICONO-VER-PRODUCTOS-300x66.png"},{"@type":"BreadcrumbList","@id":"https:\/\/impresiondigitalgranformato.es\/preparacion-de-disenos\/#breadcrumb","itemListElement":[{"@type":"ListItem","position":1,"name":"Portada","item":"https:\/\/impresiondigitalgranformato.es\/"},{"@type":"ListItem","position":2,"name":"preparacion de dise\u00f1os"}]},{"@type":"WebSite","@id":"https:\/\/impresiondigitalgranformato.es\/#website","url":"https:\/\/impresiondigitalgranformato.es\/","name":"Die billigsten","description":"Gro\u00dfformatiger Digitaldruck Verkauf von Roll-ups, Bannern, Flaggen, Fahnen, Planen, Postern, Displays, Anzeigen","publisher":{"@id":"https:\/\/impresiondigitalgranformato.es\/#organization"},"potentialAction":[{"@type":"SearchAction","target":{"@type":"EntryPoint","urlTemplate":"https:\/\/impresiondigitalgranformato.es\/?s={search_term_string}"},"query-input":{"@type":"PropertyValueSpecification","valueRequired":true,"valueName":"search_term_string"}}],"inLanguage":"de"},{"@type":"Organization","@id":"https:\/\/impresiondigitalgranformato.es\/#organization","name":"Die billigsten","url":"https:\/\/impresiondigitalgranformato.es\/","logo":{"@type":"ImageObject","inLanguage":"de","@id":"https:\/\/impresiondigitalgranformato.es\/#\/schema\/logo\/image\/","url":"https:\/\/i0.wp.com\/impresiondigitalgranformato.es\/wp-content\/uploads\/2016\/12\/cropped-logotipo-2-e1483373659766.png?fit=500%2C101&ssl=1","contentUrl":"https:\/\/i0.wp.com\/impresiondigitalgranformato.es\/wp-content\/uploads\/2016\/12\/cropped-logotipo-2-e1483373659766.png?fit=500%2C101&ssl=1","width":500,"height":101,"caption":"Los + baratos"},"image":{"@id":"https:\/\/impresiondigitalgranformato.es\/#\/schema\/logo\/image\/"}}]}},"jetpack_sharing_enabled":true,"_links":{"self":[{"href":"https:\/\/impresiondigitalgranformato.es\/de\/wp-json\/wp\/v2\/pages\/811","targetHints":{"allow":["GET"]}}],"collection":[{"href":"https:\/\/impresiondigitalgranformato.es\/de\/wp-json\/wp\/v2\/pages"}],"about":[{"href":"https:\/\/impresiondigitalgranformato.es\/de\/wp-json\/wp\/v2\/types\/page"}],"author":[{"embeddable":true,"href":"https:\/\/impresiondigitalgranformato.es\/de\/wp-json\/wp\/v2\/users\/1"}],"replies":[{"embeddable":true,"href":"https:\/\/impresiondigitalgranformato.es\/de\/wp-json\/wp\/v2\/comments?post=811"}],"version-history":[{"count":6,"href":"https:\/\/impresiondigitalgranformato.es\/de\/wp-json\/wp\/v2\/pages\/811\/revisions"}],"predecessor-version":[{"id":1226,"href":"https:\/\/impresiondigitalgranformato.es\/de\/wp-json\/wp\/v2\/pages\/811\/revisions\/1226"}],"wp:attachment":[{"href":"https:\/\/impresiondigitalgranformato.es\/de\/wp-json\/wp\/v2\/media?parent=811"}],"curies":[{"name":"wp","href":"https:\/\/api.w.org\/{rel}","templated":true}]}}