{"id":1271,"date":"2017-10-04T19:13:12","date_gmt":"2017-10-04T17:13:12","guid":{"rendered":"http:\/\/impresiondigitalgranformato.es\/?post_type=product&#038;p=1271"},"modified":"2025-07-04T18:12:45","modified_gmt":"2025-07-04T16:12:45","slug":"wirtschaftsrollup-84-x-200-cm","status":"publish","type":"product","link":"https:\/\/impresiondigitalgranformato.es\/de\/producto\/rollup-economico-84-x-200-cm\/","title":{"rendered":"Rollup 85 x 200 cm Standard"},"content":{"rendered":"<p>Wirtschaftliches Rollup 85 x 200 cm, Standardmodell.<\/p>\n<p>Aluminium-Struktur<\/p>\n<p>Grafik, die mit digitaler Drucktechnik auf 450 g\/m\u00b2 PVC-Gewebe gedruckt wurde.<\/p>\n<p>inklusive Transporttasche.<\/p>\n<p>Dieses wirtschaftliche Roll-Up ist ideal f\u00fcr die Werbung von Produkten und\/oder Dienstleistungen in Gesch\u00e4ften, Wartezimmern, B\u00fcros...<\/p>\n<p>Obwohl es ein g\u00fcnstiges Roll-Up ist, verleiht seine Aluminiumstruktur ihm eine hohe Stabilit\u00e4t und Widerstandsf\u00e4higkeit, und sein Grafikmaterial ist aus Lona gefertigt, um eine l\u00e4ngere Haltbarkeit beim Auf- und Abrollen der Grafik zu gew\u00e4hrleisten. Es ist inklusive einer Nylon-Transporttasche.<\/p>\n<p>Die Montage ist sehr schnell und einfach, wie Sie in unserem Video sehen k\u00f6nnen <a href=\"https:\/\/youtu.be\/gq7KMUbozVo\" target=\"_blank\" rel=\"noopener\">Produktvideo<\/a><\/p>\n<h4>Rollups werden immer h\u00e4ufiger verwendet, da sie eine sehr effektive Werbeform sind.<\/h4>\n<p>Sein Gewicht ist sehr gering, was den Transport bequem macht, der Aufbau ist sehr schnell und dauert weniger als 1 Minute, und das Abbauen dauert noch weniger. Verwenden Sie dieses Produkt, um Ihre Produkte zu bewerben. Da sein Preis im Vergleich zu seiner Qualit\u00e4t und seinem gro\u00dfen optischen Effekt an jedem Ort wie B\u00fcros, Gesch\u00e4ften, Wartezimmern \u2026 Es wird Ihnen immer rentabel sein, ein kosteng\u00fcnstiges Rollup von 85 x 200 cm zu kaufen.<\/p>\n<p>&nbsp;<\/p>\n<p><span style=\"color: #ff0000;\">MENGENRABATTE !!!<\/span><\/p>\n<p><strong>Dieses Produkt kann innerhalb von 24 Stunden* geliefert werden.<\/strong><\/p>\n<p data-pbs-phone-margin-bottom=\"18px\"><span style=\"color: #000080;\"><strong>Verschiedene Arten von Sendungen:<\/strong><\/span><\/p>\n<p data-pbs-phone-margin-bottom=\"18px\"><strong>Produktion und Lieferung innerhalb von 8 Arbeitstagen<\/strong><\/p>\n<p data-pbs-phone-margin-bottom=\"18px\"><strong>Produktion und Lieferung innerhalb von 4 Arbeitstagen<\/strong><\/p>\n<p data-pbs-phone-margin-top=\"1px\"><strong>Produktion und Lieferung innerhalb von 2 Arbeitstagen<\/strong><\/p>\n<p data-pbs-phone-margin-top=\"1px\"><strong>Produktion und Lieferung innerhalb von 1 Arbeitstag<\/strong>\u00a0(*dieser Service gilt nur f\u00fcr Bestellungen, die vor 11.30 Uhr des laufenden Tages best\u00e4tigt werden).<\/p>\n<p>&nbsp;<\/p>\n<h3><span style=\"color: #ff9900;\">Das Standardmodell der Roll-Up-Struktur ist das am h\u00e4ufigsten verkaufte.<\/span><\/h3>\n<p>Die Struktur besteht aus Aluminium, die Grafik des Roll-Ups ist aus 450 g\/m\u00b2 satiniertem PVC-Gewebe, die Bedruckung des Roll-Ups erfolgt in hochwertiger Digitaldrucktechnik und enth\u00e4lt au\u00dferdem eine schwarze Nylon-Transporttasche. Dies macht diesen g\u00fcnstigen Rollup zum besten Kauf f\u00fcr einen Werbedisplay. Da es das beste Preis-Leistungs-Verh\u00e4ltnis bietet.<\/p>\n<p>Dieses g\u00fcnstige Roll-Up-Modell ist in allen Gr\u00f6\u00dfen sehr gefragt, um gro\u00dfe Auflagen f\u00fcr Werbeaktionen oder Projekte zu erstellen, dank seines gro\u00dfen Posterformats und seines niedrigen Preises.<\/p>\n<h3><span style=\"color: #ff9900;\">Rollup 85 x 200 cm Standard<\/span><\/h3>\n<p>Es ist die Rollup-Gr\u00f6\u00dfe, die am h\u00e4ufigsten gekauft wird, da sie sehr vielseitig ist und das g\u00fcnstigste Rollup im Verh\u00e4ltnis zu Gr\u00f6\u00dfe und Preis ist. Zu verkaufen f\u00fcr Promotionen aller Art. Als Werbung f\u00fcr Sch\u00f6nheitsartikel, \u00c4sthetikprodukte, Verkauf von Photovoltaikprodukten, Versicherungspromotion, in Restaurants zur F\u00f6rderung von Angeboten, f\u00fcr Weing\u00fcter zur F\u00f6rderung von Weinen... Au\u00dferdem ist das Roll-Up 85 x 200 cm sehr beliebt f\u00fcr Einkaufszentren, Ausstellungen, Messen und Kongresse.<\/p>\n<p>&nbsp;<\/p>\n<p><span style=\"color: #800000;\"><strong>Wenn Sie etwas Kosteng\u00fcnstigeres ben\u00f6tigen, k\u00f6nnen Sie unsere Seite besuchen<\/strong><\/span><a href=\"https:\/\/impresiondigitalgranformato.es\/de\/produkt-kategorie\/banner-economico\/\"> <strong>Banner-Sektion.<\/strong><\/a><\/p>","protected":false},"excerpt":{"rendered":"<p>Dieses kosteng\u00fcnstige Rollup ist ideal f\u00fcr die Promotion von Produkten und\/oder Dienstleistungen in Gesch\u00e4ften, Wartezimmern, B\u00fcros, ...<\/p>\n<p>Obwohl es sich um ein billiges Roll-Up handelt, verleiht ihm seine Aluminiumstruktur eine gro\u00dfe Stabilit\u00e4t und Widerstandsf\u00e4higkeit, seine Grafik besteht aus Segeltuch f\u00fcr eine gr\u00f6\u00dfere Haltbarkeit, wenn es darum geht, die Grafik zu verl\u00e4ngern und zu sammeln.<\/p>\n<p>Inklusive Nylon-Tragetasche.<\/p>\n<p><span style=\"color: #ff0000;\">MENGENRABATTE !!!\u00a0<\/span><\/p>\n<p><strong>---<\/strong><\/p>\n<p><span style=\"color: #ff0000;\"><strong>Dieses Produkt kann innerhalb von 24 Stunden* geliefert werden.<\/strong><\/span><\/p>\n<p><a href=\"https:\/\/impresiondigitalgranformato.es\/de\/aufrollen\/\"><img loading=\"lazy\" decoding=\"async\" class=\"size-full wp-image-12936 alignnone\" src=\"https:\/\/impresiondigitalgranformato.es\/wp-content\/uploads\/2019\/09\/impresion-digital-mas-modelos.png\" alt=\"Digitaldruck weitere Modelle\" width=\"468\" height=\"61\" srcset=\"https:\/\/i0.wp.com\/impresiondigitalgranformato.es\/wp-content\/uploads\/2019\/09\/impresion-digital-mas-modelos.png?w=468&amp;ssl=1 468w, https:\/\/i0.wp.com\/impresiondigitalgranformato.es\/wp-content\/uploads\/2019\/09\/impresion-digital-mas-modelos.png?resize=100%2C13&amp;ssl=1 100w, https:\/\/i0.wp.com\/impresiondigitalgranformato.es\/wp-content\/uploads\/2019\/09\/impresion-digital-mas-modelos.png?resize=150%2C20&amp;ssl=1 150w, https:\/\/i0.wp.com\/impresiondigitalgranformato.es\/wp-content\/uploads\/2019\/09\/impresion-digital-mas-modelos.png?resize=200%2C26&amp;ssl=1 200w, https:\/\/i0.wp.com\/impresiondigitalgranformato.es\/wp-content\/uploads\/2019\/09\/impresion-digital-mas-modelos.png?resize=300%2C39&amp;ssl=1 300w, https:\/\/i0.wp.com\/impresiondigitalgranformato.es\/wp-content\/uploads\/2019\/09\/impresion-digital-mas-modelos.png?resize=450%2C59&amp;ssl=1 450w\" sizes=\"auto, (max-width: 468px) 100vw, 468px\" \/><\/a><\/p>","protected":false},"featured_media":5376,"comment_status":"open","ping_status":"closed","template":"","meta":[],"product_brand":[],"product_cat":[78,24],"product_tag":[],"class_list":{"0":"post-1271","1":"product","2":"type-product","3":"status-publish","4":"has-post-thumbnail","6":"product_cat-rollup-banner-photocall-carteles-lona-impresion-economicos","7":"product_cat-roll-up-baratos","9":"first","10":"instock","11":"featured","12":"sold-individually","13":"taxable","14":"shipping-taxable","15":"purchasable","16":"product-type-simple"},"yoast_head":"<!-- This site is optimized with the Yoast SEO plugin v27.3 - https:\/\/yoast.com\/product\/yoast-seo-wordpress\/ -->\n<title>rollup economico - rollup 85 x 200 cm Est\u00e1ndar - Env\u00edo gratis- Los + baratos<\/title>\n<meta name=\"description\" content=\"rollup economico, rollup de 85 x 200 cm el modelo estandar y el mas vendido. Estructura de aluminio, gr\u00e1fica en impresion digital y funda de transporte\" \/>\n<meta name=\"robots\" content=\"index, follow, max-snippet:-1, max-image-preview:large, max-video-preview:-1\" \/>\n<link rel=\"canonical\" href=\"https:\/\/impresiondigitalgranformato.es\/de\/produkt\/wirtschaftsrollup-84-x-200-cm\/\" \/>\n<meta property=\"og:locale\" content=\"de_DE\" \/>\n<meta property=\"og:type\" content=\"article\" \/>\n<meta property=\"og:title\" content=\"rollup economico - rollup 85 x 200 cm Est\u00e1ndar - Env\u00edo gratis- Los + baratos\" \/>\n<meta property=\"og:description\" content=\"rollup economico, rollup de 85 x 200 cm el modelo estandar y el mas vendido. Estructura de aluminio, gr\u00e1fica en impresion digital y funda de transporte\" \/>\n<meta property=\"og:url\" content=\"https:\/\/impresiondigitalgranformato.es\/de\/produkt\/wirtschaftsrollup-84-x-200-cm\/\" \/>\n<meta property=\"og:site_name\" content=\"Los + baratos\" \/>\n<meta property=\"article:modified_time\" content=\"2025-07-04T16:12:45+00:00\" \/>\n<meta property=\"og:image\" content=\"http:\/\/impresiondigitalgranformato.es\/wp-content\/uploads\/2017\/10\/rollup-de-85-x-200-cm-estandar.png\" \/>\n\t<meta property=\"og:image:width\" content=\"765\" \/>\n\t<meta property=\"og:image:height\" content=\"765\" \/>\n\t<meta property=\"og:image:type\" content=\"image\/png\" \/>\n<meta name=\"twitter:card\" content=\"summary_large_image\" \/>\n<meta name=\"twitter:label1\" content=\"Gesch\u00e4tzte Lesezeit\" \/>\n\t<meta name=\"twitter:data1\" content=\"3\u00a0Minuten\" \/>\n<script type=\"application\/ld+json\" class=\"yoast-schema-graph\">{\"@context\":\"https:\\\/\\\/schema.org\",\"@graph\":[{\"@type\":\"WebPage\",\"@id\":\"https:\\\/\\\/impresiondigitalgranformato.es\\\/producto\\\/rollup-economico-84-x-200-cm\\\/\",\"url\":\"https:\\\/\\\/impresiondigitalgranformato.es\\\/producto\\\/rollup-economico-84-x-200-cm\\\/\",\"name\":\"rollup economico - rollup 85 x 200 cm Est\u00e1ndar - Env\u00edo gratis- Los + baratos\",\"isPartOf\":{\"@id\":\"https:\\\/\\\/impresiondigitalgranformato.es\\\/#website\"},\"primaryImageOfPage\":{\"@id\":\"https:\\\/\\\/impresiondigitalgranformato.es\\\/producto\\\/rollup-economico-84-x-200-cm\\\/#primaryimage\"},\"image\":{\"@id\":\"https:\\\/\\\/impresiondigitalgranformato.es\\\/producto\\\/rollup-economico-84-x-200-cm\\\/#primaryimage\"},\"thumbnailUrl\":\"https:\\\/\\\/i0.wp.com\\\/impresiondigitalgranformato.es\\\/wp-content\\\/uploads\\\/2017\\\/10\\\/rollup-de-85-x-200-cm-estandar.png?fit=765%2C765&ssl=1\",\"datePublished\":\"2017-10-04T17:13:12+00:00\",\"dateModified\":\"2025-07-04T16:12:45+00:00\",\"description\":\"rollup economico, rollup de 85 x 200 cm el modelo estandar y el mas vendido. Estructura de aluminio, gr\u00e1fica en impresion digital y funda de transporte\",\"breadcrumb\":{\"@id\":\"https:\\\/\\\/impresiondigitalgranformato.es\\\/producto\\\/rollup-economico-84-x-200-cm\\\/#breadcrumb\"},\"inLanguage\":\"de\",\"potentialAction\":[{\"@type\":\"ReadAction\",\"target\":[\"https:\\\/\\\/impresiondigitalgranformato.es\\\/producto\\\/rollup-economico-84-x-200-cm\\\/\"]}]},{\"@type\":\"ImageObject\",\"inLanguage\":\"de\",\"@id\":\"https:\\\/\\\/impresiondigitalgranformato.es\\\/producto\\\/rollup-economico-84-x-200-cm\\\/#primaryimage\",\"url\":\"https:\\\/\\\/i0.wp.com\\\/impresiondigitalgranformato.es\\\/wp-content\\\/uploads\\\/2017\\\/10\\\/rollup-de-85-x-200-cm-estandar.png?fit=765%2C765&ssl=1\",\"contentUrl\":\"https:\\\/\\\/i0.wp.com\\\/impresiondigitalgranformato.es\\\/wp-content\\\/uploads\\\/2017\\\/10\\\/rollup-de-85-x-200-cm-estandar.png?fit=765%2C765&ssl=1\",\"width\":765,\"height\":765,\"caption\":\"rollup estandar 85 x 200 cm\"},{\"@type\":\"BreadcrumbList\",\"@id\":\"https:\\\/\\\/impresiondigitalgranformato.es\\\/producto\\\/rollup-economico-84-x-200-cm\\\/#breadcrumb\",\"itemListElement\":[{\"@type\":\"ListItem\",\"position\":1,\"name\":\"Portada\",\"item\":\"https:\\\/\\\/impresiondigitalgranformato.es\\\/\"},{\"@type\":\"ListItem\",\"position\":2,\"name\":\"Productos\",\"item\":\"https:\\\/\\\/impresiondigitalgranformato.es\\\/venta-roll-up-banner\\\/\"},{\"@type\":\"ListItem\",\"position\":3,\"name\":\"rollup 85 x 200 cm Est\u00e1ndar\"}]},{\"@type\":\"WebSite\",\"@id\":\"https:\\\/\\\/impresiondigitalgranformato.es\\\/#website\",\"url\":\"https:\\\/\\\/impresiondigitalgranformato.es\\\/\",\"name\":\"Los + baratos\",\"description\":\"impresi\u00f3n digital gran formato venta de roll up, banner, banderas, lonas, carteles, displays, publicidad\",\"publisher\":{\"@id\":\"https:\\\/\\\/impresiondigitalgranformato.es\\\/#organization\"},\"potentialAction\":[{\"@type\":\"SearchAction\",\"target\":{\"@type\":\"EntryPoint\",\"urlTemplate\":\"https:\\\/\\\/impresiondigitalgranformato.es\\\/?s={search_term_string}\"},\"query-input\":{\"@type\":\"PropertyValueSpecification\",\"valueRequired\":true,\"valueName\":\"search_term_string\"}}],\"inLanguage\":\"de\"},{\"@type\":\"Organization\",\"@id\":\"https:\\\/\\\/impresiondigitalgranformato.es\\\/#organization\",\"name\":\"Los + baratos\",\"url\":\"https:\\\/\\\/impresiondigitalgranformato.es\\\/\",\"logo\":{\"@type\":\"ImageObject\",\"inLanguage\":\"de\",\"@id\":\"https:\\\/\\\/impresiondigitalgranformato.es\\\/#\\\/schema\\\/logo\\\/image\\\/\",\"url\":\"https:\\\/\\\/i0.wp.com\\\/impresiondigitalgranformato.es\\\/wp-content\\\/uploads\\\/2016\\\/12\\\/cropped-logotipo-2-e1483373659766.png?fit=500%2C101&ssl=1\",\"contentUrl\":\"https:\\\/\\\/i0.wp.com\\\/impresiondigitalgranformato.es\\\/wp-content\\\/uploads\\\/2016\\\/12\\\/cropped-logotipo-2-e1483373659766.png?fit=500%2C101&ssl=1\",\"width\":500,\"height\":101,\"caption\":\"Los + baratos\"},\"image\":{\"@id\":\"https:\\\/\\\/impresiondigitalgranformato.es\\\/#\\\/schema\\\/logo\\\/image\\\/\"}}]}<\/script>\n<!-- \/ Yoast SEO plugin. -->","yoast_head_json":{"title":"G\u00fcnstiger Rollup - Rollup 85 x 200 cm Standard - Kostenloser Versand - Die Billigen","description":"G\u00fcnstiger Rollup, Rollup 85 x 200 cm, das Standardmodell und meistverkaufte Modell. Aluminiumstruktur, Grafik in digitaler Drucktechnik und Transporttasche","robots":{"index":"index","follow":"follow","max-snippet":"max-snippet:-1","max-image-preview":"max-image-preview:large","max-video-preview":"max-video-preview:-1"},"canonical":"https:\/\/impresiondigitalgranformato.es\/de\/produkt\/wirtschaftsrollup-84-x-200-cm\/","og_locale":"de_DE","og_type":"article","og_title":"rollup economico - rollup 85 x 200 cm Est\u00e1ndar - Env\u00edo gratis- Los + baratos","og_description":"rollup economico, rollup de 85 x 200 cm el modelo estandar y el mas vendido. Estructura de aluminio, gr\u00e1fica en impresion digital y funda de transporte","og_url":"https:\/\/impresiondigitalgranformato.es\/de\/produkt\/wirtschaftsrollup-84-x-200-cm\/","og_site_name":"Los + baratos","article_modified_time":"2025-07-04T16:12:45+00:00","og_image":[{"width":765,"height":765,"url":"http:\/\/impresiondigitalgranformato.es\/wp-content\/uploads\/2017\/10\/rollup-de-85-x-200-cm-estandar.png","type":"image\/png"}],"twitter_card":"summary_large_image","twitter_misc":{"Gesch\u00e4tzte Lesezeit":"3\u00a0Minuten"},"schema":{"@context":"https:\/\/schema.org","@graph":[{"@type":"WebPage","@id":"https:\/\/impresiondigitalgranformato.es\/producto\/rollup-economico-84-x-200-cm\/","url":"https:\/\/impresiondigitalgranformato.es\/producto\/rollup-economico-84-x-200-cm\/","name":"G\u00fcnstiger Rollup - Rollup 85 x 200 cm Standard - Kostenloser Versand - Die Billigen","isPartOf":{"@id":"https:\/\/impresiondigitalgranformato.es\/#website"},"primaryImageOfPage":{"@id":"https:\/\/impresiondigitalgranformato.es\/producto\/rollup-economico-84-x-200-cm\/#primaryimage"},"image":{"@id":"https:\/\/impresiondigitalgranformato.es\/producto\/rollup-economico-84-x-200-cm\/#primaryimage"},"thumbnailUrl":"https:\/\/i0.wp.com\/impresiondigitalgranformato.es\/wp-content\/uploads\/2017\/10\/rollup-de-85-x-200-cm-estandar.png?fit=765%2C765&ssl=1","datePublished":"2017-10-04T17:13:12+00:00","dateModified":"2025-07-04T16:12:45+00:00","description":"G\u00fcnstiger Rollup, Rollup 85 x 200 cm, das Standardmodell und meistverkaufte Modell. Aluminiumstruktur, Grafik in digitaler Drucktechnik und Transporttasche","breadcrumb":{"@id":"https:\/\/impresiondigitalgranformato.es\/producto\/rollup-economico-84-x-200-cm\/#breadcrumb"},"inLanguage":"de","potentialAction":[{"@type":"ReadAction","target":["https:\/\/impresiondigitalgranformato.es\/producto\/rollup-economico-84-x-200-cm\/"]}]},{"@type":"ImageObject","inLanguage":"de","@id":"https:\/\/impresiondigitalgranformato.es\/producto\/rollup-economico-84-x-200-cm\/#primaryimage","url":"https:\/\/i0.wp.com\/impresiondigitalgranformato.es\/wp-content\/uploads\/2017\/10\/rollup-de-85-x-200-cm-estandar.png?fit=765%2C765&ssl=1","contentUrl":"https:\/\/i0.wp.com\/impresiondigitalgranformato.es\/wp-content\/uploads\/2017\/10\/rollup-de-85-x-200-cm-estandar.png?fit=765%2C765&ssl=1","width":765,"height":765,"caption":"rollup estandar 85 x 200 cm"},{"@type":"BreadcrumbList","@id":"https:\/\/impresiondigitalgranformato.es\/producto\/rollup-economico-84-x-200-cm\/#breadcrumb","itemListElement":[{"@type":"ListItem","position":1,"name":"Portada","item":"https:\/\/impresiondigitalgranformato.es\/"},{"@type":"ListItem","position":2,"name":"Productos","item":"https:\/\/impresiondigitalgranformato.es\/venta-roll-up-banner\/"},{"@type":"ListItem","position":3,"name":"rollup 85 x 200 cm Est\u00e1ndar"}]},{"@type":"WebSite","@id":"https:\/\/impresiondigitalgranformato.es\/#website","url":"https:\/\/impresiondigitalgranformato.es\/","name":"Die billigsten","description":"Gro\u00dfformatiger Digitaldruck Verkauf von Roll-ups, Bannern, Flaggen, Fahnen, Planen, Postern, Displays, Anzeigen","publisher":{"@id":"https:\/\/impresiondigitalgranformato.es\/#organization"},"potentialAction":[{"@type":"SearchAction","target":{"@type":"EntryPoint","urlTemplate":"https:\/\/impresiondigitalgranformato.es\/?s={search_term_string}"},"query-input":{"@type":"PropertyValueSpecification","valueRequired":true,"valueName":"search_term_string"}}],"inLanguage":"de"},{"@type":"Organization","@id":"https:\/\/impresiondigitalgranformato.es\/#organization","name":"Die billigsten","url":"https:\/\/impresiondigitalgranformato.es\/","logo":{"@type":"ImageObject","inLanguage":"de","@id":"https:\/\/impresiondigitalgranformato.es\/#\/schema\/logo\/image\/","url":"https:\/\/i0.wp.com\/impresiondigitalgranformato.es\/wp-content\/uploads\/2016\/12\/cropped-logotipo-2-e1483373659766.png?fit=500%2C101&ssl=1","contentUrl":"https:\/\/i0.wp.com\/impresiondigitalgranformato.es\/wp-content\/uploads\/2016\/12\/cropped-logotipo-2-e1483373659766.png?fit=500%2C101&ssl=1","width":500,"height":101,"caption":"Los + baratos"},"image":{"@id":"https:\/\/impresiondigitalgranformato.es\/#\/schema\/logo\/image\/"}}]}},"jetpack_sharing_enabled":true,"_links":{"self":[{"href":"https:\/\/impresiondigitalgranformato.es\/de\/wp-json\/wp\/v2\/product\/1271","targetHints":{"allow":["GET"]}}],"collection":[{"href":"https:\/\/impresiondigitalgranformato.es\/de\/wp-json\/wp\/v2\/product"}],"about":[{"href":"https:\/\/impresiondigitalgranformato.es\/de\/wp-json\/wp\/v2\/types\/product"}],"replies":[{"embeddable":true,"href":"https:\/\/impresiondigitalgranformato.es\/de\/wp-json\/wp\/v2\/comments?post=1271"}],"wp:featuredmedia":[{"embeddable":true,"href":"https:\/\/impresiondigitalgranformato.es\/de\/wp-json\/wp\/v2\/media\/5376"}],"wp:attachment":[{"href":"https:\/\/impresiondigitalgranformato.es\/de\/wp-json\/wp\/v2\/media?parent=1271"}],"wp:term":[{"taxonomy":"product_brand","embeddable":true,"href":"https:\/\/impresiondigitalgranformato.es\/de\/wp-json\/wp\/v2\/product_brand?post=1271"},{"taxonomy":"product_cat","embeddable":true,"href":"https:\/\/impresiondigitalgranformato.es\/de\/wp-json\/wp\/v2\/product_cat?post=1271"},{"taxonomy":"product_tag","embeddable":true,"href":"https:\/\/impresiondigitalgranformato.es\/de\/wp-json\/wp\/v2\/product_tag?post=1271"}],"curies":[{"name":"wp","href":"https:\/\/api.w.org\/{rel}","templated":true}]}}