{"id":1294,"date":"2017-10-09T18:50:28","date_gmt":"2017-10-09T16:50:28","guid":{"rendered":"http:\/\/impresiondigitalgranformato.es\/?post_type=product&#038;p=1294"},"modified":"2025-07-04T18:23:07","modified_gmt":"2025-07-04T16:23:07","slug":"roll-up-60-x-200-cm","status":"publish","type":"product","link":"https:\/\/impresiondigitalgranformato.es\/de\/producto\/roll-up-de-60-x-200-cm\/","title":{"rendered":"60 x 200 cm roll up"},"content":{"rendered":"<h1><span style=\"color: #003366;\">Roll up de 60 x 200 cm.<\/span><\/h1>\n<p>Die Struktur des 60 x 200 cm gro\u00dfen Roll-Ups besteht aus Aluminium.<\/p>\n<p>Die Rollup-Grafik wird digital auf 450 g schwere gegossene PVC-Leinwand gedruckt.<\/p>\n<p>Inklusive Nylon-Tragetasche.<\/p>\n<p>Schmales Roll-Up f\u00fcr Bereiche mit begrenztem Platzangebot wie Eing\u00e4nge, Flure, Wartezimmer etc.<\/p>\n<p>Die Grafik der Walze hat eine Gr\u00f6\u00dfe von 60 cm Breite und 200 cm H\u00f6he und bereits <strong>Die Lieferung erfolgt montiert auf der Rolle<\/strong><\/p>\n<p>Im Bereich der 60 cm breiten Roll-Ups gibt es dieses 200 cm hohe Modell und das kleine Roll-Up-Modell, das etwas niedriger ist, mit einem <a href=\"https:\/\/impresiondigitalgranformato.es\/de\/produkt\/kleines-rollup-60x160\/\">Gr\u00f6\u00dfe 60 x 160 cm<\/a><\/p>\n<p><span style=\"color: #ff0000;\">MENGENRABATTE !!!<\/span><\/p>\n<p>Dieses Produkt kann innerhalb von 24 Stunden* geliefert werden.<\/p>\n<p><strong>-<\/strong><\/p>\n<p>&nbsp;<\/p>\n<h3><span style=\"color: #ff9900;\">Das Standardmodell der Roll-Up-Struktur ist das am h\u00e4ufigsten verkaufte.<\/span><\/h3>\n<p>Der Rahmen des Roll-Up-Displays besteht aus Aluminium, die Grafik aus satiniertem, gegossenem PVC-Canvas (450 g\/m\u00b2) und der Druck erfolgt im hochwertigen Gro\u00dfformat-Digitaldruck. Im Lieferumfang ist eine schwarze Nylonh\u00fclle f\u00fcr den Transport enthalten. All dies macht diese g\u00fcnstigen Roll-Up-Displays zur besten Option f\u00fcr den Kauf von Werbedisplays, da sie das beste Preis-Leistungs-Verh\u00e4ltnis f\u00fcr Werbung bieten.<\/p>\n<p>Dieses preiswerte Roll-Up-Modell ist sehr beliebt f\u00fcr gro\u00dfe Promotions oder Projekte, die gro\u00dfe Mengen an Roll-Ups erfordern. Da diese Art von Roll-Up-Struktur <strong>die 3 Bs<\/strong>: gutes Roll-up, sch\u00f6nes Roll-up und g\u00fcnstiges Roll-up.<\/p>\n<h3><span style=\"color: #ff9900;\">Wer kauft das 60 x 200 cm Roll-Up\u00a0<\/span><\/h3>\n<p>Die Rollup-Gr\u00f6\u00dfe betr\u00e4gt 60 x 200 cm. Es wird in verschiedenen Gesch\u00e4fts- und Kulturbereichen eingesetzt, die f\u00fcr ihre Produkte oder Dienstleistungen werben m\u00fcssen. Dieses Rollup wird h\u00e4ufig f\u00fcr die Werbung in Baum\u00e4rkten, f\u00fcr Kosmetikprodukte in Friseursalons, f\u00fcr die Anzeige von Men\u00fcangeboten an Restaurantt\u00fcren oder als Rollup f\u00fcr Sportgesch\u00e4fte verwendet, um die Produktabteilung anzuzeigen. Dieses Modell wird auch an den Eing\u00e4ngen zu kulturellen Veranstaltungen wie Theatern, Konzerten, Ausstellungen, Tagungen und mehr platziert.<\/p>","protected":false},"excerpt":{"rendered":"<p>Rollo 60 x 200 cm. Schmales Modell f\u00fcr Bereiche mit begrenztem Platzangebot wie Eing\u00e4nge und Flure.<\/p>\n<p>Die Rollup-Struktur besteht aus Aluminium und wird mit einer Tragetasche aus Nylon geliefert.<\/p>\n<p>Die Roll-Up-Grafik ist 60 cm breit und 200 cm hoch und wird in Vollfarbe auf 450 g schwere, satinierte PVC-Leinwand gedruckt.<\/p>\n<p><span style=\"color: #ff0000;\">MENGENRABATTE !!!\u00a0<\/span><\/p>\n<p><strong>-<\/strong>\u00a0aus der 1. Einheit<\/p>\n<p>Dieses Produkt kann innerhalb von 24 Stunden geliefert werden<strong>*<\/strong><\/p>\n<p><a href=\"https:\/\/impresiondigitalgranformato.es\/de\/aufrollen\/\"><img loading=\"lazy\" decoding=\"async\" class=\"alignnone wp-image-12936 size-full\" src=\"https:\/\/impresiondigitalgranformato.es\/wp-content\/uploads\/2019\/09\/impresion-digital-mas-modelos.png\" alt=\"Digitaldruck weitere Modelle\" width=\"468\" height=\"61\" srcset=\"https:\/\/i0.wp.com\/impresiondigitalgranformato.es\/wp-content\/uploads\/2019\/09\/impresion-digital-mas-modelos.png?w=468&amp;ssl=1 468w, https:\/\/i0.wp.com\/impresiondigitalgranformato.es\/wp-content\/uploads\/2019\/09\/impresion-digital-mas-modelos.png?resize=100%2C13&amp;ssl=1 100w, https:\/\/i0.wp.com\/impresiondigitalgranformato.es\/wp-content\/uploads\/2019\/09\/impresion-digital-mas-modelos.png?resize=150%2C20&amp;ssl=1 150w, https:\/\/i0.wp.com\/impresiondigitalgranformato.es\/wp-content\/uploads\/2019\/09\/impresion-digital-mas-modelos.png?resize=200%2C26&amp;ssl=1 200w, https:\/\/i0.wp.com\/impresiondigitalgranformato.es\/wp-content\/uploads\/2019\/09\/impresion-digital-mas-modelos.png?resize=300%2C39&amp;ssl=1 300w, https:\/\/i0.wp.com\/impresiondigitalgranformato.es\/wp-content\/uploads\/2019\/09\/impresion-digital-mas-modelos.png?resize=450%2C59&amp;ssl=1 450w\" sizes=\"auto, (max-width: 468px) 100vw, 468px\" \/><\/a><\/p>","protected":false},"featured_media":12989,"comment_status":"open","ping_status":"closed","template":"","meta":[],"product_brand":[],"product_cat":[78,24],"product_tag":[],"class_list":{"0":"post-1294","1":"product","2":"type-product","3":"status-publish","4":"has-post-thumbnail","6":"product_cat-rollup-banner-photocall-carteles-lona-impresion-economicos","7":"product_cat-roll-up-baratos","9":"first","10":"instock","11":"sold-individually","12":"taxable","13":"shipping-taxable","14":"purchasable","15":"product-type-simple"},"yoast_head":"<!-- This site is optimized with the Yoast SEO plugin v27.3 - https:\/\/yoast.com\/product\/yoast-seo-wordpress\/ -->\n<title>Roll up 60 x 200 cm - Los + baratos - Desde 27 \u20ac con envio gratuito<\/title>\n<meta name=\"description\" content=\"Roll up de 60 x 200 cm. Estructura de aluminio y gr\u00e1fica realizada en impresion digital sobre lona. Env\u00edo gratis desde la primera unidad\" \/>\n<meta name=\"robots\" content=\"index, follow, max-snippet:-1, max-image-preview:large, max-video-preview:-1\" \/>\n<link rel=\"canonical\" href=\"https:\/\/impresiondigitalgranformato.es\/de\/produkt\/roll-up-60-x-200-cm\/\" \/>\n<meta property=\"og:locale\" content=\"de_DE\" \/>\n<meta property=\"og:type\" content=\"article\" \/>\n<meta property=\"og:title\" content=\"Roll up 60 x 200 cm - Los + baratos - Desde 27 \u20ac con envio gratuito\" \/>\n<meta property=\"og:description\" content=\"Roll up de 60 x 200 cm. Estructura de aluminio y gr\u00e1fica realizada en impresion digital sobre lona. Env\u00edo gratis desde la primera unidad\" \/>\n<meta property=\"og:url\" content=\"https:\/\/impresiondigitalgranformato.es\/de\/produkt\/roll-up-60-x-200-cm\/\" \/>\n<meta property=\"og:site_name\" content=\"Los + baratos\" \/>\n<meta property=\"article:modified_time\" content=\"2025-07-04T16:23:07+00:00\" \/>\n<meta property=\"og:image\" content=\"http:\/\/impresiondigitalgranformato.es\/wp-content\/uploads\/2017\/10\/roll-up-60-x-200-cm.jpg\" \/>\n\t<meta property=\"og:image:width\" content=\"946\" \/>\n\t<meta property=\"og:image:height\" content=\"946\" \/>\n\t<meta property=\"og:image:type\" content=\"image\/jpeg\" \/>\n<meta name=\"twitter:card\" content=\"summary_large_image\" \/>\n<meta name=\"twitter:label1\" content=\"Gesch\u00e4tzte Lesezeit\" \/>\n\t<meta name=\"twitter:data1\" content=\"2\u00a0Minuten\" \/>\n<script type=\"application\/ld+json\" class=\"yoast-schema-graph\">{\"@context\":\"https:\\\/\\\/schema.org\",\"@graph\":[{\"@type\":\"WebPage\",\"@id\":\"https:\\\/\\\/impresiondigitalgranformato.es\\\/producto\\\/roll-up-de-60-x-200-cm\\\/\",\"url\":\"https:\\\/\\\/impresiondigitalgranformato.es\\\/producto\\\/roll-up-de-60-x-200-cm\\\/\",\"name\":\"Roll up 60 x 200 cm - Los + baratos - Desde 27 \u20ac con envio gratuito\",\"isPartOf\":{\"@id\":\"https:\\\/\\\/impresiondigitalgranformato.es\\\/#website\"},\"primaryImageOfPage\":{\"@id\":\"https:\\\/\\\/impresiondigitalgranformato.es\\\/producto\\\/roll-up-de-60-x-200-cm\\\/#primaryimage\"},\"image\":{\"@id\":\"https:\\\/\\\/impresiondigitalgranformato.es\\\/producto\\\/roll-up-de-60-x-200-cm\\\/#primaryimage\"},\"thumbnailUrl\":\"https:\\\/\\\/i0.wp.com\\\/impresiondigitalgranformato.es\\\/wp-content\\\/uploads\\\/2017\\\/10\\\/roll-up-60-x-200-cm.jpg?fit=946%2C946&ssl=1\",\"datePublished\":\"2017-10-09T16:50:28+00:00\",\"dateModified\":\"2025-07-04T16:23:07+00:00\",\"description\":\"Roll up de 60 x 200 cm. Estructura de aluminio y gr\u00e1fica realizada en impresion digital sobre lona. Env\u00edo gratis desde la primera unidad\",\"breadcrumb\":{\"@id\":\"https:\\\/\\\/impresiondigitalgranformato.es\\\/producto\\\/roll-up-de-60-x-200-cm\\\/#breadcrumb\"},\"inLanguage\":\"de\",\"potentialAction\":[{\"@type\":\"ReadAction\",\"target\":[\"https:\\\/\\\/impresiondigitalgranformato.es\\\/producto\\\/roll-up-de-60-x-200-cm\\\/\"]}]},{\"@type\":\"ImageObject\",\"inLanguage\":\"de\",\"@id\":\"https:\\\/\\\/impresiondigitalgranformato.es\\\/producto\\\/roll-up-de-60-x-200-cm\\\/#primaryimage\",\"url\":\"https:\\\/\\\/i0.wp.com\\\/impresiondigitalgranformato.es\\\/wp-content\\\/uploads\\\/2017\\\/10\\\/roll-up-60-x-200-cm.jpg?fit=946%2C946&ssl=1\",\"contentUrl\":\"https:\\\/\\\/i0.wp.com\\\/impresiondigitalgranformato.es\\\/wp-content\\\/uploads\\\/2017\\\/10\\\/roll-up-60-x-200-cm.jpg?fit=946%2C946&ssl=1\",\"width\":946,\"height\":946,\"caption\":\"roll up 60 x 200\"},{\"@type\":\"BreadcrumbList\",\"@id\":\"https:\\\/\\\/impresiondigitalgranformato.es\\\/producto\\\/roll-up-de-60-x-200-cm\\\/#breadcrumb\",\"itemListElement\":[{\"@type\":\"ListItem\",\"position\":1,\"name\":\"Portada\",\"item\":\"https:\\\/\\\/impresiondigitalgranformato.es\\\/\"},{\"@type\":\"ListItem\",\"position\":2,\"name\":\"Productos\",\"item\":\"https:\\\/\\\/impresiondigitalgranformato.es\\\/venta-roll-up-banner\\\/\"},{\"@type\":\"ListItem\",\"position\":3,\"name\":\"roll up de 60 x 200 cm\"}]},{\"@type\":\"WebSite\",\"@id\":\"https:\\\/\\\/impresiondigitalgranformato.es\\\/#website\",\"url\":\"https:\\\/\\\/impresiondigitalgranformato.es\\\/\",\"name\":\"Los + baratos\",\"description\":\"impresi\u00f3n digital gran formato venta de roll up, banner, banderas, lonas, carteles, displays, publicidad\",\"publisher\":{\"@id\":\"https:\\\/\\\/impresiondigitalgranformato.es\\\/#organization\"},\"potentialAction\":[{\"@type\":\"SearchAction\",\"target\":{\"@type\":\"EntryPoint\",\"urlTemplate\":\"https:\\\/\\\/impresiondigitalgranformato.es\\\/?s={search_term_string}\"},\"query-input\":{\"@type\":\"PropertyValueSpecification\",\"valueRequired\":true,\"valueName\":\"search_term_string\"}}],\"inLanguage\":\"de\"},{\"@type\":\"Organization\",\"@id\":\"https:\\\/\\\/impresiondigitalgranformato.es\\\/#organization\",\"name\":\"Los + baratos\",\"url\":\"https:\\\/\\\/impresiondigitalgranformato.es\\\/\",\"logo\":{\"@type\":\"ImageObject\",\"inLanguage\":\"de\",\"@id\":\"https:\\\/\\\/impresiondigitalgranformato.es\\\/#\\\/schema\\\/logo\\\/image\\\/\",\"url\":\"https:\\\/\\\/i0.wp.com\\\/impresiondigitalgranformato.es\\\/wp-content\\\/uploads\\\/2016\\\/12\\\/cropped-logotipo-2-e1483373659766.png?fit=500%2C101&ssl=1\",\"contentUrl\":\"https:\\\/\\\/i0.wp.com\\\/impresiondigitalgranformato.es\\\/wp-content\\\/uploads\\\/2016\\\/12\\\/cropped-logotipo-2-e1483373659766.png?fit=500%2C101&ssl=1\",\"width\":500,\"height\":101,\"caption\":\"Los + baratos\"},\"image\":{\"@id\":\"https:\\\/\\\/impresiondigitalgranformato.es\\\/#\\\/schema\\\/logo\\\/image\\\/\"}}]}<\/script>\n<!-- \/ Yoast SEO plugin. -->","yoast_head_json":{"title":"Roll-up 60 x 200 cm - Das g\u00fcnstigste - Ab 27 \u20ac mit kostenlosem Versand","description":"Roll-Up 60 x 200 cm. Aluminiumrahmen und digital gedruckte Grafiken auf Leinwand. Kostenloser Versand ab der ersten Einheit.","robots":{"index":"index","follow":"follow","max-snippet":"max-snippet:-1","max-image-preview":"max-image-preview:large","max-video-preview":"max-video-preview:-1"},"canonical":"https:\/\/impresiondigitalgranformato.es\/de\/produkt\/roll-up-60-x-200-cm\/","og_locale":"de_DE","og_type":"article","og_title":"Roll up 60 x 200 cm - Los + baratos - Desde 27 \u20ac con envio gratuito","og_description":"Roll up de 60 x 200 cm. Estructura de aluminio y gr\u00e1fica realizada en impresion digital sobre lona. Env\u00edo gratis desde la primera unidad","og_url":"https:\/\/impresiondigitalgranformato.es\/de\/produkt\/roll-up-60-x-200-cm\/","og_site_name":"Los + baratos","article_modified_time":"2025-07-04T16:23:07+00:00","og_image":[{"width":946,"height":946,"url":"http:\/\/impresiondigitalgranformato.es\/wp-content\/uploads\/2017\/10\/roll-up-60-x-200-cm.jpg","type":"image\/jpeg"}],"twitter_card":"summary_large_image","twitter_misc":{"Gesch\u00e4tzte Lesezeit":"2\u00a0Minuten"},"schema":{"@context":"https:\/\/schema.org","@graph":[{"@type":"WebPage","@id":"https:\/\/impresiondigitalgranformato.es\/producto\/roll-up-de-60-x-200-cm\/","url":"https:\/\/impresiondigitalgranformato.es\/producto\/roll-up-de-60-x-200-cm\/","name":"Roll-up 60 x 200 cm - Das g\u00fcnstigste - Ab 27 \u20ac mit kostenlosem Versand","isPartOf":{"@id":"https:\/\/impresiondigitalgranformato.es\/#website"},"primaryImageOfPage":{"@id":"https:\/\/impresiondigitalgranformato.es\/producto\/roll-up-de-60-x-200-cm\/#primaryimage"},"image":{"@id":"https:\/\/impresiondigitalgranformato.es\/producto\/roll-up-de-60-x-200-cm\/#primaryimage"},"thumbnailUrl":"https:\/\/i0.wp.com\/impresiondigitalgranformato.es\/wp-content\/uploads\/2017\/10\/roll-up-60-x-200-cm.jpg?fit=946%2C946&ssl=1","datePublished":"2017-10-09T16:50:28+00:00","dateModified":"2025-07-04T16:23:07+00:00","description":"Roll-Up 60 x 200 cm. Aluminiumrahmen und digital gedruckte Grafiken auf Leinwand. Kostenloser Versand ab der ersten Einheit.","breadcrumb":{"@id":"https:\/\/impresiondigitalgranformato.es\/producto\/roll-up-de-60-x-200-cm\/#breadcrumb"},"inLanguage":"de","potentialAction":[{"@type":"ReadAction","target":["https:\/\/impresiondigitalgranformato.es\/producto\/roll-up-de-60-x-200-cm\/"]}]},{"@type":"ImageObject","inLanguage":"de","@id":"https:\/\/impresiondigitalgranformato.es\/producto\/roll-up-de-60-x-200-cm\/#primaryimage","url":"https:\/\/i0.wp.com\/impresiondigitalgranformato.es\/wp-content\/uploads\/2017\/10\/roll-up-60-x-200-cm.jpg?fit=946%2C946&ssl=1","contentUrl":"https:\/\/i0.wp.com\/impresiondigitalgranformato.es\/wp-content\/uploads\/2017\/10\/roll-up-60-x-200-cm.jpg?fit=946%2C946&ssl=1","width":946,"height":946,"caption":"roll up 60 x 200"},{"@type":"BreadcrumbList","@id":"https:\/\/impresiondigitalgranformato.es\/producto\/roll-up-de-60-x-200-cm\/#breadcrumb","itemListElement":[{"@type":"ListItem","position":1,"name":"Portada","item":"https:\/\/impresiondigitalgranformato.es\/"},{"@type":"ListItem","position":2,"name":"Productos","item":"https:\/\/impresiondigitalgranformato.es\/venta-roll-up-banner\/"},{"@type":"ListItem","position":3,"name":"roll up de 60 x 200 cm"}]},{"@type":"WebSite","@id":"https:\/\/impresiondigitalgranformato.es\/#website","url":"https:\/\/impresiondigitalgranformato.es\/","name":"Die billigsten","description":"Gro\u00dfformatiger Digitaldruck Verkauf von Roll-ups, Bannern, Flaggen, Fahnen, Planen, Postern, Displays, Anzeigen","publisher":{"@id":"https:\/\/impresiondigitalgranformato.es\/#organization"},"potentialAction":[{"@type":"SearchAction","target":{"@type":"EntryPoint","urlTemplate":"https:\/\/impresiondigitalgranformato.es\/?s={search_term_string}"},"query-input":{"@type":"PropertyValueSpecification","valueRequired":true,"valueName":"search_term_string"}}],"inLanguage":"de"},{"@type":"Organization","@id":"https:\/\/impresiondigitalgranformato.es\/#organization","name":"Die billigsten","url":"https:\/\/impresiondigitalgranformato.es\/","logo":{"@type":"ImageObject","inLanguage":"de","@id":"https:\/\/impresiondigitalgranformato.es\/#\/schema\/logo\/image\/","url":"https:\/\/i0.wp.com\/impresiondigitalgranformato.es\/wp-content\/uploads\/2016\/12\/cropped-logotipo-2-e1483373659766.png?fit=500%2C101&ssl=1","contentUrl":"https:\/\/i0.wp.com\/impresiondigitalgranformato.es\/wp-content\/uploads\/2016\/12\/cropped-logotipo-2-e1483373659766.png?fit=500%2C101&ssl=1","width":500,"height":101,"caption":"Los + baratos"},"image":{"@id":"https:\/\/impresiondigitalgranformato.es\/#\/schema\/logo\/image\/"}}]}},"jetpack_sharing_enabled":true,"_links":{"self":[{"href":"https:\/\/impresiondigitalgranformato.es\/de\/wp-json\/wp\/v2\/product\/1294","targetHints":{"allow":["GET"]}}],"collection":[{"href":"https:\/\/impresiondigitalgranformato.es\/de\/wp-json\/wp\/v2\/product"}],"about":[{"href":"https:\/\/impresiondigitalgranformato.es\/de\/wp-json\/wp\/v2\/types\/product"}],"replies":[{"embeddable":true,"href":"https:\/\/impresiondigitalgranformato.es\/de\/wp-json\/wp\/v2\/comments?post=1294"}],"wp:featuredmedia":[{"embeddable":true,"href":"https:\/\/impresiondigitalgranformato.es\/de\/wp-json\/wp\/v2\/media\/12989"}],"wp:attachment":[{"href":"https:\/\/impresiondigitalgranformato.es\/de\/wp-json\/wp\/v2\/media?parent=1294"}],"wp:term":[{"taxonomy":"product_brand","embeddable":true,"href":"https:\/\/impresiondigitalgranformato.es\/de\/wp-json\/wp\/v2\/product_brand?post=1294"},{"taxonomy":"product_cat","embeddable":true,"href":"https:\/\/impresiondigitalgranformato.es\/de\/wp-json\/wp\/v2\/product_cat?post=1294"},{"taxonomy":"product_tag","embeddable":true,"href":"https:\/\/impresiondigitalgranformato.es\/de\/wp-json\/wp\/v2\/product_tag?post=1294"}],"curies":[{"name":"wp","href":"https:\/\/api.w.org\/{rel}","templated":true}]}}