{"id":12981,"date":"2020-07-08T18:45:02","date_gmt":"2020-07-08T16:45:02","guid":{"rendered":"http:\/\/impresiondigitalgranformato.es\/?post_type=product&#038;p=12981"},"modified":"2021-01-08T11:01:45","modified_gmt":"2021-01-08T10:01:45","slug":"cartel-rebajas-reutilizable-cuadrado","status":"publish","type":"product","link":"https:\/\/impresiondigitalgranformato.es\/de\/producto\/cartel-rebajas-reutilizable-cuadrado\/","title":{"rendered":"Cartel para rebajas reutilizable cuadrado"},"content":{"rendered":"","protected":false},"excerpt":{"rendered":"<p>Cartel para periodos de rebajas <strong><span style=\"color: #003300;\">Reutilizable <\/span><\/strong>cuadrado<\/p>\n<p>El cartel de realiza sobre PVC incoloro flexible y queda sujeto al cristal con ventosas<\/p>\n<p>Una vez termine las rebajas lo podr\u00e1 recoger <strong>y utilizar en el siguiente periodo de rebajas <\/strong><a target=\"_blank\" href=\"https:\/\/youtu.be\/PxdvDTrR_Xc\" xlink=\"href\" rel=\"noopener noreferrer\">(v\u00eddeo del producto)<\/a><\/p>\n<p>Diferentes tama\u00f1os para elegir.<\/p>\n<p>Varios colores para personalizar el texto REBAJAS<\/p>\n<p><span style=\"color: #ff0000;\">MENGENRABATTE !!!<\/span>\u00a0<strong>(siehe Preistabelle)<\/strong><\/p>\n<p><strong>-<\/strong>\u00a0aus der 1. Einheit<\/p>\n<p>Dieses Produkt kann innerhalb von 24 Stunden geliefert werden<strong>*<\/strong><\/p>\n<p><a href=\"https:\/\/impresiondigitalgranformato.es\/de\/produkt-kategorie\/carteles-para-rebajas-reutilizables\/\" xlink=\"href\"><img loading=\"lazy\" decoding=\"async\" class=\"size-full wp-image-12936 alignnone\" src=\"https:\/\/impresiondigitalgranformato.es\/wp-content\/uploads\/2019\/09\/impresion-digital-mas-modelos.png\" alt=\"Digitaldruck weitere Modelle\" width=\"468\" height=\"61\" srcset=\"https:\/\/i0.wp.com\/impresiondigitalgranformato.es\/wp-content\/uploads\/2019\/09\/impresion-digital-mas-modelos.png?w=468&amp;ssl=1 468w, https:\/\/i0.wp.com\/impresiondigitalgranformato.es\/wp-content\/uploads\/2019\/09\/impresion-digital-mas-modelos.png?resize=100%2C13&amp;ssl=1 100w, https:\/\/i0.wp.com\/impresiondigitalgranformato.es\/wp-content\/uploads\/2019\/09\/impresion-digital-mas-modelos.png?resize=150%2C20&amp;ssl=1 150w, https:\/\/i0.wp.com\/impresiondigitalgranformato.es\/wp-content\/uploads\/2019\/09\/impresion-digital-mas-modelos.png?resize=200%2C26&amp;ssl=1 200w, https:\/\/i0.wp.com\/impresiondigitalgranformato.es\/wp-content\/uploads\/2019\/09\/impresion-digital-mas-modelos.png?resize=300%2C39&amp;ssl=1 300w, https:\/\/i0.wp.com\/impresiondigitalgranformato.es\/wp-content\/uploads\/2019\/09\/impresion-digital-mas-modelos.png?resize=450%2C59&amp;ssl=1 450w\" sizes=\"auto, (max-width: 468px) 100vw, 468px\" \/><\/a><\/p>\n<p><span style=\"color: #ff6600;\"><strong>PARA COMPRAR:<\/strong>\u00a0<\/span>Elija el tama\u00f1o que necesita, el color de texto y el porcentaje de descuento a indicar.<\/p>","protected":false},"featured_media":12983,"comment_status":"open","ping_status":"closed","template":"","meta":[],"product_brand":[],"product_cat":[94],"product_tag":[],"class_list":{"0":"post-12981","1":"product","2":"type-product","3":"status-publish","4":"has-post-thumbnail","6":"product_cat-carteles-para-rebajas-reutilizables","8":"first","9":"instock","10":"taxable","11":"shipping-taxable","12":"purchasable","13":"product-type-simple"},"yoast_head":"<!-- This site is optimized with the Yoast SEO plugin v27.3 - https:\/\/yoast.com\/product\/yoast-seo-wordpress\/ -->\n<title>Cartel para rebajas reutilizable cuadrado - Los + baratos<\/title>\n<meta name=\"robots\" content=\"index, follow, max-snippet:-1, max-image-preview:large, max-video-preview:-1\" \/>\n<link rel=\"canonical\" href=\"https:\/\/impresiondigitalgranformato.es\/de\/produkt\/cartel-rebajas-reutilizable-cuadrado\/\" \/>\n<meta property=\"og:locale\" content=\"de_DE\" \/>\n<meta property=\"og:type\" content=\"article\" \/>\n<meta property=\"og:title\" content=\"Cartel para rebajas reutilizable cuadrado - Los + baratos\" \/>\n<meta property=\"og:description\" content=\"Cartel para periodos de rebajas Reutilizable cuadrado  El cartel de realiza sobre PVC incoloro flexible y queda sujeto al cristal con ventosas  Una vez termine las rebajas lo podr\u00e1 recoger y utilizar en el siguiente periodo de rebajas (v\u00eddeo del producto)  Diferentes tama\u00f1os para elegir.  Varios colores para personalizar el texto REBAJAS  DESCUENTOS POR CANTIDADES !!!\u00a0(consulte la tabla de precios)  Env\u00edo gratuito\u00a0desde la 1\u00aa unid.  Este producto se puede entregar en 24 horas*    PARA COMPRAR:\u00a0Elija el tama\u00f1o que necesita, el color de texto y el porcentaje de descuento a indicar.\" \/>\n<meta property=\"og:url\" content=\"https:\/\/impresiondigitalgranformato.es\/de\/produkt\/cartel-rebajas-reutilizable-cuadrado\/\" \/>\n<meta property=\"og:site_name\" content=\"Los + baratos\" \/>\n<meta property=\"article:modified_time\" content=\"2021-01-08T10:01:45+00:00\" \/>\n<meta property=\"og:image\" content=\"https:\/\/i0.wp.com\/impresiondigitalgranformato.es\/wp-content\/uploads\/2020\/07\/cartel-rebajas-reutilizable-cuadrado.jpg?fit=709%2C709&ssl=1\" \/>\n\t<meta property=\"og:image:width\" content=\"709\" \/>\n\t<meta property=\"og:image:height\" content=\"709\" \/>\n\t<meta property=\"og:image:type\" content=\"image\/jpeg\" \/>\n<meta name=\"twitter:card\" content=\"summary_large_image\" \/>\n<script type=\"application\/ld+json\" class=\"yoast-schema-graph\">{\"@context\":\"https:\\\/\\\/schema.org\",\"@graph\":[{\"@type\":\"WebPage\",\"@id\":\"https:\\\/\\\/impresiondigitalgranformato.es\\\/producto\\\/cartel-rebajas-reutilizable-cuadrado\\\/\",\"url\":\"https:\\\/\\\/impresiondigitalgranformato.es\\\/producto\\\/cartel-rebajas-reutilizable-cuadrado\\\/\",\"name\":\"Cartel para rebajas reutilizable cuadrado - Los + baratos\",\"isPartOf\":{\"@id\":\"https:\\\/\\\/impresiondigitalgranformato.es\\\/#website\"},\"primaryImageOfPage\":{\"@id\":\"https:\\\/\\\/impresiondigitalgranformato.es\\\/producto\\\/cartel-rebajas-reutilizable-cuadrado\\\/#primaryimage\"},\"image\":{\"@id\":\"https:\\\/\\\/impresiondigitalgranformato.es\\\/producto\\\/cartel-rebajas-reutilizable-cuadrado\\\/#primaryimage\"},\"thumbnailUrl\":\"https:\\\/\\\/i0.wp.com\\\/impresiondigitalgranformato.es\\\/wp-content\\\/uploads\\\/2020\\\/07\\\/cartel-rebajas-reutilizable-cuadrado.jpg?fit=709%2C709&ssl=1\",\"datePublished\":\"2020-07-08T16:45:02+00:00\",\"dateModified\":\"2021-01-08T10:01:45+00:00\",\"breadcrumb\":{\"@id\":\"https:\\\/\\\/impresiondigitalgranformato.es\\\/producto\\\/cartel-rebajas-reutilizable-cuadrado\\\/#breadcrumb\"},\"inLanguage\":\"de\",\"potentialAction\":[{\"@type\":\"ReadAction\",\"target\":[\"https:\\\/\\\/impresiondigitalgranformato.es\\\/producto\\\/cartel-rebajas-reutilizable-cuadrado\\\/\"]}]},{\"@type\":\"ImageObject\",\"inLanguage\":\"de\",\"@id\":\"https:\\\/\\\/impresiondigitalgranformato.es\\\/producto\\\/cartel-rebajas-reutilizable-cuadrado\\\/#primaryimage\",\"url\":\"https:\\\/\\\/i0.wp.com\\\/impresiondigitalgranformato.es\\\/wp-content\\\/uploads\\\/2020\\\/07\\\/cartel-rebajas-reutilizable-cuadrado.jpg?fit=709%2C709&ssl=1\",\"contentUrl\":\"https:\\\/\\\/i0.wp.com\\\/impresiondigitalgranformato.es\\\/wp-content\\\/uploads\\\/2020\\\/07\\\/cartel-rebajas-reutilizable-cuadrado.jpg?fit=709%2C709&ssl=1\",\"width\":709,\"height\":709,\"caption\":\"cartel rebajas reutilizable cuadrado\"},{\"@type\":\"BreadcrumbList\",\"@id\":\"https:\\\/\\\/impresiondigitalgranformato.es\\\/producto\\\/cartel-rebajas-reutilizable-cuadrado\\\/#breadcrumb\",\"itemListElement\":[{\"@type\":\"ListItem\",\"position\":1,\"name\":\"Portada\",\"item\":\"https:\\\/\\\/impresiondigitalgranformato.es\\\/\"},{\"@type\":\"ListItem\",\"position\":2,\"name\":\"Productos\",\"item\":\"https:\\\/\\\/impresiondigitalgranformato.es\\\/venta-roll-up-banner\\\/\"},{\"@type\":\"ListItem\",\"position\":3,\"name\":\"Cartel para rebajas reutilizable cuadrado\"}]},{\"@type\":\"WebSite\",\"@id\":\"https:\\\/\\\/impresiondigitalgranformato.es\\\/#website\",\"url\":\"https:\\\/\\\/impresiondigitalgranformato.es\\\/\",\"name\":\"Los + baratos\",\"description\":\"impresi\u00f3n digital gran formato venta de roll up, banner, banderas, lonas, carteles, displays, publicidad\",\"publisher\":{\"@id\":\"https:\\\/\\\/impresiondigitalgranformato.es\\\/#organization\"},\"potentialAction\":[{\"@type\":\"SearchAction\",\"target\":{\"@type\":\"EntryPoint\",\"urlTemplate\":\"https:\\\/\\\/impresiondigitalgranformato.es\\\/?s={search_term_string}\"},\"query-input\":{\"@type\":\"PropertyValueSpecification\",\"valueRequired\":true,\"valueName\":\"search_term_string\"}}],\"inLanguage\":\"de\"},{\"@type\":\"Organization\",\"@id\":\"https:\\\/\\\/impresiondigitalgranformato.es\\\/#organization\",\"name\":\"Los + baratos\",\"url\":\"https:\\\/\\\/impresiondigitalgranformato.es\\\/\",\"logo\":{\"@type\":\"ImageObject\",\"inLanguage\":\"de\",\"@id\":\"https:\\\/\\\/impresiondigitalgranformato.es\\\/#\\\/schema\\\/logo\\\/image\\\/\",\"url\":\"https:\\\/\\\/i0.wp.com\\\/impresiondigitalgranformato.es\\\/wp-content\\\/uploads\\\/2016\\\/12\\\/cropped-logotipo-2-e1483373659766.png?fit=500%2C101&ssl=1\",\"contentUrl\":\"https:\\\/\\\/i0.wp.com\\\/impresiondigitalgranformato.es\\\/wp-content\\\/uploads\\\/2016\\\/12\\\/cropped-logotipo-2-e1483373659766.png?fit=500%2C101&ssl=1\",\"width\":500,\"height\":101,\"caption\":\"Los + baratos\"},\"image\":{\"@id\":\"https:\\\/\\\/impresiondigitalgranformato.es\\\/#\\\/schema\\\/logo\\\/image\\\/\"}}]}<\/script>\n<!-- \/ Yoast SEO plugin. -->","yoast_head_json":{"title":"Cartel para rebajas reutilizable cuadrado - Los + baratos","robots":{"index":"index","follow":"follow","max-snippet":"max-snippet:-1","max-image-preview":"max-image-preview:large","max-video-preview":"max-video-preview:-1"},"canonical":"https:\/\/impresiondigitalgranformato.es\/de\/produkt\/cartel-rebajas-reutilizable-cuadrado\/","og_locale":"de_DE","og_type":"article","og_title":"Cartel para rebajas reutilizable cuadrado - Los + baratos","og_description":"Cartel para periodos de rebajas Reutilizable cuadrado  El cartel de realiza sobre PVC incoloro flexible y queda sujeto al cristal con ventosas  Una vez termine las rebajas lo podr\u00e1 recoger y utilizar en el siguiente periodo de rebajas (v\u00eddeo del producto)  Diferentes tama\u00f1os para elegir.  Varios colores para personalizar el texto REBAJAS  DESCUENTOS POR CANTIDADES !!!\u00a0(consulte la tabla de precios)  Env\u00edo gratuito\u00a0desde la 1\u00aa unid.  Este producto se puede entregar en 24 horas*    PARA COMPRAR:\u00a0Elija el tama\u00f1o que necesita, el color de texto y el porcentaje de descuento a indicar.","og_url":"https:\/\/impresiondigitalgranformato.es\/de\/produkt\/cartel-rebajas-reutilizable-cuadrado\/","og_site_name":"Los + baratos","article_modified_time":"2021-01-08T10:01:45+00:00","og_image":[{"width":709,"height":709,"url":"https:\/\/i0.wp.com\/impresiondigitalgranformato.es\/wp-content\/uploads\/2020\/07\/cartel-rebajas-reutilizable-cuadrado.jpg?fit=709%2C709&ssl=1","type":"image\/jpeg"}],"twitter_card":"summary_large_image","schema":{"@context":"https:\/\/schema.org","@graph":[{"@type":"WebPage","@id":"https:\/\/impresiondigitalgranformato.es\/producto\/cartel-rebajas-reutilizable-cuadrado\/","url":"https:\/\/impresiondigitalgranformato.es\/producto\/cartel-rebajas-reutilizable-cuadrado\/","name":"Cartel para rebajas reutilizable cuadrado - Los + baratos","isPartOf":{"@id":"https:\/\/impresiondigitalgranformato.es\/#website"},"primaryImageOfPage":{"@id":"https:\/\/impresiondigitalgranformato.es\/producto\/cartel-rebajas-reutilizable-cuadrado\/#primaryimage"},"image":{"@id":"https:\/\/impresiondigitalgranformato.es\/producto\/cartel-rebajas-reutilizable-cuadrado\/#primaryimage"},"thumbnailUrl":"https:\/\/i0.wp.com\/impresiondigitalgranformato.es\/wp-content\/uploads\/2020\/07\/cartel-rebajas-reutilizable-cuadrado.jpg?fit=709%2C709&ssl=1","datePublished":"2020-07-08T16:45:02+00:00","dateModified":"2021-01-08T10:01:45+00:00","breadcrumb":{"@id":"https:\/\/impresiondigitalgranformato.es\/producto\/cartel-rebajas-reutilizable-cuadrado\/#breadcrumb"},"inLanguage":"de","potentialAction":[{"@type":"ReadAction","target":["https:\/\/impresiondigitalgranformato.es\/producto\/cartel-rebajas-reutilizable-cuadrado\/"]}]},{"@type":"ImageObject","inLanguage":"de","@id":"https:\/\/impresiondigitalgranformato.es\/producto\/cartel-rebajas-reutilizable-cuadrado\/#primaryimage","url":"https:\/\/i0.wp.com\/impresiondigitalgranformato.es\/wp-content\/uploads\/2020\/07\/cartel-rebajas-reutilizable-cuadrado.jpg?fit=709%2C709&ssl=1","contentUrl":"https:\/\/i0.wp.com\/impresiondigitalgranformato.es\/wp-content\/uploads\/2020\/07\/cartel-rebajas-reutilizable-cuadrado.jpg?fit=709%2C709&ssl=1","width":709,"height":709,"caption":"cartel rebajas reutilizable cuadrado"},{"@type":"BreadcrumbList","@id":"https:\/\/impresiondigitalgranformato.es\/producto\/cartel-rebajas-reutilizable-cuadrado\/#breadcrumb","itemListElement":[{"@type":"ListItem","position":1,"name":"Portada","item":"https:\/\/impresiondigitalgranformato.es\/"},{"@type":"ListItem","position":2,"name":"Productos","item":"https:\/\/impresiondigitalgranformato.es\/venta-roll-up-banner\/"},{"@type":"ListItem","position":3,"name":"Cartel para rebajas reutilizable cuadrado"}]},{"@type":"WebSite","@id":"https:\/\/impresiondigitalgranformato.es\/#website","url":"https:\/\/impresiondigitalgranformato.es\/","name":"Die billigsten","description":"Gro\u00dfformatiger Digitaldruck Verkauf von Roll-ups, Bannern, Flaggen, Fahnen, Planen, Postern, Displays, Anzeigen","publisher":{"@id":"https:\/\/impresiondigitalgranformato.es\/#organization"},"potentialAction":[{"@type":"SearchAction","target":{"@type":"EntryPoint","urlTemplate":"https:\/\/impresiondigitalgranformato.es\/?s={search_term_string}"},"query-input":{"@type":"PropertyValueSpecification","valueRequired":true,"valueName":"search_term_string"}}],"inLanguage":"de"},{"@type":"Organization","@id":"https:\/\/impresiondigitalgranformato.es\/#organization","name":"Die billigsten","url":"https:\/\/impresiondigitalgranformato.es\/","logo":{"@type":"ImageObject","inLanguage":"de","@id":"https:\/\/impresiondigitalgranformato.es\/#\/schema\/logo\/image\/","url":"https:\/\/i0.wp.com\/impresiondigitalgranformato.es\/wp-content\/uploads\/2016\/12\/cropped-logotipo-2-e1483373659766.png?fit=500%2C101&ssl=1","contentUrl":"https:\/\/i0.wp.com\/impresiondigitalgranformato.es\/wp-content\/uploads\/2016\/12\/cropped-logotipo-2-e1483373659766.png?fit=500%2C101&ssl=1","width":500,"height":101,"caption":"Los + baratos"},"image":{"@id":"https:\/\/impresiondigitalgranformato.es\/#\/schema\/logo\/image\/"}}]}},"jetpack_sharing_enabled":true,"_links":{"self":[{"href":"https:\/\/impresiondigitalgranformato.es\/de\/wp-json\/wp\/v2\/product\/12981","targetHints":{"allow":["GET"]}}],"collection":[{"href":"https:\/\/impresiondigitalgranformato.es\/de\/wp-json\/wp\/v2\/product"}],"about":[{"href":"https:\/\/impresiondigitalgranformato.es\/de\/wp-json\/wp\/v2\/types\/product"}],"replies":[{"embeddable":true,"href":"https:\/\/impresiondigitalgranformato.es\/de\/wp-json\/wp\/v2\/comments?post=12981"}],"wp:featuredmedia":[{"embeddable":true,"href":"https:\/\/impresiondigitalgranformato.es\/de\/wp-json\/wp\/v2\/media\/12983"}],"wp:attachment":[{"href":"https:\/\/impresiondigitalgranformato.es\/de\/wp-json\/wp\/v2\/media?parent=12981"}],"wp:term":[{"taxonomy":"product_brand","embeddable":true,"href":"https:\/\/impresiondigitalgranformato.es\/de\/wp-json\/wp\/v2\/product_brand?post=12981"},{"taxonomy":"product_cat","embeddable":true,"href":"https:\/\/impresiondigitalgranformato.es\/de\/wp-json\/wp\/v2\/product_cat?post=12981"},{"taxonomy":"product_tag","embeddable":true,"href":"https:\/\/impresiondigitalgranformato.es\/de\/wp-json\/wp\/v2\/product_tag?post=12981"}],"curies":[{"name":"wp","href":"https:\/\/api.w.org\/{rel}","templated":true}]}}