{"id":13000,"date":"2020-07-14T19:42:48","date_gmt":"2020-07-14T17:42:48","guid":{"rendered":"http:\/\/impresiondigitalgranformato.es\/?post_type=product&#038;p=13000"},"modified":"2025-07-04T18:16:17","modified_gmt":"2025-07-04T16:16:17","slug":"aufrollbares-poster","status":"publish","type":"product","link":"https:\/\/impresiondigitalgranformato.es\/de\/producto\/cartel-para-roll-up\/","title":{"rendered":"Poster aufrollen"},"content":{"rendered":"<h1><span style=\"color: #003366;\">Roll-Up-Poster.<\/span><\/h1>\n<p>Mit diesem Roll-Up-Poster<strong> Auch f\u00fcr andere Werbezwecke k\u00f6nnen Sie die Vorteile von Roll-Up-Strukturen nutzen.<\/strong><\/p>\n<p>Wir haben die Roll-Up-Grafik auf 450 g satiniertem PVC-Canvas erstellt.<\/p>\n<p>Mit hochwertigem Digitaldruck<\/p>\n<p>Wir liefern das Poster mit einer selbstklebenden Unterseite, sodass es an der Struktur befestigt werden kann.<\/p>\n<p>Damit Sie das Sammelsystem auch w\u00e4hrend des Roll-Up-Wechsels an Ort und Stelle halten k\u00f6nnen, legen wir Ihnen auch einen Schl\u00fcssel bei.<\/p>\n<p><span style=\"color: #000000;\"><strong>Das \u00c4ndern der Grafiken ist ganz einfach.<\/strong>.<\/span> <a href=\"https:\/\/youtu.be\/WABAGAbb1SY\" target=\"_blank\" rel=\"noopener\">Sehen Sie sich unser Video an.<\/a><\/p>\n<p><span style=\"color: #ff0000;\">MENGENRABATTE !!!<\/span><\/p>\n<p><strong>---<\/strong><\/p>\n<p>Dieses Produkt kann innerhalb von 24 Stunden geliefert werden<strong>*<\/strong><\/p>\n<p><span style=\"color: #003366;\"><strong>Wir haben mehrere Gr\u00f6\u00dfen verf\u00fcgbar<\/strong><\/span> Die am h\u00e4ufigsten verwendeten Gr\u00f6\u00dfen f\u00fcr Roll-Up-Grafiken sind: 40 x 200 cm, 50 x 200 cm, 60 x 160 cm, 60 x 200 cm, 80 x 200 cm, 85 x 200 cm, 100 x 200 cm, 120 x 200 cm, 125 x 200 cm, 150 x 200 cm, 175 x 200 cm, 200 x 200 cm, 220 x 200 cm, 240 x 200 cm und 320 x 200 cm. Sollten Sie die passende Gr\u00f6\u00dfe f\u00fcr Ihr Roll-Up-Poster nicht finden, kontaktieren Sie uns bitte. <a href=\"https:\/\/impresiondigitalgranformato.es\/de\/kontakt\/\" target=\"_blank\" rel=\"noopener\">Kontakt<\/a> bei uns und wir k\u00f6nnen es in der von Ihnen ben\u00f6tigten Gr\u00f6\u00dfe herstellen.<\/p>\n<h3><span style=\"color: #008000;\">Warum die Roll-Up-Grafik \u00e4ndern?<\/span><\/h3>\n<p>Zun\u00e4chst einmal ist es eine finanzielle \u00dcberlegung. Nat\u00fcrlich ist es g\u00fcnstiger, ein Roll-up-Banner einzeln zu kaufen als ein komplettes Roll-up-Banner mit Rahmen, Grafik und Tragetasche. Aber das Wichtigste ist das Recycling eines alten Roll-up-Banners. Durch die Wiederverwendung eines Aluminium-Roll-up-Banners tragen wir zu einem saubereren Planeten mit weniger Umweltverschmutzung bei.<\/p>\n<p>Bei impresiondigitalgranformato.es wissen wir, dass viele Unternehmen, sowohl direkt als auch indirekt, sowie Mitarbeiter und ihre Familien von der Aluminiumproduktion abh\u00e4ngig sind. Daher haben wir nichts dagegen. Wir m\u00f6chten jedoch an uns selbst als Verbraucher appellieren, das Bewusstsein f\u00fcr die Wiederverwendung zu sch\u00e4rfen. Wir sind uns bewusst, dass wir uns angew\u00f6hnt haben, neue Roll-Up-Strukturen direkt zu kaufen, anstatt die vorhandenen zu nutzen. Ein einfacher Grafikwechsel w\u00fcrde f\u00fcr keine Veranstaltung funktionieren. Die von uns verkauften Roll-Ups sind von guter Qualit\u00e4t und halten dem Lauf der Zeit und der Nutzung gut stand. Mit nur 5 Minuten, so lange dauert der Grafikwechsel, tragen wir dazu bei, CO2-Emissionen zu reduzieren, die Abholzung zu verringern und ein besseres \u00d6kosystem zu schaffen \u2026 und wir sparen Geld, was immer n\u00fctzlich ist.<\/p>\n<p>&nbsp;<\/p>","protected":false},"excerpt":{"rendered":"<p>Roll-Up-Poster, <strong>Auch f\u00fcr andere Werbezwecke k\u00f6nnen Sie die Vorteile von Roll-Up-Strukturen nutzen.<\/strong><\/p>\n<p>Grafik aus 450 g satiniertem, gegossenem PVC-Canvas.<\/p>\n<p>Mit hochwertigem Digitaldruck<\/p>\n<p>Wir liefern das Poster mit einer selbstklebenden Unterseite, sodass es an der Struktur befestigt werden kann.<\/p>\n<p>Damit Sie das Sammelsystem auch w\u00e4hrend des Roll-Up-Wechsels an Ort und Stelle halten k\u00f6nnen, legen wir Ihnen auch einen Schl\u00fcssel bei.<\/p>\n<p><span style=\"color: #000000;\"><strong>Das \u00c4ndern der Grafiken ist ganz einfach.<\/strong>.<\/span> <a href=\"https:\/\/youtu.be\/WABAGAbb1SY\" target=\"_blank\" rel=\"noopener\">Sehen Sie sich unser Video an.<\/a><\/p>\n<p><span style=\"color: #ff0000;\">MENGENRABATTE !!!<\/span><\/p>\n<p><strong>---<\/strong><\/p>\n<p>Dieses Produkt kann innerhalb von 24 Stunden geliefert werden<strong>*<\/strong><\/p>\n<p><a href=\"https:\/\/impresiondigitalgranformato.es\/de\/aufrollen\/\"><img loading=\"lazy\" decoding=\"async\" class=\"size-full wp-image-12936 alignnone\" src=\"https:\/\/impresiondigitalgranformato.es\/wp-content\/uploads\/2019\/09\/impresion-digital-mas-modelos.png\" alt=\"Digitaldruck weitere Modelle\" width=\"468\" height=\"61\" srcset=\"https:\/\/i0.wp.com\/impresiondigitalgranformato.es\/wp-content\/uploads\/2019\/09\/impresion-digital-mas-modelos.png?w=468&amp;ssl=1 468w, https:\/\/i0.wp.com\/impresiondigitalgranformato.es\/wp-content\/uploads\/2019\/09\/impresion-digital-mas-modelos.png?resize=100%2C13&amp;ssl=1 100w, https:\/\/i0.wp.com\/impresiondigitalgranformato.es\/wp-content\/uploads\/2019\/09\/impresion-digital-mas-modelos.png?resize=150%2C20&amp;ssl=1 150w, https:\/\/i0.wp.com\/impresiondigitalgranformato.es\/wp-content\/uploads\/2019\/09\/impresion-digital-mas-modelos.png?resize=200%2C26&amp;ssl=1 200w, https:\/\/i0.wp.com\/impresiondigitalgranformato.es\/wp-content\/uploads\/2019\/09\/impresion-digital-mas-modelos.png?resize=300%2C39&amp;ssl=1 300w, https:\/\/i0.wp.com\/impresiondigitalgranformato.es\/wp-content\/uploads\/2019\/09\/impresion-digital-mas-modelos.png?resize=450%2C59&amp;ssl=1 450w\" sizes=\"auto, (max-width: 468px) 100vw, 468px\" \/><\/a><\/p>\n<p>&nbsp;<\/p>","protected":false},"featured_media":13001,"comment_status":"open","ping_status":"closed","template":"","meta":[],"product_brand":[],"product_cat":[24],"product_tag":[],"class_list":{"0":"post-13000","1":"product","2":"type-product","3":"status-publish","4":"has-post-thumbnail","6":"product_cat-roll-up-baratos","8":"first","9":"instock","10":"sold-individually","11":"taxable","12":"shipping-taxable","13":"purchasable","14":"product-type-simple"},"yoast_head":"<!-- This site is optimized with the Yoast SEO plugin v27.4 - https:\/\/yoast.com\/product\/yoast-seo-wordpress\/ -->\n<title>Cartel para roll up - Los + baratos - Gr\u00e1fica barata para rollup<\/title>\n<meta name=\"description\" content=\"Cartel para roll up. Desde 11 euros podr\u00e1 reutilizar los roll ups, gr\u00e1fica para roll up con entrega en 24 horas. Cartel rollup en lona.\" \/>\n<meta name=\"robots\" content=\"index, follow, max-snippet:-1, max-image-preview:large, max-video-preview:-1\" \/>\n<link rel=\"canonical\" href=\"https:\/\/impresiondigitalgranformato.es\/de\/produkt\/aufrollbares-poster\/\" \/>\n<meta property=\"og:locale\" content=\"de_DE\" \/>\n<meta property=\"og:type\" content=\"article\" \/>\n<meta property=\"og:title\" content=\"Cartel para roll up - Los + baratos - Gr\u00e1fica barata para rollup\" \/>\n<meta property=\"og:description\" content=\"Cartel para roll up. Desde 11 euros podr\u00e1 reutilizar los roll ups, gr\u00e1fica para roll up con entrega en 24 horas. Cartel rollup en lona.\" \/>\n<meta property=\"og:url\" content=\"https:\/\/impresiondigitalgranformato.es\/de\/produkt\/aufrollbares-poster\/\" \/>\n<meta property=\"og:site_name\" content=\"Los + baratos\" \/>\n<meta property=\"article:modified_time\" content=\"2025-07-04T16:16:17+00:00\" \/>\n<meta property=\"og:image\" content=\"http:\/\/impresiondigitalgranformato.es\/wp-content\/uploads\/2020\/07\/cartel-para-roll-up.jpg\" \/>\n\t<meta property=\"og:image:width\" content=\"637\" \/>\n\t<meta property=\"og:image:height\" content=\"637\" \/>\n\t<meta property=\"og:image:type\" content=\"image\/jpeg\" \/>\n<meta name=\"twitter:card\" content=\"summary_large_image\" \/>\n<meta name=\"twitter:label1\" content=\"Gesch\u00e4tzte Lesezeit\" \/>\n\t<meta name=\"twitter:data1\" content=\"3\u00a0Minuten\" \/>\n<script type=\"application\/ld+json\" class=\"yoast-schema-graph\">{\"@context\":\"https:\\\/\\\/schema.org\",\"@graph\":[{\"@type\":\"WebPage\",\"@id\":\"https:\\\/\\\/impresiondigitalgranformato.es\\\/producto\\\/cartel-para-roll-up\\\/\",\"url\":\"https:\\\/\\\/impresiondigitalgranformato.es\\\/producto\\\/cartel-para-roll-up\\\/\",\"name\":\"Cartel para roll up - Los + baratos - Gr\u00e1fica barata para rollup\",\"isPartOf\":{\"@id\":\"https:\\\/\\\/impresiondigitalgranformato.es\\\/#website\"},\"primaryImageOfPage\":{\"@id\":\"https:\\\/\\\/impresiondigitalgranformato.es\\\/producto\\\/cartel-para-roll-up\\\/#primaryimage\"},\"image\":{\"@id\":\"https:\\\/\\\/impresiondigitalgranformato.es\\\/producto\\\/cartel-para-roll-up\\\/#primaryimage\"},\"thumbnailUrl\":\"https:\\\/\\\/i0.wp.com\\\/impresiondigitalgranformato.es\\\/wp-content\\\/uploads\\\/2020\\\/07\\\/cartel-para-roll-up.jpg?fit=637%2C637&ssl=1\",\"datePublished\":\"2020-07-14T17:42:48+00:00\",\"dateModified\":\"2025-07-04T16:16:17+00:00\",\"description\":\"Cartel para roll up. Desde 11 euros podr\u00e1 reutilizar los roll ups, gr\u00e1fica para roll up con entrega en 24 horas. Cartel rollup en lona.\",\"breadcrumb\":{\"@id\":\"https:\\\/\\\/impresiondigitalgranformato.es\\\/producto\\\/cartel-para-roll-up\\\/#breadcrumb\"},\"inLanguage\":\"de\",\"potentialAction\":[{\"@type\":\"ReadAction\",\"target\":[\"https:\\\/\\\/impresiondigitalgranformato.es\\\/producto\\\/cartel-para-roll-up\\\/\"]}]},{\"@type\":\"ImageObject\",\"inLanguage\":\"de\",\"@id\":\"https:\\\/\\\/impresiondigitalgranformato.es\\\/producto\\\/cartel-para-roll-up\\\/#primaryimage\",\"url\":\"https:\\\/\\\/i0.wp.com\\\/impresiondigitalgranformato.es\\\/wp-content\\\/uploads\\\/2020\\\/07\\\/cartel-para-roll-up.jpg?fit=637%2C637&ssl=1\",\"contentUrl\":\"https:\\\/\\\/i0.wp.com\\\/impresiondigitalgranformato.es\\\/wp-content\\\/uploads\\\/2020\\\/07\\\/cartel-para-roll-up.jpg?fit=637%2C637&ssl=1\",\"width\":637,\"height\":637,\"caption\":\"cartel para roll up\"},{\"@type\":\"BreadcrumbList\",\"@id\":\"https:\\\/\\\/impresiondigitalgranformato.es\\\/producto\\\/cartel-para-roll-up\\\/#breadcrumb\",\"itemListElement\":[{\"@type\":\"ListItem\",\"position\":1,\"name\":\"Portada\",\"item\":\"https:\\\/\\\/impresiondigitalgranformato.es\\\/\"},{\"@type\":\"ListItem\",\"position\":2,\"name\":\"Productos\",\"item\":\"https:\\\/\\\/impresiondigitalgranformato.es\\\/venta-roll-up-banner\\\/\"},{\"@type\":\"ListItem\",\"position\":3,\"name\":\"Cartel para Roll up\"}]},{\"@type\":\"WebSite\",\"@id\":\"https:\\\/\\\/impresiondigitalgranformato.es\\\/#website\",\"url\":\"https:\\\/\\\/impresiondigitalgranformato.es\\\/\",\"name\":\"Los + baratos\",\"description\":\"impresi\u00f3n digital gran formato venta de roll up, banner, banderas, lonas, carteles, displays, publicidad\",\"publisher\":{\"@id\":\"https:\\\/\\\/impresiondigitalgranformato.es\\\/#organization\"},\"potentialAction\":[{\"@type\":\"SearchAction\",\"target\":{\"@type\":\"EntryPoint\",\"urlTemplate\":\"https:\\\/\\\/impresiondigitalgranformato.es\\\/?s={search_term_string}\"},\"query-input\":{\"@type\":\"PropertyValueSpecification\",\"valueRequired\":true,\"valueName\":\"search_term_string\"}}],\"inLanguage\":\"de\"},{\"@type\":\"Organization\",\"@id\":\"https:\\\/\\\/impresiondigitalgranformato.es\\\/#organization\",\"name\":\"Los + baratos\",\"url\":\"https:\\\/\\\/impresiondigitalgranformato.es\\\/\",\"logo\":{\"@type\":\"ImageObject\",\"inLanguage\":\"de\",\"@id\":\"https:\\\/\\\/impresiondigitalgranformato.es\\\/#\\\/schema\\\/logo\\\/image\\\/\",\"url\":\"https:\\\/\\\/i0.wp.com\\\/impresiondigitalgranformato.es\\\/wp-content\\\/uploads\\\/2016\\\/12\\\/cropped-logotipo-2-e1483373659766.png?fit=500%2C101&ssl=1\",\"contentUrl\":\"https:\\\/\\\/i0.wp.com\\\/impresiondigitalgranformato.es\\\/wp-content\\\/uploads\\\/2016\\\/12\\\/cropped-logotipo-2-e1483373659766.png?fit=500%2C101&ssl=1\",\"width\":500,\"height\":101,\"caption\":\"Los + baratos\"},\"image\":{\"@id\":\"https:\\\/\\\/impresiondigitalgranformato.es\\\/#\\\/schema\\\/logo\\\/image\\\/\"}}]}<\/script>\n<!-- \/ Yoast SEO plugin. -->","yoast_head_json":{"title":"Roll-Up Poster - Das g\u00fcnstigste - G\u00fcnstige Roll-Up Grafiken","description":"Roll-Up-Poster. Ab 11 Euro k\u00f6nnen Sie Roll-Ups wiederverwenden. Roll-Up-Grafiken mit 24-Stunden-Lieferung. Roll-Up-Poster auf Leinwand.","robots":{"index":"index","follow":"follow","max-snippet":"max-snippet:-1","max-image-preview":"max-image-preview:large","max-video-preview":"max-video-preview:-1"},"canonical":"https:\/\/impresiondigitalgranformato.es\/de\/produkt\/aufrollbares-poster\/","og_locale":"de_DE","og_type":"article","og_title":"Cartel para roll up - Los + baratos - Gr\u00e1fica barata para rollup","og_description":"Cartel para roll up. Desde 11 euros podr\u00e1 reutilizar los roll ups, gr\u00e1fica para roll up con entrega en 24 horas. Cartel rollup en lona.","og_url":"https:\/\/impresiondigitalgranformato.es\/de\/produkt\/aufrollbares-poster\/","og_site_name":"Los + baratos","article_modified_time":"2025-07-04T16:16:17+00:00","og_image":[{"width":637,"height":637,"url":"http:\/\/impresiondigitalgranformato.es\/wp-content\/uploads\/2020\/07\/cartel-para-roll-up.jpg","type":"image\/jpeg"}],"twitter_card":"summary_large_image","twitter_misc":{"Gesch\u00e4tzte Lesezeit":"3\u00a0Minuten"},"schema":{"@context":"https:\/\/schema.org","@graph":[{"@type":"WebPage","@id":"https:\/\/impresiondigitalgranformato.es\/producto\/cartel-para-roll-up\/","url":"https:\/\/impresiondigitalgranformato.es\/producto\/cartel-para-roll-up\/","name":"Roll-Up Poster - Das g\u00fcnstigste - G\u00fcnstige Roll-Up Grafiken","isPartOf":{"@id":"https:\/\/impresiondigitalgranformato.es\/#website"},"primaryImageOfPage":{"@id":"https:\/\/impresiondigitalgranformato.es\/producto\/cartel-para-roll-up\/#primaryimage"},"image":{"@id":"https:\/\/impresiondigitalgranformato.es\/producto\/cartel-para-roll-up\/#primaryimage"},"thumbnailUrl":"https:\/\/i0.wp.com\/impresiondigitalgranformato.es\/wp-content\/uploads\/2020\/07\/cartel-para-roll-up.jpg?fit=637%2C637&ssl=1","datePublished":"2020-07-14T17:42:48+00:00","dateModified":"2025-07-04T16:16:17+00:00","description":"Roll-Up-Poster. Ab 11 Euro k\u00f6nnen Sie Roll-Ups wiederverwenden. Roll-Up-Grafiken mit 24-Stunden-Lieferung. Roll-Up-Poster auf Leinwand.","breadcrumb":{"@id":"https:\/\/impresiondigitalgranformato.es\/producto\/cartel-para-roll-up\/#breadcrumb"},"inLanguage":"de","potentialAction":[{"@type":"ReadAction","target":["https:\/\/impresiondigitalgranformato.es\/producto\/cartel-para-roll-up\/"]}]},{"@type":"ImageObject","inLanguage":"de","@id":"https:\/\/impresiondigitalgranformato.es\/producto\/cartel-para-roll-up\/#primaryimage","url":"https:\/\/i0.wp.com\/impresiondigitalgranformato.es\/wp-content\/uploads\/2020\/07\/cartel-para-roll-up.jpg?fit=637%2C637&ssl=1","contentUrl":"https:\/\/i0.wp.com\/impresiondigitalgranformato.es\/wp-content\/uploads\/2020\/07\/cartel-para-roll-up.jpg?fit=637%2C637&ssl=1","width":637,"height":637,"caption":"cartel para roll up"},{"@type":"BreadcrumbList","@id":"https:\/\/impresiondigitalgranformato.es\/producto\/cartel-para-roll-up\/#breadcrumb","itemListElement":[{"@type":"ListItem","position":1,"name":"Portada","item":"https:\/\/impresiondigitalgranformato.es\/"},{"@type":"ListItem","position":2,"name":"Productos","item":"https:\/\/impresiondigitalgranformato.es\/venta-roll-up-banner\/"},{"@type":"ListItem","position":3,"name":"Cartel para Roll up"}]},{"@type":"WebSite","@id":"https:\/\/impresiondigitalgranformato.es\/#website","url":"https:\/\/impresiondigitalgranformato.es\/","name":"Die billigsten","description":"Gro\u00dfformatiger Digitaldruck Verkauf von Roll-ups, Bannern, Flaggen, Fahnen, Planen, Postern, Displays, Anzeigen","publisher":{"@id":"https:\/\/impresiondigitalgranformato.es\/#organization"},"potentialAction":[{"@type":"SearchAction","target":{"@type":"EntryPoint","urlTemplate":"https:\/\/impresiondigitalgranformato.es\/?s={search_term_string}"},"query-input":{"@type":"PropertyValueSpecification","valueRequired":true,"valueName":"search_term_string"}}],"inLanguage":"de"},{"@type":"Organization","@id":"https:\/\/impresiondigitalgranformato.es\/#organization","name":"Die billigsten","url":"https:\/\/impresiondigitalgranformato.es\/","logo":{"@type":"ImageObject","inLanguage":"de","@id":"https:\/\/impresiondigitalgranformato.es\/#\/schema\/logo\/image\/","url":"https:\/\/i0.wp.com\/impresiondigitalgranformato.es\/wp-content\/uploads\/2016\/12\/cropped-logotipo-2-e1483373659766.png?fit=500%2C101&ssl=1","contentUrl":"https:\/\/i0.wp.com\/impresiondigitalgranformato.es\/wp-content\/uploads\/2016\/12\/cropped-logotipo-2-e1483373659766.png?fit=500%2C101&ssl=1","width":500,"height":101,"caption":"Los + baratos"},"image":{"@id":"https:\/\/impresiondigitalgranformato.es\/#\/schema\/logo\/image\/"}}]}},"jetpack_sharing_enabled":true,"_links":{"self":[{"href":"https:\/\/impresiondigitalgranformato.es\/de\/wp-json\/wp\/v2\/product\/13000","targetHints":{"allow":["GET"]}}],"collection":[{"href":"https:\/\/impresiondigitalgranformato.es\/de\/wp-json\/wp\/v2\/product"}],"about":[{"href":"https:\/\/impresiondigitalgranformato.es\/de\/wp-json\/wp\/v2\/types\/product"}],"replies":[{"embeddable":true,"href":"https:\/\/impresiondigitalgranformato.es\/de\/wp-json\/wp\/v2\/comments?post=13000"}],"wp:featuredmedia":[{"embeddable":true,"href":"https:\/\/impresiondigitalgranformato.es\/de\/wp-json\/wp\/v2\/media\/13001"}],"wp:attachment":[{"href":"https:\/\/impresiondigitalgranformato.es\/de\/wp-json\/wp\/v2\/media?parent=13000"}],"wp:term":[{"taxonomy":"product_brand","embeddable":true,"href":"https:\/\/impresiondigitalgranformato.es\/de\/wp-json\/wp\/v2\/product_brand?post=13000"},{"taxonomy":"product_cat","embeddable":true,"href":"https:\/\/impresiondigitalgranformato.es\/de\/wp-json\/wp\/v2\/product_cat?post=13000"},{"taxonomy":"product_tag","embeddable":true,"href":"https:\/\/impresiondigitalgranformato.es\/de\/wp-json\/wp\/v2\/product_tag?post=13000"}],"curies":[{"name":"wp","href":"https:\/\/api.w.org\/{rel}","templated":true}]}}