{"id":1318,"date":"2017-10-11T18:55:16","date_gmt":"2017-10-11T16:55:16","guid":{"rendered":"http:\/\/impresiondigitalgranformato.es\/?post_type=product&#038;p=1318"},"modified":"2025-07-14T11:37:19","modified_gmt":"2025-07-14T09:37:19","slug":"kostengunstiges-banner-60-x-160-cm","status":"publish","type":"product","link":"https:\/\/impresiondigitalgranformato.es\/de\/producto\/banner-economico-60-x-160-cm\/","title":{"rendered":"Banner 60 x 160 cm"},"content":{"rendered":"<p>Preisg\u00fcnstiges X-Banner 60 x 160 cm.<\/p>\n<p>Struktur aus Glasfaser.<\/p>\n<p>Hochwertiger Digitaldruck auf gegossener PVC-Leinwand.<\/p>\n<p>Inklusive Tragetasche aus Wildleder.<\/p>\n<p>Weitere Modelle finden Sie in unserem<a href=\"https:\/\/impresiondigitalgranformato.es\/de\/wirtschaftsbanner-und-x-banner\/\"> banner oder Xbanner<\/a><\/p>\n<hr \/>\n<p>Mit diesem preiswerten X-f\u00f6rmigen Banner k\u00f6nnen Sie die Grafik so oft wie n\u00f6tig wechseln.<\/p>\n<p>Verwenden Sie es f\u00fcr Messen, Kongresse, Hochzeiten, Partys oder in Verkaufsstellen, um jede Art von Angebot oder Veranstaltung auf kleinem Raum zu bewerben. Das Display ist leicht zu transportieren, da sich das gesamte Produkt in der Transporttasche befindet und nur 1 kg wiegt. Sie k\u00f6nnen das Banner so oft wie Sie wollen lagern oder bewegen und es bleibt gut gesch\u00fctzt.<\/p>\n<p>Wenn Sie ein gr\u00f6\u00dferes Format ben\u00f6tigen, k\u00f6nnen Sie sich auf unserer Website das 80 x 200 cm gro\u00dfe Banner ansehen. Diese Gr\u00f6\u00dfe ist ebenfalls sehr beliebt. Oder wenn Ihr Entwurf eine spezielle Gr\u00f6\u00dfe ben\u00f6tigt, besuchen Sie bitte <a href=\"https:\/\/impresiondigitalgranformato.es\/de\/produkt\/banner-medida-especial\/\" target=\"_blank\" rel=\"noopener\">BANNER SONDERMASSNAHME. <\/a>Hier finden Sie verschiedene Gr\u00f6\u00dfen. Nach so vielen Jahren in der Branche haben wir festgestellt, dass es nicht immer einfach ist, Designs an standardisierte Formate anzupassen.<\/p>\n<p>Alle Banner, die wir anbieten, sind einfach zu montieren und k\u00f6nnen in unserer <a href=\"https:\/\/www.youtube.com\/watch?v=x3H4sVQyc40\" target=\"_blank\" rel=\"noopener\">Video<\/a> Sie bauen es in weniger als einer Minute zusammen, und wie wir bereits angedeutet haben, k\u00f6nnen Sie die Grafiken so oft austauschen, wie Sie brauchen. Sie k\u00f6nnen w\u00e4hlen, ob Sie Struktur + Grafik oder nur die Grafik kaufen.<\/p>\n<hr \/>\n<p data-pbs-phone-margin-top=\"1px\">","protected":false},"excerpt":{"rendered":"<p><strong>Preisg\u00fcnstiges Banner 60 x 160 cm.<\/strong><\/p>\n<p><strong><span style=\"color: #ff0000;\">MENGENRABATTE !!!<\/span><\/strong><\/p>\n<p><strong>-<\/strong>\u00a0aus der 1. Einheit<\/p>\n<p>Dieses Produkt kann innerhalb von 24 Stunden geliefert werden<strong>*<\/strong><\/p>\n<p><span style=\"color: #000080;\"><a style=\"color: #000080;\" href=\"https:\/\/impresiondigitalgranformato.es\/de\/wirtschaftsbanner-und-x-banner\/\">Mehr Modelle sehen<\/a><\/span><\/p>","protected":false},"featured_media":1319,"comment_status":"open","ping_status":"closed","template":"","meta":[],"product_brand":[],"product_cat":[42],"product_tag":[],"class_list":{"0":"post-1318","1":"product","2":"type-product","3":"status-publish","4":"has-post-thumbnail","6":"product_cat-banner-economico","8":"first","9":"instock","10":"sold-individually","11":"taxable","12":"shipping-taxable","13":"purchasable","14":"product-type-simple"},"yoast_head":"<!-- This site is optimized with the Yoast SEO plugin v27.4 - https:\/\/yoast.com\/product\/yoast-seo-wordpress\/ -->\n<title>banner econ\u00f3mico - banner 60 x 160 cm - Env\u00edo Gratis - Los + baratos<\/title>\n<meta name=\"description\" content=\"Banner econ\u00f3mico, gr\u00e1fica realizada en impresi\u00f3n digital sobre lona de pvc y estructura de fibra de vidrio. Banner de 60 x 160 cm. Los + Baratos\" \/>\n<meta name=\"robots\" content=\"index, follow, max-snippet:-1, max-image-preview:large, max-video-preview:-1\" \/>\n<link rel=\"canonical\" href=\"https:\/\/impresiondigitalgranformato.es\/de\/produkt\/kostengunstiges-banner-60-x-160-cm\/\" \/>\n<meta property=\"og:locale\" content=\"de_DE\" \/>\n<meta property=\"og:type\" content=\"article\" \/>\n<meta property=\"og:title\" content=\"banner econ\u00f3mico - banner 60 x 160 cm - Env\u00edo Gratis - Los + baratos\" \/>\n<meta property=\"og:description\" content=\"Banner econ\u00f3mico, gr\u00e1fica realizada en impresi\u00f3n digital sobre lona de pvc y estructura de fibra de vidrio. Banner de 60 x 160 cm. Los + Baratos\" \/>\n<meta property=\"og:url\" content=\"https:\/\/impresiondigitalgranformato.es\/de\/produkt\/kostengunstiges-banner-60-x-160-cm\/\" \/>\n<meta property=\"og:site_name\" content=\"Los + baratos\" \/>\n<meta property=\"article:modified_time\" content=\"2025-07-14T09:37:19+00:00\" \/>\n<meta property=\"og:image\" content=\"http:\/\/impresiondigitalgranformato.es\/wp-content\/uploads\/2017\/10\/banner-60-x-160-cm.png\" \/>\n\t<meta property=\"og:image:width\" content=\"1063\" \/>\n\t<meta property=\"og:image:height\" content=\"1063\" \/>\n\t<meta property=\"og:image:type\" content=\"image\/png\" \/>\n<meta name=\"twitter:card\" content=\"summary_large_image\" \/>\n<meta name=\"twitter:label1\" content=\"Gesch\u00e4tzte Lesezeit\" \/>\n\t<meta name=\"twitter:data1\" content=\"2\u00a0Minuten\" \/>\n<script type=\"application\/ld+json\" class=\"yoast-schema-graph\">{\"@context\":\"https:\\\/\\\/schema.org\",\"@graph\":[{\"@type\":\"WebPage\",\"@id\":\"https:\\\/\\\/impresiondigitalgranformato.es\\\/producto\\\/banner-economico-60-x-160-cm\\\/\",\"url\":\"https:\\\/\\\/impresiondigitalgranformato.es\\\/producto\\\/banner-economico-60-x-160-cm\\\/\",\"name\":\"banner econ\u00f3mico - banner 60 x 160 cm - Env\u00edo Gratis - Los + baratos\",\"isPartOf\":{\"@id\":\"https:\\\/\\\/impresiondigitalgranformato.es\\\/#website\"},\"primaryImageOfPage\":{\"@id\":\"https:\\\/\\\/impresiondigitalgranformato.es\\\/producto\\\/banner-economico-60-x-160-cm\\\/#primaryimage\"},\"image\":{\"@id\":\"https:\\\/\\\/impresiondigitalgranformato.es\\\/producto\\\/banner-economico-60-x-160-cm\\\/#primaryimage\"},\"thumbnailUrl\":\"https:\\\/\\\/i0.wp.com\\\/impresiondigitalgranformato.es\\\/wp-content\\\/uploads\\\/2017\\\/10\\\/banner-60-x-160-cm.png?fit=1063%2C1063&ssl=1\",\"datePublished\":\"2017-10-11T16:55:16+00:00\",\"dateModified\":\"2025-07-14T09:37:19+00:00\",\"description\":\"Banner econ\u00f3mico, gr\u00e1fica realizada en impresi\u00f3n digital sobre lona de pvc y estructura de fibra de vidrio. Banner de 60 x 160 cm. Los + Baratos\",\"breadcrumb\":{\"@id\":\"https:\\\/\\\/impresiondigitalgranformato.es\\\/producto\\\/banner-economico-60-x-160-cm\\\/#breadcrumb\"},\"inLanguage\":\"de\",\"potentialAction\":[{\"@type\":\"ReadAction\",\"target\":[\"https:\\\/\\\/impresiondigitalgranformato.es\\\/producto\\\/banner-economico-60-x-160-cm\\\/\"]}]},{\"@type\":\"ImageObject\",\"inLanguage\":\"de\",\"@id\":\"https:\\\/\\\/impresiondigitalgranformato.es\\\/producto\\\/banner-economico-60-x-160-cm\\\/#primaryimage\",\"url\":\"https:\\\/\\\/i0.wp.com\\\/impresiondigitalgranformato.es\\\/wp-content\\\/uploads\\\/2017\\\/10\\\/banner-60-x-160-cm.png?fit=1063%2C1063&ssl=1\",\"contentUrl\":\"https:\\\/\\\/i0.wp.com\\\/impresiondigitalgranformato.es\\\/wp-content\\\/uploads\\\/2017\\\/10\\\/banner-60-x-160-cm.png?fit=1063%2C1063&ssl=1\",\"width\":1063,\"height\":1063,\"caption\":\"banner econ\u00f3mico de 60 x 160 cm\"},{\"@type\":\"BreadcrumbList\",\"@id\":\"https:\\\/\\\/impresiondigitalgranformato.es\\\/producto\\\/banner-economico-60-x-160-cm\\\/#breadcrumb\",\"itemListElement\":[{\"@type\":\"ListItem\",\"position\":1,\"name\":\"Portada\",\"item\":\"https:\\\/\\\/impresiondigitalgranformato.es\\\/\"},{\"@type\":\"ListItem\",\"position\":2,\"name\":\"Productos\",\"item\":\"https:\\\/\\\/impresiondigitalgranformato.es\\\/venta-roll-up-banner\\\/\"},{\"@type\":\"ListItem\",\"position\":3,\"name\":\"banner 60 x 160 cm\"}]},{\"@type\":\"WebSite\",\"@id\":\"https:\\\/\\\/impresiondigitalgranformato.es\\\/#website\",\"url\":\"https:\\\/\\\/impresiondigitalgranformato.es\\\/\",\"name\":\"Los + baratos\",\"description\":\"impresi\u00f3n digital gran formato venta de roll up, banner, banderas, lonas, carteles, displays, publicidad\",\"publisher\":{\"@id\":\"https:\\\/\\\/impresiondigitalgranformato.es\\\/#organization\"},\"potentialAction\":[{\"@type\":\"SearchAction\",\"target\":{\"@type\":\"EntryPoint\",\"urlTemplate\":\"https:\\\/\\\/impresiondigitalgranformato.es\\\/?s={search_term_string}\"},\"query-input\":{\"@type\":\"PropertyValueSpecification\",\"valueRequired\":true,\"valueName\":\"search_term_string\"}}],\"inLanguage\":\"de\"},{\"@type\":\"Organization\",\"@id\":\"https:\\\/\\\/impresiondigitalgranformato.es\\\/#organization\",\"name\":\"Los + baratos\",\"url\":\"https:\\\/\\\/impresiondigitalgranformato.es\\\/\",\"logo\":{\"@type\":\"ImageObject\",\"inLanguage\":\"de\",\"@id\":\"https:\\\/\\\/impresiondigitalgranformato.es\\\/#\\\/schema\\\/logo\\\/image\\\/\",\"url\":\"https:\\\/\\\/i0.wp.com\\\/impresiondigitalgranformato.es\\\/wp-content\\\/uploads\\\/2016\\\/12\\\/cropped-logotipo-2-e1483373659766.png?fit=500%2C101&ssl=1\",\"contentUrl\":\"https:\\\/\\\/i0.wp.com\\\/impresiondigitalgranformato.es\\\/wp-content\\\/uploads\\\/2016\\\/12\\\/cropped-logotipo-2-e1483373659766.png?fit=500%2C101&ssl=1\",\"width\":500,\"height\":101,\"caption\":\"Los + baratos\"},\"image\":{\"@id\":\"https:\\\/\\\/impresiondigitalgranformato.es\\\/#\\\/schema\\\/logo\\\/image\\\/\"}}]}<\/script>\n<!-- \/ Yoast SEO plugin. -->","yoast_head_json":{"title":"wirtschaftliche banner - banner 60 x 160 cm - Kostenloser Versand - Die billigeren","description":"Preisg\u00fcnstiges Banner, digital gedruckte Grafiken auf PVC-Leinwand und Glasfaserstruktur. Banner von 60 x 160 cm. Die + G\u00fcnstig","robots":{"index":"index","follow":"follow","max-snippet":"max-snippet:-1","max-image-preview":"max-image-preview:large","max-video-preview":"max-video-preview:-1"},"canonical":"https:\/\/impresiondigitalgranformato.es\/de\/produkt\/kostengunstiges-banner-60-x-160-cm\/","og_locale":"de_DE","og_type":"article","og_title":"banner econ\u00f3mico - banner 60 x 160 cm - Env\u00edo Gratis - Los + baratos","og_description":"Banner econ\u00f3mico, gr\u00e1fica realizada en impresi\u00f3n digital sobre lona de pvc y estructura de fibra de vidrio. Banner de 60 x 160 cm. Los + Baratos","og_url":"https:\/\/impresiondigitalgranformato.es\/de\/produkt\/kostengunstiges-banner-60-x-160-cm\/","og_site_name":"Los + baratos","article_modified_time":"2025-07-14T09:37:19+00:00","og_image":[{"width":1063,"height":1063,"url":"http:\/\/impresiondigitalgranformato.es\/wp-content\/uploads\/2017\/10\/banner-60-x-160-cm.png","type":"image\/png"}],"twitter_card":"summary_large_image","twitter_misc":{"Gesch\u00e4tzte Lesezeit":"2\u00a0Minuten"},"schema":{"@context":"https:\/\/schema.org","@graph":[{"@type":"WebPage","@id":"https:\/\/impresiondigitalgranformato.es\/producto\/banner-economico-60-x-160-cm\/","url":"https:\/\/impresiondigitalgranformato.es\/producto\/banner-economico-60-x-160-cm\/","name":"wirtschaftliche banner - banner 60 x 160 cm - Kostenloser Versand - Die billigeren","isPartOf":{"@id":"https:\/\/impresiondigitalgranformato.es\/#website"},"primaryImageOfPage":{"@id":"https:\/\/impresiondigitalgranformato.es\/producto\/banner-economico-60-x-160-cm\/#primaryimage"},"image":{"@id":"https:\/\/impresiondigitalgranformato.es\/producto\/banner-economico-60-x-160-cm\/#primaryimage"},"thumbnailUrl":"https:\/\/i0.wp.com\/impresiondigitalgranformato.es\/wp-content\/uploads\/2017\/10\/banner-60-x-160-cm.png?fit=1063%2C1063&ssl=1","datePublished":"2017-10-11T16:55:16+00:00","dateModified":"2025-07-14T09:37:19+00:00","description":"Preisg\u00fcnstiges Banner, digital gedruckte Grafiken auf PVC-Leinwand und Glasfaserstruktur. Banner von 60 x 160 cm. Die + G\u00fcnstig","breadcrumb":{"@id":"https:\/\/impresiondigitalgranformato.es\/producto\/banner-economico-60-x-160-cm\/#breadcrumb"},"inLanguage":"de","potentialAction":[{"@type":"ReadAction","target":["https:\/\/impresiondigitalgranformato.es\/producto\/banner-economico-60-x-160-cm\/"]}]},{"@type":"ImageObject","inLanguage":"de","@id":"https:\/\/impresiondigitalgranformato.es\/producto\/banner-economico-60-x-160-cm\/#primaryimage","url":"https:\/\/i0.wp.com\/impresiondigitalgranformato.es\/wp-content\/uploads\/2017\/10\/banner-60-x-160-cm.png?fit=1063%2C1063&ssl=1","contentUrl":"https:\/\/i0.wp.com\/impresiondigitalgranformato.es\/wp-content\/uploads\/2017\/10\/banner-60-x-160-cm.png?fit=1063%2C1063&ssl=1","width":1063,"height":1063,"caption":"banner econ\u00f3mico de 60 x 160 cm"},{"@type":"BreadcrumbList","@id":"https:\/\/impresiondigitalgranformato.es\/producto\/banner-economico-60-x-160-cm\/#breadcrumb","itemListElement":[{"@type":"ListItem","position":1,"name":"Portada","item":"https:\/\/impresiondigitalgranformato.es\/"},{"@type":"ListItem","position":2,"name":"Productos","item":"https:\/\/impresiondigitalgranformato.es\/venta-roll-up-banner\/"},{"@type":"ListItem","position":3,"name":"banner 60 x 160 cm"}]},{"@type":"WebSite","@id":"https:\/\/impresiondigitalgranformato.es\/#website","url":"https:\/\/impresiondigitalgranformato.es\/","name":"Die billigsten","description":"Gro\u00dfformatiger Digitaldruck Verkauf von Roll-ups, Bannern, Flaggen, Fahnen, Planen, Postern, Displays, Anzeigen","publisher":{"@id":"https:\/\/impresiondigitalgranformato.es\/#organization"},"potentialAction":[{"@type":"SearchAction","target":{"@type":"EntryPoint","urlTemplate":"https:\/\/impresiondigitalgranformato.es\/?s={search_term_string}"},"query-input":{"@type":"PropertyValueSpecification","valueRequired":true,"valueName":"search_term_string"}}],"inLanguage":"de"},{"@type":"Organization","@id":"https:\/\/impresiondigitalgranformato.es\/#organization","name":"Die billigsten","url":"https:\/\/impresiondigitalgranformato.es\/","logo":{"@type":"ImageObject","inLanguage":"de","@id":"https:\/\/impresiondigitalgranformato.es\/#\/schema\/logo\/image\/","url":"https:\/\/i0.wp.com\/impresiondigitalgranformato.es\/wp-content\/uploads\/2016\/12\/cropped-logotipo-2-e1483373659766.png?fit=500%2C101&ssl=1","contentUrl":"https:\/\/i0.wp.com\/impresiondigitalgranformato.es\/wp-content\/uploads\/2016\/12\/cropped-logotipo-2-e1483373659766.png?fit=500%2C101&ssl=1","width":500,"height":101,"caption":"Los + baratos"},"image":{"@id":"https:\/\/impresiondigitalgranformato.es\/#\/schema\/logo\/image\/"}}]}},"jetpack_sharing_enabled":true,"_links":{"self":[{"href":"https:\/\/impresiondigitalgranformato.es\/de\/wp-json\/wp\/v2\/product\/1318","targetHints":{"allow":["GET"]}}],"collection":[{"href":"https:\/\/impresiondigitalgranformato.es\/de\/wp-json\/wp\/v2\/product"}],"about":[{"href":"https:\/\/impresiondigitalgranformato.es\/de\/wp-json\/wp\/v2\/types\/product"}],"replies":[{"embeddable":true,"href":"https:\/\/impresiondigitalgranformato.es\/de\/wp-json\/wp\/v2\/comments?post=1318"}],"wp:featuredmedia":[{"embeddable":true,"href":"https:\/\/impresiondigitalgranformato.es\/de\/wp-json\/wp\/v2\/media\/1319"}],"wp:attachment":[{"href":"https:\/\/impresiondigitalgranformato.es\/de\/wp-json\/wp\/v2\/media?parent=1318"}],"wp:term":[{"taxonomy":"product_brand","embeddable":true,"href":"https:\/\/impresiondigitalgranformato.es\/de\/wp-json\/wp\/v2\/product_brand?post=1318"},{"taxonomy":"product_cat","embeddable":true,"href":"https:\/\/impresiondigitalgranformato.es\/de\/wp-json\/wp\/v2\/product_cat?post=1318"},{"taxonomy":"product_tag","embeddable":true,"href":"https:\/\/impresiondigitalgranformato.es\/de\/wp-json\/wp\/v2\/product_tag?post=1318"}],"curies":[{"name":"wp","href":"https:\/\/api.w.org\/{rel}","templated":true}]}}