{"id":13355,"date":"2020-12-06T18:22:34","date_gmt":"2020-12-06T17:22:34","guid":{"rendered":"http:\/\/impresiondigitalgranformato.es\/?post_type=product&#038;p=13355"},"modified":"2021-01-18T13:55:48","modified_gmt":"2021-01-18T12:55:48","slug":"vinilo-pared-de-ladrillo-de-pizarra","status":"publish","type":"product","link":"https:\/\/impresiondigitalgranformato.es\/de\/producto\/vinilo-pared-de-ladrillo-de-pizarra\/","title":{"rendered":"vinilo pared de ladrillo de pizarra"},"content":{"rendered":"<h1>Vinilo para la pared de ladrillo de pizarra.<\/h1>\n<p>Decora tu hogar o negocio con nuestro vinilo pared de ladrillo de pizarra<\/p>\n<p>La impresi\u00f3n se realiza en maquinas de impresi\u00f3n digital de alta calidad, con lo que conseguimos que tu fotomural para la pared tenga una calidad optima. Adem\u00e1s te facilitamos la opci\u00f3n de indicarnos que te laminemos la impresi\u00f3n del ladrillo de pizarra. Con lo que conseguir\u00e1s que la impresi\u00f3n de tu fotomural no se vea degradada con el paso del tiempo, limpiezas \u2026<\/p>\n<p><strong>Alto agarre<\/strong> en tu fotomural de vinilo con impresi\u00f3n de ladrillos de pizarra, valido hasta para paredes con gotel\u00e9.<\/p>\n<p>Con nuestros vinilos de pared de ladrillos podr\u00e1s decorar las paredes de tu hogar. En tu negocio podr\u00e1s decorar con vinilos tanto las paredes interiores como las exteriores. Gracias a este vinilo pared de ladrillo de pizarra de alto agarre.<\/p>\n<p>Vea mas modelos en <a href=\"https:\/\/impresiondigitalgranformato.es\/de\/produkt-kategorie\/vinilos-para-la-pared\/\" xlink=\"href\">nuestra galer\u00eda.<\/a><\/p>\n<p>&nbsp;<\/p>\n<p><span style=\"color: #0000ff;\"><strong>En cualquier momento de la compra o visualizaci\u00f3n del vinilo de pared con impresi\u00f3n de ladrillo rustico en la web puede ponerse en contacto con nosotros para consultarnos cualquier duda a trav\u00e9s de:<\/strong><\/span><\/p>\n<p>Telefon: +34 925 761 762 oder +34 605 265 602 (t\u00e4glich)<\/p>\n<p>whatsapp +34 605 265 602 (Roberto)<\/p>\n<p>Mail:\u00a0comercial@impresiondigitalgranformato.es<\/p>\n<p>&nbsp;<\/p>\n<h4><strong><span style=\"color: #ff9900;\">TAMA\u00d1O ALTO Y ANCHO DEL VINILO DE PARED<\/span><\/strong><\/h4>\n<p>A la hora de indicar las cotas de su pegatina para la pared personalizada con las formas rectangulares o cuadradas no hay ninguna duda. Pero Si el ancho del adhesivo supera los 134 cm el vinilo de ladrillo rustico de pared se enviara en pliegos de 66 cm (recomendado) o en pliegos de 134 cm seg\u00fan nos indique. Siempre llevaran entre si un solapado de 1,5 cm.<\/p>\n<p><img loading=\"lazy\" decoding=\"async\" class=\"aligncenter size-medium wp-image-13294\" src=\"https:\/\/i1.wp.com\/impresiondigitalgranformato.es\/wp-content\/uploads\/2020\/11\/vinilo-personalizado-medidas.jpg?resize=600%2C600\" sizes=\"auto, (max-width: 600px) 100vw, 600px\" srcset=\"https:\/\/i1.wp.com\/impresiondigitalgranformato.es\/wp-content\/uploads\/2020\/11\/vinilo-personalizado-medidas.jpg?resize=600%2C600&amp;ssl=1 600w, https:\/\/i1.wp.com\/impresiondigitalgranformato.es\/wp-content\/uploads\/2020\/11\/vinilo-personalizado-medidas.jpg?resize=300%2C300&amp;ssl=1 300w, https:\/\/i1.wp.com\/impresiondigitalgranformato.es\/wp-content\/uploads\/2020\/11\/vinilo-personalizado-medidas.jpg?resize=500%2C500&amp;ssl=1 500w, https:\/\/i1.wp.com\/impresiondigitalgranformato.es\/wp-content\/uploads\/2020\/11\/vinilo-personalizado-medidas.jpg?resize=100%2C100&amp;ssl=1 100w, https:\/\/i1.wp.com\/impresiondigitalgranformato.es\/wp-content\/uploads\/2020\/11\/vinilo-personalizado-medidas.jpg?w=630&amp;ssl=1 630w\" alt=\"vinilo personalizado medidas\" width=\"600\" height=\"600\" \/><\/p>\n<h4><strong><span style=\"color: #ff9900;\">LAMINADO PROTECTOR PARA EL VINILO DE PARED<\/span><\/strong><\/h4>\n<p>Esto es una lamina protectora totalmente transparente que nosotros ya se la enviamos adhesivada a su vinilo de pared con impresi\u00f3n de ladrillo. Con lo que se consigue que pueda limpiar su fotomural de la pared las veces que sean necesarias sin que la impresi\u00f3n se vea afectada.<\/p>\n<h4><span style=\"color: #ff9900;\"><strong>NOMBRE DEL TRABAJO DE VINILOS PARA LA PARED<\/strong><\/span><\/h4>\n<p>A la hora de realizar el pedido de su pegatina para la pared de ladrillo rustico podemos encontrarnos que en la pared que queremos poner el vinilo de pared tiene una puerta, ventana, tragaluz \u2026<\/p>\n<p>A continuaci\u00f3n le indicamos como dar nombre a los tama\u00f1os de pegatinas que nos compre.<\/p>\n<p><span style=\"color: #0000ff;\"><strong>Pared sin ning\u00fan obst\u00e1culo.<\/strong><\/span><\/p>\n<p><img loading=\"lazy\" decoding=\"async\" class=\"aligncenter size-medium wp-image-13310\" src=\"https:\/\/i0.wp.com\/impresiondigitalgranformato.es\/wp-content\/uploads\/2020\/11\/vinilo-pared-sin-obstaculos.jpg?resize=600%2C225\" sizes=\"auto, (max-width: 600px) 100vw, 600px\" srcset=\"https:\/\/i0.wp.com\/impresiondigitalgranformato.es\/wp-content\/uploads\/2020\/11\/vinilo-pared-sin-obstaculos.jpg?resize=600%2C225&amp;ssl=1 600w, https:\/\/i0.wp.com\/impresiondigitalgranformato.es\/wp-content\/uploads\/2020\/11\/vinilo-pared-sin-obstaculos.jpg?resize=768%2C289&amp;ssl=1 768w, https:\/\/i0.wp.com\/impresiondigitalgranformato.es\/wp-content\/uploads\/2020\/11\/vinilo-pared-sin-obstaculos.jpg?resize=840%2C316&amp;ssl=1 840w, https:\/\/i0.wp.com\/impresiondigitalgranformato.es\/wp-content\/uploads\/2020\/11\/vinilo-pared-sin-obstaculos.jpg?w=945&amp;ssl=1 945w\" alt=\"vinilo pared sin obstaculos\" width=\"600\" height=\"225\" data-recalc-dims=\"1\" \/><\/p>\n<p>Con que indique el nombre de la estancia valdr\u00eda. (ej: sal\u00f3n, cocina, pasillo \u2026)<\/p>\n<p><strong>Pared con una puerta.<\/strong><\/p>\n<p><img loading=\"lazy\" decoding=\"async\" class=\"aligncenter size-medium wp-image-13311\" src=\"https:\/\/i1.wp.com\/impresiondigitalgranformato.es\/wp-content\/uploads\/2020\/11\/vinilo-pared-con-puerta.jpg?resize=600%2C225\" sizes=\"auto, (max-width: 600px) 100vw, 600px\" srcset=\"https:\/\/i1.wp.com\/impresiondigitalgranformato.es\/wp-content\/uploads\/2020\/11\/vinilo-pared-con-puerta.jpg?resize=600%2C225&amp;ssl=1 600w, https:\/\/i1.wp.com\/impresiondigitalgranformato.es\/wp-content\/uploads\/2020\/11\/vinilo-pared-con-puerta.jpg?resize=768%2C289&amp;ssl=1 768w, https:\/\/i1.wp.com\/impresiondigitalgranformato.es\/wp-content\/uploads\/2020\/11\/vinilo-pared-con-puerta.jpg?resize=840%2C316&amp;ssl=1 840w, https:\/\/i1.wp.com\/impresiondigitalgranformato.es\/wp-content\/uploads\/2020\/11\/vinilo-pared-con-puerta.jpg?w=945&amp;ssl=1 945w\" alt=\"vinilo pared con puerta\" width=\"600\" height=\"225\" data-recalc-dims=\"1\" \/><\/p>\n<p>En este caso haremos el pedido subiendo varios tama\u00f1os de pegatinas para la pared al carro de compra.<\/p>\n<p>Beispiel:<\/p>\n<p><strong>SAL\u00d3N VINILO 1:<\/strong>\u00a0Siempre empezando a medir desde la izquierda indicaremos el alto desde el techo hasta el suelo y el ancho hasta llegar a la puerta.<\/p>\n<p><strong>SAL\u00d3N VINILO 2:<\/strong>\u00a0Indicaremos el alto desde el techo hasta el marco de la puerta y el ancho de la misma.<\/p>\n<p><strong>SAL\u00d3N VINILO 3:<\/strong>\u00a0Indicaremos el alto desde el techo hasta el suelo y el ancho hasta llegar al final de la pared.<\/p>\n<p><strong>IMPORTANTE:<\/strong>\u00a0Nosotros siempre daremos 1,5 cm de mas en el lado derecho a cada pegatina para que solape perfectamente con la siguiente.<\/p>\n<p><span style=\"color: #0000ff;\"><strong>Pared con una ventana.<\/strong><\/span><\/p>\n<p><img loading=\"lazy\" decoding=\"async\" class=\"aligncenter size-medium wp-image-13312\" src=\"https:\/\/i2.wp.com\/impresiondigitalgranformato.es\/wp-content\/uploads\/2020\/11\/vinilo-pared-con-ventana.jpg?resize=600%2C218\" sizes=\"auto, (max-width: 600px) 100vw, 600px\" srcset=\"https:\/\/i2.wp.com\/impresiondigitalgranformato.es\/wp-content\/uploads\/2020\/11\/vinilo-pared-con-ventana.jpg?resize=600%2C218&amp;ssl=1 600w, https:\/\/i2.wp.com\/impresiondigitalgranformato.es\/wp-content\/uploads\/2020\/11\/vinilo-pared-con-ventana.jpg?resize=768%2C279&amp;ssl=1 768w, https:\/\/i2.wp.com\/impresiondigitalgranformato.es\/wp-content\/uploads\/2020\/11\/vinilo-pared-con-ventana.jpg?resize=840%2C305&amp;ssl=1 840w, https:\/\/i2.wp.com\/impresiondigitalgranformato.es\/wp-content\/uploads\/2020\/11\/vinilo-pared-con-ventana.jpg?w=945&amp;ssl=1 945w\" alt=\"vinilo pared con ventana\" width=\"600\" height=\"218\" data-recalc-dims=\"1\" \/><\/p>\n<p>En este caso haremos el pedido subiendo varios tama\u00f1os de pegatinas para la pared al carro de compra.<\/p>\n<p>Beispiel:<\/p>\n<p><strong>SAL\u00d3N VINILO 1:<\/strong>\u00a0Siempre empezando a medir desde la izquierda indicaremos el alto desde el techo hasta el suelo y el ancho hasta llegar a la ventana.<\/p>\n<p><strong>SAL\u00d3N VINILO 2:<\/strong>\u00a0Indicaremos el alto desde el techo hasta el marco de la ventana y el ancho de la misma.<\/p>\n<p><strong>SAL\u00d3N VINILO 2 INFERIOR:<\/strong>\u00a0Indicaremos el alto desde el marco inferior de la ventana hasta el suelo y el ancho de la ventana.<\/p>\n<p><strong>SAL\u00d3N VINILO 3:<\/strong>\u00a0Indicaremos el alto desde el techo hasta el suelo y el ancho hasta llegar al final de la pared.<\/p>\n<p><strong>IMPORTANTE:<\/strong>\u00a0Nosotros siempre daremos 1,5 cm de mas en el lado derecho a cada pegatina para que solape perfectamente con la siguiente.<\/p>\n<p><span style=\"color: #0000ff;\"><strong>Varias paredes con una imagen continua.<\/strong><\/span><\/p>\n<p><img loading=\"lazy\" decoding=\"async\" class=\"aligncenter size-medium wp-image-13313\" src=\"https:\/\/i0.wp.com\/impresiondigitalgranformato.es\/wp-content\/uploads\/2020\/11\/vinilo-para-2-paredes.jpg?resize=600%2C204\" sizes=\"auto, (max-width: 600px) 100vw, 600px\" srcset=\"https:\/\/i0.wp.com\/impresiondigitalgranformato.es\/wp-content\/uploads\/2020\/11\/vinilo-para-2-paredes.jpg?resize=600%2C204&amp;ssl=1 600w, https:\/\/i0.wp.com\/impresiondigitalgranformato.es\/wp-content\/uploads\/2020\/11\/vinilo-para-2-paredes.jpg?resize=768%2C261&amp;ssl=1 768w, https:\/\/i0.wp.com\/impresiondigitalgranformato.es\/wp-content\/uploads\/2020\/11\/vinilo-para-2-paredes.jpg?resize=840%2C286&amp;ssl=1 840w, https:\/\/i0.wp.com\/impresiondigitalgranformato.es\/wp-content\/uploads\/2020\/11\/vinilo-para-2-paredes.jpg?w=946&amp;ssl=1 946w\" alt=\"vinilo para 2 paredes\" width=\"600\" height=\"204\" data-recalc-dims=\"1\" \/><\/p>\n<p>En este caso haremos el pedido subiendo varios tama\u00f1os de pegatinas para la pared al carro de compra.<\/p>\n<p>Beispiel:<\/p>\n<p><strong>SAL\u00d3N VINILO 1:<\/strong>\u00a0Siempre empezando a medir desde la izquierda indicaremos el alto desde el techo hasta el suelo y el ancho de la primera pared.<\/p>\n<p><strong>SAL\u00d3N VINILO 2: I<\/strong>ndicaremos el alto desde el techo hasta el suelo y el ancho de la segunda pared.<\/p>\n<p><strong>IMPORTANTE:<\/strong>\u00a0Nosotros siempre daremos 1,5 cm de mas en el lado derecho a cada pegatina para que solape perfectamente con la siguiente.<\/p>\n<p><span style=\"color: #0000ff;\"><strong>Varias paredes con una imagen continua y obst\u00e1culos.<\/strong><\/span><\/p>\n<p><img loading=\"lazy\" decoding=\"async\" class=\"aligncenter size-medium wp-image-13314\" src=\"https:\/\/i1.wp.com\/impresiondigitalgranformato.es\/wp-content\/uploads\/2020\/11\/vinilo-para-2-paredes-con-puerta-y-ventana.jpg?resize=600%2C211\" sizes=\"auto, (max-width: 600px) 100vw, 600px\" srcset=\"https:\/\/i1.wp.com\/impresiondigitalgranformato.es\/wp-content\/uploads\/2020\/11\/vinilo-para-2-paredes-con-puerta-y-ventana.jpg?resize=600%2C211&amp;ssl=1 600w, https:\/\/i1.wp.com\/impresiondigitalgranformato.es\/wp-content\/uploads\/2020\/11\/vinilo-para-2-paredes-con-puerta-y-ventana.jpg?resize=768%2C270&amp;ssl=1 768w, https:\/\/i1.wp.com\/impresiondigitalgranformato.es\/wp-content\/uploads\/2020\/11\/vinilo-para-2-paredes-con-puerta-y-ventana.jpg?resize=840%2C296&amp;ssl=1 840w, https:\/\/i1.wp.com\/impresiondigitalgranformato.es\/wp-content\/uploads\/2020\/11\/vinilo-para-2-paredes-con-puerta-y-ventana.jpg?w=946&amp;ssl=1 946w\" alt=\"vinilo para pared con imagen continua\" width=\"600\" height=\"211\" data-recalc-dims=\"1\" \/><\/p>\n<p>En este caso haremos el pedido subiendo varios tama\u00f1os de pegatinas para la pared al carro de compra.<\/p>\n<p>Beispiel:<\/p>\n<p><strong>SAL\u00d3N VINILO 1:<\/strong>\u00a0Siempre empezando a medir desde la izquierda indicaremos el alto desde el techo hasta el suelo y el ancho hasta llegar a la ventana.<\/p>\n<p><strong>SAL\u00d3N VINILO 2:<\/strong>\u00a0Indicaremos el alto desde el techo hasta el marco de la ventana y el ancho de la misma.<\/p>\n<p><strong>SAL\u00d3N VINILO 2 INFERIOR:<\/strong>\u00a0Indicaremos el alto desde el marco inferior de la ventana hasta el suelo y el ancho de la ventana.<\/p>\n<p><strong>SAL\u00d3N VINILO 3:<\/strong>\u00a0Indicaremos el alto desde el techo hasta el suelo y el ancho hasta llegar al final de la pared.<\/p>\n<p><strong>SAL\u00d3N VINILO 4:<\/strong>\u00a0Siempre empezando a medir desde la izquierda indicaremos el alto desde el techo hasta el suelo y el ancho hasta llegar a la puerta.<\/p>\n<p><strong>SAL\u00d3N VINILO 5:<\/strong>\u00a0Indicaremos el alto desde el techo hasta el marco de la puerta y el ancho de la misma.<\/p>\n<p><strong>SAL\u00d3N VINILO 6:<\/strong>\u00a0Indicaremos el alto desde el techo hasta el suelo y el ancho hasta llegar al final de la pared.<\/p>\n<p><strong>IMPORTANTE:<\/strong>\u00a0Nosotros siempre daremos 1,5 cm de mas en el lado derecho a cada pegatina para que solape perfectamente con la siguiente.<\/p>\n<p><span style=\"color: #0000ff;\">Recordarle que en cualquier momento de la compra o visualizaci\u00f3n del vinilo de pared personalizado con ladrillo rustico en la web puede ponerse en contacto con nosotros para consultarnos cualquier duda a trav\u00e9s de:<\/span><\/p>\n<p>Telefon: +34 925 761 762 oder +34 605 265 602 (t\u00e4glich)<\/p>\n<p>whatsapp +34 605 265 602 (Roberto)<\/p>\n<p>Mail:\u00a0comercial@impresiondigitalgranformato.es<\/p>","protected":false},"excerpt":{"rendered":"<p>Vinilo de alto agarre para decoraci\u00f3n de paredes.<\/p>\n<p>Valido tambi\u00e9n en paredes con\u00a0<strong>Gotel\u00e9<\/strong><\/p>\n<p>Vinilo con impresi\u00f3n de\u00a0<span style=\"color: #333333;\"><strong>ladrillo rustico.<\/strong><\/span><\/p>","protected":false},"featured_media":13410,"comment_status":"open","ping_status":"closed","template":"","meta":[],"product_brand":[],"product_cat":[98],"product_tag":[],"class_list":{"0":"post-13355","1":"product","2":"type-product","3":"status-publish","4":"has-post-thumbnail","6":"product_cat-vinilos-para-la-pared","8":"first","9":"instock","10":"taxable","11":"shipping-taxable","12":"purchasable","13":"product-type-simple"},"yoast_head":"<!-- This site is optimized with the Yoast SEO plugin v27.3 - https:\/\/yoast.com\/product\/yoast-seo-wordpress\/ -->\n<title>vinilo pared de ladrillo de pizarra - Los + baratos - vinilo alto agarre<\/title>\n<meta name=\"description\" content=\"vinilo pared de ladrillo de pizarra, vinilo de alto agarre con impresion de alta calidad de ladrillo de pizarra. Envio gratis\" \/>\n<meta name=\"robots\" content=\"index, follow, max-snippet:-1, max-image-preview:large, max-video-preview:-1\" \/>\n<link rel=\"canonical\" href=\"https:\/\/impresiondigitalgranformato.es\/de\/produkt\/vinilo-pared-de-ladrillo-de-pizarra\/\" \/>\n<meta property=\"og:locale\" content=\"de_DE\" \/>\n<meta property=\"og:type\" content=\"article\" \/>\n<meta property=\"og:title\" content=\"vinilo pared de ladrillo de pizarra - Los + baratos - vinilo alto agarre\" \/>\n<meta property=\"og:description\" content=\"vinilo pared de ladrillo de pizarra, vinilo de alto agarre con impresion de alta calidad de ladrillo de pizarra. Envio gratis\" \/>\n<meta property=\"og:url\" content=\"https:\/\/impresiondigitalgranformato.es\/de\/produkt\/vinilo-pared-de-ladrillo-de-pizarra\/\" \/>\n<meta property=\"og:site_name\" content=\"Los + baratos\" \/>\n<meta property=\"article:modified_time\" content=\"2021-01-18T12:55:48+00:00\" \/>\n<meta property=\"og:image\" content=\"https:\/\/i0.wp.com\/impresiondigitalgranformato.es\/wp-content\/uploads\/2020\/12\/vinilos-pared-de-pizarra.jpg?fit=630%2C630&ssl=1\" \/>\n\t<meta property=\"og:image:width\" content=\"630\" \/>\n\t<meta property=\"og:image:height\" content=\"630\" \/>\n\t<meta property=\"og:image:type\" content=\"image\/jpeg\" \/>\n<meta name=\"twitter:card\" content=\"summary_large_image\" \/>\n<meta name=\"twitter:label1\" content=\"Gesch\u00e4tzte Lesezeit\" \/>\n\t<meta name=\"twitter:data1\" content=\"6\u00a0Minuten\" \/>\n<script type=\"application\/ld+json\" class=\"yoast-schema-graph\">{\"@context\":\"https:\\\/\\\/schema.org\",\"@graph\":[{\"@type\":\"WebPage\",\"@id\":\"https:\\\/\\\/impresiondigitalgranformato.es\\\/producto\\\/vinilo-pared-de-ladrillo-de-pizarra\\\/\",\"url\":\"https:\\\/\\\/impresiondigitalgranformato.es\\\/producto\\\/vinilo-pared-de-ladrillo-de-pizarra\\\/\",\"name\":\"vinilo pared de ladrillo de pizarra - Los + baratos - vinilo alto agarre\",\"isPartOf\":{\"@id\":\"https:\\\/\\\/impresiondigitalgranformato.es\\\/#website\"},\"primaryImageOfPage\":{\"@id\":\"https:\\\/\\\/impresiondigitalgranformato.es\\\/producto\\\/vinilo-pared-de-ladrillo-de-pizarra\\\/#primaryimage\"},\"image\":{\"@id\":\"https:\\\/\\\/impresiondigitalgranformato.es\\\/producto\\\/vinilo-pared-de-ladrillo-de-pizarra\\\/#primaryimage\"},\"thumbnailUrl\":\"https:\\\/\\\/i0.wp.com\\\/impresiondigitalgranformato.es\\\/wp-content\\\/uploads\\\/2020\\\/12\\\/vinilos-pared-de-pizarra.jpg?fit=630%2C630&ssl=1\",\"datePublished\":\"2020-12-06T17:22:34+00:00\",\"dateModified\":\"2021-01-18T12:55:48+00:00\",\"description\":\"vinilo pared de ladrillo de pizarra, vinilo de alto agarre con impresion de alta calidad de ladrillo de pizarra. Envio gratis\",\"breadcrumb\":{\"@id\":\"https:\\\/\\\/impresiondigitalgranformato.es\\\/producto\\\/vinilo-pared-de-ladrillo-de-pizarra\\\/#breadcrumb\"},\"inLanguage\":\"de\",\"potentialAction\":[{\"@type\":\"ReadAction\",\"target\":[\"https:\\\/\\\/impresiondigitalgranformato.es\\\/producto\\\/vinilo-pared-de-ladrillo-de-pizarra\\\/\"]}]},{\"@type\":\"ImageObject\",\"inLanguage\":\"de\",\"@id\":\"https:\\\/\\\/impresiondigitalgranformato.es\\\/producto\\\/vinilo-pared-de-ladrillo-de-pizarra\\\/#primaryimage\",\"url\":\"https:\\\/\\\/i0.wp.com\\\/impresiondigitalgranformato.es\\\/wp-content\\\/uploads\\\/2020\\\/12\\\/vinilos-pared-de-pizarra.jpg?fit=630%2C630&ssl=1\",\"contentUrl\":\"https:\\\/\\\/i0.wp.com\\\/impresiondigitalgranformato.es\\\/wp-content\\\/uploads\\\/2020\\\/12\\\/vinilos-pared-de-pizarra.jpg?fit=630%2C630&ssl=1\",\"width\":630,\"height\":630,\"caption\":\"vinilo pared de ladrillo de pizarra\"},{\"@type\":\"BreadcrumbList\",\"@id\":\"https:\\\/\\\/impresiondigitalgranformato.es\\\/producto\\\/vinilo-pared-de-ladrillo-de-pizarra\\\/#breadcrumb\",\"itemListElement\":[{\"@type\":\"ListItem\",\"position\":1,\"name\":\"Portada\",\"item\":\"https:\\\/\\\/impresiondigitalgranformato.es\\\/\"},{\"@type\":\"ListItem\",\"position\":2,\"name\":\"Productos\",\"item\":\"https:\\\/\\\/impresiondigitalgranformato.es\\\/venta-roll-up-banner\\\/\"},{\"@type\":\"ListItem\",\"position\":3,\"name\":\"vinilo pared de ladrillo de pizarra\"}]},{\"@type\":\"WebSite\",\"@id\":\"https:\\\/\\\/impresiondigitalgranformato.es\\\/#website\",\"url\":\"https:\\\/\\\/impresiondigitalgranformato.es\\\/\",\"name\":\"Los + baratos\",\"description\":\"impresi\u00f3n digital gran formato venta de roll up, banner, banderas, lonas, carteles, displays, publicidad\",\"publisher\":{\"@id\":\"https:\\\/\\\/impresiondigitalgranformato.es\\\/#organization\"},\"potentialAction\":[{\"@type\":\"SearchAction\",\"target\":{\"@type\":\"EntryPoint\",\"urlTemplate\":\"https:\\\/\\\/impresiondigitalgranformato.es\\\/?s={search_term_string}\"},\"query-input\":{\"@type\":\"PropertyValueSpecification\",\"valueRequired\":true,\"valueName\":\"search_term_string\"}}],\"inLanguage\":\"de\"},{\"@type\":\"Organization\",\"@id\":\"https:\\\/\\\/impresiondigitalgranformato.es\\\/#organization\",\"name\":\"Los + baratos\",\"url\":\"https:\\\/\\\/impresiondigitalgranformato.es\\\/\",\"logo\":{\"@type\":\"ImageObject\",\"inLanguage\":\"de\",\"@id\":\"https:\\\/\\\/impresiondigitalgranformato.es\\\/#\\\/schema\\\/logo\\\/image\\\/\",\"url\":\"https:\\\/\\\/i0.wp.com\\\/impresiondigitalgranformato.es\\\/wp-content\\\/uploads\\\/2016\\\/12\\\/cropped-logotipo-2-e1483373659766.png?fit=500%2C101&ssl=1\",\"contentUrl\":\"https:\\\/\\\/i0.wp.com\\\/impresiondigitalgranformato.es\\\/wp-content\\\/uploads\\\/2016\\\/12\\\/cropped-logotipo-2-e1483373659766.png?fit=500%2C101&ssl=1\",\"width\":500,\"height\":101,\"caption\":\"Los + baratos\"},\"image\":{\"@id\":\"https:\\\/\\\/impresiondigitalgranformato.es\\\/#\\\/schema\\\/logo\\\/image\\\/\"}}]}<\/script>\n<!-- \/ Yoast SEO plugin. -->","yoast_head_json":{"title":"vinilo pared de ladrillo de pizarra - Los + baratos - vinilo alto agarre","description":"vinilo pared de ladrillo de pizarra, vinilo de alto agarre con impresion de alta calidad de ladrillo de pizarra. Envio gratis","robots":{"index":"index","follow":"follow","max-snippet":"max-snippet:-1","max-image-preview":"max-image-preview:large","max-video-preview":"max-video-preview:-1"},"canonical":"https:\/\/impresiondigitalgranformato.es\/de\/produkt\/vinilo-pared-de-ladrillo-de-pizarra\/","og_locale":"de_DE","og_type":"article","og_title":"vinilo pared de ladrillo de pizarra - Los + baratos - vinilo alto agarre","og_description":"vinilo pared de ladrillo de pizarra, vinilo de alto agarre con impresion de alta calidad de ladrillo de pizarra. Envio gratis","og_url":"https:\/\/impresiondigitalgranformato.es\/de\/produkt\/vinilo-pared-de-ladrillo-de-pizarra\/","og_site_name":"Los + baratos","article_modified_time":"2021-01-18T12:55:48+00:00","og_image":[{"width":630,"height":630,"url":"https:\/\/i0.wp.com\/impresiondigitalgranformato.es\/wp-content\/uploads\/2020\/12\/vinilos-pared-de-pizarra.jpg?fit=630%2C630&ssl=1","type":"image\/jpeg"}],"twitter_card":"summary_large_image","twitter_misc":{"Gesch\u00e4tzte Lesezeit":"6\u00a0Minuten"},"schema":{"@context":"https:\/\/schema.org","@graph":[{"@type":"WebPage","@id":"https:\/\/impresiondigitalgranformato.es\/producto\/vinilo-pared-de-ladrillo-de-pizarra\/","url":"https:\/\/impresiondigitalgranformato.es\/producto\/vinilo-pared-de-ladrillo-de-pizarra\/","name":"vinilo pared de ladrillo de pizarra - Los + baratos - vinilo alto agarre","isPartOf":{"@id":"https:\/\/impresiondigitalgranformato.es\/#website"},"primaryImageOfPage":{"@id":"https:\/\/impresiondigitalgranformato.es\/producto\/vinilo-pared-de-ladrillo-de-pizarra\/#primaryimage"},"image":{"@id":"https:\/\/impresiondigitalgranformato.es\/producto\/vinilo-pared-de-ladrillo-de-pizarra\/#primaryimage"},"thumbnailUrl":"https:\/\/i0.wp.com\/impresiondigitalgranformato.es\/wp-content\/uploads\/2020\/12\/vinilos-pared-de-pizarra.jpg?fit=630%2C630&ssl=1","datePublished":"2020-12-06T17:22:34+00:00","dateModified":"2021-01-18T12:55:48+00:00","description":"vinilo pared de ladrillo de pizarra, vinilo de alto agarre con impresion de alta calidad de ladrillo de pizarra. Envio gratis","breadcrumb":{"@id":"https:\/\/impresiondigitalgranformato.es\/producto\/vinilo-pared-de-ladrillo-de-pizarra\/#breadcrumb"},"inLanguage":"de","potentialAction":[{"@type":"ReadAction","target":["https:\/\/impresiondigitalgranformato.es\/producto\/vinilo-pared-de-ladrillo-de-pizarra\/"]}]},{"@type":"ImageObject","inLanguage":"de","@id":"https:\/\/impresiondigitalgranformato.es\/producto\/vinilo-pared-de-ladrillo-de-pizarra\/#primaryimage","url":"https:\/\/i0.wp.com\/impresiondigitalgranformato.es\/wp-content\/uploads\/2020\/12\/vinilos-pared-de-pizarra.jpg?fit=630%2C630&ssl=1","contentUrl":"https:\/\/i0.wp.com\/impresiondigitalgranformato.es\/wp-content\/uploads\/2020\/12\/vinilos-pared-de-pizarra.jpg?fit=630%2C630&ssl=1","width":630,"height":630,"caption":"vinilo pared de ladrillo de pizarra"},{"@type":"BreadcrumbList","@id":"https:\/\/impresiondigitalgranformato.es\/producto\/vinilo-pared-de-ladrillo-de-pizarra\/#breadcrumb","itemListElement":[{"@type":"ListItem","position":1,"name":"Portada","item":"https:\/\/impresiondigitalgranformato.es\/"},{"@type":"ListItem","position":2,"name":"Productos","item":"https:\/\/impresiondigitalgranformato.es\/venta-roll-up-banner\/"},{"@type":"ListItem","position":3,"name":"vinilo pared de ladrillo de pizarra"}]},{"@type":"WebSite","@id":"https:\/\/impresiondigitalgranformato.es\/#website","url":"https:\/\/impresiondigitalgranformato.es\/","name":"Die billigsten","description":"Gro\u00dfformatiger Digitaldruck Verkauf von Roll-ups, Bannern, Flaggen, Fahnen, Planen, Postern, Displays, Anzeigen","publisher":{"@id":"https:\/\/impresiondigitalgranformato.es\/#organization"},"potentialAction":[{"@type":"SearchAction","target":{"@type":"EntryPoint","urlTemplate":"https:\/\/impresiondigitalgranformato.es\/?s={search_term_string}"},"query-input":{"@type":"PropertyValueSpecification","valueRequired":true,"valueName":"search_term_string"}}],"inLanguage":"de"},{"@type":"Organization","@id":"https:\/\/impresiondigitalgranformato.es\/#organization","name":"Die billigsten","url":"https:\/\/impresiondigitalgranformato.es\/","logo":{"@type":"ImageObject","inLanguage":"de","@id":"https:\/\/impresiondigitalgranformato.es\/#\/schema\/logo\/image\/","url":"https:\/\/i0.wp.com\/impresiondigitalgranformato.es\/wp-content\/uploads\/2016\/12\/cropped-logotipo-2-e1483373659766.png?fit=500%2C101&ssl=1","contentUrl":"https:\/\/i0.wp.com\/impresiondigitalgranformato.es\/wp-content\/uploads\/2016\/12\/cropped-logotipo-2-e1483373659766.png?fit=500%2C101&ssl=1","width":500,"height":101,"caption":"Los + baratos"},"image":{"@id":"https:\/\/impresiondigitalgranformato.es\/#\/schema\/logo\/image\/"}}]}},"jetpack_sharing_enabled":true,"_links":{"self":[{"href":"https:\/\/impresiondigitalgranformato.es\/de\/wp-json\/wp\/v2\/product\/13355","targetHints":{"allow":["GET"]}}],"collection":[{"href":"https:\/\/impresiondigitalgranformato.es\/de\/wp-json\/wp\/v2\/product"}],"about":[{"href":"https:\/\/impresiondigitalgranformato.es\/de\/wp-json\/wp\/v2\/types\/product"}],"replies":[{"embeddable":true,"href":"https:\/\/impresiondigitalgranformato.es\/de\/wp-json\/wp\/v2\/comments?post=13355"}],"wp:featuredmedia":[{"embeddable":true,"href":"https:\/\/impresiondigitalgranformato.es\/de\/wp-json\/wp\/v2\/media\/13410"}],"wp:attachment":[{"href":"https:\/\/impresiondigitalgranformato.es\/de\/wp-json\/wp\/v2\/media?parent=13355"}],"wp:term":[{"taxonomy":"product_brand","embeddable":true,"href":"https:\/\/impresiondigitalgranformato.es\/de\/wp-json\/wp\/v2\/product_brand?post=13355"},{"taxonomy":"product_cat","embeddable":true,"href":"https:\/\/impresiondigitalgranformato.es\/de\/wp-json\/wp\/v2\/product_cat?post=13355"},{"taxonomy":"product_tag","embeddable":true,"href":"https:\/\/impresiondigitalgranformato.es\/de\/wp-json\/wp\/v2\/product_tag?post=13355"}],"curies":[{"name":"wp","href":"https:\/\/api.w.org\/{rel}","templated":true}]}}