{"id":13437,"date":"2021-01-22T13:31:59","date_gmt":"2021-01-22T12:31:59","guid":{"rendered":"http:\/\/impresiondigitalgranformato.es\/?post_type=product&#038;p=13437"},"modified":"2025-08-02T11:34:18","modified_gmt":"2025-08-02T09:34:18","slug":"fensterfolie-mit-spiegeleffekt","status":"publish","type":"product","link":"https:\/\/impresiondigitalgranformato.es\/de\/producto\/plastico-para-ventanas-efecto-espejo\/","title":{"rendered":"Fensterkunststoff mit Spiegeleffekt"},"content":{"rendered":"<p><strong>Fensterkunststoff mit Spiegeleffekt<\/strong><br \/>\nDer <strong>Spiegeleffektplatten<\/strong> Sie haben die F\u00e4higkeit, Sonnenlicht und W\u00e4rme zu reflektieren.<\/p>\n<p>Durch die Reflexion des Lichts wird der gew\u00fcnschte Spiegeleffekt erzielt. Dies erm\u00f6glicht es uns, nach drau\u00dfen zu sehen, ohne gesehen zu werden, und schafft Privatsph\u00e4re in unserem B\u00fcro, Arbeitszimmer oder Zuhause dank der <strong>Vinyls mit Spiegeleffekt.<\/strong><\/p>\n<p>Es ist auch wichtig hervorzuheben, dass die <strong>Fensterkunststoffe mit Spiegeleffekt,<\/strong> Sie lassen die von den Sonnenstrahlen abgegebene W\u00e4rme beim Auftreffen auf das Glas kaum durch und tragen so zur Temperaturreduzierung im Inneren bei und schonen Ressourcen.<\/p>\n<p>Unter www.impresiondigitalgranformato.es bieten wir Ihnen mehrere Farben zum Kauf an. <strong>Spiegeleffektplatten<\/strong>. Silberblech mit Spiegeleffekt, Bronzeblech mit Spiegeleffekt und Stahlblech mit Spiegeleffekt.<\/p>\n<p>In allen Farben dieser <strong>Kunststoffe mit Spiegeleffekt<\/strong> Wir haben 2 Arten von Bl\u00e4ttern. Zum Aufkleben der <strong>Spiegelblatt<\/strong> Au\u00dfen oder innen. (Wenn das Glas geh\u00e4rtet oder doppelt verglast ist oder viele Stunden direkter Sonneneinstrahlung ausgesetzt ist, ist es ratsam, f\u00fcr die Au\u00dfenseite zu zahlen.)<\/p>\n<p>Abh\u00e4ngig von der Farbe und Platzierung der <strong>Vinyls mit Spiegeleffekt<\/strong> Wir erhalten mehr oder weniger reflektierte Sonnenenergie. Sie k\u00f6nnen diese Daten im <strong>technische Datenbl\u00e4tter f\u00fcr jede Spiegelplatte.<\/strong><\/p>\n<p>Silberfolie ext<\/p>\n<p>Silberfolie int<\/p>\n<p>Bronzeblech ext<\/p>\n<p>Bronzeblech int<\/p>\n<p>Lamian-Stahl ext<\/p>\n<p>Lamian-Stahl int<\/p>\n<p style=\"text-align: center;\">Die Platzierung dieser <strong>Spiegelplatten<\/strong> Es ist ganz einfach:<\/p>\n<p>Reinigen Sie das Glas gut, schneiden Sie die Spiegeleffektfolie auf die gew\u00fcnschte Gr\u00f6\u00dfe zu, ziehen Sie die R\u00fcckseite des Spiegelvinyls ab, bespr\u00fchen Sie die Klebefl\u00e4che der Folie und das Glas, auf das Sie sie kleben m\u00f6chten, mit reichlich Wasser, platzieren Sie die Folie in der gew\u00fcnschten H\u00f6he auf dem Glas, kleben Sie sie mit einem Spatel auf und entfernen Sie das Wasser von der Mitte nach rechts und von der Mitte nach links. Wenn alles auf der Folie klebt, lassen Sie sie trocknen, damit sie besser haftet, und schneiden Sie \u00fcbersch\u00fcssiges Material ab, falls vorhanden.<\/p>\n<p>Falls Sie die <strong>Spiegeleffektplatten<\/strong>, fordern Sie ein Angebot von uns an und wir kommen gerne vorbei und kleben sie auf.<\/p>\n<h3 style=\"text-align: center;\"><span style=\"color: #3366ff;\">Vorteile beim Kauf von Fensterkunststoffen mit Spiegeleffekt<\/span><\/h3>\n<p><strong>SONNENSCHUTZ:<\/strong> Sie blockieren einen gro\u00dfen Teil der UV-Strahlen, die f\u00fcr unsere Gesundheit und die Inneneinrichtung sch\u00e4dlich sind.<\/p>\n<p><strong>EINSPARUNGEN:<\/strong> Sie reduzieren die innere Erw\u00e4rmung und tragen so dazu bei, dass wir weniger Ressourcen verbrauchen.<\/p>\n<p><strong>DATENSCHUTZ:<\/strong> Verspiegelte Folien sorgen tags\u00fcber f\u00fcr Sichtschutz, sodass Sie von au\u00dfen nicht gesehen werden k\u00f6nnen.<\/p>\n<p><strong>\u00c4STHETIK:<\/strong> Modernisieren Sie jedes Geb\u00e4ude mit Spiegeleffekt und verschiedenen Farben.<\/p>\n<p><strong>FUNKTIONALIT\u00c4T:<\/strong> Dadurch k\u00f6nnen wir unser Geb\u00e4ude von au\u00dfen hervorheben und im Inneren separate Bereiche schaffen.<\/p>\n<p>&nbsp;<\/p>\n<p>En caso que no sea la lamina solar que esta buscando, visite nuestra nuestra galer\u00eda con ms modelos. <a href=\"https:\/\/impresiondigitalgranformato.es\/es_es\/categoria-producto\/laminas-solares-para-cristales\/\"><strong>KLICKEN SIE HIER.<\/strong><\/a><\/p>\n<p>&nbsp;<\/p>\n<p><span style=\"color: #ff0000;\"><strong>Dieses Produkt kann innerhalb von 24 Stunden* geliefert werden.<\/strong><\/span><\/p>\n<p data-pbs-phone-margin-bottom=\"18px\"><strong>Verschiedene Arten von Sendungen:<\/strong><\/p>\n<p data-pbs-phone-margin-bottom=\"18px\"><strong>Produktion und Lieferung innerhalb von 8 Arbeitstagen<\/strong><\/p>\n<p data-pbs-phone-margin-bottom=\"18px\"><strong>Produktion und Lieferung innerhalb von 4 Arbeitstagen<\/strong><\/p>\n<p data-pbs-phone-margin-top=\"1px\"><strong>Produktion und Lieferung innerhalb von 2 Arbeitstagen<\/strong><\/p>\n<p data-pbs-phone-margin-top=\"1px\"><strong>Produktion und Lieferung innerhalb von 1 Arbeitstag<\/strong>\u00a0(*dieser Service gilt nur f\u00fcr Bestellungen, die vor 11.30 Uhr des laufenden Tages best\u00e4tigt werden).<\/p>","protected":false},"excerpt":{"rendered":"<p><strong>Folie f\u00fcr Fenster, Schaufenster, Glast\u00fcren\u2026<\/strong><\/p>\n<p><strong>Verschiedene Farben zur Auswahl.<\/strong><\/p>\n<p><span style=\"color: #3366ff;\"><strong>Lieferbar innerhalb von 24 Stunden<\/strong><\/span><\/p>\n<p><a href=\"https:\/\/impresiondigitalgranformato.es\/es_es\/categoria-producto\/laminas-solares-para-cristales\/\">Klicken Sie hier, um weitere Modelle anzuzeigen<\/a><\/p>","protected":false},"featured_media":17906,"comment_status":"open","ping_status":"closed","template":"","meta":[],"product_brand":[],"product_cat":[113],"product_tag":[],"class_list":{"0":"post-13437","1":"product","2":"type-product","3":"status-publish","4":"has-post-thumbnail","6":"product_cat-laminas-solares-para-cristales","8":"first","9":"instock","10":"sold-individually","11":"taxable","12":"shipping-taxable","13":"purchasable","14":"product-type-simple"},"yoast_head":"<!-- This site is optimized with the Yoast SEO plugin v27.6 - https:\/\/yoast.com\/product\/yoast-seo-wordpress\/ -->\n<title>Pl\u00e1stico para ventanas efecto espejo - Los + baratos - Env\u00edo gratis<\/title>\n<meta name=\"description\" content=\"Pl\u00e1stico para ventanas efecto espejo, varios colores para elegir. opci\u00f3n de rollo completo, metros lineales y piezas sueltas a tama\u00f1o deseado. Env\u00edo gratis.\" \/>\n<meta name=\"robots\" content=\"index, follow, max-snippet:-1, max-image-preview:large, max-video-preview:-1\" \/>\n<link rel=\"canonical\" href=\"https:\/\/impresiondigitalgranformato.es\/de\/produkt\/fensterfolie-mit-spiegeleffekt\/\" \/>\n<meta property=\"og:locale\" content=\"de_DE\" \/>\n<meta property=\"og:type\" content=\"article\" \/>\n<meta property=\"og:title\" content=\"Pl\u00e1stico para ventanas efecto espejo - Los + baratos - Env\u00edo gratis\" \/>\n<meta property=\"og:description\" content=\"Pl\u00e1stico para ventanas efecto espejo, varios colores para elegir. opci\u00f3n de rollo completo, metros lineales y piezas sueltas a tama\u00f1o deseado. Env\u00edo gratis.\" \/>\n<meta property=\"og:url\" content=\"https:\/\/impresiondigitalgranformato.es\/de\/produkt\/fensterfolie-mit-spiegeleffekt\/\" \/>\n<meta property=\"og:site_name\" content=\"Los + baratos\" \/>\n<meta property=\"article:modified_time\" content=\"2025-08-02T09:34:18+00:00\" \/>\n<meta property=\"og:image\" content=\"http:\/\/impresiondigitalgranformato.es\/wp-content\/uploads\/2025\/07\/plastico-para-ventanas-efecto-espejo.jpg\" \/>\n\t<meta property=\"og:image:width\" content=\"630\" \/>\n\t<meta property=\"og:image:height\" content=\"630\" \/>\n\t<meta property=\"og:image:type\" content=\"image\/jpeg\" \/>\n<meta name=\"twitter:card\" content=\"summary_large_image\" \/>\n<meta name=\"twitter:label1\" content=\"Gesch\u00e4tzte Lesezeit\" \/>\n\t<meta name=\"twitter:data1\" content=\"3\u00a0Minuten\" \/>\n<script type=\"application\/ld+json\" class=\"yoast-schema-graph\">{\"@context\":\"https:\\\/\\\/schema.org\",\"@graph\":[{\"@type\":\"WebPage\",\"@id\":\"https:\\\/\\\/impresiondigitalgranformato.es\\\/producto\\\/plastico-para-ventanas-efecto-espejo\\\/\",\"url\":\"https:\\\/\\\/impresiondigitalgranformato.es\\\/producto\\\/plastico-para-ventanas-efecto-espejo\\\/\",\"name\":\"Pl\u00e1stico para ventanas efecto espejo - Los + baratos - Env\u00edo gratis\",\"isPartOf\":{\"@id\":\"https:\\\/\\\/impresiondigitalgranformato.es\\\/#website\"},\"primaryImageOfPage\":{\"@id\":\"https:\\\/\\\/impresiondigitalgranformato.es\\\/producto\\\/plastico-para-ventanas-efecto-espejo\\\/#primaryimage\"},\"image\":{\"@id\":\"https:\\\/\\\/impresiondigitalgranformato.es\\\/producto\\\/plastico-para-ventanas-efecto-espejo\\\/#primaryimage\"},\"thumbnailUrl\":\"https:\\\/\\\/i0.wp.com\\\/impresiondigitalgranformato.es\\\/wp-content\\\/uploads\\\/2025\\\/07\\\/plastico-para-ventanas-efecto-espejo.jpg?fit=630%2C630&ssl=1\",\"datePublished\":\"2021-01-22T12:31:59+00:00\",\"dateModified\":\"2025-08-02T09:34:18+00:00\",\"description\":\"Pl\u00e1stico para ventanas efecto espejo, varios colores para elegir. opci\u00f3n de rollo completo, metros lineales y piezas sueltas a tama\u00f1o deseado. Env\u00edo gratis.\",\"breadcrumb\":{\"@id\":\"https:\\\/\\\/impresiondigitalgranformato.es\\\/producto\\\/plastico-para-ventanas-efecto-espejo\\\/#breadcrumb\"},\"inLanguage\":\"de\",\"potentialAction\":[{\"@type\":\"ReadAction\",\"target\":[\"https:\\\/\\\/impresiondigitalgranformato.es\\\/producto\\\/plastico-para-ventanas-efecto-espejo\\\/\"]}]},{\"@type\":\"ImageObject\",\"inLanguage\":\"de\",\"@id\":\"https:\\\/\\\/impresiondigitalgranformato.es\\\/producto\\\/plastico-para-ventanas-efecto-espejo\\\/#primaryimage\",\"url\":\"https:\\\/\\\/i0.wp.com\\\/impresiondigitalgranformato.es\\\/wp-content\\\/uploads\\\/2025\\\/07\\\/plastico-para-ventanas-efecto-espejo.jpg?fit=630%2C630&ssl=1\",\"contentUrl\":\"https:\\\/\\\/i0.wp.com\\\/impresiondigitalgranformato.es\\\/wp-content\\\/uploads\\\/2025\\\/07\\\/plastico-para-ventanas-efecto-espejo.jpg?fit=630%2C630&ssl=1\",\"width\":630,\"height\":630,\"caption\":\"Pl\u00e1stico para vidros com efeito espelho\"},{\"@type\":\"BreadcrumbList\",\"@id\":\"https:\\\/\\\/impresiondigitalgranformato.es\\\/producto\\\/plastico-para-ventanas-efecto-espejo\\\/#breadcrumb\",\"itemListElement\":[{\"@type\":\"ListItem\",\"position\":1,\"name\":\"Portada\",\"item\":\"https:\\\/\\\/impresiondigitalgranformato.es\\\/\"},{\"@type\":\"ListItem\",\"position\":2,\"name\":\"Productos\",\"item\":\"https:\\\/\\\/impresiondigitalgranformato.es\\\/venta-roll-up-banner\\\/\"},{\"@type\":\"ListItem\",\"position\":3,\"name\":\"Pl\u00e1stico para ventanas efecto espejo\"}]},{\"@type\":\"WebSite\",\"@id\":\"https:\\\/\\\/impresiondigitalgranformato.es\\\/#website\",\"url\":\"https:\\\/\\\/impresiondigitalgranformato.es\\\/\",\"name\":\"Los + baratos\",\"description\":\"impresi\u00f3n digital gran formato venta de roll up, banner, banderas, lonas, carteles, displays, publicidad\",\"publisher\":{\"@id\":\"https:\\\/\\\/impresiondigitalgranformato.es\\\/#organization\"},\"potentialAction\":[{\"@type\":\"SearchAction\",\"target\":{\"@type\":\"EntryPoint\",\"urlTemplate\":\"https:\\\/\\\/impresiondigitalgranformato.es\\\/?s={search_term_string}\"},\"query-input\":{\"@type\":\"PropertyValueSpecification\",\"valueRequired\":true,\"valueName\":\"search_term_string\"}}],\"inLanguage\":\"de\"},{\"@type\":\"Organization\",\"@id\":\"https:\\\/\\\/impresiondigitalgranformato.es\\\/#organization\",\"name\":\"Los + baratos\",\"url\":\"https:\\\/\\\/impresiondigitalgranformato.es\\\/\",\"logo\":{\"@type\":\"ImageObject\",\"inLanguage\":\"de\",\"@id\":\"https:\\\/\\\/impresiondigitalgranformato.es\\\/#\\\/schema\\\/logo\\\/image\\\/\",\"url\":\"https:\\\/\\\/i0.wp.com\\\/impresiondigitalgranformato.es\\\/wp-content\\\/uploads\\\/2016\\\/12\\\/cropped-logotipo-2-e1483373659766.png?fit=500%2C101&ssl=1\",\"contentUrl\":\"https:\\\/\\\/i0.wp.com\\\/impresiondigitalgranformato.es\\\/wp-content\\\/uploads\\\/2016\\\/12\\\/cropped-logotipo-2-e1483373659766.png?fit=500%2C101&ssl=1\",\"width\":500,\"height\":101,\"caption\":\"Los + baratos\"},\"image\":{\"@id\":\"https:\\\/\\\/impresiondigitalgranformato.es\\\/#\\\/schema\\\/logo\\\/image\\\/\"}}]}<\/script>\n<!-- \/ Yoast SEO plugin. -->","yoast_head_json":{"title":"Verspiegelte Fensterfolie - Die g\u00fcnstigste - Kostenloser Versand","description":"Fensterfolie mit Spiegeleffekt, erh\u00e4ltlich in verschiedenen Farben. Zur Auswahl stehen ganze Rollen, Laufmeter und Einzelst\u00fccke Ihrer Wahl. Kostenloser Versand.","robots":{"index":"index","follow":"follow","max-snippet":"max-snippet:-1","max-image-preview":"max-image-preview:large","max-video-preview":"max-video-preview:-1"},"canonical":"https:\/\/impresiondigitalgranformato.es\/de\/produkt\/fensterfolie-mit-spiegeleffekt\/","og_locale":"de_DE","og_type":"article","og_title":"Pl\u00e1stico para ventanas efecto espejo - Los + baratos - Env\u00edo gratis","og_description":"Pl\u00e1stico para ventanas efecto espejo, varios colores para elegir. opci\u00f3n de rollo completo, metros lineales y piezas sueltas a tama\u00f1o deseado. Env\u00edo gratis.","og_url":"https:\/\/impresiondigitalgranformato.es\/de\/produkt\/fensterfolie-mit-spiegeleffekt\/","og_site_name":"Los + baratos","article_modified_time":"2025-08-02T09:34:18+00:00","og_image":[{"width":630,"height":630,"url":"http:\/\/impresiondigitalgranformato.es\/wp-content\/uploads\/2025\/07\/plastico-para-ventanas-efecto-espejo.jpg","type":"image\/jpeg"}],"twitter_card":"summary_large_image","twitter_misc":{"Gesch\u00e4tzte Lesezeit":"3\u00a0Minuten"},"schema":{"@context":"https:\/\/schema.org","@graph":[{"@type":"WebPage","@id":"https:\/\/impresiondigitalgranformato.es\/producto\/plastico-para-ventanas-efecto-espejo\/","url":"https:\/\/impresiondigitalgranformato.es\/producto\/plastico-para-ventanas-efecto-espejo\/","name":"Verspiegelte Fensterfolie - Die g\u00fcnstigste - Kostenloser Versand","isPartOf":{"@id":"https:\/\/impresiondigitalgranformato.es\/#website"},"primaryImageOfPage":{"@id":"https:\/\/impresiondigitalgranformato.es\/producto\/plastico-para-ventanas-efecto-espejo\/#primaryimage"},"image":{"@id":"https:\/\/impresiondigitalgranformato.es\/producto\/plastico-para-ventanas-efecto-espejo\/#primaryimage"},"thumbnailUrl":"https:\/\/i0.wp.com\/impresiondigitalgranformato.es\/wp-content\/uploads\/2025\/07\/plastico-para-ventanas-efecto-espejo.jpg?fit=630%2C630&ssl=1","datePublished":"2021-01-22T12:31:59+00:00","dateModified":"2025-08-02T09:34:18+00:00","description":"Fensterfolie mit Spiegeleffekt, erh\u00e4ltlich in verschiedenen Farben. Zur Auswahl stehen ganze Rollen, Laufmeter und Einzelst\u00fccke Ihrer Wahl. Kostenloser Versand.","breadcrumb":{"@id":"https:\/\/impresiondigitalgranformato.es\/producto\/plastico-para-ventanas-efecto-espejo\/#breadcrumb"},"inLanguage":"de","potentialAction":[{"@type":"ReadAction","target":["https:\/\/impresiondigitalgranformato.es\/producto\/plastico-para-ventanas-efecto-espejo\/"]}]},{"@type":"ImageObject","inLanguage":"de","@id":"https:\/\/impresiondigitalgranformato.es\/producto\/plastico-para-ventanas-efecto-espejo\/#primaryimage","url":"https:\/\/i0.wp.com\/impresiondigitalgranformato.es\/wp-content\/uploads\/2025\/07\/plastico-para-ventanas-efecto-espejo.jpg?fit=630%2C630&ssl=1","contentUrl":"https:\/\/i0.wp.com\/impresiondigitalgranformato.es\/wp-content\/uploads\/2025\/07\/plastico-para-ventanas-efecto-espejo.jpg?fit=630%2C630&ssl=1","width":630,"height":630,"caption":"Pl\u00e1stico para vidros com efeito espelho"},{"@type":"BreadcrumbList","@id":"https:\/\/impresiondigitalgranformato.es\/producto\/plastico-para-ventanas-efecto-espejo\/#breadcrumb","itemListElement":[{"@type":"ListItem","position":1,"name":"Portada","item":"https:\/\/impresiondigitalgranformato.es\/"},{"@type":"ListItem","position":2,"name":"Productos","item":"https:\/\/impresiondigitalgranformato.es\/venta-roll-up-banner\/"},{"@type":"ListItem","position":3,"name":"Pl\u00e1stico para ventanas efecto espejo"}]},{"@type":"WebSite","@id":"https:\/\/impresiondigitalgranformato.es\/#website","url":"https:\/\/impresiondigitalgranformato.es\/","name":"Die billigsten","description":"Gro\u00dfformatiger Digitaldruck Verkauf von Roll-ups, Bannern, Flaggen, Fahnen, Planen, Postern, Displays, Anzeigen","publisher":{"@id":"https:\/\/impresiondigitalgranformato.es\/#organization"},"potentialAction":[{"@type":"SearchAction","target":{"@type":"EntryPoint","urlTemplate":"https:\/\/impresiondigitalgranformato.es\/?s={search_term_string}"},"query-input":{"@type":"PropertyValueSpecification","valueRequired":true,"valueName":"search_term_string"}}],"inLanguage":"de"},{"@type":"Organization","@id":"https:\/\/impresiondigitalgranformato.es\/#organization","name":"Die billigsten","url":"https:\/\/impresiondigitalgranformato.es\/","logo":{"@type":"ImageObject","inLanguage":"de","@id":"https:\/\/impresiondigitalgranformato.es\/#\/schema\/logo\/image\/","url":"https:\/\/i0.wp.com\/impresiondigitalgranformato.es\/wp-content\/uploads\/2016\/12\/cropped-logotipo-2-e1483373659766.png?fit=500%2C101&ssl=1","contentUrl":"https:\/\/i0.wp.com\/impresiondigitalgranformato.es\/wp-content\/uploads\/2016\/12\/cropped-logotipo-2-e1483373659766.png?fit=500%2C101&ssl=1","width":500,"height":101,"caption":"Los + baratos"},"image":{"@id":"https:\/\/impresiondigitalgranformato.es\/#\/schema\/logo\/image\/"}}]}},"jetpack_sharing_enabled":true,"_links":{"self":[{"href":"https:\/\/impresiondigitalgranformato.es\/de\/wp-json\/wp\/v2\/product\/13437","targetHints":{"allow":["GET"]}}],"collection":[{"href":"https:\/\/impresiondigitalgranformato.es\/de\/wp-json\/wp\/v2\/product"}],"about":[{"href":"https:\/\/impresiondigitalgranformato.es\/de\/wp-json\/wp\/v2\/types\/product"}],"replies":[{"embeddable":true,"href":"https:\/\/impresiondigitalgranformato.es\/de\/wp-json\/wp\/v2\/comments?post=13437"}],"wp:featuredmedia":[{"embeddable":true,"href":"https:\/\/impresiondigitalgranformato.es\/de\/wp-json\/wp\/v2\/media\/17906"}],"wp:attachment":[{"href":"https:\/\/impresiondigitalgranformato.es\/de\/wp-json\/wp\/v2\/media?parent=13437"}],"wp:term":[{"taxonomy":"product_brand","embeddable":true,"href":"https:\/\/impresiondigitalgranformato.es\/de\/wp-json\/wp\/v2\/product_brand?post=13437"},{"taxonomy":"product_cat","embeddable":true,"href":"https:\/\/impresiondigitalgranformato.es\/de\/wp-json\/wp\/v2\/product_cat?post=13437"},{"taxonomy":"product_tag","embeddable":true,"href":"https:\/\/impresiondigitalgranformato.es\/de\/wp-json\/wp\/v2\/product_tag?post=13437"}],"curies":[{"name":"wp","href":"https:\/\/api.w.org\/{rel}","templated":true}]}}