{"id":14337,"date":"2022-02-17T14:33:29","date_gmt":"2022-02-17T13:33:29","guid":{"rendered":"https:\/\/impresiondigitalgranformato.es\/?post_type=product&#038;p=14337"},"modified":"2025-07-14T12:05:26","modified_gmt":"2025-07-14T10:05:26","slug":"banner-120x200","status":"publish","type":"product","link":"https:\/\/impresiondigitalgranformato.es\/de\/producto\/banner-120x200\/","title":{"rendered":"Banner 120 x 200"},"content":{"rendered":"<p><strong>Banner 120&#215;200 cm.<\/strong><\/p>\n<p>Estructura en X de alta calidad fabricada en aluminio, acero y fibra de vidrio.<\/p>\n<p>Gr\u00e1fica del x-banner de 120 x 200 cm realizada en impresi\u00f3n digital a 1440 p.p.p. sobre lona de pvc de 450 gr. fundida satinada.<\/p>\n<p>Inklusive Nylon-Tragetasche.<\/p>\n<p>Weitere Modelle finden Sie in unserem <a href=\"https:\/\/impresiondigitalgranformato.es\/de\/wirtschaftsbanner-und-x-banner\/\">banner oder Xbanner<\/a><\/p>\n<hr \/>\n<p style=\"text-align: left;\">El banner 120&#215;200 cm es muy resistente gracias a que su estructura es muy robusta. Aunque los Xbanner no est\u00e1n pensados para exterior, este baner te permite tambi\u00e9n exponer tu publicidad en la calle. Sus tres patas fabricadas en aluminio que hacen de base le otorgan un gran equilibrio.<\/p>\n<p>Ademas cartel del baner de 120 x200 cm tambi\u00e9n aguanta las inclemencias del tiempo ya que esta fabricado en lona de pvc fundido. Y la impresi\u00f3n de la gr\u00e1fica del xbaner se realiza con tintas eco-solvente.<\/p>\n<h3 style=\"text-align: center;\"><strong>Ahorre con el banner 120&#215;200 cm<\/strong><\/h3>\n<p>Con el X-banner de 120 x 200 cm podr\u00e1 ahorrar en sus eventos. Con una sola estructura puede tener varias gr\u00e1ficas con diferentes publicidades u ofertas e intercambiarlas con facilidad. O incluso si su cartel del banner se deteriora o simplemente se queda anticuado en www.impresiondigitalgranformato.es le damos la opci\u00f3n de comprar solo la gr\u00e1fica. Tambi\u00e9n tiene la opci\u00f3n de comprar solo la estructura de xbanner de 120 cm<\/p>\n<hr \/>\n<p>En el caso que los banner o x-banner no sea lo que esta buscando y lo que le interesa es un rollup por favor visite nuestra secci\u00f3n de <a href=\"https:\/\/impresiondigitalgranformato.es\/de\/aufrollen\/\">Roll-Up-Werbung<\/a> en la le ofrecemos los modelos de roll up est\u00e1ndar como los roll ups premium<\/p>\n<hr \/>\n<p>&nbsp;<\/p>","protected":false},"excerpt":{"rendered":"<p>X-banner de 120 x 200 cm<\/p>\n<p><strong><span style=\"color: #ff0000;\">MENGENRABATTE !!!\u00a0<\/span><\/strong><\/p>\n<p><strong>-<\/strong>\u00a0aus der 1. Einheit<\/p>\n<p>Dieses Produkt kann innerhalb von 24 Stunden geliefert werden<strong>*<\/strong><\/p>\n<p><a href=\"https:\/\/impresiondigitalgranformato.es\/de\/wirtschaftsbanner-und-x-banner\/\">Mehr Modelle sehen<\/a><\/p>","protected":false},"featured_media":14342,"comment_status":"open","ping_status":"closed","template":"","meta":[],"product_brand":[],"product_cat":[42],"product_tag":[],"class_list":{"0":"post-14337","1":"product","2":"type-product","3":"status-publish","4":"has-post-thumbnail","6":"product_cat-banner-economico","8":"first","9":"instock","10":"sold-individually","11":"taxable","12":"shipping-taxable","13":"purchasable","14":"product-type-simple"},"yoast_head":"<!-- This site is optimized with the Yoast SEO plugin v27.3 - https:\/\/yoast.com\/product\/yoast-seo-wordpress\/ -->\n<title>Banner 120x200 - Los + baratos - Xbanner de 120 cm econ\u00f3mico<\/title>\n<meta name=\"description\" content=\"Banner 120x200 cm de alta calidad estructura de aluminio, acero y fibra de vidrio. Impresi\u00f3n de la gr\u00e1fica del xbanner en alta calidad\" \/>\n<meta name=\"robots\" content=\"index, follow, max-snippet:-1, max-image-preview:large, max-video-preview:-1\" \/>\n<link rel=\"canonical\" href=\"https:\/\/impresiondigitalgranformato.es\/de\/produkt\/banner-120x200\/\" \/>\n<meta property=\"og:locale\" content=\"de_DE\" \/>\n<meta property=\"og:type\" content=\"article\" \/>\n<meta property=\"og:title\" content=\"Banner 120x200 - Los + baratos - Xbanner de 120 cm econ\u00f3mico\" \/>\n<meta property=\"og:description\" content=\"Banner 120x200 cm de alta calidad estructura de aluminio, acero y fibra de vidrio. Impresi\u00f3n de la gr\u00e1fica del xbanner en alta calidad\" \/>\n<meta property=\"og:url\" content=\"https:\/\/impresiondigitalgranformato.es\/de\/produkt\/banner-120x200\/\" \/>\n<meta property=\"og:site_name\" content=\"Los + baratos\" \/>\n<meta property=\"article:modified_time\" content=\"2025-07-14T10:05:26+00:00\" \/>\n<meta property=\"og:image\" content=\"http:\/\/impresiondigitalgranformato.es\/wp-content\/uploads\/2022\/02\/banner-120-x-200.jpg\" \/>\n\t<meta property=\"og:image:width\" content=\"630\" \/>\n\t<meta property=\"og:image:height\" content=\"630\" \/>\n\t<meta property=\"og:image:type\" content=\"image\/jpeg\" \/>\n<meta name=\"twitter:card\" content=\"summary_large_image\" \/>\n<meta name=\"twitter:label1\" content=\"Gesch\u00e4tzte Lesezeit\" \/>\n\t<meta name=\"twitter:data1\" content=\"2\u00a0Minuten\" \/>\n<script type=\"application\/ld+json\" class=\"yoast-schema-graph\">{\"@context\":\"https:\\\/\\\/schema.org\",\"@graph\":[{\"@type\":\"WebPage\",\"@id\":\"https:\\\/\\\/impresiondigitalgranformato.es\\\/producto\\\/banner-120x200\\\/\",\"url\":\"https:\\\/\\\/impresiondigitalgranformato.es\\\/producto\\\/banner-120x200\\\/\",\"name\":\"Banner 120x200 - Los + baratos - Xbanner de 120 cm econ\u00f3mico\",\"isPartOf\":{\"@id\":\"https:\\\/\\\/impresiondigitalgranformato.es\\\/#website\"},\"primaryImageOfPage\":{\"@id\":\"https:\\\/\\\/impresiondigitalgranformato.es\\\/producto\\\/banner-120x200\\\/#primaryimage\"},\"image\":{\"@id\":\"https:\\\/\\\/impresiondigitalgranformato.es\\\/producto\\\/banner-120x200\\\/#primaryimage\"},\"thumbnailUrl\":\"https:\\\/\\\/i0.wp.com\\\/impresiondigitalgranformato.es\\\/wp-content\\\/uploads\\\/2022\\\/02\\\/banner-120-x-200.jpg?fit=630%2C630&ssl=1\",\"datePublished\":\"2022-02-17T13:33:29+00:00\",\"dateModified\":\"2025-07-14T10:05:26+00:00\",\"description\":\"Banner 120x200 cm de alta calidad estructura de aluminio, acero y fibra de vidrio. Impresi\u00f3n de la gr\u00e1fica del xbanner en alta calidad\",\"breadcrumb\":{\"@id\":\"https:\\\/\\\/impresiondigitalgranformato.es\\\/producto\\\/banner-120x200\\\/#breadcrumb\"},\"inLanguage\":\"de\",\"potentialAction\":[{\"@type\":\"ReadAction\",\"target\":[\"https:\\\/\\\/impresiondigitalgranformato.es\\\/producto\\\/banner-120x200\\\/\"]}]},{\"@type\":\"ImageObject\",\"inLanguage\":\"de\",\"@id\":\"https:\\\/\\\/impresiondigitalgranformato.es\\\/producto\\\/banner-120x200\\\/#primaryimage\",\"url\":\"https:\\\/\\\/i0.wp.com\\\/impresiondigitalgranformato.es\\\/wp-content\\\/uploads\\\/2022\\\/02\\\/banner-120-x-200.jpg?fit=630%2C630&ssl=1\",\"contentUrl\":\"https:\\\/\\\/i0.wp.com\\\/impresiondigitalgranformato.es\\\/wp-content\\\/uploads\\\/2022\\\/02\\\/banner-120-x-200.jpg?fit=630%2C630&ssl=1\",\"width\":630,\"height\":630,\"caption\":\"banner 120x200\"},{\"@type\":\"BreadcrumbList\",\"@id\":\"https:\\\/\\\/impresiondigitalgranformato.es\\\/producto\\\/banner-120x200\\\/#breadcrumb\",\"itemListElement\":[{\"@type\":\"ListItem\",\"position\":1,\"name\":\"Portada\",\"item\":\"https:\\\/\\\/impresiondigitalgranformato.es\\\/\"},{\"@type\":\"ListItem\",\"position\":2,\"name\":\"Productos\",\"item\":\"https:\\\/\\\/impresiondigitalgranformato.es\\\/venta-roll-up-banner\\\/\"},{\"@type\":\"ListItem\",\"position\":3,\"name\":\"Banner 120 x 200\"}]},{\"@type\":\"WebSite\",\"@id\":\"https:\\\/\\\/impresiondigitalgranformato.es\\\/#website\",\"url\":\"https:\\\/\\\/impresiondigitalgranformato.es\\\/\",\"name\":\"Los + baratos\",\"description\":\"impresi\u00f3n digital gran formato venta de roll up, banner, banderas, lonas, carteles, displays, publicidad\",\"publisher\":{\"@id\":\"https:\\\/\\\/impresiondigitalgranformato.es\\\/#organization\"},\"potentialAction\":[{\"@type\":\"SearchAction\",\"target\":{\"@type\":\"EntryPoint\",\"urlTemplate\":\"https:\\\/\\\/impresiondigitalgranformato.es\\\/?s={search_term_string}\"},\"query-input\":{\"@type\":\"PropertyValueSpecification\",\"valueRequired\":true,\"valueName\":\"search_term_string\"}}],\"inLanguage\":\"de\"},{\"@type\":\"Organization\",\"@id\":\"https:\\\/\\\/impresiondigitalgranformato.es\\\/#organization\",\"name\":\"Los + baratos\",\"url\":\"https:\\\/\\\/impresiondigitalgranformato.es\\\/\",\"logo\":{\"@type\":\"ImageObject\",\"inLanguage\":\"de\",\"@id\":\"https:\\\/\\\/impresiondigitalgranformato.es\\\/#\\\/schema\\\/logo\\\/image\\\/\",\"url\":\"https:\\\/\\\/i0.wp.com\\\/impresiondigitalgranformato.es\\\/wp-content\\\/uploads\\\/2016\\\/12\\\/cropped-logotipo-2-e1483373659766.png?fit=500%2C101&ssl=1\",\"contentUrl\":\"https:\\\/\\\/i0.wp.com\\\/impresiondigitalgranformato.es\\\/wp-content\\\/uploads\\\/2016\\\/12\\\/cropped-logotipo-2-e1483373659766.png?fit=500%2C101&ssl=1\",\"width\":500,\"height\":101,\"caption\":\"Los + baratos\"},\"image\":{\"@id\":\"https:\\\/\\\/impresiondigitalgranformato.es\\\/#\\\/schema\\\/logo\\\/image\\\/\"}}]}<\/script>\n<!-- \/ Yoast SEO plugin. -->","yoast_head_json":{"title":"Banner 120x200 - Los + baratos - Xbanner de 120 cm econ\u00f3mico","description":"Banner 120x200 cm de alta calidad estructura de aluminio, acero y fibra de vidrio. Impresi\u00f3n de la gr\u00e1fica del xbanner en alta calidad","robots":{"index":"index","follow":"follow","max-snippet":"max-snippet:-1","max-image-preview":"max-image-preview:large","max-video-preview":"max-video-preview:-1"},"canonical":"https:\/\/impresiondigitalgranformato.es\/de\/produkt\/banner-120x200\/","og_locale":"de_DE","og_type":"article","og_title":"Banner 120x200 - Los + baratos - Xbanner de 120 cm econ\u00f3mico","og_description":"Banner 120x200 cm de alta calidad estructura de aluminio, acero y fibra de vidrio. Impresi\u00f3n de la gr\u00e1fica del xbanner en alta calidad","og_url":"https:\/\/impresiondigitalgranformato.es\/de\/produkt\/banner-120x200\/","og_site_name":"Los + baratos","article_modified_time":"2025-07-14T10:05:26+00:00","og_image":[{"width":630,"height":630,"url":"http:\/\/impresiondigitalgranformato.es\/wp-content\/uploads\/2022\/02\/banner-120-x-200.jpg","type":"image\/jpeg"}],"twitter_card":"summary_large_image","twitter_misc":{"Gesch\u00e4tzte Lesezeit":"2\u00a0Minuten"},"schema":{"@context":"https:\/\/schema.org","@graph":[{"@type":"WebPage","@id":"https:\/\/impresiondigitalgranformato.es\/producto\/banner-120x200\/","url":"https:\/\/impresiondigitalgranformato.es\/producto\/banner-120x200\/","name":"Banner 120x200 - Los + baratos - Xbanner de 120 cm econ\u00f3mico","isPartOf":{"@id":"https:\/\/impresiondigitalgranformato.es\/#website"},"primaryImageOfPage":{"@id":"https:\/\/impresiondigitalgranformato.es\/producto\/banner-120x200\/#primaryimage"},"image":{"@id":"https:\/\/impresiondigitalgranformato.es\/producto\/banner-120x200\/#primaryimage"},"thumbnailUrl":"https:\/\/i0.wp.com\/impresiondigitalgranformato.es\/wp-content\/uploads\/2022\/02\/banner-120-x-200.jpg?fit=630%2C630&ssl=1","datePublished":"2022-02-17T13:33:29+00:00","dateModified":"2025-07-14T10:05:26+00:00","description":"Banner 120x200 cm de alta calidad estructura de aluminio, acero y fibra de vidrio. Impresi\u00f3n de la gr\u00e1fica del xbanner en alta calidad","breadcrumb":{"@id":"https:\/\/impresiondigitalgranformato.es\/producto\/banner-120x200\/#breadcrumb"},"inLanguage":"de","potentialAction":[{"@type":"ReadAction","target":["https:\/\/impresiondigitalgranformato.es\/producto\/banner-120x200\/"]}]},{"@type":"ImageObject","inLanguage":"de","@id":"https:\/\/impresiondigitalgranformato.es\/producto\/banner-120x200\/#primaryimage","url":"https:\/\/i0.wp.com\/impresiondigitalgranformato.es\/wp-content\/uploads\/2022\/02\/banner-120-x-200.jpg?fit=630%2C630&ssl=1","contentUrl":"https:\/\/i0.wp.com\/impresiondigitalgranformato.es\/wp-content\/uploads\/2022\/02\/banner-120-x-200.jpg?fit=630%2C630&ssl=1","width":630,"height":630,"caption":"banner 120x200"},{"@type":"BreadcrumbList","@id":"https:\/\/impresiondigitalgranformato.es\/producto\/banner-120x200\/#breadcrumb","itemListElement":[{"@type":"ListItem","position":1,"name":"Portada","item":"https:\/\/impresiondigitalgranformato.es\/"},{"@type":"ListItem","position":2,"name":"Productos","item":"https:\/\/impresiondigitalgranformato.es\/venta-roll-up-banner\/"},{"@type":"ListItem","position":3,"name":"Banner 120 x 200"}]},{"@type":"WebSite","@id":"https:\/\/impresiondigitalgranformato.es\/#website","url":"https:\/\/impresiondigitalgranformato.es\/","name":"Die billigsten","description":"Gro\u00dfformatiger Digitaldruck Verkauf von Roll-ups, Bannern, Flaggen, Fahnen, Planen, Postern, Displays, Anzeigen","publisher":{"@id":"https:\/\/impresiondigitalgranformato.es\/#organization"},"potentialAction":[{"@type":"SearchAction","target":{"@type":"EntryPoint","urlTemplate":"https:\/\/impresiondigitalgranformato.es\/?s={search_term_string}"},"query-input":{"@type":"PropertyValueSpecification","valueRequired":true,"valueName":"search_term_string"}}],"inLanguage":"de"},{"@type":"Organization","@id":"https:\/\/impresiondigitalgranformato.es\/#organization","name":"Die billigsten","url":"https:\/\/impresiondigitalgranformato.es\/","logo":{"@type":"ImageObject","inLanguage":"de","@id":"https:\/\/impresiondigitalgranformato.es\/#\/schema\/logo\/image\/","url":"https:\/\/i0.wp.com\/impresiondigitalgranformato.es\/wp-content\/uploads\/2016\/12\/cropped-logotipo-2-e1483373659766.png?fit=500%2C101&ssl=1","contentUrl":"https:\/\/i0.wp.com\/impresiondigitalgranformato.es\/wp-content\/uploads\/2016\/12\/cropped-logotipo-2-e1483373659766.png?fit=500%2C101&ssl=1","width":500,"height":101,"caption":"Los + baratos"},"image":{"@id":"https:\/\/impresiondigitalgranformato.es\/#\/schema\/logo\/image\/"}}]}},"jetpack_sharing_enabled":true,"_links":{"self":[{"href":"https:\/\/impresiondigitalgranformato.es\/de\/wp-json\/wp\/v2\/product\/14337","targetHints":{"allow":["GET"]}}],"collection":[{"href":"https:\/\/impresiondigitalgranformato.es\/de\/wp-json\/wp\/v2\/product"}],"about":[{"href":"https:\/\/impresiondigitalgranformato.es\/de\/wp-json\/wp\/v2\/types\/product"}],"replies":[{"embeddable":true,"href":"https:\/\/impresiondigitalgranformato.es\/de\/wp-json\/wp\/v2\/comments?post=14337"}],"wp:featuredmedia":[{"embeddable":true,"href":"https:\/\/impresiondigitalgranformato.es\/de\/wp-json\/wp\/v2\/media\/14342"}],"wp:attachment":[{"href":"https:\/\/impresiondigitalgranformato.es\/de\/wp-json\/wp\/v2\/media?parent=14337"}],"wp:term":[{"taxonomy":"product_brand","embeddable":true,"href":"https:\/\/impresiondigitalgranformato.es\/de\/wp-json\/wp\/v2\/product_brand?post=14337"},{"taxonomy":"product_cat","embeddable":true,"href":"https:\/\/impresiondigitalgranformato.es\/de\/wp-json\/wp\/v2\/product_cat?post=14337"},{"taxonomy":"product_tag","embeddable":true,"href":"https:\/\/impresiondigitalgranformato.es\/de\/wp-json\/wp\/v2\/product_tag?post=14337"}],"curies":[{"name":"wp","href":"https:\/\/api.w.org\/{rel}","templated":true}]}}