{"id":15982,"date":"2024-01-10T11:00:31","date_gmt":"2024-01-10T10:00:31","guid":{"rendered":"https:\/\/impresiondigitalgranformato.es\/?post_type=product&#038;p=15982"},"modified":"2025-07-04T18:35:40","modified_gmt":"2025-07-04T16:35:40","slug":"cartel-luminoso-portatil","status":"publish","type":"product","link":"https:\/\/impresiondigitalgranformato.es\/de\/producto\/cartel-luminoso-portatil\/","title":{"rendered":"Cartel luminoso port\u00e1til"},"content":{"rendered":"<p><strong>Cartel luminoso port\u00e1til.<\/strong><br \/>\n<span style=\"color: #003366;\"><strong>Tama\u00f1o:<\/strong><\/span>\u00a0100 cm de ancho x 200 cm de altura.<br \/>\n<span style=\"color: #003366;\"><strong>Estructura:<\/strong><\/span> Fabricada en aluminio con f\u00e1cil montaje y desmontaje. No se necesitan llaves.<\/p>\n<p><span style=\"color: #003366;\"><strong>Iluminaci\u00f3n:<\/strong><\/span> Interior con led\u00b4s ya montado en la estructura del rotulo port\u00e1til.<\/p>\n<p><span style=\"color: #003366;\"><strong>Gr\u00e1ficas:<\/strong><\/span> Realizadas en tela de poli\u00e9ster con silicona cosida en todo el per\u00edmetro.<\/p>\n<p><a href=\"http:\/\/impresiondigitalgranformato.es\/wp-content\/uploads\/2024\/01\/plantilla-cartel-luminoso-de-100x200-cm.pdf\" target=\"_blank\" rel=\"noopener\">Pinche aqu\u00ed para descargar la plantilla de montaje de archivos de impresi\u00f3n.<\/a><\/p>\n<p><span style=\"color: #003366;\"><strong>Publicidad:<\/strong><\/span> a 1 \u00f3 2 caras.<\/p>\n<p><span style=\"color: #003366;\"><strong>Incluye:<\/strong><\/span> Caja protectora para el transporte<\/p>\n<p><a href=\"https:\/\/impresiondigitalgranformato.es\/de\/carteles-luminosos-portatiles\/\">Pinche aqu\u00ed para ver mas tama\u00f1os y modelos<\/a><\/p>\n<p>&nbsp;<\/p>\n<hr \/>\n<h3 style=\"text-align: center;\"><span style=\"color: #ff6600;\">Destaque por encima de su competencia con este r\u00f3tulo luminoso port\u00e1til.<\/span><\/h3>\n<p>Con este cartel desmontable con iluminaci\u00f3n interior podr\u00e1 realizar una publicidad mucho mas atractiva que la de sus competidores, de su negocio o productos en cualquier evento. Ya que el cartel adem\u00e1s de llevar luz led en el interior, tambi\u00e9n dispone de publicidad en las 2 caras del r\u00f3tulo luminoso port\u00e1til. Una vez que lo monte y encienda todas las miradas ir\u00e1n a su stand si esta en una feria o a su escaparate si se trata de promocionar un producto o servicio.<\/p>\n<p>El montaje del cartel luminoso a 2 caras es bastante sencillo e intuitivo no tardara mas de 5 minutos en formar el cartel con iluminaci\u00f3n interior, ya que las conexiones van numeradas. Una vez formada la estructura del cartel luminoso port\u00e1til a 2 caras solo le quedar\u00eda montar las gr\u00e1ficas, y estas quedan fijadas de una forma muy c\u00f3moda gracias a las tiras de silicona que van cosidas en toda la tela del rotulo luminoso. Las tiras de silicona se\u00a0 insertan en la canaleta que esta todo el largo de la estructura de aluminio y de esta manera las gr\u00e1ficas quedan bien fijadas y tensas en el r\u00f3tulo luminoso port\u00e1til a 2 caras. Una vez termine el evento publicitario y proceda al desmontaje toda las piezas de la\u00a0 estructura y las gr\u00e1ficas quedaran guardadas y protegidas dentro de la caja ideada para su conservaci\u00f3n.<\/p>\n<p><a href=\"http:\/\/impresiondigitalgranformato.es\/wp-content\/uploads\/2024\/01\/instrucciones-de-montaje-cartel-luminoso-de-100x200-cm.pdf\" target=\"_blank\" rel=\"noopener\">vea aqu\u00ed la instrucciones de montaje del Cartel luminoso port\u00e1til<\/a><\/p>\n<hr \/>\n<h2 class=\"yikes-custom-woo-tab-title yikes-custom-woo-tab-title-como-preparar-los-archivos\">Como preparar los archivos\u00a0 del r\u00f3tulo luminoso port\u00e1til<\/h2>\n<div class=\"pbs-main-wrapper\">\n<h4 class=\"yikes-custom-woo-tab-title yikes-custom-woo-tab-title-como-preparar-los-archivos\">G\u00fcltige Formate f\u00fcr den Druck sind JPG, TIFF oder PDF, und sie m\u00fcssen immer die Gr\u00f6\u00dfe des gew\u00e4hlten Artikels haben.<\/h4>\n<div class=\"pbs-main-wrapper\">\n<div class=\"pbs-main-wrapper\">\n<ul>\n<li>Si elige comprar el r\u00f3tulo iluminado por las 2 caras, el tama\u00f1o de la imagen debe de ser de 1024 mm de ancho por 2024 mm de alto. Pero solo se expondr\u00e1 la parte central de un tama\u00f1o de 950 x 1950 mm. Los 37 mm todo alrededor que quedan sin exponer deben tener el mismo color de fondo que el resto pero sin que aparezca ning\u00fan tipo de texto o significativo, ya que no quedaran expuestos y\/o iluminados. (no necesitamos sangrado)<\/li>\n<\/ul>\n<p><strong>DISPONE DE PLANTILLAS DE MONTAJE SI LAS NECESITA <a href=\"http:\/\/impresiondigitalgranformato.es\/wp-content\/uploads\/2024\/01\/plantilla-cartel-luminoso-de-100x200-cm.pdf\" target=\"_blank\" rel=\"noopener\">(pinche aqu\u00ed)<\/a><\/strong><\/p>\n<p>Wir empfehlen, dass die Aufl\u00f6sung mindestens 125 p.p.p. betragen sollte.<\/p>\n<p>Tanto el modo de color CMYK como el de color RGB es valido para impresi\u00f3n. (pero los que est\u00e9n en rgb ser\u00e1n pasados a cmyk a la hora de imprimir)<\/p>\n<p><strong>Wir pr\u00fcfen alle Entw\u00fcrfe auf Gr\u00f6\u00dfe und Qualit\u00e4t. Wir teilen Ihnen mit, ob es f\u00fcr den Druck geeignet ist oder ob es unserer Meinung nach ge\u00e4ndert werden sollte.<\/strong><\/p>\n<ul>\n<li>Para el env\u00edo del archivo de impresi\u00f3n. Puede hacerlo pinchando SELECCIONE ARCHIVO a la hora de configurar el pedido o cuando\u00a0 finalice la compra con todos los art\u00edculos que necesite y junto con el numero de pedido nos los env\u00eda al mail comercial@impresiondigitalgranformato.es<\/li>\n<\/ul>\n<h4>Es ist auch m\u00f6glich, dass wir sie f\u00fcr Sie vorbereiten:<\/h4>\n<p>F\u00fcr die Erstellung der Reinzeichnung ben\u00f6tigen wir von Ihnen die folgenden Angaben per E-Mail:<\/p>\n<p>- Logo und\/oder Bilder, die erscheinen sollen.<\/p>\n<p>- Einzuf\u00fcgende Texte<\/p>\n<p>- Eine kurze Beschreibung der gew\u00fcnschten Gestaltung mit m\u00f6glichst vielen Informationen (Position der Bilder, Farben, Schriftarten usw.).<\/p>\n<p><strong>-Wenn Sie uns die Dateien an die E-Mail comercial@impresiondigitalgranformato.es schicken, geben Sie bitte die Bestellnummer an.<\/strong><\/p>\n<p>Zu jeder Zeit des Kaufs oder der Betrachtung auf dem Web k\u00f6nnen Sie uns kontaktieren, um alle Fragen durch:<\/p>\n<p>Telefon: +34 925 761 762 oder +34 605 265 602 (t\u00e4glich)<\/p>\n<p>Whatsapp: 605 265 602 (Roberto)<\/p>\n<p>ch\u00e1t:\u00a0en vivo<\/p>\n<p>e-mail:\u00a0comercial@impresiondigitalgranformato.es<\/p>\n<\/div>\n<\/div>\n<\/div>\n<p>&nbsp;<\/p>\n<p>&nbsp;<\/p>\n<p>&nbsp;<\/p>","protected":false},"excerpt":{"rendered":"<p>Tama\u00f1o de 100 x 200 cm<\/p>\n<p>Con impresi\u00f3n a 1 \u00f3 2 cara<\/p>\n<p><a href=\"https:\/\/impresiondigitalgranformato.es\/de\/carteles-luminosos-portatiles\/\">Mehr Modelle sehen<\/a><\/p>","protected":false},"featured_media":15983,"comment_status":"open","ping_status":"closed","template":"","meta":[],"product_brand":[],"product_cat":[110],"product_tag":[],"class_list":{"0":"post-15982","1":"product","2":"type-product","3":"status-publish","4":"has-post-thumbnail","6":"product_cat-carteles-luminosos-portatiles","8":"first","9":"instock","10":"sold-individually","11":"taxable","12":"shipping-taxable","13":"purchasable","14":"product-type-simple"},"yoast_head":"<!-- This site is optimized with the Yoast SEO plugin v27.3 - https:\/\/yoast.com\/product\/yoast-seo-wordpress\/ -->\n<title>Cartel luminoso port\u00e1til - Los + baratos<\/title>\n<meta name=\"description\" content=\"Cartel luminoso port\u00e1til. R\u00f3tulo a 2 caras con iluminaci\u00f3n led ya montada. Montaje y desmontaje f\u00e1cil sin llaves. Env\u00edo gratis a pen\u00ednsula\" \/>\n<meta name=\"robots\" content=\"index, follow, max-snippet:-1, max-image-preview:large, max-video-preview:-1\" \/>\n<link rel=\"canonical\" href=\"https:\/\/impresiondigitalgranformato.es\/de\/produkt\/cartel-luminoso-portatil\/\" \/>\n<meta property=\"og:locale\" content=\"de_DE\" \/>\n<meta property=\"og:type\" content=\"article\" \/>\n<meta property=\"og:title\" content=\"Cartel luminoso port\u00e1til - Los + baratos\" \/>\n<meta property=\"og:description\" content=\"Cartel luminoso port\u00e1til. R\u00f3tulo a 2 caras con iluminaci\u00f3n led ya montada. Montaje y desmontaje f\u00e1cil sin llaves. Env\u00edo gratis a pen\u00ednsula\" \/>\n<meta property=\"og:url\" content=\"https:\/\/impresiondigitalgranformato.es\/de\/produkt\/cartel-luminoso-portatil\/\" \/>\n<meta property=\"og:site_name\" content=\"Los + baratos\" \/>\n<meta property=\"article:modified_time\" content=\"2025-07-04T16:35:40+00:00\" \/>\n<meta property=\"og:image\" content=\"http:\/\/impresiondigitalgranformato.es\/wp-content\/uploads\/2024\/01\/icono-entrada-cartel-luminoso-portatil-2x1-1.jpg\" \/>\n\t<meta property=\"og:image:width\" content=\"1260\" \/>\n\t<meta property=\"og:image:height\" content=\"1260\" \/>\n\t<meta property=\"og:image:type\" content=\"image\/jpeg\" \/>\n<meta name=\"twitter:card\" content=\"summary_large_image\" \/>\n<meta name=\"twitter:label1\" content=\"Gesch\u00e4tzte Lesezeit\" \/>\n\t<meta name=\"twitter:data1\" content=\"4\u00a0Minuten\" \/>\n<script type=\"application\/ld+json\" class=\"yoast-schema-graph\">{\"@context\":\"https:\\\/\\\/schema.org\",\"@graph\":[{\"@type\":\"WebPage\",\"@id\":\"https:\\\/\\\/impresiondigitalgranformato.es\\\/producto\\\/cartel-luminoso-portatil\\\/\",\"url\":\"https:\\\/\\\/impresiondigitalgranformato.es\\\/producto\\\/cartel-luminoso-portatil\\\/\",\"name\":\"Cartel luminoso port\u00e1til - Los + baratos\",\"isPartOf\":{\"@id\":\"https:\\\/\\\/impresiondigitalgranformato.es\\\/#website\"},\"primaryImageOfPage\":{\"@id\":\"https:\\\/\\\/impresiondigitalgranformato.es\\\/producto\\\/cartel-luminoso-portatil\\\/#primaryimage\"},\"image\":{\"@id\":\"https:\\\/\\\/impresiondigitalgranformato.es\\\/producto\\\/cartel-luminoso-portatil\\\/#primaryimage\"},\"thumbnailUrl\":\"https:\\\/\\\/i0.wp.com\\\/impresiondigitalgranformato.es\\\/wp-content\\\/uploads\\\/2024\\\/01\\\/icono-entrada-cartel-luminoso-portatil-2x1-1.jpg?fit=1260%2C1260&ssl=1\",\"datePublished\":\"2024-01-10T10:00:31+00:00\",\"dateModified\":\"2025-07-04T16:35:40+00:00\",\"description\":\"Cartel luminoso port\u00e1til. R\u00f3tulo a 2 caras con iluminaci\u00f3n led ya montada. Montaje y desmontaje f\u00e1cil sin llaves. Env\u00edo gratis a pen\u00ednsula\",\"breadcrumb\":{\"@id\":\"https:\\\/\\\/impresiondigitalgranformato.es\\\/producto\\\/cartel-luminoso-portatil\\\/#breadcrumb\"},\"inLanguage\":\"de\",\"potentialAction\":[{\"@type\":\"ReadAction\",\"target\":[\"https:\\\/\\\/impresiondigitalgranformato.es\\\/producto\\\/cartel-luminoso-portatil\\\/\"]}]},{\"@type\":\"ImageObject\",\"inLanguage\":\"de\",\"@id\":\"https:\\\/\\\/impresiondigitalgranformato.es\\\/producto\\\/cartel-luminoso-portatil\\\/#primaryimage\",\"url\":\"https:\\\/\\\/i0.wp.com\\\/impresiondigitalgranformato.es\\\/wp-content\\\/uploads\\\/2024\\\/01\\\/icono-entrada-cartel-luminoso-portatil-2x1-1.jpg?fit=1260%2C1260&ssl=1\",\"contentUrl\":\"https:\\\/\\\/i0.wp.com\\\/impresiondigitalgranformato.es\\\/wp-content\\\/uploads\\\/2024\\\/01\\\/icono-entrada-cartel-luminoso-portatil-2x1-1.jpg?fit=1260%2C1260&ssl=1\",\"width\":1260,\"height\":1260,\"caption\":\"cartel luminoso port\u00e1til\"},{\"@type\":\"BreadcrumbList\",\"@id\":\"https:\\\/\\\/impresiondigitalgranformato.es\\\/producto\\\/cartel-luminoso-portatil\\\/#breadcrumb\",\"itemListElement\":[{\"@type\":\"ListItem\",\"position\":1,\"name\":\"Portada\",\"item\":\"https:\\\/\\\/impresiondigitalgranformato.es\\\/\"},{\"@type\":\"ListItem\",\"position\":2,\"name\":\"Productos\",\"item\":\"https:\\\/\\\/impresiondigitalgranformato.es\\\/venta-roll-up-banner\\\/\"},{\"@type\":\"ListItem\",\"position\":3,\"name\":\"Cartel luminoso port\u00e1til\"}]},{\"@type\":\"WebSite\",\"@id\":\"https:\\\/\\\/impresiondigitalgranformato.es\\\/#website\",\"url\":\"https:\\\/\\\/impresiondigitalgranformato.es\\\/\",\"name\":\"Los + baratos\",\"description\":\"impresi\u00f3n digital gran formato venta de roll up, banner, banderas, lonas, carteles, displays, publicidad\",\"publisher\":{\"@id\":\"https:\\\/\\\/impresiondigitalgranformato.es\\\/#organization\"},\"potentialAction\":[{\"@type\":\"SearchAction\",\"target\":{\"@type\":\"EntryPoint\",\"urlTemplate\":\"https:\\\/\\\/impresiondigitalgranformato.es\\\/?s={search_term_string}\"},\"query-input\":{\"@type\":\"PropertyValueSpecification\",\"valueRequired\":true,\"valueName\":\"search_term_string\"}}],\"inLanguage\":\"de\"},{\"@type\":\"Organization\",\"@id\":\"https:\\\/\\\/impresiondigitalgranformato.es\\\/#organization\",\"name\":\"Los + baratos\",\"url\":\"https:\\\/\\\/impresiondigitalgranformato.es\\\/\",\"logo\":{\"@type\":\"ImageObject\",\"inLanguage\":\"de\",\"@id\":\"https:\\\/\\\/impresiondigitalgranformato.es\\\/#\\\/schema\\\/logo\\\/image\\\/\",\"url\":\"https:\\\/\\\/i0.wp.com\\\/impresiondigitalgranformato.es\\\/wp-content\\\/uploads\\\/2016\\\/12\\\/cropped-logotipo-2-e1483373659766.png?fit=500%2C101&ssl=1\",\"contentUrl\":\"https:\\\/\\\/i0.wp.com\\\/impresiondigitalgranformato.es\\\/wp-content\\\/uploads\\\/2016\\\/12\\\/cropped-logotipo-2-e1483373659766.png?fit=500%2C101&ssl=1\",\"width\":500,\"height\":101,\"caption\":\"Los + baratos\"},\"image\":{\"@id\":\"https:\\\/\\\/impresiondigitalgranformato.es\\\/#\\\/schema\\\/logo\\\/image\\\/\"}}]}<\/script>\n<!-- \/ Yoast SEO plugin. -->","yoast_head_json":{"title":"Cartel luminoso port\u00e1til - Los + baratos","description":"Cartel luminoso port\u00e1til. R\u00f3tulo a 2 caras con iluminaci\u00f3n led ya montada. Montaje y desmontaje f\u00e1cil sin llaves. Env\u00edo gratis a pen\u00ednsula","robots":{"index":"index","follow":"follow","max-snippet":"max-snippet:-1","max-image-preview":"max-image-preview:large","max-video-preview":"max-video-preview:-1"},"canonical":"https:\/\/impresiondigitalgranformato.es\/de\/produkt\/cartel-luminoso-portatil\/","og_locale":"de_DE","og_type":"article","og_title":"Cartel luminoso port\u00e1til - Los + baratos","og_description":"Cartel luminoso port\u00e1til. R\u00f3tulo a 2 caras con iluminaci\u00f3n led ya montada. Montaje y desmontaje f\u00e1cil sin llaves. Env\u00edo gratis a pen\u00ednsula","og_url":"https:\/\/impresiondigitalgranformato.es\/de\/produkt\/cartel-luminoso-portatil\/","og_site_name":"Los + baratos","article_modified_time":"2025-07-04T16:35:40+00:00","og_image":[{"width":1260,"height":1260,"url":"http:\/\/impresiondigitalgranformato.es\/wp-content\/uploads\/2024\/01\/icono-entrada-cartel-luminoso-portatil-2x1-1.jpg","type":"image\/jpeg"}],"twitter_card":"summary_large_image","twitter_misc":{"Gesch\u00e4tzte Lesezeit":"4\u00a0Minuten"},"schema":{"@context":"https:\/\/schema.org","@graph":[{"@type":"WebPage","@id":"https:\/\/impresiondigitalgranformato.es\/producto\/cartel-luminoso-portatil\/","url":"https:\/\/impresiondigitalgranformato.es\/producto\/cartel-luminoso-portatil\/","name":"Cartel luminoso port\u00e1til - Los + baratos","isPartOf":{"@id":"https:\/\/impresiondigitalgranformato.es\/#website"},"primaryImageOfPage":{"@id":"https:\/\/impresiondigitalgranformato.es\/producto\/cartel-luminoso-portatil\/#primaryimage"},"image":{"@id":"https:\/\/impresiondigitalgranformato.es\/producto\/cartel-luminoso-portatil\/#primaryimage"},"thumbnailUrl":"https:\/\/i0.wp.com\/impresiondigitalgranformato.es\/wp-content\/uploads\/2024\/01\/icono-entrada-cartel-luminoso-portatil-2x1-1.jpg?fit=1260%2C1260&ssl=1","datePublished":"2024-01-10T10:00:31+00:00","dateModified":"2025-07-04T16:35:40+00:00","description":"Cartel luminoso port\u00e1til. R\u00f3tulo a 2 caras con iluminaci\u00f3n led ya montada. Montaje y desmontaje f\u00e1cil sin llaves. Env\u00edo gratis a pen\u00ednsula","breadcrumb":{"@id":"https:\/\/impresiondigitalgranformato.es\/producto\/cartel-luminoso-portatil\/#breadcrumb"},"inLanguage":"de","potentialAction":[{"@type":"ReadAction","target":["https:\/\/impresiondigitalgranformato.es\/producto\/cartel-luminoso-portatil\/"]}]},{"@type":"ImageObject","inLanguage":"de","@id":"https:\/\/impresiondigitalgranformato.es\/producto\/cartel-luminoso-portatil\/#primaryimage","url":"https:\/\/i0.wp.com\/impresiondigitalgranformato.es\/wp-content\/uploads\/2024\/01\/icono-entrada-cartel-luminoso-portatil-2x1-1.jpg?fit=1260%2C1260&ssl=1","contentUrl":"https:\/\/i0.wp.com\/impresiondigitalgranformato.es\/wp-content\/uploads\/2024\/01\/icono-entrada-cartel-luminoso-portatil-2x1-1.jpg?fit=1260%2C1260&ssl=1","width":1260,"height":1260,"caption":"cartel luminoso port\u00e1til"},{"@type":"BreadcrumbList","@id":"https:\/\/impresiondigitalgranformato.es\/producto\/cartel-luminoso-portatil\/#breadcrumb","itemListElement":[{"@type":"ListItem","position":1,"name":"Portada","item":"https:\/\/impresiondigitalgranformato.es\/"},{"@type":"ListItem","position":2,"name":"Productos","item":"https:\/\/impresiondigitalgranformato.es\/venta-roll-up-banner\/"},{"@type":"ListItem","position":3,"name":"Cartel luminoso port\u00e1til"}]},{"@type":"WebSite","@id":"https:\/\/impresiondigitalgranformato.es\/#website","url":"https:\/\/impresiondigitalgranformato.es\/","name":"Die billigsten","description":"Gro\u00dfformatiger Digitaldruck Verkauf von Roll-ups, Bannern, Flaggen, Fahnen, Planen, Postern, Displays, Anzeigen","publisher":{"@id":"https:\/\/impresiondigitalgranformato.es\/#organization"},"potentialAction":[{"@type":"SearchAction","target":{"@type":"EntryPoint","urlTemplate":"https:\/\/impresiondigitalgranformato.es\/?s={search_term_string}"},"query-input":{"@type":"PropertyValueSpecification","valueRequired":true,"valueName":"search_term_string"}}],"inLanguage":"de"},{"@type":"Organization","@id":"https:\/\/impresiondigitalgranformato.es\/#organization","name":"Die billigsten","url":"https:\/\/impresiondigitalgranformato.es\/","logo":{"@type":"ImageObject","inLanguage":"de","@id":"https:\/\/impresiondigitalgranformato.es\/#\/schema\/logo\/image\/","url":"https:\/\/i0.wp.com\/impresiondigitalgranformato.es\/wp-content\/uploads\/2016\/12\/cropped-logotipo-2-e1483373659766.png?fit=500%2C101&ssl=1","contentUrl":"https:\/\/i0.wp.com\/impresiondigitalgranformato.es\/wp-content\/uploads\/2016\/12\/cropped-logotipo-2-e1483373659766.png?fit=500%2C101&ssl=1","width":500,"height":101,"caption":"Los + baratos"},"image":{"@id":"https:\/\/impresiondigitalgranformato.es\/#\/schema\/logo\/image\/"}}]}},"jetpack_sharing_enabled":true,"_links":{"self":[{"href":"https:\/\/impresiondigitalgranformato.es\/de\/wp-json\/wp\/v2\/product\/15982","targetHints":{"allow":["GET"]}}],"collection":[{"href":"https:\/\/impresiondigitalgranformato.es\/de\/wp-json\/wp\/v2\/product"}],"about":[{"href":"https:\/\/impresiondigitalgranformato.es\/de\/wp-json\/wp\/v2\/types\/product"}],"replies":[{"embeddable":true,"href":"https:\/\/impresiondigitalgranformato.es\/de\/wp-json\/wp\/v2\/comments?post=15982"}],"wp:featuredmedia":[{"embeddable":true,"href":"https:\/\/impresiondigitalgranformato.es\/de\/wp-json\/wp\/v2\/media\/15983"}],"wp:attachment":[{"href":"https:\/\/impresiondigitalgranformato.es\/de\/wp-json\/wp\/v2\/media?parent=15982"}],"wp:term":[{"taxonomy":"product_brand","embeddable":true,"href":"https:\/\/impresiondigitalgranformato.es\/de\/wp-json\/wp\/v2\/product_brand?post=15982"},{"taxonomy":"product_cat","embeddable":true,"href":"https:\/\/impresiondigitalgranformato.es\/de\/wp-json\/wp\/v2\/product_cat?post=15982"},{"taxonomy":"product_tag","embeddable":true,"href":"https:\/\/impresiondigitalgranformato.es\/de\/wp-json\/wp\/v2\/product_tag?post=15982"}],"curies":[{"name":"wp","href":"https:\/\/api.w.org\/{rel}","templated":true}]}}