{"id":16767,"date":"2024-07-29T13:50:40","date_gmt":"2024-07-29T11:50:40","guid":{"rendered":"https:\/\/impresiondigitalgranformato.es\/?post_type=product&#038;p=16767"},"modified":"2025-07-04T19:27:29","modified_gmt":"2025-07-04T17:27:29","slug":"vinilo-para-rotular-carteles","status":"publish","type":"product","link":"https:\/\/impresiondigitalgranformato.es\/de\/producto\/vinilo-para-rotular-carteles\/","title":{"rendered":"Vinilo para rotular carteles"},"content":{"rendered":"<p><strong>Vinilo para rotular carteles.\u00a0<\/strong><\/p>\n<p>La grabaci\u00f3n del vinilo se realiza en impresi\u00f3n digital a todo color.<\/p>\n<p><strong>Vinilo blanco de ultima generaci\u00f3n <\/strong>con un grosor de 100 micras y\u00a0adhesivo permanente . Esta novedosa pel\u00edcula adhesiva esta fabricada con un nuevo sistema llamado HOP, esta nueva propiedad en el vinilo permite que dicho adhesivo sea opaco aunque la cara que se pega sea blanca. De tal manera que al pegarlo sobre el cartel y aunque este tenga otra rotulaci\u00f3n, gracias al sistema HOP esta no se ver\u00e1.<\/p>\n<p>En www.impresiondigitalgranformato.es damos opci\u00f3n de <strong>laminar el vinilo impreso<\/strong> con lamina brillo o mate, esto aumentara la durabilidad de la impresi\u00f3n realizada en el vinilo ademas si se manchara la pegatina del r\u00f3tulo la podr\u00eda limpiar sin que la grabaci\u00f3n sufriera ning\u00fan deterioro.<\/p>\n<hr \/>\n<p>Este tipo de vinilo econ\u00f3mico es utilizado para pegar en r\u00f3tulos tanto en exterior como en interior ya sean de metacrilato, pvc, dibond o chapa. Tambi\u00e9n esta pegatina es valida para cristales tanto para pegar por fuera como para adhesivarlo por dentro del cristal y se vea por fuera ya que la impresi\u00f3n del vinilo se realizar\u00eda en espejo y se laminar\u00eda en blanco.<\/p>\n<h3><strong>Ofrecemos 2 tipos de calidad en el vinilo para rotular carteles monom\u00e9rico y polim\u00e9rico.<\/strong><\/h3>\n<p>Diferencias entre los 2 tipos de materiales:<\/p>\n<p><strong>Vinilo mon\u00f3merico:<\/strong> Esta lamina adhesiva tiene una garant\u00eda de adhesividad de entre 2 y 3 a\u00f1os en superficies lisas y limpias. Esta pensado para superficies planas tanto en interior como en exterior (en exterior aconsejamos que se lamine el vinilo). Tales como chapas, aluminio, cristal, azulejos &#8230;<\/p>\n<p><strong>Vinilo polim\u00e9rico:<\/strong> Este vinilo de rotulaci\u00f3n tiene una garant\u00eda de adhesividad de entre 4 y 5 a\u00f1os en superficies lisas y limpias. Es utilizado en rotulos en exterior, rotulaci\u00f3n de vehiculos en las puertas, cristales y cajas de camiones o furgones (no es valido para molduras de vehiculos ya que no es termoformable y tiene efecto memoria)<\/p>\n<p>&nbsp;<\/p>\n<p><span style=\"color: #ff0000;\"><strong>Dieses Produkt kann innerhalb von 24 Stunden* geliefert werden.<\/strong><\/span><\/p>\n<p data-pbs-phone-margin-bottom=\"18px\"><span style=\"color: #000080;\"><strong>Verschiedene Arten von Sendungen:<\/strong><\/span><\/p>\n<p data-pbs-phone-margin-bottom=\"18px\"><span style=\"color: #0000ff;\"><strong>***<\/strong><\/span>\u00a0desde la 1\u00aa unid<\/p>\n<p data-pbs-phone-margin-bottom=\"18px\"><span style=\"color: #0000ff;\"><strong>Producci\u00f3n y entrega en 24 horas*<\/strong><\/span>\u00a0(*dieser Service gilt nur f\u00fcr Bestellungen, die vor 11.30 Uhr des laufenden Tages best\u00e4tigt werden).<\/p>\n<p data-pbs-phone-margin-top=\"1px\"><span style=\"color: #0000ff;\"><strong>Produktion und Lieferung innerhalb von 2 Arbeitstagen<\/strong><\/span><\/p>\n<p data-pbs-phone-margin-top=\"1px\"><span style=\"color: #0000ff;\"><strong>Produktion und Lieferung innerhalb von 4 Arbeitstagen<\/strong><\/span><\/p>\n<p data-pbs-phone-margin-top=\"1px\"><span style=\"color: #0000ff;\"><strong>Produktion und Lieferung innerhalb von 8 Arbeitstagen<\/strong><\/span><\/p>","protected":false},"excerpt":{"rendered":"<p>Vinilo para rotular carteles.\u00a0 La grabaci\u00f3n del vinilo se realiza en impresi\u00f3n digital a todo color. Vinilo blanco de ultima generaci\u00f3n con un grosor de 100 micras y\u00a0adhesivo permanente . Esta novedosa pel\u00edcula adhesiva esta fabricada con un nuevo sistema llamado HOP, esta nueva propiedad en el vinilo permite que dicho adhesivo sea opaco aunque [&hellip;]<\/p>\n","protected":false},"featured_media":16768,"comment_status":"open","ping_status":"closed","template":"","meta":[],"product_brand":[],"product_cat":[111],"product_tag":[],"class_list":{"0":"post-16767","1":"product","2":"type-product","3":"status-publish","4":"has-post-thumbnail","6":"product_cat-vinilo-para-rotulacion","8":"first","9":"instock","10":"sold-individually","11":"taxable","12":"shipping-taxable","13":"purchasable","14":"product-type-simple"},"yoast_head":"<!-- This site is optimized with the Yoast SEO plugin v27.3 - https:\/\/yoast.com\/product\/yoast-seo-wordpress\/ -->\n<title>Vinilo para rotular carteles - Los + baratos - Env\u00edo gratis<\/title>\n<meta name=\"description\" content=\"Vinilo para rotular carteles con impresi\u00f3n a todo color de alta calidad. Env\u00edo gratis a pen\u00ednsula. Con entrega urgente en 24 horas. Los + baratos.\" \/>\n<meta name=\"robots\" content=\"index, follow, max-snippet:-1, max-image-preview:large, max-video-preview:-1\" \/>\n<link rel=\"canonical\" href=\"https:\/\/impresiondigitalgranformato.es\/de\/produkt\/vinilo-para-rotular-carteles\/\" \/>\n<meta property=\"og:locale\" content=\"de_DE\" \/>\n<meta property=\"og:type\" content=\"article\" \/>\n<meta property=\"og:title\" content=\"Vinilo para rotular carteles - Los + baratos - Env\u00edo gratis\" \/>\n<meta property=\"og:description\" content=\"Vinilo para rotular carteles con impresi\u00f3n a todo color de alta calidad. Env\u00edo gratis a pen\u00ednsula. Con entrega urgente en 24 horas. Los + baratos.\" \/>\n<meta property=\"og:url\" content=\"https:\/\/impresiondigitalgranformato.es\/de\/produkt\/vinilo-para-rotular-carteles\/\" \/>\n<meta property=\"og:site_name\" content=\"Los + baratos\" \/>\n<meta property=\"article:modified_time\" content=\"2025-07-04T17:27:29+00:00\" \/>\n<meta property=\"og:image\" content=\"http:\/\/impresiondigitalgranformato.es\/wp-content\/uploads\/2024\/07\/vinilo-para-rotulacion-de-superfies-planas.jpg\" \/>\n\t<meta property=\"og:image:width\" content=\"986\" \/>\n\t<meta property=\"og:image:height\" content=\"986\" \/>\n\t<meta property=\"og:image:type\" content=\"image\/jpeg\" \/>\n<meta name=\"twitter:card\" content=\"summary_large_image\" \/>\n<meta name=\"twitter:label1\" content=\"Gesch\u00e4tzte Lesezeit\" \/>\n\t<meta name=\"twitter:data1\" content=\"2\u00a0Minuten\" \/>\n<script type=\"application\/ld+json\" class=\"yoast-schema-graph\">{\"@context\":\"https:\\\/\\\/schema.org\",\"@graph\":[{\"@type\":\"WebPage\",\"@id\":\"https:\\\/\\\/impresiondigitalgranformato.es\\\/producto\\\/vinilo-para-rotular-carteles\\\/\",\"url\":\"https:\\\/\\\/impresiondigitalgranformato.es\\\/producto\\\/vinilo-para-rotular-carteles\\\/\",\"name\":\"Vinilo para rotular carteles - Los + baratos - Env\u00edo gratis\",\"isPartOf\":{\"@id\":\"https:\\\/\\\/impresiondigitalgranformato.es\\\/#website\"},\"primaryImageOfPage\":{\"@id\":\"https:\\\/\\\/impresiondigitalgranformato.es\\\/producto\\\/vinilo-para-rotular-carteles\\\/#primaryimage\"},\"image\":{\"@id\":\"https:\\\/\\\/impresiondigitalgranformato.es\\\/producto\\\/vinilo-para-rotular-carteles\\\/#primaryimage\"},\"thumbnailUrl\":\"https:\\\/\\\/i0.wp.com\\\/impresiondigitalgranformato.es\\\/wp-content\\\/uploads\\\/2024\\\/07\\\/vinilo-para-rotulacion-de-superfies-planas.jpg?fit=986%2C986&ssl=1\",\"datePublished\":\"2024-07-29T11:50:40+00:00\",\"dateModified\":\"2025-07-04T17:27:29+00:00\",\"description\":\"Vinilo para rotular carteles con impresi\u00f3n a todo color de alta calidad. Env\u00edo gratis a pen\u00ednsula. Con entrega urgente en 24 horas. Los + baratos.\",\"breadcrumb\":{\"@id\":\"https:\\\/\\\/impresiondigitalgranformato.es\\\/producto\\\/vinilo-para-rotular-carteles\\\/#breadcrumb\"},\"inLanguage\":\"de\",\"potentialAction\":[{\"@type\":\"ReadAction\",\"target\":[\"https:\\\/\\\/impresiondigitalgranformato.es\\\/producto\\\/vinilo-para-rotular-carteles\\\/\"]}]},{\"@type\":\"ImageObject\",\"inLanguage\":\"de\",\"@id\":\"https:\\\/\\\/impresiondigitalgranformato.es\\\/producto\\\/vinilo-para-rotular-carteles\\\/#primaryimage\",\"url\":\"https:\\\/\\\/i0.wp.com\\\/impresiondigitalgranformato.es\\\/wp-content\\\/uploads\\\/2024\\\/07\\\/vinilo-para-rotulacion-de-superfies-planas.jpg?fit=986%2C986&ssl=1\",\"contentUrl\":\"https:\\\/\\\/i0.wp.com\\\/impresiondigitalgranformato.es\\\/wp-content\\\/uploads\\\/2024\\\/07\\\/vinilo-para-rotulacion-de-superfies-planas.jpg?fit=986%2C986&ssl=1\",\"width\":986,\"height\":986,\"caption\":\"vinilo para rotular carteles\"},{\"@type\":\"BreadcrumbList\",\"@id\":\"https:\\\/\\\/impresiondigitalgranformato.es\\\/producto\\\/vinilo-para-rotular-carteles\\\/#breadcrumb\",\"itemListElement\":[{\"@type\":\"ListItem\",\"position\":1,\"name\":\"Portada\",\"item\":\"https:\\\/\\\/impresiondigitalgranformato.es\\\/\"},{\"@type\":\"ListItem\",\"position\":2,\"name\":\"Productos\",\"item\":\"https:\\\/\\\/impresiondigitalgranformato.es\\\/venta-roll-up-banner\\\/\"},{\"@type\":\"ListItem\",\"position\":3,\"name\":\"Vinilo para rotular carteles\"}]},{\"@type\":\"WebSite\",\"@id\":\"https:\\\/\\\/impresiondigitalgranformato.es\\\/#website\",\"url\":\"https:\\\/\\\/impresiondigitalgranformato.es\\\/\",\"name\":\"Los + baratos\",\"description\":\"impresi\u00f3n digital gran formato venta de roll up, banner, banderas, lonas, carteles, displays, publicidad\",\"publisher\":{\"@id\":\"https:\\\/\\\/impresiondigitalgranformato.es\\\/#organization\"},\"potentialAction\":[{\"@type\":\"SearchAction\",\"target\":{\"@type\":\"EntryPoint\",\"urlTemplate\":\"https:\\\/\\\/impresiondigitalgranformato.es\\\/?s={search_term_string}\"},\"query-input\":{\"@type\":\"PropertyValueSpecification\",\"valueRequired\":true,\"valueName\":\"search_term_string\"}}],\"inLanguage\":\"de\"},{\"@type\":\"Organization\",\"@id\":\"https:\\\/\\\/impresiondigitalgranformato.es\\\/#organization\",\"name\":\"Los + baratos\",\"url\":\"https:\\\/\\\/impresiondigitalgranformato.es\\\/\",\"logo\":{\"@type\":\"ImageObject\",\"inLanguage\":\"de\",\"@id\":\"https:\\\/\\\/impresiondigitalgranformato.es\\\/#\\\/schema\\\/logo\\\/image\\\/\",\"url\":\"https:\\\/\\\/i0.wp.com\\\/impresiondigitalgranformato.es\\\/wp-content\\\/uploads\\\/2016\\\/12\\\/cropped-logotipo-2-e1483373659766.png?fit=500%2C101&ssl=1\",\"contentUrl\":\"https:\\\/\\\/i0.wp.com\\\/impresiondigitalgranformato.es\\\/wp-content\\\/uploads\\\/2016\\\/12\\\/cropped-logotipo-2-e1483373659766.png?fit=500%2C101&ssl=1\",\"width\":500,\"height\":101,\"caption\":\"Los + baratos\"},\"image\":{\"@id\":\"https:\\\/\\\/impresiondigitalgranformato.es\\\/#\\\/schema\\\/logo\\\/image\\\/\"}}]}<\/script>\n<!-- \/ Yoast SEO plugin. -->","yoast_head_json":{"title":"Vinilo para rotular carteles - Los + baratos - Env\u00edo gratis","description":"Vinilo para rotular carteles con impresi\u00f3n a todo color de alta calidad. Env\u00edo gratis a pen\u00ednsula. Con entrega urgente en 24 horas. Los + baratos.","robots":{"index":"index","follow":"follow","max-snippet":"max-snippet:-1","max-image-preview":"max-image-preview:large","max-video-preview":"max-video-preview:-1"},"canonical":"https:\/\/impresiondigitalgranformato.es\/de\/produkt\/vinilo-para-rotular-carteles\/","og_locale":"de_DE","og_type":"article","og_title":"Vinilo para rotular carteles - Los + baratos - Env\u00edo gratis","og_description":"Vinilo para rotular carteles con impresi\u00f3n a todo color de alta calidad. Env\u00edo gratis a pen\u00ednsula. Con entrega urgente en 24 horas. Los + baratos.","og_url":"https:\/\/impresiondigitalgranformato.es\/de\/produkt\/vinilo-para-rotular-carteles\/","og_site_name":"Los + baratos","article_modified_time":"2025-07-04T17:27:29+00:00","og_image":[{"width":986,"height":986,"url":"http:\/\/impresiondigitalgranformato.es\/wp-content\/uploads\/2024\/07\/vinilo-para-rotulacion-de-superfies-planas.jpg","type":"image\/jpeg"}],"twitter_card":"summary_large_image","twitter_misc":{"Gesch\u00e4tzte Lesezeit":"2\u00a0Minuten"},"schema":{"@context":"https:\/\/schema.org","@graph":[{"@type":"WebPage","@id":"https:\/\/impresiondigitalgranformato.es\/producto\/vinilo-para-rotular-carteles\/","url":"https:\/\/impresiondigitalgranformato.es\/producto\/vinilo-para-rotular-carteles\/","name":"Vinilo para rotular carteles - Los + baratos - Env\u00edo gratis","isPartOf":{"@id":"https:\/\/impresiondigitalgranformato.es\/#website"},"primaryImageOfPage":{"@id":"https:\/\/impresiondigitalgranformato.es\/producto\/vinilo-para-rotular-carteles\/#primaryimage"},"image":{"@id":"https:\/\/impresiondigitalgranformato.es\/producto\/vinilo-para-rotular-carteles\/#primaryimage"},"thumbnailUrl":"https:\/\/i0.wp.com\/impresiondigitalgranformato.es\/wp-content\/uploads\/2024\/07\/vinilo-para-rotulacion-de-superfies-planas.jpg?fit=986%2C986&ssl=1","datePublished":"2024-07-29T11:50:40+00:00","dateModified":"2025-07-04T17:27:29+00:00","description":"Vinilo para rotular carteles con impresi\u00f3n a todo color de alta calidad. Env\u00edo gratis a pen\u00ednsula. Con entrega urgente en 24 horas. Los + baratos.","breadcrumb":{"@id":"https:\/\/impresiondigitalgranformato.es\/producto\/vinilo-para-rotular-carteles\/#breadcrumb"},"inLanguage":"de","potentialAction":[{"@type":"ReadAction","target":["https:\/\/impresiondigitalgranformato.es\/producto\/vinilo-para-rotular-carteles\/"]}]},{"@type":"ImageObject","inLanguage":"de","@id":"https:\/\/impresiondigitalgranformato.es\/producto\/vinilo-para-rotular-carteles\/#primaryimage","url":"https:\/\/i0.wp.com\/impresiondigitalgranformato.es\/wp-content\/uploads\/2024\/07\/vinilo-para-rotulacion-de-superfies-planas.jpg?fit=986%2C986&ssl=1","contentUrl":"https:\/\/i0.wp.com\/impresiondigitalgranformato.es\/wp-content\/uploads\/2024\/07\/vinilo-para-rotulacion-de-superfies-planas.jpg?fit=986%2C986&ssl=1","width":986,"height":986,"caption":"vinilo para rotular carteles"},{"@type":"BreadcrumbList","@id":"https:\/\/impresiondigitalgranformato.es\/producto\/vinilo-para-rotular-carteles\/#breadcrumb","itemListElement":[{"@type":"ListItem","position":1,"name":"Portada","item":"https:\/\/impresiondigitalgranformato.es\/"},{"@type":"ListItem","position":2,"name":"Productos","item":"https:\/\/impresiondigitalgranformato.es\/venta-roll-up-banner\/"},{"@type":"ListItem","position":3,"name":"Vinilo para rotular carteles"}]},{"@type":"WebSite","@id":"https:\/\/impresiondigitalgranformato.es\/#website","url":"https:\/\/impresiondigitalgranformato.es\/","name":"Die billigsten","description":"Gro\u00dfformatiger Digitaldruck Verkauf von Roll-ups, Bannern, Flaggen, Fahnen, Planen, Postern, Displays, Anzeigen","publisher":{"@id":"https:\/\/impresiondigitalgranformato.es\/#organization"},"potentialAction":[{"@type":"SearchAction","target":{"@type":"EntryPoint","urlTemplate":"https:\/\/impresiondigitalgranformato.es\/?s={search_term_string}"},"query-input":{"@type":"PropertyValueSpecification","valueRequired":true,"valueName":"search_term_string"}}],"inLanguage":"de"},{"@type":"Organization","@id":"https:\/\/impresiondigitalgranformato.es\/#organization","name":"Die billigsten","url":"https:\/\/impresiondigitalgranformato.es\/","logo":{"@type":"ImageObject","inLanguage":"de","@id":"https:\/\/impresiondigitalgranformato.es\/#\/schema\/logo\/image\/","url":"https:\/\/i0.wp.com\/impresiondigitalgranformato.es\/wp-content\/uploads\/2016\/12\/cropped-logotipo-2-e1483373659766.png?fit=500%2C101&ssl=1","contentUrl":"https:\/\/i0.wp.com\/impresiondigitalgranformato.es\/wp-content\/uploads\/2016\/12\/cropped-logotipo-2-e1483373659766.png?fit=500%2C101&ssl=1","width":500,"height":101,"caption":"Los + baratos"},"image":{"@id":"https:\/\/impresiondigitalgranformato.es\/#\/schema\/logo\/image\/"}}]}},"jetpack_sharing_enabled":true,"_links":{"self":[{"href":"https:\/\/impresiondigitalgranformato.es\/de\/wp-json\/wp\/v2\/product\/16767","targetHints":{"allow":["GET"]}}],"collection":[{"href":"https:\/\/impresiondigitalgranformato.es\/de\/wp-json\/wp\/v2\/product"}],"about":[{"href":"https:\/\/impresiondigitalgranformato.es\/de\/wp-json\/wp\/v2\/types\/product"}],"replies":[{"embeddable":true,"href":"https:\/\/impresiondigitalgranformato.es\/de\/wp-json\/wp\/v2\/comments?post=16767"}],"wp:featuredmedia":[{"embeddable":true,"href":"https:\/\/impresiondigitalgranformato.es\/de\/wp-json\/wp\/v2\/media\/16768"}],"wp:attachment":[{"href":"https:\/\/impresiondigitalgranformato.es\/de\/wp-json\/wp\/v2\/media?parent=16767"}],"wp:term":[{"taxonomy":"product_brand","embeddable":true,"href":"https:\/\/impresiondigitalgranformato.es\/de\/wp-json\/wp\/v2\/product_brand?post=16767"},{"taxonomy":"product_cat","embeddable":true,"href":"https:\/\/impresiondigitalgranformato.es\/de\/wp-json\/wp\/v2\/product_cat?post=16767"},{"taxonomy":"product_tag","embeddable":true,"href":"https:\/\/impresiondigitalgranformato.es\/de\/wp-json\/wp\/v2\/product_tag?post=16767"}],"curies":[{"name":"wp","href":"https:\/\/api.w.org\/{rel}","templated":true}]}}