{"id":17909,"date":"2025-08-01T13:07:17","date_gmt":"2025-08-01T11:07:17","guid":{"rendered":"https:\/\/impresiondigitalgranformato.es\/?post_type=product&#038;p=17909"},"modified":"2025-08-04T18:02:10","modified_gmt":"2025-08-04T16:02:10","slug":"klares-lichtbestandiges-fenstervinyl","status":"publish","type":"product","link":"https:\/\/impresiondigitalgranformato.es\/de\/producto\/vinilo-escaparates-transparente-antidecoloracion\/","title":{"rendered":"klares, lichtbest\u00e4ndiges Fenstervinyl"},"content":{"rendered":"<p><strong>klares, lichtbest\u00e4ndiges Fenstervinyl<\/strong><\/p>\n<p>Der <strong>Anti-Fade-Folien<\/strong> f\u00fcr Schaufenster, Wohnungen und B\u00fcros haben die F\u00e4higkeit, bis zu 40 % der ultravioletten Strahlen und bis zu 25 % der UVA-Strahlen zu absorbieren.<\/p>\n<p>Durch die Platzierung dieses <strong>Vinyl, um ein Ausbleichen zu verhindern<\/strong> Sie k\u00f6nnen die in Ihrem Schaufenster ausgestellten Produkte, die M\u00f6bel in Ihrem Zuhause und die B\u00fcroausstattung in einem besseren Zustand halten.<\/p>\n<p>Es fungiert au\u00dferdem als W\u00e4rmeisolator, indem es eine \u00dcberhitzung des Innenraums verhindert.<\/p>\n<p>Wo sie installiert sind <strong>Anti-Fade-Vinyls,<\/strong> Dadurch wird das Glas h\u00e4rter und kann nicht zersplittern, wenn es getroffen oder besch\u00e4digt wird.<\/p>\n<p>&nbsp;<\/p>\n<p style=\"text-align: center;\">Die Platzierung dieser <strong>Anti-Fade-Folien<\/strong>\u00a0Es ist ganz einfach:<\/p>\n<p>Reinigen Sie das Glas gut, schneiden Sie die Anti-Fade-Folie auf die gew\u00fcnschte Gr\u00f6\u00dfe zu, ziehen Sie die R\u00fcckseite des Anti-Fade-Vinyls ab, bespr\u00fchen Sie die Klebefl\u00e4che der Folie und das Glas, auf das Sie sie kleben m\u00f6chten, mit reichlich Wasser, platzieren Sie die Folie in der gew\u00fcnschten H\u00f6he auf dem Glas, kleben Sie sie mit einem Spatel auf und entfernen Sie das Wasser von der Mitte nach rechts und von der Mitte nach links. Wenn alles auf der Folie klebt, lassen Sie sie trocknen, damit sie besser haftet, und schneiden Sie \u00fcbersch\u00fcssige Folie ab, falls welche vorhanden ist.<\/p>\n<p>Falls Sie die <strong>Anti-Fade-Folien<\/strong>, fordern Sie ein Angebot von uns an und wir kommen gerne vorbei und kleben sie auf.<\/p>\n<h3 style=\"text-align: center;\"><span style=\"color: #3366ff;\">Vorteile des Kaufs von klarem, lichtbest\u00e4ndigem Fenstervinyl<\/span><\/h3>\n<p><strong>WIRKSAMKEIT:<\/strong> Sie reduzieren die Verf\u00e4rbung von Produkten in Schaufenstern. In Wohnungen und B\u00fcros verhindern sie den Farbverlust von M\u00f6beln und Ger\u00e4ten.<\/p>\n<p><strong>EINSPARUNGEN:<\/strong> Durch die Reduzierung von Verf\u00e4rbungen an Produkten und M\u00f6beln sparen Sie Kosten f\u00fcr den Austausch.<\/p>\n<p><strong>THERMISCHER KOMFORT:<\/strong> Auch Lichtschutzfolien helfen, eine \u00dcberhitzung des Innenraums zu verhindern.<\/p>\n<p><strong>SICHERHEIT:<\/strong> Klare, lichtbest\u00e4ndige Vinylfolien verleihen dem Glas zus\u00e4tzliche Festigkeit und verhindern, dass es zerbricht.<\/p>\n<p>&nbsp;<\/p>\n<p>Wenn dies nicht die Solarfolie ist, die Sie suchen, besuchen Sie unsere Galerie f\u00fcr weitere Modelle. <a href=\"https:\/\/impresiondigitalgranformato.es\/de\/produkt-kategorie\/laminas-solares-para-cristales\/\"><strong>KLICKEN SIE HIER.<\/strong><\/a><\/p>\n<p>&nbsp;<\/p>\n<p><span style=\"color: #ff0000;\"><strong>Dieses Produkt kann innerhalb von 24 Stunden* geliefert werden.<\/strong><\/span><\/p>\n<p data-pbs-phone-margin-bottom=\"18px\"><strong>Verschiedene Arten von Sendungen:<\/strong><\/p>\n<p data-pbs-phone-margin-bottom=\"18px\"><strong>Produktion und Lieferung innerhalb von 8 Arbeitstagen<\/strong><\/p>\n<p data-pbs-phone-margin-bottom=\"18px\"><strong>Produktion und Lieferung innerhalb von 4 Arbeitstagen<\/strong><\/p>\n<p data-pbs-phone-margin-top=\"1px\"><strong>Produktion und Lieferung innerhalb von 2 Arbeitstagen<\/strong><\/p>\n<p data-pbs-phone-margin-top=\"1px\"><strong>Produktion und Lieferung innerhalb von 1 Arbeitstag<\/strong>\u00a0(*dieser Service gilt nur f\u00fcr Bestellungen, die vor 11.30 Uhr des laufenden Tages best\u00e4tigt werden).<\/p>","protected":false},"excerpt":{"rendered":"<p><strong>Lichtechte Fensterfolie.<\/strong><\/p>\n<p>Vermeiden Sie Sch\u00e4den an den im Schaufenster ausgestellten Produkten.<\/p>\n<p><span style=\"color: #3366ff;\"><strong>Lieferbar innerhalb von 24 Stunden<\/strong><\/span><\/p>\n<p><a href=\"https:\/\/impresiondigitalgranformato.es\/de\/produkt-kategorie\/laminas-solares-para-cristales\/\">Klicken Sie hier, um weitere Modelle anzuzeigen<\/a><\/p>","protected":false},"featured_media":17929,"comment_status":"open","ping_status":"closed","template":"","meta":[],"product_brand":[],"product_cat":[113],"product_tag":[],"class_list":{"0":"post-17909","1":"product","2":"type-product","3":"status-publish","4":"has-post-thumbnail","6":"product_cat-laminas-solares-para-cristales","8":"first","9":"instock","10":"sold-individually","11":"taxable","12":"shipping-taxable","13":"purchasable","14":"product-type-simple"},"yoast_head":"<!-- This site is optimized with the Yoast SEO plugin v27.3 - https:\/\/yoast.com\/product\/yoast-seo-wordpress\/ -->\n<title>vinilo escaparates transparente antidecoloracion - Los + baratos - env\u00edo gratis<\/title>\n<meta name=\"description\" content=\"vinilo escaparates transparente antidecoloracion. Evite el deterioro de productos expuestos en el escaparate con esta lamina anti-decoloraci\u00f3n. Env\u00edo gratis\" \/>\n<meta name=\"robots\" content=\"index, follow, max-snippet:-1, max-image-preview:large, max-video-preview:-1\" \/>\n<link rel=\"canonical\" href=\"https:\/\/impresiondigitalgranformato.es\/de\/produkt\/klares-lichtbestandiges-fenstervinyl\/\" \/>\n<meta property=\"og:locale\" content=\"de_DE\" \/>\n<meta property=\"og:type\" content=\"article\" \/>\n<meta property=\"og:title\" content=\"vinilo escaparates transparente antidecoloracion - Los + baratos - env\u00edo gratis\" \/>\n<meta property=\"og:description\" content=\"vinilo escaparates transparente antidecoloracion. Evite el deterioro de productos expuestos en el escaparate con esta lamina anti-decoloraci\u00f3n. Env\u00edo gratis\" \/>\n<meta property=\"og:url\" content=\"https:\/\/impresiondigitalgranformato.es\/de\/produkt\/klares-lichtbestandiges-fenstervinyl\/\" \/>\n<meta property=\"og:site_name\" content=\"Los + baratos\" \/>\n<meta property=\"article:modified_time\" content=\"2025-08-04T16:02:10+00:00\" \/>\n<meta property=\"og:image\" content=\"http:\/\/impresiondigitalgranformato.es\/wp-content\/uploads\/2025\/08\/vinilo-escaparates-transparente-antidecoloracion.jpg\" \/>\n\t<meta property=\"og:image:width\" content=\"472\" \/>\n\t<meta property=\"og:image:height\" content=\"472\" \/>\n\t<meta property=\"og:image:type\" content=\"image\/jpeg\" \/>\n<meta name=\"twitter:card\" content=\"summary_large_image\" \/>\n<meta name=\"twitter:label1\" content=\"Gesch\u00e4tzte Lesezeit\" \/>\n\t<meta name=\"twitter:data1\" content=\"2\u00a0Minuten\" \/>\n<script type=\"application\/ld+json\" class=\"yoast-schema-graph\">{\"@context\":\"https:\\\/\\\/schema.org\",\"@graph\":[{\"@type\":\"WebPage\",\"@id\":\"https:\\\/\\\/impresiondigitalgranformato.es\\\/producto\\\/vinilo-escaparates-transparente-antidecoloracion\\\/\",\"url\":\"https:\\\/\\\/impresiondigitalgranformato.es\\\/producto\\\/vinilo-escaparates-transparente-antidecoloracion\\\/\",\"name\":\"vinilo escaparates transparente antidecoloracion - Los + baratos - env\u00edo gratis\",\"isPartOf\":{\"@id\":\"https:\\\/\\\/impresiondigitalgranformato.es\\\/#website\"},\"primaryImageOfPage\":{\"@id\":\"https:\\\/\\\/impresiondigitalgranformato.es\\\/producto\\\/vinilo-escaparates-transparente-antidecoloracion\\\/#primaryimage\"},\"image\":{\"@id\":\"https:\\\/\\\/impresiondigitalgranformato.es\\\/producto\\\/vinilo-escaparates-transparente-antidecoloracion\\\/#primaryimage\"},\"thumbnailUrl\":\"https:\\\/\\\/i0.wp.com\\\/impresiondigitalgranformato.es\\\/wp-content\\\/uploads\\\/2025\\\/08\\\/vinilo-escaparates-transparente-antidecoloracion.jpg?fit=472%2C472&ssl=1\",\"datePublished\":\"2025-08-01T11:07:17+00:00\",\"dateModified\":\"2025-08-04T16:02:10+00:00\",\"description\":\"vinilo escaparates transparente antidecoloracion. Evite el deterioro de productos expuestos en el escaparate con esta lamina anti-decoloraci\u00f3n. Env\u00edo gratis\",\"breadcrumb\":{\"@id\":\"https:\\\/\\\/impresiondigitalgranformato.es\\\/producto\\\/vinilo-escaparates-transparente-antidecoloracion\\\/#breadcrumb\"},\"inLanguage\":\"de\",\"potentialAction\":[{\"@type\":\"ReadAction\",\"target\":[\"https:\\\/\\\/impresiondigitalgranformato.es\\\/producto\\\/vinilo-escaparates-transparente-antidecoloracion\\\/\"]}]},{\"@type\":\"ImageObject\",\"inLanguage\":\"de\",\"@id\":\"https:\\\/\\\/impresiondigitalgranformato.es\\\/producto\\\/vinilo-escaparates-transparente-antidecoloracion\\\/#primaryimage\",\"url\":\"https:\\\/\\\/i0.wp.com\\\/impresiondigitalgranformato.es\\\/wp-content\\\/uploads\\\/2025\\\/08\\\/vinilo-escaparates-transparente-antidecoloracion.jpg?fit=472%2C472&ssl=1\",\"contentUrl\":\"https:\\\/\\\/i0.wp.com\\\/impresiondigitalgranformato.es\\\/wp-content\\\/uploads\\\/2025\\\/08\\\/vinilo-escaparates-transparente-antidecoloracion.jpg?fit=472%2C472&ssl=1\",\"width\":472,\"height\":472,\"caption\":\"vinilo escaparates transparente anti-decoloracion\"},{\"@type\":\"BreadcrumbList\",\"@id\":\"https:\\\/\\\/impresiondigitalgranformato.es\\\/producto\\\/vinilo-escaparates-transparente-antidecoloracion\\\/#breadcrumb\",\"itemListElement\":[{\"@type\":\"ListItem\",\"position\":1,\"name\":\"Portada\",\"item\":\"https:\\\/\\\/impresiondigitalgranformato.es\\\/\"},{\"@type\":\"ListItem\",\"position\":2,\"name\":\"Productos\",\"item\":\"https:\\\/\\\/impresiondigitalgranformato.es\\\/venta-roll-up-banner\\\/\"},{\"@type\":\"ListItem\",\"position\":3,\"name\":\"vinilo escaparates transparente antidecoloracion\"}]},{\"@type\":\"WebSite\",\"@id\":\"https:\\\/\\\/impresiondigitalgranformato.es\\\/#website\",\"url\":\"https:\\\/\\\/impresiondigitalgranformato.es\\\/\",\"name\":\"Los + baratos\",\"description\":\"impresi\u00f3n digital gran formato venta de roll up, banner, banderas, lonas, carteles, displays, publicidad\",\"publisher\":{\"@id\":\"https:\\\/\\\/impresiondigitalgranformato.es\\\/#organization\"},\"potentialAction\":[{\"@type\":\"SearchAction\",\"target\":{\"@type\":\"EntryPoint\",\"urlTemplate\":\"https:\\\/\\\/impresiondigitalgranformato.es\\\/?s={search_term_string}\"},\"query-input\":{\"@type\":\"PropertyValueSpecification\",\"valueRequired\":true,\"valueName\":\"search_term_string\"}}],\"inLanguage\":\"de\"},{\"@type\":\"Organization\",\"@id\":\"https:\\\/\\\/impresiondigitalgranformato.es\\\/#organization\",\"name\":\"Los + baratos\",\"url\":\"https:\\\/\\\/impresiondigitalgranformato.es\\\/\",\"logo\":{\"@type\":\"ImageObject\",\"inLanguage\":\"de\",\"@id\":\"https:\\\/\\\/impresiondigitalgranformato.es\\\/#\\\/schema\\\/logo\\\/image\\\/\",\"url\":\"https:\\\/\\\/i0.wp.com\\\/impresiondigitalgranformato.es\\\/wp-content\\\/uploads\\\/2016\\\/12\\\/cropped-logotipo-2-e1483373659766.png?fit=500%2C101&ssl=1\",\"contentUrl\":\"https:\\\/\\\/i0.wp.com\\\/impresiondigitalgranformato.es\\\/wp-content\\\/uploads\\\/2016\\\/12\\\/cropped-logotipo-2-e1483373659766.png?fit=500%2C101&ssl=1\",\"width\":500,\"height\":101,\"caption\":\"Los + baratos\"},\"image\":{\"@id\":\"https:\\\/\\\/impresiondigitalgranformato.es\\\/#\\\/schema\\\/logo\\\/image\\\/\"}}]}<\/script>\n<!-- \/ Yoast SEO plugin. -->","yoast_head_json":{"title":"Klares, lichtbest\u00e4ndiges Fenstervinyl \u2013 Das g\u00fcnstigste \u2013 Kostenloser Versand","description":"Klare, lichtbest\u00e4ndige Fensterfolie. Verhindern Sie mit dieser lichtbest\u00e4ndigen Folie Sch\u00e4den an ausgestellten Produkten. Kostenloser Versand.","robots":{"index":"index","follow":"follow","max-snippet":"max-snippet:-1","max-image-preview":"max-image-preview:large","max-video-preview":"max-video-preview:-1"},"canonical":"https:\/\/impresiondigitalgranformato.es\/de\/produkt\/klares-lichtbestandiges-fenstervinyl\/","og_locale":"de_DE","og_type":"article","og_title":"vinilo escaparates transparente antidecoloracion - Los + baratos - env\u00edo gratis","og_description":"vinilo escaparates transparente antidecoloracion. Evite el deterioro de productos expuestos en el escaparate con esta lamina anti-decoloraci\u00f3n. Env\u00edo gratis","og_url":"https:\/\/impresiondigitalgranformato.es\/de\/produkt\/klares-lichtbestandiges-fenstervinyl\/","og_site_name":"Los + baratos","article_modified_time":"2025-08-04T16:02:10+00:00","og_image":[{"width":472,"height":472,"url":"http:\/\/impresiondigitalgranformato.es\/wp-content\/uploads\/2025\/08\/vinilo-escaparates-transparente-antidecoloracion.jpg","type":"image\/jpeg"}],"twitter_card":"summary_large_image","twitter_misc":{"Gesch\u00e4tzte Lesezeit":"2\u00a0Minuten"},"schema":{"@context":"https:\/\/schema.org","@graph":[{"@type":"WebPage","@id":"https:\/\/impresiondigitalgranformato.es\/producto\/vinilo-escaparates-transparente-antidecoloracion\/","url":"https:\/\/impresiondigitalgranformato.es\/producto\/vinilo-escaparates-transparente-antidecoloracion\/","name":"Klares, lichtbest\u00e4ndiges Fenstervinyl \u2013 Das g\u00fcnstigste \u2013 Kostenloser Versand","isPartOf":{"@id":"https:\/\/impresiondigitalgranformato.es\/#website"},"primaryImageOfPage":{"@id":"https:\/\/impresiondigitalgranformato.es\/producto\/vinilo-escaparates-transparente-antidecoloracion\/#primaryimage"},"image":{"@id":"https:\/\/impresiondigitalgranformato.es\/producto\/vinilo-escaparates-transparente-antidecoloracion\/#primaryimage"},"thumbnailUrl":"https:\/\/i0.wp.com\/impresiondigitalgranformato.es\/wp-content\/uploads\/2025\/08\/vinilo-escaparates-transparente-antidecoloracion.jpg?fit=472%2C472&ssl=1","datePublished":"2025-08-01T11:07:17+00:00","dateModified":"2025-08-04T16:02:10+00:00","description":"Klare, lichtbest\u00e4ndige Fensterfolie. Verhindern Sie mit dieser lichtbest\u00e4ndigen Folie Sch\u00e4den an ausgestellten Produkten. Kostenloser Versand.","breadcrumb":{"@id":"https:\/\/impresiondigitalgranformato.es\/producto\/vinilo-escaparates-transparente-antidecoloracion\/#breadcrumb"},"inLanguage":"de","potentialAction":[{"@type":"ReadAction","target":["https:\/\/impresiondigitalgranformato.es\/producto\/vinilo-escaparates-transparente-antidecoloracion\/"]}]},{"@type":"ImageObject","inLanguage":"de","@id":"https:\/\/impresiondigitalgranformato.es\/producto\/vinilo-escaparates-transparente-antidecoloracion\/#primaryimage","url":"https:\/\/i0.wp.com\/impresiondigitalgranformato.es\/wp-content\/uploads\/2025\/08\/vinilo-escaparates-transparente-antidecoloracion.jpg?fit=472%2C472&ssl=1","contentUrl":"https:\/\/i0.wp.com\/impresiondigitalgranformato.es\/wp-content\/uploads\/2025\/08\/vinilo-escaparates-transparente-antidecoloracion.jpg?fit=472%2C472&ssl=1","width":472,"height":472,"caption":"vinilo escaparates transparente anti-decoloracion"},{"@type":"BreadcrumbList","@id":"https:\/\/impresiondigitalgranformato.es\/producto\/vinilo-escaparates-transparente-antidecoloracion\/#breadcrumb","itemListElement":[{"@type":"ListItem","position":1,"name":"Portada","item":"https:\/\/impresiondigitalgranformato.es\/"},{"@type":"ListItem","position":2,"name":"Productos","item":"https:\/\/impresiondigitalgranformato.es\/venta-roll-up-banner\/"},{"@type":"ListItem","position":3,"name":"vinilo escaparates transparente antidecoloracion"}]},{"@type":"WebSite","@id":"https:\/\/impresiondigitalgranformato.es\/#website","url":"https:\/\/impresiondigitalgranformato.es\/","name":"Die billigsten","description":"Gro\u00dfformatiger Digitaldruck Verkauf von Roll-ups, Bannern, Flaggen, Fahnen, Planen, Postern, Displays, Anzeigen","publisher":{"@id":"https:\/\/impresiondigitalgranformato.es\/#organization"},"potentialAction":[{"@type":"SearchAction","target":{"@type":"EntryPoint","urlTemplate":"https:\/\/impresiondigitalgranformato.es\/?s={search_term_string}"},"query-input":{"@type":"PropertyValueSpecification","valueRequired":true,"valueName":"search_term_string"}}],"inLanguage":"de"},{"@type":"Organization","@id":"https:\/\/impresiondigitalgranformato.es\/#organization","name":"Die billigsten","url":"https:\/\/impresiondigitalgranformato.es\/","logo":{"@type":"ImageObject","inLanguage":"de","@id":"https:\/\/impresiondigitalgranformato.es\/#\/schema\/logo\/image\/","url":"https:\/\/i0.wp.com\/impresiondigitalgranformato.es\/wp-content\/uploads\/2016\/12\/cropped-logotipo-2-e1483373659766.png?fit=500%2C101&ssl=1","contentUrl":"https:\/\/i0.wp.com\/impresiondigitalgranformato.es\/wp-content\/uploads\/2016\/12\/cropped-logotipo-2-e1483373659766.png?fit=500%2C101&ssl=1","width":500,"height":101,"caption":"Los + baratos"},"image":{"@id":"https:\/\/impresiondigitalgranformato.es\/#\/schema\/logo\/image\/"}}]}},"jetpack_sharing_enabled":true,"_links":{"self":[{"href":"https:\/\/impresiondigitalgranformato.es\/de\/wp-json\/wp\/v2\/product\/17909","targetHints":{"allow":["GET"]}}],"collection":[{"href":"https:\/\/impresiondigitalgranformato.es\/de\/wp-json\/wp\/v2\/product"}],"about":[{"href":"https:\/\/impresiondigitalgranformato.es\/de\/wp-json\/wp\/v2\/types\/product"}],"replies":[{"embeddable":true,"href":"https:\/\/impresiondigitalgranformato.es\/de\/wp-json\/wp\/v2\/comments?post=17909"}],"wp:featuredmedia":[{"embeddable":true,"href":"https:\/\/impresiondigitalgranformato.es\/de\/wp-json\/wp\/v2\/media\/17929"}],"wp:attachment":[{"href":"https:\/\/impresiondigitalgranformato.es\/de\/wp-json\/wp\/v2\/media?parent=17909"}],"wp:term":[{"taxonomy":"product_brand","embeddable":true,"href":"https:\/\/impresiondigitalgranformato.es\/de\/wp-json\/wp\/v2\/product_brand?post=17909"},{"taxonomy":"product_cat","embeddable":true,"href":"https:\/\/impresiondigitalgranformato.es\/de\/wp-json\/wp\/v2\/product_cat?post=17909"},{"taxonomy":"product_tag","embeddable":true,"href":"https:\/\/impresiondigitalgranformato.es\/de\/wp-json\/wp\/v2\/product_tag?post=17909"}],"curies":[{"name":"wp","href":"https:\/\/api.w.org\/{rel}","templated":true}]}}