{"id":17941,"date":"2025-09-02T18:21:08","date_gmt":"2025-09-02T16:21:08","guid":{"rendered":"https:\/\/impresiondigitalgranformato.es\/?post_type=product&#038;p=17941"},"modified":"2025-09-02T18:21:09","modified_gmt":"2025-09-02T16:21:09","slug":"wirtschafts-aluminium-dibond-poster","status":"publish","type":"product","link":"https:\/\/impresiondigitalgranformato.es\/de\/producto\/cartel-economico-aluminio-dibond\/","title":{"rendered":"Preisg\u00fcnstiges Alu-Dibond-Poster"},"content":{"rendered":"<p><strong>Preisg\u00fcnstiges Alu-Dibond-Poster<\/strong><\/p>\n<p>A <strong>Dibond-Etikett<\/strong> Es handelt sich um eine Sandwichplatte mit zwei Aluminiumseiten und einem zentralen Kern aus Polyethylen.<\/p>\n<p>1- oder 2-seitig beschriftet im hochwertigen Digitaldruck <strong>1440 dpi<\/strong><\/p>\n<p><strong>Preisg\u00fcnstiges Alu-Dibond-Poster <\/strong>Es eignet sich sowohl als Au\u00dfenschild als auch f\u00fcr Fotografie und Beschilderung im Innenbereich.<\/p>\n<p>Unter www.impresiondigitalgranformato.es bieten wir verschiedene Optionen zur Veredelung und Befestigung der<strong> Dibond-Aluminiumschild:<\/strong><\/p>\n<p><strong>Nur mit Aufdruck:<\/strong> Dibond-Poster mit 1- oder 2-seitigem Druck.<\/p>\n<p><strong>Mit Bohrern:<\/strong> Dibond-Poster mit ein- oder beidseitigem Druck und vorgebohrten L\u00f6chern zur Wandmontage (eines in jeder Ecke und bei Bedarf alle 50 cm). *Wenn Sie andere Lochgr\u00f6\u00dfen ben\u00f6tigen, geben Sie diese bitte in den Bestelldetails an.<\/p>\n<p><strong>Klebstoff:<\/strong> Dibond-Poster mit ein- oder beidseitigem Druck und hochklebendem Doppelklebstoff. Zum Aufkleben auf glatte, saubere W\u00e4nde im Innen- und Au\u00dfenbereich.<\/p>\n<p><strong>Kunststoffverkleidung:<\/strong> Dibond-Poster mit einseitigem Druck und vorgebohrten L\u00f6chern zur Wandmontage. Kunststoffrahmen entsprechend der Dibond-Beschriftung lackiert. Schrauben und D\u00fcbel inklusive.<\/p>\n<p><strong>Chromzierteile:<\/strong> Dibond-Poster mit einseitigem Druck und vorgebohrten L\u00f6chern zur Wandmontage. Silberverchromte Metallverkleidung + Schrauben und D\u00fcbel.<\/p>\n<p><strong>Trennwand:<\/strong> Dibond-Poster mit einseitigem Druck und vorgebohrten L\u00f6chern zur Wandmontage. Silberne Aluminium-Abstandshalter, 3 cm hoch, sowie Schrauben und D\u00fcbel.<\/p>\n<p><strong>Bannertr\u00e4ger INNEN:<\/strong> Dibond-Schild mit ein- oder beidseitigem Druck. + silberne Aluminiumhalterungen, um das preiswerte Dibond-Schild 3 cm von der Wand oder Decke zu trennen + Schrauben und D\u00fcbel.<\/p>\n<p><strong>OUTDOOR-Banner-Unterst\u00fctzung:<\/strong> Dibond-Schild mit ein- oder beidseitigem Druck. + auf das Dibond-Schild geschraubte und in der Schriftfarbe lackierte Aluminiumwinkel zur Befestigung an Wand oder Decke + Schrauben und D\u00fcbel.<\/p>\n<h3 style=\"text-align: center;\"><span style=\"color: #0000ff;\">So kaufen Sie das g\u00fcnstige Alu-Dibond-Poster<\/span><\/h3>\n<p>Bitte beachten Sie zun\u00e4chst, dass Sie bei Fragen zum Kaufvorgang unverbindlich Kontakt mit uns aufnehmen k\u00f6nnen.\u00a0<a style=\"color: #029bdd;\" href=\"https:\/\/impresiondigitalgranformato.es\/de\/kontakt\/\">(Kontakt)<\/a><\/p>\n<p>Aus produktions- oder versandtechnischen Gr\u00fcnden wird die Gr\u00f6\u00dfe der von uns versendeten Posterpakete nie 2 m2 \u00fcberschreiten.<br \/>\nDaher werden Dibond-Aluminiumschilder, die gr\u00f6\u00dfer als 2 m2 sind, in Einzelteilen hergestellt und versendet.<\/p>\n<p><img data-recalc-dims=\"1\" loading=\"lazy\" decoding=\"async\" class=\"size-medium wp-image-18005 aligncenter\" src=\"https:\/\/i0.wp.com\/impresiondigitalgranformato.es\/wp-content\/uploads\/2025\/08\/tamano-dibond.jpg?resize=600%2C600\" alt=\"g\u00fcnstige Dibond-Gr\u00f6\u00dfe\" width=\"600\" height=\"600\" srcset=\"https:\/\/i0.wp.com\/impresiondigitalgranformato.es\/wp-content\/uploads\/2025\/08\/tamano-dibond.jpg?resize=600%2C600&amp;ssl=1 600w, https:\/\/i0.wp.com\/impresiondigitalgranformato.es\/wp-content\/uploads\/2025\/08\/tamano-dibond.jpg?resize=1200%2C1200&amp;ssl=1 1200w, https:\/\/i0.wp.com\/impresiondigitalgranformato.es\/wp-content\/uploads\/2025\/08\/tamano-dibond.jpg?resize=300%2C300&amp;ssl=1 300w, https:\/\/i0.wp.com\/impresiondigitalgranformato.es\/wp-content\/uploads\/2025\/08\/tamano-dibond.jpg?resize=768%2C768&amp;ssl=1 768w, https:\/\/i0.wp.com\/impresiondigitalgranformato.es\/wp-content\/uploads\/2025\/08\/tamano-dibond.jpg?resize=12%2C12&amp;ssl=1 12w, https:\/\/i0.wp.com\/impresiondigitalgranformato.es\/wp-content\/uploads\/2025\/08\/tamano-dibond.jpg?resize=500%2C500&amp;ssl=1 500w, https:\/\/i0.wp.com\/impresiondigitalgranformato.es\/wp-content\/uploads\/2025\/08\/tamano-dibond.jpg?resize=100%2C100&amp;ssl=1 100w, https:\/\/i0.wp.com\/impresiondigitalgranformato.es\/wp-content\/uploads\/2025\/08\/tamano-dibond.jpg?w=1260&amp;ssl=1 1260w\" sizes=\"auto, (max-width: 600px) 100vw, 600px\" \/><\/p>\n<p>&nbsp;<\/p>\n<p><span style=\"color: #000080;\"><strong style=\"font-weight: bold; font-style: inherit;\">So kaufen Sie Dibond-Schilder, die die Gr\u00f6\u00dfe \u00fcberschreiten:<\/strong><\/span><\/p>\n<p>Bei Teilen, die gr\u00f6\u00dfer sind als die oben angegebenen Ma\u00dfe, teilen wir das Plakat in gleich gro\u00dfe Teile auf oder passen, falls der Druck es erfordert, die Gr\u00f6\u00dfe der einzelnen Teile so an, dass der Zusammenschluss m\u00f6glichst wenig auff\u00e4llt.<\/p>\n<p>Sie haben auch die M\u00f6glichkeit, dies selbst zu tun, indem Sie das Poster innerhalb der Abmessungen in Gr\u00f6\u00dfen aufteilen und den Einzelkauf t\u00e4tigen.<\/p>\n<p>Beispiel:<\/p>\n<p>300 x 100 cm Poster<\/p>\n<ol>\n<li style=\"font-weight: inherit; font-style: inherit;\">teilt das St\u00fcck in 2 Einheiten. (Die erste zum Beispiel 180 x 100 cm und die zweite 120 x 100 cm)<\/li>\n<li style=\"font-weight: inherit; font-style: inherit;\">Wir geben die Ma\u00dfe des ersten St\u00fccks an: 180 x 100 cm. Wir laden die Datei zum Drucken hoch und legen sie in den Warenkorb.<\/li>\n<li style=\"font-weight: inherit; font-style: inherit;\">Wir geben die Ma\u00dfe des zweiten St\u00fccks an: 120 x 100 cm. Wir laden die Datei zum Drucken hoch und legen sie in den Warenkorb.<\/li>\n<li style=\"font-weight: inherit; font-style: inherit;\">wir gehen zum Warenkorb und schlie\u00dfen den Kauf ab<\/li>\n<\/ol>\n<p>&nbsp;<\/p>\n<p><span style=\"color: #000080;\"><strong>So kaufen Sie Dibond-Poster mit gleicher Gr\u00f6\u00dfe, aber unterschiedlichen Motiven und Mengen:<\/strong><\/span><\/p>\n<p>Bei Bestellungen mit Bl\u00e4ttern gleicher Gr\u00f6\u00dfe, aber unterschiedlichen Motiven und Mengen bitte einzeln nach Motiv kaufen.<\/p>\n<p>Beispiel:<\/p>\n<p>15 Poster im Format 100 x 50 cm, davon 10 identisch, 3 identisch und 2 identisch.<\/p>\n<ol>\n<li>Wir geben die Menge an (10 Einheiten)<\/li>\n<li>Wir geben an, ob der Druck einseitig oder beidseitig erfolgt.<\/li>\n<li>Wir geben die Breite und H\u00f6he an (100 x 50 cm)<\/li>\n<li>Wir geben die Befestigung und den Abschluss an<\/li>\n<li>Wir weisen darauf hin, dass wir Design senden<\/li>\n<li>Wir w\u00e4hlen den Produktions- und Lieferzeitpunkt<\/li>\n<li>Pinchamos en SELECCIONE ARCHIVO y elegimos el dise\u00f1o de las 10 unid<\/li>\n<li>A\u00f1adimos al carrito<\/li>\n<\/ol>\n<p><strong>Despu\u00e9s repetimos la misma operaci\u00f3n para subir el dise\u00f1o de las 3 unid. Y volvemos a repetir la operaci\u00f3n con las 2 unid.<\/strong><\/p>\n<p>&nbsp;<\/p>\n<p><span style=\"color: #000080;\"><strong>Como comprar carteles que necesitan dise\u00f1o:<\/strong><\/span><\/p>\n<p>Para pedidos de carteles de aluminio dibond que necesiten dise\u00f1o:<\/p>\n<p>Realice la compra de la siguiente manera.:<\/p>\n<ol>\n<li>Indicamos la cantidad<\/li>\n<li>Wir geben an, ob der Druck einseitig oder beidseitig erfolgt.<\/li>\n<li>Indicamos el ancho y el alto<\/li>\n<li>Wir geben die Befestigung und den Abschluss an<\/li>\n<li><strong>Indicamos que NECESITAMOS QUE NOS LO DISE\u00d1EN<\/strong><\/li>\n<li>Wir w\u00e4hlen den Produktions- und Lieferzeitpunkt<\/li>\n<li>A\u00f1adimos al carrito<\/li>\n<li>Finalizamos la compra<\/li>\n<\/ol>\n<p>Despu\u00e9s env\u00edenos los artes finales de impresi\u00f3n al mail: comercial@impresiondigitalgranformato.es junto con el NUMERO DE PEDIDO que obtendr\u00e1 al finalizar la compra.<\/p>\n<p><strong>Nuestro equipo dise\u00f1ar\u00e1 el cartel y se lo enviara para su aprobaci\u00f3n antes de realizar la impresi\u00f3n del rotulo de dibond<\/strong><\/p>","protected":false},"excerpt":{"rendered":"<p style=\"text-align: center;\">Preisg\u00fcnstiges Alu-Dibond-Poster<\/p>\n<p style=\"text-align: center;\"><strong>F\u00fcr den Au\u00dfen- und Innenbereich<\/strong><\/p>\n<p style=\"text-align: center;\">Hergestellt im Digitaldruck\u00a0<strong>1440 dpi<\/strong><\/p>\n<p style=\"text-align: center;\"><span style=\"color: #ff9900;\"><strong>-<\/strong><\/span><\/p>\n<p style=\"text-align: center;\"><a href=\"https:\/\/impresiondigitalgranformato.es\/de\/produkt-kategorie\/carteleria-economica\/\">Aqui pode ver mais modelos de cartazes e placas<\/a><\/p>","protected":false},"featured_media":17938,"comment_status":"open","ping_status":"closed","template":"","meta":[],"product_brand":[],"product_cat":[77],"product_tag":[],"class_list":{"0":"post-17941","1":"product","2":"type-product","3":"status-publish","4":"has-post-thumbnail","6":"product_cat-carteleria-economica","8":"first","9":"instock","10":"sold-individually","11":"taxable","12":"shipping-taxable","13":"purchasable","14":"product-type-simple"},"yoast_head":"<!-- This site is optimized with the Yoast SEO plugin v27.3 - https:\/\/yoast.com\/product\/yoast-seo-wordpress\/ -->\n<title>Cartel econ\u00f3mico aluminio dibond - Los + baratos - env\u00edo gratis<\/title>\n<meta name=\"description\" content=\"Cartel econ\u00f3mico aluminio dibond con impresi\u00f3n de alta calidad a 1 o 2 caras. la estrella de los r\u00f3tulos por su versatilidad y bajos coste. Env\u00edo gratis.\" \/>\n<meta name=\"robots\" content=\"index, follow, max-snippet:-1, max-image-preview:large, max-video-preview:-1\" \/>\n<link rel=\"canonical\" href=\"https:\/\/impresiondigitalgranformato.es\/de\/produkt\/wirtschafts-aluminium-dibond-poster\/\" \/>\n<meta property=\"og:locale\" content=\"de_DE\" \/>\n<meta property=\"og:type\" content=\"article\" \/>\n<meta property=\"og:title\" content=\"Cartel econ\u00f3mico aluminio dibond - Los + baratos - env\u00edo gratis\" \/>\n<meta property=\"og:description\" content=\"Cartel econ\u00f3mico aluminio dibond con impresi\u00f3n de alta calidad a 1 o 2 caras. la estrella de los r\u00f3tulos por su versatilidad y bajos coste. Env\u00edo gratis.\" \/>\n<meta property=\"og:url\" content=\"https:\/\/impresiondigitalgranformato.es\/de\/produkt\/wirtschafts-aluminium-dibond-poster\/\" \/>\n<meta property=\"og:site_name\" content=\"Los + baratos\" \/>\n<meta property=\"article:modified_time\" content=\"2025-09-02T16:21:09+00:00\" \/>\n<meta property=\"og:image\" content=\"http:\/\/impresiondigitalgranformato.es\/wp-content\/uploads\/2025\/08\/cartel-economico-aluminio-dibond.jpg\" \/>\n\t<meta property=\"og:image:width\" content=\"1260\" \/>\n\t<meta property=\"og:image:height\" content=\"1260\" \/>\n\t<meta property=\"og:image:type\" content=\"image\/jpeg\" \/>\n<meta name=\"twitter:card\" content=\"summary_large_image\" \/>\n<meta name=\"twitter:label1\" content=\"Gesch\u00e4tzte Lesezeit\" \/>\n\t<meta name=\"twitter:data1\" content=\"5\u00a0Minuten\" \/>\n<script type=\"application\/ld+json\" class=\"yoast-schema-graph\">{\"@context\":\"https:\\\/\\\/schema.org\",\"@graph\":[{\"@type\":\"WebPage\",\"@id\":\"https:\\\/\\\/impresiondigitalgranformato.es\\\/producto\\\/cartel-economico-aluminio-dibond\\\/\",\"url\":\"https:\\\/\\\/impresiondigitalgranformato.es\\\/producto\\\/cartel-economico-aluminio-dibond\\\/\",\"name\":\"Cartel econ\u00f3mico aluminio dibond - Los + baratos - env\u00edo gratis\",\"isPartOf\":{\"@id\":\"https:\\\/\\\/impresiondigitalgranformato.es\\\/#website\"},\"primaryImageOfPage\":{\"@id\":\"https:\\\/\\\/impresiondigitalgranformato.es\\\/producto\\\/cartel-economico-aluminio-dibond\\\/#primaryimage\"},\"image\":{\"@id\":\"https:\\\/\\\/impresiondigitalgranformato.es\\\/producto\\\/cartel-economico-aluminio-dibond\\\/#primaryimage\"},\"thumbnailUrl\":\"https:\\\/\\\/i0.wp.com\\\/impresiondigitalgranformato.es\\\/wp-content\\\/uploads\\\/2025\\\/08\\\/cartel-economico-aluminio-dibond.jpg?fit=1260%2C1260&ssl=1\",\"datePublished\":\"2025-09-02T16:21:08+00:00\",\"dateModified\":\"2025-09-02T16:21:09+00:00\",\"description\":\"Cartel econ\u00f3mico aluminio dibond con impresi\u00f3n de alta calidad a 1 o 2 caras. la estrella de los r\u00f3tulos por su versatilidad y bajos coste. Env\u00edo gratis.\",\"breadcrumb\":{\"@id\":\"https:\\\/\\\/impresiondigitalgranformato.es\\\/producto\\\/cartel-economico-aluminio-dibond\\\/#breadcrumb\"},\"inLanguage\":\"de\",\"potentialAction\":[{\"@type\":\"ReadAction\",\"target\":[\"https:\\\/\\\/impresiondigitalgranformato.es\\\/producto\\\/cartel-economico-aluminio-dibond\\\/\"]}]},{\"@type\":\"ImageObject\",\"inLanguage\":\"de\",\"@id\":\"https:\\\/\\\/impresiondigitalgranformato.es\\\/producto\\\/cartel-economico-aluminio-dibond\\\/#primaryimage\",\"url\":\"https:\\\/\\\/i0.wp.com\\\/impresiondigitalgranformato.es\\\/wp-content\\\/uploads\\\/2025\\\/08\\\/cartel-economico-aluminio-dibond.jpg?fit=1260%2C1260&ssl=1\",\"contentUrl\":\"https:\\\/\\\/i0.wp.com\\\/impresiondigitalgranformato.es\\\/wp-content\\\/uploads\\\/2025\\\/08\\\/cartel-economico-aluminio-dibond.jpg?fit=1260%2C1260&ssl=1\",\"width\":1260,\"height\":1260,\"caption\":\"Cartel econ\u00f3mico aluminio dibond\"},{\"@type\":\"BreadcrumbList\",\"@id\":\"https:\\\/\\\/impresiondigitalgranformato.es\\\/producto\\\/cartel-economico-aluminio-dibond\\\/#breadcrumb\",\"itemListElement\":[{\"@type\":\"ListItem\",\"position\":1,\"name\":\"Portada\",\"item\":\"https:\\\/\\\/impresiondigitalgranformato.es\\\/\"},{\"@type\":\"ListItem\",\"position\":2,\"name\":\"Productos\",\"item\":\"https:\\\/\\\/impresiondigitalgranformato.es\\\/venta-roll-up-banner\\\/\"},{\"@type\":\"ListItem\",\"position\":3,\"name\":\"Cartel econ\u00f3mico aluminio dibond\"}]},{\"@type\":\"WebSite\",\"@id\":\"https:\\\/\\\/impresiondigitalgranformato.es\\\/#website\",\"url\":\"https:\\\/\\\/impresiondigitalgranformato.es\\\/\",\"name\":\"Los + baratos\",\"description\":\"impresi\u00f3n digital gran formato venta de roll up, banner, banderas, lonas, carteles, displays, publicidad\",\"publisher\":{\"@id\":\"https:\\\/\\\/impresiondigitalgranformato.es\\\/#organization\"},\"potentialAction\":[{\"@type\":\"SearchAction\",\"target\":{\"@type\":\"EntryPoint\",\"urlTemplate\":\"https:\\\/\\\/impresiondigitalgranformato.es\\\/?s={search_term_string}\"},\"query-input\":{\"@type\":\"PropertyValueSpecification\",\"valueRequired\":true,\"valueName\":\"search_term_string\"}}],\"inLanguage\":\"de\"},{\"@type\":\"Organization\",\"@id\":\"https:\\\/\\\/impresiondigitalgranformato.es\\\/#organization\",\"name\":\"Los + baratos\",\"url\":\"https:\\\/\\\/impresiondigitalgranformato.es\\\/\",\"logo\":{\"@type\":\"ImageObject\",\"inLanguage\":\"de\",\"@id\":\"https:\\\/\\\/impresiondigitalgranformato.es\\\/#\\\/schema\\\/logo\\\/image\\\/\",\"url\":\"https:\\\/\\\/i0.wp.com\\\/impresiondigitalgranformato.es\\\/wp-content\\\/uploads\\\/2016\\\/12\\\/cropped-logotipo-2-e1483373659766.png?fit=500%2C101&ssl=1\",\"contentUrl\":\"https:\\\/\\\/i0.wp.com\\\/impresiondigitalgranformato.es\\\/wp-content\\\/uploads\\\/2016\\\/12\\\/cropped-logotipo-2-e1483373659766.png?fit=500%2C101&ssl=1\",\"width\":500,\"height\":101,\"caption\":\"Los + baratos\"},\"image\":{\"@id\":\"https:\\\/\\\/impresiondigitalgranformato.es\\\/#\\\/schema\\\/logo\\\/image\\\/\"}}]}<\/script>\n<!-- \/ Yoast SEO plugin. -->","yoast_head_json":{"title":"G\u00fcnstiges Alu-Dibond-Poster - Das g\u00fcnstigste - kostenloser Versand","description":"Preisg\u00fcnstiges Dibond-Aluminiumschild mit hochwertigem ein- oder beidseitigem Druck. Der Star des Pakets dank seiner Vielseitigkeit und niedrigen Kosten. Kostenloser Versand.","robots":{"index":"index","follow":"follow","max-snippet":"max-snippet:-1","max-image-preview":"max-image-preview:large","max-video-preview":"max-video-preview:-1"},"canonical":"https:\/\/impresiondigitalgranformato.es\/de\/produkt\/wirtschafts-aluminium-dibond-poster\/","og_locale":"de_DE","og_type":"article","og_title":"Cartel econ\u00f3mico aluminio dibond - Los + baratos - env\u00edo gratis","og_description":"Cartel econ\u00f3mico aluminio dibond con impresi\u00f3n de alta calidad a 1 o 2 caras. la estrella de los r\u00f3tulos por su versatilidad y bajos coste. Env\u00edo gratis.","og_url":"https:\/\/impresiondigitalgranformato.es\/de\/produkt\/wirtschafts-aluminium-dibond-poster\/","og_site_name":"Los + baratos","article_modified_time":"2025-09-02T16:21:09+00:00","og_image":[{"width":1260,"height":1260,"url":"http:\/\/impresiondigitalgranformato.es\/wp-content\/uploads\/2025\/08\/cartel-economico-aluminio-dibond.jpg","type":"image\/jpeg"}],"twitter_card":"summary_large_image","twitter_misc":{"Gesch\u00e4tzte Lesezeit":"5\u00a0Minuten"},"schema":{"@context":"https:\/\/schema.org","@graph":[{"@type":"WebPage","@id":"https:\/\/impresiondigitalgranformato.es\/producto\/cartel-economico-aluminio-dibond\/","url":"https:\/\/impresiondigitalgranformato.es\/producto\/cartel-economico-aluminio-dibond\/","name":"G\u00fcnstiges Alu-Dibond-Poster - Das g\u00fcnstigste - kostenloser Versand","isPartOf":{"@id":"https:\/\/impresiondigitalgranformato.es\/#website"},"primaryImageOfPage":{"@id":"https:\/\/impresiondigitalgranformato.es\/producto\/cartel-economico-aluminio-dibond\/#primaryimage"},"image":{"@id":"https:\/\/impresiondigitalgranformato.es\/producto\/cartel-economico-aluminio-dibond\/#primaryimage"},"thumbnailUrl":"https:\/\/i0.wp.com\/impresiondigitalgranformato.es\/wp-content\/uploads\/2025\/08\/cartel-economico-aluminio-dibond.jpg?fit=1260%2C1260&ssl=1","datePublished":"2025-09-02T16:21:08+00:00","dateModified":"2025-09-02T16:21:09+00:00","description":"Preisg\u00fcnstiges Dibond-Aluminiumschild mit hochwertigem ein- oder beidseitigem Druck. Der Star des Pakets dank seiner Vielseitigkeit und niedrigen Kosten. Kostenloser Versand.","breadcrumb":{"@id":"https:\/\/impresiondigitalgranformato.es\/producto\/cartel-economico-aluminio-dibond\/#breadcrumb"},"inLanguage":"de","potentialAction":[{"@type":"ReadAction","target":["https:\/\/impresiondigitalgranformato.es\/producto\/cartel-economico-aluminio-dibond\/"]}]},{"@type":"ImageObject","inLanguage":"de","@id":"https:\/\/impresiondigitalgranformato.es\/producto\/cartel-economico-aluminio-dibond\/#primaryimage","url":"https:\/\/i0.wp.com\/impresiondigitalgranformato.es\/wp-content\/uploads\/2025\/08\/cartel-economico-aluminio-dibond.jpg?fit=1260%2C1260&ssl=1","contentUrl":"https:\/\/i0.wp.com\/impresiondigitalgranformato.es\/wp-content\/uploads\/2025\/08\/cartel-economico-aluminio-dibond.jpg?fit=1260%2C1260&ssl=1","width":1260,"height":1260,"caption":"Cartel econ\u00f3mico aluminio dibond"},{"@type":"BreadcrumbList","@id":"https:\/\/impresiondigitalgranformato.es\/producto\/cartel-economico-aluminio-dibond\/#breadcrumb","itemListElement":[{"@type":"ListItem","position":1,"name":"Portada","item":"https:\/\/impresiondigitalgranformato.es\/"},{"@type":"ListItem","position":2,"name":"Productos","item":"https:\/\/impresiondigitalgranformato.es\/venta-roll-up-banner\/"},{"@type":"ListItem","position":3,"name":"Cartel econ\u00f3mico aluminio dibond"}]},{"@type":"WebSite","@id":"https:\/\/impresiondigitalgranformato.es\/#website","url":"https:\/\/impresiondigitalgranformato.es\/","name":"Die billigsten","description":"Gro\u00dfformatiger Digitaldruck Verkauf von Roll-ups, Bannern, Flaggen, Fahnen, Planen, Postern, Displays, Anzeigen","publisher":{"@id":"https:\/\/impresiondigitalgranformato.es\/#organization"},"potentialAction":[{"@type":"SearchAction","target":{"@type":"EntryPoint","urlTemplate":"https:\/\/impresiondigitalgranformato.es\/?s={search_term_string}"},"query-input":{"@type":"PropertyValueSpecification","valueRequired":true,"valueName":"search_term_string"}}],"inLanguage":"de"},{"@type":"Organization","@id":"https:\/\/impresiondigitalgranformato.es\/#organization","name":"Die billigsten","url":"https:\/\/impresiondigitalgranformato.es\/","logo":{"@type":"ImageObject","inLanguage":"de","@id":"https:\/\/impresiondigitalgranformato.es\/#\/schema\/logo\/image\/","url":"https:\/\/i0.wp.com\/impresiondigitalgranformato.es\/wp-content\/uploads\/2016\/12\/cropped-logotipo-2-e1483373659766.png?fit=500%2C101&ssl=1","contentUrl":"https:\/\/i0.wp.com\/impresiondigitalgranformato.es\/wp-content\/uploads\/2016\/12\/cropped-logotipo-2-e1483373659766.png?fit=500%2C101&ssl=1","width":500,"height":101,"caption":"Los + baratos"},"image":{"@id":"https:\/\/impresiondigitalgranformato.es\/#\/schema\/logo\/image\/"}}]}},"jetpack_sharing_enabled":true,"_links":{"self":[{"href":"https:\/\/impresiondigitalgranformato.es\/de\/wp-json\/wp\/v2\/product\/17941","targetHints":{"allow":["GET"]}}],"collection":[{"href":"https:\/\/impresiondigitalgranformato.es\/de\/wp-json\/wp\/v2\/product"}],"about":[{"href":"https:\/\/impresiondigitalgranformato.es\/de\/wp-json\/wp\/v2\/types\/product"}],"replies":[{"embeddable":true,"href":"https:\/\/impresiondigitalgranformato.es\/de\/wp-json\/wp\/v2\/comments?post=17941"}],"wp:featuredmedia":[{"embeddable":true,"href":"https:\/\/impresiondigitalgranformato.es\/de\/wp-json\/wp\/v2\/media\/17938"}],"wp:attachment":[{"href":"https:\/\/impresiondigitalgranformato.es\/de\/wp-json\/wp\/v2\/media?parent=17941"}],"wp:term":[{"taxonomy":"product_brand","embeddable":true,"href":"https:\/\/impresiondigitalgranformato.es\/de\/wp-json\/wp\/v2\/product_brand?post=17941"},{"taxonomy":"product_cat","embeddable":true,"href":"https:\/\/impresiondigitalgranformato.es\/de\/wp-json\/wp\/v2\/product_cat?post=17941"},{"taxonomy":"product_tag","embeddable":true,"href":"https:\/\/impresiondigitalgranformato.es\/de\/wp-json\/wp\/v2\/product_tag?post=17941"}],"curies":[{"name":"wp","href":"https:\/\/api.w.org\/{rel}","templated":true}]}}