{"id":4906,"date":"2019-01-21T19:29:47","date_gmt":"2019-01-21T18:29:47","guid":{"rendered":"http:\/\/impresiondigitalgranformato.es\/?post_type=product&#038;p=4906"},"modified":"2025-07-04T18:25:14","modified_gmt":"2025-07-04T16:25:14","slug":"roll-up-barato-85-x-200-cm","status":"publish","type":"product","link":"https:\/\/impresiondigitalgranformato.es\/de\/producto\/roll-up-barato-85-x-200-cm\/","title":{"rendered":"Rollup 85 x 200 cm Premium"},"content":{"rendered":"<p>G\u00fcnstige Roll up 85 x 200 cm mit Aluminiumrahmen und <strong>unteres Flechtwerk<\/strong>\u00a0f\u00fcr eine bessere Stabilit\u00e4t.<\/p>\n<p>Grafik, die mit digitaler Drucktechnik auf 450 g\/m\u00b2 PVC-Gewebe gedruckt wurde.<\/p>\n<p>inklusive Transporttasche.\u00a0<strong>GEPOLSTERT.<\/strong><\/p>\n<p>Die Struktur des Rollups besteht aus Aluminium mit\u00a0<strong>unteres Flechtwerk<\/strong> um die Stabilit\u00e4t Ihres Roll-Ups durch sein Gewicht zu verbessern.<\/p>\n<p>Die\u00a0<strong>Abdeckung ist gepolstert<\/strong> f\u00fcr eine bessere Haltbarkeit des Roll-Ups beim Transport, so haben Sie das g\u00fcnstige 85x200 cm Roll-Up immer in optimalem Zustand zur Pr\u00e4sentation.<\/p>\n<p>Das bedruckte, faltbare Plakat mit den Ma\u00dfen 85 cm Breite und 200 cm H\u00f6he ist in digitaler Vollfarbdrucktechnik auf 450 g\/m\u00b2 satinierter PVC-Gewebe hergestellt.<\/p>\n<p>Der Auf- und Abbau des Rollups ist schnell und einfach erledigt, sehen Sie es in unserem <a href=\"https:\/\/youtu.be\/lFcLD--zvN0\" target=\"_blank\" rel=\"noopener\">Video<\/a>.<\/p>\n<p>Wenn Sie an dieser Art von Struktur interessiert sind, sie aber in einer anderen Gr\u00f6\u00dfe ben\u00f6tigen, besuchen Sie uns und kaufen Sie in unserem <a href=\"https:\/\/impresiondigitalgranformato.es\/de\/produkt\/rollup-premium-economico\/\">Premium-Rollup-Bereich<\/a>.<\/p>\n<p>&nbsp;<\/p>\n<p><span style=\"color: #ff0000;\">MENGENRABATTE !!!<\/span><\/p>\n<p><strong>Dieses Produkt kann innerhalb von 24 Stunden* geliefert werden.<\/strong><\/p>\n<p data-pbs-phone-margin-bottom=\"18px\"><span style=\"color: #000080;\"><strong>Verschiedene Arten von Sendungen:<\/strong><\/span><\/p>\n<p data-pbs-phone-margin-bottom=\"18px\"><strong>Produktion und Lieferung innerhalb von 8 Arbeitstagen<\/strong><\/p>\n<p data-pbs-phone-margin-bottom=\"18px\"><strong>Produktion und Lieferung innerhalb von 4 Arbeitstagen<\/strong><\/p>\n<p data-pbs-phone-margin-top=\"1px\"><strong>Produktion und Lieferung innerhalb von 2 Arbeitstagen<\/strong><\/p>\n<p data-pbs-phone-margin-top=\"1px\"><strong>Produktion und Lieferung innerhalb von 1 Arbeitstag<\/strong>\u00a0(*dieser Service gilt nur f\u00fcr Bestellungen, die vor 11.30 Uhr des laufenden Tages best\u00e4tigt werden).<\/p>\n<p>&nbsp;<\/p>","protected":false},"excerpt":{"rendered":"<p>Die Struktur des Rollups ist aus robustem Aluminium gefertigt mit <strong>unteres Flechtwerk<\/strong>\u00a0um die Stabilit\u00e4t dank ihres Gewichts zu verbessern.<\/p>\n<p>Die\u00a0<strong>Abdeckung ist gepolstert<\/strong>\u00a0f\u00fcr eine bessere Haltbarkeit des Rollators beim Transport.<\/p>\n<p>Das bedruckte, faltbare Plakat mit den Ma\u00dfen 85 cm Breite und 200 cm H\u00f6he ist in digitaler Vollfarbdrucktechnik auf 450 g\/m\u00b2 satinierter PVC-Gewebe hergestellt.<\/p>\n<p><span style=\"color: #ff0000;\">MENGENRABATTE !!!<\/span><\/p>\n<p><strong>---<\/strong><\/p>\n<p>Dieses Produkt kann innerhalb von 24 Stunden geliefert werden<strong>*<\/strong><\/p>\n<p><a href=\"https:\/\/impresiondigitalgranformato.es\/de\/aufrollen\/\"><img loading=\"lazy\" decoding=\"async\" class=\"size-full wp-image-12936 alignnone\" src=\"https:\/\/impresiondigitalgranformato.es\/wp-content\/uploads\/2019\/09\/impresion-digital-mas-modelos.png\" alt=\"Digitaldruck weitere Modelle\" width=\"468\" height=\"61\" srcset=\"https:\/\/i0.wp.com\/impresiondigitalgranformato.es\/wp-content\/uploads\/2019\/09\/impresion-digital-mas-modelos.png?w=468&amp;ssl=1 468w, https:\/\/i0.wp.com\/impresiondigitalgranformato.es\/wp-content\/uploads\/2019\/09\/impresion-digital-mas-modelos.png?resize=100%2C13&amp;ssl=1 100w, https:\/\/i0.wp.com\/impresiondigitalgranformato.es\/wp-content\/uploads\/2019\/09\/impresion-digital-mas-modelos.png?resize=150%2C20&amp;ssl=1 150w, https:\/\/i0.wp.com\/impresiondigitalgranformato.es\/wp-content\/uploads\/2019\/09\/impresion-digital-mas-modelos.png?resize=200%2C26&amp;ssl=1 200w, https:\/\/i0.wp.com\/impresiondigitalgranformato.es\/wp-content\/uploads\/2019\/09\/impresion-digital-mas-modelos.png?resize=300%2C39&amp;ssl=1 300w, https:\/\/i0.wp.com\/impresiondigitalgranformato.es\/wp-content\/uploads\/2019\/09\/impresion-digital-mas-modelos.png?resize=450%2C59&amp;ssl=1 450w\" sizes=\"auto, (max-width: 468px) 100vw, 468px\" \/><\/a><\/p>","protected":false},"featured_media":9415,"comment_status":"open","ping_status":"closed","template":"","meta":[],"product_brand":[],"product_cat":[78,24],"product_tag":[],"class_list":{"0":"post-4906","1":"product","2":"type-product","3":"status-publish","4":"has-post-thumbnail","6":"product_cat-rollup-banner-photocall-carteles-lona-impresion-economicos","7":"product_cat-roll-up-baratos","9":"first","10":"instock","11":"sold-individually","12":"taxable","13":"shipping-taxable","14":"purchasable","15":"product-type-simple"},"yoast_head":"<!-- This site is optimized with the Yoast SEO plugin v27.4 - https:\/\/yoast.com\/product\/yoast-seo-wordpress\/ -->\n<title>roll up barato - rollup 85 x 200 cm Premium - Env\u00edo Gratis - Los + baratos<\/title>\n<meta name=\"description\" content=\"Roll up barato de 85 x 200 cm. Con Env\u00edo Gratis desde la 1\u00aa unidad. Estructura de Aluminio y gr\u00e1fica en lona con funda de transporte acolchada\" \/>\n<meta name=\"robots\" content=\"index, follow, max-snippet:-1, max-image-preview:large, max-video-preview:-1\" \/>\n<link rel=\"canonical\" href=\"https:\/\/impresiondigitalgranformato.es\/de\/produkt\/roll-up-barato-85-x-200-cm\/\" \/>\n<meta property=\"og:locale\" content=\"de_DE\" \/>\n<meta property=\"og:type\" content=\"article\" \/>\n<meta property=\"og:title\" content=\"roll up barato - rollup 85 x 200 cm Premium - Env\u00edo Gratis - Los + baratos\" \/>\n<meta property=\"og:description\" content=\"Roll up barato de 85 x 200 cm. Con Env\u00edo Gratis desde la 1\u00aa unidad. Estructura de Aluminio y gr\u00e1fica en lona con funda de transporte acolchada\" \/>\n<meta property=\"og:url\" content=\"https:\/\/impresiondigitalgranformato.es\/de\/produkt\/roll-up-barato-85-x-200-cm\/\" \/>\n<meta property=\"og:site_name\" content=\"Los + baratos\" \/>\n<meta property=\"article:modified_time\" content=\"2025-07-04T16:25:14+00:00\" \/>\n<meta property=\"og:image\" content=\"http:\/\/impresiondigitalgranformato.es\/wp-content\/uploads\/2019\/01\/roll-up-85-x-200.png\" \/>\n\t<meta property=\"og:image:width\" content=\"630\" \/>\n\t<meta property=\"og:image:height\" content=\"630\" \/>\n\t<meta property=\"og:image:type\" content=\"image\/png\" \/>\n<meta name=\"twitter:card\" content=\"summary_large_image\" \/>\n<meta name=\"twitter:label1\" content=\"Gesch\u00e4tzte Lesezeit\" \/>\n\t<meta name=\"twitter:data1\" content=\"2\u00a0Minuten\" \/>\n<script type=\"application\/ld+json\" class=\"yoast-schema-graph\">{\"@context\":\"https:\\\/\\\/schema.org\",\"@graph\":[{\"@type\":\"WebPage\",\"@id\":\"https:\\\/\\\/impresiondigitalgranformato.es\\\/producto\\\/roll-up-barato-85-x-200-cm\\\/\",\"url\":\"https:\\\/\\\/impresiondigitalgranformato.es\\\/producto\\\/roll-up-barato-85-x-200-cm\\\/\",\"name\":\"roll up barato - rollup 85 x 200 cm Premium - Env\u00edo Gratis - Los + baratos\",\"isPartOf\":{\"@id\":\"https:\\\/\\\/impresiondigitalgranformato.es\\\/#website\"},\"primaryImageOfPage\":{\"@id\":\"https:\\\/\\\/impresiondigitalgranformato.es\\\/producto\\\/roll-up-barato-85-x-200-cm\\\/#primaryimage\"},\"image\":{\"@id\":\"https:\\\/\\\/impresiondigitalgranformato.es\\\/producto\\\/roll-up-barato-85-x-200-cm\\\/#primaryimage\"},\"thumbnailUrl\":\"https:\\\/\\\/i0.wp.com\\\/impresiondigitalgranformato.es\\\/wp-content\\\/uploads\\\/2019\\\/01\\\/roll-up-85-x-200.png?fit=630%2C630&ssl=1\",\"datePublished\":\"2019-01-21T18:29:47+00:00\",\"dateModified\":\"2025-07-04T16:25:14+00:00\",\"description\":\"Roll up barato de 85 x 200 cm. Con Env\u00edo Gratis desde la 1\u00aa unidad. Estructura de Aluminio y gr\u00e1fica en lona con funda de transporte acolchada\",\"breadcrumb\":{\"@id\":\"https:\\\/\\\/impresiondigitalgranformato.es\\\/producto\\\/roll-up-barato-85-x-200-cm\\\/#breadcrumb\"},\"inLanguage\":\"de\",\"potentialAction\":[{\"@type\":\"ReadAction\",\"target\":[\"https:\\\/\\\/impresiondigitalgranformato.es\\\/producto\\\/roll-up-barato-85-x-200-cm\\\/\"]}]},{\"@type\":\"ImageObject\",\"inLanguage\":\"de\",\"@id\":\"https:\\\/\\\/impresiondigitalgranformato.es\\\/producto\\\/roll-up-barato-85-x-200-cm\\\/#primaryimage\",\"url\":\"https:\\\/\\\/i0.wp.com\\\/impresiondigitalgranformato.es\\\/wp-content\\\/uploads\\\/2019\\\/01\\\/roll-up-85-x-200.png?fit=630%2C630&ssl=1\",\"contentUrl\":\"https:\\\/\\\/i0.wp.com\\\/impresiondigitalgranformato.es\\\/wp-content\\\/uploads\\\/2019\\\/01\\\/roll-up-85-x-200.png?fit=630%2C630&ssl=1\",\"width\":630,\"height\":630,\"caption\":\"roll up barato\"},{\"@type\":\"BreadcrumbList\",\"@id\":\"https:\\\/\\\/impresiondigitalgranformato.es\\\/producto\\\/roll-up-barato-85-x-200-cm\\\/#breadcrumb\",\"itemListElement\":[{\"@type\":\"ListItem\",\"position\":1,\"name\":\"Portada\",\"item\":\"https:\\\/\\\/impresiondigitalgranformato.es\\\/\"},{\"@type\":\"ListItem\",\"position\":2,\"name\":\"Productos\",\"item\":\"https:\\\/\\\/impresiondigitalgranformato.es\\\/venta-roll-up-banner\\\/\"},{\"@type\":\"ListItem\",\"position\":3,\"name\":\"rollup 85 x 200 cm Premium\"}]},{\"@type\":\"WebSite\",\"@id\":\"https:\\\/\\\/impresiondigitalgranformato.es\\\/#website\",\"url\":\"https:\\\/\\\/impresiondigitalgranformato.es\\\/\",\"name\":\"Los + baratos\",\"description\":\"impresi\u00f3n digital gran formato venta de roll up, banner, banderas, lonas, carteles, displays, publicidad\",\"publisher\":{\"@id\":\"https:\\\/\\\/impresiondigitalgranformato.es\\\/#organization\"},\"potentialAction\":[{\"@type\":\"SearchAction\",\"target\":{\"@type\":\"EntryPoint\",\"urlTemplate\":\"https:\\\/\\\/impresiondigitalgranformato.es\\\/?s={search_term_string}\"},\"query-input\":{\"@type\":\"PropertyValueSpecification\",\"valueRequired\":true,\"valueName\":\"search_term_string\"}}],\"inLanguage\":\"de\"},{\"@type\":\"Organization\",\"@id\":\"https:\\\/\\\/impresiondigitalgranformato.es\\\/#organization\",\"name\":\"Los + baratos\",\"url\":\"https:\\\/\\\/impresiondigitalgranformato.es\\\/\",\"logo\":{\"@type\":\"ImageObject\",\"inLanguage\":\"de\",\"@id\":\"https:\\\/\\\/impresiondigitalgranformato.es\\\/#\\\/schema\\\/logo\\\/image\\\/\",\"url\":\"https:\\\/\\\/i0.wp.com\\\/impresiondigitalgranformato.es\\\/wp-content\\\/uploads\\\/2016\\\/12\\\/cropped-logotipo-2-e1483373659766.png?fit=500%2C101&ssl=1\",\"contentUrl\":\"https:\\\/\\\/i0.wp.com\\\/impresiondigitalgranformato.es\\\/wp-content\\\/uploads\\\/2016\\\/12\\\/cropped-logotipo-2-e1483373659766.png?fit=500%2C101&ssl=1\",\"width\":500,\"height\":101,\"caption\":\"Los + baratos\"},\"image\":{\"@id\":\"https:\\\/\\\/impresiondigitalgranformato.es\\\/#\\\/schema\\\/logo\\\/image\\\/\"}}]}<\/script>\n<!-- \/ Yoast SEO plugin. -->","yoast_head_json":{"title":"G\u00fcnstige Rollups - Rollup 85 x 200 cm Premium - Kostenloser Versand - Die G\u00fcnstigen","description":"G\u00fcnstige Roll up von 85 x 200 cm. Kostenloser Versand ab der 1. Einheit. Aluminiumstruktur und Grafik auf Segeltuch mit gepolsterter Transporttasche","robots":{"index":"index","follow":"follow","max-snippet":"max-snippet:-1","max-image-preview":"max-image-preview:large","max-video-preview":"max-video-preview:-1"},"canonical":"https:\/\/impresiondigitalgranformato.es\/de\/produkt\/roll-up-barato-85-x-200-cm\/","og_locale":"de_DE","og_type":"article","og_title":"roll up barato - rollup 85 x 200 cm Premium - Env\u00edo Gratis - Los + baratos","og_description":"Roll up barato de 85 x 200 cm. Con Env\u00edo Gratis desde la 1\u00aa unidad. Estructura de Aluminio y gr\u00e1fica en lona con funda de transporte acolchada","og_url":"https:\/\/impresiondigitalgranformato.es\/de\/produkt\/roll-up-barato-85-x-200-cm\/","og_site_name":"Los + baratos","article_modified_time":"2025-07-04T16:25:14+00:00","og_image":[{"width":630,"height":630,"url":"http:\/\/impresiondigitalgranformato.es\/wp-content\/uploads\/2019\/01\/roll-up-85-x-200.png","type":"image\/png"}],"twitter_card":"summary_large_image","twitter_misc":{"Gesch\u00e4tzte Lesezeit":"2\u00a0Minuten"},"schema":{"@context":"https:\/\/schema.org","@graph":[{"@type":"WebPage","@id":"https:\/\/impresiondigitalgranformato.es\/producto\/roll-up-barato-85-x-200-cm\/","url":"https:\/\/impresiondigitalgranformato.es\/producto\/roll-up-barato-85-x-200-cm\/","name":"G\u00fcnstige Rollups - Rollup 85 x 200 cm Premium - Kostenloser Versand - Die G\u00fcnstigen","isPartOf":{"@id":"https:\/\/impresiondigitalgranformato.es\/#website"},"primaryImageOfPage":{"@id":"https:\/\/impresiondigitalgranformato.es\/producto\/roll-up-barato-85-x-200-cm\/#primaryimage"},"image":{"@id":"https:\/\/impresiondigitalgranformato.es\/producto\/roll-up-barato-85-x-200-cm\/#primaryimage"},"thumbnailUrl":"https:\/\/i0.wp.com\/impresiondigitalgranformato.es\/wp-content\/uploads\/2019\/01\/roll-up-85-x-200.png?fit=630%2C630&ssl=1","datePublished":"2019-01-21T18:29:47+00:00","dateModified":"2025-07-04T16:25:14+00:00","description":"G\u00fcnstige Roll up von 85 x 200 cm. Kostenloser Versand ab der 1. Einheit. Aluminiumstruktur und Grafik auf Segeltuch mit gepolsterter Transporttasche","breadcrumb":{"@id":"https:\/\/impresiondigitalgranformato.es\/producto\/roll-up-barato-85-x-200-cm\/#breadcrumb"},"inLanguage":"de","potentialAction":[{"@type":"ReadAction","target":["https:\/\/impresiondigitalgranformato.es\/producto\/roll-up-barato-85-x-200-cm\/"]}]},{"@type":"ImageObject","inLanguage":"de","@id":"https:\/\/impresiondigitalgranformato.es\/producto\/roll-up-barato-85-x-200-cm\/#primaryimage","url":"https:\/\/i0.wp.com\/impresiondigitalgranformato.es\/wp-content\/uploads\/2019\/01\/roll-up-85-x-200.png?fit=630%2C630&ssl=1","contentUrl":"https:\/\/i0.wp.com\/impresiondigitalgranformato.es\/wp-content\/uploads\/2019\/01\/roll-up-85-x-200.png?fit=630%2C630&ssl=1","width":630,"height":630,"caption":"roll up barato"},{"@type":"BreadcrumbList","@id":"https:\/\/impresiondigitalgranformato.es\/producto\/roll-up-barato-85-x-200-cm\/#breadcrumb","itemListElement":[{"@type":"ListItem","position":1,"name":"Portada","item":"https:\/\/impresiondigitalgranformato.es\/"},{"@type":"ListItem","position":2,"name":"Productos","item":"https:\/\/impresiondigitalgranformato.es\/venta-roll-up-banner\/"},{"@type":"ListItem","position":3,"name":"rollup 85 x 200 cm Premium"}]},{"@type":"WebSite","@id":"https:\/\/impresiondigitalgranformato.es\/#website","url":"https:\/\/impresiondigitalgranformato.es\/","name":"Die billigsten","description":"Gro\u00dfformatiger Digitaldruck Verkauf von Roll-ups, Bannern, Flaggen, Fahnen, Planen, Postern, Displays, Anzeigen","publisher":{"@id":"https:\/\/impresiondigitalgranformato.es\/#organization"},"potentialAction":[{"@type":"SearchAction","target":{"@type":"EntryPoint","urlTemplate":"https:\/\/impresiondigitalgranformato.es\/?s={search_term_string}"},"query-input":{"@type":"PropertyValueSpecification","valueRequired":true,"valueName":"search_term_string"}}],"inLanguage":"de"},{"@type":"Organization","@id":"https:\/\/impresiondigitalgranformato.es\/#organization","name":"Die billigsten","url":"https:\/\/impresiondigitalgranformato.es\/","logo":{"@type":"ImageObject","inLanguage":"de","@id":"https:\/\/impresiondigitalgranformato.es\/#\/schema\/logo\/image\/","url":"https:\/\/i0.wp.com\/impresiondigitalgranformato.es\/wp-content\/uploads\/2016\/12\/cropped-logotipo-2-e1483373659766.png?fit=500%2C101&ssl=1","contentUrl":"https:\/\/i0.wp.com\/impresiondigitalgranformato.es\/wp-content\/uploads\/2016\/12\/cropped-logotipo-2-e1483373659766.png?fit=500%2C101&ssl=1","width":500,"height":101,"caption":"Los + baratos"},"image":{"@id":"https:\/\/impresiondigitalgranformato.es\/#\/schema\/logo\/image\/"}}]}},"jetpack_sharing_enabled":true,"_links":{"self":[{"href":"https:\/\/impresiondigitalgranformato.es\/de\/wp-json\/wp\/v2\/product\/4906","targetHints":{"allow":["GET"]}}],"collection":[{"href":"https:\/\/impresiondigitalgranformato.es\/de\/wp-json\/wp\/v2\/product"}],"about":[{"href":"https:\/\/impresiondigitalgranformato.es\/de\/wp-json\/wp\/v2\/types\/product"}],"replies":[{"embeddable":true,"href":"https:\/\/impresiondigitalgranformato.es\/de\/wp-json\/wp\/v2\/comments?post=4906"}],"wp:featuredmedia":[{"embeddable":true,"href":"https:\/\/impresiondigitalgranformato.es\/de\/wp-json\/wp\/v2\/media\/9415"}],"wp:attachment":[{"href":"https:\/\/impresiondigitalgranformato.es\/de\/wp-json\/wp\/v2\/media?parent=4906"}],"wp:term":[{"taxonomy":"product_brand","embeddable":true,"href":"https:\/\/impresiondigitalgranformato.es\/de\/wp-json\/wp\/v2\/product_brand?post=4906"},{"taxonomy":"product_cat","embeddable":true,"href":"https:\/\/impresiondigitalgranformato.es\/de\/wp-json\/wp\/v2\/product_cat?post=4906"},{"taxonomy":"product_tag","embeddable":true,"href":"https:\/\/impresiondigitalgranformato.es\/de\/wp-json\/wp\/v2\/product_tag?post=4906"}],"curies":[{"name":"wp","href":"https:\/\/api.w.org\/{rel}","templated":true}]}}