{"id":5447,"date":"2019-09-04T19:04:04","date_gmt":"2019-09-04T17:04:04","guid":{"rendered":"http:\/\/impresiondigitalgranformato.es\/?post_type=product&#038;p=5447"},"modified":"2025-07-04T18:09:10","modified_gmt":"2025-07-04T16:09:10","slug":"standard-economy-rollup","status":"publish","type":"product","link":"https:\/\/impresiondigitalgranformato.es\/de\/producto\/rollup-economico-estandar\/","title":{"rendered":"Standardaufrollung"},"content":{"rendered":"<p><strong>Standard Economy Rollup<\/strong><\/p>\n<p>Aluminium-Struktur<\/p>\n<p>Grafiken digital gedruckt auf 450 gr. gegossener PVC-Leinwand (um ein Rei\u00dfen zu vermeiden).<\/p>\n<p>inklusive Transporttasche.<\/p>\n<p>Dieses kosteng\u00fcnstige Standard-Rollup ist ideal f\u00fcr die Promotion von Produkten und\/oder Dienstleistungen in Gesch\u00e4ften, Wartezimmern, B\u00fcros ...<\/p>\n<p>Obwohl es sich um ein billiges Roll-Up handelt, verleiht ihm seine Aluminiumstruktur eine gro\u00dfe Stabilit\u00e4t und Widerstandsf\u00e4higkeit, seine Grafik besteht aus Segeltuch f\u00fcr eine gr\u00f6\u00dfere Haltbarkeit, wenn es darum geht, die Grafik zu verl\u00e4ngern und zu sammeln.<\/p>\n<p>Inklusive Nylon-Tragetasche.<\/p>\n<p>Je nach Bedarf k\u00f6nnen Sie zwischen verschiedenen Aufrollgr\u00f6\u00dfen w\u00e4hlen (60 x 160 cm, 60 x 200 cm, 80 x 200 cm, 85 x 200 cm, 100 x 200 cm und 120 x 200 cm).<\/p>\n<h4>Dieses Rollup-Modell<\/h4>\n<p>Es ist der Bestseller, da seine Qualit\u00e4t weit \u00fcber seinen niedrigen Preis hinausgeht. Seine Verwendung ist f\u00fcr die Anzeige in Gesch\u00e4ften, Einkaufszentren, B\u00fcros bestimmt ... aber wenn die Idee ist, dass das Rollup von einem Ort zum anderen reist, empfehlen wir Ihnen, das Modell zu kaufen <a href=\"https:\/\/impresiondigitalgranformato.es\/de\/produkt\/rollup-premium-economico\/\" target=\"_blank\" rel=\"noopener\">PREMIUM<\/a>. Dieses Modell ist viel haltbarer, da seine Struktur viel st\u00e4rker ist, auch seine Qualit\u00e4t \u00fcbertrifft bei weitem seinen niedrigen Preis.<\/p>\n<p>Montieren Sie das Roll-Up und zerlegen Sie es in weniger als 1 Minute siehe unser <a href=\"https:\/\/youtu.be\/CzxTezp89kc\" target=\"_blank\" rel=\"noopener\">Montagevideo<\/a>.<\/p>\n<p><span style=\"color: #ff0000;\">MENGENRABATTE !!!<\/span><\/p>\n<p><strong>Dieses Produkt kann innerhalb von 24 Stunden* geliefert werden.<\/strong><\/p>\n<p><strong>***<\/strong> aus der 1. Einheit<\/p>\n<p data-pbs-phone-margin-bottom=\"18px\"><span style=\"color: #000080;\"><strong>Verschiedene Arten von Sendungen:<\/strong><\/span><\/p>\n<p data-pbs-phone-margin-bottom=\"18px\"><strong>Produktion und Lieferung innerhalb von 1 Arbeitstag <\/strong>(*dieser Service gilt nur f\u00fcr Bestellungen, die vor 11.30 Uhr des laufenden Tages best\u00e4tigt werden).<\/p>\n<p data-pbs-phone-margin-bottom=\"18px\"><strong>Produktion und Lieferung innerhalb von 2 Arbeitstagen<\/strong><\/p>\n<p data-pbs-phone-margin-bottom=\"18px\"><strong>Produktion und Lieferung innerhalb von 4 Arbeitstagen<\/strong><\/p>\n<p data-pbs-phone-margin-bottom=\"18px\"><strong>Produktion und Lieferung innerhalb von 8 Arbeitstagen<\/strong><\/p>\n<p data-pbs-phone-margin-bottom=\"18px\">","protected":false},"excerpt":{"rendered":"<p>&nbsp;<\/p>\n<h3>DER VERKAUFSSCHLAGER!<\/h3>\n<p>Dieses kosteng\u00fcnstige Rollup ist ideal f\u00fcr die Promotion von Produkten und\/oder Dienstleistungen in Gesch\u00e4ften, Wartezimmern, B\u00fcros, ...<\/p>\n<p>Obwohl es sich um ein billiges Roll-Up handelt, verleiht ihm seine Aluminiumstruktur eine gro\u00dfe Stabilit\u00e4t und Widerstandsf\u00e4higkeit, seine Grafik besteht aus Segeltuch f\u00fcr eine gr\u00f6\u00dfere Haltbarkeit, wenn es darum geht, die Grafik zu verl\u00e4ngern und zu sammeln.<\/p>\n<p>Inklusive Nylon-Tragetasche.<\/p>\n<p><span style=\"color: #ff0000;\">MENGENRABATTE !!!\u00a0<\/span><\/p>\n<p><strong>(siehe Preistabelle)<\/strong><\/p>\n<p><strong>-<\/strong>\u00a0aus der 1. Einheit<\/p>\n<p>Dieses Produkt kann innerhalb von 24 Stunden geliefert werden<strong>*<\/strong><\/p>\n<p><a href=\"https:\/\/impresiondigitalgranformato.es\/de\/aufrollen\/\"><img loading=\"lazy\" decoding=\"async\" class=\"size-full wp-image-12936 aligncenter\" src=\"https:\/\/impresiondigitalgranformato.es\/wp-content\/uploads\/2019\/09\/impresion-digital-mas-modelos.png\" alt=\"Digitaldruck weitere Modelle\" width=\"468\" height=\"61\" srcset=\"https:\/\/i0.wp.com\/impresiondigitalgranformato.es\/wp-content\/uploads\/2019\/09\/impresion-digital-mas-modelos.png?w=468&amp;ssl=1 468w, https:\/\/i0.wp.com\/impresiondigitalgranformato.es\/wp-content\/uploads\/2019\/09\/impresion-digital-mas-modelos.png?resize=100%2C13&amp;ssl=1 100w, https:\/\/i0.wp.com\/impresiondigitalgranformato.es\/wp-content\/uploads\/2019\/09\/impresion-digital-mas-modelos.png?resize=150%2C20&amp;ssl=1 150w, https:\/\/i0.wp.com\/impresiondigitalgranformato.es\/wp-content\/uploads\/2019\/09\/impresion-digital-mas-modelos.png?resize=200%2C26&amp;ssl=1 200w, https:\/\/i0.wp.com\/impresiondigitalgranformato.es\/wp-content\/uploads\/2019\/09\/impresion-digital-mas-modelos.png?resize=300%2C39&amp;ssl=1 300w, https:\/\/i0.wp.com\/impresiondigitalgranformato.es\/wp-content\/uploads\/2019\/09\/impresion-digital-mas-modelos.png?resize=450%2C59&amp;ssl=1 450w\" sizes=\"auto, (max-width: 468px) 100vw, 468px\" \/><\/a><\/p>","protected":false},"featured_media":5448,"comment_status":"open","ping_status":"closed","template":"","meta":[],"product_brand":[],"product_cat":[24],"product_tag":[],"class_list":{"0":"post-5447","1":"product","2":"type-product","3":"status-publish","4":"has-post-thumbnail","6":"product_cat-roll-up-baratos","8":"first","9":"instock","10":"sold-individually","11":"taxable","12":"shipping-taxable","13":"purchasable","14":"product-type-simple"},"yoast_head":"<!-- This site is optimized with the Yoast SEO plugin v27.4 - https:\/\/yoast.com\/product\/yoast-seo-wordpress\/ -->\n<title>Rollup Econ\u00f3mico Est\u00e1ndar - Env\u00edo Gratuito - Los + baratos - desde 23 \u20ac<\/title>\n<meta name=\"description\" content=\"Rollup econ\u00f3mico est\u00e1ndar, estructura de Aluminio, grafica del Rollup econ\u00f3mico realizada en impresion digital de alta calidad, bolsa de transporte en nyl\u00f3n\" \/>\n<meta name=\"robots\" content=\"index, follow, max-snippet:-1, max-image-preview:large, max-video-preview:-1\" \/>\n<link rel=\"canonical\" href=\"https:\/\/impresiondigitalgranformato.es\/de\/produkt\/standard-economy-rollup\/\" \/>\n<meta property=\"og:locale\" content=\"de_DE\" \/>\n<meta property=\"og:type\" content=\"article\" \/>\n<meta property=\"og:title\" content=\"Rollup Econ\u00f3mico Est\u00e1ndar - Env\u00edo Gratuito - Los + baratos - desde 23 \u20ac\" \/>\n<meta property=\"og:description\" content=\"Rollup econ\u00f3mico est\u00e1ndar, estructura de Aluminio, grafica del Rollup econ\u00f3mico realizada en impresion digital de alta calidad, bolsa de transporte en nyl\u00f3n\" \/>\n<meta property=\"og:url\" content=\"https:\/\/impresiondigitalgranformato.es\/de\/produkt\/standard-economy-rollup\/\" \/>\n<meta property=\"og:site_name\" content=\"Los + baratos\" \/>\n<meta property=\"article:modified_time\" content=\"2025-07-04T16:09:10+00:00\" \/>\n<meta property=\"og:image\" content=\"http:\/\/impresiondigitalgranformato.es\/wp-content\/uploads\/2019\/09\/rollup-economico-estandar.png\" \/>\n\t<meta property=\"og:image:width\" content=\"473\" \/>\n\t<meta property=\"og:image:height\" content=\"473\" \/>\n\t<meta property=\"og:image:type\" content=\"image\/png\" \/>\n<meta name=\"twitter:card\" content=\"summary_large_image\" \/>\n<meta name=\"twitter:label1\" content=\"Gesch\u00e4tzte Lesezeit\" \/>\n\t<meta name=\"twitter:data1\" content=\"2\u00a0Minuten\" \/>\n<script type=\"application\/ld+json\" class=\"yoast-schema-graph\">{\"@context\":\"https:\\\/\\\/schema.org\",\"@graph\":[{\"@type\":\"WebPage\",\"@id\":\"https:\\\/\\\/impresiondigitalgranformato.es\\\/producto\\\/rollup-economico-estandar\\\/\",\"url\":\"https:\\\/\\\/impresiondigitalgranformato.es\\\/producto\\\/rollup-economico-estandar\\\/\",\"name\":\"Rollup Econ\u00f3mico Est\u00e1ndar - Env\u00edo Gratuito - Los + baratos - desde 23 \u20ac\",\"isPartOf\":{\"@id\":\"https:\\\/\\\/impresiondigitalgranformato.es\\\/#website\"},\"primaryImageOfPage\":{\"@id\":\"https:\\\/\\\/impresiondigitalgranformato.es\\\/producto\\\/rollup-economico-estandar\\\/#primaryimage\"},\"image\":{\"@id\":\"https:\\\/\\\/impresiondigitalgranformato.es\\\/producto\\\/rollup-economico-estandar\\\/#primaryimage\"},\"thumbnailUrl\":\"https:\\\/\\\/i0.wp.com\\\/impresiondigitalgranformato.es\\\/wp-content\\\/uploads\\\/2019\\\/09\\\/rollup-economico-estandar.png?fit=473%2C473&ssl=1\",\"datePublished\":\"2019-09-04T17:04:04+00:00\",\"dateModified\":\"2025-07-04T16:09:10+00:00\",\"description\":\"Rollup econ\u00f3mico est\u00e1ndar, estructura de Aluminio, grafica del Rollup econ\u00f3mico realizada en impresion digital de alta calidad, bolsa de transporte en nyl\u00f3n\",\"breadcrumb\":{\"@id\":\"https:\\\/\\\/impresiondigitalgranformato.es\\\/producto\\\/rollup-economico-estandar\\\/#breadcrumb\"},\"inLanguage\":\"de\",\"potentialAction\":[{\"@type\":\"ReadAction\",\"target\":[\"https:\\\/\\\/impresiondigitalgranformato.es\\\/producto\\\/rollup-economico-estandar\\\/\"]}]},{\"@type\":\"ImageObject\",\"inLanguage\":\"de\",\"@id\":\"https:\\\/\\\/impresiondigitalgranformato.es\\\/producto\\\/rollup-economico-estandar\\\/#primaryimage\",\"url\":\"https:\\\/\\\/i0.wp.com\\\/impresiondigitalgranformato.es\\\/wp-content\\\/uploads\\\/2019\\\/09\\\/rollup-economico-estandar.png?fit=473%2C473&ssl=1\",\"contentUrl\":\"https:\\\/\\\/i0.wp.com\\\/impresiondigitalgranformato.es\\\/wp-content\\\/uploads\\\/2019\\\/09\\\/rollup-economico-estandar.png?fit=473%2C473&ssl=1\",\"width\":473,\"height\":473,\"caption\":\"rollup econ\u00f3mico est\u00e1ndar\"},{\"@type\":\"BreadcrumbList\",\"@id\":\"https:\\\/\\\/impresiondigitalgranformato.es\\\/producto\\\/rollup-economico-estandar\\\/#breadcrumb\",\"itemListElement\":[{\"@type\":\"ListItem\",\"position\":1,\"name\":\"Portada\",\"item\":\"https:\\\/\\\/impresiondigitalgranformato.es\\\/\"},{\"@type\":\"ListItem\",\"position\":2,\"name\":\"Productos\",\"item\":\"https:\\\/\\\/impresiondigitalgranformato.es\\\/venta-roll-up-banner\\\/\"},{\"@type\":\"ListItem\",\"position\":3,\"name\":\"rollup est\u00e1ndar\"}]},{\"@type\":\"WebSite\",\"@id\":\"https:\\\/\\\/impresiondigitalgranformato.es\\\/#website\",\"url\":\"https:\\\/\\\/impresiondigitalgranformato.es\\\/\",\"name\":\"Los + baratos\",\"description\":\"impresi\u00f3n digital gran formato venta de roll up, banner, banderas, lonas, carteles, displays, publicidad\",\"publisher\":{\"@id\":\"https:\\\/\\\/impresiondigitalgranformato.es\\\/#organization\"},\"potentialAction\":[{\"@type\":\"SearchAction\",\"target\":{\"@type\":\"EntryPoint\",\"urlTemplate\":\"https:\\\/\\\/impresiondigitalgranformato.es\\\/?s={search_term_string}\"},\"query-input\":{\"@type\":\"PropertyValueSpecification\",\"valueRequired\":true,\"valueName\":\"search_term_string\"}}],\"inLanguage\":\"de\"},{\"@type\":\"Organization\",\"@id\":\"https:\\\/\\\/impresiondigitalgranformato.es\\\/#organization\",\"name\":\"Los + baratos\",\"url\":\"https:\\\/\\\/impresiondigitalgranformato.es\\\/\",\"logo\":{\"@type\":\"ImageObject\",\"inLanguage\":\"de\",\"@id\":\"https:\\\/\\\/impresiondigitalgranformato.es\\\/#\\\/schema\\\/logo\\\/image\\\/\",\"url\":\"https:\\\/\\\/i0.wp.com\\\/impresiondigitalgranformato.es\\\/wp-content\\\/uploads\\\/2016\\\/12\\\/cropped-logotipo-2-e1483373659766.png?fit=500%2C101&ssl=1\",\"contentUrl\":\"https:\\\/\\\/i0.wp.com\\\/impresiondigitalgranformato.es\\\/wp-content\\\/uploads\\\/2016\\\/12\\\/cropped-logotipo-2-e1483373659766.png?fit=500%2C101&ssl=1\",\"width\":500,\"height\":101,\"caption\":\"Los + baratos\"},\"image\":{\"@id\":\"https:\\\/\\\/impresiondigitalgranformato.es\\\/#\\\/schema\\\/logo\\\/image\\\/\"}}]}<\/script>\n<!-- \/ Yoast SEO plugin. -->","yoast_head_json":{"title":"Economy Standard Rollup - Kostenloser Versand - Das billigste - von 23 \u20ac - von 23 \u20ac","description":"Standard-Economy-Rollup, Aluminiumrahmen, hochwertige digital gedruckte Economy-Rollup-Grafiken, Nylontragetasche.","robots":{"index":"index","follow":"follow","max-snippet":"max-snippet:-1","max-image-preview":"max-image-preview:large","max-video-preview":"max-video-preview:-1"},"canonical":"https:\/\/impresiondigitalgranformato.es\/de\/produkt\/standard-economy-rollup\/","og_locale":"de_DE","og_type":"article","og_title":"Rollup Econ\u00f3mico Est\u00e1ndar - Env\u00edo Gratuito - Los + baratos - desde 23 \u20ac","og_description":"Rollup econ\u00f3mico est\u00e1ndar, estructura de Aluminio, grafica del Rollup econ\u00f3mico realizada en impresion digital de alta calidad, bolsa de transporte en nyl\u00f3n","og_url":"https:\/\/impresiondigitalgranformato.es\/de\/produkt\/standard-economy-rollup\/","og_site_name":"Los + baratos","article_modified_time":"2025-07-04T16:09:10+00:00","og_image":[{"width":473,"height":473,"url":"http:\/\/impresiondigitalgranformato.es\/wp-content\/uploads\/2019\/09\/rollup-economico-estandar.png","type":"image\/png"}],"twitter_card":"summary_large_image","twitter_misc":{"Gesch\u00e4tzte Lesezeit":"2\u00a0Minuten"},"schema":{"@context":"https:\/\/schema.org","@graph":[{"@type":"WebPage","@id":"https:\/\/impresiondigitalgranformato.es\/producto\/rollup-economico-estandar\/","url":"https:\/\/impresiondigitalgranformato.es\/producto\/rollup-economico-estandar\/","name":"Economy Standard Rollup - Kostenloser Versand - Das billigste - von 23 \u20ac - von 23 \u20ac","isPartOf":{"@id":"https:\/\/impresiondigitalgranformato.es\/#website"},"primaryImageOfPage":{"@id":"https:\/\/impresiondigitalgranformato.es\/producto\/rollup-economico-estandar\/#primaryimage"},"image":{"@id":"https:\/\/impresiondigitalgranformato.es\/producto\/rollup-economico-estandar\/#primaryimage"},"thumbnailUrl":"https:\/\/i0.wp.com\/impresiondigitalgranformato.es\/wp-content\/uploads\/2019\/09\/rollup-economico-estandar.png?fit=473%2C473&ssl=1","datePublished":"2019-09-04T17:04:04+00:00","dateModified":"2025-07-04T16:09:10+00:00","description":"Standard-Economy-Rollup, Aluminiumrahmen, hochwertige digital gedruckte Economy-Rollup-Grafiken, Nylontragetasche.","breadcrumb":{"@id":"https:\/\/impresiondigitalgranformato.es\/producto\/rollup-economico-estandar\/#breadcrumb"},"inLanguage":"de","potentialAction":[{"@type":"ReadAction","target":["https:\/\/impresiondigitalgranformato.es\/producto\/rollup-economico-estandar\/"]}]},{"@type":"ImageObject","inLanguage":"de","@id":"https:\/\/impresiondigitalgranformato.es\/producto\/rollup-economico-estandar\/#primaryimage","url":"https:\/\/i0.wp.com\/impresiondigitalgranformato.es\/wp-content\/uploads\/2019\/09\/rollup-economico-estandar.png?fit=473%2C473&ssl=1","contentUrl":"https:\/\/i0.wp.com\/impresiondigitalgranformato.es\/wp-content\/uploads\/2019\/09\/rollup-economico-estandar.png?fit=473%2C473&ssl=1","width":473,"height":473,"caption":"rollup econ\u00f3mico est\u00e1ndar"},{"@type":"BreadcrumbList","@id":"https:\/\/impresiondigitalgranformato.es\/producto\/rollup-economico-estandar\/#breadcrumb","itemListElement":[{"@type":"ListItem","position":1,"name":"Portada","item":"https:\/\/impresiondigitalgranformato.es\/"},{"@type":"ListItem","position":2,"name":"Productos","item":"https:\/\/impresiondigitalgranformato.es\/venta-roll-up-banner\/"},{"@type":"ListItem","position":3,"name":"rollup est\u00e1ndar"}]},{"@type":"WebSite","@id":"https:\/\/impresiondigitalgranformato.es\/#website","url":"https:\/\/impresiondigitalgranformato.es\/","name":"Die billigsten","description":"Gro\u00dfformatiger Digitaldruck Verkauf von Roll-ups, Bannern, Flaggen, Fahnen, Planen, Postern, Displays, Anzeigen","publisher":{"@id":"https:\/\/impresiondigitalgranformato.es\/#organization"},"potentialAction":[{"@type":"SearchAction","target":{"@type":"EntryPoint","urlTemplate":"https:\/\/impresiondigitalgranformato.es\/?s={search_term_string}"},"query-input":{"@type":"PropertyValueSpecification","valueRequired":true,"valueName":"search_term_string"}}],"inLanguage":"de"},{"@type":"Organization","@id":"https:\/\/impresiondigitalgranformato.es\/#organization","name":"Die billigsten","url":"https:\/\/impresiondigitalgranformato.es\/","logo":{"@type":"ImageObject","inLanguage":"de","@id":"https:\/\/impresiondigitalgranformato.es\/#\/schema\/logo\/image\/","url":"https:\/\/i0.wp.com\/impresiondigitalgranformato.es\/wp-content\/uploads\/2016\/12\/cropped-logotipo-2-e1483373659766.png?fit=500%2C101&ssl=1","contentUrl":"https:\/\/i0.wp.com\/impresiondigitalgranformato.es\/wp-content\/uploads\/2016\/12\/cropped-logotipo-2-e1483373659766.png?fit=500%2C101&ssl=1","width":500,"height":101,"caption":"Los + baratos"},"image":{"@id":"https:\/\/impresiondigitalgranformato.es\/#\/schema\/logo\/image\/"}}]}},"jetpack_sharing_enabled":true,"_links":{"self":[{"href":"https:\/\/impresiondigitalgranformato.es\/de\/wp-json\/wp\/v2\/product\/5447","targetHints":{"allow":["GET"]}}],"collection":[{"href":"https:\/\/impresiondigitalgranformato.es\/de\/wp-json\/wp\/v2\/product"}],"about":[{"href":"https:\/\/impresiondigitalgranformato.es\/de\/wp-json\/wp\/v2\/types\/product"}],"replies":[{"embeddable":true,"href":"https:\/\/impresiondigitalgranformato.es\/de\/wp-json\/wp\/v2\/comments?post=5447"}],"wp:featuredmedia":[{"embeddable":true,"href":"https:\/\/impresiondigitalgranformato.es\/de\/wp-json\/wp\/v2\/media\/5448"}],"wp:attachment":[{"href":"https:\/\/impresiondigitalgranformato.es\/de\/wp-json\/wp\/v2\/media?parent=5447"}],"wp:term":[{"taxonomy":"product_brand","embeddable":true,"href":"https:\/\/impresiondigitalgranformato.es\/de\/wp-json\/wp\/v2\/product_brand?post=5447"},{"taxonomy":"product_cat","embeddable":true,"href":"https:\/\/impresiondigitalgranformato.es\/de\/wp-json\/wp\/v2\/product_cat?post=5447"},{"taxonomy":"product_tag","embeddable":true,"href":"https:\/\/impresiondigitalgranformato.es\/de\/wp-json\/wp\/v2\/product_tag?post=5447"}],"curies":[{"name":"wp","href":"https:\/\/api.w.org\/{rel}","templated":true}]}}