{"id":13922,"date":"2021-07-27T19:24:20","date_gmt":"2021-07-27T17:24:20","guid":{"rendered":"https:\/\/impresiondigitalgranformato.es\/?page_id=13922"},"modified":"2021-12-11T10:47:49","modified_gmt":"2021-12-11T09:47:49","slug":"carteles-para-inmobiliarias","status":"publish","type":"page","link":"https:\/\/impresiondigitalgranformato.es\/es_es\/carteles-para-inmobiliarias\/","title":{"rendered":"Carteles para inmobiliarias"},"content":{"rendered":"\n<h1 class=\"has-text-align-center has-text-color has-large-font-size wp-block-heading\" style=\"color:#cd5601\"><strong>Carteles para inmobiliarias<\/strong><\/h1>\n\n\n<div data-block-name=\"woocommerce\/product-category\" data-categories=\"[103]\" data-columns=\"4\" data-content-visibility=\"{&quot;title&quot;:true,&quot;price&quot;:true,&quot;rating&quot;:true,&quot;button&quot;:false}\" class=\"wc-block-grid wp-block-product-category wp-block-woocommerce-product-category wc-block-product-category has-4-columns has-multiple-rows\"><ul class=\"wc-block-grid__products\"><li class=\"wc-block-grid__product\">\n\t\t\t\t<a href=\"https:\/\/impresiondigitalgranformato.es\/es_es\/producto\/cartel-lona-inmobiliarias\/\" class=\"wc-block-grid__product-link\">\n\t\t\t\t\t\n\t\t\t\t\t<div class=\"wc-block-grid__product-image\"><img loading=\"lazy\" decoding=\"async\" width=\"300\" height=\"300\" src=\"https:\/\/i0.wp.com\/impresiondigitalgranformato.es\/wp-content\/uploads\/2021\/10\/cartel-lona-inmobiliaria.jpg?resize=300%2C300&amp;ssl=1\" class=\"attachment-woocommerce_thumbnail size-woocommerce_thumbnail\" alt=\"cartel lona inmobiliaria\" srcset=\"https:\/\/i0.wp.com\/impresiondigitalgranformato.es\/wp-content\/uploads\/2021\/10\/cartel-lona-inmobiliaria.jpg?w=632&amp;ssl=1 632w, https:\/\/i0.wp.com\/impresiondigitalgranformato.es\/wp-content\/uploads\/2021\/10\/cartel-lona-inmobiliaria.jpg?resize=600%2C598&amp;ssl=1 600w, https:\/\/i0.wp.com\/impresiondigitalgranformato.es\/wp-content\/uploads\/2021\/10\/cartel-lona-inmobiliaria.jpg?resize=300%2C300&amp;ssl=1 300w, https:\/\/i0.wp.com\/impresiondigitalgranformato.es\/wp-content\/uploads\/2021\/10\/cartel-lona-inmobiliaria.jpg?resize=502%2C500&amp;ssl=1 502w, https:\/\/i0.wp.com\/impresiondigitalgranformato.es\/wp-content\/uploads\/2021\/10\/cartel-lona-inmobiliaria.jpg?resize=301%2C300&amp;ssl=1 301w, https:\/\/i0.wp.com\/impresiondigitalgranformato.es\/wp-content\/uploads\/2021\/10\/cartel-lona-inmobiliaria.jpg?resize=100%2C100&amp;ssl=1 100w\" sizes=\"auto, (max-width: 300px) 100vw, 300px\" \/><\/div>\n\t\t\t\t\t<div class=\"wc-block-grid__product-title\">Cartel lona inmobiliarias<\/div>\n\t\t\t\t<\/a>\n\t\t\t\t<div class=\"wc-block-grid__product-price price\">34,71&euro;<\/div>\n\t\t\t\t\n\t\t\t\t\n\t\t\t<\/li><li class=\"wc-block-grid__product\">\n\t\t\t\t<a href=\"https:\/\/impresiondigitalgranformato.es\/es_es\/producto\/pegatinas-inmobiliarias\/\" class=\"wc-block-grid__product-link\">\n\t\t\t\t\t\n\t\t\t\t\t<div class=\"wc-block-grid__product-image\"><img loading=\"lazy\" decoding=\"async\" width=\"300\" height=\"300\" src=\"https:\/\/i0.wp.com\/impresiondigitalgranformato.es\/wp-content\/uploads\/2021\/07\/pegatinas-inmobiliarias.jpg?resize=300%2C300&amp;ssl=1\" class=\"attachment-woocommerce_thumbnail size-woocommerce_thumbnail\" alt=\"pegatinas inmobiliarias\" srcset=\"https:\/\/i0.wp.com\/impresiondigitalgranformato.es\/wp-content\/uploads\/2021\/07\/pegatinas-inmobiliarias.jpg?w=630&amp;ssl=1 630w, https:\/\/i0.wp.com\/impresiondigitalgranformato.es\/wp-content\/uploads\/2021\/07\/pegatinas-inmobiliarias.jpg?resize=600%2C600&amp;ssl=1 600w, https:\/\/i0.wp.com\/impresiondigitalgranformato.es\/wp-content\/uploads\/2021\/07\/pegatinas-inmobiliarias.jpg?resize=300%2C300&amp;ssl=1 300w, https:\/\/i0.wp.com\/impresiondigitalgranformato.es\/wp-content\/uploads\/2021\/07\/pegatinas-inmobiliarias.jpg?resize=500%2C500&amp;ssl=1 500w, https:\/\/i0.wp.com\/impresiondigitalgranformato.es\/wp-content\/uploads\/2021\/07\/pegatinas-inmobiliarias.jpg?resize=100%2C100&amp;ssl=1 100w\" sizes=\"auto, (max-width: 300px) 100vw, 300px\" \/><\/div>\n\t\t\t\t\t<div class=\"wc-block-grid__product-title\">Pegatinas Inmobiliarias<\/div>\n\t\t\t\t<\/a>\n\t\t\t\t<div class=\"wc-block-grid__product-price price\">23,97&euro;<\/div>\n\t\t\t\t\n\t\t\t\t\n\t\t\t<\/li><li class=\"wc-block-grid__product\">\n\t\t\t\t<a href=\"https:\/\/impresiondigitalgranformato.es\/es_es\/producto\/carteles-de-polipropileno\/\" class=\"wc-block-grid__product-link\">\n\t\t\t\t\t\n\t\t\t\t\t<div class=\"wc-block-grid__product-image\"><img loading=\"lazy\" decoding=\"async\" width=\"300\" height=\"300\" src=\"https:\/\/i0.wp.com\/impresiondigitalgranformato.es\/wp-content\/uploads\/2021\/05\/carteles-de-polipropileno.jpg?resize=300%2C300&amp;ssl=1\" class=\"attachment-woocommerce_thumbnail size-woocommerce_thumbnail\" alt=\"carteles de polipropileno\" srcset=\"https:\/\/i0.wp.com\/impresiondigitalgranformato.es\/wp-content\/uploads\/2021\/05\/carteles-de-polipropileno.jpg?w=945&amp;ssl=1 945w, https:\/\/i0.wp.com\/impresiondigitalgranformato.es\/wp-content\/uploads\/2021\/05\/carteles-de-polipropileno.jpg?resize=600%2C600&amp;ssl=1 600w, https:\/\/i0.wp.com\/impresiondigitalgranformato.es\/wp-content\/uploads\/2021\/05\/carteles-de-polipropileno.jpg?resize=300%2C300&amp;ssl=1 300w, https:\/\/i0.wp.com\/impresiondigitalgranformato.es\/wp-content\/uploads\/2021\/05\/carteles-de-polipropileno.jpg?resize=768%2C768&amp;ssl=1 768w, https:\/\/i0.wp.com\/impresiondigitalgranformato.es\/wp-content\/uploads\/2021\/05\/carteles-de-polipropileno.jpg?resize=500%2C500&amp;ssl=1 500w, https:\/\/i0.wp.com\/impresiondigitalgranformato.es\/wp-content\/uploads\/2021\/05\/carteles-de-polipropileno.jpg?resize=100%2C100&amp;ssl=1 100w\" sizes=\"auto, (max-width: 300px) 100vw, 300px\" \/><\/div>\n\t\t\t\t\t<div class=\"wc-block-grid__product-title\">Carteles de Polipropileno<\/div>\n\t\t\t\t<\/a>\n\t\t\t\t<div class=\"wc-block-grid__product-price price\">40,50&euro;<\/div>\n\t\t\t\t\n\t\t\t\t\n\t\t\t<\/li><\/ul><\/div>\n\n\n<hr class=\"wp-block-separator has-text-color has-background has-luminous-vivid-orange-background-color has-luminous-vivid-orange-color is-style-default\"\/>\n\n\n\n<p class=\"has-text-align-center\"><strong>Carteles para inmobiliarias fabricados en polipropileno, vinilos, pegatinas y\/o adhesivos de venta o alquiler y carteles de lonas para obras e inmobiliarias.<\/strong><\/p>\n\n\n\n<p class=\"has-text-align-center has-vivid-red-color has-text-color has-medium-font-size\"><strong>Env\u00edo gratuito desde la 1\u00aa unidad<\/strong><\/p>\n\n\n\n<p class=\"has-text-align-center\">Posibilidad de entrega urgente en 24 horas<\/p>\n\n\n\n<hr class=\"wp-block-separator has-text-color has-background has-luminous-vivid-orange-background-color has-luminous-vivid-orange-color\"\/>\n\n\n\n<h2 class=\"has-text-align-center has-luminous-vivid-orange-color has-text-color wp-block-heading\">Diferentes tipos de carteles para inmobiliarias y obras<\/h2>\n\n\n\n<p class=\"has-text-align-justify\"><em><strong><a href=\"https:\/\/impresiondigitalgranformato.es\/producto\/carteles-de-polipropileno\/\">Carteles de pl\u00e1stico o polipropileno:<\/a><\/strong><\/em> Este tipo de cartel de pl\u00e1stico es el m\u00e1s utilizado a la hora de promocionar la venta o alquiler de una vivienda. Como cartel de exterior tiene una gran aguante ante las inclemencias del tiempo. Permite un traslado muy c\u00f3modo gracias a su bajo peso. La impresi\u00f3n del cartel de se vende o se alquila se realiza en alta calidad. Y al ser digital, nos permite realizar diferentes dise\u00f1os del cartel pl\u00e1stico en un mismo pedido. Sin variar nuestra oferta de un cartel barato para inmobiliarias de alta calidad. <\/p>\n\n\n\n<p class=\"has-text-align-center\">Tambi\u00e9n son muy utilizados como carteles para obras, para las empresa que trabajan en la construcci\u00f3n como alba\u00f1iles, electricistas, encofradores, arquitectos, cerrajeros&#8230; Colocando el cartel pl\u00e1stico para obras con su publicidad en las vallas o alambreras.<\/p>\n\n\n\n<p class=\"has-text-align-justify\"><strong><em><a href=\"https:\/\/impresiondigitalgranformato.es\/producto\/pegatinas-inmobiliarias\/\">Adhesivos o pegatinas para inmobiliarias:<\/a><\/em><\/strong> Estos vinilos de se vende o se alquila son muy importantes para pegar en cristales o fachadas de locales. Donde normalmente no se puede sujetar ning\u00fan cartel pl\u00e1stico ni cartel de lona. Las pegatinas llevan adhesivos permanente de esta forma consiguen una buena fijaci\u00f3n en un gran numero de superficies.  La impresi\u00f3n de la pegatina de se vende o se alquila se realiza en alta calidad. Y al ser digital, nos permite realizar diferentes dise\u00f1os del adhesivos en un mismo pedido. Sin variar nuestra oferta de una pegatina barata para inmobiliarias de alta calidad.  <\/p>\n\n\n\n<p class=\"has-text-align-justify\"><strong><em><a href=\"https:\/\/impresiondigitalgranformato.es\/producto\/cartel-lona-inmobiliarias\/\">Cartel de lona para inmobiliarias y obras:<\/a><\/em><\/strong> Estas lonas de venta, alquiler y\/o promoci\u00f3n de inmobiliaria y empresas de construcci\u00f3n son muy c\u00f3modas de transportar ya que el cartel de lona va enrollado. A la hora de colocar en las  propiedades en venta ser\u00e1 muy sencillo gracias a los ollaos que lleva en todo su per\u00edmetro. Son los carteles mas econ\u00f3micos y de calidad que vendemos en impresi\u00f3n digital gran formato. La lona del cartel es de pvc fundido con un peso de 450 gr.\/m2.  La impresi\u00f3n de la lona de venta, alquiler o promoci\u00f3n para empresas de la contrucci\u00f3n se realiza en alta calidad. Y al ser digital, nos permite realizar diferentes dise\u00f1os del cartel de lona en un mismo pedido. Sin variar nuestra oferta de una lona barata para inmobiliarias de alta calidad.  <\/p>\n","protected":false},"excerpt":{"rendered":"<p>Carteles para inmobiliarias Carteles para inmobiliarias fabricados en polipropileno, vinilos, pegatinas y\/o adhesivos de venta o alquiler y carteles de lonas para obras e inmobiliarias. Env\u00edo gratuito desde la 1\u00aa unidad Posibilidad de entrega urgente en 24 horas Diferentes tipos de carteles para inmobiliarias y obras Carteles de pl\u00e1stico o polipropileno: Este tipo de cartel [&hellip;]<\/p>\n","protected":false},"author":1,"featured_media":0,"parent":0,"menu_order":0,"comment_status":"closed","ping_status":"closed","template":"","meta":{"footnotes":""},"class_list":["post-13922","page","type-page","status-publish","hentry"],"yoast_head":"<!-- This site is optimized with the Yoast SEO plugin v27.3 - https:\/\/yoast.com\/product\/yoast-seo-wordpress\/ -->\n<title>Carteles para inmobiliarias - Los + baratos - env\u00edo urgente<\/title>\n<meta name=\"description\" content=\"carteles para inmobiliarias en plastico polipropileno, adhesivos y pegatinas de se vende y carteles en lona para obras. Env\u00edo gratis\" \/>\n<meta name=\"robots\" content=\"index, follow, max-snippet:-1, max-image-preview:large, max-video-preview:-1\" \/>\n<link rel=\"canonical\" href=\"https:\/\/impresiondigitalgranformato.es\/es_es\/carteles-para-inmobiliarias\/\" \/>\n<meta property=\"og:locale\" content=\"es_ES\" \/>\n<meta property=\"og:type\" content=\"article\" \/>\n<meta property=\"og:title\" content=\"Carteles para inmobiliarias - Los + baratos - env\u00edo urgente\" \/>\n<meta property=\"og:description\" content=\"carteles para inmobiliarias en plastico polipropileno, adhesivos y pegatinas de se vende y carteles en lona para obras. Env\u00edo gratis\" \/>\n<meta property=\"og:url\" content=\"https:\/\/impresiondigitalgranformato.es\/es_es\/carteles-para-inmobiliarias\/\" \/>\n<meta property=\"og:site_name\" content=\"Los + baratos\" \/>\n<meta property=\"article:modified_time\" content=\"2021-12-11T09:47:49+00:00\" \/>\n<meta name=\"twitter:card\" content=\"summary_large_image\" \/>\n<meta name=\"twitter:label1\" content=\"Tiempo de lectura\" \/>\n\t<meta name=\"twitter:data1\" content=\"2 minutos\" \/>\n<script type=\"application\/ld+json\" class=\"yoast-schema-graph\">{\"@context\":\"https:\\\/\\\/schema.org\",\"@graph\":[{\"@type\":\"WebPage\",\"@id\":\"https:\\\/\\\/impresiondigitalgranformato.es\\\/carteles-para-inmobiliarias\\\/\",\"url\":\"https:\\\/\\\/impresiondigitalgranformato.es\\\/carteles-para-inmobiliarias\\\/\",\"name\":\"Carteles para inmobiliarias - Los + baratos - env\u00edo urgente\",\"isPartOf\":{\"@id\":\"https:\\\/\\\/impresiondigitalgranformato.es\\\/#website\"},\"datePublished\":\"2021-07-27T17:24:20+00:00\",\"dateModified\":\"2021-12-11T09:47:49+00:00\",\"description\":\"carteles para inmobiliarias en plastico polipropileno, adhesivos y pegatinas de se vende y carteles en lona para obras. Env\u00edo gratis\",\"breadcrumb\":{\"@id\":\"https:\\\/\\\/impresiondigitalgranformato.es\\\/carteles-para-inmobiliarias\\\/#breadcrumb\"},\"inLanguage\":\"es\",\"potentialAction\":[{\"@type\":\"ReadAction\",\"target\":[\"https:\\\/\\\/impresiondigitalgranformato.es\\\/carteles-para-inmobiliarias\\\/\"]}]},{\"@type\":\"BreadcrumbList\",\"@id\":\"https:\\\/\\\/impresiondigitalgranformato.es\\\/carteles-para-inmobiliarias\\\/#breadcrumb\",\"itemListElement\":[{\"@type\":\"ListItem\",\"position\":1,\"name\":\"Portada\",\"item\":\"https:\\\/\\\/impresiondigitalgranformato.es\\\/\"},{\"@type\":\"ListItem\",\"position\":2,\"name\":\"Carteles para inmobiliarias\"}]},{\"@type\":\"WebSite\",\"@id\":\"https:\\\/\\\/impresiondigitalgranformato.es\\\/#website\",\"url\":\"https:\\\/\\\/impresiondigitalgranformato.es\\\/\",\"name\":\"Los + baratos\",\"description\":\"impresi\u00f3n digital gran formato venta de roll up, banner, banderas, lonas, carteles, displays, publicidad\",\"publisher\":{\"@id\":\"https:\\\/\\\/impresiondigitalgranformato.es\\\/#organization\"},\"potentialAction\":[{\"@type\":\"SearchAction\",\"target\":{\"@type\":\"EntryPoint\",\"urlTemplate\":\"https:\\\/\\\/impresiondigitalgranformato.es\\\/?s={search_term_string}\"},\"query-input\":{\"@type\":\"PropertyValueSpecification\",\"valueRequired\":true,\"valueName\":\"search_term_string\"}}],\"inLanguage\":\"es\"},{\"@type\":\"Organization\",\"@id\":\"https:\\\/\\\/impresiondigitalgranformato.es\\\/#organization\",\"name\":\"Los + baratos\",\"url\":\"https:\\\/\\\/impresiondigitalgranformato.es\\\/\",\"logo\":{\"@type\":\"ImageObject\",\"inLanguage\":\"es\",\"@id\":\"https:\\\/\\\/impresiondigitalgranformato.es\\\/#\\\/schema\\\/logo\\\/image\\\/\",\"url\":\"https:\\\/\\\/i0.wp.com\\\/impresiondigitalgranformato.es\\\/wp-content\\\/uploads\\\/2016\\\/12\\\/cropped-logotipo-2-e1483373659766.png?fit=500%2C101&ssl=1\",\"contentUrl\":\"https:\\\/\\\/i0.wp.com\\\/impresiondigitalgranformato.es\\\/wp-content\\\/uploads\\\/2016\\\/12\\\/cropped-logotipo-2-e1483373659766.png?fit=500%2C101&ssl=1\",\"width\":500,\"height\":101,\"caption\":\"Los + baratos\"},\"image\":{\"@id\":\"https:\\\/\\\/impresiondigitalgranformato.es\\\/#\\\/schema\\\/logo\\\/image\\\/\"}}]}<\/script>\n<!-- \/ Yoast SEO plugin. -->","yoast_head_json":{"title":"Carteles para inmobiliarias - Los + baratos - env\u00edo urgente","description":"carteles para inmobiliarias en plastico polipropileno, adhesivos y pegatinas de se vende y carteles en lona para obras. Env\u00edo gratis","robots":{"index":"index","follow":"follow","max-snippet":"max-snippet:-1","max-image-preview":"max-image-preview:large","max-video-preview":"max-video-preview:-1"},"canonical":"https:\/\/impresiondigitalgranformato.es\/es_es\/carteles-para-inmobiliarias\/","og_locale":"es_ES","og_type":"article","og_title":"Carteles para inmobiliarias - Los + baratos - env\u00edo urgente","og_description":"carteles para inmobiliarias en plastico polipropileno, adhesivos y pegatinas de se vende y carteles en lona para obras. Env\u00edo gratis","og_url":"https:\/\/impresiondigitalgranformato.es\/es_es\/carteles-para-inmobiliarias\/","og_site_name":"Los + baratos","article_modified_time":"2021-12-11T09:47:49+00:00","twitter_card":"summary_large_image","twitter_misc":{"Tiempo de lectura":"2 minutos"},"schema":{"@context":"https:\/\/schema.org","@graph":[{"@type":"WebPage","@id":"https:\/\/impresiondigitalgranformato.es\/carteles-para-inmobiliarias\/","url":"https:\/\/impresiondigitalgranformato.es\/carteles-para-inmobiliarias\/","name":"Carteles para inmobiliarias - Los + baratos - env\u00edo urgente","isPartOf":{"@id":"https:\/\/impresiondigitalgranformato.es\/#website"},"datePublished":"2021-07-27T17:24:20+00:00","dateModified":"2021-12-11T09:47:49+00:00","description":"carteles para inmobiliarias en plastico polipropileno, adhesivos y pegatinas de se vende y carteles en lona para obras. Env\u00edo gratis","breadcrumb":{"@id":"https:\/\/impresiondigitalgranformato.es\/carteles-para-inmobiliarias\/#breadcrumb"},"inLanguage":"es","potentialAction":[{"@type":"ReadAction","target":["https:\/\/impresiondigitalgranformato.es\/carteles-para-inmobiliarias\/"]}]},{"@type":"BreadcrumbList","@id":"https:\/\/impresiondigitalgranformato.es\/carteles-para-inmobiliarias\/#breadcrumb","itemListElement":[{"@type":"ListItem","position":1,"name":"Portada","item":"https:\/\/impresiondigitalgranformato.es\/"},{"@type":"ListItem","position":2,"name":"Carteles para inmobiliarias"}]},{"@type":"WebSite","@id":"https:\/\/impresiondigitalgranformato.es\/#website","url":"https:\/\/impresiondigitalgranformato.es\/","name":"Los + baratos","description":"impresi\u00f3n digital gran formato venta de roll up, banner, banderas, lonas, carteles, displays, publicidad","publisher":{"@id":"https:\/\/impresiondigitalgranformato.es\/#organization"},"potentialAction":[{"@type":"SearchAction","target":{"@type":"EntryPoint","urlTemplate":"https:\/\/impresiondigitalgranformato.es\/?s={search_term_string}"},"query-input":{"@type":"PropertyValueSpecification","valueRequired":true,"valueName":"search_term_string"}}],"inLanguage":"es"},{"@type":"Organization","@id":"https:\/\/impresiondigitalgranformato.es\/#organization","name":"Los + baratos","url":"https:\/\/impresiondigitalgranformato.es\/","logo":{"@type":"ImageObject","inLanguage":"es","@id":"https:\/\/impresiondigitalgranformato.es\/#\/schema\/logo\/image\/","url":"https:\/\/i0.wp.com\/impresiondigitalgranformato.es\/wp-content\/uploads\/2016\/12\/cropped-logotipo-2-e1483373659766.png?fit=500%2C101&ssl=1","contentUrl":"https:\/\/i0.wp.com\/impresiondigitalgranformato.es\/wp-content\/uploads\/2016\/12\/cropped-logotipo-2-e1483373659766.png?fit=500%2C101&ssl=1","width":500,"height":101,"caption":"Los + baratos"},"image":{"@id":"https:\/\/impresiondigitalgranformato.es\/#\/schema\/logo\/image\/"}}]}},"jetpack_sharing_enabled":true,"_links":{"self":[{"href":"https:\/\/impresiondigitalgranformato.es\/es_es\/wp-json\/wp\/v2\/pages\/13922","targetHints":{"allow":["GET"]}}],"collection":[{"href":"https:\/\/impresiondigitalgranformato.es\/es_es\/wp-json\/wp\/v2\/pages"}],"about":[{"href":"https:\/\/impresiondigitalgranformato.es\/es_es\/wp-json\/wp\/v2\/types\/page"}],"author":[{"embeddable":true,"href":"https:\/\/impresiondigitalgranformato.es\/es_es\/wp-json\/wp\/v2\/users\/1"}],"replies":[{"embeddable":true,"href":"https:\/\/impresiondigitalgranformato.es\/es_es\/wp-json\/wp\/v2\/comments?post=13922"}],"version-history":[{"count":24,"href":"https:\/\/impresiondigitalgranformato.es\/es_es\/wp-json\/wp\/v2\/pages\/13922\/revisions"}],"predecessor-version":[{"id":14167,"href":"https:\/\/impresiondigitalgranformato.es\/es_es\/wp-json\/wp\/v2\/pages\/13922\/revisions\/14167"}],"wp:attachment":[{"href":"https:\/\/impresiondigitalgranformato.es\/es_es\/wp-json\/wp\/v2\/media?parent=13922"}],"curies":[{"name":"wp","href":"https:\/\/api.w.org\/{rel}","templated":true}]}}