{"id":16049,"date":"2024-01-11T09:05:22","date_gmt":"2024-01-11T08:05:22","guid":{"rendered":"https:\/\/impresiondigitalgranformato.es\/?page_id=16049"},"modified":"2024-01-30T13:07:09","modified_gmt":"2024-01-30T12:07:09","slug":"carteles-luminosos-portatiles","status":"publish","type":"page","link":"https:\/\/impresiondigitalgranformato.es\/es_es\/carteles-luminosos-portatiles\/","title":{"rendered":"Carteles luminosos port\u00e1tiles"},"content":{"rendered":"\n<p class=\"has-text-align-center has-vivid-cyan-blue-color has-text-color has-large-font-size\"><strong>Carteles luminosos port\u00e1tiles con impresi\u00f3n a 1 \u00f3 2 caras.<\/strong> <\/p>\n\n\n\n<p class=\"has-text-align-center\">R\u00f3tulos desmontables para poder transportar de una forma c\u00f3moda. Permiten el intercambio de las gr\u00e1ficas de forma r\u00e1pida seg\u00fan el evento o el producto que quiera publicitar.<\/p>\n\n\n\n<div class=\"wp-block-columns is-layout-flex wp-container-core-columns-is-layout-9d6595d7 wp-block-columns-is-layout-flex\">\n<div class=\"wp-block-column is-layout-flow wp-block-column-is-layout-flow\"><div class=\"wp-block-image\">\n<figure class=\"aligncenter size-large is-resized\"><a href=\"https:\/\/impresiondigitalgranformato.es\/producto\/cartel-luminoso-portatil-desmontable\/\"><img data-recalc-dims=\"1\" loading=\"lazy\" decoding=\"async\" width=\"640\" height=\"640\" src=\"https:\/\/i0.wp.com\/impresiondigitalgranformato.es\/wp-content\/uploads\/2024\/01\/cartel-luminoso-portatil-desmontable.jpg?resize=640%2C640\" alt=\"cartel luminoso port\u00e1til desmontable\" class=\"wp-image-16024\" style=\"aspect-ratio:1;width:274px;height:auto\" srcset=\"https:\/\/i0.wp.com\/impresiondigitalgranformato.es\/wp-content\/uploads\/2024\/01\/cartel-luminoso-portatil-desmontable.jpg?resize=1200%2C1200&amp;ssl=1 1200w, https:\/\/i0.wp.com\/impresiondigitalgranformato.es\/wp-content\/uploads\/2024\/01\/cartel-luminoso-portatil-desmontable.jpg?resize=600%2C600&amp;ssl=1 600w, https:\/\/i0.wp.com\/impresiondigitalgranformato.es\/wp-content\/uploads\/2024\/01\/cartel-luminoso-portatil-desmontable.jpg?resize=300%2C300&amp;ssl=1 300w, https:\/\/i0.wp.com\/impresiondigitalgranformato.es\/wp-content\/uploads\/2024\/01\/cartel-luminoso-portatil-desmontable.jpg?resize=768%2C768&amp;ssl=1 768w, https:\/\/i0.wp.com\/impresiondigitalgranformato.es\/wp-content\/uploads\/2024\/01\/cartel-luminoso-portatil-desmontable.jpg?resize=500%2C500&amp;ssl=1 500w, https:\/\/i0.wp.com\/impresiondigitalgranformato.es\/wp-content\/uploads\/2024\/01\/cartel-luminoso-portatil-desmontable.jpg?resize=100%2C100&amp;ssl=1 100w, https:\/\/i0.wp.com\/impresiondigitalgranformato.es\/wp-content\/uploads\/2024\/01\/cartel-luminoso-portatil-desmontable.jpg?w=1260&amp;ssl=1 1260w\" sizes=\"auto, (max-width: 640px) 100vw, 640px\" \/><\/a><\/figure>\n<\/div>\n\n\n<p class=\"has-text-align-center has-vivid-cyan-blue-color has-text-color has-medium-font-size\"><strong>Luminoso port\u00e1til<\/strong><\/p>\n\n\n\n<p class=\"has-text-align-center has-vivid-cyan-blue-color has-text-color has-medium-font-size\"><strong>de 60 x 160 cm<\/strong><\/p>\n\n\n\n<p class=\"has-text-align-justify\">Cartel port\u00e1til con luz led con impresi\u00f3n a 2 caras. Montaje r\u00e1pido sin llaves Permite el intercambio de gr\u00e1ficas<\/p>\n\n\n\n<p class=\"has-text-align-right\"><a href=\"https:\/\/impresiondigitalgranformato.es\/producto\/cartel-luminoso-portatil-desmontable\/\">Ver cartel luminoso<\/a><\/p>\n\n\n\n<hr class=\"wp-block-separator has-alpha-channel-opacity\"\/>\n<\/div>\n\n\n\n<div class=\"wp-block-column is-layout-flow wp-block-column-is-layout-flow\"><div class=\"wp-block-image\">\n<figure class=\"aligncenter size-large is-resized\"><a href=\"https:\/\/impresiondigitalgranformato.es\/producto\/cartel-luminoso-portatil\/\"><img data-recalc-dims=\"1\" loading=\"lazy\" decoding=\"async\" width=\"640\" height=\"640\" src=\"https:\/\/i0.wp.com\/impresiondigitalgranformato.es\/wp-content\/uploads\/2024\/01\/icono-entrada-cartel-luminoso-portatil-2x1-1.jpg?resize=640%2C640\" alt=\"cartel luminoso port\u00e1til\" class=\"wp-image-15983\" style=\"aspect-ratio:1;width:274px;height:auto\" srcset=\"https:\/\/i0.wp.com\/impresiondigitalgranformato.es\/wp-content\/uploads\/2024\/01\/icono-entrada-cartel-luminoso-portatil-2x1-1.jpg?resize=1200%2C1200&amp;ssl=1 1200w, https:\/\/i0.wp.com\/impresiondigitalgranformato.es\/wp-content\/uploads\/2024\/01\/icono-entrada-cartel-luminoso-portatil-2x1-1.jpg?resize=600%2C600&amp;ssl=1 600w, https:\/\/i0.wp.com\/impresiondigitalgranformato.es\/wp-content\/uploads\/2024\/01\/icono-entrada-cartel-luminoso-portatil-2x1-1.jpg?resize=300%2C300&amp;ssl=1 300w, https:\/\/i0.wp.com\/impresiondigitalgranformato.es\/wp-content\/uploads\/2024\/01\/icono-entrada-cartel-luminoso-portatil-2x1-1.jpg?resize=768%2C768&amp;ssl=1 768w, https:\/\/i0.wp.com\/impresiondigitalgranformato.es\/wp-content\/uploads\/2024\/01\/icono-entrada-cartel-luminoso-portatil-2x1-1.jpg?resize=500%2C500&amp;ssl=1 500w, https:\/\/i0.wp.com\/impresiondigitalgranformato.es\/wp-content\/uploads\/2024\/01\/icono-entrada-cartel-luminoso-portatil-2x1-1.jpg?resize=100%2C100&amp;ssl=1 100w, https:\/\/i0.wp.com\/impresiondigitalgranformato.es\/wp-content\/uploads\/2024\/01\/icono-entrada-cartel-luminoso-portatil-2x1-1.jpg?w=1260&amp;ssl=1 1260w\" sizes=\"auto, (max-width: 640px) 100vw, 640px\" \/><\/a><\/figure>\n<\/div>\n\n\n<p class=\"has-text-align-center has-vivid-cyan-blue-color has-text-color has-medium-font-size\"><strong>Cartel luminoso port\u00e1til<\/strong> <\/p>\n\n\n\n<p class=\"has-text-align-center has-vivid-cyan-blue-color has-text-color has-medium-font-size\"><strong>de 100 x 200 cm<\/strong><\/p>\n\n\n\n<p class=\"has-text-align-justify\">Cartel port\u00e1til con iluminaci\u00f3n interior con led\u00b4s. Publicidad a 2 caras. Montaje y desmontaje sin llaves, carteles intercambiables.<\/p>\n\n\n\n<p class=\"has-text-align-right\"><a href=\"https:\/\/impresiondigitalgranformato.es\/producto\/cartel-luminoso-portatil\/\">Ver cartel luminoso<\/a><\/p>\n\n\n\n<hr class=\"wp-block-separator has-alpha-channel-opacity\"\/>\n<\/div>\n\n\n\n<div class=\"wp-block-column is-layout-flow wp-block-column-is-layout-flow\"><div class=\"wp-block-image\">\n<figure class=\"aligncenter size-medium is-resized\"><a href=\"https:\/\/impresiondigitalgranformato.es\/producto\/cartel-luminoso-portatil-2x2\/\"><img data-recalc-dims=\"1\" loading=\"lazy\" decoding=\"async\" width=\"600\" height=\"600\" src=\"https:\/\/i0.wp.com\/impresiondigitalgranformato.es\/wp-content\/uploads\/2024\/01\/cartel-luminoso-portatil-2x2-1-600x600.jpg?resize=600%2C600&#038;ssl=1\" alt=\"cartel luminoso port\u00e1til 2x2\" class=\"wp-image-16106\" style=\"aspect-ratio:1;width:274px;height:auto\" srcset=\"https:\/\/i0.wp.com\/impresiondigitalgranformato.es\/wp-content\/uploads\/2024\/01\/cartel-luminoso-portatil-2x2-1.jpg?resize=600%2C600&amp;ssl=1 600w, https:\/\/i0.wp.com\/impresiondigitalgranformato.es\/wp-content\/uploads\/2024\/01\/cartel-luminoso-portatil-2x2-1.jpg?resize=300%2C300&amp;ssl=1 300w, https:\/\/i0.wp.com\/impresiondigitalgranformato.es\/wp-content\/uploads\/2024\/01\/cartel-luminoso-portatil-2x2-1.jpg?resize=768%2C768&amp;ssl=1 768w, https:\/\/i0.wp.com\/impresiondigitalgranformato.es\/wp-content\/uploads\/2024\/01\/cartel-luminoso-portatil-2x2-1.jpg?resize=500%2C500&amp;ssl=1 500w, https:\/\/i0.wp.com\/impresiondigitalgranformato.es\/wp-content\/uploads\/2024\/01\/cartel-luminoso-portatil-2x2-1.jpg?resize=100%2C100&amp;ssl=1 100w, https:\/\/i0.wp.com\/impresiondigitalgranformato.es\/wp-content\/uploads\/2024\/01\/cartel-luminoso-portatil-2x2-1.jpg?w=945&amp;ssl=1 945w\" sizes=\"auto, (max-width: 600px) 100vw, 600px\" \/><\/a><\/figure>\n<\/div>\n\n\n<p class=\"has-text-align-center has-vivid-cyan-blue-color has-text-color has-medium-font-size\"><strong>R\u00f3tulo luminoso port\u00e1til<\/strong><\/p>\n\n\n\n<p class=\"has-text-align-center has-vivid-cyan-blue-color has-text-color has-medium-font-size\"><strong>de 200 x 200 cm<\/strong><\/p>\n\n\n\n<p class=\"has-text-align-justify\">R\u00f3tulo de 2 x 2 metros port\u00e1til con iluminaci\u00f3n interior de led\u00b4s. Con publicidad a las 2 caras. Montaje en 10 minutos<\/p>\n\n\n\n<p class=\"has-text-align-right\"><a href=\"https:\/\/impresiondigitalgranformato.es\/producto\/cartel-luminoso-portatil-2x2\/\">Ver r\u00f3tulo luminoso<\/a><\/p>\n\n\n\n<hr class=\"wp-block-separator has-alpha-channel-opacity\"\/>\n<\/div>\n<\/div>\n\n\n\n<div class=\"wp-block-columns is-layout-flex wp-container-core-columns-is-layout-9d6595d7 wp-block-columns-is-layout-flex\">\n<div class=\"wp-block-column is-layout-flow wp-block-column-is-layout-flow\"><div class=\"wp-block-image\">\n<figure class=\"aligncenter size-full\"><a href=\"https:\/\/impresiondigitalgranformato.es\/producto\/rotulo-luminoso-portatil-de-3-metros\/\"><img data-recalc-dims=\"1\" loading=\"lazy\" decoding=\"async\" width=\"640\" height=\"640\" src=\"https:\/\/i0.wp.com\/impresiondigitalgranformato.es\/wp-content\/uploads\/2024\/01\/cartel-luminoso-portatil-de-3-metros.jpg?resize=640%2C640\" alt=\"cartel luminoso portatil de 3 metros\" class=\"wp-image-16149\" srcset=\"https:\/\/i0.wp.com\/impresiondigitalgranformato.es\/wp-content\/uploads\/2024\/01\/cartel-luminoso-portatil-de-3-metros.jpg?w=945&amp;ssl=1 945w, https:\/\/i0.wp.com\/impresiondigitalgranformato.es\/wp-content\/uploads\/2024\/01\/cartel-luminoso-portatil-de-3-metros.jpg?resize=600%2C600&amp;ssl=1 600w, https:\/\/i0.wp.com\/impresiondigitalgranformato.es\/wp-content\/uploads\/2024\/01\/cartel-luminoso-portatil-de-3-metros.jpg?resize=300%2C300&amp;ssl=1 300w, https:\/\/i0.wp.com\/impresiondigitalgranformato.es\/wp-content\/uploads\/2024\/01\/cartel-luminoso-portatil-de-3-metros.jpg?resize=768%2C768&amp;ssl=1 768w, https:\/\/i0.wp.com\/impresiondigitalgranformato.es\/wp-content\/uploads\/2024\/01\/cartel-luminoso-portatil-de-3-metros.jpg?resize=500%2C500&amp;ssl=1 500w, https:\/\/i0.wp.com\/impresiondigitalgranformato.es\/wp-content\/uploads\/2024\/01\/cartel-luminoso-portatil-de-3-metros.jpg?resize=100%2C100&amp;ssl=1 100w\" sizes=\"auto, (max-width: 640px) 100vw, 640px\" \/><\/a><\/figure>\n<\/div>\n\n\n<p class=\"has-text-align-center has-vivid-cyan-blue-color has-text-color has-medium-font-size\"><strong>R\u00f3tulo luminoso port\u00e1til<\/strong><\/p>\n\n\n\n<p class=\"has-text-align-center has-vivid-cyan-blue-color has-text-color has-medium-font-size\"><strong>de 3 x 2,5 metros<\/strong><\/p>\n\n\n\n<p class=\"has-text-align-justify\">R\u00f3tulo de 3 metros de largo x 2,5 metros de alto. Port\u00e1til con iluminaci\u00f3n interior de led\u00b4s. Con publicidad a las 2 caras. Montaje en 10 minutos<\/p>\n\n\n\n<p class=\"has-text-align-right\"><a href=\"https:\/\/impresiondigitalgranformato.es\/producto\/rotulo-luminoso-portatil-de-3-metros\/\">Ver r\u00f3tulo luminoso<\/a><\/p>\n<\/div>\n\n\n\n<div class=\"wp-block-column is-layout-flow wp-block-column-is-layout-flow\"><\/div>\n\n\n\n<div class=\"wp-block-column is-layout-flow wp-block-column-is-layout-flow\"><\/div>\n<\/div>\n","protected":false},"excerpt":{"rendered":"<p>Carteles luminosos port\u00e1tiles con impresi\u00f3n a 1 \u00f3 2 caras. R\u00f3tulos desmontables para poder transportar de una forma c\u00f3moda. Permiten el intercambio de las gr\u00e1ficas de forma r\u00e1pida seg\u00fan el evento o el producto que quiera publicitar. Luminoso port\u00e1til de 60 x 160 cm Cartel port\u00e1til con luz led con impresi\u00f3n a 2 caras. Montaje [&hellip;]<\/p>\n","protected":false},"author":1,"featured_media":0,"parent":0,"menu_order":0,"comment_status":"closed","ping_status":"closed","template":"","meta":{"footnotes":""},"class_list":["post-16049","page","type-page","status-publish","hentry"],"yoast_head":"<!-- This site is optimized with the Yoast SEO plugin v27.3 - https:\/\/yoast.com\/product\/yoast-seo-wordpress\/ -->\n<title>Carteles luminosos port\u00e1tiles - Los + baratos<\/title>\n<meta name=\"robots\" content=\"index, follow, max-snippet:-1, max-image-preview:large, max-video-preview:-1\" \/>\n<link rel=\"canonical\" href=\"https:\/\/impresiondigitalgranformato.es\/es_es\/carteles-luminosos-portatiles\/\" \/>\n<meta property=\"og:locale\" content=\"es_ES\" \/>\n<meta property=\"og:type\" content=\"article\" \/>\n<meta property=\"og:title\" content=\"Carteles luminosos port\u00e1tiles - Los + baratos\" \/>\n<meta property=\"og:description\" content=\"Carteles luminosos port\u00e1tiles con impresi\u00f3n a 1 \u00f3 2 caras. R\u00f3tulos desmontables para poder transportar de una forma c\u00f3moda. Permiten el intercambio de las gr\u00e1ficas de forma r\u00e1pida seg\u00fan el evento o el producto que quiera publicitar. Luminoso port\u00e1til de 60 x 160 cm Cartel port\u00e1til con luz led con impresi\u00f3n a 2 caras. Montaje [&hellip;]\" \/>\n<meta property=\"og:url\" content=\"https:\/\/impresiondigitalgranformato.es\/es_es\/carteles-luminosos-portatiles\/\" \/>\n<meta property=\"og:site_name\" content=\"Los + baratos\" \/>\n<meta property=\"article:modified_time\" content=\"2024-01-30T12:07:09+00:00\" \/>\n<meta property=\"og:image\" content=\"http:\/\/impresiondigitalgranformato.es\/wp-content\/uploads\/2024\/01\/cartel-luminoso-portatil-desmontable-1200x1200.jpg\" \/>\n<meta name=\"twitter:card\" content=\"summary_large_image\" \/>\n<meta name=\"twitter:label1\" content=\"Tiempo de lectura\" \/>\n\t<meta name=\"twitter:data1\" content=\"2 minutos\" \/>\n<script type=\"application\/ld+json\" class=\"yoast-schema-graph\">{\"@context\":\"https:\\\/\\\/schema.org\",\"@graph\":[{\"@type\":\"WebPage\",\"@id\":\"https:\\\/\\\/impresiondigitalgranformato.es\\\/carteles-luminosos-portatiles\\\/\",\"url\":\"https:\\\/\\\/impresiondigitalgranformato.es\\\/carteles-luminosos-portatiles\\\/\",\"name\":\"Carteles luminosos port\u00e1tiles - Los + baratos\",\"isPartOf\":{\"@id\":\"https:\\\/\\\/impresiondigitalgranformato.es\\\/#website\"},\"primaryImageOfPage\":{\"@id\":\"https:\\\/\\\/impresiondigitalgranformato.es\\\/carteles-luminosos-portatiles\\\/#primaryimage\"},\"image\":{\"@id\":\"https:\\\/\\\/impresiondigitalgranformato.es\\\/carteles-luminosos-portatiles\\\/#primaryimage\"},\"thumbnailUrl\":\"http:\\\/\\\/impresiondigitalgranformato.es\\\/wp-content\\\/uploads\\\/2024\\\/01\\\/cartel-luminoso-portatil-desmontable-1200x1200.jpg\",\"datePublished\":\"2024-01-11T08:05:22+00:00\",\"dateModified\":\"2024-01-30T12:07:09+00:00\",\"breadcrumb\":{\"@id\":\"https:\\\/\\\/impresiondigitalgranformato.es\\\/carteles-luminosos-portatiles\\\/#breadcrumb\"},\"inLanguage\":\"es\",\"potentialAction\":[{\"@type\":\"ReadAction\",\"target\":[\"https:\\\/\\\/impresiondigitalgranformato.es\\\/carteles-luminosos-portatiles\\\/\"]}]},{\"@type\":\"ImageObject\",\"inLanguage\":\"es\",\"@id\":\"https:\\\/\\\/impresiondigitalgranformato.es\\\/carteles-luminosos-portatiles\\\/#primaryimage\",\"url\":\"http:\\\/\\\/impresiondigitalgranformato.es\\\/wp-content\\\/uploads\\\/2024\\\/01\\\/cartel-luminoso-portatil-desmontable-1200x1200.jpg\",\"contentUrl\":\"http:\\\/\\\/impresiondigitalgranformato.es\\\/wp-content\\\/uploads\\\/2024\\\/01\\\/cartel-luminoso-portatil-desmontable-1200x1200.jpg\"},{\"@type\":\"BreadcrumbList\",\"@id\":\"https:\\\/\\\/impresiondigitalgranformato.es\\\/carteles-luminosos-portatiles\\\/#breadcrumb\",\"itemListElement\":[{\"@type\":\"ListItem\",\"position\":1,\"name\":\"Portada\",\"item\":\"https:\\\/\\\/impresiondigitalgranformato.es\\\/\"},{\"@type\":\"ListItem\",\"position\":2,\"name\":\"Carteles luminosos port\u00e1tiles\"}]},{\"@type\":\"WebSite\",\"@id\":\"https:\\\/\\\/impresiondigitalgranformato.es\\\/#website\",\"url\":\"https:\\\/\\\/impresiondigitalgranformato.es\\\/\",\"name\":\"Los + baratos\",\"description\":\"impresi\u00f3n digital gran formato venta de roll up, banner, banderas, lonas, carteles, displays, publicidad\",\"publisher\":{\"@id\":\"https:\\\/\\\/impresiondigitalgranformato.es\\\/#organization\"},\"potentialAction\":[{\"@type\":\"SearchAction\",\"target\":{\"@type\":\"EntryPoint\",\"urlTemplate\":\"https:\\\/\\\/impresiondigitalgranformato.es\\\/?s={search_term_string}\"},\"query-input\":{\"@type\":\"PropertyValueSpecification\",\"valueRequired\":true,\"valueName\":\"search_term_string\"}}],\"inLanguage\":\"es\"},{\"@type\":\"Organization\",\"@id\":\"https:\\\/\\\/impresiondigitalgranformato.es\\\/#organization\",\"name\":\"Los + baratos\",\"url\":\"https:\\\/\\\/impresiondigitalgranformato.es\\\/\",\"logo\":{\"@type\":\"ImageObject\",\"inLanguage\":\"es\",\"@id\":\"https:\\\/\\\/impresiondigitalgranformato.es\\\/#\\\/schema\\\/logo\\\/image\\\/\",\"url\":\"https:\\\/\\\/i0.wp.com\\\/impresiondigitalgranformato.es\\\/wp-content\\\/uploads\\\/2016\\\/12\\\/cropped-logotipo-2-e1483373659766.png?fit=500%2C101&ssl=1\",\"contentUrl\":\"https:\\\/\\\/i0.wp.com\\\/impresiondigitalgranformato.es\\\/wp-content\\\/uploads\\\/2016\\\/12\\\/cropped-logotipo-2-e1483373659766.png?fit=500%2C101&ssl=1\",\"width\":500,\"height\":101,\"caption\":\"Los + baratos\"},\"image\":{\"@id\":\"https:\\\/\\\/impresiondigitalgranformato.es\\\/#\\\/schema\\\/logo\\\/image\\\/\"}}]}<\/script>\n<!-- \/ Yoast SEO plugin. -->","yoast_head_json":{"title":"Carteles luminosos port\u00e1tiles - Los + baratos","robots":{"index":"index","follow":"follow","max-snippet":"max-snippet:-1","max-image-preview":"max-image-preview:large","max-video-preview":"max-video-preview:-1"},"canonical":"https:\/\/impresiondigitalgranformato.es\/es_es\/carteles-luminosos-portatiles\/","og_locale":"es_ES","og_type":"article","og_title":"Carteles luminosos port\u00e1tiles - Los + baratos","og_description":"Carteles luminosos port\u00e1tiles con impresi\u00f3n a 1 \u00f3 2 caras. R\u00f3tulos desmontables para poder transportar de una forma c\u00f3moda. Permiten el intercambio de las gr\u00e1ficas de forma r\u00e1pida seg\u00fan el evento o el producto que quiera publicitar. Luminoso port\u00e1til de 60 x 160 cm Cartel port\u00e1til con luz led con impresi\u00f3n a 2 caras. Montaje [&hellip;]","og_url":"https:\/\/impresiondigitalgranformato.es\/es_es\/carteles-luminosos-portatiles\/","og_site_name":"Los + baratos","article_modified_time":"2024-01-30T12:07:09+00:00","og_image":[{"url":"http:\/\/impresiondigitalgranformato.es\/wp-content\/uploads\/2024\/01\/cartel-luminoso-portatil-desmontable-1200x1200.jpg","type":"","width":"","height":""}],"twitter_card":"summary_large_image","twitter_misc":{"Tiempo de lectura":"2 minutos"},"schema":{"@context":"https:\/\/schema.org","@graph":[{"@type":"WebPage","@id":"https:\/\/impresiondigitalgranformato.es\/carteles-luminosos-portatiles\/","url":"https:\/\/impresiondigitalgranformato.es\/carteles-luminosos-portatiles\/","name":"Carteles luminosos port\u00e1tiles - Los + baratos","isPartOf":{"@id":"https:\/\/impresiondigitalgranformato.es\/#website"},"primaryImageOfPage":{"@id":"https:\/\/impresiondigitalgranformato.es\/carteles-luminosos-portatiles\/#primaryimage"},"image":{"@id":"https:\/\/impresiondigitalgranformato.es\/carteles-luminosos-portatiles\/#primaryimage"},"thumbnailUrl":"http:\/\/impresiondigitalgranformato.es\/wp-content\/uploads\/2024\/01\/cartel-luminoso-portatil-desmontable-1200x1200.jpg","datePublished":"2024-01-11T08:05:22+00:00","dateModified":"2024-01-30T12:07:09+00:00","breadcrumb":{"@id":"https:\/\/impresiondigitalgranformato.es\/carteles-luminosos-portatiles\/#breadcrumb"},"inLanguage":"es","potentialAction":[{"@type":"ReadAction","target":["https:\/\/impresiondigitalgranformato.es\/carteles-luminosos-portatiles\/"]}]},{"@type":"ImageObject","inLanguage":"es","@id":"https:\/\/impresiondigitalgranformato.es\/carteles-luminosos-portatiles\/#primaryimage","url":"http:\/\/impresiondigitalgranformato.es\/wp-content\/uploads\/2024\/01\/cartel-luminoso-portatil-desmontable-1200x1200.jpg","contentUrl":"http:\/\/impresiondigitalgranformato.es\/wp-content\/uploads\/2024\/01\/cartel-luminoso-portatil-desmontable-1200x1200.jpg"},{"@type":"BreadcrumbList","@id":"https:\/\/impresiondigitalgranformato.es\/carteles-luminosos-portatiles\/#breadcrumb","itemListElement":[{"@type":"ListItem","position":1,"name":"Portada","item":"https:\/\/impresiondigitalgranformato.es\/"},{"@type":"ListItem","position":2,"name":"Carteles luminosos port\u00e1tiles"}]},{"@type":"WebSite","@id":"https:\/\/impresiondigitalgranformato.es\/#website","url":"https:\/\/impresiondigitalgranformato.es\/","name":"Los + baratos","description":"impresi\u00f3n digital gran formato venta de roll up, banner, banderas, lonas, carteles, displays, publicidad","publisher":{"@id":"https:\/\/impresiondigitalgranformato.es\/#organization"},"potentialAction":[{"@type":"SearchAction","target":{"@type":"EntryPoint","urlTemplate":"https:\/\/impresiondigitalgranformato.es\/?s={search_term_string}"},"query-input":{"@type":"PropertyValueSpecification","valueRequired":true,"valueName":"search_term_string"}}],"inLanguage":"es"},{"@type":"Organization","@id":"https:\/\/impresiondigitalgranformato.es\/#organization","name":"Los + baratos","url":"https:\/\/impresiondigitalgranformato.es\/","logo":{"@type":"ImageObject","inLanguage":"es","@id":"https:\/\/impresiondigitalgranformato.es\/#\/schema\/logo\/image\/","url":"https:\/\/i0.wp.com\/impresiondigitalgranformato.es\/wp-content\/uploads\/2016\/12\/cropped-logotipo-2-e1483373659766.png?fit=500%2C101&ssl=1","contentUrl":"https:\/\/i0.wp.com\/impresiondigitalgranformato.es\/wp-content\/uploads\/2016\/12\/cropped-logotipo-2-e1483373659766.png?fit=500%2C101&ssl=1","width":500,"height":101,"caption":"Los + baratos"},"image":{"@id":"https:\/\/impresiondigitalgranformato.es\/#\/schema\/logo\/image\/"}}]}},"jetpack_sharing_enabled":true,"_links":{"self":[{"href":"https:\/\/impresiondigitalgranformato.es\/es_es\/wp-json\/wp\/v2\/pages\/16049","targetHints":{"allow":["GET"]}}],"collection":[{"href":"https:\/\/impresiondigitalgranformato.es\/es_es\/wp-json\/wp\/v2\/pages"}],"about":[{"href":"https:\/\/impresiondigitalgranformato.es\/es_es\/wp-json\/wp\/v2\/types\/page"}],"author":[{"embeddable":true,"href":"https:\/\/impresiondigitalgranformato.es\/es_es\/wp-json\/wp\/v2\/users\/1"}],"replies":[{"embeddable":true,"href":"https:\/\/impresiondigitalgranformato.es\/es_es\/wp-json\/wp\/v2\/comments?post=16049"}],"version-history":[{"count":8,"href":"https:\/\/impresiondigitalgranformato.es\/es_es\/wp-json\/wp\/v2\/pages\/16049\/revisions"}],"predecessor-version":[{"id":16190,"href":"https:\/\/impresiondigitalgranformato.es\/es_es\/wp-json\/wp\/v2\/pages\/16049\/revisions\/16190"}],"wp:attachment":[{"href":"https:\/\/impresiondigitalgranformato.es\/es_es\/wp-json\/wp\/v2\/media?parent=16049"}],"curies":[{"name":"wp","href":"https:\/\/api.w.org\/{rel}","templated":true}]}}