{"id":16274,"date":"2024-02-10T12:56:31","date_gmt":"2024-02-10T11:56:31","guid":{"rendered":"https:\/\/impresiondigitalgranformato.es\/?page_id=16274"},"modified":"2025-07-10T16:45:05","modified_gmt":"2025-07-10T14:45:05","slug":"photocall-baratos-economicos","status":"publish","type":"page","link":"https:\/\/impresiondigitalgranformato.es\/es_es\/photocall-baratos-economicos\/","title":{"rendered":"Photocall baratos"},"content":{"rendered":"\n<h2 class=\"wp-block-heading has-text-align-center has-vivid-cyan-blue-color has-text-color has-x-large-font-size\" style=\"text-transform:capitalize\">Photocall econ\u00f3micos<\/h2>\n\n\n\n<p class=\"has-text-align-justify has-medium-font-size\">Los photocall econ\u00f3micos son un adorno y herramienta imprescindible en sus eventos tanto a nivel personal como en cumplea\u00f1os, comuniones, bodas, aniversarios &#8230; Como a nivel profesional para informar y publicitar su marca y productos en ferias, convenciones, puntos de venta, tiendas&#8230; Y si ademas son <strong>photocall baratos <\/strong>como los muros publicitarios que nosotros vendemos pues mucho mejor para usted.<\/p>\n\n\n\n<div class=\"wp-block-columns is-layout-flex wp-container-core-columns-is-layout-9d6595d7 wp-block-columns-is-layout-flex\">\n<div class=\"wp-block-column is-vertically-aligned-top is-layout-flow wp-block-column-is-layout-flow\"><div class=\"wp-block-image\">\n<figure class=\"aligncenter size-full\"><a href=\"https:\/\/impresiondigitalgranformato.es\/producto\/photocall-barato-170-x-200\/\"><img data-recalc-dims=\"1\" loading=\"lazy\" decoding=\"async\" width=\"631\" height=\"631\" src=\"https:\/\/i0.wp.com\/impresiondigitalgranformato.es\/wp-content\/uploads\/2024\/02\/photocall-barato.jpg?resize=631%2C631\" alt=\"photocall barato\" class=\"wp-image-16296\" style=\"object-fit:cover\" srcset=\"https:\/\/i0.wp.com\/impresiondigitalgranformato.es\/wp-content\/uploads\/2024\/02\/photocall-barato.jpg?w=631&amp;ssl=1 631w, https:\/\/i0.wp.com\/impresiondigitalgranformato.es\/wp-content\/uploads\/2024\/02\/photocall-barato.jpg?resize=600%2C600&amp;ssl=1 600w, https:\/\/i0.wp.com\/impresiondigitalgranformato.es\/wp-content\/uploads\/2024\/02\/photocall-barato.jpg?resize=300%2C300&amp;ssl=1 300w, https:\/\/i0.wp.com\/impresiondigitalgranformato.es\/wp-content\/uploads\/2024\/02\/photocall-barato.jpg?resize=500%2C500&amp;ssl=1 500w, https:\/\/i0.wp.com\/impresiondigitalgranformato.es\/wp-content\/uploads\/2024\/02\/photocall-barato.jpg?resize=100%2C100&amp;ssl=1 100w\" sizes=\"auto, (max-width: 631px) 100vw, 631px\" \/><\/a><\/figure>\n<\/div>\n\n\n<p class=\"has-text-align-center has-vivid-cyan-blue-color has-text-color has-medium-font-size\"><strong>Photocall de 170 x 200 cm<\/strong><\/p>\n\n\n\n<p class=\"has-text-align-justify has-medium-font-size\">El photocall mas barato que ofrecemos. Incluye gr\u00e1fica en lona de pvc y 2 estructuras en X para su colocaci\u00f3n. Muy  utilizado en cumplea\u00f1os y comuniones. <strong>Env\u00edo Gratis.<\/strong><\/p>\n\n\n\n<div class=\"wp-block-buttons is-content-justification-center is-layout-flex wp-container-core-buttons-is-layout-16018d1d wp-block-buttons-is-layout-flex\">\n<div class=\"wp-block-button\"><a class=\"wp-block-button__link has-midnight-gradient-background has-background wp-element-button\" href=\"https:\/\/impresiondigitalgranformato.es\/producto\/photocall-barato-170-x-200\/\"><strong>Ver Photocall<\/strong><\/a><\/div>\n<\/div>\n\n\n\n<hr class=\"wp-block-separator aligncenter has-alpha-channel-opacity\"\/>\n<\/div>\n\n\n\n<div class=\"wp-block-column is-layout-flow wp-block-column-is-layout-flow\"><div class=\"wp-block-image\">\n<figure class=\"aligncenter size-full\"><a href=\"https:\/\/impresiondigitalgranformato.es\/producto\/photocall-barato-200x200\/\"><img data-recalc-dims=\"1\" loading=\"lazy\" decoding=\"async\" width=\"631\" height=\"631\" src=\"https:\/\/i0.wp.com\/impresiondigitalgranformato.es\/wp-content\/uploads\/2024\/02\/Photocall-barato-de-200%C3%97200.jpg?resize=631%2C631\" alt=\"Photocall barato de 2x2\" class=\"wp-image-16298\" style=\"aspect-ratio:0.99609375;object-fit:contain\" srcset=\"https:\/\/i0.wp.com\/impresiondigitalgranformato.es\/wp-content\/uploads\/2024\/02\/Photocall-barato-de-200%C3%97200.jpg?w=631&amp;ssl=1 631w, https:\/\/i0.wp.com\/impresiondigitalgranformato.es\/wp-content\/uploads\/2024\/02\/Photocall-barato-de-200%C3%97200.jpg?resize=600%2C600&amp;ssl=1 600w, https:\/\/i0.wp.com\/impresiondigitalgranformato.es\/wp-content\/uploads\/2024\/02\/Photocall-barato-de-200%C3%97200.jpg?resize=300%2C300&amp;ssl=1 300w, https:\/\/i0.wp.com\/impresiondigitalgranformato.es\/wp-content\/uploads\/2024\/02\/Photocall-barato-de-200%C3%97200.jpg?resize=500%2C500&amp;ssl=1 500w, https:\/\/i0.wp.com\/impresiondigitalgranformato.es\/wp-content\/uploads\/2024\/02\/Photocall-barato-de-200%C3%97200.jpg?resize=100%2C100&amp;ssl=1 100w\" sizes=\"auto, (max-width: 631px) 100vw, 631px\" \/><\/a><\/figure>\n<\/div>\n\n\n<p class=\"has-text-align-center has-vivid-cyan-blue-color has-text-color has-medium-font-size\"><strong>Photocall de 200 x 200 cm<\/strong><\/p>\n\n\n\n<p class=\"has-text-align-justify has-medium-font-size\">Photocall de 2 x 2 metros. Incluye gr\u00e1fica personalizada en lona de pvc y 2 estructuras en X para el montaje. Utilizado en aniversarios y reuniones. <strong>Env\u00edo Gratis.<\/strong><\/p>\n\n\n\n<div class=\"wp-block-buttons is-content-justification-center is-layout-flex wp-container-core-buttons-is-layout-16018d1d wp-block-buttons-is-layout-flex\">\n<div class=\"wp-block-button\"><a class=\"wp-block-button__link has-midnight-gradient-background has-background wp-element-button\" href=\"https:\/\/impresiondigitalgranformato.es\/producto\/photocall-barato-200x200\/\"><strong>Ver Photocall<\/strong><\/a><\/div>\n<\/div>\n\n\n\n<hr class=\"wp-block-separator has-alpha-channel-opacity\"\/>\n<\/div>\n\n\n\n<div class=\"wp-block-column is-layout-flow wp-block-column-is-layout-flow\"><div class=\"wp-block-image\">\n<figure class=\"aligncenter size-full\"><a href=\"https:\/\/impresiondigitalgranformato.es\/producto\/photocall-economico\/\"><img data-recalc-dims=\"1\" loading=\"lazy\" decoding=\"async\" width=\"631\" height=\"631\" src=\"https:\/\/i0.wp.com\/impresiondigitalgranformato.es\/wp-content\/uploads\/2024\/02\/photocall-economico-1.jpg?resize=631%2C631\" alt=\"photocall economico\" class=\"wp-image-16299\" srcset=\"https:\/\/i0.wp.com\/impresiondigitalgranformato.es\/wp-content\/uploads\/2024\/02\/photocall-economico-1.jpg?w=631&amp;ssl=1 631w, https:\/\/i0.wp.com\/impresiondigitalgranformato.es\/wp-content\/uploads\/2024\/02\/photocall-economico-1.jpg?resize=600%2C600&amp;ssl=1 600w, https:\/\/i0.wp.com\/impresiondigitalgranformato.es\/wp-content\/uploads\/2024\/02\/photocall-economico-1.jpg?resize=300%2C300&amp;ssl=1 300w, https:\/\/i0.wp.com\/impresiondigitalgranformato.es\/wp-content\/uploads\/2024\/02\/photocall-economico-1.jpg?resize=500%2C500&amp;ssl=1 500w, https:\/\/i0.wp.com\/impresiondigitalgranformato.es\/wp-content\/uploads\/2024\/02\/photocall-economico-1.jpg?resize=100%2C100&amp;ssl=1 100w\" sizes=\"auto, (max-width: 631px) 100vw, 631px\" \/><\/a><\/figure>\n<\/div>\n\n\n<p class=\"has-text-align-center has-vivid-cyan-blue-color has-text-color has-medium-font-size\"><strong>Photocall de 250 x 200 cm<\/strong><\/p>\n\n\n\n<p class=\"has-text-align-justify has-medium-font-size\">Photocall de 250 cm de ancho por 2 metros de altura. Contiene gr\u00e1fica personalizada en lona y 3 estructuras en X. Muy utilizada para empresas y bodas. <strong>Env\u00edo Gratis<\/strong><\/p>\n\n\n\n<div class=\"wp-block-buttons is-content-justification-center is-layout-flex wp-container-core-buttons-is-layout-16018d1d wp-block-buttons-is-layout-flex\">\n<div class=\"wp-block-button\"><a class=\"wp-block-button__link has-midnight-gradient-background has-background wp-element-button\" href=\"https:\/\/impresiondigitalgranformato.es\/producto\/photocall-economico\/\"><strong>Ver Photocall<\/strong><\/a><\/div>\n<\/div>\n\n\n\n<hr class=\"wp-block-separator aligncenter has-alpha-channel-opacity\"\/>\n<\/div>\n<\/div>\n\n\n\n<div class=\"wp-block-columns is-layout-flex wp-container-core-columns-is-layout-9d6595d7 wp-block-columns-is-layout-flex\">\n<div class=\"wp-block-column is-layout-flow wp-block-column-is-layout-flow\"><div class=\"wp-block-image\">\n<figure class=\"aligncenter size-full\"><a href=\"https:\/\/impresiondigitalgranformato.es\/producto\/photocall-de-3-metros\/\"><img data-recalc-dims=\"1\" loading=\"lazy\" decoding=\"async\" width=\"631\" height=\"631\" src=\"https:\/\/i0.wp.com\/impresiondigitalgranformato.es\/wp-content\/uploads\/2024\/02\/photocall-barato-de-3-metros.jpg?resize=631%2C631\" alt=\"photocall barato de 3 metros\" class=\"wp-image-16316\" srcset=\"https:\/\/i0.wp.com\/impresiondigitalgranformato.es\/wp-content\/uploads\/2024\/02\/photocall-barato-de-3-metros.jpg?w=631&amp;ssl=1 631w, https:\/\/i0.wp.com\/impresiondigitalgranformato.es\/wp-content\/uploads\/2024\/02\/photocall-barato-de-3-metros.jpg?resize=600%2C600&amp;ssl=1 600w, https:\/\/i0.wp.com\/impresiondigitalgranformato.es\/wp-content\/uploads\/2024\/02\/photocall-barato-de-3-metros.jpg?resize=300%2C300&amp;ssl=1 300w, https:\/\/i0.wp.com\/impresiondigitalgranformato.es\/wp-content\/uploads\/2024\/02\/photocall-barato-de-3-metros.jpg?resize=500%2C500&amp;ssl=1 500w, https:\/\/i0.wp.com\/impresiondigitalgranformato.es\/wp-content\/uploads\/2024\/02\/photocall-barato-de-3-metros.jpg?resize=100%2C100&amp;ssl=1 100w\" sizes=\"auto, (max-width: 631px) 100vw, 631px\" \/><\/a><\/figure>\n<\/div>\n\n\n<p class=\"has-text-align-center has-vivid-cyan-blue-color has-text-color has-medium-font-size\"><strong>Photocall de 320 x 200 cm<\/strong><\/p>\n\n\n\n<p class=\"has-text-align-justify has-medium-font-size\">Photocall de 320 cm de ancho por un alto de 200 cm. Incluye gr\u00e1fica personalizada en lona y 4 estructuras en X. Utilizado como photocall para presentaci\u00f3n de productos. <strong>Env\u00edo Gratis.<\/strong><\/p>\n\n\n\n<div class=\"wp-block-buttons is-content-justification-center is-layout-flex wp-container-core-buttons-is-layout-16018d1d wp-block-buttons-is-layout-flex\">\n<div class=\"wp-block-button\"><a class=\"wp-block-button__link has-midnight-gradient-background has-background wp-element-button\" href=\"https:\/\/impresiondigitalgranformato.es\/producto\/photocall-de-3-metros\/\"><strong>Ver Photocall<\/strong><\/a><\/div>\n<\/div>\n\n\n\n<hr class=\"wp-block-separator aligncenter has-alpha-channel-opacity\"\/>\n<\/div>\n\n\n\n<div class=\"wp-block-column is-layout-flow wp-block-column-is-layout-flow\"><\/div>\n\n\n\n<div class=\"wp-block-column is-layout-flow wp-block-column-is-layout-flow\"><\/div>\n<\/div>\n\n\n\n<h2 class=\"wp-block-heading has-text-align-center has-vivid-cyan-blue-color has-text-color\">Que es un Photocall<\/h2>\n\n\n\n<p class=\"has-text-align-justify has-medium-font-size\">Un photocall es un fondo decorado, normalmente consiste en un cartel de grandes dism\u00e9nsiones colocado en la pared. O una lona de gran tama\u00f1o con su propia estructura para su colocaci\u00f3n, como ofrecemos en esta secci\u00f3n de photocall econ\u00f3micos de <strong>impresiondigitalgranformato.es<\/strong><\/p>\n\n\n\n<h2 class=\"wp-block-heading has-text-align-center has-vivid-cyan-blue-color has-text-color\">Como dise\u00f1ar el photocall para tu evento o fiesta<\/h2>\n\n\n\n<p class=\"has-text-align-justify has-medium-font-size\">Estos muros decorativos sueles dise\u00f1arse de manera creativa y atractiva ya que van a ser una pieza clave en  su evento o fiesta.  <\/p>\n\n\n\n<p class=\"has-text-align-justify has-medium-font-size\"><strong>Para eventos profesionales<\/strong> se suele colocar en el fotocol el logotipo de la marca en la parte central superior e im\u00e1genes de los productos y textos a izquierda y derecha. De tal manera que el fondo central y parte inferior quede decorado con un color atractivo e incluso con el mimo logotipo repetido varias veces a modo de marca de agua. ya que en esta parte es donde se pondr\u00e1n los asistentes al eventos al ser fotografiados.  <\/p>\n\n\n\n<p class=\"has-text-align-justify has-medium-font-size\"><strong>Para eventos personales<\/strong> se suele poner una gran imagen de la persona homenajeada y al lado un texto felicit\u00e1ndole por su bautizo, comuni\u00f3n, boda&#8230; Tambi\u00e9n en los photocall para cumplea\u00f1os, aniversario y graduaciones se suele imprimir una cascada de fotograf\u00edas a lo largo del tiempo hasta llegar a esta fiesta, que estamos celebrando en su honor.<\/p>\n\n\n\n<h2 class=\"wp-block-heading has-text-align-center has-vivid-cyan-blue-color has-text-color\">Para que se utiliza un Photocall<\/h2>\n\n\n\n<p class=\"has-text-align-justify has-medium-font-size\">Los photocall son herramientas publicitarias que se utilizan para promocionar un evento o fiesta como cumplea\u00f1os, comuniones, bodas, aniversarios&#8230; Su intenci\u00f3n principal es crear un ambiente festivo y promocionar la marca o el servicio a trav\u00e9s de las fotograf\u00edas tomadas con y por los asistentes. Ademas este tipo de im\u00e1genes suelen ser compartidas en redes sociales, medios de difusi\u00f3n y noticiarios. De esta manera gracias a los fotocall se consigue una gran publicidad de su empresa y productos.<\/p>\n\n\n\n<h2 class=\"wp-block-heading has-text-align-center has-vivid-cyan-blue-color has-text-color\">Que tama\u00f1o de photocall econ\u00f3micos elegir<\/h2>\n\n\n\n<p class=\"has-text-align-justify has-medium-font-size\">El tama\u00f1o de photocall a elegir depender\u00e1 del espacio que tenga para su colocaci\u00f3n donde va a celebrar el evento o fiesta, y del numero de personas que quiera que se puedan retratar juntas. <strong>El photocall barato de 170 x 200 cm<\/strong> valdr\u00eda para 1 \u00f3 2 personas, el <strong>photocall barato de 200 x 200 cm<\/strong> para 3 \u00f3 4 personas, el <strong>photocall econ\u00f3mico de 250 x 200 cm<\/strong> para 4 \u00f3 5 personas y el<strong> photocall de 3 metros<\/strong> por 2 metros de altura para un maximo de 7 personas.<\/p>\n","protected":false},"excerpt":{"rendered":"<p>Photocall econ\u00f3micos Los photocall econ\u00f3micos son un adorno y herramienta imprescindible en sus eventos tanto a nivel personal como en cumplea\u00f1os, comuniones, bodas, aniversarios &#8230; Como a nivel profesional para informar y publicitar su marca y productos en ferias, convenciones, puntos de venta, tiendas&#8230; Y si ademas son photocall baratos como los muros publicitarios que [&hellip;]<\/p>\n","protected":false},"author":1,"featured_media":0,"parent":0,"menu_order":0,"comment_status":"closed","ping_status":"closed","template":"","meta":{"footnotes":""},"class_list":["post-16274","page","type-page","status-publish","hentry"],"yoast_head":"<!-- This site is optimized with the Yoast SEO plugin v27.3 - https:\/\/yoast.com\/product\/yoast-seo-wordpress\/ -->\n<title>Photocall baratos - Los + baratos - econ\u00f3micos<\/title>\n<meta name=\"description\" content=\"Photocall econ\u00f3micos con gr\u00e1fica personalizada en lona y estructura para su montaje. Env\u00edo gratis con entrega en 24 horas.\" \/>\n<meta name=\"robots\" content=\"index, follow, max-snippet:-1, max-image-preview:large, max-video-preview:-1\" \/>\n<link rel=\"canonical\" href=\"https:\/\/impresiondigitalgranformato.es\/es_es\/photocall-baratos-economicos\/\" \/>\n<meta property=\"og:locale\" content=\"es_ES\" \/>\n<meta property=\"og:type\" content=\"article\" \/>\n<meta property=\"og:title\" content=\"Photocall baratos - Los + baratos - econ\u00f3micos\" \/>\n<meta property=\"og:description\" content=\"Photocall econ\u00f3micos con gr\u00e1fica personalizada en lona y estructura para su montaje. Env\u00edo gratis con entrega en 24 horas.\" \/>\n<meta property=\"og:url\" content=\"https:\/\/impresiondigitalgranformato.es\/es_es\/photocall-baratos-economicos\/\" \/>\n<meta property=\"og:site_name\" content=\"Los + baratos\" \/>\n<meta property=\"article:modified_time\" content=\"2025-07-10T14:45:05+00:00\" \/>\n<meta property=\"og:image\" content=\"http:\/\/impresiondigitalgranformato.es\/wp-content\/uploads\/2024\/02\/photocall-barato.jpg\" \/>\n<meta name=\"twitter:card\" content=\"summary_large_image\" \/>\n<meta name=\"twitter:label1\" content=\"Tiempo de lectura\" \/>\n\t<meta name=\"twitter:data1\" content=\"4 minutos\" \/>\n<script type=\"application\/ld+json\" class=\"yoast-schema-graph\">{\"@context\":\"https:\\\/\\\/schema.org\",\"@graph\":[{\"@type\":\"WebPage\",\"@id\":\"https:\\\/\\\/impresiondigitalgranformato.es\\\/photocall-baratos-economicos\\\/\",\"url\":\"https:\\\/\\\/impresiondigitalgranformato.es\\\/photocall-baratos-economicos\\\/\",\"name\":\"Photocall baratos - Los + baratos - econ\u00f3micos\",\"isPartOf\":{\"@id\":\"https:\\\/\\\/impresiondigitalgranformato.es\\\/#website\"},\"primaryImageOfPage\":{\"@id\":\"https:\\\/\\\/impresiondigitalgranformato.es\\\/photocall-baratos-economicos\\\/#primaryimage\"},\"image\":{\"@id\":\"https:\\\/\\\/impresiondigitalgranformato.es\\\/photocall-baratos-economicos\\\/#primaryimage\"},\"thumbnailUrl\":\"http:\\\/\\\/impresiondigitalgranformato.es\\\/wp-content\\\/uploads\\\/2024\\\/02\\\/photocall-barato.jpg\",\"datePublished\":\"2024-02-10T11:56:31+00:00\",\"dateModified\":\"2025-07-10T14:45:05+00:00\",\"description\":\"Photocall econ\u00f3micos con gr\u00e1fica personalizada en lona y estructura para su montaje. Env\u00edo gratis con entrega en 24 horas.\",\"breadcrumb\":{\"@id\":\"https:\\\/\\\/impresiondigitalgranformato.es\\\/photocall-baratos-economicos\\\/#breadcrumb\"},\"inLanguage\":\"es\",\"potentialAction\":[{\"@type\":\"ReadAction\",\"target\":[\"https:\\\/\\\/impresiondigitalgranformato.es\\\/photocall-baratos-economicos\\\/\"]}]},{\"@type\":\"ImageObject\",\"inLanguage\":\"es\",\"@id\":\"https:\\\/\\\/impresiondigitalgranformato.es\\\/photocall-baratos-economicos\\\/#primaryimage\",\"url\":\"http:\\\/\\\/impresiondigitalgranformato.es\\\/wp-content\\\/uploads\\\/2024\\\/02\\\/photocall-barato.jpg\",\"contentUrl\":\"http:\\\/\\\/impresiondigitalgranformato.es\\\/wp-content\\\/uploads\\\/2024\\\/02\\\/photocall-barato.jpg\"},{\"@type\":\"BreadcrumbList\",\"@id\":\"https:\\\/\\\/impresiondigitalgranformato.es\\\/photocall-baratos-economicos\\\/#breadcrumb\",\"itemListElement\":[{\"@type\":\"ListItem\",\"position\":1,\"name\":\"Portada\",\"item\":\"https:\\\/\\\/impresiondigitalgranformato.es\\\/\"},{\"@type\":\"ListItem\",\"position\":2,\"name\":\"Photocall baratos\"}]},{\"@type\":\"WebSite\",\"@id\":\"https:\\\/\\\/impresiondigitalgranformato.es\\\/#website\",\"url\":\"https:\\\/\\\/impresiondigitalgranformato.es\\\/\",\"name\":\"Los + baratos\",\"description\":\"impresi\u00f3n digital gran formato venta de roll up, banner, banderas, lonas, carteles, displays, publicidad\",\"publisher\":{\"@id\":\"https:\\\/\\\/impresiondigitalgranformato.es\\\/#organization\"},\"potentialAction\":[{\"@type\":\"SearchAction\",\"target\":{\"@type\":\"EntryPoint\",\"urlTemplate\":\"https:\\\/\\\/impresiondigitalgranformato.es\\\/?s={search_term_string}\"},\"query-input\":{\"@type\":\"PropertyValueSpecification\",\"valueRequired\":true,\"valueName\":\"search_term_string\"}}],\"inLanguage\":\"es\"},{\"@type\":\"Organization\",\"@id\":\"https:\\\/\\\/impresiondigitalgranformato.es\\\/#organization\",\"name\":\"Los + baratos\",\"url\":\"https:\\\/\\\/impresiondigitalgranformato.es\\\/\",\"logo\":{\"@type\":\"ImageObject\",\"inLanguage\":\"es\",\"@id\":\"https:\\\/\\\/impresiondigitalgranformato.es\\\/#\\\/schema\\\/logo\\\/image\\\/\",\"url\":\"https:\\\/\\\/i0.wp.com\\\/impresiondigitalgranformato.es\\\/wp-content\\\/uploads\\\/2016\\\/12\\\/cropped-logotipo-2-e1483373659766.png?fit=500%2C101&ssl=1\",\"contentUrl\":\"https:\\\/\\\/i0.wp.com\\\/impresiondigitalgranformato.es\\\/wp-content\\\/uploads\\\/2016\\\/12\\\/cropped-logotipo-2-e1483373659766.png?fit=500%2C101&ssl=1\",\"width\":500,\"height\":101,\"caption\":\"Los + baratos\"},\"image\":{\"@id\":\"https:\\\/\\\/impresiondigitalgranformato.es\\\/#\\\/schema\\\/logo\\\/image\\\/\"}}]}<\/script>\n<!-- \/ Yoast SEO plugin. -->","yoast_head_json":{"title":"Photocall baratos - Los + baratos - econ\u00f3micos","description":"Photocall econ\u00f3micos con gr\u00e1fica personalizada en lona y estructura para su montaje. Env\u00edo gratis con entrega en 24 horas.","robots":{"index":"index","follow":"follow","max-snippet":"max-snippet:-1","max-image-preview":"max-image-preview:large","max-video-preview":"max-video-preview:-1"},"canonical":"https:\/\/impresiondigitalgranformato.es\/es_es\/photocall-baratos-economicos\/","og_locale":"es_ES","og_type":"article","og_title":"Photocall baratos - Los + baratos - econ\u00f3micos","og_description":"Photocall econ\u00f3micos con gr\u00e1fica personalizada en lona y estructura para su montaje. Env\u00edo gratis con entrega en 24 horas.","og_url":"https:\/\/impresiondigitalgranformato.es\/es_es\/photocall-baratos-economicos\/","og_site_name":"Los + baratos","article_modified_time":"2025-07-10T14:45:05+00:00","og_image":[{"url":"http:\/\/impresiondigitalgranformato.es\/wp-content\/uploads\/2024\/02\/photocall-barato.jpg","type":"","width":"","height":""}],"twitter_card":"summary_large_image","twitter_misc":{"Tiempo de lectura":"4 minutos"},"schema":{"@context":"https:\/\/schema.org","@graph":[{"@type":"WebPage","@id":"https:\/\/impresiondigitalgranformato.es\/photocall-baratos-economicos\/","url":"https:\/\/impresiondigitalgranformato.es\/photocall-baratos-economicos\/","name":"Photocall baratos - Los + baratos - econ\u00f3micos","isPartOf":{"@id":"https:\/\/impresiondigitalgranformato.es\/#website"},"primaryImageOfPage":{"@id":"https:\/\/impresiondigitalgranformato.es\/photocall-baratos-economicos\/#primaryimage"},"image":{"@id":"https:\/\/impresiondigitalgranformato.es\/photocall-baratos-economicos\/#primaryimage"},"thumbnailUrl":"http:\/\/impresiondigitalgranformato.es\/wp-content\/uploads\/2024\/02\/photocall-barato.jpg","datePublished":"2024-02-10T11:56:31+00:00","dateModified":"2025-07-10T14:45:05+00:00","description":"Photocall econ\u00f3micos con gr\u00e1fica personalizada en lona y estructura para su montaje. Env\u00edo gratis con entrega en 24 horas.","breadcrumb":{"@id":"https:\/\/impresiondigitalgranformato.es\/photocall-baratos-economicos\/#breadcrumb"},"inLanguage":"es","potentialAction":[{"@type":"ReadAction","target":["https:\/\/impresiondigitalgranformato.es\/photocall-baratos-economicos\/"]}]},{"@type":"ImageObject","inLanguage":"es","@id":"https:\/\/impresiondigitalgranformato.es\/photocall-baratos-economicos\/#primaryimage","url":"http:\/\/impresiondigitalgranformato.es\/wp-content\/uploads\/2024\/02\/photocall-barato.jpg","contentUrl":"http:\/\/impresiondigitalgranformato.es\/wp-content\/uploads\/2024\/02\/photocall-barato.jpg"},{"@type":"BreadcrumbList","@id":"https:\/\/impresiondigitalgranformato.es\/photocall-baratos-economicos\/#breadcrumb","itemListElement":[{"@type":"ListItem","position":1,"name":"Portada","item":"https:\/\/impresiondigitalgranformato.es\/"},{"@type":"ListItem","position":2,"name":"Photocall baratos"}]},{"@type":"WebSite","@id":"https:\/\/impresiondigitalgranformato.es\/#website","url":"https:\/\/impresiondigitalgranformato.es\/","name":"Los + baratos","description":"impresi\u00f3n digital gran formato venta de roll up, banner, banderas, lonas, carteles, displays, publicidad","publisher":{"@id":"https:\/\/impresiondigitalgranformato.es\/#organization"},"potentialAction":[{"@type":"SearchAction","target":{"@type":"EntryPoint","urlTemplate":"https:\/\/impresiondigitalgranformato.es\/?s={search_term_string}"},"query-input":{"@type":"PropertyValueSpecification","valueRequired":true,"valueName":"search_term_string"}}],"inLanguage":"es"},{"@type":"Organization","@id":"https:\/\/impresiondigitalgranformato.es\/#organization","name":"Los + baratos","url":"https:\/\/impresiondigitalgranformato.es\/","logo":{"@type":"ImageObject","inLanguage":"es","@id":"https:\/\/impresiondigitalgranformato.es\/#\/schema\/logo\/image\/","url":"https:\/\/i0.wp.com\/impresiondigitalgranformato.es\/wp-content\/uploads\/2016\/12\/cropped-logotipo-2-e1483373659766.png?fit=500%2C101&ssl=1","contentUrl":"https:\/\/i0.wp.com\/impresiondigitalgranformato.es\/wp-content\/uploads\/2016\/12\/cropped-logotipo-2-e1483373659766.png?fit=500%2C101&ssl=1","width":500,"height":101,"caption":"Los + baratos"},"image":{"@id":"https:\/\/impresiondigitalgranformato.es\/#\/schema\/logo\/image\/"}}]}},"jetpack_sharing_enabled":true,"_links":{"self":[{"href":"https:\/\/impresiondigitalgranformato.es\/es_es\/wp-json\/wp\/v2\/pages\/16274","targetHints":{"allow":["GET"]}}],"collection":[{"href":"https:\/\/impresiondigitalgranformato.es\/es_es\/wp-json\/wp\/v2\/pages"}],"about":[{"href":"https:\/\/impresiondigitalgranformato.es\/es_es\/wp-json\/wp\/v2\/types\/page"}],"author":[{"embeddable":true,"href":"https:\/\/impresiondigitalgranformato.es\/es_es\/wp-json\/wp\/v2\/users\/1"}],"replies":[{"embeddable":true,"href":"https:\/\/impresiondigitalgranformato.es\/es_es\/wp-json\/wp\/v2\/comments?post=16274"}],"version-history":[{"count":29,"href":"https:\/\/impresiondigitalgranformato.es\/es_es\/wp-json\/wp\/v2\/pages\/16274\/revisions"}],"predecessor-version":[{"id":17793,"href":"https:\/\/impresiondigitalgranformato.es\/es_es\/wp-json\/wp\/v2\/pages\/16274\/revisions\/17793"}],"wp:attachment":[{"href":"https:\/\/impresiondigitalgranformato.es\/es_es\/wp-json\/wp\/v2\/media?parent=16274"}],"curies":[{"name":"wp","href":"https:\/\/api.w.org\/{rel}","templated":true}]}}