{"id":16823,"date":"2024-07-29T13:52:25","date_gmt":"2024-07-29T11:52:25","guid":{"rendered":"https:\/\/impresiondigitalgranformato.es\/?page_id=16823"},"modified":"2024-08-14T19:16:08","modified_gmt":"2024-08-14T17:16:08","slug":"vinilo-para-rotulacion","status":"publish","type":"page","link":"https:\/\/impresiondigitalgranformato.es\/es_es\/vinilo-para-rotulacion\/","title":{"rendered":"Vinilo para rotulaci\u00f3n"},"content":{"rendered":"\n<p class=\"has-text-align-center has-medium-font-size\"><strong>Vinilo para rotulaci\u00f3n impreso, vinilo de corte y vinilo efecto \u00e1cido o chorro de arena para rotular todo tipo de superficies.<\/strong><\/p>\n\n\n\n<div class=\"wp-block-columns is-layout-flex wp-container-core-columns-is-layout-9d6595d7 wp-block-columns-is-layout-flex\">\n<div class=\"wp-block-column is-layout-flow wp-block-column-is-layout-flow\"><div class=\"wp-block-image\">\n<figure class=\"aligncenter size-full is-resized\"><a href=\"https:\/\/impresiondigitalgranformato.es\/producto\/vinilo-para-rotular-carteles\/\"><img data-recalc-dims=\"1\" loading=\"lazy\" decoding=\"async\" width=\"640\" height=\"640\" src=\"https:\/\/i0.wp.com\/impresiondigitalgranformato.es\/wp-content\/uploads\/2024\/07\/vinilo-para-rotulacion-de-superfies-planas.jpg?resize=640%2C640\" alt=\"vinilo para rotular carteles\" class=\"wp-image-16768\" style=\"width:274px;height:auto\" srcset=\"https:\/\/i0.wp.com\/impresiondigitalgranformato.es\/wp-content\/uploads\/2024\/07\/vinilo-para-rotulacion-de-superfies-planas.jpg?w=986&amp;ssl=1 986w, https:\/\/i0.wp.com\/impresiondigitalgranformato.es\/wp-content\/uploads\/2024\/07\/vinilo-para-rotulacion-de-superfies-planas.jpg?resize=600%2C600&amp;ssl=1 600w, https:\/\/i0.wp.com\/impresiondigitalgranformato.es\/wp-content\/uploads\/2024\/07\/vinilo-para-rotulacion-de-superfies-planas.jpg?resize=300%2C300&amp;ssl=1 300w, https:\/\/i0.wp.com\/impresiondigitalgranformato.es\/wp-content\/uploads\/2024\/07\/vinilo-para-rotulacion-de-superfies-planas.jpg?resize=768%2C768&amp;ssl=1 768w, https:\/\/i0.wp.com\/impresiondigitalgranformato.es\/wp-content\/uploads\/2024\/07\/vinilo-para-rotulacion-de-superfies-planas.jpg?resize=500%2C500&amp;ssl=1 500w, https:\/\/i0.wp.com\/impresiondigitalgranformato.es\/wp-content\/uploads\/2024\/07\/vinilo-para-rotulacion-de-superfies-planas.jpg?resize=100%2C100&amp;ssl=1 100w\" sizes=\"auto, (max-width: 640px) 100vw, 640px\" \/><\/a><\/figure>\n<\/div>\n\n\n<p class=\"has-text-align-center\">Vinilo impreso para superficies planas. Rotulaci\u00f3n de chapas, metacrilatos, cristales, azulejos &#8230; Vinilos en impresi\u00f3n digital de alta calidad.<\/p>\n\n\n\n<div class=\"wp-block-buttons is-content-justification-center is-layout-flex wp-container-core-buttons-is-layout-16018d1d wp-block-buttons-is-layout-flex\">\n<div class=\"wp-block-button\"><a class=\"wp-block-button__link has-midnight-gradient-background has-background has-text-align-center wp-element-button\" href=\"https:\/\/impresiondigitalgranformato.es\/producto\/vinilo-para-rotular-carteles\/\">Ver Vinilo de rotulaci\u00f3n<\/a><\/div>\n<\/div>\n<\/div>\n\n\n\n<div class=\"wp-block-column is-layout-flow wp-block-column-is-layout-flow\">\n<figure class=\"wp-block-image size-full is-resized\"><a href=\"https:\/\/impresiondigitalgranformato.es\/vinilo-para-rotular-cristales-al-acido\/\"><img data-recalc-dims=\"1\" loading=\"lazy\" decoding=\"async\" width=\"640\" height=\"640\" src=\"https:\/\/i0.wp.com\/impresiondigitalgranformato.es\/wp-content\/uploads\/2024\/08\/vinilo-para-rotular-cristales.jpg?resize=640%2C640&#038;ssl=1\" alt=\"vinilo para rotular cristales al \u00e1cido\" class=\"wp-image-16883\" style=\"width:273px\" srcset=\"https:\/\/i0.wp.com\/impresiondigitalgranformato.es\/wp-content\/uploads\/2024\/08\/vinilo-para-rotular-cristales.jpg?w=1315&amp;ssl=1 1315w, https:\/\/i0.wp.com\/impresiondigitalgranformato.es\/wp-content\/uploads\/2024\/08\/vinilo-para-rotular-cristales.jpg?resize=600%2C600&amp;ssl=1 600w, https:\/\/i0.wp.com\/impresiondigitalgranformato.es\/wp-content\/uploads\/2024\/08\/vinilo-para-rotular-cristales.jpg?resize=1200%2C1200&amp;ssl=1 1200w, https:\/\/i0.wp.com\/impresiondigitalgranformato.es\/wp-content\/uploads\/2024\/08\/vinilo-para-rotular-cristales.jpg?resize=300%2C300&amp;ssl=1 300w, https:\/\/i0.wp.com\/impresiondigitalgranformato.es\/wp-content\/uploads\/2024\/08\/vinilo-para-rotular-cristales.jpg?resize=768%2C768&amp;ssl=1 768w, https:\/\/i0.wp.com\/impresiondigitalgranformato.es\/wp-content\/uploads\/2024\/08\/vinilo-para-rotular-cristales.jpg?resize=500%2C500&amp;ssl=1 500w, https:\/\/i0.wp.com\/impresiondigitalgranformato.es\/wp-content\/uploads\/2024\/08\/vinilo-para-rotular-cristales.jpg?resize=100%2C100&amp;ssl=1 100w\" sizes=\"auto, (max-width: 640px) 100vw, 640px\" \/><\/a><\/figure>\n\n\n\n<p class=\"has-text-align-center\">Vinilo para rotulaci\u00f3n de cristales con vinilos efecto \u00e1cido. Vinilo con efecto esmerilado personalizado en corte y\/o impresi\u00f3n a todo color<\/p>\n\n\n\n<div class=\"wp-block-buttons is-content-justification-center is-layout-flex wp-container-core-buttons-is-layout-16018d1d wp-block-buttons-is-layout-flex\">\n<div class=\"wp-block-button\"><a class=\"wp-block-button__link has-white-color has-midnight-gradient-background has-text-color has-background has-link-color has-text-align-center wp-element-button\" href=\"https:\/\/impresiondigitalgranformato.es\/vinilo-para-rotular-cristales-al-acido\/\">Ver vinilos para cristal<\/a><\/div>\n<\/div>\n<\/div>\n\n\n\n<div class=\"wp-block-column is-layout-flow wp-block-column-is-layout-flow\"><div class=\"wp-block-image\">\n<figure class=\"aligncenter size-full is-resized\"><a href=\"https:\/\/impresiondigitalgranformato.es\/categoria-producto\/vinilos-para-la-pared\/\"><img data-recalc-dims=\"1\" loading=\"lazy\" decoding=\"async\" width=\"640\" height=\"640\" src=\"https:\/\/i0.wp.com\/impresiondigitalgranformato.es\/wp-content\/uploads\/2020\/11\/vinilos-de-pared.jpg?resize=640%2C640\" alt=\"vinilos para la pared\" class=\"wp-image-13318\" style=\"width:272px;height:auto\" srcset=\"https:\/\/i0.wp.com\/impresiondigitalgranformato.es\/wp-content\/uploads\/2020\/11\/vinilos-de-pared.jpg?w=986&amp;ssl=1 986w, https:\/\/i0.wp.com\/impresiondigitalgranformato.es\/wp-content\/uploads\/2020\/11\/vinilos-de-pared.jpg?resize=600%2C600&amp;ssl=1 600w, https:\/\/i0.wp.com\/impresiondigitalgranformato.es\/wp-content\/uploads\/2020\/11\/vinilos-de-pared.jpg?resize=300%2C300&amp;ssl=1 300w, https:\/\/i0.wp.com\/impresiondigitalgranformato.es\/wp-content\/uploads\/2020\/11\/vinilos-de-pared.jpg?resize=768%2C768&amp;ssl=1 768w, https:\/\/i0.wp.com\/impresiondigitalgranformato.es\/wp-content\/uploads\/2020\/11\/vinilos-de-pared.jpg?resize=500%2C500&amp;ssl=1 500w, https:\/\/i0.wp.com\/impresiondigitalgranformato.es\/wp-content\/uploads\/2020\/11\/vinilos-de-pared.jpg?resize=100%2C100&amp;ssl=1 100w\" sizes=\"auto, (max-width: 640px) 100vw, 640px\" \/><\/a><\/figure>\n<\/div>\n\n\n<p class=\"has-text-align-center\">Vinilo de alto agarre para rotulaci\u00f3n de paredes. Vinilo en impresi\u00f3n digital de alta calidad a todo color. Con su propio dise\u00f1o para al pared.<\/p>\n\n\n\n<div class=\"wp-block-buttons is-content-justification-center is-layout-flex wp-container-core-buttons-is-layout-16018d1d wp-block-buttons-is-layout-flex\">\n<div class=\"wp-block-button\"><a class=\"wp-block-button__link has-midnight-gradient-background has-background wp-element-button\" href=\"https:\/\/impresiondigitalgranformato.es\/categoria-producto\/vinilos-para-la-pared\/\">Ver Vinilo de pared<\/a><\/div>\n<\/div>\n<\/div>\n<\/div>\n\n\n\n<hr class=\"wp-block-separator has-alpha-channel-opacity\"\/>\n\n\n\n<p class=\"has-text-align-center\">En www.impresiondigitalgranformato.es vendemos vinilos para rotular todo tipo de superficies. <\/p>\n\n\n\n<p class=\"has-text-align-center\">Como para la rotulaci\u00f3n de carteles, veh\u00edculos, cristales, muebles, paredes &#8230; con diferentes tipos de pegatinas. Tales como el vinilo impreso, vinilos de corte, vinilos efecto \u00e1cido, vinilo de chorro de arena, vinilos de alto agarre para pared y vinilos con imitaci\u00f3n a madera para muebles y\/o paredes.<\/p>\n\n\n\n<h2 class=\"wp-block-heading has-text-align-center has-vivid-cyan-blue-color has-text-color has-link-color wp-elements-cafae42723de5ccda10231d5ef5240d1\">Clases de vinilo para rotulaci\u00f3n<\/h2>\n\n\n\n<p><strong><a href=\"https:\/\/impresiondigitalgranformato.es\/producto\/vinilo-para-rotular-carteles\/\">Vinilo impreso monom\u00e9rico:<\/a><\/strong> Este tipo de pegatina para rotulaci\u00f3n es film adhesivo con una garant\u00eda de adhesividad de 2 a 3 a\u00f1os. El personalizado del vinilo se realiza en impresi\u00f3n digital de alta calidad a todo color. Este vinilo es utilizado para rotular tanto en exterior como en interior, para pegar sobre superficies planas y lisas tales como carteles de chapa, pl\u00e1stico, metacrilato, cristales &#8230;<\/p>\n\n\n\n<p><strong><a href=\"https:\/\/impresiondigitalgranformato.es\/producto\/vinilo-para-rotular-carteles\/\">Vinilo impreso polim\u00e9rico:<\/a><\/strong> Este tipo de vinilo adhesivo tiene una garant\u00eda de adhesividad de 5 a 7 a\u00f1os. El personalizado de la pegatina se realiza en impresi\u00f3n digital de alta calidad a todo color. Este vinilo es utilizado para rotular en exterior, tanto en superficies planas y lisas, como en ciertas superficies curvas (pero tiene sus limitaciones, ya que sigue teniendo efecto memoria). Con este tipo de vinilo podr\u00e1 rotular veh\u00edculos, tanto puertas como cajas de cami\u00f3n. Ademas de poder pegarlo en r\u00f3tulos y carteles en exterior. Gracias a su durabilidad.<\/p>\n\n\n\n<p><strong><a href=\"https:\/\/impresiondigitalgranformato.es\/categoria-producto\/vinilos-para-la-pared\/\">Vinilo de alto agarre para pared:<\/a><\/strong> Este vinilo esta pensado para decorar paredes lisas en interior con sus propios dise\u00f1o o fotograf\u00edas. Al tener un alto agarre la durabilidad esta garantizada. Ademas damos la opci\u00f3n de poderlo laminar con una pel\u00edcula adhesiva transparente, para que en el caso de que haya salpicaduras o manchas lo pueda limpiar sin deteriorar la impresi\u00f3n.<\/p>\n\n\n\n<p><strong><a href=\"https:\/\/impresiondigitalgranformato.es\/vinilo-para-rotular-cristales-al-acido\/\">Vinilo efecto acido o chorro de arena<\/a>:<\/strong> Vinilo para rotulaci\u00f3n de cristales con una garant\u00eda de 5 a 7 a\u00f1os en exterior y pr\u00e1cticamente de por vida en interior. Este film permite pasar la luz pero a la hora de la visi\u00f3n no deja ver lo que hay dentro. ( se ve el bulto pero no se distingue lo que es). Puede comprar vinilo para cristales tanto en piezas completas para tapar todo el cristal o si lo necesita con corte personalizado, tanto en franjas como con su logotipo o texto.<\/p>\n","protected":false},"excerpt":{"rendered":"<p>Vinilo para rotulaci\u00f3n impreso, vinilo de corte y vinilo efecto \u00e1cido o chorro de arena para rotular todo tipo de superficies. Vinilo impreso para superficies planas. Rotulaci\u00f3n de chapas, metacrilatos, cristales, azulejos &#8230; Vinilos en impresi\u00f3n digital de alta calidad. Vinilo para rotulaci\u00f3n de cristales con vinilos efecto \u00e1cido. Vinilo con efecto esmerilado personalizado en [&hellip;]<\/p>\n","protected":false},"author":1,"featured_media":0,"parent":0,"menu_order":0,"comment_status":"closed","ping_status":"closed","template":"","meta":{"footnotes":""},"class_list":["post-16823","page","type-page","status-publish","hentry"],"yoast_head":"<!-- This site is optimized with the Yoast SEO plugin v27.3 - https:\/\/yoast.com\/product\/yoast-seo-wordpress\/ -->\n<title>Vinilo para rotulaci\u00f3n - Los + baratos<\/title>\n<meta name=\"description\" content=\"Vinilo para rotulaci\u00f3n de todo tipo de superficies. Vinilo en impresi\u00f3n digital, vinilo de corte, vinilo efecto, \u00e1cido o chorro de arena\" \/>\n<meta name=\"robots\" content=\"index, follow, max-snippet:-1, max-image-preview:large, max-video-preview:-1\" \/>\n<link rel=\"canonical\" href=\"https:\/\/impresiondigitalgranformato.es\/es_es\/vinilo-para-rotulacion\/\" \/>\n<meta property=\"og:locale\" content=\"es_ES\" \/>\n<meta property=\"og:type\" content=\"article\" \/>\n<meta property=\"og:title\" content=\"Vinilo para rotulaci\u00f3n - Los + baratos\" \/>\n<meta property=\"og:description\" content=\"Vinilo para rotulaci\u00f3n de todo tipo de superficies. Vinilo en impresi\u00f3n digital, vinilo de corte, vinilo efecto, \u00e1cido o chorro de arena\" \/>\n<meta property=\"og:url\" content=\"https:\/\/impresiondigitalgranformato.es\/es_es\/vinilo-para-rotulacion\/\" \/>\n<meta property=\"og:site_name\" content=\"Los + baratos\" \/>\n<meta property=\"article:modified_time\" content=\"2024-08-14T17:16:08+00:00\" \/>\n<meta property=\"og:image\" content=\"http:\/\/impresiondigitalgranformato.es\/wp-content\/uploads\/2024\/07\/vinilo-para-rotulacion-de-superfies-planas.jpg\" \/>\n<meta name=\"twitter:card\" content=\"summary_large_image\" \/>\n<meta name=\"twitter:label1\" content=\"Tiempo de lectura\" \/>\n\t<meta name=\"twitter:data1\" content=\"3 minutos\" \/>\n<script type=\"application\/ld+json\" class=\"yoast-schema-graph\">{\"@context\":\"https:\\\/\\\/schema.org\",\"@graph\":[{\"@type\":\"WebPage\",\"@id\":\"https:\\\/\\\/impresiondigitalgranformato.es\\\/vinilo-para-rotulacion\\\/\",\"url\":\"https:\\\/\\\/impresiondigitalgranformato.es\\\/vinilo-para-rotulacion\\\/\",\"name\":\"Vinilo para rotulaci\u00f3n - Los + baratos\",\"isPartOf\":{\"@id\":\"https:\\\/\\\/impresiondigitalgranformato.es\\\/#website\"},\"primaryImageOfPage\":{\"@id\":\"https:\\\/\\\/impresiondigitalgranformato.es\\\/vinilo-para-rotulacion\\\/#primaryimage\"},\"image\":{\"@id\":\"https:\\\/\\\/impresiondigitalgranformato.es\\\/vinilo-para-rotulacion\\\/#primaryimage\"},\"thumbnailUrl\":\"http:\\\/\\\/impresiondigitalgranformato.es\\\/wp-content\\\/uploads\\\/2024\\\/07\\\/vinilo-para-rotulacion-de-superfies-planas.jpg\",\"datePublished\":\"2024-07-29T11:52:25+00:00\",\"dateModified\":\"2024-08-14T17:16:08+00:00\",\"description\":\"Vinilo para rotulaci\u00f3n de todo tipo de superficies. Vinilo en impresi\u00f3n digital, vinilo de corte, vinilo efecto, \u00e1cido o chorro de arena\",\"breadcrumb\":{\"@id\":\"https:\\\/\\\/impresiondigitalgranformato.es\\\/vinilo-para-rotulacion\\\/#breadcrumb\"},\"inLanguage\":\"es\",\"potentialAction\":[{\"@type\":\"ReadAction\",\"target\":[\"https:\\\/\\\/impresiondigitalgranformato.es\\\/vinilo-para-rotulacion\\\/\"]}]},{\"@type\":\"ImageObject\",\"inLanguage\":\"es\",\"@id\":\"https:\\\/\\\/impresiondigitalgranformato.es\\\/vinilo-para-rotulacion\\\/#primaryimage\",\"url\":\"http:\\\/\\\/impresiondigitalgranformato.es\\\/wp-content\\\/uploads\\\/2024\\\/07\\\/vinilo-para-rotulacion-de-superfies-planas.jpg\",\"contentUrl\":\"http:\\\/\\\/impresiondigitalgranformato.es\\\/wp-content\\\/uploads\\\/2024\\\/07\\\/vinilo-para-rotulacion-de-superfies-planas.jpg\"},{\"@type\":\"BreadcrumbList\",\"@id\":\"https:\\\/\\\/impresiondigitalgranformato.es\\\/vinilo-para-rotulacion\\\/#breadcrumb\",\"itemListElement\":[{\"@type\":\"ListItem\",\"position\":1,\"name\":\"Portada\",\"item\":\"https:\\\/\\\/impresiondigitalgranformato.es\\\/\"},{\"@type\":\"ListItem\",\"position\":2,\"name\":\"Vinilo para rotulaci\u00f3n\"}]},{\"@type\":\"WebSite\",\"@id\":\"https:\\\/\\\/impresiondigitalgranformato.es\\\/#website\",\"url\":\"https:\\\/\\\/impresiondigitalgranformato.es\\\/\",\"name\":\"Los + baratos\",\"description\":\"impresi\u00f3n digital gran formato venta de roll up, banner, banderas, lonas, carteles, displays, publicidad\",\"publisher\":{\"@id\":\"https:\\\/\\\/impresiondigitalgranformato.es\\\/#organization\"},\"potentialAction\":[{\"@type\":\"SearchAction\",\"target\":{\"@type\":\"EntryPoint\",\"urlTemplate\":\"https:\\\/\\\/impresiondigitalgranformato.es\\\/?s={search_term_string}\"},\"query-input\":{\"@type\":\"PropertyValueSpecification\",\"valueRequired\":true,\"valueName\":\"search_term_string\"}}],\"inLanguage\":\"es\"},{\"@type\":\"Organization\",\"@id\":\"https:\\\/\\\/impresiondigitalgranformato.es\\\/#organization\",\"name\":\"Los + baratos\",\"url\":\"https:\\\/\\\/impresiondigitalgranformato.es\\\/\",\"logo\":{\"@type\":\"ImageObject\",\"inLanguage\":\"es\",\"@id\":\"https:\\\/\\\/impresiondigitalgranformato.es\\\/#\\\/schema\\\/logo\\\/image\\\/\",\"url\":\"https:\\\/\\\/i0.wp.com\\\/impresiondigitalgranformato.es\\\/wp-content\\\/uploads\\\/2016\\\/12\\\/cropped-logotipo-2-e1483373659766.png?fit=500%2C101&ssl=1\",\"contentUrl\":\"https:\\\/\\\/i0.wp.com\\\/impresiondigitalgranformato.es\\\/wp-content\\\/uploads\\\/2016\\\/12\\\/cropped-logotipo-2-e1483373659766.png?fit=500%2C101&ssl=1\",\"width\":500,\"height\":101,\"caption\":\"Los + baratos\"},\"image\":{\"@id\":\"https:\\\/\\\/impresiondigitalgranformato.es\\\/#\\\/schema\\\/logo\\\/image\\\/\"}}]}<\/script>\n<!-- \/ Yoast SEO plugin. -->","yoast_head_json":{"title":"Vinilo para rotulaci\u00f3n - Los + baratos","description":"Vinilo para rotulaci\u00f3n de todo tipo de superficies. Vinilo en impresi\u00f3n digital, vinilo de corte, vinilo efecto, \u00e1cido o chorro de arena","robots":{"index":"index","follow":"follow","max-snippet":"max-snippet:-1","max-image-preview":"max-image-preview:large","max-video-preview":"max-video-preview:-1"},"canonical":"https:\/\/impresiondigitalgranformato.es\/es_es\/vinilo-para-rotulacion\/","og_locale":"es_ES","og_type":"article","og_title":"Vinilo para rotulaci\u00f3n - Los + baratos","og_description":"Vinilo para rotulaci\u00f3n de todo tipo de superficies. Vinilo en impresi\u00f3n digital, vinilo de corte, vinilo efecto, \u00e1cido o chorro de arena","og_url":"https:\/\/impresiondigitalgranformato.es\/es_es\/vinilo-para-rotulacion\/","og_site_name":"Los + baratos","article_modified_time":"2024-08-14T17:16:08+00:00","og_image":[{"url":"http:\/\/impresiondigitalgranformato.es\/wp-content\/uploads\/2024\/07\/vinilo-para-rotulacion-de-superfies-planas.jpg","type":"","width":"","height":""}],"twitter_card":"summary_large_image","twitter_misc":{"Tiempo de lectura":"3 minutos"},"schema":{"@context":"https:\/\/schema.org","@graph":[{"@type":"WebPage","@id":"https:\/\/impresiondigitalgranformato.es\/vinilo-para-rotulacion\/","url":"https:\/\/impresiondigitalgranformato.es\/vinilo-para-rotulacion\/","name":"Vinilo para rotulaci\u00f3n - Los + baratos","isPartOf":{"@id":"https:\/\/impresiondigitalgranformato.es\/#website"},"primaryImageOfPage":{"@id":"https:\/\/impresiondigitalgranformato.es\/vinilo-para-rotulacion\/#primaryimage"},"image":{"@id":"https:\/\/impresiondigitalgranformato.es\/vinilo-para-rotulacion\/#primaryimage"},"thumbnailUrl":"http:\/\/impresiondigitalgranformato.es\/wp-content\/uploads\/2024\/07\/vinilo-para-rotulacion-de-superfies-planas.jpg","datePublished":"2024-07-29T11:52:25+00:00","dateModified":"2024-08-14T17:16:08+00:00","description":"Vinilo para rotulaci\u00f3n de todo tipo de superficies. Vinilo en impresi\u00f3n digital, vinilo de corte, vinilo efecto, \u00e1cido o chorro de arena","breadcrumb":{"@id":"https:\/\/impresiondigitalgranformato.es\/vinilo-para-rotulacion\/#breadcrumb"},"inLanguage":"es","potentialAction":[{"@type":"ReadAction","target":["https:\/\/impresiondigitalgranformato.es\/vinilo-para-rotulacion\/"]}]},{"@type":"ImageObject","inLanguage":"es","@id":"https:\/\/impresiondigitalgranformato.es\/vinilo-para-rotulacion\/#primaryimage","url":"http:\/\/impresiondigitalgranformato.es\/wp-content\/uploads\/2024\/07\/vinilo-para-rotulacion-de-superfies-planas.jpg","contentUrl":"http:\/\/impresiondigitalgranformato.es\/wp-content\/uploads\/2024\/07\/vinilo-para-rotulacion-de-superfies-planas.jpg"},{"@type":"BreadcrumbList","@id":"https:\/\/impresiondigitalgranformato.es\/vinilo-para-rotulacion\/#breadcrumb","itemListElement":[{"@type":"ListItem","position":1,"name":"Portada","item":"https:\/\/impresiondigitalgranformato.es\/"},{"@type":"ListItem","position":2,"name":"Vinilo para rotulaci\u00f3n"}]},{"@type":"WebSite","@id":"https:\/\/impresiondigitalgranformato.es\/#website","url":"https:\/\/impresiondigitalgranformato.es\/","name":"Los + baratos","description":"impresi\u00f3n digital gran formato venta de roll up, banner, banderas, lonas, carteles, displays, publicidad","publisher":{"@id":"https:\/\/impresiondigitalgranformato.es\/#organization"},"potentialAction":[{"@type":"SearchAction","target":{"@type":"EntryPoint","urlTemplate":"https:\/\/impresiondigitalgranformato.es\/?s={search_term_string}"},"query-input":{"@type":"PropertyValueSpecification","valueRequired":true,"valueName":"search_term_string"}}],"inLanguage":"es"},{"@type":"Organization","@id":"https:\/\/impresiondigitalgranformato.es\/#organization","name":"Los + baratos","url":"https:\/\/impresiondigitalgranformato.es\/","logo":{"@type":"ImageObject","inLanguage":"es","@id":"https:\/\/impresiondigitalgranformato.es\/#\/schema\/logo\/image\/","url":"https:\/\/i0.wp.com\/impresiondigitalgranformato.es\/wp-content\/uploads\/2016\/12\/cropped-logotipo-2-e1483373659766.png?fit=500%2C101&ssl=1","contentUrl":"https:\/\/i0.wp.com\/impresiondigitalgranformato.es\/wp-content\/uploads\/2016\/12\/cropped-logotipo-2-e1483373659766.png?fit=500%2C101&ssl=1","width":500,"height":101,"caption":"Los + baratos"},"image":{"@id":"https:\/\/impresiondigitalgranformato.es\/#\/schema\/logo\/image\/"}}]}},"jetpack_sharing_enabled":true,"_links":{"self":[{"href":"https:\/\/impresiondigitalgranformato.es\/es_es\/wp-json\/wp\/v2\/pages\/16823","targetHints":{"allow":["GET"]}}],"collection":[{"href":"https:\/\/impresiondigitalgranformato.es\/es_es\/wp-json\/wp\/v2\/pages"}],"about":[{"href":"https:\/\/impresiondigitalgranformato.es\/es_es\/wp-json\/wp\/v2\/types\/page"}],"author":[{"embeddable":true,"href":"https:\/\/impresiondigitalgranformato.es\/es_es\/wp-json\/wp\/v2\/users\/1"}],"replies":[{"embeddable":true,"href":"https:\/\/impresiondigitalgranformato.es\/es_es\/wp-json\/wp\/v2\/comments?post=16823"}],"version-history":[{"count":19,"href":"https:\/\/impresiondigitalgranformato.es\/es_es\/wp-json\/wp\/v2\/pages\/16823\/revisions"}],"predecessor-version":[{"id":16960,"href":"https:\/\/impresiondigitalgranformato.es\/es_es\/wp-json\/wp\/v2\/pages\/16823\/revisions\/16960"}],"wp:attachment":[{"href":"https:\/\/impresiondigitalgranformato.es\/es_es\/wp-json\/wp\/v2\/media?parent=16823"}],"curies":[{"name":"wp","href":"https:\/\/api.w.org\/{rel}","templated":true}]}}