{"id":3505,"date":"2018-03-25T11:19:08","date_gmt":"2018-03-25T09:19:08","guid":{"rendered":"http:\/\/impresiondigitalgranformato.es\/?page_id=3505"},"modified":"2019-02-15T19:37:02","modified_gmt":"2019-02-15T18:37:02","slug":"comunion","status":"publish","type":"page","link":"https:\/\/impresiondigitalgranformato.es\/es_es\/comunion\/","title":{"rendered":"comunion"},"content":{"rendered":"<div class=\"pbs-row\" style=\"min-height: 200px;\">\n<div class=\"pbs-col\" style=\"flex-basis: 33.33%; justify-content: center; padding-bottom: 14px; padding-top: 16px;\">\n<p><a href=\"https:\/\/impresiondigitalgranformato.es\/categoria-producto\/cartel-de-bienvenida-de-comunion\/\" xlink=\"href\"> <img data-recalc-dims=\"1\" loading=\"lazy\" decoding=\"async\" class=\"aligncenter wp-image-4808 size-medium\" style=\"height: auto; width: 305px;\" src=\"https:\/\/i0.wp.com\/impresiondigitalgranformato.es\/wp-content\/uploads\/2019\/01\/cartel-entrada-primera-comunion-600x600.png?resize=305%2C305&#038;ssl=1\" alt=\"cartel primera comunion banner\" width=\"305\" height=\"305\" srcset=\"https:\/\/i0.wp.com\/impresiondigitalgranformato.es\/wp-content\/uploads\/2019\/01\/cartel-entrada-primera-comunion.png?resize=600%2C600&amp;ssl=1 600w, https:\/\/i0.wp.com\/impresiondigitalgranformato.es\/wp-content\/uploads\/2019\/01\/cartel-entrada-primera-comunion.png?resize=300%2C300&amp;ssl=1 300w, https:\/\/i0.wp.com\/impresiondigitalgranformato.es\/wp-content\/uploads\/2019\/01\/cartel-entrada-primera-comunion.png?resize=100%2C100&amp;ssl=1 100w, https:\/\/i0.wp.com\/impresiondigitalgranformato.es\/wp-content\/uploads\/2019\/01\/cartel-entrada-primera-comunion.png?resize=450%2C450&amp;ssl=1 450w, https:\/\/i0.wp.com\/impresiondigitalgranformato.es\/wp-content\/uploads\/2019\/01\/cartel-entrada-primera-comunion.png?resize=150%2C150&amp;ssl=1 150w, https:\/\/i0.wp.com\/impresiondigitalgranformato.es\/wp-content\/uploads\/2019\/01\/cartel-entrada-primera-comunion.png?resize=200%2C200&amp;ssl=1 200w, https:\/\/i0.wp.com\/impresiondigitalgranformato.es\/wp-content\/uploads\/2019\/01\/cartel-entrada-primera-comunion.png?w=765&amp;ssl=1 765w\" sizes=\"auto, (max-width: 305px) 100vw, 305px\" \/> <\/a><\/p>\n<h4 style=\"text-align: center;\">BANNER COMUNI\u00d3N<\/h4>\n<p><a href=\"https:\/\/impresiondigitalgranformato.es\/categoria-producto\/cartel-de-bienvenida-de-comunion\/\" xlink=\"href\"> <img data-recalc-dims=\"1\" loading=\"lazy\" decoding=\"async\" class=\"aligncenter wp-image-259 size-medium\" style=\"margin-bottom: 0px; margin-top: 0px; height: auto; width: 294px;\" src=\"https:\/\/i0.wp.com\/impresiondigitalgranformato.es\/wp-content\/uploads\/2017\/01\/ver-todos-los-productos-300x79.png?resize=300%2C79&#038;ssl=1\" alt=\"\" width=\"300\" height=\"79\" data-pbs-phone-margin-bottom=\"0px\" data-pbs-phone-margin-top=\"0px\" srcset=\"https:\/\/i0.wp.com\/impresiondigitalgranformato.es\/wp-content\/uploads\/2017\/01\/ver-todos-los-productos.png?resize=300%2C79&amp;ssl=1 300w, https:\/\/i0.wp.com\/impresiondigitalgranformato.es\/wp-content\/uploads\/2017\/01\/ver-todos-los-productos.png?resize=100%2C26&amp;ssl=1 100w, https:\/\/i0.wp.com\/impresiondigitalgranformato.es\/wp-content\/uploads\/2017\/01\/ver-todos-los-productos.png?resize=150%2C40&amp;ssl=1 150w, https:\/\/i0.wp.com\/impresiondigitalgranformato.es\/wp-content\/uploads\/2017\/01\/ver-todos-los-productos.png?resize=200%2C53&amp;ssl=1 200w, https:\/\/i0.wp.com\/impresiondigitalgranformato.es\/wp-content\/uploads\/2017\/01\/ver-todos-los-productos.png?w=370&amp;ssl=1 370w\" sizes=\"auto, (max-width: 300px) 100vw, 300px\" \/> <\/a><\/p>\n<\/div>\n<div class=\"pbs-col\" style=\"flex-basis: 33.33%; justify-content: center; padding-top: 15px;\">\n<p><a href=\"https:\/\/impresiondigitalgranformato.es\/categoria-producto\/photocall-comunion\/\" xlink=\"href\"> <img data-recalc-dims=\"1\" loading=\"lazy\" decoding=\"async\" class=\"aligncenter wp-image-4816 size-medium\" style=\"height: auto; width: 305px;\" src=\"https:\/\/i0.wp.com\/impresiondigitalgranformato.es\/wp-content\/uploads\/2019\/01\/icono-de-entrada-a-galeria-600x600.png?resize=305%2C305&#038;ssl=1\" alt=\"cartel comunion photocall\" width=\"305\" height=\"305\" srcset=\"https:\/\/i0.wp.com\/impresiondigitalgranformato.es\/wp-content\/uploads\/2019\/01\/icono-de-entrada-a-galeria.png?resize=600%2C600&amp;ssl=1 600w, https:\/\/i0.wp.com\/impresiondigitalgranformato.es\/wp-content\/uploads\/2019\/01\/icono-de-entrada-a-galeria.png?resize=300%2C300&amp;ssl=1 300w, https:\/\/i0.wp.com\/impresiondigitalgranformato.es\/wp-content\/uploads\/2019\/01\/icono-de-entrada-a-galeria.png?resize=100%2C100&amp;ssl=1 100w, https:\/\/i0.wp.com\/impresiondigitalgranformato.es\/wp-content\/uploads\/2019\/01\/icono-de-entrada-a-galeria.png?resize=450%2C450&amp;ssl=1 450w, https:\/\/i0.wp.com\/impresiondigitalgranformato.es\/wp-content\/uploads\/2019\/01\/icono-de-entrada-a-galeria.png?resize=150%2C150&amp;ssl=1 150w, https:\/\/i0.wp.com\/impresiondigitalgranformato.es\/wp-content\/uploads\/2019\/01\/icono-de-entrada-a-galeria.png?resize=200%2C200&amp;ssl=1 200w, https:\/\/i0.wp.com\/impresiondigitalgranformato.es\/wp-content\/uploads\/2019\/01\/icono-de-entrada-a-galeria.png?w=765&amp;ssl=1 765w\" sizes=\"auto, (max-width: 305px) 100vw, 305px\" \/> <\/a><\/p>\n<h4 style=\"text-align: center; margin-top: 9px;\" data-pbs-phone-margin-top=\"9px\"><span style=\"font-weight: bold;\">PHOTOCALL COMUNI\u00d3N<\/span><\/h4>\n<p><a href=\"https:\/\/impresiondigitalgranformato.es\/categoria-producto\/photocall-comunion\/\" xlink=\"href\"> <img data-recalc-dims=\"1\" loading=\"lazy\" decoding=\"async\" class=\"aligncenter wp-image-259 size-medium\" style=\"margin-top: -1px;\" src=\"https:\/\/i0.wp.com\/impresiondigitalgranformato.es\/wp-content\/uploads\/2017\/01\/ver-todos-los-productos-300x79.png?resize=300%2C79&#038;ssl=1\" alt=\"\" width=\"300\" height=\"79\" data-pbs-phone-margin-top=\"-1px\" srcset=\"https:\/\/i0.wp.com\/impresiondigitalgranformato.es\/wp-content\/uploads\/2017\/01\/ver-todos-los-productos.png?resize=300%2C79&amp;ssl=1 300w, https:\/\/i0.wp.com\/impresiondigitalgranformato.es\/wp-content\/uploads\/2017\/01\/ver-todos-los-productos.png?resize=100%2C26&amp;ssl=1 100w, https:\/\/i0.wp.com\/impresiondigitalgranformato.es\/wp-content\/uploads\/2017\/01\/ver-todos-los-productos.png?resize=150%2C40&amp;ssl=1 150w, https:\/\/i0.wp.com\/impresiondigitalgranformato.es\/wp-content\/uploads\/2017\/01\/ver-todos-los-productos.png?resize=200%2C53&amp;ssl=1 200w, https:\/\/i0.wp.com\/impresiondigitalgranformato.es\/wp-content\/uploads\/2017\/01\/ver-todos-los-productos.png?w=370&amp;ssl=1 370w\" sizes=\"auto, (max-width: 300px) 100vw, 300px\" \/> <\/a><\/p>\n<\/div>\n<div class=\"pbs-col\" style=\"flex-basis: 33.33%; justify-content: center;\">\n<p><a href=\"https:\/\/impresiondigitalgranformato.es\/categoria-producto\/letras-decoracion-poliespan-comunion\/\" xlink=\"href\"> <img data-recalc-dims=\"1\" loading=\"lazy\" decoding=\"async\" class=\"aligncenter wp-image-4982 size-full\" style=\"height: auto; width: 305px;\" src=\"https:\/\/i0.wp.com\/impresiondigitalgranformato.es\/wp-content\/uploads\/2019\/02\/letras-y-decoracion-comunion-1-1.png?resize=305%2C305&#038;ssl=1\" alt=\"primera comunion letras y decoracion en corcho\" width=\"305\" height=\"305\" srcset=\"https:\/\/i0.wp.com\/impresiondigitalgranformato.es\/wp-content\/uploads\/2019\/02\/letras-y-decoracion-comunion-1-1.png?w=531&amp;ssl=1 531w, https:\/\/i0.wp.com\/impresiondigitalgranformato.es\/wp-content\/uploads\/2019\/02\/letras-y-decoracion-comunion-1-1.png?resize=300%2C300&amp;ssl=1 300w, https:\/\/i0.wp.com\/impresiondigitalgranformato.es\/wp-content\/uploads\/2019\/02\/letras-y-decoracion-comunion-1-1.png?resize=100%2C100&amp;ssl=1 100w, https:\/\/i0.wp.com\/impresiondigitalgranformato.es\/wp-content\/uploads\/2019\/02\/letras-y-decoracion-comunion-1-1.png?resize=450%2C450&amp;ssl=1 450w, https:\/\/i0.wp.com\/impresiondigitalgranformato.es\/wp-content\/uploads\/2019\/02\/letras-y-decoracion-comunion-1-1.png?resize=150%2C150&amp;ssl=1 150w, https:\/\/i0.wp.com\/impresiondigitalgranformato.es\/wp-content\/uploads\/2019\/02\/letras-y-decoracion-comunion-1-1.png?resize=200%2C200&amp;ssl=1 200w\" sizes=\"auto, (max-width: 305px) 100vw, 305px\" \/> <\/a><\/p>\n<h4 style=\"text-align: center;\">LETRAS y DECORACI\u00d3N COMUNI\u00d3N<\/h4>\n<p><a href=\"https:\/\/impresiondigitalgranformato.es\/categoria-producto\/letras-decoracion-poliespan-comunion\/\" xlink=\"href\"> <img data-recalc-dims=\"1\" loading=\"lazy\" decoding=\"async\" class=\"aligncenter wp-image-259 size-medium\" style=\"margin-top: 0px; height: auto; width: 284px;\" src=\"https:\/\/i0.wp.com\/impresiondigitalgranformato.es\/wp-content\/uploads\/2017\/01\/ver-todos-los-productos-300x79.png?resize=300%2C79&#038;ssl=1\" alt=\"\" width=\"300\" height=\"79\" data-pbs-phone-margin-top=\"0px\" srcset=\"https:\/\/i0.wp.com\/impresiondigitalgranformato.es\/wp-content\/uploads\/2017\/01\/ver-todos-los-productos.png?resize=300%2C79&amp;ssl=1 300w, https:\/\/i0.wp.com\/impresiondigitalgranformato.es\/wp-content\/uploads\/2017\/01\/ver-todos-los-productos.png?resize=100%2C26&amp;ssl=1 100w, https:\/\/i0.wp.com\/impresiondigitalgranformato.es\/wp-content\/uploads\/2017\/01\/ver-todos-los-productos.png?resize=150%2C40&amp;ssl=1 150w, https:\/\/i0.wp.com\/impresiondigitalgranformato.es\/wp-content\/uploads\/2017\/01\/ver-todos-los-productos.png?resize=200%2C53&amp;ssl=1 200w, https:\/\/i0.wp.com\/impresiondigitalgranformato.es\/wp-content\/uploads\/2017\/01\/ver-todos-los-productos.png?w=370&amp;ssl=1 370w\" sizes=\"auto, (max-width: 300px) 100vw, 300px\" \/> <\/a><\/p>\n<\/div>\n<\/div>\n","protected":false},"excerpt":{"rendered":"<p>BANNER COMUNI\u00d3N PHOTOCALL COMUNI\u00d3N LETRAS y DECORACI\u00d3N COMUNI\u00d3N<\/p>\n","protected":false},"author":1,"featured_media":0,"parent":0,"menu_order":0,"comment_status":"closed","ping_status":"closed","template":"","meta":{"footnotes":""},"class_list":["post-3505","page","type-page","status-publish","hentry"],"yoast_head":"<!-- This site is optimized with the Yoast SEO plugin v27.3 - https:\/\/yoast.com\/product\/yoast-seo-wordpress\/ -->\n<title>comunion - Los + baratos<\/title>\n<meta name=\"robots\" content=\"index, follow, max-snippet:-1, max-image-preview:large, max-video-preview:-1\" \/>\n<link rel=\"canonical\" href=\"https:\/\/impresiondigitalgranformato.es\/es_es\/comunion\/\" \/>\n<meta property=\"og:locale\" content=\"es_ES\" \/>\n<meta property=\"og:type\" content=\"article\" \/>\n<meta property=\"og:title\" content=\"comunion - Los + baratos\" \/>\n<meta property=\"og:description\" content=\"BANNER COMUNI\u00d3N PHOTOCALL COMUNI\u00d3N LETRAS y DECORACI\u00d3N COMUNI\u00d3N\" \/>\n<meta property=\"og:url\" content=\"https:\/\/impresiondigitalgranformato.es\/es_es\/comunion\/\" \/>\n<meta property=\"og:site_name\" content=\"Los + baratos\" \/>\n<meta property=\"article:modified_time\" content=\"2019-02-15T18:37:02+00:00\" \/>\n<meta property=\"og:image\" content=\"https:\/\/impresiondigitalgranformato.es\/wp-content\/uploads\/2019\/01\/cartel-entrada-primera-comunion-600x600.png\" \/>\n<meta name=\"twitter:card\" content=\"summary_large_image\" \/>\n<script type=\"application\/ld+json\" class=\"yoast-schema-graph\">{\"@context\":\"https:\\\/\\\/schema.org\",\"@graph\":[{\"@type\":\"WebPage\",\"@id\":\"https:\\\/\\\/impresiondigitalgranformato.es\\\/comunion\\\/\",\"url\":\"https:\\\/\\\/impresiondigitalgranformato.es\\\/comunion\\\/\",\"name\":\"comunion - Los + baratos\",\"isPartOf\":{\"@id\":\"https:\\\/\\\/impresiondigitalgranformato.es\\\/#website\"},\"primaryImageOfPage\":{\"@id\":\"https:\\\/\\\/impresiondigitalgranformato.es\\\/comunion\\\/#primaryimage\"},\"image\":{\"@id\":\"https:\\\/\\\/impresiondigitalgranformato.es\\\/comunion\\\/#primaryimage\"},\"thumbnailUrl\":\"https:\\\/\\\/impresiondigitalgranformato.es\\\/wp-content\\\/uploads\\\/2019\\\/01\\\/cartel-entrada-primera-comunion-600x600.png\",\"datePublished\":\"2018-03-25T09:19:08+00:00\",\"dateModified\":\"2019-02-15T18:37:02+00:00\",\"breadcrumb\":{\"@id\":\"https:\\\/\\\/impresiondigitalgranformato.es\\\/comunion\\\/#breadcrumb\"},\"inLanguage\":\"es\",\"potentialAction\":[{\"@type\":\"ReadAction\",\"target\":[\"https:\\\/\\\/impresiondigitalgranformato.es\\\/comunion\\\/\"]}]},{\"@type\":\"ImageObject\",\"inLanguage\":\"es\",\"@id\":\"https:\\\/\\\/impresiondigitalgranformato.es\\\/comunion\\\/#primaryimage\",\"url\":\"https:\\\/\\\/impresiondigitalgranformato.es\\\/wp-content\\\/uploads\\\/2019\\\/01\\\/cartel-entrada-primera-comunion-600x600.png\",\"contentUrl\":\"https:\\\/\\\/impresiondigitalgranformato.es\\\/wp-content\\\/uploads\\\/2019\\\/01\\\/cartel-entrada-primera-comunion-600x600.png\"},{\"@type\":\"BreadcrumbList\",\"@id\":\"https:\\\/\\\/impresiondigitalgranformato.es\\\/comunion\\\/#breadcrumb\",\"itemListElement\":[{\"@type\":\"ListItem\",\"position\":1,\"name\":\"Portada\",\"item\":\"https:\\\/\\\/impresiondigitalgranformato.es\\\/\"},{\"@type\":\"ListItem\",\"position\":2,\"name\":\"comunion\"}]},{\"@type\":\"WebSite\",\"@id\":\"https:\\\/\\\/impresiondigitalgranformato.es\\\/#website\",\"url\":\"https:\\\/\\\/impresiondigitalgranformato.es\\\/\",\"name\":\"Los + baratos\",\"description\":\"impresi\u00f3n digital gran formato venta de roll up, banner, banderas, lonas, carteles, displays, publicidad\",\"publisher\":{\"@id\":\"https:\\\/\\\/impresiondigitalgranformato.es\\\/#organization\"},\"potentialAction\":[{\"@type\":\"SearchAction\",\"target\":{\"@type\":\"EntryPoint\",\"urlTemplate\":\"https:\\\/\\\/impresiondigitalgranformato.es\\\/?s={search_term_string}\"},\"query-input\":{\"@type\":\"PropertyValueSpecification\",\"valueRequired\":true,\"valueName\":\"search_term_string\"}}],\"inLanguage\":\"es\"},{\"@type\":\"Organization\",\"@id\":\"https:\\\/\\\/impresiondigitalgranformato.es\\\/#organization\",\"name\":\"Los + baratos\",\"url\":\"https:\\\/\\\/impresiondigitalgranformato.es\\\/\",\"logo\":{\"@type\":\"ImageObject\",\"inLanguage\":\"es\",\"@id\":\"https:\\\/\\\/impresiondigitalgranformato.es\\\/#\\\/schema\\\/logo\\\/image\\\/\",\"url\":\"https:\\\/\\\/i0.wp.com\\\/impresiondigitalgranformato.es\\\/wp-content\\\/uploads\\\/2016\\\/12\\\/cropped-logotipo-2-e1483373659766.png?fit=500%2C101&ssl=1\",\"contentUrl\":\"https:\\\/\\\/i0.wp.com\\\/impresiondigitalgranformato.es\\\/wp-content\\\/uploads\\\/2016\\\/12\\\/cropped-logotipo-2-e1483373659766.png?fit=500%2C101&ssl=1\",\"width\":500,\"height\":101,\"caption\":\"Los + baratos\"},\"image\":{\"@id\":\"https:\\\/\\\/impresiondigitalgranformato.es\\\/#\\\/schema\\\/logo\\\/image\\\/\"}}]}<\/script>\n<!-- \/ Yoast SEO plugin. -->","yoast_head_json":{"title":"comunion - Los + baratos","robots":{"index":"index","follow":"follow","max-snippet":"max-snippet:-1","max-image-preview":"max-image-preview:large","max-video-preview":"max-video-preview:-1"},"canonical":"https:\/\/impresiondigitalgranformato.es\/es_es\/comunion\/","og_locale":"es_ES","og_type":"article","og_title":"comunion - Los + baratos","og_description":"BANNER COMUNI\u00d3N PHOTOCALL COMUNI\u00d3N LETRAS y DECORACI\u00d3N COMUNI\u00d3N","og_url":"https:\/\/impresiondigitalgranformato.es\/es_es\/comunion\/","og_site_name":"Los + baratos","article_modified_time":"2019-02-15T18:37:02+00:00","og_image":[{"url":"https:\/\/impresiondigitalgranformato.es\/wp-content\/uploads\/2019\/01\/cartel-entrada-primera-comunion-600x600.png","type":"","width":"","height":""}],"twitter_card":"summary_large_image","schema":{"@context":"https:\/\/schema.org","@graph":[{"@type":"WebPage","@id":"https:\/\/impresiondigitalgranformato.es\/comunion\/","url":"https:\/\/impresiondigitalgranformato.es\/comunion\/","name":"comunion - Los + baratos","isPartOf":{"@id":"https:\/\/impresiondigitalgranformato.es\/#website"},"primaryImageOfPage":{"@id":"https:\/\/impresiondigitalgranformato.es\/comunion\/#primaryimage"},"image":{"@id":"https:\/\/impresiondigitalgranformato.es\/comunion\/#primaryimage"},"thumbnailUrl":"https:\/\/impresiondigitalgranformato.es\/wp-content\/uploads\/2019\/01\/cartel-entrada-primera-comunion-600x600.png","datePublished":"2018-03-25T09:19:08+00:00","dateModified":"2019-02-15T18:37:02+00:00","breadcrumb":{"@id":"https:\/\/impresiondigitalgranformato.es\/comunion\/#breadcrumb"},"inLanguage":"es","potentialAction":[{"@type":"ReadAction","target":["https:\/\/impresiondigitalgranformato.es\/comunion\/"]}]},{"@type":"ImageObject","inLanguage":"es","@id":"https:\/\/impresiondigitalgranformato.es\/comunion\/#primaryimage","url":"https:\/\/impresiondigitalgranformato.es\/wp-content\/uploads\/2019\/01\/cartel-entrada-primera-comunion-600x600.png","contentUrl":"https:\/\/impresiondigitalgranformato.es\/wp-content\/uploads\/2019\/01\/cartel-entrada-primera-comunion-600x600.png"},{"@type":"BreadcrumbList","@id":"https:\/\/impresiondigitalgranformato.es\/comunion\/#breadcrumb","itemListElement":[{"@type":"ListItem","position":1,"name":"Portada","item":"https:\/\/impresiondigitalgranformato.es\/"},{"@type":"ListItem","position":2,"name":"comunion"}]},{"@type":"WebSite","@id":"https:\/\/impresiondigitalgranformato.es\/#website","url":"https:\/\/impresiondigitalgranformato.es\/","name":"Los + baratos","description":"impresi\u00f3n digital gran formato venta de roll up, banner, banderas, lonas, carteles, displays, publicidad","publisher":{"@id":"https:\/\/impresiondigitalgranformato.es\/#organization"},"potentialAction":[{"@type":"SearchAction","target":{"@type":"EntryPoint","urlTemplate":"https:\/\/impresiondigitalgranformato.es\/?s={search_term_string}"},"query-input":{"@type":"PropertyValueSpecification","valueRequired":true,"valueName":"search_term_string"}}],"inLanguage":"es"},{"@type":"Organization","@id":"https:\/\/impresiondigitalgranformato.es\/#organization","name":"Los + baratos","url":"https:\/\/impresiondigitalgranformato.es\/","logo":{"@type":"ImageObject","inLanguage":"es","@id":"https:\/\/impresiondigitalgranformato.es\/#\/schema\/logo\/image\/","url":"https:\/\/i0.wp.com\/impresiondigitalgranformato.es\/wp-content\/uploads\/2016\/12\/cropped-logotipo-2-e1483373659766.png?fit=500%2C101&ssl=1","contentUrl":"https:\/\/i0.wp.com\/impresiondigitalgranformato.es\/wp-content\/uploads\/2016\/12\/cropped-logotipo-2-e1483373659766.png?fit=500%2C101&ssl=1","width":500,"height":101,"caption":"Los + baratos"},"image":{"@id":"https:\/\/impresiondigitalgranformato.es\/#\/schema\/logo\/image\/"}}]}},"jetpack_sharing_enabled":true,"_links":{"self":[{"href":"https:\/\/impresiondigitalgranformato.es\/es_es\/wp-json\/wp\/v2\/pages\/3505","targetHints":{"allow":["GET"]}}],"collection":[{"href":"https:\/\/impresiondigitalgranformato.es\/es_es\/wp-json\/wp\/v2\/pages"}],"about":[{"href":"https:\/\/impresiondigitalgranformato.es\/es_es\/wp-json\/wp\/v2\/types\/page"}],"author":[{"embeddable":true,"href":"https:\/\/impresiondigitalgranformato.es\/es_es\/wp-json\/wp\/v2\/users\/1"}],"replies":[{"embeddable":true,"href":"https:\/\/impresiondigitalgranformato.es\/es_es\/wp-json\/wp\/v2\/comments?post=3505"}],"version-history":[{"count":29,"href":"https:\/\/impresiondigitalgranformato.es\/es_es\/wp-json\/wp\/v2\/pages\/3505\/revisions"}],"predecessor-version":[{"id":4990,"href":"https:\/\/impresiondigitalgranformato.es\/es_es\/wp-json\/wp\/v2\/pages\/3505\/revisions\/4990"}],"wp:attachment":[{"href":"https:\/\/impresiondigitalgranformato.es\/es_es\/wp-json\/wp\/v2\/media?parent=3505"}],"curies":[{"name":"wp","href":"https:\/\/api.w.org\/{rel}","templated":true}]}}