{"id":361,"date":"2017-01-03T19:19:56","date_gmt":"2017-01-03T18:19:56","guid":{"rendered":"http:\/\/impresiondigitalgranformato.es\/wordpress\/?page_id=361"},"modified":"2018-06-23T13:08:34","modified_gmt":"2018-06-23T11:08:34","slug":"roll-up-ferias","status":"publish","type":"page","link":"https:\/\/impresiondigitalgranformato.es\/es_es\/roll-up-ferias\/","title":{"rendered":"roll-up-ferias"},"content":{"rendered":"<div class=\"pbs-row\" style=\"min-height: 466px;\">\n<div class=\"pbs-col\" style=\"flex-basis: 33.33%;\">[rl_gallery id=\u00bb3821&#8243;]<\/div>\n<div class=\"pbs-col\" style=\"flex-basis: 33.33%;\">\n<h3 style=\"text-align: center;\"><span style=\"font-weight: bold;\">ROLLUP de 60 x 160 cm<\/span><\/h3>\n<h3 style=\"text-align: center;\"><span style=\"font-weight: bold; color: #3c4fa3;\">GR\u00c1FICA INCLUIDA<\/span><\/h3>\n<h2 style=\"text-align: center; margin-bottom: -1px; margin-top: 5px;\"><span style=\"font-weight: bold; color: #e52e2e;\">Descuentos por<\/span><\/h2>\n<h2 style=\"text-align: center; margin-top: 10px;\"><span style=\"color: #e52e2e; font-weight: bold;\">Cantidades !!!<\/span><\/h2>\n<h3 style=\"text-align: center; margin-top: 13px;\"><span style=\"font-weight: normal;\">de 1 a 5 unid \u2026<\/span> <span style=\"font-weight: bold;\">29<\/span><span style=\"font-weight: normal;\"> \u20ac\/unid.<\/span><\/h3>\n<h3 style=\"text-align: center; margin-top: 8px;\"><span style=\"font-weight: normal;\">de 6 a 15 unid \u2026\u00a0<\/span><span style=\"font-weight: bold;\">28<\/span><span style=\"font-weight: normal;\"> \u20ac\/unid<\/span><\/h3>\n<h3 style=\"text-align: center; margin-top: 12px;\"><span style=\"font-weight: normal;\">de 16 a 30 unid \u2026<\/span> <span style=\"font-weight: bold;\">27<\/span><span style=\"font-weight: normal;\"> \u20ac\/unid<\/span><\/h3>\n<h3 style=\"text-align: center; margin-top: 7px; margin-bottom: 24px;\"><span style=\"font-weight: normal;\">31 o mas \u00a0\u2026\u2026..<\/span> <span style=\"font-weight: bold;\">26<\/span><span style=\"font-weight: normal;\"> \u20ac\/unid<\/span><\/h3>\n<h5 style=\"text-align: center;\"><span style=\"font-weight: bold;\">* Precios validos aportando arte final el cliente.<\/span><\/h5>\n<h4 style=\"text-align: center; margin-top: 4px;\"><span style=\"font-weight: bold;\">Precios sin I.V.A.<\/span><\/h4>\n<p style=\"margin-bottom: 4px; text-align: center;\">Portes pagados a partir de 250 \u20ac de compra.<\/p>\n<p style=\"margin-top: -6px; text-align: center;\">*(sin contar el I.V.A.)<\/p>\n<p style=\"text-align: center;\"><span style=\"font-weight: bold;\">Incluye funda de transporte<\/span><\/p>\n<p><img data-recalc-dims=\"1\" loading=\"lazy\" decoding=\"async\" class=\"aligncenter size-medium wp-image-884\" style=\"height: auto; width: 266px;\" src=\"https:\/\/i0.wp.com\/impresiondigitalgranformato.es\/wp-content\/uploads\/2017\/01\/envio-urgente-300x135.png?resize=266%2C119&#038;ssl=1\" alt=\"envio 24 horas\" width=\"266\" height=\"119\" srcset=\"https:\/\/i0.wp.com\/impresiondigitalgranformato.es\/wp-content\/uploads\/2017\/01\/envio-urgente.png?resize=300%2C135&amp;ssl=1 300w, https:\/\/i0.wp.com\/impresiondigitalgranformato.es\/wp-content\/uploads\/2017\/01\/envio-urgente.png?resize=100%2C45&amp;ssl=1 100w, https:\/\/i0.wp.com\/impresiondigitalgranformato.es\/wp-content\/uploads\/2017\/01\/envio-urgente.png?resize=150%2C68&amp;ssl=1 150w, https:\/\/i0.wp.com\/impresiondigitalgranformato.es\/wp-content\/uploads\/2017\/01\/envio-urgente.png?resize=200%2C90&amp;ssl=1 200w, https:\/\/i0.wp.com\/impresiondigitalgranformato.es\/wp-content\/uploads\/2017\/01\/envio-urgente.png?resize=299%2C135&amp;ssl=1 299w, https:\/\/i0.wp.com\/impresiondigitalgranformato.es\/wp-content\/uploads\/2017\/01\/envio-urgente.png?w=443&amp;ssl=1 443w\" sizes=\"auto, (max-width: 266px) 100vw, 266px\" \/><\/p>\n<\/div>\n<div class=\"pbs-col\" style=\"flex-basis: 33.33%; padding-top: 30px;\">\n<p><a href=\"https:\/\/impresiondigitalgranformato.es\/preparacion-de-disenos\/\" xlink=\"href\"><img data-recalc-dims=\"1\" loading=\"lazy\" decoding=\"async\" class=\"aligncenter wp-image-809 size-medium\" style=\"height: auto; width: 211px; margin-bottom: 30px; margin-top: 26px;\" src=\"https:\/\/i0.wp.com\/impresiondigitalgranformato.es\/wp-content\/uploads\/2017\/01\/como-preparar-dise%C3%B1os-o-artes-finales-300x158.jpg?resize=300%2C158&#038;ssl=1\" alt=\"preparaci\u00f3n de artes finales o dise\u00f1os\" width=\"300\" height=\"158\" srcset=\"https:\/\/i0.wp.com\/impresiondigitalgranformato.es\/wp-content\/uploads\/2017\/01\/como-preparar-dise%C3%B1os-o-artes-finales.jpg?resize=300%2C158&amp;ssl=1 300w, https:\/\/i0.wp.com\/impresiondigitalgranformato.es\/wp-content\/uploads\/2017\/01\/como-preparar-dise%C3%B1os-o-artes-finales.jpg?resize=100%2C53&amp;ssl=1 100w, https:\/\/i0.wp.com\/impresiondigitalgranformato.es\/wp-content\/uploads\/2017\/01\/como-preparar-dise%C3%B1os-o-artes-finales.jpg?resize=150%2C79&amp;ssl=1 150w, https:\/\/i0.wp.com\/impresiondigitalgranformato.es\/wp-content\/uploads\/2017\/01\/como-preparar-dise%C3%B1os-o-artes-finales.jpg?resize=200%2C105&amp;ssl=1 200w, https:\/\/i0.wp.com\/impresiondigitalgranformato.es\/wp-content\/uploads\/2017\/01\/como-preparar-dise%C3%B1os-o-artes-finales.jpg?w=370&amp;ssl=1 370w\" sizes=\"auto, (max-width: 300px) 100vw, 300px\" \/><\/a><\/p>\n<p><a target=\"_blank\" href=\"https:\/\/impresiondigitalgranformato.es\/wp-content\/uploads\/2017\/09\/plantilla-roll-up-de-60-x-160.pdf\" xlink=\"href\" rel=\"noopener\"><img data-recalc-dims=\"1\" loading=\"lazy\" decoding=\"async\" class=\"aligncenter wp-image-1262 size-medium\" style=\"height: auto; width: 209px;\" src=\"https:\/\/i0.wp.com\/impresiondigitalgranformato.es\/wp-content\/uploads\/2017\/01\/plantilla-roll-up-de-60-x-160-cm-300x157.png?resize=300%2C157&#038;ssl=1\" alt=\"\" width=\"300\" height=\"157\" srcset=\"https:\/\/i0.wp.com\/impresiondigitalgranformato.es\/wp-content\/uploads\/2017\/01\/plantilla-roll-up-de-60-x-160-cm.png?resize=300%2C157&amp;ssl=1 300w, https:\/\/i0.wp.com\/impresiondigitalgranformato.es\/wp-content\/uploads\/2017\/01\/plantilla-roll-up-de-60-x-160-cm.png?resize=100%2C52&amp;ssl=1 100w, https:\/\/i0.wp.com\/impresiondigitalgranformato.es\/wp-content\/uploads\/2017\/01\/plantilla-roll-up-de-60-x-160-cm.png?resize=150%2C79&amp;ssl=1 150w, https:\/\/i0.wp.com\/impresiondigitalgranformato.es\/wp-content\/uploads\/2017\/01\/plantilla-roll-up-de-60-x-160-cm.png?resize=200%2C105&amp;ssl=1 200w, https:\/\/i0.wp.com\/impresiondigitalgranformato.es\/wp-content\/uploads\/2017\/01\/plantilla-roll-up-de-60-x-160-cm.png?w=370&amp;ssl=1 370w\" sizes=\"auto, (max-width: 300px) 100vw, 300px\" \/><\/a><\/p>\n<p><a href=\"https:\/\/impresiondigitalgranformato.es\/producto\/rollup-60-x-160-cm\/\" xlink=\"href\"><img data-recalc-dims=\"1\" loading=\"lazy\" decoding=\"async\" class=\"aligncenter wp-image-1213 size-medium\" style=\"height: auto; width: 198px; margin-top: 28px;\" src=\"https:\/\/i0.wp.com\/impresiondigitalgranformato.es\/wp-content\/uploads\/2017\/01\/pasar-a-pagina-de-compra-236x300.png?resize=236%2C300&#038;ssl=1\" alt=\"pagina de compra\" width=\"236\" height=\"300\" srcset=\"https:\/\/i0.wp.com\/impresiondigitalgranformato.es\/wp-content\/uploads\/2017\/01\/pasar-a-pagina-de-compra.png?resize=236%2C300&amp;ssl=1 236w, https:\/\/i0.wp.com\/impresiondigitalgranformato.es\/wp-content\/uploads\/2017\/01\/pasar-a-pagina-de-compra.png?resize=300%2C382&amp;ssl=1 300w, https:\/\/i0.wp.com\/impresiondigitalgranformato.es\/wp-content\/uploads\/2017\/01\/pasar-a-pagina-de-compra.png?resize=100%2C127&amp;ssl=1 100w, https:\/\/i0.wp.com\/impresiondigitalgranformato.es\/wp-content\/uploads\/2017\/01\/pasar-a-pagina-de-compra.png?resize=150%2C191&amp;ssl=1 150w, https:\/\/i0.wp.com\/impresiondigitalgranformato.es\/wp-content\/uploads\/2017\/01\/pasar-a-pagina-de-compra.png?resize=200%2C255&amp;ssl=1 200w, https:\/\/i0.wp.com\/impresiondigitalgranformato.es\/wp-content\/uploads\/2017\/01\/pasar-a-pagina-de-compra.png?w=366&amp;ssl=1 366w\" sizes=\"auto, (max-width: 236px) 100vw, 236px\" \/><\/a><\/p>\n<\/div>\n<\/div>\n<div class=\"pbs-row\" style=\"min-height: 350px;\">\n<div class=\"pbs-col\" style=\"flex-basis: 50%;\">\n<h3 style=\"text-align: center;\"><span style=\"font-weight: bold; color: #5d6ca6;\">VEA EL VIDEO DEL PRODUCTO !!!<\/span><\/h3>\n\n<div class=\"jetpack-video-wrapper\"><iframe loading=\"lazy\" title=\"rollup de 60 x 160 cm\" width=\"640\" height=\"360\" src=\"https:\/\/www.youtube.com\/embed\/CzxTezp89kc?feature=oembed\" frameborder=\"0\" allow=\"accelerometer; autoplay; clipboard-write; encrypted-media; gyroscope; picture-in-picture; web-share\" referrerpolicy=\"strict-origin-when-cross-origin\" allowfullscreen><\/iframe><\/div>\n<\/div>\n<div class=\"pbs-col\" style=\"flex-basis: 50%; padding-top: 76px;\">\n<h4 style=\"text-align: center;\"><span style=\"font-weight: normal;\">El roll up para ferias de 60 x 160 cm es un art\u00edculo pensado para espacios peque\u00f1os, donde queremos publicitar alg\u00fan tipo de art\u00edculo, servicio, oferta \u2026<\/span><\/h4>\n<h4 style=\"text-align: center;\">muy utilizado en ferias, salas de espera, galer\u00edas, pasillos y puntos de venta.<\/h4>\n<h4 style=\"text-align: center; margin-bottom: 62px;\">La impresi\u00f3n se realiza en lona de 450 gr y la estructura esta fabricada en aluminio y pvc. Incluye funda de transporte de nylon.<\/h4>\n<p><a target=\"\" href=\"http:\/\/impresiondigitalgranformato.es\/wordpress\/rollup-economico\/\" xlink=\"href\"> <img data-recalc-dims=\"1\" loading=\"lazy\" decoding=\"async\" class=\"aligncenter wp-image-415\" style=\"width: 151px; height: auto;\" src=\"https:\/\/i0.wp.com\/impresiondigitalgranformato.es\/wordpress\/wp-content\/uploads\/2017\/01\/volver-a-seccion-rollup-300x126.png?resize=151%2C63\" alt=\"\" width=\"151\" height=\"63\" srcset=\"https:\/\/i0.wp.com\/impresiondigitalgranformato.es\/wp-content\/uploads\/2017\/01\/volver-a-seccion-rollup.png?resize=300%2C126&amp;ssl=1 300w, https:\/\/i0.wp.com\/impresiondigitalgranformato.es\/wp-content\/uploads\/2017\/01\/volver-a-seccion-rollup.png?resize=100%2C42&amp;ssl=1 100w, https:\/\/i0.wp.com\/impresiondigitalgranformato.es\/wp-content\/uploads\/2017\/01\/volver-a-seccion-rollup.png?resize=150%2C63&amp;ssl=1 150w, https:\/\/i0.wp.com\/impresiondigitalgranformato.es\/wp-content\/uploads\/2017\/01\/volver-a-seccion-rollup.png?resize=200%2C84&amp;ssl=1 200w, https:\/\/i0.wp.com\/impresiondigitalgranformato.es\/wp-content\/uploads\/2017\/01\/volver-a-seccion-rollup.png?w=370&amp;ssl=1 370w\" sizes=\"auto, (max-width: 151px) 100vw, 151px\" \/> <\/a><\/p>\n<\/div>\n<\/div>\n","protected":false},"excerpt":{"rendered":"<p>[rl_gallery id=\u00bb3821&#8243;] ROLLUP de 60 x 160 cm GR\u00c1FICA INCLUIDA Descuentos por Cantidades !!! de 1 a 5 unid \u2026 29 \u20ac\/unid. de 6 a 15 unid \u2026\u00a028 \u20ac\/unid de 16 a 30 unid \u2026 27 \u20ac\/unid 31 o mas \u00a0\u2026\u2026.. 26 \u20ac\/unid * Precios validos aportando arte final el cliente. Precios sin I.V.A. Portes [&hellip;]<\/p>\n","protected":false},"author":1,"featured_media":0,"parent":0,"menu_order":0,"comment_status":"closed","ping_status":"closed","template":"","meta":{"footnotes":""},"class_list":["post-361","page","type-page","status-publish","hentry"],"yoast_head":"<!-- This site is optimized with the Yoast SEO plugin v27.3 - https:\/\/yoast.com\/product\/yoast-seo-wordpress\/ -->\n<title>roll-up-ferias - Los + baratos<\/title>\n<meta name=\"robots\" content=\"index, follow, max-snippet:-1, max-image-preview:large, max-video-preview:-1\" \/>\n<link rel=\"canonical\" href=\"https:\/\/impresiondigitalgranformato.es\/es_es\/roll-up-ferias\/\" \/>\n<meta property=\"og:locale\" content=\"es_ES\" \/>\n<meta property=\"og:type\" content=\"article\" \/>\n<meta property=\"og:title\" content=\"roll-up-ferias - Los + baratos\" \/>\n<meta property=\"og:description\" content=\"[rl_gallery id=\u00bb3821&#8243;] ROLLUP de 60 x 160 cm GR\u00c1FICA INCLUIDA Descuentos por Cantidades !!! de 1 a 5 unid \u2026 29 \u20ac\/unid. de 6 a 15 unid \u2026\u00a028 \u20ac\/unid de 16 a 30 unid \u2026 27 \u20ac\/unid 31 o mas \u00a0\u2026\u2026.. 26 \u20ac\/unid * Precios validos aportando arte final el cliente. Precios sin I.V.A. Portes [&hellip;]\" \/>\n<meta property=\"og:url\" content=\"https:\/\/impresiondigitalgranformato.es\/es_es\/roll-up-ferias\/\" \/>\n<meta property=\"og:site_name\" content=\"Los + baratos\" \/>\n<meta property=\"article:modified_time\" content=\"2018-06-23T11:08:34+00:00\" \/>\n<meta property=\"og:image\" content=\"https:\/\/impresiondigitalgranformato.es\/wp-content\/uploads\/2017\/01\/envio-urgente-300x135.png\" \/>\n<meta name=\"twitter:card\" content=\"summary_large_image\" \/>\n<meta name=\"twitter:label1\" content=\"Tiempo de lectura\" \/>\n\t<meta name=\"twitter:data1\" content=\"1 minuto\" \/>\n<script type=\"application\/ld+json\" class=\"yoast-schema-graph\">{\"@context\":\"https:\\\/\\\/schema.org\",\"@graph\":[{\"@type\":\"WebPage\",\"@id\":\"https:\\\/\\\/impresiondigitalgranformato.es\\\/roll-up-ferias\\\/\",\"url\":\"https:\\\/\\\/impresiondigitalgranformato.es\\\/roll-up-ferias\\\/\",\"name\":\"roll-up-ferias - Los + baratos\",\"isPartOf\":{\"@id\":\"https:\\\/\\\/impresiondigitalgranformato.es\\\/#website\"},\"primaryImageOfPage\":{\"@id\":\"https:\\\/\\\/impresiondigitalgranformato.es\\\/roll-up-ferias\\\/#primaryimage\"},\"image\":{\"@id\":\"https:\\\/\\\/impresiondigitalgranformato.es\\\/roll-up-ferias\\\/#primaryimage\"},\"thumbnailUrl\":\"https:\\\/\\\/impresiondigitalgranformato.es\\\/wp-content\\\/uploads\\\/2017\\\/01\\\/envio-urgente-300x135.png\",\"datePublished\":\"2017-01-03T18:19:56+00:00\",\"dateModified\":\"2018-06-23T11:08:34+00:00\",\"breadcrumb\":{\"@id\":\"https:\\\/\\\/impresiondigitalgranformato.es\\\/roll-up-ferias\\\/#breadcrumb\"},\"inLanguage\":\"es\",\"potentialAction\":[{\"@type\":\"ReadAction\",\"target\":[\"https:\\\/\\\/impresiondigitalgranformato.es\\\/roll-up-ferias\\\/\"]}]},{\"@type\":\"ImageObject\",\"inLanguage\":\"es\",\"@id\":\"https:\\\/\\\/impresiondigitalgranformato.es\\\/roll-up-ferias\\\/#primaryimage\",\"url\":\"https:\\\/\\\/impresiondigitalgranformato.es\\\/wp-content\\\/uploads\\\/2017\\\/01\\\/envio-urgente-300x135.png\",\"contentUrl\":\"https:\\\/\\\/impresiondigitalgranformato.es\\\/wp-content\\\/uploads\\\/2017\\\/01\\\/envio-urgente-300x135.png\"},{\"@type\":\"BreadcrumbList\",\"@id\":\"https:\\\/\\\/impresiondigitalgranformato.es\\\/roll-up-ferias\\\/#breadcrumb\",\"itemListElement\":[{\"@type\":\"ListItem\",\"position\":1,\"name\":\"Portada\",\"item\":\"https:\\\/\\\/impresiondigitalgranformato.es\\\/\"},{\"@type\":\"ListItem\",\"position\":2,\"name\":\"roll-up-ferias\"}]},{\"@type\":\"WebSite\",\"@id\":\"https:\\\/\\\/impresiondigitalgranformato.es\\\/#website\",\"url\":\"https:\\\/\\\/impresiondigitalgranformato.es\\\/\",\"name\":\"Los + baratos\",\"description\":\"impresi\u00f3n digital gran formato venta de roll up, banner, banderas, lonas, carteles, displays, publicidad\",\"publisher\":{\"@id\":\"https:\\\/\\\/impresiondigitalgranformato.es\\\/#organization\"},\"potentialAction\":[{\"@type\":\"SearchAction\",\"target\":{\"@type\":\"EntryPoint\",\"urlTemplate\":\"https:\\\/\\\/impresiondigitalgranformato.es\\\/?s={search_term_string}\"},\"query-input\":{\"@type\":\"PropertyValueSpecification\",\"valueRequired\":true,\"valueName\":\"search_term_string\"}}],\"inLanguage\":\"es\"},{\"@type\":\"Organization\",\"@id\":\"https:\\\/\\\/impresiondigitalgranformato.es\\\/#organization\",\"name\":\"Los + baratos\",\"url\":\"https:\\\/\\\/impresiondigitalgranformato.es\\\/\",\"logo\":{\"@type\":\"ImageObject\",\"inLanguage\":\"es\",\"@id\":\"https:\\\/\\\/impresiondigitalgranformato.es\\\/#\\\/schema\\\/logo\\\/image\\\/\",\"url\":\"https:\\\/\\\/i0.wp.com\\\/impresiondigitalgranformato.es\\\/wp-content\\\/uploads\\\/2016\\\/12\\\/cropped-logotipo-2-e1483373659766.png?fit=500%2C101&ssl=1\",\"contentUrl\":\"https:\\\/\\\/i0.wp.com\\\/impresiondigitalgranformato.es\\\/wp-content\\\/uploads\\\/2016\\\/12\\\/cropped-logotipo-2-e1483373659766.png?fit=500%2C101&ssl=1\",\"width\":500,\"height\":101,\"caption\":\"Los + baratos\"},\"image\":{\"@id\":\"https:\\\/\\\/impresiondigitalgranformato.es\\\/#\\\/schema\\\/logo\\\/image\\\/\"}}]}<\/script>\n<!-- \/ Yoast SEO plugin. -->","yoast_head_json":{"title":"roll-up-ferias - Los + baratos","robots":{"index":"index","follow":"follow","max-snippet":"max-snippet:-1","max-image-preview":"max-image-preview:large","max-video-preview":"max-video-preview:-1"},"canonical":"https:\/\/impresiondigitalgranformato.es\/es_es\/roll-up-ferias\/","og_locale":"es_ES","og_type":"article","og_title":"roll-up-ferias - Los + baratos","og_description":"[rl_gallery id=\u00bb3821&#8243;] ROLLUP de 60 x 160 cm GR\u00c1FICA INCLUIDA Descuentos por Cantidades !!! de 1 a 5 unid \u2026 29 \u20ac\/unid. de 6 a 15 unid \u2026\u00a028 \u20ac\/unid de 16 a 30 unid \u2026 27 \u20ac\/unid 31 o mas \u00a0\u2026\u2026.. 26 \u20ac\/unid * Precios validos aportando arte final el cliente. Precios sin I.V.A. Portes [&hellip;]","og_url":"https:\/\/impresiondigitalgranformato.es\/es_es\/roll-up-ferias\/","og_site_name":"Los + baratos","article_modified_time":"2018-06-23T11:08:34+00:00","og_image":[{"url":"https:\/\/impresiondigitalgranformato.es\/wp-content\/uploads\/2017\/01\/envio-urgente-300x135.png","type":"","width":"","height":""}],"twitter_card":"summary_large_image","twitter_misc":{"Tiempo de lectura":"1 minuto"},"schema":{"@context":"https:\/\/schema.org","@graph":[{"@type":"WebPage","@id":"https:\/\/impresiondigitalgranformato.es\/roll-up-ferias\/","url":"https:\/\/impresiondigitalgranformato.es\/roll-up-ferias\/","name":"roll-up-ferias - Los + baratos","isPartOf":{"@id":"https:\/\/impresiondigitalgranformato.es\/#website"},"primaryImageOfPage":{"@id":"https:\/\/impresiondigitalgranformato.es\/roll-up-ferias\/#primaryimage"},"image":{"@id":"https:\/\/impresiondigitalgranformato.es\/roll-up-ferias\/#primaryimage"},"thumbnailUrl":"https:\/\/impresiondigitalgranformato.es\/wp-content\/uploads\/2017\/01\/envio-urgente-300x135.png","datePublished":"2017-01-03T18:19:56+00:00","dateModified":"2018-06-23T11:08:34+00:00","breadcrumb":{"@id":"https:\/\/impresiondigitalgranformato.es\/roll-up-ferias\/#breadcrumb"},"inLanguage":"es","potentialAction":[{"@type":"ReadAction","target":["https:\/\/impresiondigitalgranformato.es\/roll-up-ferias\/"]}]},{"@type":"ImageObject","inLanguage":"es","@id":"https:\/\/impresiondigitalgranformato.es\/roll-up-ferias\/#primaryimage","url":"https:\/\/impresiondigitalgranformato.es\/wp-content\/uploads\/2017\/01\/envio-urgente-300x135.png","contentUrl":"https:\/\/impresiondigitalgranformato.es\/wp-content\/uploads\/2017\/01\/envio-urgente-300x135.png"},{"@type":"BreadcrumbList","@id":"https:\/\/impresiondigitalgranformato.es\/roll-up-ferias\/#breadcrumb","itemListElement":[{"@type":"ListItem","position":1,"name":"Portada","item":"https:\/\/impresiondigitalgranformato.es\/"},{"@type":"ListItem","position":2,"name":"roll-up-ferias"}]},{"@type":"WebSite","@id":"https:\/\/impresiondigitalgranformato.es\/#website","url":"https:\/\/impresiondigitalgranformato.es\/","name":"Los + baratos","description":"impresi\u00f3n digital gran formato venta de roll up, banner, banderas, lonas, carteles, displays, publicidad","publisher":{"@id":"https:\/\/impresiondigitalgranformato.es\/#organization"},"potentialAction":[{"@type":"SearchAction","target":{"@type":"EntryPoint","urlTemplate":"https:\/\/impresiondigitalgranformato.es\/?s={search_term_string}"},"query-input":{"@type":"PropertyValueSpecification","valueRequired":true,"valueName":"search_term_string"}}],"inLanguage":"es"},{"@type":"Organization","@id":"https:\/\/impresiondigitalgranformato.es\/#organization","name":"Los + baratos","url":"https:\/\/impresiondigitalgranformato.es\/","logo":{"@type":"ImageObject","inLanguage":"es","@id":"https:\/\/impresiondigitalgranformato.es\/#\/schema\/logo\/image\/","url":"https:\/\/i0.wp.com\/impresiondigitalgranformato.es\/wp-content\/uploads\/2016\/12\/cropped-logotipo-2-e1483373659766.png?fit=500%2C101&ssl=1","contentUrl":"https:\/\/i0.wp.com\/impresiondigitalgranformato.es\/wp-content\/uploads\/2016\/12\/cropped-logotipo-2-e1483373659766.png?fit=500%2C101&ssl=1","width":500,"height":101,"caption":"Los + baratos"},"image":{"@id":"https:\/\/impresiondigitalgranformato.es\/#\/schema\/logo\/image\/"}}]}},"jetpack_sharing_enabled":true,"_links":{"self":[{"href":"https:\/\/impresiondigitalgranformato.es\/es_es\/wp-json\/wp\/v2\/pages\/361","targetHints":{"allow":["GET"]}}],"collection":[{"href":"https:\/\/impresiondigitalgranformato.es\/es_es\/wp-json\/wp\/v2\/pages"}],"about":[{"href":"https:\/\/impresiondigitalgranformato.es\/es_es\/wp-json\/wp\/v2\/types\/page"}],"author":[{"embeddable":true,"href":"https:\/\/impresiondigitalgranformato.es\/es_es\/wp-json\/wp\/v2\/users\/1"}],"replies":[{"embeddable":true,"href":"https:\/\/impresiondigitalgranformato.es\/es_es\/wp-json\/wp\/v2\/comments?post=361"}],"version-history":[{"count":36,"href":"https:\/\/impresiondigitalgranformato.es\/es_es\/wp-json\/wp\/v2\/pages\/361\/revisions"}],"predecessor-version":[{"id":3827,"href":"https:\/\/impresiondigitalgranformato.es\/es_es\/wp-json\/wp\/v2\/pages\/361\/revisions\/3827"}],"wp:attachment":[{"href":"https:\/\/impresiondigitalgranformato.es\/es_es\/wp-json\/wp\/v2\/media?parent=361"}],"curies":[{"name":"wp","href":"https:\/\/api.w.org\/{rel}","templated":true}]}}