{"id":646,"date":"2017-01-26T13:26:13","date_gmt":"2017-01-26T12:26:13","guid":{"rendered":"http:\/\/impresiondigitalgranformato.es\/wordpress\/?page_id=646"},"modified":"2018-06-22T18:42:34","modified_gmt":"2018-06-22T16:42:34","slug":"banner-economico","status":"publish","type":"page","link":"https:\/\/impresiondigitalgranformato.es\/es_es\/banner-economico\/","title":{"rendered":"banner-economico"},"content":{"rendered":"<div class=\"pbs-row\" style=\"min-height: 200px;\">\n<div class=\"pbs-col\" style=\"flex-basis: 33.33%; justify-content: center;\">[rl_gallery id=\u00bb3809&#8243;]<\/div>\n<div class=\"pbs-col\" style=\"flex-basis: 33.33%; justify-content: center;\">\n<p>BANNER de 60 x 160 cm<\/p>\n<p>GR\u00c1FICA INCLUIDA<\/p>\n<p>Descuentos por Cantidades !!!<\/p>\n<p>de 1 a 5 unid \u2026 18 \u20ac\/unid.<\/p>\n<p>de 6 a 15 unid \u2026 17 \u20ac\/unid<\/p>\n<p>de 16 a 30 unid \u2026 16 \u20ac\/unid<\/p>\n<p>31 o mas \u2026\u2026.. 15 \u20ac\/unid<\/p>\n<p>* Precios validos aportando arte final el cliente.<\/p>\n<p>Precios sin I.V.A.<\/p>\n<p>Portes pagados a partir de 250 \u20ac de compra.<\/p>\n<p>*(sin contar el I.V.A.)<\/p>\n<p>Incluye bolsa de transporte<\/p>\n<p><img data-recalc-dims=\"1\" loading=\"lazy\" decoding=\"async\" class=\"size-medium wp-image-884 aligncenter\" style=\"height: auto; width: 248px; margin-top: 9px;\" src=\"https:\/\/i0.wp.com\/impresiondigitalgranformato.es\/wp-content\/uploads\/2017\/01\/envio-urgente-300x135.png?resize=248%2C111&#038;ssl=1\" alt=\"envio 24 horas\" width=\"248\" height=\"111\" data-pbs-phone-margin-top=\"9px\" srcset=\"https:\/\/i0.wp.com\/impresiondigitalgranformato.es\/wp-content\/uploads\/2017\/01\/envio-urgente.png?resize=300%2C135&amp;ssl=1 300w, https:\/\/i0.wp.com\/impresiondigitalgranformato.es\/wp-content\/uploads\/2017\/01\/envio-urgente.png?resize=100%2C45&amp;ssl=1 100w, https:\/\/i0.wp.com\/impresiondigitalgranformato.es\/wp-content\/uploads\/2017\/01\/envio-urgente.png?resize=150%2C68&amp;ssl=1 150w, https:\/\/i0.wp.com\/impresiondigitalgranformato.es\/wp-content\/uploads\/2017\/01\/envio-urgente.png?resize=200%2C90&amp;ssl=1 200w, https:\/\/i0.wp.com\/impresiondigitalgranformato.es\/wp-content\/uploads\/2017\/01\/envio-urgente.png?resize=299%2C135&amp;ssl=1 299w, https:\/\/i0.wp.com\/impresiondigitalgranformato.es\/wp-content\/uploads\/2017\/01\/envio-urgente.png?w=443&amp;ssl=1 443w\" sizes=\"auto, (max-width: 248px) 100vw, 248px\" \/><\/p>\n<\/div>\n<div class=\"pbs-col\" style=\"flex-basis: 33.33%; justify-content: center;\">\n<p><a href=\"https:\/\/impresiondigitalgranformato.es\/preparacion-de-disenos\/\" xlink=\"href\"> <img data-recalc-dims=\"1\" loading=\"lazy\" decoding=\"async\" class=\"wp-image-809 size-medium aligncenter\" style=\"margin-top: 25px; margin-bottom: 28px; height: auto; width: 207px;\" src=\"https:\/\/i0.wp.com\/impresiondigitalgranformato.es\/wp-content\/uploads\/2017\/01\/como-preparar-dise%C3%B1os-o-artes-finales-300x158.jpg?resize=207%2C109&#038;ssl=1\" alt=\"preparaci\u00f3n de artes finales o dise\u00f1os\" width=\"207\" height=\"109\" data-pbs-phone-margin-bottom=\"28px\" data-pbs-phone-margin-top=\"25px\" srcset=\"https:\/\/i0.wp.com\/impresiondigitalgranformato.es\/wp-content\/uploads\/2017\/01\/como-preparar-dise%C3%B1os-o-artes-finales.jpg?resize=300%2C158&amp;ssl=1 300w, https:\/\/i0.wp.com\/impresiondigitalgranformato.es\/wp-content\/uploads\/2017\/01\/como-preparar-dise%C3%B1os-o-artes-finales.jpg?resize=100%2C53&amp;ssl=1 100w, https:\/\/i0.wp.com\/impresiondigitalgranformato.es\/wp-content\/uploads\/2017\/01\/como-preparar-dise%C3%B1os-o-artes-finales.jpg?resize=150%2C79&amp;ssl=1 150w, https:\/\/i0.wp.com\/impresiondigitalgranformato.es\/wp-content\/uploads\/2017\/01\/como-preparar-dise%C3%B1os-o-artes-finales.jpg?resize=200%2C105&amp;ssl=1 200w, https:\/\/i0.wp.com\/impresiondigitalgranformato.es\/wp-content\/uploads\/2017\/01\/como-preparar-dise%C3%B1os-o-artes-finales.jpg?w=370&amp;ssl=1 370w\" sizes=\"auto, (max-width: 207px) 100vw, 207px\" \/> <\/a><\/p>\n<p><a target=\"_blank\" href=\"https:\/\/impresiondigitalgranformato.es\/wp-content\/uploads\/2017\/10\/plantilla-banner-de-60-x-160.pdf\" xlink=\"href\" rel=\"noopener\"> <img data-recalc-dims=\"1\" loading=\"lazy\" decoding=\"async\" class=\"wp-image-1332 size-medium aligncenter\" style=\"margin-bottom: 28px; height: auto; width: 209px;\" src=\"https:\/\/i0.wp.com\/impresiondigitalgranformato.es\/wp-content\/uploads\/2017\/01\/plantilla-banner-de-60-x-160-cm-300x157.png?resize=209%2C109&#038;ssl=1\" alt=\"banner 60 x 160 cm plantilla\" width=\"209\" height=\"109\" data-pbs-phone-margin-bottom=\"28px\" srcset=\"https:\/\/i0.wp.com\/impresiondigitalgranformato.es\/wp-content\/uploads\/2017\/01\/plantilla-banner-de-60-x-160-cm.png?resize=300%2C157&amp;ssl=1 300w, https:\/\/i0.wp.com\/impresiondigitalgranformato.es\/wp-content\/uploads\/2017\/01\/plantilla-banner-de-60-x-160-cm.png?resize=100%2C52&amp;ssl=1 100w, https:\/\/i0.wp.com\/impresiondigitalgranformato.es\/wp-content\/uploads\/2017\/01\/plantilla-banner-de-60-x-160-cm.png?resize=150%2C79&amp;ssl=1 150w, https:\/\/i0.wp.com\/impresiondigitalgranformato.es\/wp-content\/uploads\/2017\/01\/plantilla-banner-de-60-x-160-cm.png?resize=200%2C105&amp;ssl=1 200w, https:\/\/i0.wp.com\/impresiondigitalgranformato.es\/wp-content\/uploads\/2017\/01\/plantilla-banner-de-60-x-160-cm.png?w=370&amp;ssl=1 370w\" sizes=\"auto, (max-width: 209px) 100vw, 209px\" \/> <\/a><\/p>\n<p><a href=\"https:\/\/impresiondigitalgranformato.es\/producto\/banner-60-x-160-cm\/\" xlink=\"href\"> <img data-recalc-dims=\"1\" loading=\"lazy\" decoding=\"async\" class=\"wp-image-1213 size-medium aligncenter\" style=\"height: auto; width: 194px;\" src=\"https:\/\/i0.wp.com\/impresiondigitalgranformato.es\/wp-content\/uploads\/2017\/01\/pasar-a-pagina-de-compra-236x300.png?resize=194%2C246&#038;ssl=1\" alt=\"pagina de compra\" width=\"194\" height=\"246\" srcset=\"https:\/\/i0.wp.com\/impresiondigitalgranformato.es\/wp-content\/uploads\/2017\/01\/pasar-a-pagina-de-compra.png?resize=236%2C300&amp;ssl=1 236w, https:\/\/i0.wp.com\/impresiondigitalgranformato.es\/wp-content\/uploads\/2017\/01\/pasar-a-pagina-de-compra.png?resize=300%2C382&amp;ssl=1 300w, https:\/\/i0.wp.com\/impresiondigitalgranformato.es\/wp-content\/uploads\/2017\/01\/pasar-a-pagina-de-compra.png?resize=100%2C127&amp;ssl=1 100w, https:\/\/i0.wp.com\/impresiondigitalgranformato.es\/wp-content\/uploads\/2017\/01\/pasar-a-pagina-de-compra.png?resize=150%2C191&amp;ssl=1 150w, https:\/\/i0.wp.com\/impresiondigitalgranformato.es\/wp-content\/uploads\/2017\/01\/pasar-a-pagina-de-compra.png?resize=200%2C255&amp;ssl=1 200w, https:\/\/i0.wp.com\/impresiondigitalgranformato.es\/wp-content\/uploads\/2017\/01\/pasar-a-pagina-de-compra.png?w=366&amp;ssl=1 366w\" sizes=\"auto, (max-width: 194px) 100vw, 194px\" \/> <\/a><\/p>\n<\/div>\n<\/div>\n<div class=\"pbs-col\" style=\"flex-basis: 33.33%; justify-content: center;\"><\/div>\n<div class=\"pbs-col\" style=\"flex-basis: 33.33%;\"><\/div>\n<div class=\"pbs-row\" style=\"min-height: 200px;\">\n<div class=\"pbs-col\" style=\"flex-basis: 50%;\">\n<h3 style=\"text-align: center;\"><span style=\"font-weight: bold; color: #484e88;\">VEA EL V\u00cdDEO DEL PRODUCTO !!!<\/span><\/h3>\n\n<div class=\"jetpack-video-wrapper\"><iframe loading=\"lazy\" title=\"banner de 60 x 160 cm\" width=\"640\" height=\"360\" src=\"https:\/\/www.youtube.com\/embed\/cX6Ehf93SLI?feature=oembed\" frameborder=\"0\" allow=\"accelerometer; autoplay; clipboard-write; encrypted-media; gyroscope; picture-in-picture; web-share\" referrerpolicy=\"strict-origin-when-cross-origin\" allowfullscreen><\/iframe><\/div>\n<\/div>\n<div class=\"pbs-col\" style=\"flex-basis: 50%;\">\n<h3 style=\"text-align: center; margin-top: 19px;\" data-pbs-phone-margin-top=\"19px\"><span style=\"font-weight: bold;\">Banner<\/span> <span style=\"font-weight: bold; font-style: italic;\">Econ\u00f3mico<\/span><\/h3>\n<h4 style=\"text-align: center; margin-top: 2px;\" data-pbs-phone-margin-top=\"2px\">formato de 60 x 160 cm<\/h4>\n<p style=\"text-align: justify;\">Gr\u00e1fica realizada en lona de pvc fundida satinada con impresi\u00f3n digital de alta calidad, la estructura esta fabricada en fibra de vidrio<\/p>\n<p style=\"text-align: center;\">incluye bolsa de transporte.<\/p>\n<p style=\"text-align: justify;\">Este X-banner de tama\u00f1o reducido le permite promocionar cualquier tipo de producto o servicio, en espacios reducidos. Conseguir\u00e1 mayor relevancia gracias a este banner barato que es de muy f\u00e1cil montaje como se puede ver en el v\u00eddeo. El transporte del display es c\u00f3modo ya que todo el producto queda dentro de la bolsa de transporte y su peso es de 1 kilo.<\/p>\n<p><a href=\"https:\/\/impresiondigitalgranformato.es\/banner-barato\/\" xlink=\"href\"> <img data-recalc-dims=\"1\" loading=\"lazy\" decoding=\"async\" class=\"aligncenter wp-image-703 size-medium\" style=\"height: auto; width: 163px; margin-top: 26px;\" src=\"https:\/\/i0.wp.com\/impresiondigitalgranformato.es\/wp-content\/uploads\/2017\/01\/volver-a-seccion-banner-300x126.png?resize=300%2C126&#038;ssl=1\" alt=\"volver a banner\" width=\"300\" height=\"126\" data-pbs-phone-margin-top=\"26px\" srcset=\"https:\/\/i0.wp.com\/impresiondigitalgranformato.es\/wp-content\/uploads\/2017\/01\/volver-a-seccion-banner.png?resize=300%2C126&amp;ssl=1 300w, https:\/\/i0.wp.com\/impresiondigitalgranformato.es\/wp-content\/uploads\/2017\/01\/volver-a-seccion-banner.png?resize=100%2C42&amp;ssl=1 100w, https:\/\/i0.wp.com\/impresiondigitalgranformato.es\/wp-content\/uploads\/2017\/01\/volver-a-seccion-banner.png?resize=150%2C63&amp;ssl=1 150w, https:\/\/i0.wp.com\/impresiondigitalgranformato.es\/wp-content\/uploads\/2017\/01\/volver-a-seccion-banner.png?resize=200%2C84&amp;ssl=1 200w, https:\/\/i0.wp.com\/impresiondigitalgranformato.es\/wp-content\/uploads\/2017\/01\/volver-a-seccion-banner.png?w=370&amp;ssl=1 370w\" sizes=\"auto, (max-width: 300px) 100vw, 300px\" \/> <\/a><\/p>\n<\/div>\n<\/div>\n","protected":false},"excerpt":{"rendered":"<p>[rl_gallery id=\u00bb3809&#8243;] BANNER de 60 x 160 cm GR\u00c1FICA INCLUIDA Descuentos por Cantidades !!! de 1 a 5 unid \u2026 18 \u20ac\/unid. de 6 a 15 unid \u2026 17 \u20ac\/unid de 16 a 30 unid \u2026 16 \u20ac\/unid 31 o mas \u2026\u2026.. 15 \u20ac\/unid * Precios validos aportando arte final el cliente. Precios sin I.V.A. [&hellip;]<\/p>\n","protected":false},"author":1,"featured_media":0,"parent":0,"menu_order":0,"comment_status":"closed","ping_status":"closed","template":"","meta":{"footnotes":""},"class_list":["post-646","page","type-page","status-publish","hentry"],"yoast_head":"<!-- This site is optimized with the Yoast SEO plugin v27.3 - https:\/\/yoast.com\/product\/yoast-seo-wordpress\/ -->\n<title>banner-economico - Los + baratos<\/title>\n<meta name=\"robots\" content=\"index, follow, max-snippet:-1, max-image-preview:large, max-video-preview:-1\" \/>\n<link rel=\"canonical\" href=\"https:\/\/impresiondigitalgranformato.es\/es_es\/banner-economico\/\" \/>\n<meta property=\"og:locale\" content=\"es_ES\" \/>\n<meta property=\"og:type\" content=\"article\" \/>\n<meta property=\"og:title\" content=\"banner-economico - Los + baratos\" \/>\n<meta property=\"og:description\" content=\"[rl_gallery id=\u00bb3809&#8243;] BANNER de 60 x 160 cm GR\u00c1FICA INCLUIDA Descuentos por Cantidades !!! de 1 a 5 unid \u2026 18 \u20ac\/unid. de 6 a 15 unid \u2026 17 \u20ac\/unid de 16 a 30 unid \u2026 16 \u20ac\/unid 31 o mas \u2026\u2026.. 15 \u20ac\/unid * Precios validos aportando arte final el cliente. Precios sin I.V.A. [&hellip;]\" \/>\n<meta property=\"og:url\" content=\"https:\/\/impresiondigitalgranformato.es\/es_es\/banner-economico\/\" \/>\n<meta property=\"og:site_name\" content=\"Los + baratos\" \/>\n<meta property=\"article:modified_time\" content=\"2018-06-22T16:42:34+00:00\" \/>\n<meta property=\"og:image\" content=\"https:\/\/impresiondigitalgranformato.es\/wp-content\/uploads\/2017\/01\/envio-urgente-300x135.png\" \/>\n<meta name=\"twitter:card\" content=\"summary_large_image\" \/>\n<meta name=\"twitter:label1\" content=\"Tiempo de lectura\" \/>\n\t<meta name=\"twitter:data1\" content=\"1 minuto\" \/>\n<script type=\"application\/ld+json\" class=\"yoast-schema-graph\">{\"@context\":\"https:\\\/\\\/schema.org\",\"@graph\":[{\"@type\":\"WebPage\",\"@id\":\"https:\\\/\\\/impresiondigitalgranformato.es\\\/banner-economico\\\/\",\"url\":\"https:\\\/\\\/impresiondigitalgranformato.es\\\/banner-economico\\\/\",\"name\":\"banner-economico - Los + baratos\",\"isPartOf\":{\"@id\":\"https:\\\/\\\/impresiondigitalgranformato.es\\\/#website\"},\"primaryImageOfPage\":{\"@id\":\"https:\\\/\\\/impresiondigitalgranformato.es\\\/banner-economico\\\/#primaryimage\"},\"image\":{\"@id\":\"https:\\\/\\\/impresiondigitalgranformato.es\\\/banner-economico\\\/#primaryimage\"},\"thumbnailUrl\":\"https:\\\/\\\/impresiondigitalgranformato.es\\\/wp-content\\\/uploads\\\/2017\\\/01\\\/envio-urgente-300x135.png\",\"datePublished\":\"2017-01-26T12:26:13+00:00\",\"dateModified\":\"2018-06-22T16:42:34+00:00\",\"breadcrumb\":{\"@id\":\"https:\\\/\\\/impresiondigitalgranformato.es\\\/banner-economico\\\/#breadcrumb\"},\"inLanguage\":\"es\",\"potentialAction\":[{\"@type\":\"ReadAction\",\"target\":[\"https:\\\/\\\/impresiondigitalgranformato.es\\\/banner-economico\\\/\"]}]},{\"@type\":\"ImageObject\",\"inLanguage\":\"es\",\"@id\":\"https:\\\/\\\/impresiondigitalgranformato.es\\\/banner-economico\\\/#primaryimage\",\"url\":\"https:\\\/\\\/impresiondigitalgranformato.es\\\/wp-content\\\/uploads\\\/2017\\\/01\\\/envio-urgente-300x135.png\",\"contentUrl\":\"https:\\\/\\\/impresiondigitalgranformato.es\\\/wp-content\\\/uploads\\\/2017\\\/01\\\/envio-urgente-300x135.png\"},{\"@type\":\"BreadcrumbList\",\"@id\":\"https:\\\/\\\/impresiondigitalgranformato.es\\\/banner-economico\\\/#breadcrumb\",\"itemListElement\":[{\"@type\":\"ListItem\",\"position\":1,\"name\":\"Portada\",\"item\":\"https:\\\/\\\/impresiondigitalgranformato.es\\\/\"},{\"@type\":\"ListItem\",\"position\":2,\"name\":\"banner-economico\"}]},{\"@type\":\"WebSite\",\"@id\":\"https:\\\/\\\/impresiondigitalgranformato.es\\\/#website\",\"url\":\"https:\\\/\\\/impresiondigitalgranformato.es\\\/\",\"name\":\"Los + baratos\",\"description\":\"impresi\u00f3n digital gran formato venta de roll up, banner, banderas, lonas, carteles, displays, publicidad\",\"publisher\":{\"@id\":\"https:\\\/\\\/impresiondigitalgranformato.es\\\/#organization\"},\"potentialAction\":[{\"@type\":\"SearchAction\",\"target\":{\"@type\":\"EntryPoint\",\"urlTemplate\":\"https:\\\/\\\/impresiondigitalgranformato.es\\\/?s={search_term_string}\"},\"query-input\":{\"@type\":\"PropertyValueSpecification\",\"valueRequired\":true,\"valueName\":\"search_term_string\"}}],\"inLanguage\":\"es\"},{\"@type\":\"Organization\",\"@id\":\"https:\\\/\\\/impresiondigitalgranformato.es\\\/#organization\",\"name\":\"Los + baratos\",\"url\":\"https:\\\/\\\/impresiondigitalgranformato.es\\\/\",\"logo\":{\"@type\":\"ImageObject\",\"inLanguage\":\"es\",\"@id\":\"https:\\\/\\\/impresiondigitalgranformato.es\\\/#\\\/schema\\\/logo\\\/image\\\/\",\"url\":\"https:\\\/\\\/i0.wp.com\\\/impresiondigitalgranformato.es\\\/wp-content\\\/uploads\\\/2016\\\/12\\\/cropped-logotipo-2-e1483373659766.png?fit=500%2C101&ssl=1\",\"contentUrl\":\"https:\\\/\\\/i0.wp.com\\\/impresiondigitalgranformato.es\\\/wp-content\\\/uploads\\\/2016\\\/12\\\/cropped-logotipo-2-e1483373659766.png?fit=500%2C101&ssl=1\",\"width\":500,\"height\":101,\"caption\":\"Los + baratos\"},\"image\":{\"@id\":\"https:\\\/\\\/impresiondigitalgranformato.es\\\/#\\\/schema\\\/logo\\\/image\\\/\"}}]}<\/script>\n<!-- \/ Yoast SEO plugin. -->","yoast_head_json":{"title":"banner-economico - Los + baratos","robots":{"index":"index","follow":"follow","max-snippet":"max-snippet:-1","max-image-preview":"max-image-preview:large","max-video-preview":"max-video-preview:-1"},"canonical":"https:\/\/impresiondigitalgranformato.es\/es_es\/banner-economico\/","og_locale":"es_ES","og_type":"article","og_title":"banner-economico - Los + baratos","og_description":"[rl_gallery id=\u00bb3809&#8243;] BANNER de 60 x 160 cm GR\u00c1FICA INCLUIDA Descuentos por Cantidades !!! de 1 a 5 unid \u2026 18 \u20ac\/unid. de 6 a 15 unid \u2026 17 \u20ac\/unid de 16 a 30 unid \u2026 16 \u20ac\/unid 31 o mas \u2026\u2026.. 15 \u20ac\/unid * Precios validos aportando arte final el cliente. Precios sin I.V.A. [&hellip;]","og_url":"https:\/\/impresiondigitalgranformato.es\/es_es\/banner-economico\/","og_site_name":"Los + baratos","article_modified_time":"2018-06-22T16:42:34+00:00","og_image":[{"url":"https:\/\/impresiondigitalgranformato.es\/wp-content\/uploads\/2017\/01\/envio-urgente-300x135.png","type":"","width":"","height":""}],"twitter_card":"summary_large_image","twitter_misc":{"Tiempo de lectura":"1 minuto"},"schema":{"@context":"https:\/\/schema.org","@graph":[{"@type":"WebPage","@id":"https:\/\/impresiondigitalgranformato.es\/banner-economico\/","url":"https:\/\/impresiondigitalgranformato.es\/banner-economico\/","name":"banner-economico - Los + baratos","isPartOf":{"@id":"https:\/\/impresiondigitalgranformato.es\/#website"},"primaryImageOfPage":{"@id":"https:\/\/impresiondigitalgranformato.es\/banner-economico\/#primaryimage"},"image":{"@id":"https:\/\/impresiondigitalgranformato.es\/banner-economico\/#primaryimage"},"thumbnailUrl":"https:\/\/impresiondigitalgranformato.es\/wp-content\/uploads\/2017\/01\/envio-urgente-300x135.png","datePublished":"2017-01-26T12:26:13+00:00","dateModified":"2018-06-22T16:42:34+00:00","breadcrumb":{"@id":"https:\/\/impresiondigitalgranformato.es\/banner-economico\/#breadcrumb"},"inLanguage":"es","potentialAction":[{"@type":"ReadAction","target":["https:\/\/impresiondigitalgranformato.es\/banner-economico\/"]}]},{"@type":"ImageObject","inLanguage":"es","@id":"https:\/\/impresiondigitalgranformato.es\/banner-economico\/#primaryimage","url":"https:\/\/impresiondigitalgranformato.es\/wp-content\/uploads\/2017\/01\/envio-urgente-300x135.png","contentUrl":"https:\/\/impresiondigitalgranformato.es\/wp-content\/uploads\/2017\/01\/envio-urgente-300x135.png"},{"@type":"BreadcrumbList","@id":"https:\/\/impresiondigitalgranformato.es\/banner-economico\/#breadcrumb","itemListElement":[{"@type":"ListItem","position":1,"name":"Portada","item":"https:\/\/impresiondigitalgranformato.es\/"},{"@type":"ListItem","position":2,"name":"banner-economico"}]},{"@type":"WebSite","@id":"https:\/\/impresiondigitalgranformato.es\/#website","url":"https:\/\/impresiondigitalgranformato.es\/","name":"Los + baratos","description":"impresi\u00f3n digital gran formato venta de roll up, banner, banderas, lonas, carteles, displays, publicidad","publisher":{"@id":"https:\/\/impresiondigitalgranformato.es\/#organization"},"potentialAction":[{"@type":"SearchAction","target":{"@type":"EntryPoint","urlTemplate":"https:\/\/impresiondigitalgranformato.es\/?s={search_term_string}"},"query-input":{"@type":"PropertyValueSpecification","valueRequired":true,"valueName":"search_term_string"}}],"inLanguage":"es"},{"@type":"Organization","@id":"https:\/\/impresiondigitalgranformato.es\/#organization","name":"Los + baratos","url":"https:\/\/impresiondigitalgranformato.es\/","logo":{"@type":"ImageObject","inLanguage":"es","@id":"https:\/\/impresiondigitalgranformato.es\/#\/schema\/logo\/image\/","url":"https:\/\/i0.wp.com\/impresiondigitalgranformato.es\/wp-content\/uploads\/2016\/12\/cropped-logotipo-2-e1483373659766.png?fit=500%2C101&ssl=1","contentUrl":"https:\/\/i0.wp.com\/impresiondigitalgranformato.es\/wp-content\/uploads\/2016\/12\/cropped-logotipo-2-e1483373659766.png?fit=500%2C101&ssl=1","width":500,"height":101,"caption":"Los + baratos"},"image":{"@id":"https:\/\/impresiondigitalgranformato.es\/#\/schema\/logo\/image\/"}}]}},"jetpack_sharing_enabled":true,"_links":{"self":[{"href":"https:\/\/impresiondigitalgranformato.es\/es_es\/wp-json\/wp\/v2\/pages\/646","targetHints":{"allow":["GET"]}}],"collection":[{"href":"https:\/\/impresiondigitalgranformato.es\/es_es\/wp-json\/wp\/v2\/pages"}],"about":[{"href":"https:\/\/impresiondigitalgranformato.es\/es_es\/wp-json\/wp\/v2\/types\/page"}],"author":[{"embeddable":true,"href":"https:\/\/impresiondigitalgranformato.es\/es_es\/wp-json\/wp\/v2\/users\/1"}],"replies":[{"embeddable":true,"href":"https:\/\/impresiondigitalgranformato.es\/es_es\/wp-json\/wp\/v2\/comments?post=646"}],"version-history":[{"count":74,"href":"https:\/\/impresiondigitalgranformato.es\/es_es\/wp-json\/wp\/v2\/pages\/646\/revisions"}],"predecessor-version":[{"id":3811,"href":"https:\/\/impresiondigitalgranformato.es\/es_es\/wp-json\/wp\/v2\/pages\/646\/revisions\/3811"}],"wp:attachment":[{"href":"https:\/\/impresiondigitalgranformato.es\/es_es\/wp-json\/wp\/v2\/media?parent=646"}],"curies":[{"name":"wp","href":"https:\/\/api.w.org\/{rel}","templated":true}]}}