{"id":656,"date":"2017-01-26T13:30:54","date_gmt":"2017-01-26T12:30:54","guid":{"rendered":"http:\/\/impresiondigitalgranformato.es\/wordpress\/?page_id=656"},"modified":"2019-08-08T10:03:09","modified_gmt":"2019-08-08T08:03:09","slug":"como-comprar","status":"publish","type":"page","link":"https:\/\/impresiondigitalgranformato.es\/es_es\/como-comprar\/","title":{"rendered":"como-comprar"},"content":{"rendered":"<div class=\"pbs-row\" style=\"min-height: 247px; margin-bottom: 40px;\">\n<div class=\"pbs-col\" style=\"flex-basis: 50%;\">\n<p><img data-recalc-dims=\"1\" loading=\"lazy\" decoding=\"async\" class=\"aligncenter size-medium wp-image-800\" src=\"https:\/\/i0.wp.com\/impresiondigitalgranformato.es\/wp-content\/uploads\/2017\/01\/logotipo_rotulaciones-300x131.png?resize=300%2C131&#038;ssl=1\" alt=\"logotipo impresiondigitalgranformato\" width=\"300\" height=\"131\" srcset=\"https:\/\/i0.wp.com\/impresiondigitalgranformato.es\/wp-content\/uploads\/2017\/01\/logotipo_rotulaciones.png?resize=300%2C131&amp;ssl=1 300w, https:\/\/i0.wp.com\/impresiondigitalgranformato.es\/wp-content\/uploads\/2017\/01\/logotipo_rotulaciones.png?resize=450%2C196&amp;ssl=1 450w, https:\/\/i0.wp.com\/impresiondigitalgranformato.es\/wp-content\/uploads\/2017\/01\/logotipo_rotulaciones.png?resize=100%2C44&amp;ssl=1 100w, https:\/\/i0.wp.com\/impresiondigitalgranformato.es\/wp-content\/uploads\/2017\/01\/logotipo_rotulaciones.png?resize=150%2C65&amp;ssl=1 150w, https:\/\/i0.wp.com\/impresiondigitalgranformato.es\/wp-content\/uploads\/2017\/01\/logotipo_rotulaciones.png?resize=200%2C87&amp;ssl=1 200w, https:\/\/i0.wp.com\/impresiondigitalgranformato.es\/wp-content\/uploads\/2017\/01\/logotipo_rotulaciones.png?w=580&amp;ssl=1 580w\" sizes=\"auto, (max-width: 300px) 100vw, 300px\" \/><\/p>\n<p><img data-recalc-dims=\"1\" loading=\"lazy\" decoding=\"async\" class=\"aligncenter size-medium wp-image-15\" style=\"margin-top: 25px;\" src=\"https:\/\/i0.wp.com\/impresiondigitalgranformato.es\/wp-content\/uploads\/2016\/12\/logotipo-2-300x61.png?resize=300%2C61&#038;ssl=1\" alt=\"impresion digital los mas baratos\" width=\"300\" height=\"61\" \/><\/p>\n<\/div>\n<div class=\"pbs-col\" style=\"flex-basis: 50%;\">\n<h4><span style=\"font-weight: normal;\">En primer lugar indicar que en cualquier momento de la compra o visualizaci\u00f3n en la web puede ponerse en contacto con nosotros a trav\u00e9s de:<\/span><\/h4>\n<h4 style=\"text-align: left;\"><span style=\"font-weight: bold; color: #0e1252;\">Tel\u00e9fono<\/span>: 925 761 762 o al 605 265 602 (todos los d\u00edas)<\/h4>\n<h4><span style=\"font-weight: bold; color: #0d9a41;\">Wasap<\/span>: 605 265 602 (Roberto)<\/h4>\n<h4><span style=\"font-weight: bold; color: #3a484a;\">ch\u00e1t:<\/span><span style=\"font-weight: bold;\">\u00a0<\/span><span style=\"font-weight: normal;\">en vivo<\/span><\/h4>\n<h4><span style=\"font-weight: bold;\">e-mail:<\/span> <span style=\"font-weight: normal;\">comercial@impresiondigitalgranformato.es<\/span><\/h4>\n<\/div>\n<\/div>\n<div class=\"pbs-row\" style=\"min-height: 200px;\">\n<div class=\"pbs-col\" style=\"justify-content: center;\">\n<h3>Pedidos:<\/h3>\n<p><span style=\"font-weight: bold;\">Todos los pedidos se realizan a trav\u00e9s de la tienda on-line.<\/span><\/p>\n<p><span style=\"font-weight: bold;\">1<\/span>.- Visualice el producto que le interesa.<\/p>\n<p style=\"margin-bottom: 10px;\"><b>2<\/b>.- Indique la cantidad de art\u00edculos que dese\u00e9.<\/p>\n<p><b>3<\/b>.- Pinche en \u201ccomprar ahora\u201d<\/p>\n<p><b>4<\/b>.- Cuando termine de a\u00f1adir art\u00edculos a la cesta de la compra, abra dicha cesta (esquina superior derecha o esquina inferior izquierda)<\/p>\n<p><strong>5<\/strong>.- Pinche sobre \u00bb FINALIZAR COMPRA \u00bb Siga los pasos que le indican para confeccionar el formulario para la factura y el env\u00edo del material.<\/p>\n<p><strong>6<\/strong>.- Seleccione el m\u00e9todo de pago ( tarjeta o transferencia bancaria) y pinche sobre \u00bb REALIZAR PEDIDO \u00bb<\/p>\n<p style=\"margin-bottom: 31px;\">** cuando este realizando la compra puede indicarnos lo que quiera en el cuadro <span style=\"font-weight: bold;\">\u201cobservaciones del pedido\u201d<\/span><\/p>\n<p style=\"margin-bottom: 31px;\"><strong>7<\/strong>.- <strong>( solo para pedidos donde el cliente manda el dise\u00f1o a imprimir)<\/strong> Finalice la compra y junto con el numero de pedido que obtendr\u00e1 env\u00ede los archivos de impresi\u00f3n al e-mail: comercial@impresiondigitalgranformato.es<\/p>\n<p>** <strong>Revisamos todos los dise\u00f1os en tama\u00f1o y calidad. Le informamos si esta correcto para impresi\u00f3n o por lo contrario creemos que debe modificarlo.<\/strong><\/p>\n<\/div>\n<\/div>\n<div class=\"pbs-row\" style=\"min-height: 200px;\">\n<div class=\"pbs-col\" style=\"justify-content: center;\">\n<p><span style=\"font-weight: bold;\">Pedidos con preparaci\u00f3n de gr\u00e1ficas o artes finales.<\/span><\/p>\n<p>Para la preparaci\u00f3n de artes finales necesitamos que nos env\u00ede lo siguiente al e-mail: <span style=\"font-weight: bold;\">comercial@impresiondigitalgranformato.es<\/span><\/p>\n<p>-Numero de pedido (lo recibira en su e-mail una vez realizada la compra)<\/p>\n<p>\u2013 Logotipo y\/o im\u00e1genes que quiera que aparezcan.<\/p>\n<p>\u2013 Textos a insertar<\/p>\n<p>\u2013 Una breve descripci\u00f3n de como lo quiere con la mayor informaci\u00f3n que pueda (posici\u00f3n de las im\u00e1genes, colores, tipos de letras\u2026)<\/p>\n<p>Nosotros le enviaremos la adaptaci\u00f3n para su aprobaci\u00f3n antes de empezar a producir.<\/p>\n<p style=\"margin-top: 17px;\"><span style=\"font-weight: bold;\">Precios y forma de pago:<\/span><\/p>\n<p>En todos los precios de la web esta incluido las <span style=\"font-weight: bold;\">estructuras y la impresi\u00f3n<\/span>. Faltar\u00eda sumar el IVA y los portes si fuera necesario.<\/p>\n<p style=\"margin-bottom: 27px;\">Los pagos se realizaran al encargo v\u00eda transferencia o tarjeta. (puede elegirlo cuando realice la compra)<\/p>\n<p><span style=\"font-weight: bold;\">Artes finales o archivos a imprimir<\/span><\/p>\n<p>TODOS LOS ART\u00cdCULOS TIENES PLANTILLA DE MONTAJE QUE PUEDE DESCARGAR.<\/p>\n<p>Los formatos validos para impresion son JPG, TIFF o PDF, y siempre tienen que estar a tama\u00f1o del art\u00edculo elegido.<\/p>\n<p>(Ej.: si elige un roll up de 85 x 200 cm la imagen a imprimir tiene que tener 85 x 200 cm)<\/p>\n<p style=\"margin-bottom: 22px;\"><span style=\"font-weight: bold;\">Revisamos todos los dise\u00f1os en tama\u00f1o y calidad, en el caso de detectar cualquier problema le avisar\u00edamos.<\/span><\/p>\n<p><span style=\"font-weight: bold;\">Envios y plazo de entrega:<\/span><\/p>\n<p>Los env\u00edos est\u00e1n pagados a partir de 250\u20ac de compra (sin incluir IVA) en pen\u00ednsula de no llegar a esta cantidad el coste variar\u00eda entre 9 y 21\u20ac + IVA.<\/p>\n<p>El plazo de entrega pude elegirlo entre 4 y 2 d\u00edas o incluso en 24 horas en destino<span style=\"color: #9c161f;\">*<\/span> (pen\u00ednsula) una vez confirmado arte final y pago de la mercanc\u00eda.<\/p>\n<p><span style=\"color: #9c161f;\">*Siempre que se realice antes de las 12 de la ma\u00f1ana del d\u00eda en curso<\/span><\/p>\n<p><strong>VENTAS:<\/strong><\/p>\n<p>Puede realizar su compra\u00a0directamente ON-LINE (Excluidos ciertos servicios) o a trav\u00e9s de nuestro e-mail indicado en el apartado de CONTACTO. Para ello deber\u00e1 indicar las referencias, medidas, etc. de los productos que desee contratar. Posteriormente recibir\u00e1 un presupuesto con dichos productos para que pueda realizar el pago de los mismos.<br \/>\nSolamente se admiten pedidos mediante forma de pago por transferencia bancaria anticipada o a trav\u00e9s de TPV- VIRTUAL instalado en la tienda on-line. Dicho pedido no pasar\u00e1 a producci\u00f3n hasta que ROTULACIONES, SERIGRAFIAS Y MONTAJES PACHECO, S.L. tenga constancia de que el pago ha sido realizado.<br \/>\nLos precios est\u00e1n sujetos a cambios, sin previo aviso.<\/p>\n<p><strong>CANCELACI\u00d3N:<\/strong><br \/>\nSolamente se admiten cancelaci\u00f3n total del pedido si el producto no se a empezado a producir. En el caso que ya este en producci\u00f3n el cliente tendr\u00e1 que hacerse cargo del importe de lo producido. Este importe se restara del total que tengamos que devolver al cliente.<\/p>\n<p><strong>DEVOLUCI\u00d3N:<\/strong><br \/>\nSolamente se admiten devoluciones del producto dentro de las 24 horas siguientes a la recepci\u00f3n del pedido, siempre que las mismas sean atribuibles a defectos de fabricaci\u00f3n, y no por un uso no adecuado.<br \/>\nSi desea recibir m\u00e1s informaci\u00f3n sobre alguno de nuestros productos, o asesoramiento previo, no dude en ponerse en contacto con nosotros.<\/p>\n<p><strong>ROTULACIONES, SERIGRAFIAS Y MONTAJES PACHECO, S.L.<\/strong><\/p>\n<p>B-45808052<\/p>\n<p><strong>C\/ Eras de San Francisco, 1 local 3<\/strong><\/p>\n<p><strong>45500 Torrijos (Toledo<\/strong><\/p>\n<p><strong>comercial@impresiondigitalgranforamto.es<\/strong><\/p>\n<\/div>\n<\/div>\n<h2 style=\"text-align: center; margin-bottom: 4px;\"><span style=\"font-weight: bold; color: #048f6c;\">Volver a<\/span><\/h2>\n<p><a href=\"https:\/\/impresiondigitalgranformato.es\/productosimpresiondigital\/\" xlink=\"href\"> <img data-recalc-dims=\"1\" loading=\"lazy\" decoding=\"async\" class=\"aligncenter wp-image-272 size-medium\" src=\"https:\/\/i0.wp.com\/impresiondigitalgranformato.es\/wp-content\/uploads\/2017\/01\/ICONO-VER-PRODUCTOS-300x66.png?resize=300%2C66&#038;ssl=1\" alt=\"productos impresion de gran foramto\" width=\"300\" height=\"66\" srcset=\"https:\/\/i0.wp.com\/impresiondigitalgranformato.es\/wp-content\/uploads\/2017\/01\/ICONO-VER-PRODUCTOS.png?resize=300%2C66&amp;ssl=1 300w, https:\/\/i0.wp.com\/impresiondigitalgranformato.es\/wp-content\/uploads\/2017\/01\/ICONO-VER-PRODUCTOS.png?resize=450%2C99&amp;ssl=1 450w, https:\/\/i0.wp.com\/impresiondigitalgranformato.es\/wp-content\/uploads\/2017\/01\/ICONO-VER-PRODUCTOS.png?resize=100%2C22&amp;ssl=1 100w, https:\/\/i0.wp.com\/impresiondigitalgranformato.es\/wp-content\/uploads\/2017\/01\/ICONO-VER-PRODUCTOS.png?resize=150%2C33&amp;ssl=1 150w, https:\/\/i0.wp.com\/impresiondigitalgranformato.es\/wp-content\/uploads\/2017\/01\/ICONO-VER-PRODUCTOS.png?resize=200%2C44&amp;ssl=1 200w, https:\/\/i0.wp.com\/impresiondigitalgranformato.es\/wp-content\/uploads\/2017\/01\/ICONO-VER-PRODUCTOS.png?resize=600%2C132&amp;ssl=1 600w, https:\/\/i0.wp.com\/impresiondigitalgranformato.es\/wp-content\/uploads\/2017\/01\/ICONO-VER-PRODUCTOS.png?w=601&amp;ssl=1 601w\" sizes=\"auto, (max-width: 300px) 100vw, 300px\" \/> <\/a><\/p>\n","protected":false},"excerpt":{"rendered":"<p>En primer lugar indicar que en cualquier momento de la compra o visualizaci\u00f3n en la web puede ponerse en contacto con nosotros a trav\u00e9s de: Tel\u00e9fono: 925 761 762 o al 605 265 602 (todos los d\u00edas) Wasap: 605 265 602 (Roberto) ch\u00e1t:\u00a0en vivo e-mail: comercial@impresiondigitalgranformato.es Pedidos: Todos los pedidos se realizan a trav\u00e9s de [&hellip;]<\/p>\n","protected":false},"author":1,"featured_media":0,"parent":0,"menu_order":0,"comment_status":"closed","ping_status":"closed","template":"","meta":{"footnotes":""},"class_list":["post-656","page","type-page","status-publish","hentry"],"yoast_head":"<!-- This site is optimized with the Yoast SEO plugin v27.3 - https:\/\/yoast.com\/product\/yoast-seo-wordpress\/ -->\n<title>como-comprar - Los + baratos<\/title>\n<meta name=\"robots\" content=\"index, follow, max-snippet:-1, max-image-preview:large, max-video-preview:-1\" \/>\n<link rel=\"canonical\" href=\"https:\/\/impresiondigitalgranformato.es\/es_es\/como-comprar\/\" \/>\n<meta property=\"og:locale\" content=\"es_ES\" \/>\n<meta property=\"og:type\" content=\"article\" \/>\n<meta property=\"og:title\" content=\"como-comprar - Los + baratos\" \/>\n<meta property=\"og:description\" content=\"En primer lugar indicar que en cualquier momento de la compra o visualizaci\u00f3n en la web puede ponerse en contacto con nosotros a trav\u00e9s de: Tel\u00e9fono: 925 761 762 o al 605 265 602 (todos los d\u00edas) Wasap: 605 265 602 (Roberto) ch\u00e1t:\u00a0en vivo e-mail: comercial@impresiondigitalgranformato.es Pedidos: Todos los pedidos se realizan a trav\u00e9s de [&hellip;]\" \/>\n<meta property=\"og:url\" content=\"https:\/\/impresiondigitalgranformato.es\/es_es\/como-comprar\/\" \/>\n<meta property=\"og:site_name\" content=\"Los + baratos\" \/>\n<meta property=\"article:modified_time\" content=\"2019-08-08T08:03:09+00:00\" \/>\n<meta property=\"og:image\" content=\"https:\/\/impresiondigitalgranformato.es\/wp-content\/uploads\/2017\/01\/logotipo_rotulaciones-300x131.png\" \/>\n<meta name=\"twitter:card\" content=\"summary_large_image\" \/>\n<meta name=\"twitter:label1\" content=\"Tiempo de lectura\" \/>\n\t<meta name=\"twitter:data1\" content=\"4 minutos\" \/>\n<script type=\"application\/ld+json\" class=\"yoast-schema-graph\">{\"@context\":\"https:\\\/\\\/schema.org\",\"@graph\":[{\"@type\":\"WebPage\",\"@id\":\"https:\\\/\\\/impresiondigitalgranformato.es\\\/como-comprar\\\/\",\"url\":\"https:\\\/\\\/impresiondigitalgranformato.es\\\/como-comprar\\\/\",\"name\":\"como-comprar - Los + baratos\",\"isPartOf\":{\"@id\":\"https:\\\/\\\/impresiondigitalgranformato.es\\\/#website\"},\"primaryImageOfPage\":{\"@id\":\"https:\\\/\\\/impresiondigitalgranformato.es\\\/como-comprar\\\/#primaryimage\"},\"image\":{\"@id\":\"https:\\\/\\\/impresiondigitalgranformato.es\\\/como-comprar\\\/#primaryimage\"},\"thumbnailUrl\":\"https:\\\/\\\/impresiondigitalgranformato.es\\\/wp-content\\\/uploads\\\/2017\\\/01\\\/logotipo_rotulaciones-300x131.png\",\"datePublished\":\"2017-01-26T12:30:54+00:00\",\"dateModified\":\"2019-08-08T08:03:09+00:00\",\"breadcrumb\":{\"@id\":\"https:\\\/\\\/impresiondigitalgranformato.es\\\/como-comprar\\\/#breadcrumb\"},\"inLanguage\":\"es\",\"potentialAction\":[{\"@type\":\"ReadAction\",\"target\":[\"https:\\\/\\\/impresiondigitalgranformato.es\\\/como-comprar\\\/\"]}]},{\"@type\":\"ImageObject\",\"inLanguage\":\"es\",\"@id\":\"https:\\\/\\\/impresiondigitalgranformato.es\\\/como-comprar\\\/#primaryimage\",\"url\":\"https:\\\/\\\/impresiondigitalgranformato.es\\\/wp-content\\\/uploads\\\/2017\\\/01\\\/logotipo_rotulaciones-300x131.png\",\"contentUrl\":\"https:\\\/\\\/impresiondigitalgranformato.es\\\/wp-content\\\/uploads\\\/2017\\\/01\\\/logotipo_rotulaciones-300x131.png\"},{\"@type\":\"BreadcrumbList\",\"@id\":\"https:\\\/\\\/impresiondigitalgranformato.es\\\/como-comprar\\\/#breadcrumb\",\"itemListElement\":[{\"@type\":\"ListItem\",\"position\":1,\"name\":\"Portada\",\"item\":\"https:\\\/\\\/impresiondigitalgranformato.es\\\/\"},{\"@type\":\"ListItem\",\"position\":2,\"name\":\"como-comprar\"}]},{\"@type\":\"WebSite\",\"@id\":\"https:\\\/\\\/impresiondigitalgranformato.es\\\/#website\",\"url\":\"https:\\\/\\\/impresiondigitalgranformato.es\\\/\",\"name\":\"Los + baratos\",\"description\":\"impresi\u00f3n digital gran formato venta de roll up, banner, banderas, lonas, carteles, displays, publicidad\",\"publisher\":{\"@id\":\"https:\\\/\\\/impresiondigitalgranformato.es\\\/#organization\"},\"potentialAction\":[{\"@type\":\"SearchAction\",\"target\":{\"@type\":\"EntryPoint\",\"urlTemplate\":\"https:\\\/\\\/impresiondigitalgranformato.es\\\/?s={search_term_string}\"},\"query-input\":{\"@type\":\"PropertyValueSpecification\",\"valueRequired\":true,\"valueName\":\"search_term_string\"}}],\"inLanguage\":\"es\"},{\"@type\":\"Organization\",\"@id\":\"https:\\\/\\\/impresiondigitalgranformato.es\\\/#organization\",\"name\":\"Los + baratos\",\"url\":\"https:\\\/\\\/impresiondigitalgranformato.es\\\/\",\"logo\":{\"@type\":\"ImageObject\",\"inLanguage\":\"es\",\"@id\":\"https:\\\/\\\/impresiondigitalgranformato.es\\\/#\\\/schema\\\/logo\\\/image\\\/\",\"url\":\"https:\\\/\\\/i0.wp.com\\\/impresiondigitalgranformato.es\\\/wp-content\\\/uploads\\\/2016\\\/12\\\/cropped-logotipo-2-e1483373659766.png?fit=500%2C101&ssl=1\",\"contentUrl\":\"https:\\\/\\\/i0.wp.com\\\/impresiondigitalgranformato.es\\\/wp-content\\\/uploads\\\/2016\\\/12\\\/cropped-logotipo-2-e1483373659766.png?fit=500%2C101&ssl=1\",\"width\":500,\"height\":101,\"caption\":\"Los + baratos\"},\"image\":{\"@id\":\"https:\\\/\\\/impresiondigitalgranformato.es\\\/#\\\/schema\\\/logo\\\/image\\\/\"}}]}<\/script>\n<!-- \/ Yoast SEO plugin. -->","yoast_head_json":{"title":"como-comprar - Los + baratos","robots":{"index":"index","follow":"follow","max-snippet":"max-snippet:-1","max-image-preview":"max-image-preview:large","max-video-preview":"max-video-preview:-1"},"canonical":"https:\/\/impresiondigitalgranformato.es\/es_es\/como-comprar\/","og_locale":"es_ES","og_type":"article","og_title":"como-comprar - Los + baratos","og_description":"En primer lugar indicar que en cualquier momento de la compra o visualizaci\u00f3n en la web puede ponerse en contacto con nosotros a trav\u00e9s de: Tel\u00e9fono: 925 761 762 o al 605 265 602 (todos los d\u00edas) Wasap: 605 265 602 (Roberto) ch\u00e1t:\u00a0en vivo e-mail: comercial@impresiondigitalgranformato.es Pedidos: Todos los pedidos se realizan a trav\u00e9s de [&hellip;]","og_url":"https:\/\/impresiondigitalgranformato.es\/es_es\/como-comprar\/","og_site_name":"Los + baratos","article_modified_time":"2019-08-08T08:03:09+00:00","og_image":[{"url":"https:\/\/impresiondigitalgranformato.es\/wp-content\/uploads\/2017\/01\/logotipo_rotulaciones-300x131.png","type":"","width":"","height":""}],"twitter_card":"summary_large_image","twitter_misc":{"Tiempo de lectura":"4 minutos"},"schema":{"@context":"https:\/\/schema.org","@graph":[{"@type":"WebPage","@id":"https:\/\/impresiondigitalgranformato.es\/como-comprar\/","url":"https:\/\/impresiondigitalgranformato.es\/como-comprar\/","name":"como-comprar - Los + baratos","isPartOf":{"@id":"https:\/\/impresiondigitalgranformato.es\/#website"},"primaryImageOfPage":{"@id":"https:\/\/impresiondigitalgranformato.es\/como-comprar\/#primaryimage"},"image":{"@id":"https:\/\/impresiondigitalgranformato.es\/como-comprar\/#primaryimage"},"thumbnailUrl":"https:\/\/impresiondigitalgranformato.es\/wp-content\/uploads\/2017\/01\/logotipo_rotulaciones-300x131.png","datePublished":"2017-01-26T12:30:54+00:00","dateModified":"2019-08-08T08:03:09+00:00","breadcrumb":{"@id":"https:\/\/impresiondigitalgranformato.es\/como-comprar\/#breadcrumb"},"inLanguage":"es","potentialAction":[{"@type":"ReadAction","target":["https:\/\/impresiondigitalgranformato.es\/como-comprar\/"]}]},{"@type":"ImageObject","inLanguage":"es","@id":"https:\/\/impresiondigitalgranformato.es\/como-comprar\/#primaryimage","url":"https:\/\/impresiondigitalgranformato.es\/wp-content\/uploads\/2017\/01\/logotipo_rotulaciones-300x131.png","contentUrl":"https:\/\/impresiondigitalgranformato.es\/wp-content\/uploads\/2017\/01\/logotipo_rotulaciones-300x131.png"},{"@type":"BreadcrumbList","@id":"https:\/\/impresiondigitalgranformato.es\/como-comprar\/#breadcrumb","itemListElement":[{"@type":"ListItem","position":1,"name":"Portada","item":"https:\/\/impresiondigitalgranformato.es\/"},{"@type":"ListItem","position":2,"name":"como-comprar"}]},{"@type":"WebSite","@id":"https:\/\/impresiondigitalgranformato.es\/#website","url":"https:\/\/impresiondigitalgranformato.es\/","name":"Los + baratos","description":"impresi\u00f3n digital gran formato venta de roll up, banner, banderas, lonas, carteles, displays, publicidad","publisher":{"@id":"https:\/\/impresiondigitalgranformato.es\/#organization"},"potentialAction":[{"@type":"SearchAction","target":{"@type":"EntryPoint","urlTemplate":"https:\/\/impresiondigitalgranformato.es\/?s={search_term_string}"},"query-input":{"@type":"PropertyValueSpecification","valueRequired":true,"valueName":"search_term_string"}}],"inLanguage":"es"},{"@type":"Organization","@id":"https:\/\/impresiondigitalgranformato.es\/#organization","name":"Los + baratos","url":"https:\/\/impresiondigitalgranformato.es\/","logo":{"@type":"ImageObject","inLanguage":"es","@id":"https:\/\/impresiondigitalgranformato.es\/#\/schema\/logo\/image\/","url":"https:\/\/i0.wp.com\/impresiondigitalgranformato.es\/wp-content\/uploads\/2016\/12\/cropped-logotipo-2-e1483373659766.png?fit=500%2C101&ssl=1","contentUrl":"https:\/\/i0.wp.com\/impresiondigitalgranformato.es\/wp-content\/uploads\/2016\/12\/cropped-logotipo-2-e1483373659766.png?fit=500%2C101&ssl=1","width":500,"height":101,"caption":"Los + baratos"},"image":{"@id":"https:\/\/impresiondigitalgranformato.es\/#\/schema\/logo\/image\/"}}]}},"jetpack_sharing_enabled":true,"_links":{"self":[{"href":"https:\/\/impresiondigitalgranformato.es\/es_es\/wp-json\/wp\/v2\/pages\/656","targetHints":{"allow":["GET"]}}],"collection":[{"href":"https:\/\/impresiondigitalgranformato.es\/es_es\/wp-json\/wp\/v2\/pages"}],"about":[{"href":"https:\/\/impresiondigitalgranformato.es\/es_es\/wp-json\/wp\/v2\/types\/page"}],"author":[{"embeddable":true,"href":"https:\/\/impresiondigitalgranformato.es\/es_es\/wp-json\/wp\/v2\/users\/1"}],"replies":[{"embeddable":true,"href":"https:\/\/impresiondigitalgranformato.es\/es_es\/wp-json\/wp\/v2\/comments?post=656"}],"version-history":[{"count":13,"href":"https:\/\/impresiondigitalgranformato.es\/es_es\/wp-json\/wp\/v2\/pages\/656\/revisions"}],"predecessor-version":[{"id":5379,"href":"https:\/\/impresiondigitalgranformato.es\/es_es\/wp-json\/wp\/v2\/pages\/656\/revisions\/5379"}],"wp:attachment":[{"href":"https:\/\/impresiondigitalgranformato.es\/es_es\/wp-json\/wp\/v2\/media?parent=656"}],"curies":[{"name":"wp","href":"https:\/\/api.w.org\/{rel}","templated":true}]}}