{"id":661,"date":"2017-01-26T13:33:51","date_gmt":"2017-01-26T12:33:51","guid":{"rendered":"http:\/\/impresiondigitalgranformato.es\/wordpress\/?page_id=661"},"modified":"2018-03-28T12:43:13","modified_gmt":"2018-03-28T10:43:13","slug":"politica-de-privacidad","status":"publish","type":"page","link":"https:\/\/impresiondigitalgranformato.es\/es_es\/politica-de-privacidad\/","title":{"rendered":"politica-de-privacidad"},"content":{"rendered":"<div class=\"pbs-row\" style=\"min-height: 200px;\">\n<div class=\"pbs-col\" style=\"justify-content: center;\">\n<p>Pol\u00edtica de Privacidad<\/p>\n<p>En ROTULACIONES SERIGRAF\u00cdAS Y MONTAJES PACHECO, S.L. titular de http:\/\/www.impresiondigitalgranformato.es con domicilio social en CALLE ERAS DE SAN FRANCISCO, 1 LOCAL 3. 45500 \u2013 TORRIJOS (TOLEDO), estamos preocupados por la seguridad y por garantizar y proteger la privacidad de los datos aportados por los usuarios de nuestro sitio web. Por ello, garantizamos que el tratamiento de los datos se efect\u00faa bajo niveles de seguridad que impiden la p\u00e9rdida, manipulaci\u00f3n de los datos o accesos no autorizados.<\/p>\n<p>De acuerdo con lo establecido por la Ley Org\u00e1nica 15\/1999, le informamos que los datos facilitados a ROTULACIONES SERIGRAF\u00cdAS Y MONTAJES PACHECO, S.L. por cualquier medio, ser\u00e1n incorporados a un fichero automatizado bajo la responsabilidad de ROTULACIONES SERIGRAF\u00cdAS Y MONTAJES PACHECO, S.L. con la finalidad de atender sus consultas y remitirle informaci\u00f3n relacionada que pueda ser de su inter\u00e9s. Puede ejercer sus derechos de acceso, rectificaci\u00f3n, cancelaci\u00f3n y oposici\u00f3n mediante un escrito a nuestra direcci\u00f3n CALLE ERAS DE SAN FRANCISCO, 1 LOCAL 3. 45500 \u2013 TORRIJOS (TOLEDO).<\/p>\n<p>Mientras no nos comunique lo contrario, entenderemos que sus datos no han sido modificados, que usted se compromete a notificarnos cualquier variaci\u00f3n y que tenemos su consentimiento para utilizarlos para las finalidades mencionadas.<\/p>\n<p>Los datos que se pidan a los usuarios de http:\/\/www.impresiondigitalgranformato.es tendr\u00e1n como finalidad prestar los servicios para los que se soliciten, gestionar la administraci\u00f3n del website, realizar estudios estad\u00edsticos o enviar a trav\u00e9s de cualquier canal (correo postal o electr\u00f3nico, tel\u00e9fono fijo o m\u00f3vil, SMS, MMS, Internet, etc.) informaci\u00f3n promocional y noticias de todas las actividades inherentes a la acci\u00f3n de ROTULACIONES SERIGRAF\u00cdAS Y MONTAJES PACHECO, S.L.<\/p>\n<p>ROTULACIONES SERIGRAF\u00cdAS Y MONTAJES PACHECO, S.L. ha implementado las medidas de seguridad requeridas por la normativa vigente para la protecci\u00f3n de los datos de car\u00e1cter personal y ha desarrollado los requisitos t\u00e9cnicos necesarios para garantizar el tratamiento confidencial de los datos, evitar su p\u00e9rdida, alteraci\u00f3n y acceso. No obstante, el usuario debe ser consciente de que las medidas de seguridad en Internet no son inexpugnables.<\/p>\n<p>ROTULACIONES SERIGRAF\u00cdAS Y MONTAJES PACHECO, S.L. proh\u00edbe el uso de los servicios de su sitio web a menores de 14 a\u00f1os. Adem\u00e1s, ROTULACIONES SERIGRAF\u00cdAS Y MONTAJES PACHECO, S.L. aconseja que los menores de edad (de 14 a 18 a\u00f1os) consulten con sus padres antes de proporcionar cualquier dato de car\u00e1cter personal e informa de que, en ning\u00fan caso, se recabar\u00e1n datos relativos a otros miembros de su familia sin el consentimiento de los titulares de los mismos.<\/p>\n<p>Si no se facilitan los datos personales requeridos (bien para el registro o suscripci\u00f3n a cualquier tipo de env\u00edo bien para la realizaci\u00f3n de comentarios, etc.) o no se acepta la presente pol\u00edtica de privacidad supone la imposibilidad de recibir los servicios mencionados.<\/p>\n<p>El usuario garantiza que los datos personales facilitados a ROTULACIONES SERIGRAF\u00cdAS Y MONTAJES PACHECO, S.L.son veraces y correctos, reserv\u00e1ndose ROTULACIONES SERIGRAF\u00cdAS Y MONTAJES PACHECO, S.L. el derecho a excluir de los servicios del sitio web a todo usuario que haya facilitado datos falsos, sin perjuicio de las dem\u00e1s acciones que procedan en Derecho.<\/p>\n<p>ROTULACIONES SERIGRAF\u00cdAS Y MONTAJES PACHECO, S.L. es el \u00fanico destinatario de los datos. Los interesados podr\u00e1n ejercitar sus derechos de acceso, rectificaci\u00f3n, cancelaci\u00f3n y oposici\u00f3n en los t\u00e9rminos legales a trav\u00e9s de los siguientes cauces:<\/p>\n<p>Enviando una nota escrita a ROTULACIONES SERIGRAF\u00cdAS Y MONTAJES PACHECO, S.L., CALLE ERAS DE SAN FRANCISCO, 1 LOCAL 3. 45500 \u2013 TORRIJOS (TOLEDO), especificando: \u201cCancelaci\u00f3n de datos (Internet)\u201d.<\/p>\n<p>Enviando un correo electr\u00f3nico a comercial@impresiondigitalgranformato.es<\/p>\n<\/div>\n<\/div>\n","protected":false},"excerpt":{"rendered":"<p>Pol\u00edtica de Privacidad En ROTULACIONES SERIGRAF\u00cdAS Y MONTAJES PACHECO, S.L. titular de http:\/\/www.impresiondigitalgranformato.es con domicilio social en CALLE ERAS DE SAN FRANCISCO, 1 LOCAL 3. 45500 \u2013 TORRIJOS (TOLEDO), estamos preocupados por la seguridad y por garantizar y proteger la privacidad de los datos aportados por los usuarios de nuestro sitio web. Por ello, garantizamos [&hellip;]<\/p>\n","protected":false},"author":1,"featured_media":0,"parent":0,"menu_order":0,"comment_status":"closed","ping_status":"closed","template":"","meta":{"footnotes":""},"class_list":["post-661","page","type-page","status-publish","hentry"],"yoast_head":"<!-- This site is optimized with the Yoast SEO plugin v27.3 - https:\/\/yoast.com\/product\/yoast-seo-wordpress\/ -->\n<title>politica-de-privacidad - Los + baratos<\/title>\n<meta name=\"robots\" content=\"index, follow, max-snippet:-1, max-image-preview:large, max-video-preview:-1\" \/>\n<link rel=\"canonical\" href=\"https:\/\/impresiondigitalgranformato.es\/es_es\/politica-de-privacidad\/\" \/>\n<meta property=\"og:locale\" content=\"es_ES\" \/>\n<meta property=\"og:type\" content=\"article\" \/>\n<meta property=\"og:title\" content=\"politica-de-privacidad - Los + baratos\" \/>\n<meta property=\"og:description\" content=\"Pol\u00edtica de Privacidad En ROTULACIONES SERIGRAF\u00cdAS Y MONTAJES PACHECO, S.L. titular de http:\/\/www.impresiondigitalgranformato.es con domicilio social en CALLE ERAS DE SAN FRANCISCO, 1 LOCAL 3. 45500 \u2013 TORRIJOS (TOLEDO), estamos preocupados por la seguridad y por garantizar y proteger la privacidad de los datos aportados por los usuarios de nuestro sitio web. Por ello, garantizamos [&hellip;]\" \/>\n<meta property=\"og:url\" content=\"https:\/\/impresiondigitalgranformato.es\/es_es\/politica-de-privacidad\/\" \/>\n<meta property=\"og:site_name\" content=\"Los + baratos\" \/>\n<meta property=\"article:modified_time\" content=\"2018-03-28T10:43:13+00:00\" \/>\n<meta name=\"twitter:card\" content=\"summary_large_image\" \/>\n<meta name=\"twitter:label1\" content=\"Tiempo de lectura\" \/>\n\t<meta name=\"twitter:data1\" content=\"3 minutos\" \/>\n<script type=\"application\/ld+json\" class=\"yoast-schema-graph\">{\"@context\":\"https:\\\/\\\/schema.org\",\"@graph\":[{\"@type\":\"WebPage\",\"@id\":\"https:\\\/\\\/impresiondigitalgranformato.es\\\/politica-de-privacidad\\\/\",\"url\":\"https:\\\/\\\/impresiondigitalgranformato.es\\\/politica-de-privacidad\\\/\",\"name\":\"politica-de-privacidad - Los + baratos\",\"isPartOf\":{\"@id\":\"https:\\\/\\\/impresiondigitalgranformato.es\\\/#website\"},\"datePublished\":\"2017-01-26T12:33:51+00:00\",\"dateModified\":\"2018-03-28T10:43:13+00:00\",\"breadcrumb\":{\"@id\":\"https:\\\/\\\/impresiondigitalgranformato.es\\\/politica-de-privacidad\\\/#breadcrumb\"},\"inLanguage\":\"es\",\"potentialAction\":[{\"@type\":\"ReadAction\",\"target\":[\"https:\\\/\\\/impresiondigitalgranformato.es\\\/politica-de-privacidad\\\/\"]}]},{\"@type\":\"BreadcrumbList\",\"@id\":\"https:\\\/\\\/impresiondigitalgranformato.es\\\/politica-de-privacidad\\\/#breadcrumb\",\"itemListElement\":[{\"@type\":\"ListItem\",\"position\":1,\"name\":\"Portada\",\"item\":\"https:\\\/\\\/impresiondigitalgranformato.es\\\/\"},{\"@type\":\"ListItem\",\"position\":2,\"name\":\"politica-de-privacidad\"}]},{\"@type\":\"WebSite\",\"@id\":\"https:\\\/\\\/impresiondigitalgranformato.es\\\/#website\",\"url\":\"https:\\\/\\\/impresiondigitalgranformato.es\\\/\",\"name\":\"Los + baratos\",\"description\":\"impresi\u00f3n digital gran formato venta de roll up, banner, banderas, lonas, carteles, displays, publicidad\",\"publisher\":{\"@id\":\"https:\\\/\\\/impresiondigitalgranformato.es\\\/#organization\"},\"potentialAction\":[{\"@type\":\"SearchAction\",\"target\":{\"@type\":\"EntryPoint\",\"urlTemplate\":\"https:\\\/\\\/impresiondigitalgranformato.es\\\/?s={search_term_string}\"},\"query-input\":{\"@type\":\"PropertyValueSpecification\",\"valueRequired\":true,\"valueName\":\"search_term_string\"}}],\"inLanguage\":\"es\"},{\"@type\":\"Organization\",\"@id\":\"https:\\\/\\\/impresiondigitalgranformato.es\\\/#organization\",\"name\":\"Los + baratos\",\"url\":\"https:\\\/\\\/impresiondigitalgranformato.es\\\/\",\"logo\":{\"@type\":\"ImageObject\",\"inLanguage\":\"es\",\"@id\":\"https:\\\/\\\/impresiondigitalgranformato.es\\\/#\\\/schema\\\/logo\\\/image\\\/\",\"url\":\"https:\\\/\\\/i0.wp.com\\\/impresiondigitalgranformato.es\\\/wp-content\\\/uploads\\\/2016\\\/12\\\/cropped-logotipo-2-e1483373659766.png?fit=500%2C101&ssl=1\",\"contentUrl\":\"https:\\\/\\\/i0.wp.com\\\/impresiondigitalgranformato.es\\\/wp-content\\\/uploads\\\/2016\\\/12\\\/cropped-logotipo-2-e1483373659766.png?fit=500%2C101&ssl=1\",\"width\":500,\"height\":101,\"caption\":\"Los + baratos\"},\"image\":{\"@id\":\"https:\\\/\\\/impresiondigitalgranformato.es\\\/#\\\/schema\\\/logo\\\/image\\\/\"}}]}<\/script>\n<!-- \/ Yoast SEO plugin. -->","yoast_head_json":{"title":"politica-de-privacidad - Los + baratos","robots":{"index":"index","follow":"follow","max-snippet":"max-snippet:-1","max-image-preview":"max-image-preview:large","max-video-preview":"max-video-preview:-1"},"canonical":"https:\/\/impresiondigitalgranformato.es\/es_es\/politica-de-privacidad\/","og_locale":"es_ES","og_type":"article","og_title":"politica-de-privacidad - Los + baratos","og_description":"Pol\u00edtica de Privacidad En ROTULACIONES SERIGRAF\u00cdAS Y MONTAJES PACHECO, S.L. titular de http:\/\/www.impresiondigitalgranformato.es con domicilio social en CALLE ERAS DE SAN FRANCISCO, 1 LOCAL 3. 45500 \u2013 TORRIJOS (TOLEDO), estamos preocupados por la seguridad y por garantizar y proteger la privacidad de los datos aportados por los usuarios de nuestro sitio web. Por ello, garantizamos [&hellip;]","og_url":"https:\/\/impresiondigitalgranformato.es\/es_es\/politica-de-privacidad\/","og_site_name":"Los + baratos","article_modified_time":"2018-03-28T10:43:13+00:00","twitter_card":"summary_large_image","twitter_misc":{"Tiempo de lectura":"3 minutos"},"schema":{"@context":"https:\/\/schema.org","@graph":[{"@type":"WebPage","@id":"https:\/\/impresiondigitalgranformato.es\/politica-de-privacidad\/","url":"https:\/\/impresiondigitalgranformato.es\/politica-de-privacidad\/","name":"politica-de-privacidad - Los + baratos","isPartOf":{"@id":"https:\/\/impresiondigitalgranformato.es\/#website"},"datePublished":"2017-01-26T12:33:51+00:00","dateModified":"2018-03-28T10:43:13+00:00","breadcrumb":{"@id":"https:\/\/impresiondigitalgranformato.es\/politica-de-privacidad\/#breadcrumb"},"inLanguage":"es","potentialAction":[{"@type":"ReadAction","target":["https:\/\/impresiondigitalgranformato.es\/politica-de-privacidad\/"]}]},{"@type":"BreadcrumbList","@id":"https:\/\/impresiondigitalgranformato.es\/politica-de-privacidad\/#breadcrumb","itemListElement":[{"@type":"ListItem","position":1,"name":"Portada","item":"https:\/\/impresiondigitalgranformato.es\/"},{"@type":"ListItem","position":2,"name":"politica-de-privacidad"}]},{"@type":"WebSite","@id":"https:\/\/impresiondigitalgranformato.es\/#website","url":"https:\/\/impresiondigitalgranformato.es\/","name":"Los + baratos","description":"impresi\u00f3n digital gran formato venta de roll up, banner, banderas, lonas, carteles, displays, publicidad","publisher":{"@id":"https:\/\/impresiondigitalgranformato.es\/#organization"},"potentialAction":[{"@type":"SearchAction","target":{"@type":"EntryPoint","urlTemplate":"https:\/\/impresiondigitalgranformato.es\/?s={search_term_string}"},"query-input":{"@type":"PropertyValueSpecification","valueRequired":true,"valueName":"search_term_string"}}],"inLanguage":"es"},{"@type":"Organization","@id":"https:\/\/impresiondigitalgranformato.es\/#organization","name":"Los + baratos","url":"https:\/\/impresiondigitalgranformato.es\/","logo":{"@type":"ImageObject","inLanguage":"es","@id":"https:\/\/impresiondigitalgranformato.es\/#\/schema\/logo\/image\/","url":"https:\/\/i0.wp.com\/impresiondigitalgranformato.es\/wp-content\/uploads\/2016\/12\/cropped-logotipo-2-e1483373659766.png?fit=500%2C101&ssl=1","contentUrl":"https:\/\/i0.wp.com\/impresiondigitalgranformato.es\/wp-content\/uploads\/2016\/12\/cropped-logotipo-2-e1483373659766.png?fit=500%2C101&ssl=1","width":500,"height":101,"caption":"Los + baratos"},"image":{"@id":"https:\/\/impresiondigitalgranformato.es\/#\/schema\/logo\/image\/"}}]}},"jetpack_sharing_enabled":true,"_links":{"self":[{"href":"https:\/\/impresiondigitalgranformato.es\/es_es\/wp-json\/wp\/v2\/pages\/661","targetHints":{"allow":["GET"]}}],"collection":[{"href":"https:\/\/impresiondigitalgranformato.es\/es_es\/wp-json\/wp\/v2\/pages"}],"about":[{"href":"https:\/\/impresiondigitalgranformato.es\/es_es\/wp-json\/wp\/v2\/types\/page"}],"author":[{"embeddable":true,"href":"https:\/\/impresiondigitalgranformato.es\/es_es\/wp-json\/wp\/v2\/users\/1"}],"replies":[{"embeddable":true,"href":"https:\/\/impresiondigitalgranformato.es\/es_es\/wp-json\/wp\/v2\/comments?post=661"}],"version-history":[{"count":4,"href":"https:\/\/impresiondigitalgranformato.es\/es_es\/wp-json\/wp\/v2\/pages\/661\/revisions"}],"predecessor-version":[{"id":3524,"href":"https:\/\/impresiondigitalgranformato.es\/es_es\/wp-json\/wp\/v2\/pages\/661\/revisions\/3524"}],"wp:attachment":[{"href":"https:\/\/impresiondigitalgranformato.es\/es_es\/wp-json\/wp\/v2\/media?parent=661"}],"curies":[{"name":"wp","href":"https:\/\/api.w.org\/{rel}","templated":true}]}}