{"id":811,"date":"2017-01-30T19:12:32","date_gmt":"2017-01-30T18:12:32","guid":{"rendered":"http:\/\/impresiondigitalgranformato.es\/?page_id=811"},"modified":"2017-09-23T10:20:07","modified_gmt":"2017-09-23T08:20:07","slug":"preparacion-de-disenos","status":"publish","type":"page","link":"https:\/\/impresiondigitalgranformato.es\/es_es\/preparacion-de-disenos\/","title":{"rendered":"preparacion de dise\u00f1os"},"content":{"rendered":"<div class=\"pbs-row\" style=\"min-height: 706px;\">\n<div class=\"pbs-col\" style=\"flex-basis: 59.924%;\">\n<h4><span style=\"font-weight: bold;\">Preparaci\u00f3n de artes finales o archivos a imprimir<\/span><\/h4>\n<p>Los formatos validos para impresion son JPG, TIFF o PDF, y siempre tienen que estar a tama\u00f1o del art\u00edculo elegido.<\/p>\n<p>(Ej.: si elige un roll up de 85 x 200 cm la imagen a imprimir tiene que tener 85 x 200 cm)<\/p>\n<p>Aconsejamos que como minimo est\u00e9n a una resoluci\u00f3n de 125 p.p.p.<\/p>\n<p>Tanto el modo de color CMYK como el de color RGB es valido para impresion, pero siempre aconsejamos este ultimo ya que los colores en la impresi\u00f3n son mas intensos.<\/p>\n<p><span style=\"font-weight: bold;\">Revisamos todos los dise\u00f1os en tama\u00f1o y calidad, en el caso de detectar cualquier problema le avisar\u00edamos.<\/span><\/p>\n<p><span style=\"color: #ff0000;\">** Todos los art\u00edculos tienen plantilla de montaje la pueden descargar si la necesitan.<\/span><\/p>\n<ul>\n<li>Cuando nos envien los archivos al e-mail comercial@impresiondigitalgranformato.es indiquenos el numero de pedido.<\/li>\n<li><span>Si utiliza una de nuestras plantillas indiquenos el numero de plantilla y los cambios que permita dicha plantilla. En el cuadro NOTAS DEL PEDIDO al finalizar la compra.<\/span><\/li>\n<\/ul>\n<\/div>\n<p>&nbsp;<\/p>\n<p>&nbsp;<\/p>\n<div class=\"pbs-col\" style=\"flex-basis: 59.924%;\">\n<h4><span style=\"color: #0a3689;\">Tambi\u00e9n cabe la posibilidad de que nosotros se lo prepararemos<\/span><\/h4>\n<p>Para la preparaci\u00f3n de artes finales necesitamos que nos envie lo siguiente al e-mail: <span style=\"font-weight: bold;\">comercial@impresiondigitalgranformato.es<\/span><\/p>\n<p>\u2013 Logotipo y\/o im\u00e1genes que quiera que aparezcan.<\/p>\n<p>\u2013 Textos a insertar<\/p>\n<p>\u2013 Una breve descripci\u00f3n de como lo quiere con la mayor informaci\u00f3n que pueda (posici\u00f3n de las im\u00e1genes, colores, tipos de letras\u2026)<\/p>\n<p>Tambi\u00e9n necesitamos saber cantidad y modelo o modelos que necesita.<\/p>\n<p style=\"margin-bottom: 31px;\">Nosotros le enviaremos presupuesto para su aprobaci\u00f3n, del coste de adaptaci\u00f3n. (lo normal es que la adaptaci\u00f3n var\u00ede entre 15 y 35 \u20ac + iva seg\u00fan dificultad)<\/p>\n<p><span style=\"font-weight: bold;\">En cualquier momento de la compra o visualizaci\u00f3n en la web puede ponerse en contacto con nosotros para consultarnos cualquier duda a trav\u00e9s de:<\/span><\/p>\n<p><span style=\"font-weight: bold;\">Tel\u00e9fono:<\/span> 925 761 762 o al 605 265 602 (todos los d\u00edas)<\/p>\n<p><span style=\"font-weight: bold;\">Wasap:<\/span> 605 265 602 (Roberto)<\/p>\n<p><span style=\"font-weight: bold;\">ch\u00e1t:<\/span> en vivo<\/p>\n<p><span style=\"font-weight: bold;\">e-mail:<\/span> comercial@impresiondigitalgranformato.es<\/p>\n<h3 style=\"text-align: center;\"><span style=\"font-weight: bold; color: #05ad83;\">Volver a<\/span><\/h3>\n<p><a href=\"https:\/\/impresiondigitalgranformato.es\/productosimpresiondigital\/\" xlink=\"href\"><img data-recalc-dims=\"1\" loading=\"lazy\" decoding=\"async\" class=\"aligncenter wp-image-272 size-medium\" style=\"height: auto; width: 212px;\" src=\"https:\/\/i0.wp.com\/impresiondigitalgranformato.es\/wp-content\/uploads\/2017\/01\/ICONO-VER-PRODUCTOS-300x66.png?resize=300%2C66&#038;ssl=1\" alt=\"productos impresion de gran foramto\" width=\"300\" height=\"66\" srcset=\"https:\/\/i0.wp.com\/impresiondigitalgranformato.es\/wp-content\/uploads\/2017\/01\/ICONO-VER-PRODUCTOS.png?resize=300%2C66&amp;ssl=1 300w, https:\/\/i0.wp.com\/impresiondigitalgranformato.es\/wp-content\/uploads\/2017\/01\/ICONO-VER-PRODUCTOS.png?resize=450%2C99&amp;ssl=1 450w, https:\/\/i0.wp.com\/impresiondigitalgranformato.es\/wp-content\/uploads\/2017\/01\/ICONO-VER-PRODUCTOS.png?resize=100%2C22&amp;ssl=1 100w, https:\/\/i0.wp.com\/impresiondigitalgranformato.es\/wp-content\/uploads\/2017\/01\/ICONO-VER-PRODUCTOS.png?resize=150%2C33&amp;ssl=1 150w, https:\/\/i0.wp.com\/impresiondigitalgranformato.es\/wp-content\/uploads\/2017\/01\/ICONO-VER-PRODUCTOS.png?resize=200%2C44&amp;ssl=1 200w, https:\/\/i0.wp.com\/impresiondigitalgranformato.es\/wp-content\/uploads\/2017\/01\/ICONO-VER-PRODUCTOS.png?resize=600%2C132&amp;ssl=1 600w, https:\/\/i0.wp.com\/impresiondigitalgranformato.es\/wp-content\/uploads\/2017\/01\/ICONO-VER-PRODUCTOS.png?w=601&amp;ssl=1 601w\" sizes=\"auto, (max-width: 300px) 100vw, 300px\" \/><\/a><\/p>\n<\/div>\n<div class=\"pbs-col\" style=\"flex-basis: 40.076%;\">\n<p><img data-recalc-dims=\"1\" loading=\"lazy\" decoding=\"async\" class=\"aligncenter size-medium wp-image-15\" style=\"margin-top: 21px; margin-bottom: 49px;\" src=\"https:\/\/i0.wp.com\/impresiondigitalgranformato.es\/wp-content\/uploads\/2016\/12\/logotipo-2-300x61.png?resize=300%2C61&#038;ssl=1\" alt=\"impresion digital los mas baratos\" width=\"300\" height=\"61\" \/><\/p>\n<p><img data-recalc-dims=\"1\" loading=\"lazy\" decoding=\"async\" class=\"aligncenter size-medium wp-image-800\" src=\"https:\/\/i0.wp.com\/impresiondigitalgranformato.es\/wp-content\/uploads\/2017\/01\/logotipo_rotulaciones-300x131.png?resize=300%2C131&#038;ssl=1\" alt=\"logotipo impresiondigitalgranformato\" width=\"300\" height=\"131\" srcset=\"https:\/\/i0.wp.com\/impresiondigitalgranformato.es\/wp-content\/uploads\/2017\/01\/logotipo_rotulaciones.png?resize=300%2C131&amp;ssl=1 300w, https:\/\/i0.wp.com\/impresiondigitalgranformato.es\/wp-content\/uploads\/2017\/01\/logotipo_rotulaciones.png?resize=450%2C196&amp;ssl=1 450w, https:\/\/i0.wp.com\/impresiondigitalgranformato.es\/wp-content\/uploads\/2017\/01\/logotipo_rotulaciones.png?resize=100%2C44&amp;ssl=1 100w, https:\/\/i0.wp.com\/impresiondigitalgranformato.es\/wp-content\/uploads\/2017\/01\/logotipo_rotulaciones.png?resize=150%2C65&amp;ssl=1 150w, https:\/\/i0.wp.com\/impresiondigitalgranformato.es\/wp-content\/uploads\/2017\/01\/logotipo_rotulaciones.png?resize=200%2C87&amp;ssl=1 200w, https:\/\/i0.wp.com\/impresiondigitalgranformato.es\/wp-content\/uploads\/2017\/01\/logotipo_rotulaciones.png?w=580&amp;ssl=1 580w\" sizes=\"auto, (max-width: 300px) 100vw, 300px\" \/><\/p>\n<\/div>\n<\/div>\n","protected":false},"excerpt":{"rendered":"<p>Preparaci\u00f3n de artes finales o archivos a imprimir Los formatos validos para impresion son JPG, TIFF o PDF, y siempre tienen que estar a tama\u00f1o del art\u00edculo elegido. (Ej.: si elige un roll up de 85 x 200 cm la imagen a imprimir tiene que tener 85 x 200 cm) Aconsejamos que como minimo est\u00e9n [&hellip;]<\/p>\n","protected":false},"author":1,"featured_media":0,"parent":0,"menu_order":0,"comment_status":"closed","ping_status":"closed","template":"","meta":{"footnotes":""},"class_list":["post-811","page","type-page","status-publish","hentry"],"yoast_head":"<!-- This site is optimized with the Yoast SEO plugin v27.3 - https:\/\/yoast.com\/product\/yoast-seo-wordpress\/ -->\n<title>preparacion de dise\u00f1os - Los + baratos<\/title>\n<meta name=\"robots\" content=\"index, follow, max-snippet:-1, max-image-preview:large, max-video-preview:-1\" \/>\n<link rel=\"canonical\" href=\"https:\/\/impresiondigitalgranformato.es\/es_es\/preparacion-de-disenos\/\" \/>\n<meta property=\"og:locale\" content=\"es_ES\" \/>\n<meta property=\"og:type\" content=\"article\" \/>\n<meta property=\"og:title\" content=\"preparacion de dise\u00f1os - Los + baratos\" \/>\n<meta property=\"og:description\" content=\"Preparaci\u00f3n de artes finales o archivos a imprimir Los formatos validos para impresion son JPG, TIFF o PDF, y siempre tienen que estar a tama\u00f1o del art\u00edculo elegido. (Ej.: si elige un roll up de 85 x 200 cm la imagen a imprimir tiene que tener 85 x 200 cm) Aconsejamos que como minimo est\u00e9n [&hellip;]\" \/>\n<meta property=\"og:url\" content=\"https:\/\/impresiondigitalgranformato.es\/es_es\/preparacion-de-disenos\/\" \/>\n<meta property=\"og:site_name\" content=\"Los + baratos\" \/>\n<meta property=\"article:modified_time\" content=\"2017-09-23T08:20:07+00:00\" \/>\n<meta property=\"og:image\" content=\"https:\/\/impresiondigitalgranformato.es\/wp-content\/uploads\/2017\/01\/ICONO-VER-PRODUCTOS-300x66.png\" \/>\n<meta name=\"twitter:card\" content=\"summary_large_image\" \/>\n<meta name=\"twitter:label1\" content=\"Tiempo de lectura\" \/>\n\t<meta name=\"twitter:data1\" content=\"2 minutos\" \/>\n<script type=\"application\/ld+json\" class=\"yoast-schema-graph\">{\"@context\":\"https:\\\/\\\/schema.org\",\"@graph\":[{\"@type\":\"WebPage\",\"@id\":\"https:\\\/\\\/impresiondigitalgranformato.es\\\/preparacion-de-disenos\\\/\",\"url\":\"https:\\\/\\\/impresiondigitalgranformato.es\\\/preparacion-de-disenos\\\/\",\"name\":\"preparacion de dise\u00f1os - Los + baratos\",\"isPartOf\":{\"@id\":\"https:\\\/\\\/impresiondigitalgranformato.es\\\/#website\"},\"primaryImageOfPage\":{\"@id\":\"https:\\\/\\\/impresiondigitalgranformato.es\\\/preparacion-de-disenos\\\/#primaryimage\"},\"image\":{\"@id\":\"https:\\\/\\\/impresiondigitalgranformato.es\\\/preparacion-de-disenos\\\/#primaryimage\"},\"thumbnailUrl\":\"https:\\\/\\\/impresiondigitalgranformato.es\\\/wp-content\\\/uploads\\\/2017\\\/01\\\/ICONO-VER-PRODUCTOS-300x66.png\",\"datePublished\":\"2017-01-30T18:12:32+00:00\",\"dateModified\":\"2017-09-23T08:20:07+00:00\",\"breadcrumb\":{\"@id\":\"https:\\\/\\\/impresiondigitalgranformato.es\\\/preparacion-de-disenos\\\/#breadcrumb\"},\"inLanguage\":\"es\",\"potentialAction\":[{\"@type\":\"ReadAction\",\"target\":[\"https:\\\/\\\/impresiondigitalgranformato.es\\\/preparacion-de-disenos\\\/\"]}]},{\"@type\":\"ImageObject\",\"inLanguage\":\"es\",\"@id\":\"https:\\\/\\\/impresiondigitalgranformato.es\\\/preparacion-de-disenos\\\/#primaryimage\",\"url\":\"https:\\\/\\\/impresiondigitalgranformato.es\\\/wp-content\\\/uploads\\\/2017\\\/01\\\/ICONO-VER-PRODUCTOS-300x66.png\",\"contentUrl\":\"https:\\\/\\\/impresiondigitalgranformato.es\\\/wp-content\\\/uploads\\\/2017\\\/01\\\/ICONO-VER-PRODUCTOS-300x66.png\"},{\"@type\":\"BreadcrumbList\",\"@id\":\"https:\\\/\\\/impresiondigitalgranformato.es\\\/preparacion-de-disenos\\\/#breadcrumb\",\"itemListElement\":[{\"@type\":\"ListItem\",\"position\":1,\"name\":\"Portada\",\"item\":\"https:\\\/\\\/impresiondigitalgranformato.es\\\/\"},{\"@type\":\"ListItem\",\"position\":2,\"name\":\"preparacion de dise\u00f1os\"}]},{\"@type\":\"WebSite\",\"@id\":\"https:\\\/\\\/impresiondigitalgranformato.es\\\/#website\",\"url\":\"https:\\\/\\\/impresiondigitalgranformato.es\\\/\",\"name\":\"Los + baratos\",\"description\":\"impresi\u00f3n digital gran formato venta de roll up, banner, banderas, lonas, carteles, displays, publicidad\",\"publisher\":{\"@id\":\"https:\\\/\\\/impresiondigitalgranformato.es\\\/#organization\"},\"potentialAction\":[{\"@type\":\"SearchAction\",\"target\":{\"@type\":\"EntryPoint\",\"urlTemplate\":\"https:\\\/\\\/impresiondigitalgranformato.es\\\/?s={search_term_string}\"},\"query-input\":{\"@type\":\"PropertyValueSpecification\",\"valueRequired\":true,\"valueName\":\"search_term_string\"}}],\"inLanguage\":\"es\"},{\"@type\":\"Organization\",\"@id\":\"https:\\\/\\\/impresiondigitalgranformato.es\\\/#organization\",\"name\":\"Los + baratos\",\"url\":\"https:\\\/\\\/impresiondigitalgranformato.es\\\/\",\"logo\":{\"@type\":\"ImageObject\",\"inLanguage\":\"es\",\"@id\":\"https:\\\/\\\/impresiondigitalgranformato.es\\\/#\\\/schema\\\/logo\\\/image\\\/\",\"url\":\"https:\\\/\\\/i0.wp.com\\\/impresiondigitalgranformato.es\\\/wp-content\\\/uploads\\\/2016\\\/12\\\/cropped-logotipo-2-e1483373659766.png?fit=500%2C101&ssl=1\",\"contentUrl\":\"https:\\\/\\\/i0.wp.com\\\/impresiondigitalgranformato.es\\\/wp-content\\\/uploads\\\/2016\\\/12\\\/cropped-logotipo-2-e1483373659766.png?fit=500%2C101&ssl=1\",\"width\":500,\"height\":101,\"caption\":\"Los + baratos\"},\"image\":{\"@id\":\"https:\\\/\\\/impresiondigitalgranformato.es\\\/#\\\/schema\\\/logo\\\/image\\\/\"}}]}<\/script>\n<!-- \/ Yoast SEO plugin. -->","yoast_head_json":{"title":"preparacion de dise\u00f1os - Los + baratos","robots":{"index":"index","follow":"follow","max-snippet":"max-snippet:-1","max-image-preview":"max-image-preview:large","max-video-preview":"max-video-preview:-1"},"canonical":"https:\/\/impresiondigitalgranformato.es\/es_es\/preparacion-de-disenos\/","og_locale":"es_ES","og_type":"article","og_title":"preparacion de dise\u00f1os - Los + baratos","og_description":"Preparaci\u00f3n de artes finales o archivos a imprimir Los formatos validos para impresion son JPG, TIFF o PDF, y siempre tienen que estar a tama\u00f1o del art\u00edculo elegido. (Ej.: si elige un roll up de 85 x 200 cm la imagen a imprimir tiene que tener 85 x 200 cm) Aconsejamos que como minimo est\u00e9n [&hellip;]","og_url":"https:\/\/impresiondigitalgranformato.es\/es_es\/preparacion-de-disenos\/","og_site_name":"Los + baratos","article_modified_time":"2017-09-23T08:20:07+00:00","og_image":[{"url":"https:\/\/impresiondigitalgranformato.es\/wp-content\/uploads\/2017\/01\/ICONO-VER-PRODUCTOS-300x66.png","type":"","width":"","height":""}],"twitter_card":"summary_large_image","twitter_misc":{"Tiempo de lectura":"2 minutos"},"schema":{"@context":"https:\/\/schema.org","@graph":[{"@type":"WebPage","@id":"https:\/\/impresiondigitalgranformato.es\/preparacion-de-disenos\/","url":"https:\/\/impresiondigitalgranformato.es\/preparacion-de-disenos\/","name":"preparacion de dise\u00f1os - Los + baratos","isPartOf":{"@id":"https:\/\/impresiondigitalgranformato.es\/#website"},"primaryImageOfPage":{"@id":"https:\/\/impresiondigitalgranformato.es\/preparacion-de-disenos\/#primaryimage"},"image":{"@id":"https:\/\/impresiondigitalgranformato.es\/preparacion-de-disenos\/#primaryimage"},"thumbnailUrl":"https:\/\/impresiondigitalgranformato.es\/wp-content\/uploads\/2017\/01\/ICONO-VER-PRODUCTOS-300x66.png","datePublished":"2017-01-30T18:12:32+00:00","dateModified":"2017-09-23T08:20:07+00:00","breadcrumb":{"@id":"https:\/\/impresiondigitalgranformato.es\/preparacion-de-disenos\/#breadcrumb"},"inLanguage":"es","potentialAction":[{"@type":"ReadAction","target":["https:\/\/impresiondigitalgranformato.es\/preparacion-de-disenos\/"]}]},{"@type":"ImageObject","inLanguage":"es","@id":"https:\/\/impresiondigitalgranformato.es\/preparacion-de-disenos\/#primaryimage","url":"https:\/\/impresiondigitalgranformato.es\/wp-content\/uploads\/2017\/01\/ICONO-VER-PRODUCTOS-300x66.png","contentUrl":"https:\/\/impresiondigitalgranformato.es\/wp-content\/uploads\/2017\/01\/ICONO-VER-PRODUCTOS-300x66.png"},{"@type":"BreadcrumbList","@id":"https:\/\/impresiondigitalgranformato.es\/preparacion-de-disenos\/#breadcrumb","itemListElement":[{"@type":"ListItem","position":1,"name":"Portada","item":"https:\/\/impresiondigitalgranformato.es\/"},{"@type":"ListItem","position":2,"name":"preparacion de dise\u00f1os"}]},{"@type":"WebSite","@id":"https:\/\/impresiondigitalgranformato.es\/#website","url":"https:\/\/impresiondigitalgranformato.es\/","name":"Los + baratos","description":"impresi\u00f3n digital gran formato venta de roll up, banner, banderas, lonas, carteles, displays, publicidad","publisher":{"@id":"https:\/\/impresiondigitalgranformato.es\/#organization"},"potentialAction":[{"@type":"SearchAction","target":{"@type":"EntryPoint","urlTemplate":"https:\/\/impresiondigitalgranformato.es\/?s={search_term_string}"},"query-input":{"@type":"PropertyValueSpecification","valueRequired":true,"valueName":"search_term_string"}}],"inLanguage":"es"},{"@type":"Organization","@id":"https:\/\/impresiondigitalgranformato.es\/#organization","name":"Los + baratos","url":"https:\/\/impresiondigitalgranformato.es\/","logo":{"@type":"ImageObject","inLanguage":"es","@id":"https:\/\/impresiondigitalgranformato.es\/#\/schema\/logo\/image\/","url":"https:\/\/i0.wp.com\/impresiondigitalgranformato.es\/wp-content\/uploads\/2016\/12\/cropped-logotipo-2-e1483373659766.png?fit=500%2C101&ssl=1","contentUrl":"https:\/\/i0.wp.com\/impresiondigitalgranformato.es\/wp-content\/uploads\/2016\/12\/cropped-logotipo-2-e1483373659766.png?fit=500%2C101&ssl=1","width":500,"height":101,"caption":"Los + baratos"},"image":{"@id":"https:\/\/impresiondigitalgranformato.es\/#\/schema\/logo\/image\/"}}]}},"jetpack_sharing_enabled":true,"_links":{"self":[{"href":"https:\/\/impresiondigitalgranformato.es\/es_es\/wp-json\/wp\/v2\/pages\/811","targetHints":{"allow":["GET"]}}],"collection":[{"href":"https:\/\/impresiondigitalgranformato.es\/es_es\/wp-json\/wp\/v2\/pages"}],"about":[{"href":"https:\/\/impresiondigitalgranformato.es\/es_es\/wp-json\/wp\/v2\/types\/page"}],"author":[{"embeddable":true,"href":"https:\/\/impresiondigitalgranformato.es\/es_es\/wp-json\/wp\/v2\/users\/1"}],"replies":[{"embeddable":true,"href":"https:\/\/impresiondigitalgranformato.es\/es_es\/wp-json\/wp\/v2\/comments?post=811"}],"version-history":[{"count":6,"href":"https:\/\/impresiondigitalgranformato.es\/es_es\/wp-json\/wp\/v2\/pages\/811\/revisions"}],"predecessor-version":[{"id":1226,"href":"https:\/\/impresiondigitalgranformato.es\/es_es\/wp-json\/wp\/v2\/pages\/811\/revisions\/1226"}],"wp:attachment":[{"href":"https:\/\/impresiondigitalgranformato.es\/es_es\/wp-json\/wp\/v2\/media?parent=811"}],"curies":[{"name":"wp","href":"https:\/\/api.w.org\/{rel}","templated":true}]}}