{"id":12322,"date":"2020-04-15T10:18:24","date_gmt":"2020-04-15T08:18:24","guid":{"rendered":"http:\/\/impresiondigitalgranformato.es\/?post_type=product&#038;p=12322"},"modified":"2020-05-06T19:18:37","modified_gmt":"2020-05-06T17:18:37","slug":"gel-desinfectante-hidroalcoholico","status":"publish","type":"product","link":"https:\/\/impresiondigitalgranformato.es\/es_es\/producto\/gel-desinfectante-hidroalcoholico\/","title":{"rendered":"soluci\u00f3n Hidroalcoh\u00f3lica desinfectante 250 ml"},"content":{"rendered":"<p>Gel desinfectante especial manos Hidroalcoholico de 250 ml. Con tap\u00f3n dosificador<\/p>\n<p><strong>Especial manos 70 % de alcohol<\/strong><\/p>\n<p>Desinfecci\u00f3n para pieles sanas e indicado para manos.<\/p>\n<p><span class=\"a-list-item\">F\u00e1cil de aplicar y con muy buen olor. <\/span><span class=\"a-list-item\">Con este producto no es necesario el uso de agua para lavarse las manos, sino que directamente basta con aplicar el producto directamente.<\/span><\/p>\n<p>Gel desinfectante especial manos: Aplicar con las manos limpias y secas, frotarlas durante al menos 30 segundos. Dejar secar antes de manipular cualquier cosa.<\/p>\n<p>Evitar siempre el contacto con los ojos, boca y zonas sensibles. En caso de contacto lavar con abundante agua.<\/p>\n<p>Es importante usar un gel desinfectante Hidroalcoholico pero siempre lo primordial es lavarse las manos con agua y jab\u00f3n como <a target=\"_blank\" href=\"https:\/\/www.seguridaddelpaciente.es\/es\/practicas-seguras\/programa-higiene-manos\/diez-preguntas-clave-sobre-higiene-manos\/#n3\" xlink=\"href\" rel=\"noopener noreferrer\">indican las autoridades sanitarias<\/a>.<\/p>\n<p>Tambi\u00e9n disponemos de este producto en envase de 1000 ml ademas de carteles y adhesivos para la <strong>NO propagaci\u00f3n<\/strong> del virus COVID-19 <a href=\"https:\/\/impresiondigitalgranformato.es\/categoria-producto\/carteles-coronavirus\/\" xlink=\"href\">visite nuestra secci\u00f3n.<\/a><\/p>\n<p>Producto fabricado en Espa\u00f1a bajo todos los est\u00e1ndares de seguridad y calidad.<\/p>\n<p><strong>COMPONENTES: <\/strong>Alcohol Isoprop\u00edlico, Alcohol Denat, Agua y Glicerina.<\/p>\n<p><strong>ASPECTO:<\/strong> Liq. Transparente y sin part\u00edculas<\/p>\n<p><strong>COLOR:<\/strong> Incoloro<\/p>\n<p><strong>OLOR:<\/strong> Caracter\u00edstico<\/p>\n<p><strong>DENSIDAD (20\u00baC, g\/cc):<\/strong> 0,902 g\/ml<\/p>\n<p><strong>Ph (20\u00baC, g\/cc):<\/strong> 5,5 &#8211; 6,5<\/p>\n<h4><strong>Env\u00edo gratis desde la 1\u00aa unid.<\/strong><\/h4>\n<p><span style=\"color: #ff0000;\">Posibilidad de entrega en 24 horas<\/span><\/p>\n<p><span style=\"color: #000080;\"><strong>DESCUENTOS POR CANTIDADES !!! <\/strong><span style=\"color: #000000;\">(consultar la tabla de precios)<\/span><\/span><\/p>\n<p><span style=\"color: #003366;\"><strong>Diferentes clases de env\u00edo:<\/strong><\/span><\/p>\n<p><strong>Env\u00edo GRATIS<\/strong> desde la 1\u00aa unid en 8 d\u00edas laborales.<\/p>\n<p><strong>Env\u00edo en 4 d\u00edas laborales<\/strong> con coste (seg\u00fan pedido) o <strong>GRATUITO<\/strong> en 4 d\u00edas laborales a partir de 250 \u20ac de compra. *(sin contar el I.V.A.)<\/p>\n<p><strong>Producci\u00f3n y entrega en 2 d\u00edas laborales<\/strong>: 6 \u20ac de incremento en el pedido.<\/p>\n<p><strong>Producci\u00f3n y entrega en 24 horas<\/strong>*: 9 \u20ac de incremento en el pedido (este servicio es solo valido para pedidos confirmado antes de las 11:30 horas del d\u00eda en curso.)<\/p>\n","protected":false},"excerpt":{"rendered":"<p>Soluci\u00f3n Hidroalcoh\u00f3lica de 250 ml para desinfecci\u00f3n. Con tap\u00f3n dosificador<\/p>\n<p><strong>Especial manos 70 % de alcohol<\/strong><\/p>\n<h4><span style=\"color: #800000;\"><strong>ENV\u00cdO ESPECIAL EN 48 HORAS<\/strong><\/span><\/h4>\n<p>(solo para productos relacionados con la lucha contra el coronavirus)<\/p>\n<p>Tambi\u00e9n tiene la posibilidad de env\u00edo gratis desde la 1\u00aa unid.<\/p>\n<p><span style=\"color: #ff0000;\">Posibilidad de entrega en 24 horas<\/span><\/p>\n<p><span style=\"color: #000080;\"><strong>DESCUENTOS POR CANTIDADES !!!<\/strong><\/span><\/p>\n","protected":false},"featured_media":12319,"comment_status":"open","ping_status":"closed","template":"","meta":[],"product_brand":[],"product_cat":[83],"product_tag":[],"class_list":{"0":"post-12322","1":"product","2":"type-product","3":"status-publish","4":"has-post-thumbnail","6":"product_cat-carteles-coronavirus","8":"first","9":"outofstock","10":"taxable","11":"shipping-taxable","12":"purchasable","13":"product-type-simple"},"yoast_head":"<!-- This site is optimized with the Yoast SEO plugin v27.3 - https:\/\/yoast.com\/product\/yoast-seo-wordpress\/ -->\n<title>Gel Desinfectante Hidroalcoholico - Envio Gratis - Los + baratos -<\/title>\n<meta name=\"description\" content=\"Gel desinfectante Hidroalcoholico para manos con Envio gratis desde la 1\u00aa unid. Con un 70% de alcohol. Soluci\u00f3n Hidroalcoh\u00f3lica Descuento por Cantidades !!!\" \/>\n<meta name=\"robots\" content=\"index, follow, max-snippet:-1, max-image-preview:large, max-video-preview:-1\" \/>\n<link rel=\"canonical\" href=\"https:\/\/impresiondigitalgranformato.es\/es_es\/producto\/gel-desinfectante-hidroalcoholico\/\" \/>\n<meta property=\"og:locale\" content=\"es_ES\" \/>\n<meta property=\"og:type\" content=\"article\" \/>\n<meta property=\"og:title\" content=\"Gel Desinfectante Hidroalcoholico - Envio Gratis - Los + baratos -\" \/>\n<meta property=\"og:description\" content=\"Gel desinfectante Hidroalcoholico para manos con Envio gratis desde la 1\u00aa unid. Con un 70% de alcohol. Soluci\u00f3n Hidroalcoh\u00f3lica Descuento por Cantidades !!!\" \/>\n<meta property=\"og:url\" content=\"https:\/\/impresiondigitalgranformato.es\/es_es\/producto\/gel-desinfectante-hidroalcoholico\/\" \/>\n<meta property=\"og:site_name\" content=\"Los + baratos\" \/>\n<meta property=\"article:modified_time\" content=\"2020-05-06T17:18:37+00:00\" \/>\n<meta property=\"og:image\" content=\"https:\/\/i1.wp.com\/impresiondigitalgranformato.es\/wp-content\/uploads\/2020\/04\/BOTELLA-DE-250-ML.jpg?fit=945%2C945&ssl=1\" \/>\n\t<meta property=\"og:image:width\" content=\"945\" \/>\n\t<meta property=\"og:image:height\" content=\"945\" \/>\n\t<meta property=\"og:image:type\" content=\"image\/jpeg\" \/>\n<meta name=\"twitter:card\" content=\"summary_large_image\" \/>\n<meta name=\"twitter:label1\" content=\"Tiempo de lectura\" \/>\n\t<meta name=\"twitter:data1\" content=\"1 minuto\" \/>\n<script type=\"application\/ld+json\" class=\"yoast-schema-graph\">{\"@context\":\"https:\\\/\\\/schema.org\",\"@graph\":[{\"@type\":\"WebPage\",\"@id\":\"https:\\\/\\\/impresiondigitalgranformato.es\\\/producto\\\/gel-desinfectante-hidroalcoholico\\\/\",\"url\":\"https:\\\/\\\/impresiondigitalgranformato.es\\\/producto\\\/gel-desinfectante-hidroalcoholico\\\/\",\"name\":\"Gel Desinfectante Hidroalcoholico - Envio Gratis - Los + baratos -\",\"isPartOf\":{\"@id\":\"https:\\\/\\\/impresiondigitalgranformato.es\\\/#website\"},\"primaryImageOfPage\":{\"@id\":\"https:\\\/\\\/impresiondigitalgranformato.es\\\/producto\\\/gel-desinfectante-hidroalcoholico\\\/#primaryimage\"},\"image\":{\"@id\":\"https:\\\/\\\/impresiondigitalgranformato.es\\\/producto\\\/gel-desinfectante-hidroalcoholico\\\/#primaryimage\"},\"thumbnailUrl\":\"https:\\\/\\\/i0.wp.com\\\/impresiondigitalgranformato.es\\\/wp-content\\\/uploads\\\/2020\\\/04\\\/BOTELLA-DE-250-ML.jpg?fit=945%2C945&ssl=1\",\"datePublished\":\"2020-04-15T08:18:24+00:00\",\"dateModified\":\"2020-05-06T17:18:37+00:00\",\"description\":\"Gel desinfectante Hidroalcoholico para manos con Envio gratis desde la 1\u00aa unid. Con un 70% de alcohol. Soluci\u00f3n Hidroalcoh\u00f3lica Descuento por Cantidades !!!\",\"breadcrumb\":{\"@id\":\"https:\\\/\\\/impresiondigitalgranformato.es\\\/producto\\\/gel-desinfectante-hidroalcoholico\\\/#breadcrumb\"},\"inLanguage\":\"es\",\"potentialAction\":[{\"@type\":\"ReadAction\",\"target\":[\"https:\\\/\\\/impresiondigitalgranformato.es\\\/producto\\\/gel-desinfectante-hidroalcoholico\\\/\"]}]},{\"@type\":\"ImageObject\",\"inLanguage\":\"es\",\"@id\":\"https:\\\/\\\/impresiondigitalgranformato.es\\\/producto\\\/gel-desinfectante-hidroalcoholico\\\/#primaryimage\",\"url\":\"https:\\\/\\\/i0.wp.com\\\/impresiondigitalgranformato.es\\\/wp-content\\\/uploads\\\/2020\\\/04\\\/BOTELLA-DE-250-ML.jpg?fit=945%2C945&ssl=1\",\"contentUrl\":\"https:\\\/\\\/i0.wp.com\\\/impresiondigitalgranformato.es\\\/wp-content\\\/uploads\\\/2020\\\/04\\\/BOTELLA-DE-250-ML.jpg?fit=945%2C945&ssl=1\",\"width\":945,\"height\":945,\"caption\":\"Gel desinfectante hidroalcoholico\"},{\"@type\":\"BreadcrumbList\",\"@id\":\"https:\\\/\\\/impresiondigitalgranformato.es\\\/producto\\\/gel-desinfectante-hidroalcoholico\\\/#breadcrumb\",\"itemListElement\":[{\"@type\":\"ListItem\",\"position\":1,\"name\":\"Portada\",\"item\":\"https:\\\/\\\/impresiondigitalgranformato.es\\\/\"},{\"@type\":\"ListItem\",\"position\":2,\"name\":\"Productos\",\"item\":\"https:\\\/\\\/impresiondigitalgranformato.es\\\/venta-roll-up-banner\\\/\"},{\"@type\":\"ListItem\",\"position\":3,\"name\":\"soluci\u00f3n Hidroalcoh\u00f3lica desinfectante 250 ml\"}]},{\"@type\":\"WebSite\",\"@id\":\"https:\\\/\\\/impresiondigitalgranformato.es\\\/#website\",\"url\":\"https:\\\/\\\/impresiondigitalgranformato.es\\\/\",\"name\":\"Los + baratos\",\"description\":\"impresi\u00f3n digital gran formato venta de roll up, banner, banderas, lonas, carteles, displays, publicidad\",\"publisher\":{\"@id\":\"https:\\\/\\\/impresiondigitalgranformato.es\\\/#organization\"},\"potentialAction\":[{\"@type\":\"SearchAction\",\"target\":{\"@type\":\"EntryPoint\",\"urlTemplate\":\"https:\\\/\\\/impresiondigitalgranformato.es\\\/?s={search_term_string}\"},\"query-input\":{\"@type\":\"PropertyValueSpecification\",\"valueRequired\":true,\"valueName\":\"search_term_string\"}}],\"inLanguage\":\"es\"},{\"@type\":\"Organization\",\"@id\":\"https:\\\/\\\/impresiondigitalgranformato.es\\\/#organization\",\"name\":\"Los + baratos\",\"url\":\"https:\\\/\\\/impresiondigitalgranformato.es\\\/\",\"logo\":{\"@type\":\"ImageObject\",\"inLanguage\":\"es\",\"@id\":\"https:\\\/\\\/impresiondigitalgranformato.es\\\/#\\\/schema\\\/logo\\\/image\\\/\",\"url\":\"https:\\\/\\\/i0.wp.com\\\/impresiondigitalgranformato.es\\\/wp-content\\\/uploads\\\/2016\\\/12\\\/cropped-logotipo-2-e1483373659766.png?fit=500%2C101&ssl=1\",\"contentUrl\":\"https:\\\/\\\/i0.wp.com\\\/impresiondigitalgranformato.es\\\/wp-content\\\/uploads\\\/2016\\\/12\\\/cropped-logotipo-2-e1483373659766.png?fit=500%2C101&ssl=1\",\"width\":500,\"height\":101,\"caption\":\"Los + baratos\"},\"image\":{\"@id\":\"https:\\\/\\\/impresiondigitalgranformato.es\\\/#\\\/schema\\\/logo\\\/image\\\/\"}}]}<\/script>\n<!-- \/ Yoast SEO plugin. -->","yoast_head_json":{"title":"Gel Desinfectante Hidroalcoholico - Envio Gratis - Los + baratos -","description":"Gel desinfectante Hidroalcoholico para manos con Envio gratis desde la 1\u00aa unid. Con un 70% de alcohol. Soluci\u00f3n Hidroalcoh\u00f3lica Descuento por Cantidades !!!","robots":{"index":"index","follow":"follow","max-snippet":"max-snippet:-1","max-image-preview":"max-image-preview:large","max-video-preview":"max-video-preview:-1"},"canonical":"https:\/\/impresiondigitalgranformato.es\/es_es\/producto\/gel-desinfectante-hidroalcoholico\/","og_locale":"es_ES","og_type":"article","og_title":"Gel Desinfectante Hidroalcoholico - Envio Gratis - Los + baratos -","og_description":"Gel desinfectante Hidroalcoholico para manos con Envio gratis desde la 1\u00aa unid. Con un 70% de alcohol. Soluci\u00f3n Hidroalcoh\u00f3lica Descuento por Cantidades !!!","og_url":"https:\/\/impresiondigitalgranformato.es\/es_es\/producto\/gel-desinfectante-hidroalcoholico\/","og_site_name":"Los + baratos","article_modified_time":"2020-05-06T17:18:37+00:00","og_image":[{"width":945,"height":945,"url":"https:\/\/i1.wp.com\/impresiondigitalgranformato.es\/wp-content\/uploads\/2020\/04\/BOTELLA-DE-250-ML.jpg?fit=945%2C945&ssl=1","type":"image\/jpeg"}],"twitter_card":"summary_large_image","twitter_misc":{"Tiempo de lectura":"1 minuto"},"schema":{"@context":"https:\/\/schema.org","@graph":[{"@type":"WebPage","@id":"https:\/\/impresiondigitalgranformato.es\/producto\/gel-desinfectante-hidroalcoholico\/","url":"https:\/\/impresiondigitalgranformato.es\/producto\/gel-desinfectante-hidroalcoholico\/","name":"Gel Desinfectante Hidroalcoholico - Envio Gratis - Los + baratos -","isPartOf":{"@id":"https:\/\/impresiondigitalgranformato.es\/#website"},"primaryImageOfPage":{"@id":"https:\/\/impresiondigitalgranformato.es\/producto\/gel-desinfectante-hidroalcoholico\/#primaryimage"},"image":{"@id":"https:\/\/impresiondigitalgranformato.es\/producto\/gel-desinfectante-hidroalcoholico\/#primaryimage"},"thumbnailUrl":"https:\/\/i0.wp.com\/impresiondigitalgranformato.es\/wp-content\/uploads\/2020\/04\/BOTELLA-DE-250-ML.jpg?fit=945%2C945&ssl=1","datePublished":"2020-04-15T08:18:24+00:00","dateModified":"2020-05-06T17:18:37+00:00","description":"Gel desinfectante Hidroalcoholico para manos con Envio gratis desde la 1\u00aa unid. Con un 70% de alcohol. Soluci\u00f3n Hidroalcoh\u00f3lica Descuento por Cantidades !!!","breadcrumb":{"@id":"https:\/\/impresiondigitalgranformato.es\/producto\/gel-desinfectante-hidroalcoholico\/#breadcrumb"},"inLanguage":"es","potentialAction":[{"@type":"ReadAction","target":["https:\/\/impresiondigitalgranformato.es\/producto\/gel-desinfectante-hidroalcoholico\/"]}]},{"@type":"ImageObject","inLanguage":"es","@id":"https:\/\/impresiondigitalgranformato.es\/producto\/gel-desinfectante-hidroalcoholico\/#primaryimage","url":"https:\/\/i0.wp.com\/impresiondigitalgranformato.es\/wp-content\/uploads\/2020\/04\/BOTELLA-DE-250-ML.jpg?fit=945%2C945&ssl=1","contentUrl":"https:\/\/i0.wp.com\/impresiondigitalgranformato.es\/wp-content\/uploads\/2020\/04\/BOTELLA-DE-250-ML.jpg?fit=945%2C945&ssl=1","width":945,"height":945,"caption":"Gel desinfectante hidroalcoholico"},{"@type":"BreadcrumbList","@id":"https:\/\/impresiondigitalgranformato.es\/producto\/gel-desinfectante-hidroalcoholico\/#breadcrumb","itemListElement":[{"@type":"ListItem","position":1,"name":"Portada","item":"https:\/\/impresiondigitalgranformato.es\/"},{"@type":"ListItem","position":2,"name":"Productos","item":"https:\/\/impresiondigitalgranformato.es\/venta-roll-up-banner\/"},{"@type":"ListItem","position":3,"name":"soluci\u00f3n Hidroalcoh\u00f3lica desinfectante 250 ml"}]},{"@type":"WebSite","@id":"https:\/\/impresiondigitalgranformato.es\/#website","url":"https:\/\/impresiondigitalgranformato.es\/","name":"Los + baratos","description":"impresi\u00f3n digital gran formato venta de roll up, banner, banderas, lonas, carteles, displays, publicidad","publisher":{"@id":"https:\/\/impresiondigitalgranformato.es\/#organization"},"potentialAction":[{"@type":"SearchAction","target":{"@type":"EntryPoint","urlTemplate":"https:\/\/impresiondigitalgranformato.es\/?s={search_term_string}"},"query-input":{"@type":"PropertyValueSpecification","valueRequired":true,"valueName":"search_term_string"}}],"inLanguage":"es"},{"@type":"Organization","@id":"https:\/\/impresiondigitalgranformato.es\/#organization","name":"Los + baratos","url":"https:\/\/impresiondigitalgranformato.es\/","logo":{"@type":"ImageObject","inLanguage":"es","@id":"https:\/\/impresiondigitalgranformato.es\/#\/schema\/logo\/image\/","url":"https:\/\/i0.wp.com\/impresiondigitalgranformato.es\/wp-content\/uploads\/2016\/12\/cropped-logotipo-2-e1483373659766.png?fit=500%2C101&ssl=1","contentUrl":"https:\/\/i0.wp.com\/impresiondigitalgranformato.es\/wp-content\/uploads\/2016\/12\/cropped-logotipo-2-e1483373659766.png?fit=500%2C101&ssl=1","width":500,"height":101,"caption":"Los + baratos"},"image":{"@id":"https:\/\/impresiondigitalgranformato.es\/#\/schema\/logo\/image\/"}}]}},"jetpack_sharing_enabled":true,"_links":{"self":[{"href":"https:\/\/impresiondigitalgranformato.es\/es_es\/wp-json\/wp\/v2\/product\/12322","targetHints":{"allow":["GET"]}}],"collection":[{"href":"https:\/\/impresiondigitalgranformato.es\/es_es\/wp-json\/wp\/v2\/product"}],"about":[{"href":"https:\/\/impresiondigitalgranformato.es\/es_es\/wp-json\/wp\/v2\/types\/product"}],"replies":[{"embeddable":true,"href":"https:\/\/impresiondigitalgranformato.es\/es_es\/wp-json\/wp\/v2\/comments?post=12322"}],"wp:featuredmedia":[{"embeddable":true,"href":"https:\/\/impresiondigitalgranformato.es\/es_es\/wp-json\/wp\/v2\/media\/12319"}],"wp:attachment":[{"href":"https:\/\/impresiondigitalgranformato.es\/es_es\/wp-json\/wp\/v2\/media?parent=12322"}],"wp:term":[{"taxonomy":"product_brand","embeddable":true,"href":"https:\/\/impresiondigitalgranformato.es\/es_es\/wp-json\/wp\/v2\/product_brand?post=12322"},{"taxonomy":"product_cat","embeddable":true,"href":"https:\/\/impresiondigitalgranformato.es\/es_es\/wp-json\/wp\/v2\/product_cat?post=12322"},{"taxonomy":"product_tag","embeddable":true,"href":"https:\/\/impresiondigitalgranformato.es\/es_es\/wp-json\/wp\/v2\/product_tag?post=12322"}],"curies":[{"name":"wp","href":"https:\/\/api.w.org\/{rel}","templated":true}]}}