{"id":12337,"date":"2020-04-20T13:06:36","date_gmt":"2020-04-20T11:06:36","guid":{"rendered":"http:\/\/impresiondigitalgranformato.es\/?post_type=product&#038;p=12337"},"modified":"2021-01-08T10:34:15","modified_gmt":"2021-01-08T09:34:15","slug":"mampara-separadora-colgante-barata","status":"publish","type":"product","link":"https:\/\/impresiondigitalgranformato.es\/es_es\/producto\/mampara-separadora-colgante-barata\/","title":{"rendered":"Mampara separadora Colgante"},"content":{"rendered":"<p><strong><span style=\"color: #008000;\">Mampara colgante barata, evite contagios innecesarios tanto de empleados como de sus clientes.<\/span><\/strong><\/p>\n<p><strong> Trabaje con menor riesgo por un coste reducido.<\/strong><\/p>\n<p><strong>Montaje r\u00e1pido y sencillo.<\/strong> Vea nuestro v\u00eddeo<\/p>\n<p><strong>La mampara protectora contiene<\/strong>: Lamina\u00a0fabricada en pvc vivo de baja contracci\u00f3n incolora y sin aditivos.\u00a0<strong>No se ara\u00f1a con facilidad <\/strong>lamina incolora de la m\u00e1s alta calidad al tama\u00f1o deseado. Hasta 3 m. Barra superior e inferior en aluminio y si lo necesita le proporcionamos los enganches al techo y las barras \u00f3 cables de sujeci\u00f3n de acero, ademas de los tensores inferiores.<\/p>\n<p>El protector colgante es muy f\u00e1cil de montar. <strong>Vea nuestro v\u00eddeo de montaje<\/strong>, solo tendr\u00e1 que fijar los anclajes al techo o falso techo y colgar la estructura.<\/p>\n<p>La lamina de la mampara colgante barata es de pvc vivo de baja contracci\u00f3n incolora y sin aditivos. <strong>No se ara\u00f1a con facilidad <\/strong>lamina incolora de la m\u00e1s alta calidad que es un material muy resistente y si tiene que cambiar la lamina el material es bastante econ\u00f3mico.<\/p>\n<p>La mampara colgante la puede pedir a <strong>tama\u00f1o personalizado<\/strong> (no tenemos medidas est\u00e1ndar) solo queda limitada por los\u00a0 tama\u00f1os de materiales y las normas de las empresas de mensajer\u00eda. Por eso en ninguno de sus cotas (ancho o alto) puede superar los 3 metros.<\/p>\n<p>Tenemos un servicio especial de entrega en 48 horas para pen\u00ednsula por un coste muy reducido (7\u20ac+ iva) solo para productos relacionados en la lucha por la NO propagaci\u00f3n de virus covid-19.<\/p>\n<p>En el caso que este no sea el modelo que necesita o quiera ver mas opciones visite nuestra <a href=\"https:\/\/impresiondigitalgranformato.es\/categoria-producto\/carteles-coronavirus\/\" xlink=\"href\">secci\u00f3n de art\u00edculos<\/a> para la NO propagaci\u00f3n del coronavirus. Donde encontrara mas modelos de mamparas anti-contagios y carteles de prevenci\u00f3n contra los contagios ademas de <strong>adhesivos para el suelo<\/strong> de respete la distancia.<\/p>\n","protected":false},"excerpt":{"rendered":"<p><span style=\"color: #008000;\"><strong>Mampara separadora colgante.<\/strong><\/span><\/p>\n<h3><span style=\"color: #003366;\"><strong>Contiene:<\/strong><\/span><\/h3>\n<p>Lamina de pvc vivo de baja contracci\u00f3n incolora y sin aditivos. <strong>No se ara\u00f1a con facilidad\u00a0<\/strong>lamina incolora de la m\u00e1s alta calidad al tama\u00f1o deseado, barra superior e inferior en aluminio y si lo necesita enganches a techo y barras o cables de sujeci\u00f3n de acero ademas de los tensores inferiores.<\/p>\n<p><strong>Montaje r\u00e1pido y sencillo.<\/strong> <a target=\"_blank\" href=\"https:\/\/youtu.be\/QWPwNZJg-XA\" xlink=\"href\" rel=\"noopener noreferrer\">Vea nuestro v\u00eddeo<\/a><\/p>\n<h4><span style=\"color: #800000;\"><strong>ENV\u00cdO ESPECIAL EN 48 HORAS<\/strong><\/span><\/h4>\n<p>(solo para productos relacionados con la lucha contra el coronavirus)<\/p>\n<p><a href=\"https:\/\/impresiondigitalgranformato.es\/mamparas-protectoras\/\" xlink=\"href\"><img loading=\"lazy\" decoding=\"async\" class=\"aligncenter size-medium wp-image-12523\" src=\"https:\/\/impresiondigitalgranformato.es\/wp-content\/uploads\/2020\/03\/productos-impresion-digital-gran-formato-600x36.png\" alt=\"productos impresion digital gran formato\" width=\"600\" height=\"36\" srcset=\"https:\/\/i0.wp.com\/impresiondigitalgranformato.es\/wp-content\/uploads\/2020\/03\/productos-impresion-digital-gran-formato.png?resize=600%2C36&amp;ssl=1 600w, https:\/\/i0.wp.com\/impresiondigitalgranformato.es\/wp-content\/uploads\/2020\/03\/productos-impresion-digital-gran-formato.png?resize=100%2C6&amp;ssl=1 100w, https:\/\/i0.wp.com\/impresiondigitalgranformato.es\/wp-content\/uploads\/2020\/03\/productos-impresion-digital-gran-formato.png?resize=150%2C9&amp;ssl=1 150w, https:\/\/i0.wp.com\/impresiondigitalgranformato.es\/wp-content\/uploads\/2020\/03\/productos-impresion-digital-gran-formato.png?resize=200%2C12&amp;ssl=1 200w, https:\/\/i0.wp.com\/impresiondigitalgranformato.es\/wp-content\/uploads\/2020\/03\/productos-impresion-digital-gran-formato.png?resize=300%2C18&amp;ssl=1 300w, https:\/\/i0.wp.com\/impresiondigitalgranformato.es\/wp-content\/uploads\/2020\/03\/productos-impresion-digital-gran-formato.png?resize=450%2C27&amp;ssl=1 450w, https:\/\/i0.wp.com\/impresiondigitalgranformato.es\/wp-content\/uploads\/2020\/03\/productos-impresion-digital-gran-formato.png?w=621&amp;ssl=1 621w\" sizes=\"auto, (max-width: 600px) 100vw, 600px\" \/><\/a><\/p>\n","protected":false},"featured_media":12338,"comment_status":"open","ping_status":"closed","template":"","meta":[],"product_brand":[],"product_cat":[92],"product_tag":[],"class_list":{"0":"post-12337","1":"product","2":"type-product","3":"status-publish","4":"has-post-thumbnail","6":"product_cat-mamparas-protectoras","8":"first","9":"instock","10":"taxable","11":"shipping-taxable","12":"purchasable","13":"product-type-simple"},"yoast_head":"<!-- This site is optimized with the Yoast SEO plugin v27.3 - https:\/\/yoast.com\/product\/yoast-seo-wordpress\/ -->\n<title>Mampara Colgante Barata - Los + baratos - Entrega en 48 horas<\/title>\n<meta name=\"description\" content=\"Mampara colgante barata con entrega en 48 horas. Incluye: lamina de PET incoloro con perfiles de aluminio, engantes a techo y cable de sujecci\u00f3n de acero\" \/>\n<meta name=\"robots\" content=\"index, follow, max-snippet:-1, max-image-preview:large, max-video-preview:-1\" \/>\n<link rel=\"canonical\" href=\"https:\/\/impresiondigitalgranformato.es\/es_es\/producto\/mampara-separadora-colgante-barata\/\" \/>\n<meta property=\"og:locale\" content=\"es_ES\" \/>\n<meta property=\"og:type\" content=\"article\" \/>\n<meta property=\"og:title\" content=\"Mampara Colgante Barata - Los + baratos - Entrega en 48 horas\" \/>\n<meta property=\"og:description\" content=\"Mampara colgante barata con entrega en 48 horas. Incluye: lamina de PET incoloro con perfiles de aluminio, engantes a techo y cable de sujecci\u00f3n de acero\" \/>\n<meta property=\"og:url\" content=\"https:\/\/impresiondigitalgranformato.es\/es_es\/producto\/mampara-separadora-colgante-barata\/\" \/>\n<meta property=\"og:site_name\" content=\"Los + baratos\" \/>\n<meta property=\"article:modified_time\" content=\"2021-01-08T09:34:15+00:00\" \/>\n<meta property=\"og:image\" content=\"https:\/\/i2.wp.com\/impresiondigitalgranformato.es\/wp-content\/uploads\/2020\/04\/mampara-separador-colgada.jpg?fit=945%2C945&ssl=1\" \/>\n\t<meta property=\"og:image:width\" content=\"945\" \/>\n\t<meta property=\"og:image:height\" content=\"945\" \/>\n\t<meta property=\"og:image:type\" content=\"image\/jpeg\" \/>\n<meta name=\"twitter:card\" content=\"summary_large_image\" \/>\n<meta name=\"twitter:label1\" content=\"Tiempo de lectura\" \/>\n\t<meta name=\"twitter:data1\" content=\"2 minutos\" \/>\n<script type=\"application\/ld+json\" class=\"yoast-schema-graph\">{\"@context\":\"https:\\\/\\\/schema.org\",\"@graph\":[{\"@type\":\"WebPage\",\"@id\":\"https:\\\/\\\/impresiondigitalgranformato.es\\\/producto\\\/mampara-separadora-colgante-barata\\\/\",\"url\":\"https:\\\/\\\/impresiondigitalgranformato.es\\\/producto\\\/mampara-separadora-colgante-barata\\\/\",\"name\":\"Mampara Colgante Barata - Los + baratos - Entrega en 48 horas\",\"isPartOf\":{\"@id\":\"https:\\\/\\\/impresiondigitalgranformato.es\\\/#website\"},\"primaryImageOfPage\":{\"@id\":\"https:\\\/\\\/impresiondigitalgranformato.es\\\/producto\\\/mampara-separadora-colgante-barata\\\/#primaryimage\"},\"image\":{\"@id\":\"https:\\\/\\\/impresiondigitalgranformato.es\\\/producto\\\/mampara-separadora-colgante-barata\\\/#primaryimage\"},\"thumbnailUrl\":\"https:\\\/\\\/i0.wp.com\\\/impresiondigitalgranformato.es\\\/wp-content\\\/uploads\\\/2020\\\/04\\\/mampara-separador-colgada.jpg?fit=945%2C945&ssl=1\",\"datePublished\":\"2020-04-20T11:06:36+00:00\",\"dateModified\":\"2021-01-08T09:34:15+00:00\",\"description\":\"Mampara colgante barata con entrega en 48 horas. Incluye: lamina de PET incoloro con perfiles de aluminio, engantes a techo y cable de sujecci\u00f3n de acero\",\"breadcrumb\":{\"@id\":\"https:\\\/\\\/impresiondigitalgranformato.es\\\/producto\\\/mampara-separadora-colgante-barata\\\/#breadcrumb\"},\"inLanguage\":\"es\",\"potentialAction\":[{\"@type\":\"ReadAction\",\"target\":[\"https:\\\/\\\/impresiondigitalgranformato.es\\\/producto\\\/mampara-separadora-colgante-barata\\\/\"]}]},{\"@type\":\"ImageObject\",\"inLanguage\":\"es\",\"@id\":\"https:\\\/\\\/impresiondigitalgranformato.es\\\/producto\\\/mampara-separadora-colgante-barata\\\/#primaryimage\",\"url\":\"https:\\\/\\\/i0.wp.com\\\/impresiondigitalgranformato.es\\\/wp-content\\\/uploads\\\/2020\\\/04\\\/mampara-separador-colgada.jpg?fit=945%2C945&ssl=1\",\"contentUrl\":\"https:\\\/\\\/i0.wp.com\\\/impresiondigitalgranformato.es\\\/wp-content\\\/uploads\\\/2020\\\/04\\\/mampara-separador-colgada.jpg?fit=945%2C945&ssl=1\",\"width\":945,\"height\":945,\"caption\":\"mampara colgante barata\"},{\"@type\":\"BreadcrumbList\",\"@id\":\"https:\\\/\\\/impresiondigitalgranformato.es\\\/producto\\\/mampara-separadora-colgante-barata\\\/#breadcrumb\",\"itemListElement\":[{\"@type\":\"ListItem\",\"position\":1,\"name\":\"Portada\",\"item\":\"https:\\\/\\\/impresiondigitalgranformato.es\\\/\"},{\"@type\":\"ListItem\",\"position\":2,\"name\":\"Productos\",\"item\":\"https:\\\/\\\/impresiondigitalgranformato.es\\\/venta-roll-up-banner\\\/\"},{\"@type\":\"ListItem\",\"position\":3,\"name\":\"Mampara separadora Colgante\"}]},{\"@type\":\"WebSite\",\"@id\":\"https:\\\/\\\/impresiondigitalgranformato.es\\\/#website\",\"url\":\"https:\\\/\\\/impresiondigitalgranformato.es\\\/\",\"name\":\"Los + baratos\",\"description\":\"impresi\u00f3n digital gran formato venta de roll up, banner, banderas, lonas, carteles, displays, publicidad\",\"publisher\":{\"@id\":\"https:\\\/\\\/impresiondigitalgranformato.es\\\/#organization\"},\"potentialAction\":[{\"@type\":\"SearchAction\",\"target\":{\"@type\":\"EntryPoint\",\"urlTemplate\":\"https:\\\/\\\/impresiondigitalgranformato.es\\\/?s={search_term_string}\"},\"query-input\":{\"@type\":\"PropertyValueSpecification\",\"valueRequired\":true,\"valueName\":\"search_term_string\"}}],\"inLanguage\":\"es\"},{\"@type\":\"Organization\",\"@id\":\"https:\\\/\\\/impresiondigitalgranformato.es\\\/#organization\",\"name\":\"Los + baratos\",\"url\":\"https:\\\/\\\/impresiondigitalgranformato.es\\\/\",\"logo\":{\"@type\":\"ImageObject\",\"inLanguage\":\"es\",\"@id\":\"https:\\\/\\\/impresiondigitalgranformato.es\\\/#\\\/schema\\\/logo\\\/image\\\/\",\"url\":\"https:\\\/\\\/i0.wp.com\\\/impresiondigitalgranformato.es\\\/wp-content\\\/uploads\\\/2016\\\/12\\\/cropped-logotipo-2-e1483373659766.png?fit=500%2C101&ssl=1\",\"contentUrl\":\"https:\\\/\\\/i0.wp.com\\\/impresiondigitalgranformato.es\\\/wp-content\\\/uploads\\\/2016\\\/12\\\/cropped-logotipo-2-e1483373659766.png?fit=500%2C101&ssl=1\",\"width\":500,\"height\":101,\"caption\":\"Los + baratos\"},\"image\":{\"@id\":\"https:\\\/\\\/impresiondigitalgranformato.es\\\/#\\\/schema\\\/logo\\\/image\\\/\"}}]}<\/script>\n<!-- \/ Yoast SEO plugin. -->","yoast_head_json":{"title":"Mampara Colgante Barata - Los + baratos - Entrega en 48 horas","description":"Mampara colgante barata con entrega en 48 horas. Incluye: lamina de PET incoloro con perfiles de aluminio, engantes a techo y cable de sujecci\u00f3n de acero","robots":{"index":"index","follow":"follow","max-snippet":"max-snippet:-1","max-image-preview":"max-image-preview:large","max-video-preview":"max-video-preview:-1"},"canonical":"https:\/\/impresiondigitalgranformato.es\/es_es\/producto\/mampara-separadora-colgante-barata\/","og_locale":"es_ES","og_type":"article","og_title":"Mampara Colgante Barata - Los + baratos - Entrega en 48 horas","og_description":"Mampara colgante barata con entrega en 48 horas. Incluye: lamina de PET incoloro con perfiles de aluminio, engantes a techo y cable de sujecci\u00f3n de acero","og_url":"https:\/\/impresiondigitalgranformato.es\/es_es\/producto\/mampara-separadora-colgante-barata\/","og_site_name":"Los + baratos","article_modified_time":"2021-01-08T09:34:15+00:00","og_image":[{"width":945,"height":945,"url":"https:\/\/i2.wp.com\/impresiondigitalgranformato.es\/wp-content\/uploads\/2020\/04\/mampara-separador-colgada.jpg?fit=945%2C945&ssl=1","type":"image\/jpeg"}],"twitter_card":"summary_large_image","twitter_misc":{"Tiempo de lectura":"2 minutos"},"schema":{"@context":"https:\/\/schema.org","@graph":[{"@type":"WebPage","@id":"https:\/\/impresiondigitalgranformato.es\/producto\/mampara-separadora-colgante-barata\/","url":"https:\/\/impresiondigitalgranformato.es\/producto\/mampara-separadora-colgante-barata\/","name":"Mampara Colgante Barata - Los + baratos - Entrega en 48 horas","isPartOf":{"@id":"https:\/\/impresiondigitalgranformato.es\/#website"},"primaryImageOfPage":{"@id":"https:\/\/impresiondigitalgranformato.es\/producto\/mampara-separadora-colgante-barata\/#primaryimage"},"image":{"@id":"https:\/\/impresiondigitalgranformato.es\/producto\/mampara-separadora-colgante-barata\/#primaryimage"},"thumbnailUrl":"https:\/\/i0.wp.com\/impresiondigitalgranformato.es\/wp-content\/uploads\/2020\/04\/mampara-separador-colgada.jpg?fit=945%2C945&ssl=1","datePublished":"2020-04-20T11:06:36+00:00","dateModified":"2021-01-08T09:34:15+00:00","description":"Mampara colgante barata con entrega en 48 horas. Incluye: lamina de PET incoloro con perfiles de aluminio, engantes a techo y cable de sujecci\u00f3n de acero","breadcrumb":{"@id":"https:\/\/impresiondigitalgranformato.es\/producto\/mampara-separadora-colgante-barata\/#breadcrumb"},"inLanguage":"es","potentialAction":[{"@type":"ReadAction","target":["https:\/\/impresiondigitalgranformato.es\/producto\/mampara-separadora-colgante-barata\/"]}]},{"@type":"ImageObject","inLanguage":"es","@id":"https:\/\/impresiondigitalgranformato.es\/producto\/mampara-separadora-colgante-barata\/#primaryimage","url":"https:\/\/i0.wp.com\/impresiondigitalgranformato.es\/wp-content\/uploads\/2020\/04\/mampara-separador-colgada.jpg?fit=945%2C945&ssl=1","contentUrl":"https:\/\/i0.wp.com\/impresiondigitalgranformato.es\/wp-content\/uploads\/2020\/04\/mampara-separador-colgada.jpg?fit=945%2C945&ssl=1","width":945,"height":945,"caption":"mampara colgante barata"},{"@type":"BreadcrumbList","@id":"https:\/\/impresiondigitalgranformato.es\/producto\/mampara-separadora-colgante-barata\/#breadcrumb","itemListElement":[{"@type":"ListItem","position":1,"name":"Portada","item":"https:\/\/impresiondigitalgranformato.es\/"},{"@type":"ListItem","position":2,"name":"Productos","item":"https:\/\/impresiondigitalgranformato.es\/venta-roll-up-banner\/"},{"@type":"ListItem","position":3,"name":"Mampara separadora Colgante"}]},{"@type":"WebSite","@id":"https:\/\/impresiondigitalgranformato.es\/#website","url":"https:\/\/impresiondigitalgranformato.es\/","name":"Los + baratos","description":"impresi\u00f3n digital gran formato venta de roll up, banner, banderas, lonas, carteles, displays, publicidad","publisher":{"@id":"https:\/\/impresiondigitalgranformato.es\/#organization"},"potentialAction":[{"@type":"SearchAction","target":{"@type":"EntryPoint","urlTemplate":"https:\/\/impresiondigitalgranformato.es\/?s={search_term_string}"},"query-input":{"@type":"PropertyValueSpecification","valueRequired":true,"valueName":"search_term_string"}}],"inLanguage":"es"},{"@type":"Organization","@id":"https:\/\/impresiondigitalgranformato.es\/#organization","name":"Los + baratos","url":"https:\/\/impresiondigitalgranformato.es\/","logo":{"@type":"ImageObject","inLanguage":"es","@id":"https:\/\/impresiondigitalgranformato.es\/#\/schema\/logo\/image\/","url":"https:\/\/i0.wp.com\/impresiondigitalgranformato.es\/wp-content\/uploads\/2016\/12\/cropped-logotipo-2-e1483373659766.png?fit=500%2C101&ssl=1","contentUrl":"https:\/\/i0.wp.com\/impresiondigitalgranformato.es\/wp-content\/uploads\/2016\/12\/cropped-logotipo-2-e1483373659766.png?fit=500%2C101&ssl=1","width":500,"height":101,"caption":"Los + baratos"},"image":{"@id":"https:\/\/impresiondigitalgranformato.es\/#\/schema\/logo\/image\/"}}]}},"jetpack_sharing_enabled":true,"_links":{"self":[{"href":"https:\/\/impresiondigitalgranformato.es\/es_es\/wp-json\/wp\/v2\/product\/12337","targetHints":{"allow":["GET"]}}],"collection":[{"href":"https:\/\/impresiondigitalgranformato.es\/es_es\/wp-json\/wp\/v2\/product"}],"about":[{"href":"https:\/\/impresiondigitalgranformato.es\/es_es\/wp-json\/wp\/v2\/types\/product"}],"replies":[{"embeddable":true,"href":"https:\/\/impresiondigitalgranformato.es\/es_es\/wp-json\/wp\/v2\/comments?post=12337"}],"wp:featuredmedia":[{"embeddable":true,"href":"https:\/\/impresiondigitalgranformato.es\/es_es\/wp-json\/wp\/v2\/media\/12338"}],"wp:attachment":[{"href":"https:\/\/impresiondigitalgranformato.es\/es_es\/wp-json\/wp\/v2\/media?parent=12337"}],"wp:term":[{"taxonomy":"product_brand","embeddable":true,"href":"https:\/\/impresiondigitalgranformato.es\/es_es\/wp-json\/wp\/v2\/product_brand?post=12337"},{"taxonomy":"product_cat","embeddable":true,"href":"https:\/\/impresiondigitalgranformato.es\/es_es\/wp-json\/wp\/v2\/product_cat?post=12337"},{"taxonomy":"product_tag","embeddable":true,"href":"https:\/\/impresiondigitalgranformato.es\/es_es\/wp-json\/wp\/v2\/product_tag?post=12337"}],"curies":[{"name":"wp","href":"https:\/\/api.w.org\/{rel}","templated":true}]}}