{"id":12352,"date":"2020-04-22T16:59:56","date_gmt":"2020-04-22T14:59:56","guid":{"rendered":"http:\/\/impresiondigitalgranformato.es\/?post_type=product&#038;p=12352"},"modified":"2020-06-10T18:03:53","modified_gmt":"2020-06-10T16:03:53","slug":"mampara-separador-pared","status":"publish","type":"product","link":"https:\/\/impresiondigitalgranformato.es\/es_es\/producto\/mampara-separador-pared\/","title":{"rendered":"Mampara separadora Pared del techo al suelo"},"content":{"rendered":"<p>Mampara separador Pared del techo hasta el suelo, evite contagios innecesarios en los pasillos, colas de espera, mesas cercanas a un paso de personas. Con este protector todo queda cubierto, tanto para personas adultas como para ni\u00f1os.<\/p>\n<h4><strong>Hasta 3 metros de ancho<\/strong><\/h4>\n<p><strong> Haga que su negocio tenga menor riesgo por un coste reducido.<\/strong><\/p>\n<p>El separador de pared contiene: Plancha en PET incoloro al tama\u00f1o deseado hasta 3 m. Barra superior e inferior en aluminio, enganches a techo y suelo con cables de sujeci\u00f3n de acero.<\/p>\n<p>La mampara separadora es muy f\u00e1cil de montar. Ya que nosotros le enviamos los cables colocados en la los colgadores. Solo tendr\u00e1 que fijar los anclajes al techo o falso techo y colgar la estructura y despu\u00e9s fijar los anclajes de suelo<\/p>\n<p>La lamina de la mampara separador pared es de <a target=\"_blank\" href=\"https:\/\/es.wikipedia.org\/wiki\/Tereftalato_de_polietileno\" xlink=\"href\" rel=\"noopener noreferrer\">PET incoloro<\/a> que es un material muy resistente a los golpes. Y si tiene que cambiar la lamina el material es bastante econ\u00f3mico.<\/p>\n<p>El separador lo puede pedir en el tama\u00f1o que necesite (no tenemos medidas est\u00e1ndar) solo queda limitada por los tama\u00f1os de de fabricaci\u00f3n del material. Ademas de las normas de las empresas de mensajer\u00eda. Por eso en ninguno de sus cotas (ancho o alto) puede superar los 3 metros.<\/p>\n<p>Tenemos un servicio especial de entrega en 48 horas para pen\u00ednsula por un coste muy reducido (7\u20ac+ iva) solo para productos relacionados en la lucha por la NO propagaci\u00f3n del virus.<\/p>\n<p>En el caso que este no sea el modelo que necesita o quiera ver mas opciones visite nuestra <a href=\"https:\/\/impresiondigitalgranformato.es\/categoria-producto\/carteles-coronavirus\/\" xlink=\"href\">secci\u00f3n de art\u00edculos<\/a> para la NO propagaci\u00f3n. Donde encontrara carteles aforo limitado o de control de acceso ademas de lonas de recuerde el uso de guante y mascarillas ademas de adhesivos de suelo de espere su turno o respete la distancia de seguridad.<\/p>\n","protected":false},"excerpt":{"rendered":"<p><strong>Mampara separador Pared. <\/strong><\/p>\n<p>Fijado del techo hasta el suelo.<\/p>\n<h3><span style=\"color: #003366;\"><strong>Contiene:<\/strong><\/span><\/h3>\n<p>Plancha en PET incoloro al tama\u00f1o deseado, barra superior e inferior en aluminio, enganches a techo y suelo con cables de sujeci\u00f3n de acero.<\/p>\n<h4><span style=\"color: #800000;\"><strong>ENV\u00cdO ESPECIAL EN 48 HORAS<\/strong><\/span><\/h4>\n<p>(solo para productos relacionados con la lucha contra el coronavirus)<\/p>\n<p><a href=\"https:\/\/impresiondigitalgranformato.es\/mamparas-protectoras\/\" xlink=\"href\"><img loading=\"lazy\" decoding=\"async\" class=\"aligncenter size-medium wp-image-12523\" src=\"https:\/\/impresiondigitalgranformato.es\/wp-content\/uploads\/2020\/03\/productos-impresion-digital-gran-formato-600x36.png\" alt=\"productos impresion digital gran formato\" width=\"600\" height=\"36\" srcset=\"https:\/\/i0.wp.com\/impresiondigitalgranformato.es\/wp-content\/uploads\/2020\/03\/productos-impresion-digital-gran-formato.png?resize=600%2C36&amp;ssl=1 600w, https:\/\/i0.wp.com\/impresiondigitalgranformato.es\/wp-content\/uploads\/2020\/03\/productos-impresion-digital-gran-formato.png?resize=100%2C6&amp;ssl=1 100w, https:\/\/i0.wp.com\/impresiondigitalgranformato.es\/wp-content\/uploads\/2020\/03\/productos-impresion-digital-gran-formato.png?resize=150%2C9&amp;ssl=1 150w, https:\/\/i0.wp.com\/impresiondigitalgranformato.es\/wp-content\/uploads\/2020\/03\/productos-impresion-digital-gran-formato.png?resize=200%2C12&amp;ssl=1 200w, https:\/\/i0.wp.com\/impresiondigitalgranformato.es\/wp-content\/uploads\/2020\/03\/productos-impresion-digital-gran-formato.png?resize=300%2C18&amp;ssl=1 300w, https:\/\/i0.wp.com\/impresiondigitalgranformato.es\/wp-content\/uploads\/2020\/03\/productos-impresion-digital-gran-formato.png?resize=450%2C27&amp;ssl=1 450w, https:\/\/i0.wp.com\/impresiondigitalgranformato.es\/wp-content\/uploads\/2020\/03\/productos-impresion-digital-gran-formato.png?w=621&amp;ssl=1 621w\" sizes=\"auto, (max-width: 600px) 100vw, 600px\" \/><\/a><\/p>\n","protected":false},"featured_media":12360,"comment_status":"open","ping_status":"closed","template":"","meta":[],"product_brand":[],"product_cat":[92],"product_tag":[],"class_list":{"0":"post-12352","1":"product","2":"type-product","3":"status-publish","4":"has-post-thumbnail","6":"product_cat-mamparas-protectoras","8":"first","9":"instock","10":"taxable","11":"shipping-taxable","12":"purchasable","13":"product-type-simple"},"yoast_head":"<!-- This site is optimized with the Yoast SEO plugin v27.3 - https:\/\/yoast.com\/product\/yoast-seo-wordpress\/ -->\n<title>Mampara Separador Pared - Los + baratos - Entrega en 48 horas<\/title>\n<meta name=\"description\" content=\"Mampara separador de pared con entrega en 48 horas. Incluye: lamina de PET incoloro con perfiles de aluminio, engantes a techo y suelo y cables de sujeci\u00f3n.\" \/>\n<meta name=\"robots\" content=\"index, follow, max-snippet:-1, max-image-preview:large, max-video-preview:-1\" \/>\n<link rel=\"canonical\" href=\"https:\/\/impresiondigitalgranformato.es\/es_es\/producto\/mampara-separador-pared\/\" \/>\n<meta property=\"og:locale\" content=\"es_ES\" \/>\n<meta property=\"og:type\" content=\"article\" \/>\n<meta property=\"og:title\" content=\"Mampara Separador Pared - Los + baratos - Entrega en 48 horas\" \/>\n<meta property=\"og:description\" content=\"Mampara separador de pared con entrega en 48 horas. Incluye: lamina de PET incoloro con perfiles de aluminio, engantes a techo y suelo y cables de sujeci\u00f3n.\" \/>\n<meta property=\"og:url\" content=\"https:\/\/impresiondigitalgranformato.es\/es_es\/producto\/mampara-separador-pared\/\" \/>\n<meta property=\"og:site_name\" content=\"Los + baratos\" \/>\n<meta property=\"article:modified_time\" content=\"2020-06-10T16:03:53+00:00\" \/>\n<meta property=\"og:image\" content=\"https:\/\/i0.wp.com\/impresiondigitalgranformato.es\/wp-content\/uploads\/2020\/04\/MAMPARA-FAMILIAR-TECHO-Y-SUELO.jpg?fit=945%2C945&ssl=1\" \/>\n\t<meta property=\"og:image:width\" content=\"945\" \/>\n\t<meta property=\"og:image:height\" content=\"945\" \/>\n\t<meta property=\"og:image:type\" content=\"image\/jpeg\" \/>\n<meta name=\"twitter:card\" content=\"summary_large_image\" \/>\n<meta name=\"twitter:label1\" content=\"Tiempo de lectura\" \/>\n\t<meta name=\"twitter:data1\" content=\"2 minutos\" \/>\n<script type=\"application\/ld+json\" class=\"yoast-schema-graph\">{\"@context\":\"https:\\\/\\\/schema.org\",\"@graph\":[{\"@type\":\"WebPage\",\"@id\":\"https:\\\/\\\/impresiondigitalgranformato.es\\\/producto\\\/mampara-separador-pared\\\/\",\"url\":\"https:\\\/\\\/impresiondigitalgranformato.es\\\/producto\\\/mampara-separador-pared\\\/\",\"name\":\"Mampara Separador Pared - Los + baratos - Entrega en 48 horas\",\"isPartOf\":{\"@id\":\"https:\\\/\\\/impresiondigitalgranformato.es\\\/#website\"},\"primaryImageOfPage\":{\"@id\":\"https:\\\/\\\/impresiondigitalgranformato.es\\\/producto\\\/mampara-separador-pared\\\/#primaryimage\"},\"image\":{\"@id\":\"https:\\\/\\\/impresiondigitalgranformato.es\\\/producto\\\/mampara-separador-pared\\\/#primaryimage\"},\"thumbnailUrl\":\"https:\\\/\\\/i0.wp.com\\\/impresiondigitalgranformato.es\\\/wp-content\\\/uploads\\\/2020\\\/04\\\/MAMPARA-FAMILIAR-TECHO-Y-SUELO.jpg?fit=945%2C945&ssl=1\",\"datePublished\":\"2020-04-22T14:59:56+00:00\",\"dateModified\":\"2020-06-10T16:03:53+00:00\",\"description\":\"Mampara separador de pared con entrega en 48 horas. Incluye: lamina de PET incoloro con perfiles de aluminio, engantes a techo y suelo y cables de sujeci\u00f3n.\",\"breadcrumb\":{\"@id\":\"https:\\\/\\\/impresiondigitalgranformato.es\\\/producto\\\/mampara-separador-pared\\\/#breadcrumb\"},\"inLanguage\":\"es\",\"potentialAction\":[{\"@type\":\"ReadAction\",\"target\":[\"https:\\\/\\\/impresiondigitalgranformato.es\\\/producto\\\/mampara-separador-pared\\\/\"]}]},{\"@type\":\"ImageObject\",\"inLanguage\":\"es\",\"@id\":\"https:\\\/\\\/impresiondigitalgranformato.es\\\/producto\\\/mampara-separador-pared\\\/#primaryimage\",\"url\":\"https:\\\/\\\/i0.wp.com\\\/impresiondigitalgranformato.es\\\/wp-content\\\/uploads\\\/2020\\\/04\\\/MAMPARA-FAMILIAR-TECHO-Y-SUELO.jpg?fit=945%2C945&ssl=1\",\"contentUrl\":\"https:\\\/\\\/i0.wp.com\\\/impresiondigitalgranformato.es\\\/wp-content\\\/uploads\\\/2020\\\/04\\\/MAMPARA-FAMILIAR-TECHO-Y-SUELO.jpg?fit=945%2C945&ssl=1\",\"width\":945,\"height\":945,\"caption\":\"mampara separador pared\"},{\"@type\":\"BreadcrumbList\",\"@id\":\"https:\\\/\\\/impresiondigitalgranformato.es\\\/producto\\\/mampara-separador-pared\\\/#breadcrumb\",\"itemListElement\":[{\"@type\":\"ListItem\",\"position\":1,\"name\":\"Portada\",\"item\":\"https:\\\/\\\/impresiondigitalgranformato.es\\\/\"},{\"@type\":\"ListItem\",\"position\":2,\"name\":\"Productos\",\"item\":\"https:\\\/\\\/impresiondigitalgranformato.es\\\/venta-roll-up-banner\\\/\"},{\"@type\":\"ListItem\",\"position\":3,\"name\":\"Mampara separadora Pared del techo al suelo\"}]},{\"@type\":\"WebSite\",\"@id\":\"https:\\\/\\\/impresiondigitalgranformato.es\\\/#website\",\"url\":\"https:\\\/\\\/impresiondigitalgranformato.es\\\/\",\"name\":\"Los + baratos\",\"description\":\"impresi\u00f3n digital gran formato venta de roll up, banner, banderas, lonas, carteles, displays, publicidad\",\"publisher\":{\"@id\":\"https:\\\/\\\/impresiondigitalgranformato.es\\\/#organization\"},\"potentialAction\":[{\"@type\":\"SearchAction\",\"target\":{\"@type\":\"EntryPoint\",\"urlTemplate\":\"https:\\\/\\\/impresiondigitalgranformato.es\\\/?s={search_term_string}\"},\"query-input\":{\"@type\":\"PropertyValueSpecification\",\"valueRequired\":true,\"valueName\":\"search_term_string\"}}],\"inLanguage\":\"es\"},{\"@type\":\"Organization\",\"@id\":\"https:\\\/\\\/impresiondigitalgranformato.es\\\/#organization\",\"name\":\"Los + baratos\",\"url\":\"https:\\\/\\\/impresiondigitalgranformato.es\\\/\",\"logo\":{\"@type\":\"ImageObject\",\"inLanguage\":\"es\",\"@id\":\"https:\\\/\\\/impresiondigitalgranformato.es\\\/#\\\/schema\\\/logo\\\/image\\\/\",\"url\":\"https:\\\/\\\/i0.wp.com\\\/impresiondigitalgranformato.es\\\/wp-content\\\/uploads\\\/2016\\\/12\\\/cropped-logotipo-2-e1483373659766.png?fit=500%2C101&ssl=1\",\"contentUrl\":\"https:\\\/\\\/i0.wp.com\\\/impresiondigitalgranformato.es\\\/wp-content\\\/uploads\\\/2016\\\/12\\\/cropped-logotipo-2-e1483373659766.png?fit=500%2C101&ssl=1\",\"width\":500,\"height\":101,\"caption\":\"Los + baratos\"},\"image\":{\"@id\":\"https:\\\/\\\/impresiondigitalgranformato.es\\\/#\\\/schema\\\/logo\\\/image\\\/\"}}]}<\/script>\n<!-- \/ Yoast SEO plugin. -->","yoast_head_json":{"title":"Mampara Separador Pared - Los + baratos - Entrega en 48 horas","description":"Mampara separador de pared con entrega en 48 horas. Incluye: lamina de PET incoloro con perfiles de aluminio, engantes a techo y suelo y cables de sujeci\u00f3n.","robots":{"index":"index","follow":"follow","max-snippet":"max-snippet:-1","max-image-preview":"max-image-preview:large","max-video-preview":"max-video-preview:-1"},"canonical":"https:\/\/impresiondigitalgranformato.es\/es_es\/producto\/mampara-separador-pared\/","og_locale":"es_ES","og_type":"article","og_title":"Mampara Separador Pared - Los + baratos - Entrega en 48 horas","og_description":"Mampara separador de pared con entrega en 48 horas. Incluye: lamina de PET incoloro con perfiles de aluminio, engantes a techo y suelo y cables de sujeci\u00f3n.","og_url":"https:\/\/impresiondigitalgranformato.es\/es_es\/producto\/mampara-separador-pared\/","og_site_name":"Los + baratos","article_modified_time":"2020-06-10T16:03:53+00:00","og_image":[{"width":945,"height":945,"url":"https:\/\/i0.wp.com\/impresiondigitalgranformato.es\/wp-content\/uploads\/2020\/04\/MAMPARA-FAMILIAR-TECHO-Y-SUELO.jpg?fit=945%2C945&ssl=1","type":"image\/jpeg"}],"twitter_card":"summary_large_image","twitter_misc":{"Tiempo de lectura":"2 minutos"},"schema":{"@context":"https:\/\/schema.org","@graph":[{"@type":"WebPage","@id":"https:\/\/impresiondigitalgranformato.es\/producto\/mampara-separador-pared\/","url":"https:\/\/impresiondigitalgranformato.es\/producto\/mampara-separador-pared\/","name":"Mampara Separador Pared - Los + baratos - Entrega en 48 horas","isPartOf":{"@id":"https:\/\/impresiondigitalgranformato.es\/#website"},"primaryImageOfPage":{"@id":"https:\/\/impresiondigitalgranformato.es\/producto\/mampara-separador-pared\/#primaryimage"},"image":{"@id":"https:\/\/impresiondigitalgranformato.es\/producto\/mampara-separador-pared\/#primaryimage"},"thumbnailUrl":"https:\/\/i0.wp.com\/impresiondigitalgranformato.es\/wp-content\/uploads\/2020\/04\/MAMPARA-FAMILIAR-TECHO-Y-SUELO.jpg?fit=945%2C945&ssl=1","datePublished":"2020-04-22T14:59:56+00:00","dateModified":"2020-06-10T16:03:53+00:00","description":"Mampara separador de pared con entrega en 48 horas. Incluye: lamina de PET incoloro con perfiles de aluminio, engantes a techo y suelo y cables de sujeci\u00f3n.","breadcrumb":{"@id":"https:\/\/impresiondigitalgranformato.es\/producto\/mampara-separador-pared\/#breadcrumb"},"inLanguage":"es","potentialAction":[{"@type":"ReadAction","target":["https:\/\/impresiondigitalgranformato.es\/producto\/mampara-separador-pared\/"]}]},{"@type":"ImageObject","inLanguage":"es","@id":"https:\/\/impresiondigitalgranformato.es\/producto\/mampara-separador-pared\/#primaryimage","url":"https:\/\/i0.wp.com\/impresiondigitalgranformato.es\/wp-content\/uploads\/2020\/04\/MAMPARA-FAMILIAR-TECHO-Y-SUELO.jpg?fit=945%2C945&ssl=1","contentUrl":"https:\/\/i0.wp.com\/impresiondigitalgranformato.es\/wp-content\/uploads\/2020\/04\/MAMPARA-FAMILIAR-TECHO-Y-SUELO.jpg?fit=945%2C945&ssl=1","width":945,"height":945,"caption":"mampara separador pared"},{"@type":"BreadcrumbList","@id":"https:\/\/impresiondigitalgranformato.es\/producto\/mampara-separador-pared\/#breadcrumb","itemListElement":[{"@type":"ListItem","position":1,"name":"Portada","item":"https:\/\/impresiondigitalgranformato.es\/"},{"@type":"ListItem","position":2,"name":"Productos","item":"https:\/\/impresiondigitalgranformato.es\/venta-roll-up-banner\/"},{"@type":"ListItem","position":3,"name":"Mampara separadora Pared del techo al suelo"}]},{"@type":"WebSite","@id":"https:\/\/impresiondigitalgranformato.es\/#website","url":"https:\/\/impresiondigitalgranformato.es\/","name":"Los + baratos","description":"impresi\u00f3n digital gran formato venta de roll up, banner, banderas, lonas, carteles, displays, publicidad","publisher":{"@id":"https:\/\/impresiondigitalgranformato.es\/#organization"},"potentialAction":[{"@type":"SearchAction","target":{"@type":"EntryPoint","urlTemplate":"https:\/\/impresiondigitalgranformato.es\/?s={search_term_string}"},"query-input":{"@type":"PropertyValueSpecification","valueRequired":true,"valueName":"search_term_string"}}],"inLanguage":"es"},{"@type":"Organization","@id":"https:\/\/impresiondigitalgranformato.es\/#organization","name":"Los + baratos","url":"https:\/\/impresiondigitalgranformato.es\/","logo":{"@type":"ImageObject","inLanguage":"es","@id":"https:\/\/impresiondigitalgranformato.es\/#\/schema\/logo\/image\/","url":"https:\/\/i0.wp.com\/impresiondigitalgranformato.es\/wp-content\/uploads\/2016\/12\/cropped-logotipo-2-e1483373659766.png?fit=500%2C101&ssl=1","contentUrl":"https:\/\/i0.wp.com\/impresiondigitalgranformato.es\/wp-content\/uploads\/2016\/12\/cropped-logotipo-2-e1483373659766.png?fit=500%2C101&ssl=1","width":500,"height":101,"caption":"Los + baratos"},"image":{"@id":"https:\/\/impresiondigitalgranformato.es\/#\/schema\/logo\/image\/"}}]}},"jetpack_sharing_enabled":true,"_links":{"self":[{"href":"https:\/\/impresiondigitalgranformato.es\/es_es\/wp-json\/wp\/v2\/product\/12352","targetHints":{"allow":["GET"]}}],"collection":[{"href":"https:\/\/impresiondigitalgranformato.es\/es_es\/wp-json\/wp\/v2\/product"}],"about":[{"href":"https:\/\/impresiondigitalgranformato.es\/es_es\/wp-json\/wp\/v2\/types\/product"}],"replies":[{"embeddable":true,"href":"https:\/\/impresiondigitalgranformato.es\/es_es\/wp-json\/wp\/v2\/comments?post=12352"}],"wp:featuredmedia":[{"embeddable":true,"href":"https:\/\/impresiondigitalgranformato.es\/es_es\/wp-json\/wp\/v2\/media\/12360"}],"wp:attachment":[{"href":"https:\/\/impresiondigitalgranformato.es\/es_es\/wp-json\/wp\/v2\/media?parent=12352"}],"wp:term":[{"taxonomy":"product_brand","embeddable":true,"href":"https:\/\/impresiondigitalgranformato.es\/es_es\/wp-json\/wp\/v2\/product_brand?post=12352"},{"taxonomy":"product_cat","embeddable":true,"href":"https:\/\/impresiondigitalgranformato.es\/es_es\/wp-json\/wp\/v2\/product_cat?post=12352"},{"taxonomy":"product_tag","embeddable":true,"href":"https:\/\/impresiondigitalgranformato.es\/es_es\/wp-json\/wp\/v2\/product_tag?post=12352"}],"curies":[{"name":"wp","href":"https:\/\/api.w.org\/{rel}","templated":true}]}}