{"id":1271,"date":"2017-10-04T19:13:12","date_gmt":"2017-10-04T17:13:12","guid":{"rendered":"http:\/\/impresiondigitalgranformato.es\/?post_type=product&#038;p=1271"},"modified":"2025-07-04T18:12:45","modified_gmt":"2025-07-04T16:12:45","slug":"rollup-economico-84-x-200-cm","status":"publish","type":"product","link":"https:\/\/impresiondigitalgranformato.es\/es_es\/producto\/rollup-economico-84-x-200-cm\/","title":{"rendered":"rollup 85 x 200 cm Est\u00e1ndar"},"content":{"rendered":"<p>Rollup economico de 85 x 200 cm el modelo est\u00e1ndar.<\/p>\n<p>Estructura de Aluminio<\/p>\n<p>Gr\u00e1fica realizada en impresi\u00f3n digital sobre lona de pvc fundida de 450 gr.<\/p>\n<p>incluye funda de transporte.<\/p>\n<p>Este rollup econ\u00f3mico es ideal para promoci\u00f3n de productos y\/o servicios en tiendas, salas de espera, despachos &#8230;<\/p>\n<p>Aunque es un roll up barato su estructura de aluminio le da una gran estabilidad y resistencia, su gr\u00e1fica esta realizada en lona para una mayor durabilidad a la hora de extender y recoger la gr\u00e1fica.Incluye bolsa de transporte de nylon.<\/p>\n<p>Su montaje es muy r\u00e1pido y sencillo puede verlo en nuestro <a href=\"https:\/\/youtu.be\/gq7KMUbozVo\" target=\"_blank\" rel=\"noopener\">v\u00eddeo del producto<\/a><\/p>\n<h4>Los rollup cada vez est\u00e1n siendo mas utilizados, dado que es una herramienta publicitaria muy efectiva.<\/h4>\n<p>Su peso es muy bajo permitiendo su transporte de una forma c\u00f3moda, su montaje muy r\u00e1pido se expone en menos de 1 minuto y se recoge en menos tiempo aun. Utilice este tipo de producto para promocionar sus productos. Ya que comparando su precio con su calidad y a su gran efecto visual en cualquier lugar como oficinas, tiendas, salas de espera &#8230; Siempre le sera rentable comprar un rollup economico de 85&#215;200 cm.<\/p>\n<p>&nbsp;<\/p>\n<p><span style=\"color: #ff0000;\">DESCUENTOS POR CANTIDADES !!!<\/span><\/p>\n<p><strong>Este producto se puede entregar en 24 horas*<\/strong><\/p>\n<p data-pbs-phone-margin-bottom=\"18px\"><span style=\"color: #000080;\"><strong>Diferentes clases de env\u00edo:<\/strong><\/span><\/p>\n<p data-pbs-phone-margin-bottom=\"18px\"><strong>Producci\u00f3n y entrega en 8 d\u00edas laborales<\/strong><\/p>\n<p data-pbs-phone-margin-bottom=\"18px\"><strong>Producci\u00f3n y entrega en 4 d\u00edas laborales<\/strong><\/p>\n<p data-pbs-phone-margin-top=\"1px\"><strong>Producci\u00f3n y entrega en 2 d\u00edas laborales<\/strong><\/p>\n<p data-pbs-phone-margin-top=\"1px\"><strong>Producci\u00f3n y entrega en 1 dia laboral*<\/strong>\u00a0(este servicio es solo valido para pedidos confirmado antes de las 11:30 horas del d\u00eda en curso.)<\/p>\n<p>&nbsp;<\/p>\n<h3><span style=\"color: #ff9900;\">El modelo de estructura de roll up est\u00e1ndar es el m\u00e1s vendido.<\/span><\/h3>\n<p>La estructura es de aluminio, la gr\u00e1fica del rollup es de lona de pvc fundido satinada de 450 gr\/m2, la impresi\u00f3n del roll up se realiza en impresi\u00f3n digital de alta calidad adem\u00e1s incluye bolsa de transporte de nyl\u00f3n negro. Todo esto hace que este rollup barato sea la mejor opci\u00f3n a la hora de comprar un display publicitario. Ya que tiene la mejor relaci\u00f3n calidad\/precio.<\/p>\n<p>Este modelo de roll up barato es muy vendido en cualquiera de sus tama\u00f1os para grandes tiradas a la hora de hacer promociones o proyectos gracias a su gran tama\u00f1o de cartel y su bajo precio.<\/p>\n<h3><span style=\"color: #ff9900;\">El rollup 85 x 200 cm Est\u00e1ndar<\/span><\/h3>\n<p>Es el tama\u00f1o de rollup que mas nos compran, dado que es muy vers\u00e1til y es el roll up mas barato seg\u00fan su relaci\u00f3n entre tama\u00f1o y precio. Se vende para promociones de todo tipo. Como promoci\u00f3n de art\u00edculos de belleza, productos de est\u00e9tica, venta de art\u00edculos fotovoltaicos, promoci\u00f3n de seguros, en restaurantes para promocionar ofertas, para las bodegas para la promoci\u00f3n de vinos\u2026 Ademas tambi\u00e9n el rollup de 85\u00d7200 cm es muy vendido para centros comerciales, exposiciones, ferias y congresos.<\/p>\n<p>&nbsp;<\/p>\n<p><span style=\"color: #800000;\"><strong>Si necesita algo mas econ\u00f3mico puede visitar nuestra<\/strong><\/span><a href=\"https:\/\/impresiondigitalgranformato.es\/categoria-producto\/banner-economico\/\"> <strong>secci\u00f3n de Banner.<\/strong><\/a><\/p>\n","protected":false},"excerpt":{"rendered":"<p>Este rollup econ\u00f3mico es ideal para promoci\u00f3n de productos y\/o servicios en tiendas, salas de espera, depachos &#8230;<\/p>\n<p>aunque es un roll up barato su estructura de aluminio le da una gran estabilidad y resistencia, su gr\u00e1fica esta realizada en lona para una mayor durabilidad a la hora de extender y recoger la gr\u00e1fica.<\/p>\n<p>Incluye bolsa de transporte de nylon.<\/p>\n<p><span style=\"color: #ff0000;\">DESCUENTOS POR CANTIDADES !!!\u00a0<\/span><\/p>\n<p><strong>Env\u00edo gratuito\u00a0desde la 1\u00aa unid.<\/strong><\/p>\n<p><span style=\"color: #ff0000;\"><strong>Este producto se puede entregar en 24 horas*<\/strong><\/span><\/p>\n<p><a href=\"https:\/\/impresiondigitalgranformato.es\/roll-up\/\"><img loading=\"lazy\" decoding=\"async\" class=\"size-full wp-image-12936 alignnone\" src=\"https:\/\/impresiondigitalgranformato.es\/wp-content\/uploads\/2019\/09\/impresion-digital-mas-modelos.png\" alt=\"impresion digital mas modelos\" width=\"468\" height=\"61\" srcset=\"https:\/\/i0.wp.com\/impresiondigitalgranformato.es\/wp-content\/uploads\/2019\/09\/impresion-digital-mas-modelos.png?w=468&amp;ssl=1 468w, https:\/\/i0.wp.com\/impresiondigitalgranformato.es\/wp-content\/uploads\/2019\/09\/impresion-digital-mas-modelos.png?resize=100%2C13&amp;ssl=1 100w, https:\/\/i0.wp.com\/impresiondigitalgranformato.es\/wp-content\/uploads\/2019\/09\/impresion-digital-mas-modelos.png?resize=150%2C20&amp;ssl=1 150w, https:\/\/i0.wp.com\/impresiondigitalgranformato.es\/wp-content\/uploads\/2019\/09\/impresion-digital-mas-modelos.png?resize=200%2C26&amp;ssl=1 200w, https:\/\/i0.wp.com\/impresiondigitalgranformato.es\/wp-content\/uploads\/2019\/09\/impresion-digital-mas-modelos.png?resize=300%2C39&amp;ssl=1 300w, https:\/\/i0.wp.com\/impresiondigitalgranformato.es\/wp-content\/uploads\/2019\/09\/impresion-digital-mas-modelos.png?resize=450%2C59&amp;ssl=1 450w\" sizes=\"auto, (max-width: 468px) 100vw, 468px\" \/><\/a><\/p>\n","protected":false},"featured_media":5376,"comment_status":"open","ping_status":"closed","template":"","meta":[],"product_brand":[],"product_cat":[78,24],"product_tag":[],"class_list":{"0":"post-1271","1":"product","2":"type-product","3":"status-publish","4":"has-post-thumbnail","6":"product_cat-rollup-banner-photocall-carteles-lona-impresion-economicos","7":"product_cat-roll-up-baratos","9":"first","10":"instock","11":"featured","12":"sold-individually","13":"taxable","14":"shipping-taxable","15":"purchasable","16":"product-type-simple"},"yoast_head":"<!-- This site is optimized with the Yoast SEO plugin v27.3 - https:\/\/yoast.com\/product\/yoast-seo-wordpress\/ -->\n<title>rollup economico - rollup 85 x 200 cm Est\u00e1ndar - Env\u00edo gratis- Los + baratos<\/title>\n<meta name=\"description\" content=\"rollup economico, rollup de 85 x 200 cm el modelo estandar y el mas vendido. Estructura de aluminio, gr\u00e1fica en impresion digital y funda de transporte\" \/>\n<meta name=\"robots\" content=\"index, follow, max-snippet:-1, max-image-preview:large, max-video-preview:-1\" \/>\n<link rel=\"canonical\" href=\"https:\/\/impresiondigitalgranformato.es\/es_es\/producto\/rollup-economico-84-x-200-cm\/\" \/>\n<meta property=\"og:locale\" content=\"es_ES\" \/>\n<meta property=\"og:type\" content=\"article\" \/>\n<meta property=\"og:title\" content=\"rollup economico - rollup 85 x 200 cm Est\u00e1ndar - Env\u00edo gratis- Los + baratos\" \/>\n<meta property=\"og:description\" content=\"rollup economico, rollup de 85 x 200 cm el modelo estandar y el mas vendido. Estructura de aluminio, gr\u00e1fica en impresion digital y funda de transporte\" \/>\n<meta property=\"og:url\" content=\"https:\/\/impresiondigitalgranformato.es\/es_es\/producto\/rollup-economico-84-x-200-cm\/\" \/>\n<meta property=\"og:site_name\" content=\"Los + baratos\" \/>\n<meta property=\"article:modified_time\" content=\"2025-07-04T16:12:45+00:00\" \/>\n<meta property=\"og:image\" content=\"http:\/\/impresiondigitalgranformato.es\/wp-content\/uploads\/2017\/10\/rollup-de-85-x-200-cm-estandar.png\" \/>\n\t<meta property=\"og:image:width\" content=\"765\" \/>\n\t<meta property=\"og:image:height\" content=\"765\" \/>\n\t<meta property=\"og:image:type\" content=\"image\/png\" \/>\n<meta name=\"twitter:card\" content=\"summary_large_image\" \/>\n<meta name=\"twitter:label1\" content=\"Tiempo de lectura\" \/>\n\t<meta name=\"twitter:data1\" content=\"3 minutos\" \/>\n<script type=\"application\/ld+json\" class=\"yoast-schema-graph\">{\"@context\":\"https:\\\/\\\/schema.org\",\"@graph\":[{\"@type\":\"WebPage\",\"@id\":\"https:\\\/\\\/impresiondigitalgranformato.es\\\/producto\\\/rollup-economico-84-x-200-cm\\\/\",\"url\":\"https:\\\/\\\/impresiondigitalgranformato.es\\\/producto\\\/rollup-economico-84-x-200-cm\\\/\",\"name\":\"rollup economico - rollup 85 x 200 cm Est\u00e1ndar - Env\u00edo gratis- Los + baratos\",\"isPartOf\":{\"@id\":\"https:\\\/\\\/impresiondigitalgranformato.es\\\/#website\"},\"primaryImageOfPage\":{\"@id\":\"https:\\\/\\\/impresiondigitalgranformato.es\\\/producto\\\/rollup-economico-84-x-200-cm\\\/#primaryimage\"},\"image\":{\"@id\":\"https:\\\/\\\/impresiondigitalgranformato.es\\\/producto\\\/rollup-economico-84-x-200-cm\\\/#primaryimage\"},\"thumbnailUrl\":\"https:\\\/\\\/i0.wp.com\\\/impresiondigitalgranformato.es\\\/wp-content\\\/uploads\\\/2017\\\/10\\\/rollup-de-85-x-200-cm-estandar.png?fit=765%2C765&ssl=1\",\"datePublished\":\"2017-10-04T17:13:12+00:00\",\"dateModified\":\"2025-07-04T16:12:45+00:00\",\"description\":\"rollup economico, rollup de 85 x 200 cm el modelo estandar y el mas vendido. Estructura de aluminio, gr\u00e1fica en impresion digital y funda de transporte\",\"breadcrumb\":{\"@id\":\"https:\\\/\\\/impresiondigitalgranformato.es\\\/producto\\\/rollup-economico-84-x-200-cm\\\/#breadcrumb\"},\"inLanguage\":\"es\",\"potentialAction\":[{\"@type\":\"ReadAction\",\"target\":[\"https:\\\/\\\/impresiondigitalgranformato.es\\\/producto\\\/rollup-economico-84-x-200-cm\\\/\"]}]},{\"@type\":\"ImageObject\",\"inLanguage\":\"es\",\"@id\":\"https:\\\/\\\/impresiondigitalgranformato.es\\\/producto\\\/rollup-economico-84-x-200-cm\\\/#primaryimage\",\"url\":\"https:\\\/\\\/i0.wp.com\\\/impresiondigitalgranformato.es\\\/wp-content\\\/uploads\\\/2017\\\/10\\\/rollup-de-85-x-200-cm-estandar.png?fit=765%2C765&ssl=1\",\"contentUrl\":\"https:\\\/\\\/i0.wp.com\\\/impresiondigitalgranformato.es\\\/wp-content\\\/uploads\\\/2017\\\/10\\\/rollup-de-85-x-200-cm-estandar.png?fit=765%2C765&ssl=1\",\"width\":765,\"height\":765,\"caption\":\"rollup estandar 85 x 200 cm\"},{\"@type\":\"BreadcrumbList\",\"@id\":\"https:\\\/\\\/impresiondigitalgranformato.es\\\/producto\\\/rollup-economico-84-x-200-cm\\\/#breadcrumb\",\"itemListElement\":[{\"@type\":\"ListItem\",\"position\":1,\"name\":\"Portada\",\"item\":\"https:\\\/\\\/impresiondigitalgranformato.es\\\/\"},{\"@type\":\"ListItem\",\"position\":2,\"name\":\"Productos\",\"item\":\"https:\\\/\\\/impresiondigitalgranformato.es\\\/venta-roll-up-banner\\\/\"},{\"@type\":\"ListItem\",\"position\":3,\"name\":\"rollup 85 x 200 cm Est\u00e1ndar\"}]},{\"@type\":\"WebSite\",\"@id\":\"https:\\\/\\\/impresiondigitalgranformato.es\\\/#website\",\"url\":\"https:\\\/\\\/impresiondigitalgranformato.es\\\/\",\"name\":\"Los + baratos\",\"description\":\"impresi\u00f3n digital gran formato venta de roll up, banner, banderas, lonas, carteles, displays, publicidad\",\"publisher\":{\"@id\":\"https:\\\/\\\/impresiondigitalgranformato.es\\\/#organization\"},\"potentialAction\":[{\"@type\":\"SearchAction\",\"target\":{\"@type\":\"EntryPoint\",\"urlTemplate\":\"https:\\\/\\\/impresiondigitalgranformato.es\\\/?s={search_term_string}\"},\"query-input\":{\"@type\":\"PropertyValueSpecification\",\"valueRequired\":true,\"valueName\":\"search_term_string\"}}],\"inLanguage\":\"es\"},{\"@type\":\"Organization\",\"@id\":\"https:\\\/\\\/impresiondigitalgranformato.es\\\/#organization\",\"name\":\"Los + baratos\",\"url\":\"https:\\\/\\\/impresiondigitalgranformato.es\\\/\",\"logo\":{\"@type\":\"ImageObject\",\"inLanguage\":\"es\",\"@id\":\"https:\\\/\\\/impresiondigitalgranformato.es\\\/#\\\/schema\\\/logo\\\/image\\\/\",\"url\":\"https:\\\/\\\/i0.wp.com\\\/impresiondigitalgranformato.es\\\/wp-content\\\/uploads\\\/2016\\\/12\\\/cropped-logotipo-2-e1483373659766.png?fit=500%2C101&ssl=1\",\"contentUrl\":\"https:\\\/\\\/i0.wp.com\\\/impresiondigitalgranformato.es\\\/wp-content\\\/uploads\\\/2016\\\/12\\\/cropped-logotipo-2-e1483373659766.png?fit=500%2C101&ssl=1\",\"width\":500,\"height\":101,\"caption\":\"Los + baratos\"},\"image\":{\"@id\":\"https:\\\/\\\/impresiondigitalgranformato.es\\\/#\\\/schema\\\/logo\\\/image\\\/\"}}]}<\/script>\n<!-- \/ Yoast SEO plugin. -->","yoast_head_json":{"title":"rollup economico - rollup 85 x 200 cm Est\u00e1ndar - Env\u00edo gratis- Los + baratos","description":"rollup economico, rollup de 85 x 200 cm el modelo estandar y el mas vendido. Estructura de aluminio, gr\u00e1fica en impresion digital y funda de transporte","robots":{"index":"index","follow":"follow","max-snippet":"max-snippet:-1","max-image-preview":"max-image-preview:large","max-video-preview":"max-video-preview:-1"},"canonical":"https:\/\/impresiondigitalgranformato.es\/es_es\/producto\/rollup-economico-84-x-200-cm\/","og_locale":"es_ES","og_type":"article","og_title":"rollup economico - rollup 85 x 200 cm Est\u00e1ndar - Env\u00edo gratis- Los + baratos","og_description":"rollup economico, rollup de 85 x 200 cm el modelo estandar y el mas vendido. Estructura de aluminio, gr\u00e1fica en impresion digital y funda de transporte","og_url":"https:\/\/impresiondigitalgranformato.es\/es_es\/producto\/rollup-economico-84-x-200-cm\/","og_site_name":"Los + baratos","article_modified_time":"2025-07-04T16:12:45+00:00","og_image":[{"width":765,"height":765,"url":"http:\/\/impresiondigitalgranformato.es\/wp-content\/uploads\/2017\/10\/rollup-de-85-x-200-cm-estandar.png","type":"image\/png"}],"twitter_card":"summary_large_image","twitter_misc":{"Tiempo de lectura":"3 minutos"},"schema":{"@context":"https:\/\/schema.org","@graph":[{"@type":"WebPage","@id":"https:\/\/impresiondigitalgranformato.es\/producto\/rollup-economico-84-x-200-cm\/","url":"https:\/\/impresiondigitalgranformato.es\/producto\/rollup-economico-84-x-200-cm\/","name":"rollup economico - rollup 85 x 200 cm Est\u00e1ndar - Env\u00edo gratis- Los + baratos","isPartOf":{"@id":"https:\/\/impresiondigitalgranformato.es\/#website"},"primaryImageOfPage":{"@id":"https:\/\/impresiondigitalgranformato.es\/producto\/rollup-economico-84-x-200-cm\/#primaryimage"},"image":{"@id":"https:\/\/impresiondigitalgranformato.es\/producto\/rollup-economico-84-x-200-cm\/#primaryimage"},"thumbnailUrl":"https:\/\/i0.wp.com\/impresiondigitalgranformato.es\/wp-content\/uploads\/2017\/10\/rollup-de-85-x-200-cm-estandar.png?fit=765%2C765&ssl=1","datePublished":"2017-10-04T17:13:12+00:00","dateModified":"2025-07-04T16:12:45+00:00","description":"rollup economico, rollup de 85 x 200 cm el modelo estandar y el mas vendido. Estructura de aluminio, gr\u00e1fica en impresion digital y funda de transporte","breadcrumb":{"@id":"https:\/\/impresiondigitalgranformato.es\/producto\/rollup-economico-84-x-200-cm\/#breadcrumb"},"inLanguage":"es","potentialAction":[{"@type":"ReadAction","target":["https:\/\/impresiondigitalgranformato.es\/producto\/rollup-economico-84-x-200-cm\/"]}]},{"@type":"ImageObject","inLanguage":"es","@id":"https:\/\/impresiondigitalgranformato.es\/producto\/rollup-economico-84-x-200-cm\/#primaryimage","url":"https:\/\/i0.wp.com\/impresiondigitalgranformato.es\/wp-content\/uploads\/2017\/10\/rollup-de-85-x-200-cm-estandar.png?fit=765%2C765&ssl=1","contentUrl":"https:\/\/i0.wp.com\/impresiondigitalgranformato.es\/wp-content\/uploads\/2017\/10\/rollup-de-85-x-200-cm-estandar.png?fit=765%2C765&ssl=1","width":765,"height":765,"caption":"rollup estandar 85 x 200 cm"},{"@type":"BreadcrumbList","@id":"https:\/\/impresiondigitalgranformato.es\/producto\/rollup-economico-84-x-200-cm\/#breadcrumb","itemListElement":[{"@type":"ListItem","position":1,"name":"Portada","item":"https:\/\/impresiondigitalgranformato.es\/"},{"@type":"ListItem","position":2,"name":"Productos","item":"https:\/\/impresiondigitalgranformato.es\/venta-roll-up-banner\/"},{"@type":"ListItem","position":3,"name":"rollup 85 x 200 cm Est\u00e1ndar"}]},{"@type":"WebSite","@id":"https:\/\/impresiondigitalgranformato.es\/#website","url":"https:\/\/impresiondigitalgranformato.es\/","name":"Los + baratos","description":"impresi\u00f3n digital gran formato venta de roll up, banner, banderas, lonas, carteles, displays, publicidad","publisher":{"@id":"https:\/\/impresiondigitalgranformato.es\/#organization"},"potentialAction":[{"@type":"SearchAction","target":{"@type":"EntryPoint","urlTemplate":"https:\/\/impresiondigitalgranformato.es\/?s={search_term_string}"},"query-input":{"@type":"PropertyValueSpecification","valueRequired":true,"valueName":"search_term_string"}}],"inLanguage":"es"},{"@type":"Organization","@id":"https:\/\/impresiondigitalgranformato.es\/#organization","name":"Los + baratos","url":"https:\/\/impresiondigitalgranformato.es\/","logo":{"@type":"ImageObject","inLanguage":"es","@id":"https:\/\/impresiondigitalgranformato.es\/#\/schema\/logo\/image\/","url":"https:\/\/i0.wp.com\/impresiondigitalgranformato.es\/wp-content\/uploads\/2016\/12\/cropped-logotipo-2-e1483373659766.png?fit=500%2C101&ssl=1","contentUrl":"https:\/\/i0.wp.com\/impresiondigitalgranformato.es\/wp-content\/uploads\/2016\/12\/cropped-logotipo-2-e1483373659766.png?fit=500%2C101&ssl=1","width":500,"height":101,"caption":"Los + baratos"},"image":{"@id":"https:\/\/impresiondigitalgranformato.es\/#\/schema\/logo\/image\/"}}]}},"jetpack_sharing_enabled":true,"_links":{"self":[{"href":"https:\/\/impresiondigitalgranformato.es\/es_es\/wp-json\/wp\/v2\/product\/1271","targetHints":{"allow":["GET"]}}],"collection":[{"href":"https:\/\/impresiondigitalgranformato.es\/es_es\/wp-json\/wp\/v2\/product"}],"about":[{"href":"https:\/\/impresiondigitalgranformato.es\/es_es\/wp-json\/wp\/v2\/types\/product"}],"replies":[{"embeddable":true,"href":"https:\/\/impresiondigitalgranformato.es\/es_es\/wp-json\/wp\/v2\/comments?post=1271"}],"wp:featuredmedia":[{"embeddable":true,"href":"https:\/\/impresiondigitalgranformato.es\/es_es\/wp-json\/wp\/v2\/media\/5376"}],"wp:attachment":[{"href":"https:\/\/impresiondigitalgranformato.es\/es_es\/wp-json\/wp\/v2\/media?parent=1271"}],"wp:term":[{"taxonomy":"product_brand","embeddable":true,"href":"https:\/\/impresiondigitalgranformato.es\/es_es\/wp-json\/wp\/v2\/product_brand?post=1271"},{"taxonomy":"product_cat","embeddable":true,"href":"https:\/\/impresiondigitalgranformato.es\/es_es\/wp-json\/wp\/v2\/product_cat?post=1271"},{"taxonomy":"product_tag","embeddable":true,"href":"https:\/\/impresiondigitalgranformato.es\/es_es\/wp-json\/wp\/v2\/product_tag?post=1271"}],"curies":[{"name":"wp","href":"https:\/\/api.w.org\/{rel}","templated":true}]}}