{"id":129,"date":"2016-12-13T19:48:39","date_gmt":"2016-12-13T18:48:39","guid":{"rendered":"http:\/\/impresiondigitalgranformato.es\/wordpress\/?post_type=product&#038;p=129"},"modified":"2025-07-04T18:42:57","modified_gmt":"2025-07-04T16:42:57","slug":"photocall-barato-170-x-200","status":"publish","type":"product","link":"https:\/\/impresiondigitalgranformato.es\/es_es\/producto\/photocall-barato-170-x-200\/","title":{"rendered":"Photocall 170 x 200 cm"},"content":{"rendered":"<p>Photocall barato de 170&#215;200 cm<\/p>\n<p>Contiene gr\u00e1fica realizada en lona de pvc de 450 gr. Fundida satinada con impresi\u00f3n digital de alta calidad y 2\u00a0Estructuras de fibra de vidrio con funda de transporte.<\/p>\n<p>Los photocall son muy importantes casi imprescindibles para cualquier evento o promoci\u00f3n de productos. Con este photocoll de 170 x 200 cm podra dar una gran publicidad para sus productos en espacios reducidos<\/p>\n<p>Photocall de f\u00e1cil montaje, le puede montar y desmotar las veces que se quiera. V\u00e9alo en nuestro <a href=\"https:\/\/youtu.be\/Nuzr8IbuDew\" target=\"_blank\" rel=\"noopener\">v\u00eddeo de montaje<\/a>, Una vez recogido le puede dejar guardado en su caja hasta su pr\u00f3ximo evento.<\/p>\n<p>Este tama\u00f1o el photocall barato de 170&#215;200 es el modelo mas peque\u00f1o y econ\u00f3mico que ofrecemos, si busca algo mas grande o necesita mas tama\u00f1o que cubrir bien por espacio o por cantidad de personas para las fotos. <a href=\"https:\/\/impresiondigitalgranformato.es\/photocall-baratos\/\">Visite nuestra galer\u00eda<\/a> donde hay mas tama\u00f1os.<\/p>\n<p><span style=\"color: #ff0000;\">DESCUENTOS POR CANTIDADES !!!<\/span><\/p>\n<p><strong>Este producto se puede entregar en 24 horas*<\/strong><\/p>\n<p data-pbs-phone-margin-bottom=\"18px\"><span style=\"color: #000080;\"><strong>Diferentes clases de env\u00edo:<\/strong><\/span><\/p>\n<p data-pbs-phone-margin-bottom=\"18px\"><strong>Producci\u00f3n y entrega en 8 d\u00edas laborales<\/strong><\/p>\n<p data-pbs-phone-margin-bottom=\"18px\"><strong>Producci\u00f3n y entrega en 4 d\u00edas laborales<\/strong><\/p>\n<p data-pbs-phone-margin-top=\"1px\"><strong>Producci\u00f3n y entrega en 2 d\u00edas laborales<\/strong><\/p>\n<p data-pbs-phone-margin-top=\"1px\"><strong>Producci\u00f3n y entrega en 1 dia laboral*<\/strong>\u00a0(este servicio es solo valido para pedidos confirmado antes de las 11:30 horas del d\u00eda en curso.)<\/p>\n","protected":false},"excerpt":{"rendered":"<p>Los photocall son muy importantes casi imprescindibles para cualquier evento o promoci\u00f3n de productos.<\/p>\n<p>Con este photocoll de 170 x 200 cm podra dar una gran publicidad para sus productos en espacios reducidos<\/p>\n<p>Incluye: Gr\u00e1fica realizada en lona y estructuras para su montaje<\/p>\n<p><span style=\"color: #ff0000;\">DESCUENTOS POR CANTIDADES !!!<\/span><\/p>\n<p><strong>Env\u00edo gratuito<\/strong>\u00a0desde la 1\u00aa unid.<\/p>\n<p>Este producto se puede entregar en 24 horas<strong>*<\/strong><\/p>\n<p><a href=\"https:\/\/impresiondigitalgranformato.es\/photocall-baratos\/\"><img loading=\"lazy\" decoding=\"async\" class=\"alignnone wp-image-12936 size-full\" src=\"http:\/\/impresiondigitalgranformato.es\/wp-content\/uploads\/2019\/09\/impresion-digital-mas-modelos.png\" alt=\"impresion digital mas modelos\" width=\"468\" height=\"61\" srcset=\"https:\/\/i0.wp.com\/impresiondigitalgranformato.es\/wp-content\/uploads\/2019\/09\/impresion-digital-mas-modelos.png?w=468&amp;ssl=1 468w, https:\/\/i0.wp.com\/impresiondigitalgranformato.es\/wp-content\/uploads\/2019\/09\/impresion-digital-mas-modelos.png?resize=100%2C13&amp;ssl=1 100w, https:\/\/i0.wp.com\/impresiondigitalgranformato.es\/wp-content\/uploads\/2019\/09\/impresion-digital-mas-modelos.png?resize=150%2C20&amp;ssl=1 150w, https:\/\/i0.wp.com\/impresiondigitalgranformato.es\/wp-content\/uploads\/2019\/09\/impresion-digital-mas-modelos.png?resize=200%2C26&amp;ssl=1 200w, https:\/\/i0.wp.com\/impresiondigitalgranformato.es\/wp-content\/uploads\/2019\/09\/impresion-digital-mas-modelos.png?resize=300%2C39&amp;ssl=1 300w, https:\/\/i0.wp.com\/impresiondigitalgranformato.es\/wp-content\/uploads\/2019\/09\/impresion-digital-mas-modelos.png?resize=450%2C59&amp;ssl=1 450w\" sizes=\"auto, (max-width: 468px) 100vw, 468px\" \/><\/a><\/p>\n","protected":false},"featured_media":1171,"comment_status":"open","ping_status":"closed","template":"","meta":[],"product_brand":[],"product_cat":[9],"product_tag":[86],"class_list":{"0":"post-129","1":"product","2":"type-product","3":"status-publish","4":"has-post-thumbnail","6":"product_cat-photocall-barato","7":"product_tag-photocall-eventos-fiestas","9":"first","10":"instock","11":"sold-individually","12":"taxable","13":"shipping-taxable","14":"purchasable","15":"product-type-simple"},"yoast_head":"<!-- This site is optimized with the Yoast SEO plugin v27.3 - https:\/\/yoast.com\/product\/yoast-seo-wordpress\/ -->\n<title>photocall barato 170x200 - Los + baratos - Envio Gratuito<\/title>\n<meta name=\"description\" content=\"Photocall barato de 170x200 cm. Con envio Gratuito desde la 1\u00aa unidad. Gr\u00e1fica realizada en lona y estructuras en X de fibra de vidrio.\" \/>\n<meta name=\"robots\" content=\"index, follow, max-snippet:-1, max-image-preview:large, max-video-preview:-1\" \/>\n<link rel=\"canonical\" href=\"https:\/\/impresiondigitalgranformato.es\/es_es\/producto\/photocall-barato-170-x-200\/\" \/>\n<meta property=\"og:locale\" content=\"es_ES\" \/>\n<meta property=\"og:type\" content=\"article\" \/>\n<meta property=\"og:title\" content=\"photocall barato 170x200 - Los + baratos - Envio Gratuito\" \/>\n<meta property=\"og:description\" content=\"Photocall barato de 170x200 cm. Con envio Gratuito desde la 1\u00aa unidad. Gr\u00e1fica realizada en lona y estructuras en X de fibra de vidrio.\" \/>\n<meta property=\"og:url\" content=\"https:\/\/impresiondigitalgranformato.es\/es_es\/producto\/photocall-barato-170-x-200\/\" \/>\n<meta property=\"og:site_name\" content=\"Los + baratos\" \/>\n<meta property=\"article:modified_time\" content=\"2025-07-04T16:42:57+00:00\" \/>\n<meta property=\"og:image\" content=\"http:\/\/impresiondigitalgranformato.es\/wp-content\/uploads\/2016\/12\/photocall-de-170-x-200.png\" \/>\n\t<meta property=\"og:image:width\" content=\"769\" \/>\n\t<meta property=\"og:image:height\" content=\"772\" \/>\n\t<meta property=\"og:image:type\" content=\"image\/png\" \/>\n<meta name=\"twitter:card\" content=\"summary_large_image\" \/>\n<meta name=\"twitter:label1\" content=\"Tiempo de lectura\" \/>\n\t<meta name=\"twitter:data1\" content=\"2 minutos\" \/>\n<script type=\"application\/ld+json\" class=\"yoast-schema-graph\">{\"@context\":\"https:\\\/\\\/schema.org\",\"@graph\":[{\"@type\":\"WebPage\",\"@id\":\"https:\\\/\\\/impresiondigitalgranformato.es\\\/producto\\\/photocall-barato-170-x-200\\\/\",\"url\":\"https:\\\/\\\/impresiondigitalgranformato.es\\\/producto\\\/photocall-barato-170-x-200\\\/\",\"name\":\"photocall barato 170x200 - Los + baratos - Envio Gratuito\",\"isPartOf\":{\"@id\":\"https:\\\/\\\/impresiondigitalgranformato.es\\\/#website\"},\"primaryImageOfPage\":{\"@id\":\"https:\\\/\\\/impresiondigitalgranformato.es\\\/producto\\\/photocall-barato-170-x-200\\\/#primaryimage\"},\"image\":{\"@id\":\"https:\\\/\\\/impresiondigitalgranformato.es\\\/producto\\\/photocall-barato-170-x-200\\\/#primaryimage\"},\"thumbnailUrl\":\"https:\\\/\\\/i0.wp.com\\\/impresiondigitalgranformato.es\\\/wp-content\\\/uploads\\\/2016\\\/12\\\/photocall-de-170-x-200.png?fit=769%2C772&ssl=1\",\"datePublished\":\"2016-12-13T18:48:39+00:00\",\"dateModified\":\"2025-07-04T16:42:57+00:00\",\"description\":\"Photocall barato de 170x200 cm. Con envio Gratuito desde la 1\u00aa unidad. Gr\u00e1fica realizada en lona y estructuras en X de fibra de vidrio.\",\"breadcrumb\":{\"@id\":\"https:\\\/\\\/impresiondigitalgranformato.es\\\/producto\\\/photocall-barato-170-x-200\\\/#breadcrumb\"},\"inLanguage\":\"es\",\"potentialAction\":[{\"@type\":\"ReadAction\",\"target\":[\"https:\\\/\\\/impresiondigitalgranformato.es\\\/producto\\\/photocall-barato-170-x-200\\\/\"]}]},{\"@type\":\"ImageObject\",\"inLanguage\":\"es\",\"@id\":\"https:\\\/\\\/impresiondigitalgranformato.es\\\/producto\\\/photocall-barato-170-x-200\\\/#primaryimage\",\"url\":\"https:\\\/\\\/i0.wp.com\\\/impresiondigitalgranformato.es\\\/wp-content\\\/uploads\\\/2016\\\/12\\\/photocall-de-170-x-200.png?fit=769%2C772&ssl=1\",\"contentUrl\":\"https:\\\/\\\/i0.wp.com\\\/impresiondigitalgranformato.es\\\/wp-content\\\/uploads\\\/2016\\\/12\\\/photocall-de-170-x-200.png?fit=769%2C772&ssl=1\",\"width\":769,\"height\":772,\"caption\":\"photocall barato 170x200\"},{\"@type\":\"BreadcrumbList\",\"@id\":\"https:\\\/\\\/impresiondigitalgranformato.es\\\/producto\\\/photocall-barato-170-x-200\\\/#breadcrumb\",\"itemListElement\":[{\"@type\":\"ListItem\",\"position\":1,\"name\":\"Portada\",\"item\":\"https:\\\/\\\/impresiondigitalgranformato.es\\\/\"},{\"@type\":\"ListItem\",\"position\":2,\"name\":\"Productos\",\"item\":\"https:\\\/\\\/impresiondigitalgranformato.es\\\/venta-roll-up-banner\\\/\"},{\"@type\":\"ListItem\",\"position\":3,\"name\":\"Photocall 170 x 200 cm\"}]},{\"@type\":\"WebSite\",\"@id\":\"https:\\\/\\\/impresiondigitalgranformato.es\\\/#website\",\"url\":\"https:\\\/\\\/impresiondigitalgranformato.es\\\/\",\"name\":\"Los + baratos\",\"description\":\"impresi\u00f3n digital gran formato venta de roll up, banner, banderas, lonas, carteles, displays, publicidad\",\"publisher\":{\"@id\":\"https:\\\/\\\/impresiondigitalgranformato.es\\\/#organization\"},\"potentialAction\":[{\"@type\":\"SearchAction\",\"target\":{\"@type\":\"EntryPoint\",\"urlTemplate\":\"https:\\\/\\\/impresiondigitalgranformato.es\\\/?s={search_term_string}\"},\"query-input\":{\"@type\":\"PropertyValueSpecification\",\"valueRequired\":true,\"valueName\":\"search_term_string\"}}],\"inLanguage\":\"es\"},{\"@type\":\"Organization\",\"@id\":\"https:\\\/\\\/impresiondigitalgranformato.es\\\/#organization\",\"name\":\"Los + baratos\",\"url\":\"https:\\\/\\\/impresiondigitalgranformato.es\\\/\",\"logo\":{\"@type\":\"ImageObject\",\"inLanguage\":\"es\",\"@id\":\"https:\\\/\\\/impresiondigitalgranformato.es\\\/#\\\/schema\\\/logo\\\/image\\\/\",\"url\":\"https:\\\/\\\/i0.wp.com\\\/impresiondigitalgranformato.es\\\/wp-content\\\/uploads\\\/2016\\\/12\\\/cropped-logotipo-2-e1483373659766.png?fit=500%2C101&ssl=1\",\"contentUrl\":\"https:\\\/\\\/i0.wp.com\\\/impresiondigitalgranformato.es\\\/wp-content\\\/uploads\\\/2016\\\/12\\\/cropped-logotipo-2-e1483373659766.png?fit=500%2C101&ssl=1\",\"width\":500,\"height\":101,\"caption\":\"Los + baratos\"},\"image\":{\"@id\":\"https:\\\/\\\/impresiondigitalgranformato.es\\\/#\\\/schema\\\/logo\\\/image\\\/\"}}]}<\/script>\n<!-- \/ Yoast SEO plugin. -->","yoast_head_json":{"title":"photocall barato 170x200 - Los + baratos - Envio Gratuito","description":"Photocall barato de 170x200 cm. Con envio Gratuito desde la 1\u00aa unidad. Gr\u00e1fica realizada en lona y estructuras en X de fibra de vidrio.","robots":{"index":"index","follow":"follow","max-snippet":"max-snippet:-1","max-image-preview":"max-image-preview:large","max-video-preview":"max-video-preview:-1"},"canonical":"https:\/\/impresiondigitalgranformato.es\/es_es\/producto\/photocall-barato-170-x-200\/","og_locale":"es_ES","og_type":"article","og_title":"photocall barato 170x200 - Los + baratos - Envio Gratuito","og_description":"Photocall barato de 170x200 cm. Con envio Gratuito desde la 1\u00aa unidad. Gr\u00e1fica realizada en lona y estructuras en X de fibra de vidrio.","og_url":"https:\/\/impresiondigitalgranformato.es\/es_es\/producto\/photocall-barato-170-x-200\/","og_site_name":"Los + baratos","article_modified_time":"2025-07-04T16:42:57+00:00","og_image":[{"width":769,"height":772,"url":"http:\/\/impresiondigitalgranformato.es\/wp-content\/uploads\/2016\/12\/photocall-de-170-x-200.png","type":"image\/png"}],"twitter_card":"summary_large_image","twitter_misc":{"Tiempo de lectura":"2 minutos"},"schema":{"@context":"https:\/\/schema.org","@graph":[{"@type":"WebPage","@id":"https:\/\/impresiondigitalgranformato.es\/producto\/photocall-barato-170-x-200\/","url":"https:\/\/impresiondigitalgranformato.es\/producto\/photocall-barato-170-x-200\/","name":"photocall barato 170x200 - Los + baratos - Envio Gratuito","isPartOf":{"@id":"https:\/\/impresiondigitalgranformato.es\/#website"},"primaryImageOfPage":{"@id":"https:\/\/impresiondigitalgranformato.es\/producto\/photocall-barato-170-x-200\/#primaryimage"},"image":{"@id":"https:\/\/impresiondigitalgranformato.es\/producto\/photocall-barato-170-x-200\/#primaryimage"},"thumbnailUrl":"https:\/\/i0.wp.com\/impresiondigitalgranformato.es\/wp-content\/uploads\/2016\/12\/photocall-de-170-x-200.png?fit=769%2C772&ssl=1","datePublished":"2016-12-13T18:48:39+00:00","dateModified":"2025-07-04T16:42:57+00:00","description":"Photocall barato de 170x200 cm. Con envio Gratuito desde la 1\u00aa unidad. Gr\u00e1fica realizada en lona y estructuras en X de fibra de vidrio.","breadcrumb":{"@id":"https:\/\/impresiondigitalgranformato.es\/producto\/photocall-barato-170-x-200\/#breadcrumb"},"inLanguage":"es","potentialAction":[{"@type":"ReadAction","target":["https:\/\/impresiondigitalgranformato.es\/producto\/photocall-barato-170-x-200\/"]}]},{"@type":"ImageObject","inLanguage":"es","@id":"https:\/\/impresiondigitalgranformato.es\/producto\/photocall-barato-170-x-200\/#primaryimage","url":"https:\/\/i0.wp.com\/impresiondigitalgranformato.es\/wp-content\/uploads\/2016\/12\/photocall-de-170-x-200.png?fit=769%2C772&ssl=1","contentUrl":"https:\/\/i0.wp.com\/impresiondigitalgranformato.es\/wp-content\/uploads\/2016\/12\/photocall-de-170-x-200.png?fit=769%2C772&ssl=1","width":769,"height":772,"caption":"photocall barato 170x200"},{"@type":"BreadcrumbList","@id":"https:\/\/impresiondigitalgranformato.es\/producto\/photocall-barato-170-x-200\/#breadcrumb","itemListElement":[{"@type":"ListItem","position":1,"name":"Portada","item":"https:\/\/impresiondigitalgranformato.es\/"},{"@type":"ListItem","position":2,"name":"Productos","item":"https:\/\/impresiondigitalgranformato.es\/venta-roll-up-banner\/"},{"@type":"ListItem","position":3,"name":"Photocall 170 x 200 cm"}]},{"@type":"WebSite","@id":"https:\/\/impresiondigitalgranformato.es\/#website","url":"https:\/\/impresiondigitalgranformato.es\/","name":"Los + baratos","description":"impresi\u00f3n digital gran formato venta de roll up, banner, banderas, lonas, carteles, displays, publicidad","publisher":{"@id":"https:\/\/impresiondigitalgranformato.es\/#organization"},"potentialAction":[{"@type":"SearchAction","target":{"@type":"EntryPoint","urlTemplate":"https:\/\/impresiondigitalgranformato.es\/?s={search_term_string}"},"query-input":{"@type":"PropertyValueSpecification","valueRequired":true,"valueName":"search_term_string"}}],"inLanguage":"es"},{"@type":"Organization","@id":"https:\/\/impresiondigitalgranformato.es\/#organization","name":"Los + baratos","url":"https:\/\/impresiondigitalgranformato.es\/","logo":{"@type":"ImageObject","inLanguage":"es","@id":"https:\/\/impresiondigitalgranformato.es\/#\/schema\/logo\/image\/","url":"https:\/\/i0.wp.com\/impresiondigitalgranformato.es\/wp-content\/uploads\/2016\/12\/cropped-logotipo-2-e1483373659766.png?fit=500%2C101&ssl=1","contentUrl":"https:\/\/i0.wp.com\/impresiondigitalgranformato.es\/wp-content\/uploads\/2016\/12\/cropped-logotipo-2-e1483373659766.png?fit=500%2C101&ssl=1","width":500,"height":101,"caption":"Los + baratos"},"image":{"@id":"https:\/\/impresiondigitalgranformato.es\/#\/schema\/logo\/image\/"}}]}},"jetpack_sharing_enabled":true,"_links":{"self":[{"href":"https:\/\/impresiondigitalgranformato.es\/es_es\/wp-json\/wp\/v2\/product\/129","targetHints":{"allow":["GET"]}}],"collection":[{"href":"https:\/\/impresiondigitalgranformato.es\/es_es\/wp-json\/wp\/v2\/product"}],"about":[{"href":"https:\/\/impresiondigitalgranformato.es\/es_es\/wp-json\/wp\/v2\/types\/product"}],"replies":[{"embeddable":true,"href":"https:\/\/impresiondigitalgranformato.es\/es_es\/wp-json\/wp\/v2\/comments?post=129"}],"wp:featuredmedia":[{"embeddable":true,"href":"https:\/\/impresiondigitalgranformato.es\/es_es\/wp-json\/wp\/v2\/media\/1171"}],"wp:attachment":[{"href":"https:\/\/impresiondigitalgranformato.es\/es_es\/wp-json\/wp\/v2\/media?parent=129"}],"wp:term":[{"taxonomy":"product_brand","embeddable":true,"href":"https:\/\/impresiondigitalgranformato.es\/es_es\/wp-json\/wp\/v2\/product_brand?post=129"},{"taxonomy":"product_cat","embeddable":true,"href":"https:\/\/impresiondigitalgranformato.es\/es_es\/wp-json\/wp\/v2\/product_cat?post=129"},{"taxonomy":"product_tag","embeddable":true,"href":"https:\/\/impresiondigitalgranformato.es\/es_es\/wp-json\/wp\/v2\/product_tag?post=129"}],"curies":[{"name":"wp","href":"https:\/\/api.w.org\/{rel}","templated":true}]}}