{"id":1294,"date":"2017-10-09T18:50:28","date_gmt":"2017-10-09T16:50:28","guid":{"rendered":"http:\/\/impresiondigitalgranformato.es\/?post_type=product&#038;p=1294"},"modified":"2025-07-04T18:23:07","modified_gmt":"2025-07-04T16:23:07","slug":"roll-up-de-60-x-200-cm","status":"publish","type":"product","link":"https:\/\/impresiondigitalgranformato.es\/es_es\/producto\/roll-up-de-60-x-200-cm\/","title":{"rendered":"roll up de 60 x 200 cm"},"content":{"rendered":"<h1><span style=\"color: #003366;\">Roll up de 60 x 200 cm.<\/span><\/h1>\n<p>La estructura del roll up de 60 x 200 cm esta fabricada en aluminio.<\/p>\n<p>La gr\u00e1fica del rollup se realiza en impresi\u00f3n digital sobre lona de pvc fundida de 450 gr.<\/p>\n<p>Incluye funda de transporte de nyl\u00f3n.<\/p>\n<p>Roll up estrecho para zonas con poco espacio como entradas, pasillos, salas de espera&#8230;<\/p>\n<p>La gr\u00e1fica del enrollable tiene un tama\u00f1o de 60 cm de ancho por un alto de 200 cm y ya <strong>se entrega montada en el roll up<\/strong><\/p>\n<p>Dentro de la gama de los roll ups de 60 cm de ancho disponemos de este modelo de 200 cm de altura y del modelo de rollup peque\u00f1o que es un poco mas bajo, de un <a href=\"https:\/\/impresiondigitalgranformato.es\/producto\/rollup-pequeno-60x160\/\">tama\u00f1o de 60 x 160 cm<\/a><\/p>\n<p><span style=\"color: #ff0000;\">DESCUENTOS POR CANTIDADES !!!<\/span><\/p>\n<p>Este producto se puede entregar en 24 horas*<\/p>\n<p><strong>Env\u00edo gratuito desde la 1\u00aa unidad.<\/strong><\/p>\n<p>&nbsp;<\/p>\n<h3><span style=\"color: #ff9900;\">El modelo de estructura de roll up est\u00e1ndar es el m\u00e1s vendido.<\/span><\/h3>\n<p>La estructura del roll ap es de aluminio, la gr\u00e1fica es de lona de pvc fundido satinada de 450 gr\/m2, la impresi\u00f3n de los roll ups se realiza en impresi\u00f3n digital gran formato de alta calidad adem\u00e1s incluye funda de nyl\u00f3n negro para el transporte. Todo esto hace que estos rollups baratos sean la mejor opci\u00f3n a la hora de comprar displays publicitarios. Ya que en publicidad tienen la mejor relaci\u00f3n calidad\/precio.<\/p>\n<p>Este modelo de roll up barato es muy vendido para grandes promociones o proyectos con necesidad de comprar roll ups en grandes cantidades. Ya que este tipo de estructuras de roll ups tienen <strong>las 3 B<\/strong>: roll up bueno, roll up bonito y roll up barato.<\/p>\n<h3><span style=\"color: #ff9900;\">Quienes compran el roll up 60 x 200 cm\u00a0<\/span><\/h3>\n<p>El tama\u00f1o de rollup 60&#215;200 cm. Se utiliza en diversos sectores empresariales y culturales que necesiten hacer publicidad de sus productos o servicios. Este rollup es muy utilizado para publicidad en ferreter\u00edas, promoci\u00f3n de productos de est\u00e9tica con roll aps en peluquer\u00edas, ofertas de la carta colocando el rollap en la puerta de restaurantes, roll ap para tiendas de deporte indicando la secci\u00f3n del material, tambi\u00e9n se coloca este modelo en las entradas de eventos culturales como teatros, conciertos, exposiciones, reuniones &#8230;<\/p>\n","protected":false},"excerpt":{"rendered":"<p>Roll up 60 x 200 cm. Modelo estrecho para zonas con poco espacio como entradas y pasillos.<\/p>\n<p>La estructura del rollup esta fabricada en aluminio e incluye bolsa de transporte de nyl\u00f3n.<\/p>\n<p>La gr\u00e1fica del enrollable es de un tama\u00f1o de 60 cm de ancho por un alto de 200 cm esta fabricada en impresi\u00f3n digital a todo color sobre lona de pvc de 450 gr. fundida satinada<\/p>\n<p><span style=\"color: #ff0000;\">DESCUENTOS POR CANTIDADES !!!\u00a0<\/span><\/p>\n<p><strong>Env\u00edo gratuito<\/strong>\u00a0desde la 1\u00aa unid.<\/p>\n<p>Este producto se puede entregar en 24 horas<strong>*<\/strong><\/p>\n<p><a href=\"https:\/\/impresiondigitalgranformato.es\/roll-up\/\"><img loading=\"lazy\" decoding=\"async\" class=\"alignnone wp-image-12936 size-full\" src=\"https:\/\/impresiondigitalgranformato.es\/wp-content\/uploads\/2019\/09\/impresion-digital-mas-modelos.png\" alt=\"impresion digital mas modelos\" width=\"468\" height=\"61\" srcset=\"https:\/\/i0.wp.com\/impresiondigitalgranformato.es\/wp-content\/uploads\/2019\/09\/impresion-digital-mas-modelos.png?w=468&amp;ssl=1 468w, https:\/\/i0.wp.com\/impresiondigitalgranformato.es\/wp-content\/uploads\/2019\/09\/impresion-digital-mas-modelos.png?resize=100%2C13&amp;ssl=1 100w, https:\/\/i0.wp.com\/impresiondigitalgranformato.es\/wp-content\/uploads\/2019\/09\/impresion-digital-mas-modelos.png?resize=150%2C20&amp;ssl=1 150w, https:\/\/i0.wp.com\/impresiondigitalgranformato.es\/wp-content\/uploads\/2019\/09\/impresion-digital-mas-modelos.png?resize=200%2C26&amp;ssl=1 200w, https:\/\/i0.wp.com\/impresiondigitalgranformato.es\/wp-content\/uploads\/2019\/09\/impresion-digital-mas-modelos.png?resize=300%2C39&amp;ssl=1 300w, https:\/\/i0.wp.com\/impresiondigitalgranformato.es\/wp-content\/uploads\/2019\/09\/impresion-digital-mas-modelos.png?resize=450%2C59&amp;ssl=1 450w\" sizes=\"auto, (max-width: 468px) 100vw, 468px\" \/><\/a><\/p>\n","protected":false},"featured_media":12989,"comment_status":"open","ping_status":"closed","template":"","meta":[],"product_brand":[],"product_cat":[78,24],"product_tag":[],"class_list":{"0":"post-1294","1":"product","2":"type-product","3":"status-publish","4":"has-post-thumbnail","6":"product_cat-rollup-banner-photocall-carteles-lona-impresion-economicos","7":"product_cat-roll-up-baratos","9":"first","10":"instock","11":"sold-individually","12":"taxable","13":"shipping-taxable","14":"purchasable","15":"product-type-simple"},"yoast_head":"<!-- This site is optimized with the Yoast SEO plugin v27.3 - https:\/\/yoast.com\/product\/yoast-seo-wordpress\/ -->\n<title>Roll up 60 x 200 cm - Los + baratos - Desde 27 \u20ac con envio gratuito<\/title>\n<meta name=\"description\" content=\"Roll up de 60 x 200 cm. Estructura de aluminio y gr\u00e1fica realizada en impresion digital sobre lona. Env\u00edo gratis desde la primera unidad\" \/>\n<meta name=\"robots\" content=\"index, follow, max-snippet:-1, max-image-preview:large, max-video-preview:-1\" \/>\n<link rel=\"canonical\" href=\"https:\/\/impresiondigitalgranformato.es\/es_es\/producto\/roll-up-de-60-x-200-cm\/\" \/>\n<meta property=\"og:locale\" content=\"es_ES\" \/>\n<meta property=\"og:type\" content=\"article\" \/>\n<meta property=\"og:title\" content=\"Roll up 60 x 200 cm - Los + baratos - Desde 27 \u20ac con envio gratuito\" \/>\n<meta property=\"og:description\" content=\"Roll up de 60 x 200 cm. Estructura de aluminio y gr\u00e1fica realizada en impresion digital sobre lona. Env\u00edo gratis desde la primera unidad\" \/>\n<meta property=\"og:url\" content=\"https:\/\/impresiondigitalgranformato.es\/es_es\/producto\/roll-up-de-60-x-200-cm\/\" \/>\n<meta property=\"og:site_name\" content=\"Los + baratos\" \/>\n<meta property=\"article:modified_time\" content=\"2025-07-04T16:23:07+00:00\" \/>\n<meta property=\"og:image\" content=\"http:\/\/impresiondigitalgranformato.es\/wp-content\/uploads\/2017\/10\/roll-up-60-x-200-cm.jpg\" \/>\n\t<meta property=\"og:image:width\" content=\"946\" \/>\n\t<meta property=\"og:image:height\" content=\"946\" \/>\n\t<meta property=\"og:image:type\" content=\"image\/jpeg\" \/>\n<meta name=\"twitter:card\" content=\"summary_large_image\" \/>\n<meta name=\"twitter:label1\" content=\"Tiempo de lectura\" \/>\n\t<meta name=\"twitter:data1\" content=\"2 minutos\" \/>\n<script type=\"application\/ld+json\" class=\"yoast-schema-graph\">{\"@context\":\"https:\\\/\\\/schema.org\",\"@graph\":[{\"@type\":\"WebPage\",\"@id\":\"https:\\\/\\\/impresiondigitalgranformato.es\\\/producto\\\/roll-up-de-60-x-200-cm\\\/\",\"url\":\"https:\\\/\\\/impresiondigitalgranformato.es\\\/producto\\\/roll-up-de-60-x-200-cm\\\/\",\"name\":\"Roll up 60 x 200 cm - Los + baratos - Desde 27 \u20ac con envio gratuito\",\"isPartOf\":{\"@id\":\"https:\\\/\\\/impresiondigitalgranformato.es\\\/#website\"},\"primaryImageOfPage\":{\"@id\":\"https:\\\/\\\/impresiondigitalgranformato.es\\\/producto\\\/roll-up-de-60-x-200-cm\\\/#primaryimage\"},\"image\":{\"@id\":\"https:\\\/\\\/impresiondigitalgranformato.es\\\/producto\\\/roll-up-de-60-x-200-cm\\\/#primaryimage\"},\"thumbnailUrl\":\"https:\\\/\\\/i0.wp.com\\\/impresiondigitalgranformato.es\\\/wp-content\\\/uploads\\\/2017\\\/10\\\/roll-up-60-x-200-cm.jpg?fit=946%2C946&ssl=1\",\"datePublished\":\"2017-10-09T16:50:28+00:00\",\"dateModified\":\"2025-07-04T16:23:07+00:00\",\"description\":\"Roll up de 60 x 200 cm. Estructura de aluminio y gr\u00e1fica realizada en impresion digital sobre lona. Env\u00edo gratis desde la primera unidad\",\"breadcrumb\":{\"@id\":\"https:\\\/\\\/impresiondigitalgranformato.es\\\/producto\\\/roll-up-de-60-x-200-cm\\\/#breadcrumb\"},\"inLanguage\":\"es\",\"potentialAction\":[{\"@type\":\"ReadAction\",\"target\":[\"https:\\\/\\\/impresiondigitalgranformato.es\\\/producto\\\/roll-up-de-60-x-200-cm\\\/\"]}]},{\"@type\":\"ImageObject\",\"inLanguage\":\"es\",\"@id\":\"https:\\\/\\\/impresiondigitalgranformato.es\\\/producto\\\/roll-up-de-60-x-200-cm\\\/#primaryimage\",\"url\":\"https:\\\/\\\/i0.wp.com\\\/impresiondigitalgranformato.es\\\/wp-content\\\/uploads\\\/2017\\\/10\\\/roll-up-60-x-200-cm.jpg?fit=946%2C946&ssl=1\",\"contentUrl\":\"https:\\\/\\\/i0.wp.com\\\/impresiondigitalgranformato.es\\\/wp-content\\\/uploads\\\/2017\\\/10\\\/roll-up-60-x-200-cm.jpg?fit=946%2C946&ssl=1\",\"width\":946,\"height\":946,\"caption\":\"roll up 60 x 200\"},{\"@type\":\"BreadcrumbList\",\"@id\":\"https:\\\/\\\/impresiondigitalgranformato.es\\\/producto\\\/roll-up-de-60-x-200-cm\\\/#breadcrumb\",\"itemListElement\":[{\"@type\":\"ListItem\",\"position\":1,\"name\":\"Portada\",\"item\":\"https:\\\/\\\/impresiondigitalgranformato.es\\\/\"},{\"@type\":\"ListItem\",\"position\":2,\"name\":\"Productos\",\"item\":\"https:\\\/\\\/impresiondigitalgranformato.es\\\/venta-roll-up-banner\\\/\"},{\"@type\":\"ListItem\",\"position\":3,\"name\":\"roll up de 60 x 200 cm\"}]},{\"@type\":\"WebSite\",\"@id\":\"https:\\\/\\\/impresiondigitalgranformato.es\\\/#website\",\"url\":\"https:\\\/\\\/impresiondigitalgranformato.es\\\/\",\"name\":\"Los + baratos\",\"description\":\"impresi\u00f3n digital gran formato venta de roll up, banner, banderas, lonas, carteles, displays, publicidad\",\"publisher\":{\"@id\":\"https:\\\/\\\/impresiondigitalgranformato.es\\\/#organization\"},\"potentialAction\":[{\"@type\":\"SearchAction\",\"target\":{\"@type\":\"EntryPoint\",\"urlTemplate\":\"https:\\\/\\\/impresiondigitalgranformato.es\\\/?s={search_term_string}\"},\"query-input\":{\"@type\":\"PropertyValueSpecification\",\"valueRequired\":true,\"valueName\":\"search_term_string\"}}],\"inLanguage\":\"es\"},{\"@type\":\"Organization\",\"@id\":\"https:\\\/\\\/impresiondigitalgranformato.es\\\/#organization\",\"name\":\"Los + baratos\",\"url\":\"https:\\\/\\\/impresiondigitalgranformato.es\\\/\",\"logo\":{\"@type\":\"ImageObject\",\"inLanguage\":\"es\",\"@id\":\"https:\\\/\\\/impresiondigitalgranformato.es\\\/#\\\/schema\\\/logo\\\/image\\\/\",\"url\":\"https:\\\/\\\/i0.wp.com\\\/impresiondigitalgranformato.es\\\/wp-content\\\/uploads\\\/2016\\\/12\\\/cropped-logotipo-2-e1483373659766.png?fit=500%2C101&ssl=1\",\"contentUrl\":\"https:\\\/\\\/i0.wp.com\\\/impresiondigitalgranformato.es\\\/wp-content\\\/uploads\\\/2016\\\/12\\\/cropped-logotipo-2-e1483373659766.png?fit=500%2C101&ssl=1\",\"width\":500,\"height\":101,\"caption\":\"Los + baratos\"},\"image\":{\"@id\":\"https:\\\/\\\/impresiondigitalgranformato.es\\\/#\\\/schema\\\/logo\\\/image\\\/\"}}]}<\/script>\n<!-- \/ Yoast SEO plugin. -->","yoast_head_json":{"title":"Roll up 60 x 200 cm - Los + baratos - Desde 27 \u20ac con envio gratuito","description":"Roll up de 60 x 200 cm. Estructura de aluminio y gr\u00e1fica realizada en impresion digital sobre lona. Env\u00edo gratis desde la primera unidad","robots":{"index":"index","follow":"follow","max-snippet":"max-snippet:-1","max-image-preview":"max-image-preview:large","max-video-preview":"max-video-preview:-1"},"canonical":"https:\/\/impresiondigitalgranformato.es\/es_es\/producto\/roll-up-de-60-x-200-cm\/","og_locale":"es_ES","og_type":"article","og_title":"Roll up 60 x 200 cm - Los + baratos - Desde 27 \u20ac con envio gratuito","og_description":"Roll up de 60 x 200 cm. Estructura de aluminio y gr\u00e1fica realizada en impresion digital sobre lona. Env\u00edo gratis desde la primera unidad","og_url":"https:\/\/impresiondigitalgranformato.es\/es_es\/producto\/roll-up-de-60-x-200-cm\/","og_site_name":"Los + baratos","article_modified_time":"2025-07-04T16:23:07+00:00","og_image":[{"width":946,"height":946,"url":"http:\/\/impresiondigitalgranformato.es\/wp-content\/uploads\/2017\/10\/roll-up-60-x-200-cm.jpg","type":"image\/jpeg"}],"twitter_card":"summary_large_image","twitter_misc":{"Tiempo de lectura":"2 minutos"},"schema":{"@context":"https:\/\/schema.org","@graph":[{"@type":"WebPage","@id":"https:\/\/impresiondigitalgranformato.es\/producto\/roll-up-de-60-x-200-cm\/","url":"https:\/\/impresiondigitalgranformato.es\/producto\/roll-up-de-60-x-200-cm\/","name":"Roll up 60 x 200 cm - Los + baratos - Desde 27 \u20ac con envio gratuito","isPartOf":{"@id":"https:\/\/impresiondigitalgranformato.es\/#website"},"primaryImageOfPage":{"@id":"https:\/\/impresiondigitalgranformato.es\/producto\/roll-up-de-60-x-200-cm\/#primaryimage"},"image":{"@id":"https:\/\/impresiondigitalgranformato.es\/producto\/roll-up-de-60-x-200-cm\/#primaryimage"},"thumbnailUrl":"https:\/\/i0.wp.com\/impresiondigitalgranformato.es\/wp-content\/uploads\/2017\/10\/roll-up-60-x-200-cm.jpg?fit=946%2C946&ssl=1","datePublished":"2017-10-09T16:50:28+00:00","dateModified":"2025-07-04T16:23:07+00:00","description":"Roll up de 60 x 200 cm. Estructura de aluminio y gr\u00e1fica realizada en impresion digital sobre lona. Env\u00edo gratis desde la primera unidad","breadcrumb":{"@id":"https:\/\/impresiondigitalgranformato.es\/producto\/roll-up-de-60-x-200-cm\/#breadcrumb"},"inLanguage":"es","potentialAction":[{"@type":"ReadAction","target":["https:\/\/impresiondigitalgranformato.es\/producto\/roll-up-de-60-x-200-cm\/"]}]},{"@type":"ImageObject","inLanguage":"es","@id":"https:\/\/impresiondigitalgranformato.es\/producto\/roll-up-de-60-x-200-cm\/#primaryimage","url":"https:\/\/i0.wp.com\/impresiondigitalgranformato.es\/wp-content\/uploads\/2017\/10\/roll-up-60-x-200-cm.jpg?fit=946%2C946&ssl=1","contentUrl":"https:\/\/i0.wp.com\/impresiondigitalgranformato.es\/wp-content\/uploads\/2017\/10\/roll-up-60-x-200-cm.jpg?fit=946%2C946&ssl=1","width":946,"height":946,"caption":"roll up 60 x 200"},{"@type":"BreadcrumbList","@id":"https:\/\/impresiondigitalgranformato.es\/producto\/roll-up-de-60-x-200-cm\/#breadcrumb","itemListElement":[{"@type":"ListItem","position":1,"name":"Portada","item":"https:\/\/impresiondigitalgranformato.es\/"},{"@type":"ListItem","position":2,"name":"Productos","item":"https:\/\/impresiondigitalgranformato.es\/venta-roll-up-banner\/"},{"@type":"ListItem","position":3,"name":"roll up de 60 x 200 cm"}]},{"@type":"WebSite","@id":"https:\/\/impresiondigitalgranformato.es\/#website","url":"https:\/\/impresiondigitalgranformato.es\/","name":"Los + baratos","description":"impresi\u00f3n digital gran formato venta de roll up, banner, banderas, lonas, carteles, displays, publicidad","publisher":{"@id":"https:\/\/impresiondigitalgranformato.es\/#organization"},"potentialAction":[{"@type":"SearchAction","target":{"@type":"EntryPoint","urlTemplate":"https:\/\/impresiondigitalgranformato.es\/?s={search_term_string}"},"query-input":{"@type":"PropertyValueSpecification","valueRequired":true,"valueName":"search_term_string"}}],"inLanguage":"es"},{"@type":"Organization","@id":"https:\/\/impresiondigitalgranformato.es\/#organization","name":"Los + baratos","url":"https:\/\/impresiondigitalgranformato.es\/","logo":{"@type":"ImageObject","inLanguage":"es","@id":"https:\/\/impresiondigitalgranformato.es\/#\/schema\/logo\/image\/","url":"https:\/\/i0.wp.com\/impresiondigitalgranformato.es\/wp-content\/uploads\/2016\/12\/cropped-logotipo-2-e1483373659766.png?fit=500%2C101&ssl=1","contentUrl":"https:\/\/i0.wp.com\/impresiondigitalgranformato.es\/wp-content\/uploads\/2016\/12\/cropped-logotipo-2-e1483373659766.png?fit=500%2C101&ssl=1","width":500,"height":101,"caption":"Los + baratos"},"image":{"@id":"https:\/\/impresiondigitalgranformato.es\/#\/schema\/logo\/image\/"}}]}},"jetpack_sharing_enabled":true,"_links":{"self":[{"href":"https:\/\/impresiondigitalgranformato.es\/es_es\/wp-json\/wp\/v2\/product\/1294","targetHints":{"allow":["GET"]}}],"collection":[{"href":"https:\/\/impresiondigitalgranformato.es\/es_es\/wp-json\/wp\/v2\/product"}],"about":[{"href":"https:\/\/impresiondigitalgranformato.es\/es_es\/wp-json\/wp\/v2\/types\/product"}],"replies":[{"embeddable":true,"href":"https:\/\/impresiondigitalgranformato.es\/es_es\/wp-json\/wp\/v2\/comments?post=1294"}],"wp:featuredmedia":[{"embeddable":true,"href":"https:\/\/impresiondigitalgranformato.es\/es_es\/wp-json\/wp\/v2\/media\/12989"}],"wp:attachment":[{"href":"https:\/\/impresiondigitalgranformato.es\/es_es\/wp-json\/wp\/v2\/media?parent=1294"}],"wp:term":[{"taxonomy":"product_brand","embeddable":true,"href":"https:\/\/impresiondigitalgranformato.es\/es_es\/wp-json\/wp\/v2\/product_brand?post=1294"},{"taxonomy":"product_cat","embeddable":true,"href":"https:\/\/impresiondigitalgranformato.es\/es_es\/wp-json\/wp\/v2\/product_cat?post=1294"},{"taxonomy":"product_tag","embeddable":true,"href":"https:\/\/impresiondigitalgranformato.es\/es_es\/wp-json\/wp\/v2\/product_tag?post=1294"}],"curies":[{"name":"wp","href":"https:\/\/api.w.org\/{rel}","templated":true}]}}