{"id":13000,"date":"2020-07-14T19:42:48","date_gmt":"2020-07-14T17:42:48","guid":{"rendered":"http:\/\/impresiondigitalgranformato.es\/?post_type=product&#038;p=13000"},"modified":"2025-07-04T18:16:17","modified_gmt":"2025-07-04T16:16:17","slug":"cartel-para-roll-up","status":"publish","type":"product","link":"https:\/\/impresiondigitalgranformato.es\/es_es\/producto\/cartel-para-roll-up\/","title":{"rendered":"Cartel para Roll up"},"content":{"rendered":"<h1><span style=\"color: #003366;\">Cartel para roll up.<\/span><\/h1>\n<p>Con este cartel para roll up<strong> podr\u00e1 aprovechar las estructuras de los roll ups con otra publicidad.<\/strong><\/p>\n<p>Realizamos la gr\u00e1fica del rollup en lona de pvc fundida satinada de 450 gr.<\/p>\n<p>Con grabaci\u00f3n en impresi\u00f3n digital de alta calidad<\/p>\n<p>Entregamos el cartel con adhesivo en la parte inferior para poder pegarlo a la estructura.<\/p>\n<p>Ademas incluimos llave para poder dejar fijo el sistema de recogido mientra cambia el cartel del roll up.<\/p>\n<p><span style=\"color: #000000;\"><strong>El cambio de las gr\u00e1ficas es bastante sencillo<\/strong>.<\/span> <a href=\"https:\/\/youtu.be\/WABAGAbb1SY\" target=\"_blank\" rel=\"noopener\">Vea nuestro v\u00eddeo.<\/a><\/p>\n<p><span style=\"color: #ff0000;\">DESCUENTOS POR CANTIDADES !!!<\/span><\/p>\n<p><strong>Env\u00edo gratuito\u00a0desde la 1\u00aa unid.<\/strong><\/p>\n<p>Este producto se puede entregar en 24 horas<strong>*<\/strong><\/p>\n<p><span style=\"color: #003366;\"><strong>Disponemos de varios tama\u00f1os<\/strong><\/span> de gr\u00e1ficas para roll ups que son las m\u00e1s utilizadas a la hora de comprar un roll up, serian los siguientes: 40 x 200 cm. 50 x 200 cm. 60 x 160 cm. 60 x 200 cm. 80 x 200 cm. 85 x 200 cm. 100 x 200 cm. 120 x 200 cm. 125 x 200 cm. 150 x 200 cm. 175 x 200 cm. 200 x 200 cm. 220 x 200 cm 240 x 200 cm y 320 x 200 cm. De todas formas si no encuentra la medida de cartel para roll up, p\u00f3ngase en <a href=\"https:\/\/impresiondigitalgranformato.es\/contacto\/\" target=\"_blank\" rel=\"noopener\">contacto<\/a> con nosotros y se la podremos realizar al tama\u00f1o que necesite.<\/p>\n<h3><span style=\"color: #008000;\">Porque cambiar la gr\u00e1fica del roll up?<\/span><\/h3>\n<p>En primer lugar es un motivo econ\u00f3mico. L\u00f3gicamente es mas barato comprar el cartel del roll ap solo que realizar una compra de un rollap completo con estructura, gr\u00e1fica y funda de transporte. Pero lo mas importante es el reciclaje de una vieja estructura de rollup. Al reutilizar una estructura de rolap de aluminio nos estamos ayudando a tener un planeta m\u00e1s limpio y con menos contaminaci\u00f3n.<\/p>\n<p>En impresiondigitalgranformato.es sabemos que muchas empresas tanto directamente como indirectamente ademas de los trabajadores y sus familias dependen de la fabricaci\u00f3n del aluminio, por eso no estamos en contra de ello. Pero si queremos hacer un llamamiento a nosotros mismo a nivel consumidor en concienciarnos en la re-utilizaci\u00f3n. Ya que somos conscientes que hemos adquirido h\u00e1bitos donde directamente compramos nuevas estructuras de roll aps en lugar de aprovechar las que ya est\u00e1n en nuestro poder. Que con un simple cambio de gr\u00e1fica no servir\u00edan para cualquier evento. Los rollups que vendemos son de buena calidad, resisten bien el paso del tiempo y los usos.\u00a0 Con 5 minutos que es lo que se tarda en realizar el cambio de gr\u00e1fica del rol up ayudamos a que haya menos emisiones de CO2, menos tala de arboles, un mejor ecosistema &#8230; Aparte de ahorrarnos dinero que siempre viene bien.<\/p>\n<p>&nbsp;<\/p>\n","protected":false},"excerpt":{"rendered":"<p>Cartel para roll up, <strong>podr\u00e1 aprovechar las estructuras de los roll ups con otra publicidad.<\/strong><\/p>\n<p>Gr\u00e1fica realizada en lona de pvc fundida satinada de 450 gr.<\/p>\n<p>Con grabaci\u00f3n en impresi\u00f3n digital de alta calidad<\/p>\n<p>Entregamos el cartel con adhesivo en la parte inferior para poder pegarlo a la estructura.<\/p>\n<p>Ademas incluimos llave para poder dejar fijo el sistema de recogido mientra cambia el cartel del roll up.<\/p>\n<p><span style=\"color: #000000;\"><strong>El cambio de las gr\u00e1ficas es bastante sencillo<\/strong>.<\/span> <a href=\"https:\/\/youtu.be\/WABAGAbb1SY\" target=\"_blank\" rel=\"noopener\">Vea nuestro v\u00eddeo.<\/a><\/p>\n<p><span style=\"color: #ff0000;\">DESCUENTOS POR CANTIDADES !!!<\/span><\/p>\n<p><strong>Env\u00edo gratuito\u00a0desde la 1\u00aa unid.<\/strong><\/p>\n<p>Este producto se puede entregar en 24 horas<strong>*<\/strong><\/p>\n<p><a href=\"https:\/\/impresiondigitalgranformato.es\/roll-up\/\"><img loading=\"lazy\" decoding=\"async\" class=\"size-full wp-image-12936 alignnone\" src=\"https:\/\/impresiondigitalgranformato.es\/wp-content\/uploads\/2019\/09\/impresion-digital-mas-modelos.png\" alt=\"impresion digital mas modelos\" width=\"468\" height=\"61\" srcset=\"https:\/\/i0.wp.com\/impresiondigitalgranformato.es\/wp-content\/uploads\/2019\/09\/impresion-digital-mas-modelos.png?w=468&amp;ssl=1 468w, https:\/\/i0.wp.com\/impresiondigitalgranformato.es\/wp-content\/uploads\/2019\/09\/impresion-digital-mas-modelos.png?resize=100%2C13&amp;ssl=1 100w, https:\/\/i0.wp.com\/impresiondigitalgranformato.es\/wp-content\/uploads\/2019\/09\/impresion-digital-mas-modelos.png?resize=150%2C20&amp;ssl=1 150w, https:\/\/i0.wp.com\/impresiondigitalgranformato.es\/wp-content\/uploads\/2019\/09\/impresion-digital-mas-modelos.png?resize=200%2C26&amp;ssl=1 200w, https:\/\/i0.wp.com\/impresiondigitalgranformato.es\/wp-content\/uploads\/2019\/09\/impresion-digital-mas-modelos.png?resize=300%2C39&amp;ssl=1 300w, https:\/\/i0.wp.com\/impresiondigitalgranformato.es\/wp-content\/uploads\/2019\/09\/impresion-digital-mas-modelos.png?resize=450%2C59&amp;ssl=1 450w\" sizes=\"auto, (max-width: 468px) 100vw, 468px\" \/><\/a><\/p>\n<p>&nbsp;<\/p>\n","protected":false},"featured_media":13001,"comment_status":"open","ping_status":"closed","template":"","meta":[],"product_brand":[],"product_cat":[24],"product_tag":[],"class_list":{"0":"post-13000","1":"product","2":"type-product","3":"status-publish","4":"has-post-thumbnail","6":"product_cat-roll-up-baratos","8":"first","9":"instock","10":"sold-individually","11":"taxable","12":"shipping-taxable","13":"purchasable","14":"product-type-simple"},"yoast_head":"<!-- This site is optimized with the Yoast SEO plugin v27.3 - https:\/\/yoast.com\/product\/yoast-seo-wordpress\/ -->\n<title>Cartel para roll up - Los + baratos - Gr\u00e1fica barata para rollup<\/title>\n<meta name=\"description\" content=\"Cartel para roll up. Desde 11 euros podr\u00e1 reutilizar los roll ups, gr\u00e1fica para roll up con entrega en 24 horas. Cartel rollup en lona.\" \/>\n<meta name=\"robots\" content=\"index, follow, max-snippet:-1, max-image-preview:large, max-video-preview:-1\" \/>\n<link rel=\"canonical\" href=\"https:\/\/impresiondigitalgranformato.es\/es_es\/producto\/cartel-para-roll-up\/\" \/>\n<meta property=\"og:locale\" content=\"es_ES\" \/>\n<meta property=\"og:type\" content=\"article\" \/>\n<meta property=\"og:title\" content=\"Cartel para roll up - Los + baratos - Gr\u00e1fica barata para rollup\" \/>\n<meta property=\"og:description\" content=\"Cartel para roll up. Desde 11 euros podr\u00e1 reutilizar los roll ups, gr\u00e1fica para roll up con entrega en 24 horas. Cartel rollup en lona.\" \/>\n<meta property=\"og:url\" content=\"https:\/\/impresiondigitalgranformato.es\/es_es\/producto\/cartel-para-roll-up\/\" \/>\n<meta property=\"og:site_name\" content=\"Los + baratos\" \/>\n<meta property=\"article:modified_time\" content=\"2025-07-04T16:16:17+00:00\" \/>\n<meta property=\"og:image\" content=\"http:\/\/impresiondigitalgranformato.es\/wp-content\/uploads\/2020\/07\/cartel-para-roll-up.jpg\" \/>\n\t<meta property=\"og:image:width\" content=\"637\" \/>\n\t<meta property=\"og:image:height\" content=\"637\" \/>\n\t<meta property=\"og:image:type\" content=\"image\/jpeg\" \/>\n<meta name=\"twitter:card\" content=\"summary_large_image\" \/>\n<meta name=\"twitter:label1\" content=\"Tiempo de lectura\" \/>\n\t<meta name=\"twitter:data1\" content=\"3 minutos\" \/>\n<script type=\"application\/ld+json\" class=\"yoast-schema-graph\">{\"@context\":\"https:\\\/\\\/schema.org\",\"@graph\":[{\"@type\":\"WebPage\",\"@id\":\"https:\\\/\\\/impresiondigitalgranformato.es\\\/producto\\\/cartel-para-roll-up\\\/\",\"url\":\"https:\\\/\\\/impresiondigitalgranformato.es\\\/producto\\\/cartel-para-roll-up\\\/\",\"name\":\"Cartel para roll up - Los + baratos - Gr\u00e1fica barata para rollup\",\"isPartOf\":{\"@id\":\"https:\\\/\\\/impresiondigitalgranformato.es\\\/#website\"},\"primaryImageOfPage\":{\"@id\":\"https:\\\/\\\/impresiondigitalgranformato.es\\\/producto\\\/cartel-para-roll-up\\\/#primaryimage\"},\"image\":{\"@id\":\"https:\\\/\\\/impresiondigitalgranformato.es\\\/producto\\\/cartel-para-roll-up\\\/#primaryimage\"},\"thumbnailUrl\":\"https:\\\/\\\/i0.wp.com\\\/impresiondigitalgranformato.es\\\/wp-content\\\/uploads\\\/2020\\\/07\\\/cartel-para-roll-up.jpg?fit=637%2C637&ssl=1\",\"datePublished\":\"2020-07-14T17:42:48+00:00\",\"dateModified\":\"2025-07-04T16:16:17+00:00\",\"description\":\"Cartel para roll up. Desde 11 euros podr\u00e1 reutilizar los roll ups, gr\u00e1fica para roll up con entrega en 24 horas. Cartel rollup en lona.\",\"breadcrumb\":{\"@id\":\"https:\\\/\\\/impresiondigitalgranformato.es\\\/producto\\\/cartel-para-roll-up\\\/#breadcrumb\"},\"inLanguage\":\"es\",\"potentialAction\":[{\"@type\":\"ReadAction\",\"target\":[\"https:\\\/\\\/impresiondigitalgranformato.es\\\/producto\\\/cartel-para-roll-up\\\/\"]}]},{\"@type\":\"ImageObject\",\"inLanguage\":\"es\",\"@id\":\"https:\\\/\\\/impresiondigitalgranformato.es\\\/producto\\\/cartel-para-roll-up\\\/#primaryimage\",\"url\":\"https:\\\/\\\/i0.wp.com\\\/impresiondigitalgranformato.es\\\/wp-content\\\/uploads\\\/2020\\\/07\\\/cartel-para-roll-up.jpg?fit=637%2C637&ssl=1\",\"contentUrl\":\"https:\\\/\\\/i0.wp.com\\\/impresiondigitalgranformato.es\\\/wp-content\\\/uploads\\\/2020\\\/07\\\/cartel-para-roll-up.jpg?fit=637%2C637&ssl=1\",\"width\":637,\"height\":637,\"caption\":\"cartel para roll up\"},{\"@type\":\"BreadcrumbList\",\"@id\":\"https:\\\/\\\/impresiondigitalgranformato.es\\\/producto\\\/cartel-para-roll-up\\\/#breadcrumb\",\"itemListElement\":[{\"@type\":\"ListItem\",\"position\":1,\"name\":\"Portada\",\"item\":\"https:\\\/\\\/impresiondigitalgranformato.es\\\/\"},{\"@type\":\"ListItem\",\"position\":2,\"name\":\"Productos\",\"item\":\"https:\\\/\\\/impresiondigitalgranformato.es\\\/venta-roll-up-banner\\\/\"},{\"@type\":\"ListItem\",\"position\":3,\"name\":\"Cartel para Roll up\"}]},{\"@type\":\"WebSite\",\"@id\":\"https:\\\/\\\/impresiondigitalgranformato.es\\\/#website\",\"url\":\"https:\\\/\\\/impresiondigitalgranformato.es\\\/\",\"name\":\"Los + baratos\",\"description\":\"impresi\u00f3n digital gran formato venta de roll up, banner, banderas, lonas, carteles, displays, publicidad\",\"publisher\":{\"@id\":\"https:\\\/\\\/impresiondigitalgranformato.es\\\/#organization\"},\"potentialAction\":[{\"@type\":\"SearchAction\",\"target\":{\"@type\":\"EntryPoint\",\"urlTemplate\":\"https:\\\/\\\/impresiondigitalgranformato.es\\\/?s={search_term_string}\"},\"query-input\":{\"@type\":\"PropertyValueSpecification\",\"valueRequired\":true,\"valueName\":\"search_term_string\"}}],\"inLanguage\":\"es\"},{\"@type\":\"Organization\",\"@id\":\"https:\\\/\\\/impresiondigitalgranformato.es\\\/#organization\",\"name\":\"Los + baratos\",\"url\":\"https:\\\/\\\/impresiondigitalgranformato.es\\\/\",\"logo\":{\"@type\":\"ImageObject\",\"inLanguage\":\"es\",\"@id\":\"https:\\\/\\\/impresiondigitalgranformato.es\\\/#\\\/schema\\\/logo\\\/image\\\/\",\"url\":\"https:\\\/\\\/i0.wp.com\\\/impresiondigitalgranformato.es\\\/wp-content\\\/uploads\\\/2016\\\/12\\\/cropped-logotipo-2-e1483373659766.png?fit=500%2C101&ssl=1\",\"contentUrl\":\"https:\\\/\\\/i0.wp.com\\\/impresiondigitalgranformato.es\\\/wp-content\\\/uploads\\\/2016\\\/12\\\/cropped-logotipo-2-e1483373659766.png?fit=500%2C101&ssl=1\",\"width\":500,\"height\":101,\"caption\":\"Los + baratos\"},\"image\":{\"@id\":\"https:\\\/\\\/impresiondigitalgranformato.es\\\/#\\\/schema\\\/logo\\\/image\\\/\"}}]}<\/script>\n<!-- \/ Yoast SEO plugin. -->","yoast_head_json":{"title":"Cartel para roll up - Los + baratos - Gr\u00e1fica barata para rollup","description":"Cartel para roll up. Desde 11 euros podr\u00e1 reutilizar los roll ups, gr\u00e1fica para roll up con entrega en 24 horas. Cartel rollup en lona.","robots":{"index":"index","follow":"follow","max-snippet":"max-snippet:-1","max-image-preview":"max-image-preview:large","max-video-preview":"max-video-preview:-1"},"canonical":"https:\/\/impresiondigitalgranformato.es\/es_es\/producto\/cartel-para-roll-up\/","og_locale":"es_ES","og_type":"article","og_title":"Cartel para roll up - Los + baratos - Gr\u00e1fica barata para rollup","og_description":"Cartel para roll up. Desde 11 euros podr\u00e1 reutilizar los roll ups, gr\u00e1fica para roll up con entrega en 24 horas. Cartel rollup en lona.","og_url":"https:\/\/impresiondigitalgranformato.es\/es_es\/producto\/cartel-para-roll-up\/","og_site_name":"Los + baratos","article_modified_time":"2025-07-04T16:16:17+00:00","og_image":[{"width":637,"height":637,"url":"http:\/\/impresiondigitalgranformato.es\/wp-content\/uploads\/2020\/07\/cartel-para-roll-up.jpg","type":"image\/jpeg"}],"twitter_card":"summary_large_image","twitter_misc":{"Tiempo de lectura":"3 minutos"},"schema":{"@context":"https:\/\/schema.org","@graph":[{"@type":"WebPage","@id":"https:\/\/impresiondigitalgranformato.es\/producto\/cartel-para-roll-up\/","url":"https:\/\/impresiondigitalgranformato.es\/producto\/cartel-para-roll-up\/","name":"Cartel para roll up - Los + baratos - Gr\u00e1fica barata para rollup","isPartOf":{"@id":"https:\/\/impresiondigitalgranformato.es\/#website"},"primaryImageOfPage":{"@id":"https:\/\/impresiondigitalgranformato.es\/producto\/cartel-para-roll-up\/#primaryimage"},"image":{"@id":"https:\/\/impresiondigitalgranformato.es\/producto\/cartel-para-roll-up\/#primaryimage"},"thumbnailUrl":"https:\/\/i0.wp.com\/impresiondigitalgranformato.es\/wp-content\/uploads\/2020\/07\/cartel-para-roll-up.jpg?fit=637%2C637&ssl=1","datePublished":"2020-07-14T17:42:48+00:00","dateModified":"2025-07-04T16:16:17+00:00","description":"Cartel para roll up. Desde 11 euros podr\u00e1 reutilizar los roll ups, gr\u00e1fica para roll up con entrega en 24 horas. Cartel rollup en lona.","breadcrumb":{"@id":"https:\/\/impresiondigitalgranformato.es\/producto\/cartel-para-roll-up\/#breadcrumb"},"inLanguage":"es","potentialAction":[{"@type":"ReadAction","target":["https:\/\/impresiondigitalgranformato.es\/producto\/cartel-para-roll-up\/"]}]},{"@type":"ImageObject","inLanguage":"es","@id":"https:\/\/impresiondigitalgranformato.es\/producto\/cartel-para-roll-up\/#primaryimage","url":"https:\/\/i0.wp.com\/impresiondigitalgranformato.es\/wp-content\/uploads\/2020\/07\/cartel-para-roll-up.jpg?fit=637%2C637&ssl=1","contentUrl":"https:\/\/i0.wp.com\/impresiondigitalgranformato.es\/wp-content\/uploads\/2020\/07\/cartel-para-roll-up.jpg?fit=637%2C637&ssl=1","width":637,"height":637,"caption":"cartel para roll up"},{"@type":"BreadcrumbList","@id":"https:\/\/impresiondigitalgranformato.es\/producto\/cartel-para-roll-up\/#breadcrumb","itemListElement":[{"@type":"ListItem","position":1,"name":"Portada","item":"https:\/\/impresiondigitalgranformato.es\/"},{"@type":"ListItem","position":2,"name":"Productos","item":"https:\/\/impresiondigitalgranformato.es\/venta-roll-up-banner\/"},{"@type":"ListItem","position":3,"name":"Cartel para Roll up"}]},{"@type":"WebSite","@id":"https:\/\/impresiondigitalgranformato.es\/#website","url":"https:\/\/impresiondigitalgranformato.es\/","name":"Los + baratos","description":"impresi\u00f3n digital gran formato venta de roll up, banner, banderas, lonas, carteles, displays, publicidad","publisher":{"@id":"https:\/\/impresiondigitalgranformato.es\/#organization"},"potentialAction":[{"@type":"SearchAction","target":{"@type":"EntryPoint","urlTemplate":"https:\/\/impresiondigitalgranformato.es\/?s={search_term_string}"},"query-input":{"@type":"PropertyValueSpecification","valueRequired":true,"valueName":"search_term_string"}}],"inLanguage":"es"},{"@type":"Organization","@id":"https:\/\/impresiondigitalgranformato.es\/#organization","name":"Los + baratos","url":"https:\/\/impresiondigitalgranformato.es\/","logo":{"@type":"ImageObject","inLanguage":"es","@id":"https:\/\/impresiondigitalgranformato.es\/#\/schema\/logo\/image\/","url":"https:\/\/i0.wp.com\/impresiondigitalgranformato.es\/wp-content\/uploads\/2016\/12\/cropped-logotipo-2-e1483373659766.png?fit=500%2C101&ssl=1","contentUrl":"https:\/\/i0.wp.com\/impresiondigitalgranformato.es\/wp-content\/uploads\/2016\/12\/cropped-logotipo-2-e1483373659766.png?fit=500%2C101&ssl=1","width":500,"height":101,"caption":"Los + baratos"},"image":{"@id":"https:\/\/impresiondigitalgranformato.es\/#\/schema\/logo\/image\/"}}]}},"jetpack_sharing_enabled":true,"_links":{"self":[{"href":"https:\/\/impresiondigitalgranformato.es\/es_es\/wp-json\/wp\/v2\/product\/13000","targetHints":{"allow":["GET"]}}],"collection":[{"href":"https:\/\/impresiondigitalgranformato.es\/es_es\/wp-json\/wp\/v2\/product"}],"about":[{"href":"https:\/\/impresiondigitalgranformato.es\/es_es\/wp-json\/wp\/v2\/types\/product"}],"replies":[{"embeddable":true,"href":"https:\/\/impresiondigitalgranformato.es\/es_es\/wp-json\/wp\/v2\/comments?post=13000"}],"wp:featuredmedia":[{"embeddable":true,"href":"https:\/\/impresiondigitalgranformato.es\/es_es\/wp-json\/wp\/v2\/media\/13001"}],"wp:attachment":[{"href":"https:\/\/impresiondigitalgranformato.es\/es_es\/wp-json\/wp\/v2\/media?parent=13000"}],"wp:term":[{"taxonomy":"product_brand","embeddable":true,"href":"https:\/\/impresiondigitalgranformato.es\/es_es\/wp-json\/wp\/v2\/product_brand?post=13000"},{"taxonomy":"product_cat","embeddable":true,"href":"https:\/\/impresiondigitalgranformato.es\/es_es\/wp-json\/wp\/v2\/product_cat?post=13000"},{"taxonomy":"product_tag","embeddable":true,"href":"https:\/\/impresiondigitalgranformato.es\/es_es\/wp-json\/wp\/v2\/product_tag?post=13000"}],"curies":[{"name":"wp","href":"https:\/\/api.w.org\/{rel}","templated":true}]}}