{"id":1337,"date":"2017-10-13T19:09:09","date_gmt":"2017-10-13T17:09:09","guid":{"rendered":"http:\/\/impresiondigitalgranformato.es\/?post_type=product&#038;p=1337"},"modified":"2025-07-14T11:52:03","modified_gmt":"2025-07-14T09:52:03","slug":"banner-80-x-200-cm-barato","status":"publish","type":"product","link":"https:\/\/impresiondigitalgranformato.es\/es_es\/producto\/banner-80-x-200-cm-barato\/","title":{"rendered":"banner 80 x 200 cm"},"content":{"rendered":"<p>banner de 80&#215;200 cm barato<\/p>\n<p>Gr\u00e1fica realizada en impresi\u00f3n digital de alta calidad sobre lona de pvc fundida.<\/p>\n<p>La estructura esta fabricada en fibra de vidrio para una mayor durabilidad.<\/p>\n<p>Incluye bolsa de antelina para guardar el producto en los transporte.<\/p>\n<p>Puede ver mas modelos en nuestra secci\u00f3n de<a href=\"https:\/\/impresiondigitalgranformato.es\/banner-y-xbanner-economicos\/\"> banner o Xbanner<\/a><\/p>\n<hr \/>\n<p>Este X-banner es el modelo standar. Es muy utilizado para promociones, ofertas y servicios, es un banner barato y de gran visibilidad. Xbanner de 2 metros de altura comprado para eventos tanto en el \u00e1mbito laboral como en el deportivo. Al ser tambi\u00e9n un banner econ\u00f3mico te permite hacer grandes presentaciones por un bajo coste.<\/p>\n<p>Los banner son art\u00edculos publicitarios cada vez mas utilizados. Ya que dado su bajo coste, su gran impacto visual y su fac\u00edl montaje. Le permite informar o publicitar sobre cualquier producto o servicio que quiera ofrecer.<\/p>\n<p>Utilice este banner de 80&#215;200 cm barato ya que su montaje es muy sencillo como puede ver en nuestro <a href=\"https:\/\/youtu.be\/orGLlJ6LtzQ\" target=\"_blank\" rel=\"noopener\">v\u00eddeo<\/a>. A la hora de transportarlo no le costara mucho ya que todo el xbanner queda dentro se su funda de transporte y su peso es poco superior a 1 kilo.<\/p>\n<p>En el caso que este formato no le cuadre en sus necesidades puede visitar y comprar en nuestra secci\u00f3n de <a href=\"https:\/\/impresiondigitalgranformato.es\/producto\/banner-medida-especial\/\" target=\"_blank\" rel=\"noopener\">BANNER MEDIDA ESPECIAL.<\/a><\/p>\n<hr \/>\n<p data-pbs-phone-margin-top=\"1px\">\n","protected":false},"excerpt":{"rendered":"<p>Xbanner de 80 x 200 cm econ\u00f3mico<\/p>\n<p><strong><span style=\"color: #ff0000;\">DESCUENTOS POR CANTIDADES !!!<\/span><\/strong><\/p>\n<p><strong>Env\u00edo gratuito<\/strong>\u00a0desde la 1\u00aa unid.<\/p>\n<p>Este producto se puede entregar en 24 horas<strong>*<\/strong><\/p>\n<p><a href=\"https:\/\/impresiondigitalgranformato.es\/banner-y-xbanner-economicos\/\">Ver mas modelos<\/a><\/p>\n","protected":false},"featured_media":1338,"comment_status":"open","ping_status":"closed","template":"","meta":[],"product_brand":[],"product_cat":[42,78],"product_tag":[],"class_list":{"0":"post-1337","1":"product","2":"type-product","3":"status-publish","4":"has-post-thumbnail","6":"product_cat-banner-economico","7":"product_cat-rollup-banner-photocall-carteles-lona-impresion-economicos","9":"first","10":"instock","11":"sold-individually","12":"taxable","13":"shipping-taxable","14":"purchasable","15":"product-type-simple"},"yoast_head":"<!-- This site is optimized with the Yoast SEO plugin v27.3 - https:\/\/yoast.com\/product\/yoast-seo-wordpress\/ -->\n<title>banner 80x200 barato - Env\u00edo Gratuito - Los + baratos<\/title>\n<meta name=\"description\" content=\"banner 80x200 barato gr\u00e1fica realizada en lona con impresi\u00f3n digital, estructura de fibra de vidrio incluye bolsa de transporte. Entrega en 24 horas\" \/>\n<meta name=\"robots\" content=\"index, follow, max-snippet:-1, max-image-preview:large, max-video-preview:-1\" \/>\n<link rel=\"canonical\" href=\"https:\/\/impresiondigitalgranformato.es\/es_es\/producto\/banner-80-x-200-cm-barato\/\" \/>\n<meta property=\"og:locale\" content=\"es_ES\" \/>\n<meta property=\"og:type\" content=\"article\" \/>\n<meta property=\"og:title\" content=\"banner 80x200 barato - Env\u00edo Gratuito - Los + baratos\" \/>\n<meta property=\"og:description\" content=\"banner 80x200 barato gr\u00e1fica realizada en lona con impresi\u00f3n digital, estructura de fibra de vidrio incluye bolsa de transporte. Entrega en 24 horas\" \/>\n<meta property=\"og:url\" content=\"https:\/\/impresiondigitalgranformato.es\/es_es\/producto\/banner-80-x-200-cm-barato\/\" \/>\n<meta property=\"og:site_name\" content=\"Los + baratos\" \/>\n<meta property=\"article:modified_time\" content=\"2025-07-14T09:52:03+00:00\" \/>\n<meta property=\"og:image\" content=\"http:\/\/impresiondigitalgranformato.es\/wp-content\/uploads\/2017\/10\/banner-80-x-200-cm.png\" \/>\n\t<meta property=\"og:image:width\" content=\"1594\" \/>\n\t<meta property=\"og:image:height\" content=\"1594\" \/>\n\t<meta property=\"og:image:type\" content=\"image\/png\" \/>\n<meta name=\"twitter:card\" content=\"summary_large_image\" \/>\n<meta name=\"twitter:label1\" content=\"Tiempo de lectura\" \/>\n\t<meta name=\"twitter:data1\" content=\"2 minutos\" \/>\n<script type=\"application\/ld+json\" class=\"yoast-schema-graph\">{\"@context\":\"https:\\\/\\\/schema.org\",\"@graph\":[{\"@type\":\"WebPage\",\"@id\":\"https:\\\/\\\/impresiondigitalgranformato.es\\\/producto\\\/banner-80-x-200-cm-barato\\\/\",\"url\":\"https:\\\/\\\/impresiondigitalgranformato.es\\\/producto\\\/banner-80-x-200-cm-barato\\\/\",\"name\":\"banner 80x200 barato - Env\u00edo Gratuito - Los + baratos\",\"isPartOf\":{\"@id\":\"https:\\\/\\\/impresiondigitalgranformato.es\\\/#website\"},\"primaryImageOfPage\":{\"@id\":\"https:\\\/\\\/impresiondigitalgranformato.es\\\/producto\\\/banner-80-x-200-cm-barato\\\/#primaryimage\"},\"image\":{\"@id\":\"https:\\\/\\\/impresiondigitalgranformato.es\\\/producto\\\/banner-80-x-200-cm-barato\\\/#primaryimage\"},\"thumbnailUrl\":\"https:\\\/\\\/i0.wp.com\\\/impresiondigitalgranformato.es\\\/wp-content\\\/uploads\\\/2017\\\/10\\\/banner-80-x-200-cm.png?fit=1594%2C1594&ssl=1\",\"datePublished\":\"2017-10-13T17:09:09+00:00\",\"dateModified\":\"2025-07-14T09:52:03+00:00\",\"description\":\"banner 80x200 barato gr\u00e1fica realizada en lona con impresi\u00f3n digital, estructura de fibra de vidrio incluye bolsa de transporte. Entrega en 24 horas\",\"breadcrumb\":{\"@id\":\"https:\\\/\\\/impresiondigitalgranformato.es\\\/producto\\\/banner-80-x-200-cm-barato\\\/#breadcrumb\"},\"inLanguage\":\"es\",\"potentialAction\":[{\"@type\":\"ReadAction\",\"target\":[\"https:\\\/\\\/impresiondigitalgranformato.es\\\/producto\\\/banner-80-x-200-cm-barato\\\/\"]}]},{\"@type\":\"ImageObject\",\"inLanguage\":\"es\",\"@id\":\"https:\\\/\\\/impresiondigitalgranformato.es\\\/producto\\\/banner-80-x-200-cm-barato\\\/#primaryimage\",\"url\":\"https:\\\/\\\/i0.wp.com\\\/impresiondigitalgranformato.es\\\/wp-content\\\/uploads\\\/2017\\\/10\\\/banner-80-x-200-cm.png?fit=1594%2C1594&ssl=1\",\"contentUrl\":\"https:\\\/\\\/i0.wp.com\\\/impresiondigitalgranformato.es\\\/wp-content\\\/uploads\\\/2017\\\/10\\\/banner-80-x-200-cm.png?fit=1594%2C1594&ssl=1\",\"width\":1594,\"height\":1594,\"caption\":\"banner barato 80x200\"},{\"@type\":\"BreadcrumbList\",\"@id\":\"https:\\\/\\\/impresiondigitalgranformato.es\\\/producto\\\/banner-80-x-200-cm-barato\\\/#breadcrumb\",\"itemListElement\":[{\"@type\":\"ListItem\",\"position\":1,\"name\":\"Portada\",\"item\":\"https:\\\/\\\/impresiondigitalgranformato.es\\\/\"},{\"@type\":\"ListItem\",\"position\":2,\"name\":\"Productos\",\"item\":\"https:\\\/\\\/impresiondigitalgranformato.es\\\/venta-roll-up-banner\\\/\"},{\"@type\":\"ListItem\",\"position\":3,\"name\":\"banner 80 x 200 cm\"}]},{\"@type\":\"WebSite\",\"@id\":\"https:\\\/\\\/impresiondigitalgranformato.es\\\/#website\",\"url\":\"https:\\\/\\\/impresiondigitalgranformato.es\\\/\",\"name\":\"Los + baratos\",\"description\":\"impresi\u00f3n digital gran formato venta de roll up, banner, banderas, lonas, carteles, displays, publicidad\",\"publisher\":{\"@id\":\"https:\\\/\\\/impresiondigitalgranformato.es\\\/#organization\"},\"potentialAction\":[{\"@type\":\"SearchAction\",\"target\":{\"@type\":\"EntryPoint\",\"urlTemplate\":\"https:\\\/\\\/impresiondigitalgranformato.es\\\/?s={search_term_string}\"},\"query-input\":{\"@type\":\"PropertyValueSpecification\",\"valueRequired\":true,\"valueName\":\"search_term_string\"}}],\"inLanguage\":\"es\"},{\"@type\":\"Organization\",\"@id\":\"https:\\\/\\\/impresiondigitalgranformato.es\\\/#organization\",\"name\":\"Los + baratos\",\"url\":\"https:\\\/\\\/impresiondigitalgranformato.es\\\/\",\"logo\":{\"@type\":\"ImageObject\",\"inLanguage\":\"es\",\"@id\":\"https:\\\/\\\/impresiondigitalgranformato.es\\\/#\\\/schema\\\/logo\\\/image\\\/\",\"url\":\"https:\\\/\\\/i0.wp.com\\\/impresiondigitalgranformato.es\\\/wp-content\\\/uploads\\\/2016\\\/12\\\/cropped-logotipo-2-e1483373659766.png?fit=500%2C101&ssl=1\",\"contentUrl\":\"https:\\\/\\\/i0.wp.com\\\/impresiondigitalgranformato.es\\\/wp-content\\\/uploads\\\/2016\\\/12\\\/cropped-logotipo-2-e1483373659766.png?fit=500%2C101&ssl=1\",\"width\":500,\"height\":101,\"caption\":\"Los + baratos\"},\"image\":{\"@id\":\"https:\\\/\\\/impresiondigitalgranformato.es\\\/#\\\/schema\\\/logo\\\/image\\\/\"}}]}<\/script>\n<!-- \/ Yoast SEO plugin. -->","yoast_head_json":{"title":"banner 80x200 barato - Env\u00edo Gratuito - Los + baratos","description":"banner 80x200 barato gr\u00e1fica realizada en lona con impresi\u00f3n digital, estructura de fibra de vidrio incluye bolsa de transporte. Entrega en 24 horas","robots":{"index":"index","follow":"follow","max-snippet":"max-snippet:-1","max-image-preview":"max-image-preview:large","max-video-preview":"max-video-preview:-1"},"canonical":"https:\/\/impresiondigitalgranformato.es\/es_es\/producto\/banner-80-x-200-cm-barato\/","og_locale":"es_ES","og_type":"article","og_title":"banner 80x200 barato - Env\u00edo Gratuito - Los + baratos","og_description":"banner 80x200 barato gr\u00e1fica realizada en lona con impresi\u00f3n digital, estructura de fibra de vidrio incluye bolsa de transporte. Entrega en 24 horas","og_url":"https:\/\/impresiondigitalgranformato.es\/es_es\/producto\/banner-80-x-200-cm-barato\/","og_site_name":"Los + baratos","article_modified_time":"2025-07-14T09:52:03+00:00","og_image":[{"width":1594,"height":1594,"url":"http:\/\/impresiondigitalgranformato.es\/wp-content\/uploads\/2017\/10\/banner-80-x-200-cm.png","type":"image\/png"}],"twitter_card":"summary_large_image","twitter_misc":{"Tiempo de lectura":"2 minutos"},"schema":{"@context":"https:\/\/schema.org","@graph":[{"@type":"WebPage","@id":"https:\/\/impresiondigitalgranformato.es\/producto\/banner-80-x-200-cm-barato\/","url":"https:\/\/impresiondigitalgranformato.es\/producto\/banner-80-x-200-cm-barato\/","name":"banner 80x200 barato - Env\u00edo Gratuito - Los + baratos","isPartOf":{"@id":"https:\/\/impresiondigitalgranformato.es\/#website"},"primaryImageOfPage":{"@id":"https:\/\/impresiondigitalgranformato.es\/producto\/banner-80-x-200-cm-barato\/#primaryimage"},"image":{"@id":"https:\/\/impresiondigitalgranformato.es\/producto\/banner-80-x-200-cm-barato\/#primaryimage"},"thumbnailUrl":"https:\/\/i0.wp.com\/impresiondigitalgranformato.es\/wp-content\/uploads\/2017\/10\/banner-80-x-200-cm.png?fit=1594%2C1594&ssl=1","datePublished":"2017-10-13T17:09:09+00:00","dateModified":"2025-07-14T09:52:03+00:00","description":"banner 80x200 barato gr\u00e1fica realizada en lona con impresi\u00f3n digital, estructura de fibra de vidrio incluye bolsa de transporte. Entrega en 24 horas","breadcrumb":{"@id":"https:\/\/impresiondigitalgranformato.es\/producto\/banner-80-x-200-cm-barato\/#breadcrumb"},"inLanguage":"es","potentialAction":[{"@type":"ReadAction","target":["https:\/\/impresiondigitalgranformato.es\/producto\/banner-80-x-200-cm-barato\/"]}]},{"@type":"ImageObject","inLanguage":"es","@id":"https:\/\/impresiondigitalgranformato.es\/producto\/banner-80-x-200-cm-barato\/#primaryimage","url":"https:\/\/i0.wp.com\/impresiondigitalgranformato.es\/wp-content\/uploads\/2017\/10\/banner-80-x-200-cm.png?fit=1594%2C1594&ssl=1","contentUrl":"https:\/\/i0.wp.com\/impresiondigitalgranformato.es\/wp-content\/uploads\/2017\/10\/banner-80-x-200-cm.png?fit=1594%2C1594&ssl=1","width":1594,"height":1594,"caption":"banner barato 80x200"},{"@type":"BreadcrumbList","@id":"https:\/\/impresiondigitalgranformato.es\/producto\/banner-80-x-200-cm-barato\/#breadcrumb","itemListElement":[{"@type":"ListItem","position":1,"name":"Portada","item":"https:\/\/impresiondigitalgranformato.es\/"},{"@type":"ListItem","position":2,"name":"Productos","item":"https:\/\/impresiondigitalgranformato.es\/venta-roll-up-banner\/"},{"@type":"ListItem","position":3,"name":"banner 80 x 200 cm"}]},{"@type":"WebSite","@id":"https:\/\/impresiondigitalgranformato.es\/#website","url":"https:\/\/impresiondigitalgranformato.es\/","name":"Los + baratos","description":"impresi\u00f3n digital gran formato venta de roll up, banner, banderas, lonas, carteles, displays, publicidad","publisher":{"@id":"https:\/\/impresiondigitalgranformato.es\/#organization"},"potentialAction":[{"@type":"SearchAction","target":{"@type":"EntryPoint","urlTemplate":"https:\/\/impresiondigitalgranformato.es\/?s={search_term_string}"},"query-input":{"@type":"PropertyValueSpecification","valueRequired":true,"valueName":"search_term_string"}}],"inLanguage":"es"},{"@type":"Organization","@id":"https:\/\/impresiondigitalgranformato.es\/#organization","name":"Los + baratos","url":"https:\/\/impresiondigitalgranformato.es\/","logo":{"@type":"ImageObject","inLanguage":"es","@id":"https:\/\/impresiondigitalgranformato.es\/#\/schema\/logo\/image\/","url":"https:\/\/i0.wp.com\/impresiondigitalgranformato.es\/wp-content\/uploads\/2016\/12\/cropped-logotipo-2-e1483373659766.png?fit=500%2C101&ssl=1","contentUrl":"https:\/\/i0.wp.com\/impresiondigitalgranformato.es\/wp-content\/uploads\/2016\/12\/cropped-logotipo-2-e1483373659766.png?fit=500%2C101&ssl=1","width":500,"height":101,"caption":"Los + baratos"},"image":{"@id":"https:\/\/impresiondigitalgranformato.es\/#\/schema\/logo\/image\/"}}]}},"jetpack_sharing_enabled":true,"_links":{"self":[{"href":"https:\/\/impresiondigitalgranformato.es\/es_es\/wp-json\/wp\/v2\/product\/1337","targetHints":{"allow":["GET"]}}],"collection":[{"href":"https:\/\/impresiondigitalgranformato.es\/es_es\/wp-json\/wp\/v2\/product"}],"about":[{"href":"https:\/\/impresiondigitalgranformato.es\/es_es\/wp-json\/wp\/v2\/types\/product"}],"replies":[{"embeddable":true,"href":"https:\/\/impresiondigitalgranformato.es\/es_es\/wp-json\/wp\/v2\/comments?post=1337"}],"wp:featuredmedia":[{"embeddable":true,"href":"https:\/\/impresiondigitalgranformato.es\/es_es\/wp-json\/wp\/v2\/media\/1338"}],"wp:attachment":[{"href":"https:\/\/impresiondigitalgranformato.es\/es_es\/wp-json\/wp\/v2\/media?parent=1337"}],"wp:term":[{"taxonomy":"product_brand","embeddable":true,"href":"https:\/\/impresiondigitalgranformato.es\/es_es\/wp-json\/wp\/v2\/product_brand?post=1337"},{"taxonomy":"product_cat","embeddable":true,"href":"https:\/\/impresiondigitalgranformato.es\/es_es\/wp-json\/wp\/v2\/product_cat?post=1337"},{"taxonomy":"product_tag","embeddable":true,"href":"https:\/\/impresiondigitalgranformato.es\/es_es\/wp-json\/wp\/v2\/product_tag?post=1337"}],"curies":[{"name":"wp","href":"https:\/\/api.w.org\/{rel}","templated":true}]}}