{"id":14192,"date":"2022-01-04T18:51:34","date_gmt":"2022-01-04T17:51:34","guid":{"rendered":"https:\/\/impresiondigitalgranformato.es\/?post_type=product&#038;p=14192"},"modified":"2022-01-09T12:03:06","modified_gmt":"2022-01-09T11:03:06","slug":"porta-precios-horizontal","status":"publish","type":"product","link":"https:\/\/impresiondigitalgranformato.es\/es_es\/producto\/porta-precios-horizontal\/","title":{"rendered":"Porta precios horizontal"},"content":{"rendered":"<p>Porta precios horizontal fabricado en metacrilato.<\/p>\n<p>Grosor del metacrilato: 2 mm<\/p>\n<p><strong>Varios tama\u00f1os del porta precios pl\u00e1stico a elegir:<\/strong><\/p>\n<p>Porta precios A-3 (42 x 29,7cm) (metacrilato de 3 mm)<\/p>\n<p>Porta precios A-4 (29,7 x 21 cm)<\/p>\n<p>Porta precios A-5 (21 x 14,8 cm)<\/p>\n<p>Porta precios A-6 (14,8 x 10,5 cm)<\/p>\n<p>Porta precios A-7 (10,5 x 7,4 cm)<\/p>\n<p>Porta precios A-8 (7,4 x 5,2 cm)<\/p>\n<p>Porta precios A-9 (5,2 x 3,7 cm)<\/p>\n<p>Porta precios 1\/3 de A-4 (29,7 x 7 cm)<\/p>\n<p>Si este modelo de porta-precios no es el que esta buscando puede ver mas expositores de pl\u00e1stico en nuestra secci\u00f3n de <a href=\"https:\/\/impresiondigitalgranformato.es\/expositores-para-tiendas\/\" xlink=\"href\">Expositores para tiendas<\/a><\/p>\n<h3 style=\"text-align: center;\"><span style=\"color: #ff6600;\">Donde se utilizan los porta precios<\/span><\/h3>\n<p>El porta precios horizontal se utiliza para informar del precio de los art\u00edculos que est\u00e1n en exposici\u00f3n. Puede usar el expositor portaprecios en las mismas estanter\u00edas cerca del producto, como tambi\u00e9n en cualquier lugar dentro de la tienda donde exponga productos u ofertas. Adem\u00e1s el expositor porta-precios puede y debe ser utilizado para informar de los precios de los art\u00edculos y\/o productos que coloque en el escaparate de su tienda. <a target=\"_blank\" href=\"https:\/\/www.boe.es\/diario_boe\/txt.php?id=BOE-A-1972-1465\" xlink=\"href\" rel=\"noopener\">(https:\/\/www.boe.es\/diario_boe\/txt.php?id=BOE-A-1972-1465)<\/a><\/p>\n<h3 style=\"text-align: center;\"><span style=\"color: #ff6600;\">Que negocios utilizan los portaprecios<\/span><\/h3>\n<p>Utilizan portaprecios todas las tiendas, cualquier establecimiento que venda productos y\/o servicios tanto en su interior, exterior y escaparate. Los porta-precios se utilizan en zapater\u00edas, tiendas de ropa, cosm\u00e9tica, ferreter\u00edas, farmacias, tiendas de m\u00f3viles e inform\u00e1tica, bares, cafeter\u00edas&#8230;<\/p>\n<p>&nbsp;<\/p>\n","protected":false},"excerpt":{"rendered":"<p>Expositor de metacrilato horizontal de 2 mm de grosor<\/p>\n<p><a href=\"https:\/\/impresiondigitalgranformato.es\/expositores-para-tiendas\/\" xlink=\"href\">Ver mas modelos.<\/a><\/p>\n","protected":false},"featured_media":14193,"comment_status":"open","ping_status":"closed","template":"","meta":[],"product_brand":[],"product_cat":[105],"product_tag":[],"class_list":{"0":"post-14192","1":"product","2":"type-product","3":"status-publish","4":"has-post-thumbnail","6":"product_cat-expositores-para-tiendas","8":"first","9":"instock","10":"taxable","11":"shipping-taxable","12":"purchasable","13":"product-type-simple"},"yoast_head":"<!-- This site is optimized with the Yoast SEO plugin v27.3 - https:\/\/yoast.com\/product\/yoast-seo-wordpress\/ -->\n<title>Porta precios horizontal - Los + baratos - Expositor portaprecios metacrilato<\/title>\n<meta name=\"description\" content=\"porta precios horizontal de metacrilato. Varios de tama\u00f1os del expositor portaprecios. Descuentos por cantidad. Env\u00edo gratuito.\" \/>\n<meta name=\"robots\" content=\"index, follow, max-snippet:-1, max-image-preview:large, max-video-preview:-1\" \/>\n<link rel=\"canonical\" href=\"https:\/\/impresiondigitalgranformato.es\/es_es\/producto\/porta-precios-horizontal\/\" \/>\n<meta property=\"og:locale\" content=\"es_ES\" \/>\n<meta property=\"og:type\" content=\"article\" \/>\n<meta property=\"og:title\" content=\"Porta precios horizontal - Los + baratos - Expositor portaprecios metacrilato\" \/>\n<meta property=\"og:description\" content=\"porta precios horizontal de metacrilato. Varios de tama\u00f1os del expositor portaprecios. Descuentos por cantidad. Env\u00edo gratuito.\" \/>\n<meta property=\"og:url\" content=\"https:\/\/impresiondigitalgranformato.es\/es_es\/producto\/porta-precios-horizontal\/\" \/>\n<meta property=\"og:site_name\" content=\"Los + baratos\" \/>\n<meta property=\"article:modified_time\" content=\"2022-01-09T11:03:06+00:00\" \/>\n<meta property=\"og:image\" content=\"http:\/\/impresiondigitalgranformato.es\/wp-content\/uploads\/2022\/01\/porta-precios-horizontal.jpg\" \/>\n\t<meta property=\"og:image:width\" content=\"630\" \/>\n\t<meta property=\"og:image:height\" content=\"630\" \/>\n\t<meta property=\"og:image:type\" content=\"image\/jpeg\" \/>\n<meta name=\"twitter:card\" content=\"summary_large_image\" \/>\n<meta name=\"twitter:label1\" content=\"Tiempo de lectura\" \/>\n\t<meta name=\"twitter:data1\" content=\"2 minutos\" \/>\n<script type=\"application\/ld+json\" class=\"yoast-schema-graph\">{\"@context\":\"https:\\\/\\\/schema.org\",\"@graph\":[{\"@type\":\"WebPage\",\"@id\":\"https:\\\/\\\/impresiondigitalgranformato.es\\\/producto\\\/porta-precios-horizontal\\\/\",\"url\":\"https:\\\/\\\/impresiondigitalgranformato.es\\\/producto\\\/porta-precios-horizontal\\\/\",\"name\":\"Porta precios horizontal - Los + baratos - Expositor portaprecios metacrilato\",\"isPartOf\":{\"@id\":\"https:\\\/\\\/impresiondigitalgranformato.es\\\/#website\"},\"primaryImageOfPage\":{\"@id\":\"https:\\\/\\\/impresiondigitalgranformato.es\\\/producto\\\/porta-precios-horizontal\\\/#primaryimage\"},\"image\":{\"@id\":\"https:\\\/\\\/impresiondigitalgranformato.es\\\/producto\\\/porta-precios-horizontal\\\/#primaryimage\"},\"thumbnailUrl\":\"https:\\\/\\\/i0.wp.com\\\/impresiondigitalgranformato.es\\\/wp-content\\\/uploads\\\/2022\\\/01\\\/porta-precios-horizontal.jpg?fit=630%2C630&ssl=1\",\"datePublished\":\"2022-01-04T17:51:34+00:00\",\"dateModified\":\"2022-01-09T11:03:06+00:00\",\"description\":\"porta precios horizontal de metacrilato. Varios de tama\u00f1os del expositor portaprecios. Descuentos por cantidad. Env\u00edo gratuito.\",\"breadcrumb\":{\"@id\":\"https:\\\/\\\/impresiondigitalgranformato.es\\\/producto\\\/porta-precios-horizontal\\\/#breadcrumb\"},\"inLanguage\":\"es\",\"potentialAction\":[{\"@type\":\"ReadAction\",\"target\":[\"https:\\\/\\\/impresiondigitalgranformato.es\\\/producto\\\/porta-precios-horizontal\\\/\"]}]},{\"@type\":\"ImageObject\",\"inLanguage\":\"es\",\"@id\":\"https:\\\/\\\/impresiondigitalgranformato.es\\\/producto\\\/porta-precios-horizontal\\\/#primaryimage\",\"url\":\"https:\\\/\\\/i0.wp.com\\\/impresiondigitalgranformato.es\\\/wp-content\\\/uploads\\\/2022\\\/01\\\/porta-precios-horizontal.jpg?fit=630%2C630&ssl=1\",\"contentUrl\":\"https:\\\/\\\/i0.wp.com\\\/impresiondigitalgranformato.es\\\/wp-content\\\/uploads\\\/2022\\\/01\\\/porta-precios-horizontal.jpg?fit=630%2C630&ssl=1\",\"width\":630,\"height\":630,\"caption\":\"porta precios horizontal\"},{\"@type\":\"BreadcrumbList\",\"@id\":\"https:\\\/\\\/impresiondigitalgranformato.es\\\/producto\\\/porta-precios-horizontal\\\/#breadcrumb\",\"itemListElement\":[{\"@type\":\"ListItem\",\"position\":1,\"name\":\"Portada\",\"item\":\"https:\\\/\\\/impresiondigitalgranformato.es\\\/\"},{\"@type\":\"ListItem\",\"position\":2,\"name\":\"Productos\",\"item\":\"https:\\\/\\\/impresiondigitalgranformato.es\\\/venta-roll-up-banner\\\/\"},{\"@type\":\"ListItem\",\"position\":3,\"name\":\"Porta precios horizontal\"}]},{\"@type\":\"WebSite\",\"@id\":\"https:\\\/\\\/impresiondigitalgranformato.es\\\/#website\",\"url\":\"https:\\\/\\\/impresiondigitalgranformato.es\\\/\",\"name\":\"Los + baratos\",\"description\":\"impresi\u00f3n digital gran formato venta de roll up, banner, banderas, lonas, carteles, displays, publicidad\",\"publisher\":{\"@id\":\"https:\\\/\\\/impresiondigitalgranformato.es\\\/#organization\"},\"potentialAction\":[{\"@type\":\"SearchAction\",\"target\":{\"@type\":\"EntryPoint\",\"urlTemplate\":\"https:\\\/\\\/impresiondigitalgranformato.es\\\/?s={search_term_string}\"},\"query-input\":{\"@type\":\"PropertyValueSpecification\",\"valueRequired\":true,\"valueName\":\"search_term_string\"}}],\"inLanguage\":\"es\"},{\"@type\":\"Organization\",\"@id\":\"https:\\\/\\\/impresiondigitalgranformato.es\\\/#organization\",\"name\":\"Los + baratos\",\"url\":\"https:\\\/\\\/impresiondigitalgranformato.es\\\/\",\"logo\":{\"@type\":\"ImageObject\",\"inLanguage\":\"es\",\"@id\":\"https:\\\/\\\/impresiondigitalgranformato.es\\\/#\\\/schema\\\/logo\\\/image\\\/\",\"url\":\"https:\\\/\\\/i0.wp.com\\\/impresiondigitalgranformato.es\\\/wp-content\\\/uploads\\\/2016\\\/12\\\/cropped-logotipo-2-e1483373659766.png?fit=500%2C101&ssl=1\",\"contentUrl\":\"https:\\\/\\\/i0.wp.com\\\/impresiondigitalgranformato.es\\\/wp-content\\\/uploads\\\/2016\\\/12\\\/cropped-logotipo-2-e1483373659766.png?fit=500%2C101&ssl=1\",\"width\":500,\"height\":101,\"caption\":\"Los + baratos\"},\"image\":{\"@id\":\"https:\\\/\\\/impresiondigitalgranformato.es\\\/#\\\/schema\\\/logo\\\/image\\\/\"}}]}<\/script>\n<!-- \/ Yoast SEO plugin. -->","yoast_head_json":{"title":"Porta precios horizontal - Los + baratos - Expositor portaprecios metacrilato","description":"porta precios horizontal de metacrilato. Varios de tama\u00f1os del expositor portaprecios. Descuentos por cantidad. Env\u00edo gratuito.","robots":{"index":"index","follow":"follow","max-snippet":"max-snippet:-1","max-image-preview":"max-image-preview:large","max-video-preview":"max-video-preview:-1"},"canonical":"https:\/\/impresiondigitalgranformato.es\/es_es\/producto\/porta-precios-horizontal\/","og_locale":"es_ES","og_type":"article","og_title":"Porta precios horizontal - Los + baratos - Expositor portaprecios metacrilato","og_description":"porta precios horizontal de metacrilato. Varios de tama\u00f1os del expositor portaprecios. Descuentos por cantidad. Env\u00edo gratuito.","og_url":"https:\/\/impresiondigitalgranformato.es\/es_es\/producto\/porta-precios-horizontal\/","og_site_name":"Los + baratos","article_modified_time":"2022-01-09T11:03:06+00:00","og_image":[{"width":630,"height":630,"url":"http:\/\/impresiondigitalgranformato.es\/wp-content\/uploads\/2022\/01\/porta-precios-horizontal.jpg","type":"image\/jpeg"}],"twitter_card":"summary_large_image","twitter_misc":{"Tiempo de lectura":"2 minutos"},"schema":{"@context":"https:\/\/schema.org","@graph":[{"@type":"WebPage","@id":"https:\/\/impresiondigitalgranformato.es\/producto\/porta-precios-horizontal\/","url":"https:\/\/impresiondigitalgranformato.es\/producto\/porta-precios-horizontal\/","name":"Porta precios horizontal - Los + baratos - Expositor portaprecios metacrilato","isPartOf":{"@id":"https:\/\/impresiondigitalgranformato.es\/#website"},"primaryImageOfPage":{"@id":"https:\/\/impresiondigitalgranformato.es\/producto\/porta-precios-horizontal\/#primaryimage"},"image":{"@id":"https:\/\/impresiondigitalgranformato.es\/producto\/porta-precios-horizontal\/#primaryimage"},"thumbnailUrl":"https:\/\/i0.wp.com\/impresiondigitalgranformato.es\/wp-content\/uploads\/2022\/01\/porta-precios-horizontal.jpg?fit=630%2C630&ssl=1","datePublished":"2022-01-04T17:51:34+00:00","dateModified":"2022-01-09T11:03:06+00:00","description":"porta precios horizontal de metacrilato. Varios de tama\u00f1os del expositor portaprecios. Descuentos por cantidad. Env\u00edo gratuito.","breadcrumb":{"@id":"https:\/\/impresiondigitalgranformato.es\/producto\/porta-precios-horizontal\/#breadcrumb"},"inLanguage":"es","potentialAction":[{"@type":"ReadAction","target":["https:\/\/impresiondigitalgranformato.es\/producto\/porta-precios-horizontal\/"]}]},{"@type":"ImageObject","inLanguage":"es","@id":"https:\/\/impresiondigitalgranformato.es\/producto\/porta-precios-horizontal\/#primaryimage","url":"https:\/\/i0.wp.com\/impresiondigitalgranformato.es\/wp-content\/uploads\/2022\/01\/porta-precios-horizontal.jpg?fit=630%2C630&ssl=1","contentUrl":"https:\/\/i0.wp.com\/impresiondigitalgranformato.es\/wp-content\/uploads\/2022\/01\/porta-precios-horizontal.jpg?fit=630%2C630&ssl=1","width":630,"height":630,"caption":"porta precios horizontal"},{"@type":"BreadcrumbList","@id":"https:\/\/impresiondigitalgranformato.es\/producto\/porta-precios-horizontal\/#breadcrumb","itemListElement":[{"@type":"ListItem","position":1,"name":"Portada","item":"https:\/\/impresiondigitalgranformato.es\/"},{"@type":"ListItem","position":2,"name":"Productos","item":"https:\/\/impresiondigitalgranformato.es\/venta-roll-up-banner\/"},{"@type":"ListItem","position":3,"name":"Porta precios horizontal"}]},{"@type":"WebSite","@id":"https:\/\/impresiondigitalgranformato.es\/#website","url":"https:\/\/impresiondigitalgranformato.es\/","name":"Los + baratos","description":"impresi\u00f3n digital gran formato venta de roll up, banner, banderas, lonas, carteles, displays, publicidad","publisher":{"@id":"https:\/\/impresiondigitalgranformato.es\/#organization"},"potentialAction":[{"@type":"SearchAction","target":{"@type":"EntryPoint","urlTemplate":"https:\/\/impresiondigitalgranformato.es\/?s={search_term_string}"},"query-input":{"@type":"PropertyValueSpecification","valueRequired":true,"valueName":"search_term_string"}}],"inLanguage":"es"},{"@type":"Organization","@id":"https:\/\/impresiondigitalgranformato.es\/#organization","name":"Los + baratos","url":"https:\/\/impresiondigitalgranformato.es\/","logo":{"@type":"ImageObject","inLanguage":"es","@id":"https:\/\/impresiondigitalgranformato.es\/#\/schema\/logo\/image\/","url":"https:\/\/i0.wp.com\/impresiondigitalgranformato.es\/wp-content\/uploads\/2016\/12\/cropped-logotipo-2-e1483373659766.png?fit=500%2C101&ssl=1","contentUrl":"https:\/\/i0.wp.com\/impresiondigitalgranformato.es\/wp-content\/uploads\/2016\/12\/cropped-logotipo-2-e1483373659766.png?fit=500%2C101&ssl=1","width":500,"height":101,"caption":"Los + baratos"},"image":{"@id":"https:\/\/impresiondigitalgranformato.es\/#\/schema\/logo\/image\/"}}]}},"jetpack_sharing_enabled":true,"_links":{"self":[{"href":"https:\/\/impresiondigitalgranformato.es\/es_es\/wp-json\/wp\/v2\/product\/14192","targetHints":{"allow":["GET"]}}],"collection":[{"href":"https:\/\/impresiondigitalgranformato.es\/es_es\/wp-json\/wp\/v2\/product"}],"about":[{"href":"https:\/\/impresiondigitalgranformato.es\/es_es\/wp-json\/wp\/v2\/types\/product"}],"replies":[{"embeddable":true,"href":"https:\/\/impresiondigitalgranformato.es\/es_es\/wp-json\/wp\/v2\/comments?post=14192"}],"wp:featuredmedia":[{"embeddable":true,"href":"https:\/\/impresiondigitalgranformato.es\/es_es\/wp-json\/wp\/v2\/media\/14193"}],"wp:attachment":[{"href":"https:\/\/impresiondigitalgranformato.es\/es_es\/wp-json\/wp\/v2\/media?parent=14192"}],"wp:term":[{"taxonomy":"product_brand","embeddable":true,"href":"https:\/\/impresiondigitalgranformato.es\/es_es\/wp-json\/wp\/v2\/product_brand?post=14192"},{"taxonomy":"product_cat","embeddable":true,"href":"https:\/\/impresiondigitalgranformato.es\/es_es\/wp-json\/wp\/v2\/product_cat?post=14192"},{"taxonomy":"product_tag","embeddable":true,"href":"https:\/\/impresiondigitalgranformato.es\/es_es\/wp-json\/wp\/v2\/product_tag?post=14192"}],"curies":[{"name":"wp","href":"https:\/\/api.w.org\/{rel}","templated":true}]}}