{"id":15827,"date":"2023-12-15T12:16:32","date_gmt":"2023-12-15T11:16:32","guid":{"rendered":"https:\/\/impresiondigitalgranformato.es\/?post_type=product&#038;p=15827"},"modified":"2025-07-04T19:17:01","modified_gmt":"2025-07-04T17:17:01","slug":"mostrador-publicitario-con-cartela-superior","status":"publish","type":"product","link":"https:\/\/impresiondigitalgranformato.es\/es_es\/producto\/mostrador-publicitario-con-cartela-superior\/","title":{"rendered":"Mostrador publicitario con cartela superior"},"content":{"rendered":"<p><strong>Mostrador publicitario con cartela superior.<\/strong><\/p>\n<p>Mostrador desmontable fabricado en pl\u00e1stico y con tubos de aluminio para sujetar el cartel superior del mostrador.<\/p>\n<p>Personalizado en impresi\u00f3n digital con la publicidad que usted quiera.<\/p>\n<p>Incluye bolsa de transporte donde entra todo el mostrador desmontado.<\/p>\n<p><a href=\"https:\/\/impresiondigitalgranformato.es\/mostrador-publicitario-economico\/\">AQU\u00cd PUEDE VER MAS MODELOS<\/a><\/p>\n<hr \/>\n<p>Este tipo de mostrador econ\u00f3mico para publicidad es muy \u00fatil para campa\u00f1as de promoci\u00f3n, ferias, degustaci\u00f3n de productos&#8230; Es un mostrador publicitario muy robusto ya que el cuerpo del mostrador queda totalmente encajado en la base superior e inferior y ademas el mostrador port\u00e1til lleva una balda interior donde puede guardar folletos, muestras, productos&#8230; La visibilidad del mostrador desmontable queda asegurada gracias al cartel superior que se monta con 2 barras de aluminio que tambi\u00e9n incorpora este mostrador publicitario barato. Esta cartela superior del mostrador no es obligatoria usarla, usted decide si necesita exponerlo o no.<\/p>\n<p>Este mostrador econ\u00f3mico para publicidad se monta de forma sencilla y r\u00e1pida en unos 3 \u00f3 4 minutos (no necesita herramientas) y una vez que termine el evento como es un mostrador desmontable tardara incluso menos tiempo en desmontarlo y guardarlo en su funda, donde podr\u00e1 llevar el mostrador transportable hasta el siguiente evento o guardar hasta la siguiente vez que lo necesite.<\/p>\n<p><span style=\"color: #ff0000;\">DESCUENTOS POR CANTIDADES !!!<\/span><\/p>\n<p><strong>Este producto se puede entregar en 24 horas*<\/strong><\/p>\n<p data-pbs-phone-margin-bottom=\"18px\"><span style=\"color: #000080;\"><strong>Diferentes clases de env\u00edo:<\/strong><\/span><\/p>\n<p data-pbs-phone-margin-bottom=\"18px\"><strong>Producci\u00f3n y entrega en 8 d\u00edas laborales<\/strong><\/p>\n<p data-pbs-phone-margin-bottom=\"18px\"><strong>Producci\u00f3n y entrega en 4 d\u00edas laborales<\/strong><\/p>\n<p data-pbs-phone-margin-top=\"1px\"><strong>Producci\u00f3n y entrega en 2 d\u00edas laborales<\/strong><\/p>\n<p data-pbs-phone-margin-top=\"1px\"><strong>Producci\u00f3n y entrega en 1 dia laboral*<\/strong>\u00a0(este servicio es solo valido para pedidos confirmado antes de las 11:30 horas del d\u00eda en curso.)<\/p>\n<hr \/>\n<p data-pbs-phone-margin-top=\"1px\">Los mostradores publicitarios desmontables y transportables son una pieza muy importante en sus campa\u00f1as publicitarias. Este tipo de art\u00edculos para publicidad permiten tener una gran visibilidad de su marca o producto a un precio muy bajo en sus eventos ya que son mostradores publicitarios baratos (pero de gran resistencia). En este caso el mostrador publicitario con cartela superior es una apuesta segura, donde podr\u00e1 atender a sus clientes en cualquier campa\u00f1a eventual de promoci\u00f3n.<\/p>\n","protected":false},"excerpt":{"rendered":"<p>Mostrador publicitario con cartela superior. Mostrador desmontable fabricado en pl\u00e1stico y con tubos de aluminio para sujetar el cartel superior del mostrador. Personalizado en impresi\u00f3n digital con la publicidad que usted quiera. Incluye bolsa de transporte donde entra todo el mostrador desmontado. AQU\u00cd PUEDE VER MAS MODELOS Este tipo de mostrador econ\u00f3mico para publicidad es [&hellip;]<\/p>\n","protected":false},"featured_media":15828,"comment_status":"open","ping_status":"closed","template":"","meta":[],"product_brand":[],"product_cat":[109],"product_tag":[],"class_list":{"0":"post-15827","1":"product","2":"type-product","3":"status-publish","4":"has-post-thumbnail","6":"product_cat-mostrador-publicitario-economico","8":"first","9":"instock","10":"sold-individually","11":"taxable","12":"shipping-taxable","13":"purchasable","14":"product-type-simple"},"yoast_head":"<!-- This site is optimized with the Yoast SEO plugin v27.3 - https:\/\/yoast.com\/product\/yoast-seo-wordpress\/ -->\n<title>Mostrador publicitario con cartela superior - Los + baratos<\/title>\n<meta name=\"description\" content=\"Mostrador publicitario con cartela superior. Mostrador econ\u00f3mico port\u00e1til fabricado en pl\u00e1stico y personalizado. Mostrador desmontable barato\" \/>\n<meta name=\"robots\" content=\"index, follow, max-snippet:-1, max-image-preview:large, max-video-preview:-1\" \/>\n<link rel=\"canonical\" href=\"https:\/\/impresiondigitalgranformato.es\/es_es\/producto\/mostrador-publicitario-con-cartela-superior\/\" \/>\n<meta property=\"og:locale\" content=\"es_ES\" \/>\n<meta property=\"og:type\" content=\"article\" \/>\n<meta property=\"og:title\" content=\"Mostrador publicitario con cartela superior - Los + baratos\" \/>\n<meta property=\"og:description\" content=\"Mostrador publicitario con cartela superior. Mostrador econ\u00f3mico port\u00e1til fabricado en pl\u00e1stico y personalizado. Mostrador desmontable barato\" \/>\n<meta property=\"og:url\" content=\"https:\/\/impresiondigitalgranformato.es\/es_es\/producto\/mostrador-publicitario-con-cartela-superior\/\" \/>\n<meta property=\"og:site_name\" content=\"Los + baratos\" \/>\n<meta property=\"article:modified_time\" content=\"2025-07-04T17:17:01+00:00\" \/>\n<meta property=\"og:image\" content=\"http:\/\/impresiondigitalgranformato.es\/wp-content\/uploads\/2023\/12\/mostrador-publicitario-cartela-superior.jpg\" \/>\n\t<meta property=\"og:image:width\" content=\"986\" \/>\n\t<meta property=\"og:image:height\" content=\"986\" \/>\n\t<meta property=\"og:image:type\" content=\"image\/jpeg\" \/>\n<meta name=\"twitter:card\" content=\"summary_large_image\" \/>\n<meta name=\"twitter:label1\" content=\"Tiempo de lectura\" \/>\n\t<meta name=\"twitter:data1\" content=\"2 minutos\" \/>\n<script type=\"application\/ld+json\" class=\"yoast-schema-graph\">{\"@context\":\"https:\\\/\\\/schema.org\",\"@graph\":[{\"@type\":\"WebPage\",\"@id\":\"https:\\\/\\\/impresiondigitalgranformato.es\\\/producto\\\/mostrador-publicitario-con-cartela-superior\\\/\",\"url\":\"https:\\\/\\\/impresiondigitalgranformato.es\\\/producto\\\/mostrador-publicitario-con-cartela-superior\\\/\",\"name\":\"Mostrador publicitario con cartela superior - Los + baratos\",\"isPartOf\":{\"@id\":\"https:\\\/\\\/impresiondigitalgranformato.es\\\/#website\"},\"primaryImageOfPage\":{\"@id\":\"https:\\\/\\\/impresiondigitalgranformato.es\\\/producto\\\/mostrador-publicitario-con-cartela-superior\\\/#primaryimage\"},\"image\":{\"@id\":\"https:\\\/\\\/impresiondigitalgranformato.es\\\/producto\\\/mostrador-publicitario-con-cartela-superior\\\/#primaryimage\"},\"thumbnailUrl\":\"https:\\\/\\\/i0.wp.com\\\/impresiondigitalgranformato.es\\\/wp-content\\\/uploads\\\/2023\\\/12\\\/mostrador-publicitario-cartela-superior.jpg?fit=986%2C986&ssl=1\",\"datePublished\":\"2023-12-15T11:16:32+00:00\",\"dateModified\":\"2025-07-04T17:17:01+00:00\",\"description\":\"Mostrador publicitario con cartela superior. Mostrador econ\u00f3mico port\u00e1til fabricado en pl\u00e1stico y personalizado. Mostrador desmontable barato\",\"breadcrumb\":{\"@id\":\"https:\\\/\\\/impresiondigitalgranformato.es\\\/producto\\\/mostrador-publicitario-con-cartela-superior\\\/#breadcrumb\"},\"inLanguage\":\"es\",\"potentialAction\":[{\"@type\":\"ReadAction\",\"target\":[\"https:\\\/\\\/impresiondigitalgranformato.es\\\/producto\\\/mostrador-publicitario-con-cartela-superior\\\/\"]}]},{\"@type\":\"ImageObject\",\"inLanguage\":\"es\",\"@id\":\"https:\\\/\\\/impresiondigitalgranformato.es\\\/producto\\\/mostrador-publicitario-con-cartela-superior\\\/#primaryimage\",\"url\":\"https:\\\/\\\/i0.wp.com\\\/impresiondigitalgranformato.es\\\/wp-content\\\/uploads\\\/2023\\\/12\\\/mostrador-publicitario-cartela-superior.jpg?fit=986%2C986&ssl=1\",\"contentUrl\":\"https:\\\/\\\/i0.wp.com\\\/impresiondigitalgranformato.es\\\/wp-content\\\/uploads\\\/2023\\\/12\\\/mostrador-publicitario-cartela-superior.jpg?fit=986%2C986&ssl=1\",\"width\":986,\"height\":986,\"caption\":\"mostrador publicitario barato con cartela superior\"},{\"@type\":\"BreadcrumbList\",\"@id\":\"https:\\\/\\\/impresiondigitalgranformato.es\\\/producto\\\/mostrador-publicitario-con-cartela-superior\\\/#breadcrumb\",\"itemListElement\":[{\"@type\":\"ListItem\",\"position\":1,\"name\":\"Portada\",\"item\":\"https:\\\/\\\/impresiondigitalgranformato.es\\\/\"},{\"@type\":\"ListItem\",\"position\":2,\"name\":\"Productos\",\"item\":\"https:\\\/\\\/impresiondigitalgranformato.es\\\/venta-roll-up-banner\\\/\"},{\"@type\":\"ListItem\",\"position\":3,\"name\":\"Mostrador publicitario con cartela superior\"}]},{\"@type\":\"WebSite\",\"@id\":\"https:\\\/\\\/impresiondigitalgranformato.es\\\/#website\",\"url\":\"https:\\\/\\\/impresiondigitalgranformato.es\\\/\",\"name\":\"Los + baratos\",\"description\":\"impresi\u00f3n digital gran formato venta de roll up, banner, banderas, lonas, carteles, displays, publicidad\",\"publisher\":{\"@id\":\"https:\\\/\\\/impresiondigitalgranformato.es\\\/#organization\"},\"potentialAction\":[{\"@type\":\"SearchAction\",\"target\":{\"@type\":\"EntryPoint\",\"urlTemplate\":\"https:\\\/\\\/impresiondigitalgranformato.es\\\/?s={search_term_string}\"},\"query-input\":{\"@type\":\"PropertyValueSpecification\",\"valueRequired\":true,\"valueName\":\"search_term_string\"}}],\"inLanguage\":\"es\"},{\"@type\":\"Organization\",\"@id\":\"https:\\\/\\\/impresiondigitalgranformato.es\\\/#organization\",\"name\":\"Los + baratos\",\"url\":\"https:\\\/\\\/impresiondigitalgranformato.es\\\/\",\"logo\":{\"@type\":\"ImageObject\",\"inLanguage\":\"es\",\"@id\":\"https:\\\/\\\/impresiondigitalgranformato.es\\\/#\\\/schema\\\/logo\\\/image\\\/\",\"url\":\"https:\\\/\\\/i0.wp.com\\\/impresiondigitalgranformato.es\\\/wp-content\\\/uploads\\\/2016\\\/12\\\/cropped-logotipo-2-e1483373659766.png?fit=500%2C101&ssl=1\",\"contentUrl\":\"https:\\\/\\\/i0.wp.com\\\/impresiondigitalgranformato.es\\\/wp-content\\\/uploads\\\/2016\\\/12\\\/cropped-logotipo-2-e1483373659766.png?fit=500%2C101&ssl=1\",\"width\":500,\"height\":101,\"caption\":\"Los + baratos\"},\"image\":{\"@id\":\"https:\\\/\\\/impresiondigitalgranformato.es\\\/#\\\/schema\\\/logo\\\/image\\\/\"}}]}<\/script>\n<!-- \/ Yoast SEO plugin. -->","yoast_head_json":{"title":"Mostrador publicitario con cartela superior - Los + baratos","description":"Mostrador publicitario con cartela superior. Mostrador econ\u00f3mico port\u00e1til fabricado en pl\u00e1stico y personalizado. Mostrador desmontable barato","robots":{"index":"index","follow":"follow","max-snippet":"max-snippet:-1","max-image-preview":"max-image-preview:large","max-video-preview":"max-video-preview:-1"},"canonical":"https:\/\/impresiondigitalgranformato.es\/es_es\/producto\/mostrador-publicitario-con-cartela-superior\/","og_locale":"es_ES","og_type":"article","og_title":"Mostrador publicitario con cartela superior - Los + baratos","og_description":"Mostrador publicitario con cartela superior. Mostrador econ\u00f3mico port\u00e1til fabricado en pl\u00e1stico y personalizado. Mostrador desmontable barato","og_url":"https:\/\/impresiondigitalgranformato.es\/es_es\/producto\/mostrador-publicitario-con-cartela-superior\/","og_site_name":"Los + baratos","article_modified_time":"2025-07-04T17:17:01+00:00","og_image":[{"width":986,"height":986,"url":"http:\/\/impresiondigitalgranformato.es\/wp-content\/uploads\/2023\/12\/mostrador-publicitario-cartela-superior.jpg","type":"image\/jpeg"}],"twitter_card":"summary_large_image","twitter_misc":{"Tiempo de lectura":"2 minutos"},"schema":{"@context":"https:\/\/schema.org","@graph":[{"@type":"WebPage","@id":"https:\/\/impresiondigitalgranformato.es\/producto\/mostrador-publicitario-con-cartela-superior\/","url":"https:\/\/impresiondigitalgranformato.es\/producto\/mostrador-publicitario-con-cartela-superior\/","name":"Mostrador publicitario con cartela superior - Los + baratos","isPartOf":{"@id":"https:\/\/impresiondigitalgranformato.es\/#website"},"primaryImageOfPage":{"@id":"https:\/\/impresiondigitalgranformato.es\/producto\/mostrador-publicitario-con-cartela-superior\/#primaryimage"},"image":{"@id":"https:\/\/impresiondigitalgranformato.es\/producto\/mostrador-publicitario-con-cartela-superior\/#primaryimage"},"thumbnailUrl":"https:\/\/i0.wp.com\/impresiondigitalgranformato.es\/wp-content\/uploads\/2023\/12\/mostrador-publicitario-cartela-superior.jpg?fit=986%2C986&ssl=1","datePublished":"2023-12-15T11:16:32+00:00","dateModified":"2025-07-04T17:17:01+00:00","description":"Mostrador publicitario con cartela superior. Mostrador econ\u00f3mico port\u00e1til fabricado en pl\u00e1stico y personalizado. Mostrador desmontable barato","breadcrumb":{"@id":"https:\/\/impresiondigitalgranformato.es\/producto\/mostrador-publicitario-con-cartela-superior\/#breadcrumb"},"inLanguage":"es","potentialAction":[{"@type":"ReadAction","target":["https:\/\/impresiondigitalgranformato.es\/producto\/mostrador-publicitario-con-cartela-superior\/"]}]},{"@type":"ImageObject","inLanguage":"es","@id":"https:\/\/impresiondigitalgranformato.es\/producto\/mostrador-publicitario-con-cartela-superior\/#primaryimage","url":"https:\/\/i0.wp.com\/impresiondigitalgranformato.es\/wp-content\/uploads\/2023\/12\/mostrador-publicitario-cartela-superior.jpg?fit=986%2C986&ssl=1","contentUrl":"https:\/\/i0.wp.com\/impresiondigitalgranformato.es\/wp-content\/uploads\/2023\/12\/mostrador-publicitario-cartela-superior.jpg?fit=986%2C986&ssl=1","width":986,"height":986,"caption":"mostrador publicitario barato con cartela superior"},{"@type":"BreadcrumbList","@id":"https:\/\/impresiondigitalgranformato.es\/producto\/mostrador-publicitario-con-cartela-superior\/#breadcrumb","itemListElement":[{"@type":"ListItem","position":1,"name":"Portada","item":"https:\/\/impresiondigitalgranformato.es\/"},{"@type":"ListItem","position":2,"name":"Productos","item":"https:\/\/impresiondigitalgranformato.es\/venta-roll-up-banner\/"},{"@type":"ListItem","position":3,"name":"Mostrador publicitario con cartela superior"}]},{"@type":"WebSite","@id":"https:\/\/impresiondigitalgranformato.es\/#website","url":"https:\/\/impresiondigitalgranformato.es\/","name":"Los + baratos","description":"impresi\u00f3n digital gran formato venta de roll up, banner, banderas, lonas, carteles, displays, publicidad","publisher":{"@id":"https:\/\/impresiondigitalgranformato.es\/#organization"},"potentialAction":[{"@type":"SearchAction","target":{"@type":"EntryPoint","urlTemplate":"https:\/\/impresiondigitalgranformato.es\/?s={search_term_string}"},"query-input":{"@type":"PropertyValueSpecification","valueRequired":true,"valueName":"search_term_string"}}],"inLanguage":"es"},{"@type":"Organization","@id":"https:\/\/impresiondigitalgranformato.es\/#organization","name":"Los + baratos","url":"https:\/\/impresiondigitalgranformato.es\/","logo":{"@type":"ImageObject","inLanguage":"es","@id":"https:\/\/impresiondigitalgranformato.es\/#\/schema\/logo\/image\/","url":"https:\/\/i0.wp.com\/impresiondigitalgranformato.es\/wp-content\/uploads\/2016\/12\/cropped-logotipo-2-e1483373659766.png?fit=500%2C101&ssl=1","contentUrl":"https:\/\/i0.wp.com\/impresiondigitalgranformato.es\/wp-content\/uploads\/2016\/12\/cropped-logotipo-2-e1483373659766.png?fit=500%2C101&ssl=1","width":500,"height":101,"caption":"Los + baratos"},"image":{"@id":"https:\/\/impresiondigitalgranformato.es\/#\/schema\/logo\/image\/"}}]}},"jetpack_sharing_enabled":true,"_links":{"self":[{"href":"https:\/\/impresiondigitalgranformato.es\/es_es\/wp-json\/wp\/v2\/product\/15827","targetHints":{"allow":["GET"]}}],"collection":[{"href":"https:\/\/impresiondigitalgranformato.es\/es_es\/wp-json\/wp\/v2\/product"}],"about":[{"href":"https:\/\/impresiondigitalgranformato.es\/es_es\/wp-json\/wp\/v2\/types\/product"}],"replies":[{"embeddable":true,"href":"https:\/\/impresiondigitalgranformato.es\/es_es\/wp-json\/wp\/v2\/comments?post=15827"}],"wp:featuredmedia":[{"embeddable":true,"href":"https:\/\/impresiondigitalgranformato.es\/es_es\/wp-json\/wp\/v2\/media\/15828"}],"wp:attachment":[{"href":"https:\/\/impresiondigitalgranformato.es\/es_es\/wp-json\/wp\/v2\/media?parent=15827"}],"wp:term":[{"taxonomy":"product_brand","embeddable":true,"href":"https:\/\/impresiondigitalgranformato.es\/es_es\/wp-json\/wp\/v2\/product_brand?post=15827"},{"taxonomy":"product_cat","embeddable":true,"href":"https:\/\/impresiondigitalgranformato.es\/es_es\/wp-json\/wp\/v2\/product_cat?post=15827"},{"taxonomy":"product_tag","embeddable":true,"href":"https:\/\/impresiondigitalgranformato.es\/es_es\/wp-json\/wp\/v2\/product_tag?post=15827"}],"curies":[{"name":"wp","href":"https:\/\/api.w.org\/{rel}","templated":true}]}}