{"id":16105,"date":"2024-01-24T12:24:28","date_gmt":"2024-01-24T11:24:28","guid":{"rendered":"https:\/\/impresiondigitalgranformato.es\/?post_type=product&#038;p=16105"},"modified":"2025-07-04T18:37:33","modified_gmt":"2025-07-04T16:37:33","slug":"cartel-luminoso-portatil-2x2","status":"publish","type":"product","link":"https:\/\/impresiondigitalgranformato.es\/es_es\/producto\/cartel-luminoso-portatil-2x2\/","title":{"rendered":"Cartel luminoso port\u00e1til 2&#215;2"},"content":{"rendered":"<p><strong>Cartel luminoso port\u00e1til 2&#215;2 metros.<\/strong><br \/>\n<span style=\"color: #003366;\"><strong>Tama\u00f1o:<\/strong><\/span> 200 cm de ancho x 200 cm de altura.<br \/>\n<span style=\"color: #003366;\"><strong>Estructura:<\/strong><\/span> Fabricada en aluminio con f\u00e1cil montaje y desmontaje.<\/p>\n<p><span style=\"color: #003366;\"><strong>Iluminaci\u00f3n:<\/strong><\/span> Interior con led\u00b4s premontada.<\/p>\n<p><span style=\"color: #003366;\"><strong>Gr\u00e1ficas:<\/strong><\/span> Realizadas en tela de poli\u00e9ster con silicona cosida en todo el per\u00edmetro.<\/p>\n<p><a href=\"http:\/\/impresiondigitalgranformato.es\/wp-content\/uploads\/2024\/01\/plantilla-cartel-luminoso-de-200x200-cm.pdf\" target=\"_blank\" rel=\"noopener\">Pinche aqu\u00ed para descargar la plantilla de montaje de archivos de impresi\u00f3n.<\/a><\/p>\n<p><span style=\"color: #003366;\"><strong>Publicidad:<\/strong><\/span> a 1 \u00f3 2 caras.<\/p>\n<p><span style=\"color: #003366;\"><strong>Incluye:<\/strong><\/span> Caja protectora para el transporte<\/p>\n<p><a href=\"https:\/\/impresiondigitalgranformato.es\/carteles-luminosos-portatiles\/\">Pinche aqu\u00ed para ver mas tama\u00f1os y modelos<\/a><\/p>\n<p>&nbsp;<\/p>\n<hr \/>\n<h3 style=\"text-align: center;\"><span style=\"color: #ff6600;\">Destaque por encima de su competencia con este r\u00f3tulo luminoso port\u00e1til 2&#215;2 m.<\/span><\/h3>\n<p>Con este cartel desmontable con iluminaci\u00f3n interior podr\u00e1 realizar una publicidad mucho mas atractiva que la de sus competidores, de su negocio o productos en cualquier evento. Ya que el cartel adem\u00e1s de llevar luz led en el interior, tambi\u00e9n dispone de publicidad en las 2 caras del r\u00f3tulo luminoso port\u00e1til de 2 metros. Una vez que lo monte y encienda todas las miradas ir\u00e1n a su stand si esta en una feria o a su escaparate si se trata de promocionar un producto o servicio.<\/p>\n<p>El montaje del cartel luminoso a 2 caras es bastante sencillo e intuitivo no tardara mas de 10 minutos en formar el cartel con iluminaci\u00f3n interior, ya que las conexiones van numeradas. Una vez formada la estructura del cartel luminoso port\u00e1til a 2 caras solo le quedar\u00eda montar las gr\u00e1ficas, y estas quedan fijadas de una forma muy c\u00f3moda gracias a las tiras de silicona que van cosidas en toda la tela del rotulo luminoso. Las tiras de silicona se\u00a0 insertan en la canaleta que esta todo el largo de la estructura de aluminio y de esta manera las gr\u00e1ficas quedan bien fijadas y tensas en el r\u00f3tulo luminoso port\u00e1til 2&#215;2 a 2 caras. Una vez termine el evento publicitario y proceda al desmontaje toda las piezas de la\u00a0 estructura y las gr\u00e1ficas quedaran guardadas y protegidas dentro de la caja ideada para su conservaci\u00f3n.<\/p>\n<p><a href=\"http:\/\/impresiondigitalgranformato.es\/wp-content\/uploads\/2024\/01\/instrucciones-de-montaje-cartel-luminoso-de-200x200-cm.pdf\" target=\"_blank\" rel=\"noopener\">vea aqu\u00ed la instrucciones de montaje del Cartel luminoso port\u00e1til<\/a><\/p>\n<hr \/>\n<h2 class=\"yikes-custom-woo-tab-title yikes-custom-woo-tab-title-como-preparar-los-archivos\">Como preparar los archivos\u00a0 del r\u00f3tulo luminoso port\u00e1til 2&#215;2<\/h2>\n<div class=\"pbs-main-wrapper\">\n<h4 class=\"yikes-custom-woo-tab-title yikes-custom-woo-tab-title-como-preparar-los-archivos\">Los formatos validos para impresi\u00f3n son JPG, TIFF o PDF, y siempre tienen que estar a tama\u00f1o del art\u00edculo elegido.<\/h4>\n<div class=\"pbs-main-wrapper\">\n<div class=\"pbs-main-wrapper\">\n<ul>\n<li>Si elige comprar el r\u00f3tulo iluminado por las 2 caras, el tama\u00f1o de la imagen debe de ser de 2024 mm de ancho por 2024 mm de alto. Pero solo se expondr\u00e1 la parte central de un tama\u00f1o de 1950 x 1950 mm. Los 37 mm todo alrededor que quedan sin exponer deben tener el mismo color de fondo que el resto pero sin que aparezca ning\u00fan tipo de texto o significativo, ya que no quedaran expuestos y\/o iluminados. (no necesitamos sangrado)<\/li>\n<\/ul>\n<p><strong>DISPONE DE PLANTILLAS DE MONTAJE SI LAS NECESITA <a href=\"http:\/\/impresiondigitalgranformato.es\/wp-content\/uploads\/2024\/01\/plantilla-cartel-luminoso-de-200x200-cm.pdf\" target=\"_blank\" rel=\"noopener\">(pinche aqu\u00ed)<\/a><\/strong><\/p>\n<p>Aconsejamos que como m\u00ednimo est\u00e9n a una resoluci\u00f3n de 125 p.p.p.<\/p>\n<p>Tanto el modo de color CMYK como el de color RGB es valido para impresi\u00f3n. (pero los que est\u00e9n en rgb ser\u00e1n pasados a cmyk a la hora de imprimir)<\/p>\n<p><strong>Revisamos todos los dise\u00f1os en tama\u00f1o y calidad. Le informamos si esta correcto para impresi\u00f3n o por lo contrario creemos que debe modificarlo.<\/strong><\/p>\n<ul>\n<li>Para el env\u00edo del archivo de impresi\u00f3n. Puede hacerlo pinchando SELECCIONE ARCHIVO a la hora de configurar el pedido o cuando\u00a0 finalice la compra con todos los art\u00edculos que necesite y junto con el numero de pedido nos los env\u00eda al mail comercial@impresiondigitalgranformato.es<\/li>\n<\/ul>\n<h4>Tambi\u00e9n cabe la posibilidad de que nosotros se lo prepararemos:<\/h4>\n<p>Para la preparaci\u00f3n de artes finales necesitamos que nos env\u00ede lo siguiente al e-mail: comercial@impresiondigitalgranformato.es<\/p>\n<p>\u2013 Logotipo y\/o im\u00e1genes que quiera que aparezcan.<\/p>\n<p>\u2013 Textos a insertar<\/p>\n<p>\u2013 Una breve descripci\u00f3n de como lo quiere con la mayor informaci\u00f3n que pueda (posici\u00f3n de las im\u00e1genes, colores, tipos de letras\u2026)<\/p>\n<p><strong>-Cuando nos env\u00eden los archivos al e-mail comercial@impresiondigitalgranformato.es\u00a0 indiquenos el numero de pedido.<\/strong><\/p>\n<p>En cualquier momento de la compra o visualizaci\u00f3n en la web puede ponerse en contacto con nosotros para consultarnos cualquier duda a trav\u00e9s de:<\/p>\n<p>Tel\u00e9fono:\u00a0925 761 762 o al 605 265 602 (todos los d\u00edas)<\/p>\n<p>Whatsapp: 605 265 602 (Roberto)<\/p>\n<p>ch\u00e1t:\u00a0en vivo<\/p>\n<p>e-mail:\u00a0comercial@impresiondigitalgranformato.es<\/p>\n<\/div>\n<\/div>\n<\/div>\n<p>&nbsp;<\/p>\n","protected":false},"excerpt":{"rendered":"<p>Tama\u00f1o de 200 x 200 cm<\/p>\n<p>Con impresi\u00f3n a 1 \u00f3 2 cara<\/p>\n<p><a href=\"https:\/\/impresiondigitalgranformato.es\/carteles-luminosos-portatiles\/\">Ver mas modelos<\/a><\/p>\n","protected":false},"featured_media":16106,"comment_status":"open","ping_status":"closed","template":"","meta":[],"product_brand":[],"product_cat":[110],"product_tag":[],"class_list":{"0":"post-16105","1":"product","2":"type-product","3":"status-publish","4":"has-post-thumbnail","6":"product_cat-carteles-luminosos-portatiles","8":"first","9":"instock","10":"taxable","11":"shipping-taxable","12":"purchasable","13":"product-type-simple"},"yoast_head":"<!-- This site is optimized with the Yoast SEO plugin v27.3 - https:\/\/yoast.com\/product\/yoast-seo-wordpress\/ -->\n<title>Cartel luminoso port\u00e1til 2x2 metros - Los + baratos<\/title>\n<meta name=\"description\" content=\"Cartel luminoso port\u00e1til 2x2 m. R\u00f3tulo a 2 caras con iluminaci\u00f3n led interior. Montaje y desmontaje muy sencillo. Env\u00edo gratis a pen\u00ednsula\" \/>\n<meta name=\"robots\" content=\"index, follow, max-snippet:-1, max-image-preview:large, max-video-preview:-1\" \/>\n<link rel=\"canonical\" href=\"https:\/\/impresiondigitalgranformato.es\/es_es\/producto\/cartel-luminoso-portatil-2x2\/\" \/>\n<meta property=\"og:locale\" content=\"es_ES\" \/>\n<meta property=\"og:type\" content=\"article\" \/>\n<meta property=\"og:title\" content=\"Cartel luminoso port\u00e1til 2x2 metros - Los + baratos\" \/>\n<meta property=\"og:description\" content=\"Cartel luminoso port\u00e1til 2x2 m. R\u00f3tulo a 2 caras con iluminaci\u00f3n led interior. Montaje y desmontaje muy sencillo. Env\u00edo gratis a pen\u00ednsula\" \/>\n<meta property=\"og:url\" content=\"https:\/\/impresiondigitalgranformato.es\/es_es\/producto\/cartel-luminoso-portatil-2x2\/\" \/>\n<meta property=\"og:site_name\" content=\"Los + baratos\" \/>\n<meta property=\"article:modified_time\" content=\"2025-07-04T16:37:33+00:00\" \/>\n<meta property=\"og:image\" content=\"http:\/\/impresiondigitalgranformato.es\/wp-content\/uploads\/2024\/01\/cartel-luminoso-portatil-2x2-1.jpg\" \/>\n\t<meta property=\"og:image:width\" content=\"945\" \/>\n\t<meta property=\"og:image:height\" content=\"945\" \/>\n\t<meta property=\"og:image:type\" content=\"image\/jpeg\" \/>\n<meta name=\"twitter:card\" content=\"summary_large_image\" \/>\n<meta name=\"twitter:label1\" content=\"Tiempo de lectura\" \/>\n\t<meta name=\"twitter:data1\" content=\"4 minutos\" \/>\n<script type=\"application\/ld+json\" class=\"yoast-schema-graph\">{\"@context\":\"https:\\\/\\\/schema.org\",\"@graph\":[{\"@type\":\"WebPage\",\"@id\":\"https:\\\/\\\/impresiondigitalgranformato.es\\\/producto\\\/cartel-luminoso-portatil-2x2\\\/\",\"url\":\"https:\\\/\\\/impresiondigitalgranformato.es\\\/producto\\\/cartel-luminoso-portatil-2x2\\\/\",\"name\":\"Cartel luminoso port\u00e1til 2x2 metros - Los + baratos\",\"isPartOf\":{\"@id\":\"https:\\\/\\\/impresiondigitalgranformato.es\\\/#website\"},\"primaryImageOfPage\":{\"@id\":\"https:\\\/\\\/impresiondigitalgranformato.es\\\/producto\\\/cartel-luminoso-portatil-2x2\\\/#primaryimage\"},\"image\":{\"@id\":\"https:\\\/\\\/impresiondigitalgranformato.es\\\/producto\\\/cartel-luminoso-portatil-2x2\\\/#primaryimage\"},\"thumbnailUrl\":\"https:\\\/\\\/i0.wp.com\\\/impresiondigitalgranformato.es\\\/wp-content\\\/uploads\\\/2024\\\/01\\\/cartel-luminoso-portatil-2x2-1.jpg?fit=945%2C945&ssl=1\",\"datePublished\":\"2024-01-24T11:24:28+00:00\",\"dateModified\":\"2025-07-04T16:37:33+00:00\",\"description\":\"Cartel luminoso port\u00e1til 2x2 m. R\u00f3tulo a 2 caras con iluminaci\u00f3n led interior. Montaje y desmontaje muy sencillo. Env\u00edo gratis a pen\u00ednsula\",\"breadcrumb\":{\"@id\":\"https:\\\/\\\/impresiondigitalgranformato.es\\\/producto\\\/cartel-luminoso-portatil-2x2\\\/#breadcrumb\"},\"inLanguage\":\"es\",\"potentialAction\":[{\"@type\":\"ReadAction\",\"target\":[\"https:\\\/\\\/impresiondigitalgranformato.es\\\/producto\\\/cartel-luminoso-portatil-2x2\\\/\"]}]},{\"@type\":\"ImageObject\",\"inLanguage\":\"es\",\"@id\":\"https:\\\/\\\/impresiondigitalgranformato.es\\\/producto\\\/cartel-luminoso-portatil-2x2\\\/#primaryimage\",\"url\":\"https:\\\/\\\/i0.wp.com\\\/impresiondigitalgranformato.es\\\/wp-content\\\/uploads\\\/2024\\\/01\\\/cartel-luminoso-portatil-2x2-1.jpg?fit=945%2C945&ssl=1\",\"contentUrl\":\"https:\\\/\\\/i0.wp.com\\\/impresiondigitalgranformato.es\\\/wp-content\\\/uploads\\\/2024\\\/01\\\/cartel-luminoso-portatil-2x2-1.jpg?fit=945%2C945&ssl=1\",\"width\":945,\"height\":945,\"caption\":\"cartel luminoso port\u00e1til 2x2\"},{\"@type\":\"BreadcrumbList\",\"@id\":\"https:\\\/\\\/impresiondigitalgranformato.es\\\/producto\\\/cartel-luminoso-portatil-2x2\\\/#breadcrumb\",\"itemListElement\":[{\"@type\":\"ListItem\",\"position\":1,\"name\":\"Portada\",\"item\":\"https:\\\/\\\/impresiondigitalgranformato.es\\\/\"},{\"@type\":\"ListItem\",\"position\":2,\"name\":\"Productos\",\"item\":\"https:\\\/\\\/impresiondigitalgranformato.es\\\/venta-roll-up-banner\\\/\"},{\"@type\":\"ListItem\",\"position\":3,\"name\":\"Cartel luminoso port\u00e1til 2&#215;2\"}]},{\"@type\":\"WebSite\",\"@id\":\"https:\\\/\\\/impresiondigitalgranformato.es\\\/#website\",\"url\":\"https:\\\/\\\/impresiondigitalgranformato.es\\\/\",\"name\":\"Los + baratos\",\"description\":\"impresi\u00f3n digital gran formato venta de roll up, banner, banderas, lonas, carteles, displays, publicidad\",\"publisher\":{\"@id\":\"https:\\\/\\\/impresiondigitalgranformato.es\\\/#organization\"},\"potentialAction\":[{\"@type\":\"SearchAction\",\"target\":{\"@type\":\"EntryPoint\",\"urlTemplate\":\"https:\\\/\\\/impresiondigitalgranformato.es\\\/?s={search_term_string}\"},\"query-input\":{\"@type\":\"PropertyValueSpecification\",\"valueRequired\":true,\"valueName\":\"search_term_string\"}}],\"inLanguage\":\"es\"},{\"@type\":\"Organization\",\"@id\":\"https:\\\/\\\/impresiondigitalgranformato.es\\\/#organization\",\"name\":\"Los + baratos\",\"url\":\"https:\\\/\\\/impresiondigitalgranformato.es\\\/\",\"logo\":{\"@type\":\"ImageObject\",\"inLanguage\":\"es\",\"@id\":\"https:\\\/\\\/impresiondigitalgranformato.es\\\/#\\\/schema\\\/logo\\\/image\\\/\",\"url\":\"https:\\\/\\\/i0.wp.com\\\/impresiondigitalgranformato.es\\\/wp-content\\\/uploads\\\/2016\\\/12\\\/cropped-logotipo-2-e1483373659766.png?fit=500%2C101&ssl=1\",\"contentUrl\":\"https:\\\/\\\/i0.wp.com\\\/impresiondigitalgranformato.es\\\/wp-content\\\/uploads\\\/2016\\\/12\\\/cropped-logotipo-2-e1483373659766.png?fit=500%2C101&ssl=1\",\"width\":500,\"height\":101,\"caption\":\"Los + baratos\"},\"image\":{\"@id\":\"https:\\\/\\\/impresiondigitalgranformato.es\\\/#\\\/schema\\\/logo\\\/image\\\/\"}}]}<\/script>\n<!-- \/ Yoast SEO plugin. -->","yoast_head_json":{"title":"Cartel luminoso port\u00e1til 2x2 metros - Los + baratos","description":"Cartel luminoso port\u00e1til 2x2 m. R\u00f3tulo a 2 caras con iluminaci\u00f3n led interior. Montaje y desmontaje muy sencillo. Env\u00edo gratis a pen\u00ednsula","robots":{"index":"index","follow":"follow","max-snippet":"max-snippet:-1","max-image-preview":"max-image-preview:large","max-video-preview":"max-video-preview:-1"},"canonical":"https:\/\/impresiondigitalgranformato.es\/es_es\/producto\/cartel-luminoso-portatil-2x2\/","og_locale":"es_ES","og_type":"article","og_title":"Cartel luminoso port\u00e1til 2x2 metros - Los + baratos","og_description":"Cartel luminoso port\u00e1til 2x2 m. R\u00f3tulo a 2 caras con iluminaci\u00f3n led interior. Montaje y desmontaje muy sencillo. Env\u00edo gratis a pen\u00ednsula","og_url":"https:\/\/impresiondigitalgranformato.es\/es_es\/producto\/cartel-luminoso-portatil-2x2\/","og_site_name":"Los + baratos","article_modified_time":"2025-07-04T16:37:33+00:00","og_image":[{"width":945,"height":945,"url":"http:\/\/impresiondigitalgranformato.es\/wp-content\/uploads\/2024\/01\/cartel-luminoso-portatil-2x2-1.jpg","type":"image\/jpeg"}],"twitter_card":"summary_large_image","twitter_misc":{"Tiempo de lectura":"4 minutos"},"schema":{"@context":"https:\/\/schema.org","@graph":[{"@type":"WebPage","@id":"https:\/\/impresiondigitalgranformato.es\/producto\/cartel-luminoso-portatil-2x2\/","url":"https:\/\/impresiondigitalgranformato.es\/producto\/cartel-luminoso-portatil-2x2\/","name":"Cartel luminoso port\u00e1til 2x2 metros - Los + baratos","isPartOf":{"@id":"https:\/\/impresiondigitalgranformato.es\/#website"},"primaryImageOfPage":{"@id":"https:\/\/impresiondigitalgranformato.es\/producto\/cartel-luminoso-portatil-2x2\/#primaryimage"},"image":{"@id":"https:\/\/impresiondigitalgranformato.es\/producto\/cartel-luminoso-portatil-2x2\/#primaryimage"},"thumbnailUrl":"https:\/\/i0.wp.com\/impresiondigitalgranformato.es\/wp-content\/uploads\/2024\/01\/cartel-luminoso-portatil-2x2-1.jpg?fit=945%2C945&ssl=1","datePublished":"2024-01-24T11:24:28+00:00","dateModified":"2025-07-04T16:37:33+00:00","description":"Cartel luminoso port\u00e1til 2x2 m. R\u00f3tulo a 2 caras con iluminaci\u00f3n led interior. Montaje y desmontaje muy sencillo. Env\u00edo gratis a pen\u00ednsula","breadcrumb":{"@id":"https:\/\/impresiondigitalgranformato.es\/producto\/cartel-luminoso-portatil-2x2\/#breadcrumb"},"inLanguage":"es","potentialAction":[{"@type":"ReadAction","target":["https:\/\/impresiondigitalgranformato.es\/producto\/cartel-luminoso-portatil-2x2\/"]}]},{"@type":"ImageObject","inLanguage":"es","@id":"https:\/\/impresiondigitalgranformato.es\/producto\/cartel-luminoso-portatil-2x2\/#primaryimage","url":"https:\/\/i0.wp.com\/impresiondigitalgranformato.es\/wp-content\/uploads\/2024\/01\/cartel-luminoso-portatil-2x2-1.jpg?fit=945%2C945&ssl=1","contentUrl":"https:\/\/i0.wp.com\/impresiondigitalgranformato.es\/wp-content\/uploads\/2024\/01\/cartel-luminoso-portatil-2x2-1.jpg?fit=945%2C945&ssl=1","width":945,"height":945,"caption":"cartel luminoso port\u00e1til 2x2"},{"@type":"BreadcrumbList","@id":"https:\/\/impresiondigitalgranformato.es\/producto\/cartel-luminoso-portatil-2x2\/#breadcrumb","itemListElement":[{"@type":"ListItem","position":1,"name":"Portada","item":"https:\/\/impresiondigitalgranformato.es\/"},{"@type":"ListItem","position":2,"name":"Productos","item":"https:\/\/impresiondigitalgranformato.es\/venta-roll-up-banner\/"},{"@type":"ListItem","position":3,"name":"Cartel luminoso port\u00e1til 2&#215;2"}]},{"@type":"WebSite","@id":"https:\/\/impresiondigitalgranformato.es\/#website","url":"https:\/\/impresiondigitalgranformato.es\/","name":"Los + baratos","description":"impresi\u00f3n digital gran formato venta de roll up, banner, banderas, lonas, carteles, displays, publicidad","publisher":{"@id":"https:\/\/impresiondigitalgranformato.es\/#organization"},"potentialAction":[{"@type":"SearchAction","target":{"@type":"EntryPoint","urlTemplate":"https:\/\/impresiondigitalgranformato.es\/?s={search_term_string}"},"query-input":{"@type":"PropertyValueSpecification","valueRequired":true,"valueName":"search_term_string"}}],"inLanguage":"es"},{"@type":"Organization","@id":"https:\/\/impresiondigitalgranformato.es\/#organization","name":"Los + baratos","url":"https:\/\/impresiondigitalgranformato.es\/","logo":{"@type":"ImageObject","inLanguage":"es","@id":"https:\/\/impresiondigitalgranformato.es\/#\/schema\/logo\/image\/","url":"https:\/\/i0.wp.com\/impresiondigitalgranformato.es\/wp-content\/uploads\/2016\/12\/cropped-logotipo-2-e1483373659766.png?fit=500%2C101&ssl=1","contentUrl":"https:\/\/i0.wp.com\/impresiondigitalgranformato.es\/wp-content\/uploads\/2016\/12\/cropped-logotipo-2-e1483373659766.png?fit=500%2C101&ssl=1","width":500,"height":101,"caption":"Los + baratos"},"image":{"@id":"https:\/\/impresiondigitalgranformato.es\/#\/schema\/logo\/image\/"}}]}},"jetpack_sharing_enabled":true,"_links":{"self":[{"href":"https:\/\/impresiondigitalgranformato.es\/es_es\/wp-json\/wp\/v2\/product\/16105","targetHints":{"allow":["GET"]}}],"collection":[{"href":"https:\/\/impresiondigitalgranformato.es\/es_es\/wp-json\/wp\/v2\/product"}],"about":[{"href":"https:\/\/impresiondigitalgranformato.es\/es_es\/wp-json\/wp\/v2\/types\/product"}],"replies":[{"embeddable":true,"href":"https:\/\/impresiondigitalgranformato.es\/es_es\/wp-json\/wp\/v2\/comments?post=16105"}],"wp:featuredmedia":[{"embeddable":true,"href":"https:\/\/impresiondigitalgranformato.es\/es_es\/wp-json\/wp\/v2\/media\/16106"}],"wp:attachment":[{"href":"https:\/\/impresiondigitalgranformato.es\/es_es\/wp-json\/wp\/v2\/media?parent=16105"}],"wp:term":[{"taxonomy":"product_brand","embeddable":true,"href":"https:\/\/impresiondigitalgranformato.es\/es_es\/wp-json\/wp\/v2\/product_brand?post=16105"},{"taxonomy":"product_cat","embeddable":true,"href":"https:\/\/impresiondigitalgranformato.es\/es_es\/wp-json\/wp\/v2\/product_cat?post=16105"},{"taxonomy":"product_tag","embeddable":true,"href":"https:\/\/impresiondigitalgranformato.es\/es_es\/wp-json\/wp\/v2\/product_tag?post=16105"}],"curies":[{"name":"wp","href":"https:\/\/api.w.org\/{rel}","templated":true}]}}