{"id":16315,"date":"2024-02-15T12:18:49","date_gmt":"2024-02-15T11:18:49","guid":{"rendered":"https:\/\/impresiondigitalgranformato.es\/?post_type=product&#038;p=16315"},"modified":"2025-07-04T18:48:22","modified_gmt":"2025-07-04T16:48:22","slug":"photocall-de-3-metros","status":"publish","type":"product","link":"https:\/\/impresiondigitalgranformato.es\/es_es\/producto\/photocall-de-3-metros\/","title":{"rendered":"Photocall de 3 metros"},"content":{"rendered":"<p>Photocall de 3 metros<\/p>\n<p><strong>Tama\u00f1o:<\/strong> 320 x 200 cm<\/p>\n<p><strong>Incluye:<\/strong> Gr\u00e1fica personalizada realizada en lona de pvc de 450 gr. Fundida satinada, con impresi\u00f3n digital de alta calidad y 4 Estructuras de fibra de vidrio con funda de transporte.<\/p>\n<p>Los photocall son muy importantes casi imprescindibles para cualquier evento o promoci\u00f3n de productos. Con este photocoll de 320 x 200 cm podr\u00e1 dar un toque de elegancia en su fiesta, comuni\u00f3n, boda &#8230; permitiendo a sus invitados retratarse con este fondo de pared para siempre recordarlo.<\/p>\n<p>Photocall de f\u00e1cil montaje, le puede montar y desmotar las veces que se quiera. V\u00e9alo en nuestro\u00a0<a href=\"https:\/\/youtu.be\/Nuzr8IbuDew\" target=\"_blank\" rel=\"noopener\">v\u00eddeo de montaje<\/a>, Una vez recogido le puede dejar guardado en su caja hasta su pr\u00f3ximo evento.<\/p>\n<p>Este tama\u00f1o el photocall barato de 320\u00d7200 cm es uno de los modelos de gran tama\u00f1o que ofrecemos, con este formato de fotocol pueden retratarse c\u00f3modamente 6 personas juntas.<\/p>\n<p>Si busca algo mas grande por que necesita cubrir mas fondo para fotografiar, el numero de personas que pose en el fondo personalizado quiera que sea mayor o por lo contrario necesita un photocall peque\u00f1o y econ\u00f3mico Visite <a href=\"https:\/\/impresiondigitalgranformato.es\/photocall-baratos\/\">nuestra galer\u00eda<\/a>\u00a0donde hay mas tama\u00f1os.<\/p>\n<p><span style=\"color: #ff0000;\">DESCUENTOS POR CANTIDADES !!!<\/span><\/p>\n<p><strong>Este producto se puede entregar en 24 horas*<\/strong><\/p>\n<p data-pbs-phone-margin-bottom=\"18px\">Diferentes clases de env\u00edo:<\/p>\n<p data-pbs-phone-margin-bottom=\"18px\"><strong>Producci\u00f3n y entrega en 8 d\u00edas laborales<\/strong><\/p>\n<p data-pbs-phone-margin-bottom=\"18px\"><strong>Producci\u00f3n y entrega en 4 d\u00edas laborales<\/strong><\/p>\n<p data-pbs-phone-margin-top=\"1px\"><strong>Producci\u00f3n y entrega en 2 d\u00edas laborales<\/strong><\/p>\n<p data-pbs-phone-margin-top=\"1px\"><strong>Producci\u00f3n y entrega en 1 dia laboral*<\/strong>\u00a0(este servicio es solo valido para pedidos confirmado antes de las 11:30 horas del d\u00eda en curso.)<\/p>\n<h2 class=\"yikes-custom-woo-tab-title yikes-custom-woo-tab-title-como-preparar-los-archivos\">Como preparar los archivos del photocall de 3 metros<\/h2>\n<div class=\"pbs-main-wrapper\">\n<p>Los formatos validos para impresi\u00f3n son JPG, TIFF o PDF, y siempre tienen que estar a tama\u00f1o de 320 x 200 cm o escalado a esa medida.<\/p>\n<p>Aconsejamos que como m\u00ednimo est\u00e9n a una resoluci\u00f3n de 125 p.p.p.<\/p>\n<p>Tanto el modo de color CMYK como el de color RGB es valido para impresi\u00f3n<\/p>\n<p>** Tenemos plantilla de montaje, la pueden descargar si la necesitan. <a href=\"http:\/\/impresiondigitalgranformato.es\/wp-content\/uploads\/2024\/02\/plantilla-photocall-de-3-metros.pdf\" target=\"_blank\" rel=\"noopener\">(pinche aqu\u00ed)<\/a><\/p>\n<p><strong>Revisamos todos los dise\u00f1os en tama\u00f1o y calidad. Le informamos si esta correcto para impresi\u00f3n o por lo contrario creemos que debe modificarlo.<\/strong><\/p>\n<ul>\n<li>Para el env\u00edo del archivo de impresi\u00f3n. Lo puede realizar a la hora de configurar el pedido pinchando en: <span style=\"color: #ff0000;\">SELECCIONE ARCHIVO<\/span> o en el caso que pese mas de 10 MB o sean varios archivos tendr\u00eda que finalizar la compra con todos los art\u00edculos que necesite y junto con el numero de pedido nos los env\u00eda al mail comercial@impresiondigitalgranformato.es<\/li>\n<\/ul>\n<h4>Tambi\u00e9n cabe la posibilidad de que nosotros se lo prepararemos:<\/h4>\n<p>Para ello en la secci\u00f3n PARA LA IMPRESI\u00d3N seleccione NECESITAMOS QUE NOS LO DISE\u00d1EN.<\/p>\n<p>Despu\u00e9s enviarnos junto al numero de pedido lo siguiente al e-mail: comercial@impresiondigitalgranformato.es :<\/p>\n<p>\u2013 Logotipo y\/o im\u00e1genes que quiera que aparezcan.<\/p>\n<p>\u2013 Textos a insertar<\/p>\n<p>\u2013 Una breve descripci\u00f3n de como lo quiere con la mayor informaci\u00f3n que pueda (posici\u00f3n de las im\u00e1genes, colores, tipos de letras\u2026)<\/p>\n<p><strong>Nosotros le enviaremos la adaptaci\u00f3n para su aprobaci\u00f3n antes de imprimir.<\/strong><\/p>\n<p>En cualquier momento de la compra o visualizaci\u00f3n en la web puede ponerse en contacto con nosotros para consultarnos cualquier duda a trav\u00e9s de:<\/p>\n<p>Tel\u00e9fono:\u00a0925 761 762 o al 605 265 602 (todos los d\u00edas)<\/p>\n<p>Wasap:\u00a0605 265 602 (Roberto)<\/p>\n<p>ch\u00e1t:\u00a0en vivo<\/p>\n<p>e-mail:\u00a0comercial@impresiondigitalgranformato.es<\/p>\n<\/div>\n","protected":false},"excerpt":{"rendered":"<p style=\"text-align: left;\">Photocall de 320 x 200 cm<\/p>\n<p style=\"text-align: left;\">Incluye: Gr\u00e1fica personalizada realizada en lona y estructuras para su montaje<\/p>\n<p style=\"text-align: left;\"><span style=\"color: #ff0000;\">DESCUENTOS POR CANTIDADES !!!<\/span><\/p>\n<p style=\"text-align: left;\"><strong>Env\u00edo gratuito<\/strong>\u00a0desde la 1\u00aa unid.<\/p>\n<p style=\"text-align: left;\">Este producto se puede entregar en 24 horas<strong>*<\/strong><\/p>\n<p style=\"text-align: left;\"><a href=\"https:\/\/impresiondigitalgranformato.es\/photocall-baratos\/\"><img loading=\"lazy\" decoding=\"async\" class=\"aligncenter wp-image-12936 size-full\" src=\"http:\/\/impresiondigitalgranformato.es\/wp-content\/uploads\/2019\/09\/impresion-digital-mas-modelos.png\" alt=\"impresion digital mas modelos\" width=\"468\" height=\"61\" srcset=\"https:\/\/i0.wp.com\/impresiondigitalgranformato.es\/wp-content\/uploads\/2019\/09\/impresion-digital-mas-modelos.png?w=468&amp;ssl=1 468w, https:\/\/i0.wp.com\/impresiondigitalgranformato.es\/wp-content\/uploads\/2019\/09\/impresion-digital-mas-modelos.png?resize=100%2C13&amp;ssl=1 100w, https:\/\/i0.wp.com\/impresiondigitalgranformato.es\/wp-content\/uploads\/2019\/09\/impresion-digital-mas-modelos.png?resize=150%2C20&amp;ssl=1 150w, https:\/\/i0.wp.com\/impresiondigitalgranformato.es\/wp-content\/uploads\/2019\/09\/impresion-digital-mas-modelos.png?resize=200%2C26&amp;ssl=1 200w, https:\/\/i0.wp.com\/impresiondigitalgranformato.es\/wp-content\/uploads\/2019\/09\/impresion-digital-mas-modelos.png?resize=300%2C39&amp;ssl=1 300w, https:\/\/i0.wp.com\/impresiondigitalgranformato.es\/wp-content\/uploads\/2019\/09\/impresion-digital-mas-modelos.png?resize=450%2C59&amp;ssl=1 450w\" sizes=\"auto, (max-width: 468px) 100vw, 468px\" \/><\/a><\/p>\n","protected":false},"featured_media":16321,"comment_status":"open","ping_status":"closed","template":"","meta":[],"product_brand":[],"product_cat":[9],"product_tag":[],"class_list":{"0":"post-16315","1":"product","2":"type-product","3":"status-publish","4":"has-post-thumbnail","6":"product_cat-photocall-barato","8":"first","9":"instock","10":"sold-individually","11":"taxable","12":"shipping-taxable","13":"purchasable","14":"product-type-simple"},"yoast_head":"<!-- This site is optimized with the Yoast SEO plugin v27.3 - https:\/\/yoast.com\/product\/yoast-seo-wordpress\/ -->\n<title>Photocall de 3 metros - Los + baratos<\/title>\n<meta name=\"description\" content=\"Photocall de 3 metros econ\u00f3mico. Tama\u00f1o de 320 x 200 cm, incluye gr\u00e1fica del photocall personalizada en lona y estructura. Env\u00edo gratis.\" \/>\n<meta name=\"robots\" content=\"index, follow, max-snippet:-1, max-image-preview:large, max-video-preview:-1\" \/>\n<link rel=\"canonical\" href=\"https:\/\/impresiondigitalgranformato.es\/es_es\/producto\/photocall-de-3-metros\/\" \/>\n<meta property=\"og:locale\" content=\"es_ES\" \/>\n<meta property=\"og:type\" content=\"article\" \/>\n<meta property=\"og:title\" content=\"Photocall de 3 metros - Los + baratos\" \/>\n<meta property=\"og:description\" content=\"Photocall de 3 metros econ\u00f3mico. Tama\u00f1o de 320 x 200 cm, incluye gr\u00e1fica del photocall personalizada en lona y estructura. Env\u00edo gratis.\" \/>\n<meta property=\"og:url\" content=\"https:\/\/impresiondigitalgranformato.es\/es_es\/producto\/photocall-de-3-metros\/\" \/>\n<meta property=\"og:site_name\" content=\"Los + baratos\" \/>\n<meta property=\"article:modified_time\" content=\"2025-07-04T16:48:22+00:00\" \/>\n<meta property=\"og:image\" content=\"http:\/\/impresiondigitalgranformato.es\/wp-content\/uploads\/2024\/02\/photocall-de-3-metros.jpg\" \/>\n\t<meta property=\"og:image:width\" content=\"1260\" \/>\n\t<meta property=\"og:image:height\" content=\"1260\" \/>\n\t<meta property=\"og:image:type\" content=\"image\/jpeg\" \/>\n<meta name=\"twitter:card\" content=\"summary_large_image\" \/>\n<meta name=\"twitter:label1\" content=\"Tiempo de lectura\" \/>\n\t<meta name=\"twitter:data1\" content=\"3 minutos\" \/>\n<script type=\"application\/ld+json\" class=\"yoast-schema-graph\">{\"@context\":\"https:\\\/\\\/schema.org\",\"@graph\":[{\"@type\":\"WebPage\",\"@id\":\"https:\\\/\\\/impresiondigitalgranformato.es\\\/producto\\\/photocall-de-3-metros\\\/\",\"url\":\"https:\\\/\\\/impresiondigitalgranformato.es\\\/producto\\\/photocall-de-3-metros\\\/\",\"name\":\"Photocall de 3 metros - Los + baratos\",\"isPartOf\":{\"@id\":\"https:\\\/\\\/impresiondigitalgranformato.es\\\/#website\"},\"primaryImageOfPage\":{\"@id\":\"https:\\\/\\\/impresiondigitalgranformato.es\\\/producto\\\/photocall-de-3-metros\\\/#primaryimage\"},\"image\":{\"@id\":\"https:\\\/\\\/impresiondigitalgranformato.es\\\/producto\\\/photocall-de-3-metros\\\/#primaryimage\"},\"thumbnailUrl\":\"https:\\\/\\\/i0.wp.com\\\/impresiondigitalgranformato.es\\\/wp-content\\\/uploads\\\/2024\\\/02\\\/photocall-de-3-metros.jpg?fit=1260%2C1260&ssl=1\",\"datePublished\":\"2024-02-15T11:18:49+00:00\",\"dateModified\":\"2025-07-04T16:48:22+00:00\",\"description\":\"Photocall de 3 metros econ\u00f3mico. Tama\u00f1o de 320 x 200 cm, incluye gr\u00e1fica del photocall personalizada en lona y estructura. Env\u00edo gratis.\",\"breadcrumb\":{\"@id\":\"https:\\\/\\\/impresiondigitalgranformato.es\\\/producto\\\/photocall-de-3-metros\\\/#breadcrumb\"},\"inLanguage\":\"es\",\"potentialAction\":[{\"@type\":\"ReadAction\",\"target\":[\"https:\\\/\\\/impresiondigitalgranformato.es\\\/producto\\\/photocall-de-3-metros\\\/\"]}]},{\"@type\":\"ImageObject\",\"inLanguage\":\"es\",\"@id\":\"https:\\\/\\\/impresiondigitalgranformato.es\\\/producto\\\/photocall-de-3-metros\\\/#primaryimage\",\"url\":\"https:\\\/\\\/i0.wp.com\\\/impresiondigitalgranformato.es\\\/wp-content\\\/uploads\\\/2024\\\/02\\\/photocall-de-3-metros.jpg?fit=1260%2C1260&ssl=1\",\"contentUrl\":\"https:\\\/\\\/i0.wp.com\\\/impresiondigitalgranformato.es\\\/wp-content\\\/uploads\\\/2024\\\/02\\\/photocall-de-3-metros.jpg?fit=1260%2C1260&ssl=1\",\"width\":1260,\"height\":1260,\"caption\":\"photocall de 3 metros\"},{\"@type\":\"BreadcrumbList\",\"@id\":\"https:\\\/\\\/impresiondigitalgranformato.es\\\/producto\\\/photocall-de-3-metros\\\/#breadcrumb\",\"itemListElement\":[{\"@type\":\"ListItem\",\"position\":1,\"name\":\"Portada\",\"item\":\"https:\\\/\\\/impresiondigitalgranformato.es\\\/\"},{\"@type\":\"ListItem\",\"position\":2,\"name\":\"Productos\",\"item\":\"https:\\\/\\\/impresiondigitalgranformato.es\\\/venta-roll-up-banner\\\/\"},{\"@type\":\"ListItem\",\"position\":3,\"name\":\"Photocall de 3 metros\"}]},{\"@type\":\"WebSite\",\"@id\":\"https:\\\/\\\/impresiondigitalgranformato.es\\\/#website\",\"url\":\"https:\\\/\\\/impresiondigitalgranformato.es\\\/\",\"name\":\"Los + baratos\",\"description\":\"impresi\u00f3n digital gran formato venta de roll up, banner, banderas, lonas, carteles, displays, publicidad\",\"publisher\":{\"@id\":\"https:\\\/\\\/impresiondigitalgranformato.es\\\/#organization\"},\"potentialAction\":[{\"@type\":\"SearchAction\",\"target\":{\"@type\":\"EntryPoint\",\"urlTemplate\":\"https:\\\/\\\/impresiondigitalgranformato.es\\\/?s={search_term_string}\"},\"query-input\":{\"@type\":\"PropertyValueSpecification\",\"valueRequired\":true,\"valueName\":\"search_term_string\"}}],\"inLanguage\":\"es\"},{\"@type\":\"Organization\",\"@id\":\"https:\\\/\\\/impresiondigitalgranformato.es\\\/#organization\",\"name\":\"Los + baratos\",\"url\":\"https:\\\/\\\/impresiondigitalgranformato.es\\\/\",\"logo\":{\"@type\":\"ImageObject\",\"inLanguage\":\"es\",\"@id\":\"https:\\\/\\\/impresiondigitalgranformato.es\\\/#\\\/schema\\\/logo\\\/image\\\/\",\"url\":\"https:\\\/\\\/i0.wp.com\\\/impresiondigitalgranformato.es\\\/wp-content\\\/uploads\\\/2016\\\/12\\\/cropped-logotipo-2-e1483373659766.png?fit=500%2C101&ssl=1\",\"contentUrl\":\"https:\\\/\\\/i0.wp.com\\\/impresiondigitalgranformato.es\\\/wp-content\\\/uploads\\\/2016\\\/12\\\/cropped-logotipo-2-e1483373659766.png?fit=500%2C101&ssl=1\",\"width\":500,\"height\":101,\"caption\":\"Los + baratos\"},\"image\":{\"@id\":\"https:\\\/\\\/impresiondigitalgranformato.es\\\/#\\\/schema\\\/logo\\\/image\\\/\"}}]}<\/script>\n<!-- \/ Yoast SEO plugin. -->","yoast_head_json":{"title":"Photocall de 3 metros - Los + baratos","description":"Photocall de 3 metros econ\u00f3mico. Tama\u00f1o de 320 x 200 cm, incluye gr\u00e1fica del photocall personalizada en lona y estructura. Env\u00edo gratis.","robots":{"index":"index","follow":"follow","max-snippet":"max-snippet:-1","max-image-preview":"max-image-preview:large","max-video-preview":"max-video-preview:-1"},"canonical":"https:\/\/impresiondigitalgranformato.es\/es_es\/producto\/photocall-de-3-metros\/","og_locale":"es_ES","og_type":"article","og_title":"Photocall de 3 metros - Los + baratos","og_description":"Photocall de 3 metros econ\u00f3mico. Tama\u00f1o de 320 x 200 cm, incluye gr\u00e1fica del photocall personalizada en lona y estructura. Env\u00edo gratis.","og_url":"https:\/\/impresiondigitalgranformato.es\/es_es\/producto\/photocall-de-3-metros\/","og_site_name":"Los + baratos","article_modified_time":"2025-07-04T16:48:22+00:00","og_image":[{"width":1260,"height":1260,"url":"http:\/\/impresiondigitalgranformato.es\/wp-content\/uploads\/2024\/02\/photocall-de-3-metros.jpg","type":"image\/jpeg"}],"twitter_card":"summary_large_image","twitter_misc":{"Tiempo de lectura":"3 minutos"},"schema":{"@context":"https:\/\/schema.org","@graph":[{"@type":"WebPage","@id":"https:\/\/impresiondigitalgranformato.es\/producto\/photocall-de-3-metros\/","url":"https:\/\/impresiondigitalgranformato.es\/producto\/photocall-de-3-metros\/","name":"Photocall de 3 metros - Los + baratos","isPartOf":{"@id":"https:\/\/impresiondigitalgranformato.es\/#website"},"primaryImageOfPage":{"@id":"https:\/\/impresiondigitalgranformato.es\/producto\/photocall-de-3-metros\/#primaryimage"},"image":{"@id":"https:\/\/impresiondigitalgranformato.es\/producto\/photocall-de-3-metros\/#primaryimage"},"thumbnailUrl":"https:\/\/i0.wp.com\/impresiondigitalgranformato.es\/wp-content\/uploads\/2024\/02\/photocall-de-3-metros.jpg?fit=1260%2C1260&ssl=1","datePublished":"2024-02-15T11:18:49+00:00","dateModified":"2025-07-04T16:48:22+00:00","description":"Photocall de 3 metros econ\u00f3mico. Tama\u00f1o de 320 x 200 cm, incluye gr\u00e1fica del photocall personalizada en lona y estructura. Env\u00edo gratis.","breadcrumb":{"@id":"https:\/\/impresiondigitalgranformato.es\/producto\/photocall-de-3-metros\/#breadcrumb"},"inLanguage":"es","potentialAction":[{"@type":"ReadAction","target":["https:\/\/impresiondigitalgranformato.es\/producto\/photocall-de-3-metros\/"]}]},{"@type":"ImageObject","inLanguage":"es","@id":"https:\/\/impresiondigitalgranformato.es\/producto\/photocall-de-3-metros\/#primaryimage","url":"https:\/\/i0.wp.com\/impresiondigitalgranformato.es\/wp-content\/uploads\/2024\/02\/photocall-de-3-metros.jpg?fit=1260%2C1260&ssl=1","contentUrl":"https:\/\/i0.wp.com\/impresiondigitalgranformato.es\/wp-content\/uploads\/2024\/02\/photocall-de-3-metros.jpg?fit=1260%2C1260&ssl=1","width":1260,"height":1260,"caption":"photocall de 3 metros"},{"@type":"BreadcrumbList","@id":"https:\/\/impresiondigitalgranformato.es\/producto\/photocall-de-3-metros\/#breadcrumb","itemListElement":[{"@type":"ListItem","position":1,"name":"Portada","item":"https:\/\/impresiondigitalgranformato.es\/"},{"@type":"ListItem","position":2,"name":"Productos","item":"https:\/\/impresiondigitalgranformato.es\/venta-roll-up-banner\/"},{"@type":"ListItem","position":3,"name":"Photocall de 3 metros"}]},{"@type":"WebSite","@id":"https:\/\/impresiondigitalgranformato.es\/#website","url":"https:\/\/impresiondigitalgranformato.es\/","name":"Los + baratos","description":"impresi\u00f3n digital gran formato venta de roll up, banner, banderas, lonas, carteles, displays, publicidad","publisher":{"@id":"https:\/\/impresiondigitalgranformato.es\/#organization"},"potentialAction":[{"@type":"SearchAction","target":{"@type":"EntryPoint","urlTemplate":"https:\/\/impresiondigitalgranformato.es\/?s={search_term_string}"},"query-input":{"@type":"PropertyValueSpecification","valueRequired":true,"valueName":"search_term_string"}}],"inLanguage":"es"},{"@type":"Organization","@id":"https:\/\/impresiondigitalgranformato.es\/#organization","name":"Los + baratos","url":"https:\/\/impresiondigitalgranformato.es\/","logo":{"@type":"ImageObject","inLanguage":"es","@id":"https:\/\/impresiondigitalgranformato.es\/#\/schema\/logo\/image\/","url":"https:\/\/i0.wp.com\/impresiondigitalgranformato.es\/wp-content\/uploads\/2016\/12\/cropped-logotipo-2-e1483373659766.png?fit=500%2C101&ssl=1","contentUrl":"https:\/\/i0.wp.com\/impresiondigitalgranformato.es\/wp-content\/uploads\/2016\/12\/cropped-logotipo-2-e1483373659766.png?fit=500%2C101&ssl=1","width":500,"height":101,"caption":"Los + baratos"},"image":{"@id":"https:\/\/impresiondigitalgranformato.es\/#\/schema\/logo\/image\/"}}]}},"jetpack_sharing_enabled":true,"_links":{"self":[{"href":"https:\/\/impresiondigitalgranformato.es\/es_es\/wp-json\/wp\/v2\/product\/16315","targetHints":{"allow":["GET"]}}],"collection":[{"href":"https:\/\/impresiondigitalgranformato.es\/es_es\/wp-json\/wp\/v2\/product"}],"about":[{"href":"https:\/\/impresiondigitalgranformato.es\/es_es\/wp-json\/wp\/v2\/types\/product"}],"replies":[{"embeddable":true,"href":"https:\/\/impresiondigitalgranformato.es\/es_es\/wp-json\/wp\/v2\/comments?post=16315"}],"wp:featuredmedia":[{"embeddable":true,"href":"https:\/\/impresiondigitalgranformato.es\/es_es\/wp-json\/wp\/v2\/media\/16321"}],"wp:attachment":[{"href":"https:\/\/impresiondigitalgranformato.es\/es_es\/wp-json\/wp\/v2\/media?parent=16315"}],"wp:term":[{"taxonomy":"product_brand","embeddable":true,"href":"https:\/\/impresiondigitalgranformato.es\/es_es\/wp-json\/wp\/v2\/product_brand?post=16315"},{"taxonomy":"product_cat","embeddable":true,"href":"https:\/\/impresiondigitalgranformato.es\/es_es\/wp-json\/wp\/v2\/product_cat?post=16315"},{"taxonomy":"product_tag","embeddable":true,"href":"https:\/\/impresiondigitalgranformato.es\/es_es\/wp-json\/wp\/v2\/product_tag?post=16315"}],"curies":[{"name":"wp","href":"https:\/\/api.w.org\/{rel}","templated":true}]}}