{"id":16909,"date":"2024-08-14T12:21:40","date_gmt":"2024-08-14T10:21:40","guid":{"rendered":"https:\/\/impresiondigitalgranformato.es\/?post_type=product&#038;p=16909"},"modified":"2025-07-04T19:29:42","modified_gmt":"2025-07-04T17:29:42","slug":"vinilo-para-cristales-personalizado","status":"publish","type":"product","link":"https:\/\/impresiondigitalgranformato.es\/es_es\/producto\/vinilo-para-cristales-personalizado\/","title":{"rendered":"Vinilo para cristales personalizado"},"content":{"rendered":"<p>Vinilo para cristales personalizado con efecto \u00e1cido<\/p>\n<p>Vinilo polim\u00e9rico para rotular cristales con un efecto de chorro de arena. Con una garant\u00eda de adhesividad de 5 a 7 a\u00f1os en exterior y de 15 a 20 a\u00f1os en interior.<\/p>\n<p>Con esta pegatina para cristales con efecto esmerilado podr\u00e1 rotular con su logotipo, textos y\/o cenefas todos los cristales de su negocio o vivienda. Tanto ventanas, escaparates, puertas, separadores de oficinas, duchas &#8230;<\/p>\n<p>En www.impresiondigitalgranformato.es puede comprar el vinilo al \u00e1cido ploteado con el personalizado que usted dese\u00e9. Tambi\u00e9n puede comprar por <a href=\"https:\/\/impresiondigitalgranformato.es\/producto\/vinilo-acido-para-cristales\/\">rollos o por metros lineales por ancho del rollo<\/a> o con un tama\u00f1o personalizado para que solo lo tenga que pegar. Ofrecemos este vinilo para rotulaci\u00f3n con efecto esmerilado personalizado con impresi\u00f3n digital a todo color. Aunque lo mas demandado es el vinilo de corte de colores con esta lamina adhesiva efecto \u00e1cido de fondo.<\/p>\n<p>&nbsp;<\/p>\n<h2 style=\"text-align: center;\">Beneficios del vinilo para cristales personalizado con efecto \u00e1cido<\/h2>\n<p><strong>Privacidad:<\/strong> Este vinilo efecto esmerilado no permite ver lo que hay al otro lado. Puedes ver el bulto pero no distinguirlo.<\/p>\n<p><strong>Luminosidad:<\/strong> Permite pasar la luz y se mantendr\u00e1 la luminosidad que tenia antes de la instalaci\u00f3n del vinilo al \u00e1cido sin que se pueda ver lo que hay dentro.<\/p>\n<p><strong>Aislante:<\/strong> Este tipo de pegatinas efecto esmerilado consiguen reducir entre un 60 y un 80% el calor generado por los rayos del sol al pasar por el cristal.<\/p>\n<p><strong>Originalidad:<\/strong> Al ser un vinilo \u00e1cido ploteado puede o podemos crear infinidad de dise\u00f1os para que los cristales de su local o vivienda sean la envidia de todos.<\/p>\n<h4 style=\"text-align: center;\">Como configurar el pedido del vinilo personalizado efecto esmerilado<\/h4>\n<p style=\"color: #818384;\"><span style=\"font-weight: bold; font-style: inherit; color: #3366ff;\">En cualquier momento de la compra o visualizaci\u00f3n del vinilo para rotulaci\u00f3n con efecto \u00e1cido en la web puede ponerse en contacto con nosotros para consultarnos cualquier duda a trav\u00e9s de:<\/span><\/p>\n<p style=\"color: #818384;\"><span style=\"font-weight: bold; font-style: inherit;\">Tel\u00e9fono:<\/span>\u00a0925 761 762 o al 605 265 602 (todos los d\u00edas)<\/p>\n<p style=\"color: #818384;\"><span style=\"font-weight: bold; font-style: inherit;\">Wasap:<\/span>\u00a0605 265 602 (Roberto)<\/p>\n<p style=\"color: #818384;\"><span style=\"font-weight: bold; font-style: inherit;\">Mail:<\/span>\u00a0comercial@impresiondigitalgranformato.es<\/p>\n<p>&nbsp;<\/p>\n<p><strong>A continuaci\u00f3n le indicamos que es cada secci\u00f3n:<\/strong><\/p>\n<h4><span style=\"color: #ff9900;\">TAMA\u00d1O\u00a0<\/span><\/h4>\n<p>Aqu\u00ed tendr\u00e1 que indicar el ancho y el alto de la superficie del cristal que quiere tapar, entero o solo una parte. Ademas tendr\u00e1 que indicar que CANTIDAD DE PIEZAS CON ESTE TAMA\u00d1O.<\/p>\n<h4><span style=\"color: #ff9900;\">PARA EL DISE\u00d1O<\/span><\/h4>\n<p>Puede elegir ENVIAMOS DISE\u00d1O\u00a0 este ya tiene que venir preparado para el corte (lo puede subir donde indica SUBIR DISE\u00d1O o nos lo puede enviar por email junto con el numero de pedido los formatos validos son EPS o PDF trazado). O puede elegir NECESITAMOS QUE NOS LO DISE\u00d1EN en este caso nosotros le prepararemos el dise\u00f1o y se lo enviaremos antes de cortarlo para su aprobaci\u00f3n.<\/p>\n<h4><span style=\"color: #ff9900;\">PRODUCCI\u00d3N Y ENTREGA<\/span><\/h4>\n<p>Seleccione en cuanto tiempo lo quiere recibir (este plazo de entrega incluye la producci\u00f3n y el tiempo de entrega en sus instalaciones)<\/p>\n<h4><span style=\"color: #ff9900;\">SUBIR ARCHIVOS DE CORTE<\/span><\/h4>\n<p>Si a seleccionado ENVIAMOS DISE\u00d1O pinche sobre SELECCIONE ARCHIVO busque su dise\u00f1o y acepte. El archivo subir\u00e1 a su carpeta de pedido.<\/p>\n<p>Si selecciono NECESITAMOS QUE NOS LO DISE\u00d1EN tendr\u00e1 que finalizar la compra y junto con el numero de pedido nos tendr\u00e1 que enviar al email lo siguiente: logotipo y textos que quiera que aparezca y una descripci\u00f3n lo mas detallada posible de como le gustar\u00eda el dise\u00f1o. (si nos env\u00eda una foto de donde lo va a pegar, le har\u00edamos un montaje sobre ella para que sea mas realista)<\/p>\n","protected":false},"excerpt":{"rendered":"<p style=\"text-align: center;\"><span style=\"color: #000000;\"><span style=\"color: #000080;\"><strong>Vinilo polim\u00e9rico<\/strong><\/span> efecto \u00e1cido o chorro de arena<\/span><\/p>\n<p style=\"text-align: center;\"><strong>Garant\u00eda de adhesividad en exterior de 5 a 7 a\u00f1os<\/strong><\/p>\n<p style=\"text-align: center;\"><strong>Garant\u00eda de adhesividad en interior de 15 a 20 a\u00f1os<\/strong><\/p>\n","protected":false},"featured_media":16889,"comment_status":"open","ping_status":"closed","template":"","meta":[],"product_brand":[],"product_cat":[112],"product_tag":[],"class_list":{"0":"post-16909","1":"product","2":"type-product","3":"status-publish","4":"has-post-thumbnail","6":"product_cat-vinilo-para-rotular-cristales-al-acido","8":"first","9":"instock","10":"sold-individually","11":"taxable","12":"shipping-taxable","13":"purchasable","14":"product-type-simple"},"yoast_head":"<!-- This site is optimized with the Yoast SEO plugin v27.3 - https:\/\/yoast.com\/product\/yoast-seo-wordpress\/ -->\n<title>Vinilo para cristales personalizado - Los + baratos<\/title>\n<meta name=\"description\" content=\"Vinilo para cristales personalizado con efecto acido o esmerilado. Rotula los cristales de tu negocio o vivienda con tu logotipo o dise\u00f1o. Env\u00edo gratis.\" \/>\n<meta name=\"robots\" content=\"index, follow, max-snippet:-1, max-image-preview:large, max-video-preview:-1\" \/>\n<link rel=\"canonical\" href=\"https:\/\/impresiondigitalgranformato.es\/es_es\/producto\/vinilo-para-cristales-personalizado\/\" \/>\n<meta property=\"og:locale\" content=\"es_ES\" \/>\n<meta property=\"og:type\" content=\"article\" \/>\n<meta property=\"og:title\" content=\"Vinilo para cristales personalizado - Los + baratos\" \/>\n<meta property=\"og:description\" content=\"Vinilo para cristales personalizado con efecto acido o esmerilado. Rotula los cristales de tu negocio o vivienda con tu logotipo o dise\u00f1o. Env\u00edo gratis.\" \/>\n<meta property=\"og:url\" content=\"https:\/\/impresiondigitalgranformato.es\/es_es\/producto\/vinilo-para-cristales-personalizado\/\" \/>\n<meta property=\"og:site_name\" content=\"Los + baratos\" \/>\n<meta property=\"article:modified_time\" content=\"2025-07-04T17:29:42+00:00\" \/>\n<meta property=\"og:image\" content=\"http:\/\/impresiondigitalgranformato.es\/wp-content\/uploads\/2024\/08\/vinilo-efecto-acido-personalizado.jpg\" \/>\n\t<meta property=\"og:image:width\" content=\"1315\" \/>\n\t<meta property=\"og:image:height\" content=\"1315\" \/>\n\t<meta property=\"og:image:type\" content=\"image\/jpeg\" \/>\n<meta name=\"twitter:card\" content=\"summary_large_image\" \/>\n<meta name=\"twitter:label1\" content=\"Tiempo de lectura\" \/>\n\t<meta name=\"twitter:data1\" content=\"3 minutos\" \/>\n<script type=\"application\/ld+json\" class=\"yoast-schema-graph\">{\"@context\":\"https:\\\/\\\/schema.org\",\"@graph\":[{\"@type\":\"WebPage\",\"@id\":\"https:\\\/\\\/impresiondigitalgranformato.es\\\/producto\\\/vinilo-para-cristales-personalizado\\\/\",\"url\":\"https:\\\/\\\/impresiondigitalgranformato.es\\\/producto\\\/vinilo-para-cristales-personalizado\\\/\",\"name\":\"Vinilo para cristales personalizado - Los + baratos\",\"isPartOf\":{\"@id\":\"https:\\\/\\\/impresiondigitalgranformato.es\\\/#website\"},\"primaryImageOfPage\":{\"@id\":\"https:\\\/\\\/impresiondigitalgranformato.es\\\/producto\\\/vinilo-para-cristales-personalizado\\\/#primaryimage\"},\"image\":{\"@id\":\"https:\\\/\\\/impresiondigitalgranformato.es\\\/producto\\\/vinilo-para-cristales-personalizado\\\/#primaryimage\"},\"thumbnailUrl\":\"https:\\\/\\\/i0.wp.com\\\/impresiondigitalgranformato.es\\\/wp-content\\\/uploads\\\/2024\\\/08\\\/vinilo-efecto-acido-personalizado.jpg?fit=1315%2C1315&ssl=1\",\"datePublished\":\"2024-08-14T10:21:40+00:00\",\"dateModified\":\"2025-07-04T17:29:42+00:00\",\"description\":\"Vinilo para cristales personalizado con efecto acido o esmerilado. Rotula los cristales de tu negocio o vivienda con tu logotipo o dise\u00f1o. Env\u00edo gratis.\",\"breadcrumb\":{\"@id\":\"https:\\\/\\\/impresiondigitalgranformato.es\\\/producto\\\/vinilo-para-cristales-personalizado\\\/#breadcrumb\"},\"inLanguage\":\"es\",\"potentialAction\":[{\"@type\":\"ReadAction\",\"target\":[\"https:\\\/\\\/impresiondigitalgranformato.es\\\/producto\\\/vinilo-para-cristales-personalizado\\\/\"]}]},{\"@type\":\"ImageObject\",\"inLanguage\":\"es\",\"@id\":\"https:\\\/\\\/impresiondigitalgranformato.es\\\/producto\\\/vinilo-para-cristales-personalizado\\\/#primaryimage\",\"url\":\"https:\\\/\\\/i0.wp.com\\\/impresiondigitalgranformato.es\\\/wp-content\\\/uploads\\\/2024\\\/08\\\/vinilo-efecto-acido-personalizado.jpg?fit=1315%2C1315&ssl=1\",\"contentUrl\":\"https:\\\/\\\/i0.wp.com\\\/impresiondigitalgranformato.es\\\/wp-content\\\/uploads\\\/2024\\\/08\\\/vinilo-efecto-acido-personalizado.jpg?fit=1315%2C1315&ssl=1\",\"width\":1315,\"height\":1315,\"caption\":\"vinilo para rotular cristales personalizado\"},{\"@type\":\"BreadcrumbList\",\"@id\":\"https:\\\/\\\/impresiondigitalgranformato.es\\\/producto\\\/vinilo-para-cristales-personalizado\\\/#breadcrumb\",\"itemListElement\":[{\"@type\":\"ListItem\",\"position\":1,\"name\":\"Portada\",\"item\":\"https:\\\/\\\/impresiondigitalgranformato.es\\\/\"},{\"@type\":\"ListItem\",\"position\":2,\"name\":\"Productos\",\"item\":\"https:\\\/\\\/impresiondigitalgranformato.es\\\/venta-roll-up-banner\\\/\"},{\"@type\":\"ListItem\",\"position\":3,\"name\":\"Vinilo para cristales personalizado\"}]},{\"@type\":\"WebSite\",\"@id\":\"https:\\\/\\\/impresiondigitalgranformato.es\\\/#website\",\"url\":\"https:\\\/\\\/impresiondigitalgranformato.es\\\/\",\"name\":\"Los + baratos\",\"description\":\"impresi\u00f3n digital gran formato venta de roll up, banner, banderas, lonas, carteles, displays, publicidad\",\"publisher\":{\"@id\":\"https:\\\/\\\/impresiondigitalgranformato.es\\\/#organization\"},\"potentialAction\":[{\"@type\":\"SearchAction\",\"target\":{\"@type\":\"EntryPoint\",\"urlTemplate\":\"https:\\\/\\\/impresiondigitalgranformato.es\\\/?s={search_term_string}\"},\"query-input\":{\"@type\":\"PropertyValueSpecification\",\"valueRequired\":true,\"valueName\":\"search_term_string\"}}],\"inLanguage\":\"es\"},{\"@type\":\"Organization\",\"@id\":\"https:\\\/\\\/impresiondigitalgranformato.es\\\/#organization\",\"name\":\"Los + baratos\",\"url\":\"https:\\\/\\\/impresiondigitalgranformato.es\\\/\",\"logo\":{\"@type\":\"ImageObject\",\"inLanguage\":\"es\",\"@id\":\"https:\\\/\\\/impresiondigitalgranformato.es\\\/#\\\/schema\\\/logo\\\/image\\\/\",\"url\":\"https:\\\/\\\/i0.wp.com\\\/impresiondigitalgranformato.es\\\/wp-content\\\/uploads\\\/2016\\\/12\\\/cropped-logotipo-2-e1483373659766.png?fit=500%2C101&ssl=1\",\"contentUrl\":\"https:\\\/\\\/i0.wp.com\\\/impresiondigitalgranformato.es\\\/wp-content\\\/uploads\\\/2016\\\/12\\\/cropped-logotipo-2-e1483373659766.png?fit=500%2C101&ssl=1\",\"width\":500,\"height\":101,\"caption\":\"Los + baratos\"},\"image\":{\"@id\":\"https:\\\/\\\/impresiondigitalgranformato.es\\\/#\\\/schema\\\/logo\\\/image\\\/\"}}]}<\/script>\n<!-- \/ Yoast SEO plugin. -->","yoast_head_json":{"title":"Vinilo para cristales personalizado - Los + baratos","description":"Vinilo para cristales personalizado con efecto acido o esmerilado. Rotula los cristales de tu negocio o vivienda con tu logotipo o dise\u00f1o. Env\u00edo gratis.","robots":{"index":"index","follow":"follow","max-snippet":"max-snippet:-1","max-image-preview":"max-image-preview:large","max-video-preview":"max-video-preview:-1"},"canonical":"https:\/\/impresiondigitalgranformato.es\/es_es\/producto\/vinilo-para-cristales-personalizado\/","og_locale":"es_ES","og_type":"article","og_title":"Vinilo para cristales personalizado - Los + baratos","og_description":"Vinilo para cristales personalizado con efecto acido o esmerilado. Rotula los cristales de tu negocio o vivienda con tu logotipo o dise\u00f1o. Env\u00edo gratis.","og_url":"https:\/\/impresiondigitalgranformato.es\/es_es\/producto\/vinilo-para-cristales-personalizado\/","og_site_name":"Los + baratos","article_modified_time":"2025-07-04T17:29:42+00:00","og_image":[{"width":1315,"height":1315,"url":"http:\/\/impresiondigitalgranformato.es\/wp-content\/uploads\/2024\/08\/vinilo-efecto-acido-personalizado.jpg","type":"image\/jpeg"}],"twitter_card":"summary_large_image","twitter_misc":{"Tiempo de lectura":"3 minutos"},"schema":{"@context":"https:\/\/schema.org","@graph":[{"@type":"WebPage","@id":"https:\/\/impresiondigitalgranformato.es\/producto\/vinilo-para-cristales-personalizado\/","url":"https:\/\/impresiondigitalgranformato.es\/producto\/vinilo-para-cristales-personalizado\/","name":"Vinilo para cristales personalizado - Los + baratos","isPartOf":{"@id":"https:\/\/impresiondigitalgranformato.es\/#website"},"primaryImageOfPage":{"@id":"https:\/\/impresiondigitalgranformato.es\/producto\/vinilo-para-cristales-personalizado\/#primaryimage"},"image":{"@id":"https:\/\/impresiondigitalgranformato.es\/producto\/vinilo-para-cristales-personalizado\/#primaryimage"},"thumbnailUrl":"https:\/\/i0.wp.com\/impresiondigitalgranformato.es\/wp-content\/uploads\/2024\/08\/vinilo-efecto-acido-personalizado.jpg?fit=1315%2C1315&ssl=1","datePublished":"2024-08-14T10:21:40+00:00","dateModified":"2025-07-04T17:29:42+00:00","description":"Vinilo para cristales personalizado con efecto acido o esmerilado. Rotula los cristales de tu negocio o vivienda con tu logotipo o dise\u00f1o. Env\u00edo gratis.","breadcrumb":{"@id":"https:\/\/impresiondigitalgranformato.es\/producto\/vinilo-para-cristales-personalizado\/#breadcrumb"},"inLanguage":"es","potentialAction":[{"@type":"ReadAction","target":["https:\/\/impresiondigitalgranformato.es\/producto\/vinilo-para-cristales-personalizado\/"]}]},{"@type":"ImageObject","inLanguage":"es","@id":"https:\/\/impresiondigitalgranformato.es\/producto\/vinilo-para-cristales-personalizado\/#primaryimage","url":"https:\/\/i0.wp.com\/impresiondigitalgranformato.es\/wp-content\/uploads\/2024\/08\/vinilo-efecto-acido-personalizado.jpg?fit=1315%2C1315&ssl=1","contentUrl":"https:\/\/i0.wp.com\/impresiondigitalgranformato.es\/wp-content\/uploads\/2024\/08\/vinilo-efecto-acido-personalizado.jpg?fit=1315%2C1315&ssl=1","width":1315,"height":1315,"caption":"vinilo para rotular cristales personalizado"},{"@type":"BreadcrumbList","@id":"https:\/\/impresiondigitalgranformato.es\/producto\/vinilo-para-cristales-personalizado\/#breadcrumb","itemListElement":[{"@type":"ListItem","position":1,"name":"Portada","item":"https:\/\/impresiondigitalgranformato.es\/"},{"@type":"ListItem","position":2,"name":"Productos","item":"https:\/\/impresiondigitalgranformato.es\/venta-roll-up-banner\/"},{"@type":"ListItem","position":3,"name":"Vinilo para cristales personalizado"}]},{"@type":"WebSite","@id":"https:\/\/impresiondigitalgranformato.es\/#website","url":"https:\/\/impresiondigitalgranformato.es\/","name":"Los + baratos","description":"impresi\u00f3n digital gran formato venta de roll up, banner, banderas, lonas, carteles, displays, publicidad","publisher":{"@id":"https:\/\/impresiondigitalgranformato.es\/#organization"},"potentialAction":[{"@type":"SearchAction","target":{"@type":"EntryPoint","urlTemplate":"https:\/\/impresiondigitalgranformato.es\/?s={search_term_string}"},"query-input":{"@type":"PropertyValueSpecification","valueRequired":true,"valueName":"search_term_string"}}],"inLanguage":"es"},{"@type":"Organization","@id":"https:\/\/impresiondigitalgranformato.es\/#organization","name":"Los + baratos","url":"https:\/\/impresiondigitalgranformato.es\/","logo":{"@type":"ImageObject","inLanguage":"es","@id":"https:\/\/impresiondigitalgranformato.es\/#\/schema\/logo\/image\/","url":"https:\/\/i0.wp.com\/impresiondigitalgranformato.es\/wp-content\/uploads\/2016\/12\/cropped-logotipo-2-e1483373659766.png?fit=500%2C101&ssl=1","contentUrl":"https:\/\/i0.wp.com\/impresiondigitalgranformato.es\/wp-content\/uploads\/2016\/12\/cropped-logotipo-2-e1483373659766.png?fit=500%2C101&ssl=1","width":500,"height":101,"caption":"Los + baratos"},"image":{"@id":"https:\/\/impresiondigitalgranformato.es\/#\/schema\/logo\/image\/"}}]}},"jetpack_sharing_enabled":true,"_links":{"self":[{"href":"https:\/\/impresiondigitalgranformato.es\/es_es\/wp-json\/wp\/v2\/product\/16909","targetHints":{"allow":["GET"]}}],"collection":[{"href":"https:\/\/impresiondigitalgranformato.es\/es_es\/wp-json\/wp\/v2\/product"}],"about":[{"href":"https:\/\/impresiondigitalgranformato.es\/es_es\/wp-json\/wp\/v2\/types\/product"}],"replies":[{"embeddable":true,"href":"https:\/\/impresiondigitalgranformato.es\/es_es\/wp-json\/wp\/v2\/comments?post=16909"}],"wp:featuredmedia":[{"embeddable":true,"href":"https:\/\/impresiondigitalgranformato.es\/es_es\/wp-json\/wp\/v2\/media\/16889"}],"wp:attachment":[{"href":"https:\/\/impresiondigitalgranformato.es\/es_es\/wp-json\/wp\/v2\/media?parent=16909"}],"wp:term":[{"taxonomy":"product_brand","embeddable":true,"href":"https:\/\/impresiondigitalgranformato.es\/es_es\/wp-json\/wp\/v2\/product_brand?post=16909"},{"taxonomy":"product_cat","embeddable":true,"href":"https:\/\/impresiondigitalgranformato.es\/es_es\/wp-json\/wp\/v2\/product_cat?post=16909"},{"taxonomy":"product_tag","embeddable":true,"href":"https:\/\/impresiondigitalgranformato.es\/es_es\/wp-json\/wp\/v2\/product_tag?post=16909"}],"curies":[{"name":"wp","href":"https:\/\/api.w.org\/{rel}","templated":true}]}}