{"id":3515,"date":"2018-03-26T18:29:05","date_gmt":"2018-03-26T16:29:05","guid":{"rendered":"http:\/\/impresiondigitalgranformato.es\/?post_type=product&#038;p=3515"},"modified":"2019-01-10T17:43:06","modified_gmt":"2019-01-10T16:43:06","slug":"cartel-de-comunion-nino-traje-marinero","status":"publish","type":"product","link":"https:\/\/impresiondigitalgranformato.es\/es_es\/producto\/cartel-de-comunion-nino-traje-marinero\/","title":{"rendered":"Cartel de comunion de ni\u00f1o con traje de marinero"},"content":{"rendered":"<p>Cartel o banner de comuni\u00f3n realizado en impresi\u00f3n digital de alta calidad sobre lona de pvc.<\/p>\n<p>Estructura de fibra de vidrio<\/p>\n<p>incluye bolsa de transporte.<\/p>\n","protected":false},"excerpt":{"rendered":"<h3><span style=\"color: #ff0000;\"><strong>Personalice la comuni\u00f3n de su hijo con un cartel de bienvenida.<\/strong><\/span><\/h3>\n<p>La colocaci\u00f3n de este banner de comuni\u00f3n en la entrada del evento har\u00e1 saber a sus invitados que est\u00e1n entrando en el lugar donde se celebrar\u00e1 uno de los d\u00edas mas importante de su hijo.<\/p>\n<p>&nbsp;<\/p>\n<p><strong>Elija el color de pelo<\/strong> (rubio, casta\u00f1o o moreno)<\/p>\n<p><strong>Elija el color de fondo<\/strong> (azul, verde o granate)<\/p>\n<p><strong>Elija el tama\u00f1o<\/strong> (60 x 160 cm \u00f3 80 x 200 cm)<\/p>\n<p><strong>Ind\u00edquenos el nombre del ni\u00f1o y la fecha del evento para personalizar el cartel.<\/strong><\/p>\n<p>&nbsp;<\/p>\n","protected":false},"featured_media":3517,"comment_status":"open","ping_status":"closed","template":"","meta":[],"product_brand":[],"product_cat":[61],"product_tag":[],"class_list":{"0":"post-3515","1":"product","2":"type-product","3":"status-publish","4":"has-post-thumbnail","6":"product_cat-cartel-de-bienvenida-de-comunion","8":"first","9":"instock","10":"taxable","11":"shipping-taxable","12":"purchasable","13":"product-type-variable"},"yoast_head":"<!-- This site is optimized with the Yoast SEO plugin v27.3 - https:\/\/yoast.com\/product\/yoast-seo-wordpress\/ -->\n<title>Cartel de comunion de ni\u00f1o con traje de marinero - Los + baratos<\/title>\n<meta name=\"robots\" content=\"index, follow, max-snippet:-1, max-image-preview:large, max-video-preview:-1\" \/>\n<link rel=\"canonical\" href=\"https:\/\/impresiondigitalgranformato.es\/es_es\/producto\/cartel-de-comunion-nino-traje-marinero\/\" \/>\n<meta property=\"og:locale\" content=\"es_ES\" \/>\n<meta property=\"og:type\" content=\"article\" \/>\n<meta property=\"og:title\" content=\"Cartel de comunion de ni\u00f1o con traje de marinero - Los + baratos\" \/>\n<meta property=\"og:description\" content=\"Personalice la comuni\u00f3n de su hijo con un cartel de bienvenida. La colocaci\u00f3n de este banner de comuni\u00f3n en la entrada del evento har\u00e1 saber a sus invitados que est\u00e1n entrando en el lugar donde se celebrar\u00e1 uno de los d\u00edas mas importante de su hijo.  &nbsp;  Elija el color de pelo (rubio, casta\u00f1o o moreno)  Elija el color de fondo (azul, verde o granate)  Elija el tama\u00f1o (60 x 160 cm \u00f3 80 x 200 cm)  Ind\u00edquenos el nombre del ni\u00f1o y la fecha del evento para personalizar el cartel.  &nbsp;\" \/>\n<meta property=\"og:url\" content=\"https:\/\/impresiondigitalgranformato.es\/es_es\/producto\/cartel-de-comunion-nino-traje-marinero\/\" \/>\n<meta property=\"og:site_name\" content=\"Los + baratos\" \/>\n<meta property=\"article:modified_time\" content=\"2019-01-10T16:43:06+00:00\" \/>\n<meta property=\"og:image\" content=\"https:\/\/i2.wp.com\/impresiondigitalgranformato.es\/wp-content\/uploads\/2018\/03\/cartel-ni\u00f1o-rubio-fondo-verde.png?fit=600%2C600&ssl=1\" \/>\n\t<meta property=\"og:image:width\" content=\"600\" \/>\n\t<meta property=\"og:image:height\" content=\"600\" \/>\n\t<meta property=\"og:image:type\" content=\"image\/png\" \/>\n<meta name=\"twitter:card\" content=\"summary_large_image\" \/>\n<script type=\"application\/ld+json\" class=\"yoast-schema-graph\">{\"@context\":\"https:\\\/\\\/schema.org\",\"@graph\":[{\"@type\":\"WebPage\",\"@id\":\"https:\\\/\\\/impresiondigitalgranformato.es\\\/producto\\\/cartel-de-comunion-nino-traje-marinero\\\/\",\"url\":\"https:\\\/\\\/impresiondigitalgranformato.es\\\/producto\\\/cartel-de-comunion-nino-traje-marinero\\\/\",\"name\":\"Cartel de comunion de ni\u00f1o con traje de marinero - Los + baratos\",\"isPartOf\":{\"@id\":\"https:\\\/\\\/impresiondigitalgranformato.es\\\/#website\"},\"primaryImageOfPage\":{\"@id\":\"https:\\\/\\\/impresiondigitalgranformato.es\\\/producto\\\/cartel-de-comunion-nino-traje-marinero\\\/#primaryimage\"},\"image\":{\"@id\":\"https:\\\/\\\/impresiondigitalgranformato.es\\\/producto\\\/cartel-de-comunion-nino-traje-marinero\\\/#primaryimage\"},\"thumbnailUrl\":\"https:\\\/\\\/i0.wp.com\\\/impresiondigitalgranformato.es\\\/wp-content\\\/uploads\\\/2018\\\/03\\\/cartel-ni%C3%B1o-rubio-fondo-verde.png?fit=600%2C600&ssl=1\",\"datePublished\":\"2018-03-26T16:29:05+00:00\",\"dateModified\":\"2019-01-10T16:43:06+00:00\",\"breadcrumb\":{\"@id\":\"https:\\\/\\\/impresiondigitalgranformato.es\\\/producto\\\/cartel-de-comunion-nino-traje-marinero\\\/#breadcrumb\"},\"inLanguage\":\"es\",\"potentialAction\":[{\"@type\":\"ReadAction\",\"target\":[\"https:\\\/\\\/impresiondigitalgranformato.es\\\/producto\\\/cartel-de-comunion-nino-traje-marinero\\\/\"]}]},{\"@type\":\"ImageObject\",\"inLanguage\":\"es\",\"@id\":\"https:\\\/\\\/impresiondigitalgranformato.es\\\/producto\\\/cartel-de-comunion-nino-traje-marinero\\\/#primaryimage\",\"url\":\"https:\\\/\\\/i0.wp.com\\\/impresiondigitalgranformato.es\\\/wp-content\\\/uploads\\\/2018\\\/03\\\/cartel-ni%C3%B1o-rubio-fondo-verde.png?fit=600%2C600&ssl=1\",\"contentUrl\":\"https:\\\/\\\/i0.wp.com\\\/impresiondigitalgranformato.es\\\/wp-content\\\/uploads\\\/2018\\\/03\\\/cartel-ni%C3%B1o-rubio-fondo-verde.png?fit=600%2C600&ssl=1\",\"width\":600,\"height\":600,\"caption\":\"banner de de comunion de ni\u00f1o con pelo rubio y fondo verde\"},{\"@type\":\"BreadcrumbList\",\"@id\":\"https:\\\/\\\/impresiondigitalgranformato.es\\\/producto\\\/cartel-de-comunion-nino-traje-marinero\\\/#breadcrumb\",\"itemListElement\":[{\"@type\":\"ListItem\",\"position\":1,\"name\":\"Portada\",\"item\":\"https:\\\/\\\/impresiondigitalgranformato.es\\\/\"},{\"@type\":\"ListItem\",\"position\":2,\"name\":\"Productos\",\"item\":\"https:\\\/\\\/impresiondigitalgranformato.es\\\/venta-roll-up-banner\\\/\"},{\"@type\":\"ListItem\",\"position\":3,\"name\":\"Cartel de comunion de ni\u00f1o con traje de marinero\"}]},{\"@type\":\"WebSite\",\"@id\":\"https:\\\/\\\/impresiondigitalgranformato.es\\\/#website\",\"url\":\"https:\\\/\\\/impresiondigitalgranformato.es\\\/\",\"name\":\"Los + baratos\",\"description\":\"impresi\u00f3n digital gran formato venta de roll up, banner, banderas, lonas, carteles, displays, publicidad\",\"publisher\":{\"@id\":\"https:\\\/\\\/impresiondigitalgranformato.es\\\/#organization\"},\"potentialAction\":[{\"@type\":\"SearchAction\",\"target\":{\"@type\":\"EntryPoint\",\"urlTemplate\":\"https:\\\/\\\/impresiondigitalgranformato.es\\\/?s={search_term_string}\"},\"query-input\":{\"@type\":\"PropertyValueSpecification\",\"valueRequired\":true,\"valueName\":\"search_term_string\"}}],\"inLanguage\":\"es\"},{\"@type\":\"Organization\",\"@id\":\"https:\\\/\\\/impresiondigitalgranformato.es\\\/#organization\",\"name\":\"Los + baratos\",\"url\":\"https:\\\/\\\/impresiondigitalgranformato.es\\\/\",\"logo\":{\"@type\":\"ImageObject\",\"inLanguage\":\"es\",\"@id\":\"https:\\\/\\\/impresiondigitalgranformato.es\\\/#\\\/schema\\\/logo\\\/image\\\/\",\"url\":\"https:\\\/\\\/i0.wp.com\\\/impresiondigitalgranformato.es\\\/wp-content\\\/uploads\\\/2016\\\/12\\\/cropped-logotipo-2-e1483373659766.png?fit=500%2C101&ssl=1\",\"contentUrl\":\"https:\\\/\\\/i0.wp.com\\\/impresiondigitalgranformato.es\\\/wp-content\\\/uploads\\\/2016\\\/12\\\/cropped-logotipo-2-e1483373659766.png?fit=500%2C101&ssl=1\",\"width\":500,\"height\":101,\"caption\":\"Los + baratos\"},\"image\":{\"@id\":\"https:\\\/\\\/impresiondigitalgranformato.es\\\/#\\\/schema\\\/logo\\\/image\\\/\"}}]}<\/script>\n<!-- \/ Yoast SEO plugin. -->","yoast_head_json":{"title":"Cartel de comunion de ni\u00f1o con traje de marinero - Los + baratos","robots":{"index":"index","follow":"follow","max-snippet":"max-snippet:-1","max-image-preview":"max-image-preview:large","max-video-preview":"max-video-preview:-1"},"canonical":"https:\/\/impresiondigitalgranformato.es\/es_es\/producto\/cartel-de-comunion-nino-traje-marinero\/","og_locale":"es_ES","og_type":"article","og_title":"Cartel de comunion de ni\u00f1o con traje de marinero - Los + baratos","og_description":"Personalice la comuni\u00f3n de su hijo con un cartel de bienvenida. La colocaci\u00f3n de este banner de comuni\u00f3n en la entrada del evento har\u00e1 saber a sus invitados que est\u00e1n entrando en el lugar donde se celebrar\u00e1 uno de los d\u00edas mas importante de su hijo.  &nbsp;  Elija el color de pelo (rubio, casta\u00f1o o moreno)  Elija el color de fondo (azul, verde o granate)  Elija el tama\u00f1o (60 x 160 cm \u00f3 80 x 200 cm)  Ind\u00edquenos el nombre del ni\u00f1o y la fecha del evento para personalizar el cartel.  &nbsp;","og_url":"https:\/\/impresiondigitalgranformato.es\/es_es\/producto\/cartel-de-comunion-nino-traje-marinero\/","og_site_name":"Los + baratos","article_modified_time":"2019-01-10T16:43:06+00:00","og_image":[{"width":600,"height":600,"url":"https:\/\/i2.wp.com\/impresiondigitalgranformato.es\/wp-content\/uploads\/2018\/03\/cartel-ni\u00f1o-rubio-fondo-verde.png?fit=600%2C600&ssl=1","type":"image\/png"}],"twitter_card":"summary_large_image","schema":{"@context":"https:\/\/schema.org","@graph":[{"@type":"WebPage","@id":"https:\/\/impresiondigitalgranformato.es\/producto\/cartel-de-comunion-nino-traje-marinero\/","url":"https:\/\/impresiondigitalgranformato.es\/producto\/cartel-de-comunion-nino-traje-marinero\/","name":"Cartel de comunion de ni\u00f1o con traje de marinero - Los + baratos","isPartOf":{"@id":"https:\/\/impresiondigitalgranformato.es\/#website"},"primaryImageOfPage":{"@id":"https:\/\/impresiondigitalgranformato.es\/producto\/cartel-de-comunion-nino-traje-marinero\/#primaryimage"},"image":{"@id":"https:\/\/impresiondigitalgranformato.es\/producto\/cartel-de-comunion-nino-traje-marinero\/#primaryimage"},"thumbnailUrl":"https:\/\/i0.wp.com\/impresiondigitalgranformato.es\/wp-content\/uploads\/2018\/03\/cartel-ni%C3%B1o-rubio-fondo-verde.png?fit=600%2C600&ssl=1","datePublished":"2018-03-26T16:29:05+00:00","dateModified":"2019-01-10T16:43:06+00:00","breadcrumb":{"@id":"https:\/\/impresiondigitalgranformato.es\/producto\/cartel-de-comunion-nino-traje-marinero\/#breadcrumb"},"inLanguage":"es","potentialAction":[{"@type":"ReadAction","target":["https:\/\/impresiondigitalgranformato.es\/producto\/cartel-de-comunion-nino-traje-marinero\/"]}]},{"@type":"ImageObject","inLanguage":"es","@id":"https:\/\/impresiondigitalgranformato.es\/producto\/cartel-de-comunion-nino-traje-marinero\/#primaryimage","url":"https:\/\/i0.wp.com\/impresiondigitalgranformato.es\/wp-content\/uploads\/2018\/03\/cartel-ni%C3%B1o-rubio-fondo-verde.png?fit=600%2C600&ssl=1","contentUrl":"https:\/\/i0.wp.com\/impresiondigitalgranformato.es\/wp-content\/uploads\/2018\/03\/cartel-ni%C3%B1o-rubio-fondo-verde.png?fit=600%2C600&ssl=1","width":600,"height":600,"caption":"banner de de comunion de ni\u00f1o con pelo rubio y fondo verde"},{"@type":"BreadcrumbList","@id":"https:\/\/impresiondigitalgranformato.es\/producto\/cartel-de-comunion-nino-traje-marinero\/#breadcrumb","itemListElement":[{"@type":"ListItem","position":1,"name":"Portada","item":"https:\/\/impresiondigitalgranformato.es\/"},{"@type":"ListItem","position":2,"name":"Productos","item":"https:\/\/impresiondigitalgranformato.es\/venta-roll-up-banner\/"},{"@type":"ListItem","position":3,"name":"Cartel de comunion de ni\u00f1o con traje de marinero"}]},{"@type":"WebSite","@id":"https:\/\/impresiondigitalgranformato.es\/#website","url":"https:\/\/impresiondigitalgranformato.es\/","name":"Los + baratos","description":"impresi\u00f3n digital gran formato venta de roll up, banner, banderas, lonas, carteles, displays, publicidad","publisher":{"@id":"https:\/\/impresiondigitalgranformato.es\/#organization"},"potentialAction":[{"@type":"SearchAction","target":{"@type":"EntryPoint","urlTemplate":"https:\/\/impresiondigitalgranformato.es\/?s={search_term_string}"},"query-input":{"@type":"PropertyValueSpecification","valueRequired":true,"valueName":"search_term_string"}}],"inLanguage":"es"},{"@type":"Organization","@id":"https:\/\/impresiondigitalgranformato.es\/#organization","name":"Los + baratos","url":"https:\/\/impresiondigitalgranformato.es\/","logo":{"@type":"ImageObject","inLanguage":"es","@id":"https:\/\/impresiondigitalgranformato.es\/#\/schema\/logo\/image\/","url":"https:\/\/i0.wp.com\/impresiondigitalgranformato.es\/wp-content\/uploads\/2016\/12\/cropped-logotipo-2-e1483373659766.png?fit=500%2C101&ssl=1","contentUrl":"https:\/\/i0.wp.com\/impresiondigitalgranformato.es\/wp-content\/uploads\/2016\/12\/cropped-logotipo-2-e1483373659766.png?fit=500%2C101&ssl=1","width":500,"height":101,"caption":"Los + baratos"},"image":{"@id":"https:\/\/impresiondigitalgranformato.es\/#\/schema\/logo\/image\/"}}]}},"jetpack_sharing_enabled":true,"_links":{"self":[{"href":"https:\/\/impresiondigitalgranformato.es\/es_es\/wp-json\/wp\/v2\/product\/3515","targetHints":{"allow":["GET"]}}],"collection":[{"href":"https:\/\/impresiondigitalgranformato.es\/es_es\/wp-json\/wp\/v2\/product"}],"about":[{"href":"https:\/\/impresiondigitalgranformato.es\/es_es\/wp-json\/wp\/v2\/types\/product"}],"replies":[{"embeddable":true,"href":"https:\/\/impresiondigitalgranformato.es\/es_es\/wp-json\/wp\/v2\/comments?post=3515"}],"wp:featuredmedia":[{"embeddable":true,"href":"https:\/\/impresiondigitalgranformato.es\/es_es\/wp-json\/wp\/v2\/media\/3517"}],"wp:attachment":[{"href":"https:\/\/impresiondigitalgranformato.es\/es_es\/wp-json\/wp\/v2\/media?parent=3515"}],"wp:term":[{"taxonomy":"product_brand","embeddable":true,"href":"https:\/\/impresiondigitalgranformato.es\/es_es\/wp-json\/wp\/v2\/product_brand?post=3515"},{"taxonomy":"product_cat","embeddable":true,"href":"https:\/\/impresiondigitalgranformato.es\/es_es\/wp-json\/wp\/v2\/product_cat?post=3515"},{"taxonomy":"product_tag","embeddable":true,"href":"https:\/\/impresiondigitalgranformato.es\/es_es\/wp-json\/wp\/v2\/product_tag?post=3515"}],"curies":[{"name":"wp","href":"https:\/\/api.w.org\/{rel}","templated":true}]}}