{"id":3831,"date":"2018-08-03T12:32:44","date_gmt":"2018-08-03T10:32:44","guid":{"rendered":"http:\/\/impresiondigitalgranformato.es\/?post_type=product&#038;p=3831"},"modified":"2025-07-04T18:17:51","modified_gmt":"2025-07-04T16:17:51","slug":"roll-up-100-x-200-cm","status":"publish","type":"product","link":"https:\/\/impresiondigitalgranformato.es\/es_es\/producto\/roll-up-100-x-200-cm\/","title":{"rendered":"roll up 100 x 200 cm"},"content":{"rendered":"<p>Roll up de 100 x 200 cm. con estructura de aluminio de gran\u00a0estabilidad.<\/p>\n<p>Gr\u00e1fica realizada en impresi\u00f3n digital sobre lona de pvc fundida de 450 gr.<\/p>\n<p>Incluye funda de transporte nyl\u00f3n.<\/p>\n<p>La estructura del roll up 100 x 200 cm esta fabricada en aluminio, con un refuerzo en la sujeci\u00f3n del m\u00e1stil para mejorar la estabilidad y durabilidad.<\/p>\n<p>Incluye una funda de nyl\u00f3n negra para hacer mas c\u00f3modo el transporte del rolap<\/p>\n<p>La gr\u00e1fica del cartel enrollable de un tama\u00f1o de 100 cm de ancho por un alto de 200 cm esta fabricada sobre lona de pvc de 450 gr. fundida satinada en impresi\u00f3n digital de alta calidad a todo color<\/p>\n<p>Este roll up es de una calidad est\u00e1ndar. Con una estructura fuerte, una gran estabilidad gracias a sus refuerzos y con su funda tendr\u00e1 un c\u00f3modo transporte. En el caso que el tama\u00f1o aqu\u00ed ofrecido no sea el formato que busque, puede ver otros tama\u00f1os de rollup en nuestra secci\u00f3n de <a href=\"https:\/\/impresiondigitalgranformato.es\/producto\/rollup-economico-estandar\/\">ROLL UP EST\u00c1NDAR pinchando aqui<\/a>. En esta secci\u00f3n podr\u00e1 encontrar diferentes tama\u00f1os con la misma calidad.<\/p>\n<p>Tambi\u00e9n le ofrecemos este mismo tama\u00f1o en una estructura de mejor calidad. Puede verlo en <a href=\"https:\/\/impresiondigitalgranformato.es\/producto\/rollup-premium-economico\/\">ROLL UP PREMIUM<\/a> tanto el tama\u00f1o de 100 x 200 cm como otros tama\u00f1os.<\/p>\n<p>Los roll up son muy f\u00e1ciles de montar, en poco mas de un minuto podr\u00e1 exponer su publicidad. Y para desmontar el rollup de 100&#215;200 aun menos tiempo puede verlo en nuestro <a href=\"https:\/\/youtu.be\/gq7KMUbozVo\" target=\"_blank\" rel=\"noopener\">video.<\/a><\/p>\n<p>&nbsp;<\/p>\n<p><span style=\"color: #ff0000;\">DESCUENTOS POR CANTIDADES !!!<\/span><\/p>\n<p><strong>Este producto se puede entregar en 24 horas*<\/strong><\/p>\n<p data-pbs-phone-margin-top=\"1px\">\n","protected":false},"excerpt":{"rendered":"<p>La estructura del roll up 100 x 200 cm esta fabricada en aluminio con <strong>refuerzo<\/strong> para mejorar la estabilidad.<\/p>\n<p>Incluye funda de nyl\u00f3n para una mejor durabilidad del rolup en los transportes.<\/p>\n<p>La gr\u00e1fica del cartel enrollable es de un tama\u00f1o de 100 x 200 cm esta fabricada en lona de pvc de 450 gr. fundida satinada<\/p>\n<p>Grabada en impresi\u00f3n digital de alta calidad a todo color.<\/p>\n<p><span style=\"color: #ff0000;\">DESCUENTOS POR CANTIDADES !!!<\/span><\/p>\n<p><strong>Env\u00edo gratuito desde la 1\u00aa unid.<\/strong><\/p>\n<p>Este producto se puede entregar en 24 horas<strong>*<\/strong><\/p>\n<p><a href=\"https:\/\/impresiondigitalgranformato.es\/roll-up\/\"><img loading=\"lazy\" decoding=\"async\" class=\"size-full wp-image-12936 aligncenter\" src=\"https:\/\/impresiondigitalgranformato.es\/wp-content\/uploads\/2019\/09\/impresion-digital-mas-modelos.png\" alt=\"impresion digital mas modelos\" width=\"468\" height=\"61\" srcset=\"https:\/\/i0.wp.com\/impresiondigitalgranformato.es\/wp-content\/uploads\/2019\/09\/impresion-digital-mas-modelos.png?w=468&amp;ssl=1 468w, https:\/\/i0.wp.com\/impresiondigitalgranformato.es\/wp-content\/uploads\/2019\/09\/impresion-digital-mas-modelos.png?resize=100%2C13&amp;ssl=1 100w, https:\/\/i0.wp.com\/impresiondigitalgranformato.es\/wp-content\/uploads\/2019\/09\/impresion-digital-mas-modelos.png?resize=150%2C20&amp;ssl=1 150w, https:\/\/i0.wp.com\/impresiondigitalgranformato.es\/wp-content\/uploads\/2019\/09\/impresion-digital-mas-modelos.png?resize=200%2C26&amp;ssl=1 200w, https:\/\/i0.wp.com\/impresiondigitalgranformato.es\/wp-content\/uploads\/2019\/09\/impresion-digital-mas-modelos.png?resize=300%2C39&amp;ssl=1 300w, https:\/\/i0.wp.com\/impresiondigitalgranformato.es\/wp-content\/uploads\/2019\/09\/impresion-digital-mas-modelos.png?resize=450%2C59&amp;ssl=1 450w\" sizes=\"auto, (max-width: 468px) 100vw, 468px\" \/><\/a><\/p>\n","protected":false},"featured_media":14123,"comment_status":"open","ping_status":"closed","template":"","meta":[],"product_brand":[],"product_cat":[24],"product_tag":[],"class_list":{"0":"post-3831","1":"product","2":"type-product","3":"status-publish","4":"has-post-thumbnail","6":"product_cat-roll-up-baratos","8":"first","9":"instock","10":"sold-individually","11":"taxable","12":"shipping-taxable","13":"purchasable","14":"product-type-simple"},"yoast_head":"<!-- This site is optimized with the Yoast SEO plugin v27.3 - https:\/\/yoast.com\/product\/yoast-seo-wordpress\/ -->\n<title>roll up 100 x 200 - env\u00edo gratuito - roll up los + baratos<\/title>\n<meta name=\"description\" content=\"roll up 100 x 200 cm. econ\u00f3mico Estructura de aluminio con una gran estabilidad, gr\u00e1fica realizada en lona y funda de nyl\u00f3n. Env\u00edo gratis\" \/>\n<meta name=\"robots\" content=\"index, follow, max-snippet:-1, max-image-preview:large, max-video-preview:-1\" \/>\n<link rel=\"canonical\" href=\"https:\/\/impresiondigitalgranformato.es\/es_es\/producto\/roll-up-100-x-200-cm\/\" \/>\n<meta property=\"og:locale\" content=\"es_ES\" \/>\n<meta property=\"og:type\" content=\"article\" \/>\n<meta property=\"og:title\" content=\"roll up 100 x 200 - env\u00edo gratuito - roll up los + baratos\" \/>\n<meta property=\"og:description\" content=\"roll up 100 x 200 cm. econ\u00f3mico Estructura de aluminio con una gran estabilidad, gr\u00e1fica realizada en lona y funda de nyl\u00f3n. Env\u00edo gratis\" \/>\n<meta property=\"og:url\" content=\"https:\/\/impresiondigitalgranformato.es\/es_es\/producto\/roll-up-100-x-200-cm\/\" \/>\n<meta property=\"og:site_name\" content=\"Los + baratos\" \/>\n<meta property=\"article:modified_time\" content=\"2025-07-04T16:17:51+00:00\" \/>\n<meta property=\"og:image\" content=\"http:\/\/impresiondigitalgranformato.es\/wp-content\/uploads\/2018\/08\/roll-up-100-x-200.jpg\" \/>\n\t<meta property=\"og:image:width\" content=\"630\" \/>\n\t<meta property=\"og:image:height\" content=\"630\" \/>\n\t<meta property=\"og:image:type\" content=\"image\/jpeg\" \/>\n<meta name=\"twitter:card\" content=\"summary_large_image\" \/>\n<meta name=\"twitter:label1\" content=\"Tiempo de lectura\" \/>\n\t<meta name=\"twitter:data1\" content=\"2 minutos\" \/>\n<script type=\"application\/ld+json\" class=\"yoast-schema-graph\">{\"@context\":\"https:\\\/\\\/schema.org\",\"@graph\":[{\"@type\":\"WebPage\",\"@id\":\"https:\\\/\\\/impresiondigitalgranformato.es\\\/producto\\\/roll-up-100-x-200-cm\\\/\",\"url\":\"https:\\\/\\\/impresiondigitalgranformato.es\\\/producto\\\/roll-up-100-x-200-cm\\\/\",\"name\":\"roll up 100 x 200 - env\u00edo gratuito - roll up los + baratos\",\"isPartOf\":{\"@id\":\"https:\\\/\\\/impresiondigitalgranformato.es\\\/#website\"},\"primaryImageOfPage\":{\"@id\":\"https:\\\/\\\/impresiondigitalgranformato.es\\\/producto\\\/roll-up-100-x-200-cm\\\/#primaryimage\"},\"image\":{\"@id\":\"https:\\\/\\\/impresiondigitalgranformato.es\\\/producto\\\/roll-up-100-x-200-cm\\\/#primaryimage\"},\"thumbnailUrl\":\"https:\\\/\\\/i0.wp.com\\\/impresiondigitalgranformato.es\\\/wp-content\\\/uploads\\\/2018\\\/08\\\/roll-up-100-x-200.jpg?fit=630%2C630&ssl=1\",\"datePublished\":\"2018-08-03T10:32:44+00:00\",\"dateModified\":\"2025-07-04T16:17:51+00:00\",\"description\":\"roll up 100 x 200 cm. econ\u00f3mico Estructura de aluminio con una gran estabilidad, gr\u00e1fica realizada en lona y funda de nyl\u00f3n. Env\u00edo gratis\",\"breadcrumb\":{\"@id\":\"https:\\\/\\\/impresiondigitalgranformato.es\\\/producto\\\/roll-up-100-x-200-cm\\\/#breadcrumb\"},\"inLanguage\":\"es\",\"potentialAction\":[{\"@type\":\"ReadAction\",\"target\":[\"https:\\\/\\\/impresiondigitalgranformato.es\\\/producto\\\/roll-up-100-x-200-cm\\\/\"]}]},{\"@type\":\"ImageObject\",\"inLanguage\":\"es\",\"@id\":\"https:\\\/\\\/impresiondigitalgranformato.es\\\/producto\\\/roll-up-100-x-200-cm\\\/#primaryimage\",\"url\":\"https:\\\/\\\/i0.wp.com\\\/impresiondigitalgranformato.es\\\/wp-content\\\/uploads\\\/2018\\\/08\\\/roll-up-100-x-200.jpg?fit=630%2C630&ssl=1\",\"contentUrl\":\"https:\\\/\\\/i0.wp.com\\\/impresiondigitalgranformato.es\\\/wp-content\\\/uploads\\\/2018\\\/08\\\/roll-up-100-x-200.jpg?fit=630%2C630&ssl=1\",\"width\":630,\"height\":630,\"caption\":\"roll up 100 x 200\"},{\"@type\":\"BreadcrumbList\",\"@id\":\"https:\\\/\\\/impresiondigitalgranformato.es\\\/producto\\\/roll-up-100-x-200-cm\\\/#breadcrumb\",\"itemListElement\":[{\"@type\":\"ListItem\",\"position\":1,\"name\":\"Portada\",\"item\":\"https:\\\/\\\/impresiondigitalgranformato.es\\\/\"},{\"@type\":\"ListItem\",\"position\":2,\"name\":\"Productos\",\"item\":\"https:\\\/\\\/impresiondigitalgranformato.es\\\/venta-roll-up-banner\\\/\"},{\"@type\":\"ListItem\",\"position\":3,\"name\":\"roll up 100 x 200 cm\"}]},{\"@type\":\"WebSite\",\"@id\":\"https:\\\/\\\/impresiondigitalgranformato.es\\\/#website\",\"url\":\"https:\\\/\\\/impresiondigitalgranformato.es\\\/\",\"name\":\"Los + baratos\",\"description\":\"impresi\u00f3n digital gran formato venta de roll up, banner, banderas, lonas, carteles, displays, publicidad\",\"publisher\":{\"@id\":\"https:\\\/\\\/impresiondigitalgranformato.es\\\/#organization\"},\"potentialAction\":[{\"@type\":\"SearchAction\",\"target\":{\"@type\":\"EntryPoint\",\"urlTemplate\":\"https:\\\/\\\/impresiondigitalgranformato.es\\\/?s={search_term_string}\"},\"query-input\":{\"@type\":\"PropertyValueSpecification\",\"valueRequired\":true,\"valueName\":\"search_term_string\"}}],\"inLanguage\":\"es\"},{\"@type\":\"Organization\",\"@id\":\"https:\\\/\\\/impresiondigitalgranformato.es\\\/#organization\",\"name\":\"Los + baratos\",\"url\":\"https:\\\/\\\/impresiondigitalgranformato.es\\\/\",\"logo\":{\"@type\":\"ImageObject\",\"inLanguage\":\"es\",\"@id\":\"https:\\\/\\\/impresiondigitalgranformato.es\\\/#\\\/schema\\\/logo\\\/image\\\/\",\"url\":\"https:\\\/\\\/i0.wp.com\\\/impresiondigitalgranformato.es\\\/wp-content\\\/uploads\\\/2016\\\/12\\\/cropped-logotipo-2-e1483373659766.png?fit=500%2C101&ssl=1\",\"contentUrl\":\"https:\\\/\\\/i0.wp.com\\\/impresiondigitalgranformato.es\\\/wp-content\\\/uploads\\\/2016\\\/12\\\/cropped-logotipo-2-e1483373659766.png?fit=500%2C101&ssl=1\",\"width\":500,\"height\":101,\"caption\":\"Los + baratos\"},\"image\":{\"@id\":\"https:\\\/\\\/impresiondigitalgranformato.es\\\/#\\\/schema\\\/logo\\\/image\\\/\"}}]}<\/script>\n<!-- \/ Yoast SEO plugin. -->","yoast_head_json":{"title":"roll up 100 x 200 - env\u00edo gratuito - roll up los + baratos","description":"roll up 100 x 200 cm. econ\u00f3mico Estructura de aluminio con una gran estabilidad, gr\u00e1fica realizada en lona y funda de nyl\u00f3n. Env\u00edo gratis","robots":{"index":"index","follow":"follow","max-snippet":"max-snippet:-1","max-image-preview":"max-image-preview:large","max-video-preview":"max-video-preview:-1"},"canonical":"https:\/\/impresiondigitalgranformato.es\/es_es\/producto\/roll-up-100-x-200-cm\/","og_locale":"es_ES","og_type":"article","og_title":"roll up 100 x 200 - env\u00edo gratuito - roll up los + baratos","og_description":"roll up 100 x 200 cm. econ\u00f3mico Estructura de aluminio con una gran estabilidad, gr\u00e1fica realizada en lona y funda de nyl\u00f3n. Env\u00edo gratis","og_url":"https:\/\/impresiondigitalgranformato.es\/es_es\/producto\/roll-up-100-x-200-cm\/","og_site_name":"Los + baratos","article_modified_time":"2025-07-04T16:17:51+00:00","og_image":[{"width":630,"height":630,"url":"http:\/\/impresiondigitalgranformato.es\/wp-content\/uploads\/2018\/08\/roll-up-100-x-200.jpg","type":"image\/jpeg"}],"twitter_card":"summary_large_image","twitter_misc":{"Tiempo de lectura":"2 minutos"},"schema":{"@context":"https:\/\/schema.org","@graph":[{"@type":"WebPage","@id":"https:\/\/impresiondigitalgranformato.es\/producto\/roll-up-100-x-200-cm\/","url":"https:\/\/impresiondigitalgranformato.es\/producto\/roll-up-100-x-200-cm\/","name":"roll up 100 x 200 - env\u00edo gratuito - roll up los + baratos","isPartOf":{"@id":"https:\/\/impresiondigitalgranformato.es\/#website"},"primaryImageOfPage":{"@id":"https:\/\/impresiondigitalgranformato.es\/producto\/roll-up-100-x-200-cm\/#primaryimage"},"image":{"@id":"https:\/\/impresiondigitalgranformato.es\/producto\/roll-up-100-x-200-cm\/#primaryimage"},"thumbnailUrl":"https:\/\/i0.wp.com\/impresiondigitalgranformato.es\/wp-content\/uploads\/2018\/08\/roll-up-100-x-200.jpg?fit=630%2C630&ssl=1","datePublished":"2018-08-03T10:32:44+00:00","dateModified":"2025-07-04T16:17:51+00:00","description":"roll up 100 x 200 cm. econ\u00f3mico Estructura de aluminio con una gran estabilidad, gr\u00e1fica realizada en lona y funda de nyl\u00f3n. Env\u00edo gratis","breadcrumb":{"@id":"https:\/\/impresiondigitalgranformato.es\/producto\/roll-up-100-x-200-cm\/#breadcrumb"},"inLanguage":"es","potentialAction":[{"@type":"ReadAction","target":["https:\/\/impresiondigitalgranformato.es\/producto\/roll-up-100-x-200-cm\/"]}]},{"@type":"ImageObject","inLanguage":"es","@id":"https:\/\/impresiondigitalgranformato.es\/producto\/roll-up-100-x-200-cm\/#primaryimage","url":"https:\/\/i0.wp.com\/impresiondigitalgranformato.es\/wp-content\/uploads\/2018\/08\/roll-up-100-x-200.jpg?fit=630%2C630&ssl=1","contentUrl":"https:\/\/i0.wp.com\/impresiondigitalgranformato.es\/wp-content\/uploads\/2018\/08\/roll-up-100-x-200.jpg?fit=630%2C630&ssl=1","width":630,"height":630,"caption":"roll up 100 x 200"},{"@type":"BreadcrumbList","@id":"https:\/\/impresiondigitalgranformato.es\/producto\/roll-up-100-x-200-cm\/#breadcrumb","itemListElement":[{"@type":"ListItem","position":1,"name":"Portada","item":"https:\/\/impresiondigitalgranformato.es\/"},{"@type":"ListItem","position":2,"name":"Productos","item":"https:\/\/impresiondigitalgranformato.es\/venta-roll-up-banner\/"},{"@type":"ListItem","position":3,"name":"roll up 100 x 200 cm"}]},{"@type":"WebSite","@id":"https:\/\/impresiondigitalgranformato.es\/#website","url":"https:\/\/impresiondigitalgranformato.es\/","name":"Los + baratos","description":"impresi\u00f3n digital gran formato venta de roll up, banner, banderas, lonas, carteles, displays, publicidad","publisher":{"@id":"https:\/\/impresiondigitalgranformato.es\/#organization"},"potentialAction":[{"@type":"SearchAction","target":{"@type":"EntryPoint","urlTemplate":"https:\/\/impresiondigitalgranformato.es\/?s={search_term_string}"},"query-input":{"@type":"PropertyValueSpecification","valueRequired":true,"valueName":"search_term_string"}}],"inLanguage":"es"},{"@type":"Organization","@id":"https:\/\/impresiondigitalgranformato.es\/#organization","name":"Los + baratos","url":"https:\/\/impresiondigitalgranformato.es\/","logo":{"@type":"ImageObject","inLanguage":"es","@id":"https:\/\/impresiondigitalgranformato.es\/#\/schema\/logo\/image\/","url":"https:\/\/i0.wp.com\/impresiondigitalgranformato.es\/wp-content\/uploads\/2016\/12\/cropped-logotipo-2-e1483373659766.png?fit=500%2C101&ssl=1","contentUrl":"https:\/\/i0.wp.com\/impresiondigitalgranformato.es\/wp-content\/uploads\/2016\/12\/cropped-logotipo-2-e1483373659766.png?fit=500%2C101&ssl=1","width":500,"height":101,"caption":"Los + baratos"},"image":{"@id":"https:\/\/impresiondigitalgranformato.es\/#\/schema\/logo\/image\/"}}]}},"jetpack_sharing_enabled":true,"_links":{"self":[{"href":"https:\/\/impresiondigitalgranformato.es\/es_es\/wp-json\/wp\/v2\/product\/3831","targetHints":{"allow":["GET"]}}],"collection":[{"href":"https:\/\/impresiondigitalgranformato.es\/es_es\/wp-json\/wp\/v2\/product"}],"about":[{"href":"https:\/\/impresiondigitalgranformato.es\/es_es\/wp-json\/wp\/v2\/types\/product"}],"replies":[{"embeddable":true,"href":"https:\/\/impresiondigitalgranformato.es\/es_es\/wp-json\/wp\/v2\/comments?post=3831"}],"wp:featuredmedia":[{"embeddable":true,"href":"https:\/\/impresiondigitalgranformato.es\/es_es\/wp-json\/wp\/v2\/media\/14123"}],"wp:attachment":[{"href":"https:\/\/impresiondigitalgranformato.es\/es_es\/wp-json\/wp\/v2\/media?parent=3831"}],"wp:term":[{"taxonomy":"product_brand","embeddable":true,"href":"https:\/\/impresiondigitalgranformato.es\/es_es\/wp-json\/wp\/v2\/product_brand?post=3831"},{"taxonomy":"product_cat","embeddable":true,"href":"https:\/\/impresiondigitalgranformato.es\/es_es\/wp-json\/wp\/v2\/product_cat?post=3831"},{"taxonomy":"product_tag","embeddable":true,"href":"https:\/\/impresiondigitalgranformato.es\/es_es\/wp-json\/wp\/v2\/product_tag?post=3831"}],"curies":[{"name":"wp","href":"https:\/\/api.w.org\/{rel}","templated":true}]}}