{"id":4837,"date":"2019-01-11T10:22:32","date_gmt":"2019-01-11T09:22:32","guid":{"rendered":"http:\/\/impresiondigitalgranformato.es\/?post_type=product&#038;p=4837"},"modified":"2024-02-13T14:06:28","modified_gmt":"2024-02-13T13:06:28","slug":"photocall-comunion-flores","status":"publish","type":"product","link":"https:\/\/impresiondigitalgranformato.es\/es_es\/producto\/photocall-comunion-flores\/","title":{"rendered":"Photocall de comuni\u00f3n con flores"},"content":{"rendered":"<p>Cartel o photocall de comuni\u00f3n realizado en impresi\u00f3n digital de alta calidad sobre lona de pvc.<\/p>\n<p>Estructura de fibra de vidrio y seg\u00fan el tama\u00f1o llevar\u00eda las siguiente:<\/p>\n<p>170 x 200 cm &#8230;. 2 estructuras en X<\/p>\n<p>200 x 200 cm &#8230;. 2 estructuras en X<\/p>\n<p>250 x 200 cm &#8230;. 3 estructuras en X<\/p>\n<p>300 x 200 cm &#8230;. 4 estructuras en X<\/p>\n<p>incluye bolsa de transporte.<\/p>\n","protected":false},"excerpt":{"rendered":"<h3><span style=\"color: #547396;\"><strong>Personalice la comuni\u00f3n de su hijo o hija con un cartel photocall para realizar fotograf\u00edas con sus invitados.<\/strong><\/span><\/h3>\n<p>Al colocar el photocall en su comuni\u00f3n conseguir\u00e1 que sus invitados se diviertan realizando fotograf\u00edas en muchas posiciones, y servir\u00e1n a su hija o hijo para tener un bonito recuerdo.<\/p>\n<p>&nbsp;<\/p>\n<p><strong>Elija el tama\u00f1o:<\/strong> 170 x 200 cm, 200 x 200 cm, 250 x 200 cm \u00f3 300 x 200 cm<\/p>\n<p><strong>Ind\u00edquenos el nombre de su hijo o hija y la fecha del evento para personalizar el cartel.<\/strong><\/p>\n","protected":false},"featured_media":4842,"comment_status":"open","ping_status":"closed","template":"","meta":[],"product_brand":[],"product_cat":[72],"product_tag":[],"class_list":{"0":"post-4837","1":"product","2":"type-product","3":"status-publish","4":"has-post-thumbnail","6":"product_cat-photocall-comunion","8":"first","9":"instock","10":"taxable","11":"shipping-taxable","12":"purchasable","13":"product-type-variable"},"yoast_head":"<!-- This site is optimized with the Yoast SEO plugin v27.3 - https:\/\/yoast.com\/product\/yoast-seo-wordpress\/ -->\n<title>Photocall de comuni\u00f3n con flores - Los + baratos<\/title>\n<meta name=\"robots\" content=\"index, follow, max-snippet:-1, max-image-preview:large, max-video-preview:-1\" \/>\n<link rel=\"canonical\" href=\"https:\/\/impresiondigitalgranformato.es\/es_es\/producto\/photocall-comunion-flores\/\" \/>\n<meta property=\"og:locale\" content=\"es_ES\" \/>\n<meta property=\"og:type\" content=\"article\" \/>\n<meta property=\"og:title\" content=\"Photocall de comuni\u00f3n con flores - Los + baratos\" \/>\n<meta property=\"og:description\" content=\"Personalice la comuni\u00f3n de su hijo o hija con un cartel photocall para realizar fotograf\u00edas con sus invitados. Al colocar el photocall en su comuni\u00f3n conseguir\u00e1 que sus invitados se diviertan realizando fotograf\u00edas en muchas posiciones, y servir\u00e1n a su hija o hijo para tener un bonito recuerdo.  &nbsp;  Elija el tama\u00f1o: 170 x 200 cm, 200 x 200 cm, 250 x 200 cm \u00f3 300 x 200 cm  Ind\u00edquenos el nombre de su hijo o hija y la fecha del evento para personalizar el cartel.\" \/>\n<meta property=\"og:url\" content=\"https:\/\/impresiondigitalgranformato.es\/es_es\/producto\/photocall-comunion-flores\/\" \/>\n<meta property=\"og:site_name\" content=\"Los + baratos\" \/>\n<meta property=\"article:modified_time\" content=\"2024-02-13T13:06:28+00:00\" \/>\n<meta property=\"og:image\" content=\"http:\/\/impresiondigitalgranformato.es\/wp-content\/uploads\/2019\/01\/photocall-comunion-con-flores.png\" \/>\n\t<meta property=\"og:image:width\" content=\"1021\" \/>\n\t<meta property=\"og:image:height\" content=\"1021\" \/>\n\t<meta property=\"og:image:type\" content=\"image\/png\" \/>\n<meta name=\"twitter:card\" content=\"summary_large_image\" \/>\n<meta name=\"twitter:label1\" content=\"Tiempo de lectura\" \/>\n\t<meta name=\"twitter:data1\" content=\"1 minuto\" \/>\n<script type=\"application\/ld+json\" class=\"yoast-schema-graph\">{\"@context\":\"https:\\\/\\\/schema.org\",\"@graph\":[{\"@type\":\"WebPage\",\"@id\":\"https:\\\/\\\/impresiondigitalgranformato.es\\\/producto\\\/photocall-comunion-flores\\\/\",\"url\":\"https:\\\/\\\/impresiondigitalgranformato.es\\\/producto\\\/photocall-comunion-flores\\\/\",\"name\":\"Photocall de comuni\u00f3n con flores - Los + baratos\",\"isPartOf\":{\"@id\":\"https:\\\/\\\/impresiondigitalgranformato.es\\\/#website\"},\"primaryImageOfPage\":{\"@id\":\"https:\\\/\\\/impresiondigitalgranformato.es\\\/producto\\\/photocall-comunion-flores\\\/#primaryimage\"},\"image\":{\"@id\":\"https:\\\/\\\/impresiondigitalgranformato.es\\\/producto\\\/photocall-comunion-flores\\\/#primaryimage\"},\"thumbnailUrl\":\"https:\\\/\\\/i0.wp.com\\\/impresiondigitalgranformato.es\\\/wp-content\\\/uploads\\\/2019\\\/01\\\/photocall-comunion-con-flores.png?fit=1021%2C1021&ssl=1\",\"datePublished\":\"2019-01-11T09:22:32+00:00\",\"dateModified\":\"2024-02-13T13:06:28+00:00\",\"breadcrumb\":{\"@id\":\"https:\\\/\\\/impresiondigitalgranformato.es\\\/producto\\\/photocall-comunion-flores\\\/#breadcrumb\"},\"inLanguage\":\"es\",\"potentialAction\":[{\"@type\":\"ReadAction\",\"target\":[\"https:\\\/\\\/impresiondigitalgranformato.es\\\/producto\\\/photocall-comunion-flores\\\/\"]}]},{\"@type\":\"ImageObject\",\"inLanguage\":\"es\",\"@id\":\"https:\\\/\\\/impresiondigitalgranformato.es\\\/producto\\\/photocall-comunion-flores\\\/#primaryimage\",\"url\":\"https:\\\/\\\/i0.wp.com\\\/impresiondigitalgranformato.es\\\/wp-content\\\/uploads\\\/2019\\\/01\\\/photocall-comunion-con-flores.png?fit=1021%2C1021&ssl=1\",\"contentUrl\":\"https:\\\/\\\/i0.wp.com\\\/impresiondigitalgranformato.es\\\/wp-content\\\/uploads\\\/2019\\\/01\\\/photocall-comunion-con-flores.png?fit=1021%2C1021&ssl=1\",\"width\":1021,\"height\":1021,\"caption\":\"cartel comunion para fotos con flores\"},{\"@type\":\"BreadcrumbList\",\"@id\":\"https:\\\/\\\/impresiondigitalgranformato.es\\\/producto\\\/photocall-comunion-flores\\\/#breadcrumb\",\"itemListElement\":[{\"@type\":\"ListItem\",\"position\":1,\"name\":\"Portada\",\"item\":\"https:\\\/\\\/impresiondigitalgranformato.es\\\/\"},{\"@type\":\"ListItem\",\"position\":2,\"name\":\"Productos\",\"item\":\"https:\\\/\\\/impresiondigitalgranformato.es\\\/venta-roll-up-banner\\\/\"},{\"@type\":\"ListItem\",\"position\":3,\"name\":\"Photocall de comuni\u00f3n con flores\"}]},{\"@type\":\"WebSite\",\"@id\":\"https:\\\/\\\/impresiondigitalgranformato.es\\\/#website\",\"url\":\"https:\\\/\\\/impresiondigitalgranformato.es\\\/\",\"name\":\"Los + baratos\",\"description\":\"impresi\u00f3n digital gran formato venta de roll up, banner, banderas, lonas, carteles, displays, publicidad\",\"publisher\":{\"@id\":\"https:\\\/\\\/impresiondigitalgranformato.es\\\/#organization\"},\"potentialAction\":[{\"@type\":\"SearchAction\",\"target\":{\"@type\":\"EntryPoint\",\"urlTemplate\":\"https:\\\/\\\/impresiondigitalgranformato.es\\\/?s={search_term_string}\"},\"query-input\":{\"@type\":\"PropertyValueSpecification\",\"valueRequired\":true,\"valueName\":\"search_term_string\"}}],\"inLanguage\":\"es\"},{\"@type\":\"Organization\",\"@id\":\"https:\\\/\\\/impresiondigitalgranformato.es\\\/#organization\",\"name\":\"Los + baratos\",\"url\":\"https:\\\/\\\/impresiondigitalgranformato.es\\\/\",\"logo\":{\"@type\":\"ImageObject\",\"inLanguage\":\"es\",\"@id\":\"https:\\\/\\\/impresiondigitalgranformato.es\\\/#\\\/schema\\\/logo\\\/image\\\/\",\"url\":\"https:\\\/\\\/i0.wp.com\\\/impresiondigitalgranformato.es\\\/wp-content\\\/uploads\\\/2016\\\/12\\\/cropped-logotipo-2-e1483373659766.png?fit=500%2C101&ssl=1\",\"contentUrl\":\"https:\\\/\\\/i0.wp.com\\\/impresiondigitalgranformato.es\\\/wp-content\\\/uploads\\\/2016\\\/12\\\/cropped-logotipo-2-e1483373659766.png?fit=500%2C101&ssl=1\",\"width\":500,\"height\":101,\"caption\":\"Los + baratos\"},\"image\":{\"@id\":\"https:\\\/\\\/impresiondigitalgranformato.es\\\/#\\\/schema\\\/logo\\\/image\\\/\"}}]}<\/script>\n<!-- \/ Yoast SEO plugin. -->","yoast_head_json":{"title":"Photocall de comuni\u00f3n con flores - Los + baratos","robots":{"index":"index","follow":"follow","max-snippet":"max-snippet:-1","max-image-preview":"max-image-preview:large","max-video-preview":"max-video-preview:-1"},"canonical":"https:\/\/impresiondigitalgranformato.es\/es_es\/producto\/photocall-comunion-flores\/","og_locale":"es_ES","og_type":"article","og_title":"Photocall de comuni\u00f3n con flores - Los + baratos","og_description":"Personalice la comuni\u00f3n de su hijo o hija con un cartel photocall para realizar fotograf\u00edas con sus invitados. Al colocar el photocall en su comuni\u00f3n conseguir\u00e1 que sus invitados se diviertan realizando fotograf\u00edas en muchas posiciones, y servir\u00e1n a su hija o hijo para tener un bonito recuerdo.  &nbsp;  Elija el tama\u00f1o: 170 x 200 cm, 200 x 200 cm, 250 x 200 cm \u00f3 300 x 200 cm  Ind\u00edquenos el nombre de su hijo o hija y la fecha del evento para personalizar el cartel.","og_url":"https:\/\/impresiondigitalgranformato.es\/es_es\/producto\/photocall-comunion-flores\/","og_site_name":"Los + baratos","article_modified_time":"2024-02-13T13:06:28+00:00","og_image":[{"width":1021,"height":1021,"url":"http:\/\/impresiondigitalgranformato.es\/wp-content\/uploads\/2019\/01\/photocall-comunion-con-flores.png","type":"image\/png"}],"twitter_card":"summary_large_image","twitter_misc":{"Tiempo de lectura":"1 minuto"},"schema":{"@context":"https:\/\/schema.org","@graph":[{"@type":"WebPage","@id":"https:\/\/impresiondigitalgranformato.es\/producto\/photocall-comunion-flores\/","url":"https:\/\/impresiondigitalgranformato.es\/producto\/photocall-comunion-flores\/","name":"Photocall de comuni\u00f3n con flores - Los + baratos","isPartOf":{"@id":"https:\/\/impresiondigitalgranformato.es\/#website"},"primaryImageOfPage":{"@id":"https:\/\/impresiondigitalgranformato.es\/producto\/photocall-comunion-flores\/#primaryimage"},"image":{"@id":"https:\/\/impresiondigitalgranformato.es\/producto\/photocall-comunion-flores\/#primaryimage"},"thumbnailUrl":"https:\/\/i0.wp.com\/impresiondigitalgranformato.es\/wp-content\/uploads\/2019\/01\/photocall-comunion-con-flores.png?fit=1021%2C1021&ssl=1","datePublished":"2019-01-11T09:22:32+00:00","dateModified":"2024-02-13T13:06:28+00:00","breadcrumb":{"@id":"https:\/\/impresiondigitalgranformato.es\/producto\/photocall-comunion-flores\/#breadcrumb"},"inLanguage":"es","potentialAction":[{"@type":"ReadAction","target":["https:\/\/impresiondigitalgranformato.es\/producto\/photocall-comunion-flores\/"]}]},{"@type":"ImageObject","inLanguage":"es","@id":"https:\/\/impresiondigitalgranformato.es\/producto\/photocall-comunion-flores\/#primaryimage","url":"https:\/\/i0.wp.com\/impresiondigitalgranformato.es\/wp-content\/uploads\/2019\/01\/photocall-comunion-con-flores.png?fit=1021%2C1021&ssl=1","contentUrl":"https:\/\/i0.wp.com\/impresiondigitalgranformato.es\/wp-content\/uploads\/2019\/01\/photocall-comunion-con-flores.png?fit=1021%2C1021&ssl=1","width":1021,"height":1021,"caption":"cartel comunion para fotos con flores"},{"@type":"BreadcrumbList","@id":"https:\/\/impresiondigitalgranformato.es\/producto\/photocall-comunion-flores\/#breadcrumb","itemListElement":[{"@type":"ListItem","position":1,"name":"Portada","item":"https:\/\/impresiondigitalgranformato.es\/"},{"@type":"ListItem","position":2,"name":"Productos","item":"https:\/\/impresiondigitalgranformato.es\/venta-roll-up-banner\/"},{"@type":"ListItem","position":3,"name":"Photocall de comuni\u00f3n con flores"}]},{"@type":"WebSite","@id":"https:\/\/impresiondigitalgranformato.es\/#website","url":"https:\/\/impresiondigitalgranformato.es\/","name":"Los + baratos","description":"impresi\u00f3n digital gran formato venta de roll up, banner, banderas, lonas, carteles, displays, publicidad","publisher":{"@id":"https:\/\/impresiondigitalgranformato.es\/#organization"},"potentialAction":[{"@type":"SearchAction","target":{"@type":"EntryPoint","urlTemplate":"https:\/\/impresiondigitalgranformato.es\/?s={search_term_string}"},"query-input":{"@type":"PropertyValueSpecification","valueRequired":true,"valueName":"search_term_string"}}],"inLanguage":"es"},{"@type":"Organization","@id":"https:\/\/impresiondigitalgranformato.es\/#organization","name":"Los + baratos","url":"https:\/\/impresiondigitalgranformato.es\/","logo":{"@type":"ImageObject","inLanguage":"es","@id":"https:\/\/impresiondigitalgranformato.es\/#\/schema\/logo\/image\/","url":"https:\/\/i0.wp.com\/impresiondigitalgranformato.es\/wp-content\/uploads\/2016\/12\/cropped-logotipo-2-e1483373659766.png?fit=500%2C101&ssl=1","contentUrl":"https:\/\/i0.wp.com\/impresiondigitalgranformato.es\/wp-content\/uploads\/2016\/12\/cropped-logotipo-2-e1483373659766.png?fit=500%2C101&ssl=1","width":500,"height":101,"caption":"Los + baratos"},"image":{"@id":"https:\/\/impresiondigitalgranformato.es\/#\/schema\/logo\/image\/"}}]}},"jetpack_sharing_enabled":true,"_links":{"self":[{"href":"https:\/\/impresiondigitalgranformato.es\/es_es\/wp-json\/wp\/v2\/product\/4837","targetHints":{"allow":["GET"]}}],"collection":[{"href":"https:\/\/impresiondigitalgranformato.es\/es_es\/wp-json\/wp\/v2\/product"}],"about":[{"href":"https:\/\/impresiondigitalgranformato.es\/es_es\/wp-json\/wp\/v2\/types\/product"}],"replies":[{"embeddable":true,"href":"https:\/\/impresiondigitalgranformato.es\/es_es\/wp-json\/wp\/v2\/comments?post=4837"}],"wp:featuredmedia":[{"embeddable":true,"href":"https:\/\/impresiondigitalgranformato.es\/es_es\/wp-json\/wp\/v2\/media\/4842"}],"wp:attachment":[{"href":"https:\/\/impresiondigitalgranformato.es\/es_es\/wp-json\/wp\/v2\/media?parent=4837"}],"wp:term":[{"taxonomy":"product_brand","embeddable":true,"href":"https:\/\/impresiondigitalgranformato.es\/es_es\/wp-json\/wp\/v2\/product_brand?post=4837"},{"taxonomy":"product_cat","embeddable":true,"href":"https:\/\/impresiondigitalgranformato.es\/es_es\/wp-json\/wp\/v2\/product_cat?post=4837"},{"taxonomy":"product_tag","embeddable":true,"href":"https:\/\/impresiondigitalgranformato.es\/es_es\/wp-json\/wp\/v2\/product_tag?post=4837"}],"curies":[{"name":"wp","href":"https:\/\/api.w.org\/{rel}","templated":true}]}}