{"id":5380,"date":"2019-08-14T08:40:39","date_gmt":"2019-08-14T06:40:39","guid":{"rendered":"http:\/\/impresiondigitalgranformato.es\/?post_type=product&#038;p=5380"},"modified":"2025-07-14T11:57:41","modified_gmt":"2025-07-14T09:57:41","slug":"banner-medida-especial","status":"publish","type":"product","link":"https:\/\/impresiondigitalgranformato.es\/es_es\/producto\/banner-medida-especial\/","title":{"rendered":"banner medida especial"},"content":{"rendered":"<p>banner medida especial<\/p>\n<p>Ofrecemos 4 tama\u00f1os de xbanner diferentes a los estandarizados.<\/p>\n<p>Gr\u00e1fica realizada en lona de pvc fundida satinada con impresi\u00f3n digital de alta calidad<\/p>\n<p>La estructura esta fabricada en fibra de vidrio<\/p>\n<p>incluye bolsa de transporte.<\/p>\n<p>Este banner de medida especial\u00a0 es muy utilizado para promociones, ofertas y servicios. Es un banner barato y de gran visibilidad.<\/p>\n<p>Los banner son de muy f\u00e1cil montaje, se monta en 1 minuto puede verlo en nuestro <a href=\"https:\/\/youtu.be\/cX6Ehf93SLI\" target=\"_blank\" rel=\"noopener\">video<\/a> .<\/p>\n<p>El transporte del display es c\u00f3modo ya que todo el producto queda dentro de la bolsa de transporte y su peso es de alrededor de 1 kilo.<\/p>\n<p>Tambi\u00e9n puede decantarse por los tama\u00f1os mas utilizados como el modelo de <a href=\"https:\/\/impresiondigitalgranformato.es\/producto\/banner-economico-60-x-160-cm\/\">60 x 160 cm<\/a> o el de <a href=\"https:\/\/impresiondigitalgranformato.es\/producto\/banner-80-x-200-cm-barato\/\">80 x 200 cm<\/a><\/p>\n<p><a href=\"https:\/\/impresiondigitalgranformato.es\/banner-y-xbanner-economicos\/\">Ver tama\u00f1os estandarizados<\/a><\/p>\n<p><span style=\"color: #ff0000;\">DESCUENTOS POR CANTIDADES !!!<\/span><\/p>\n<p><strong>Este producto se puede entregar en 24 horas*<\/strong><\/p>\n<p><strong>Env\u00edo GRATIS<\/strong> desde la 1\u00aa unidad<\/p>\n<p data-pbs-phone-margin-bottom=\"18px\"><span style=\"color: #000080;\"><strong>Diferentes clases de env\u00edo:<\/strong><\/span><\/p>\n<p data-pbs-phone-margin-bottom=\"18px\"><strong>Producci\u00f3n y entrega en 1 d\u00eda laboral <\/strong>(*este servicio es solo valido para pedidos confirmado antes de las 11:30 horas del d\u00eda en curso.)<\/p>\n<p data-pbs-phone-margin-bottom=\"18px\"><strong>Producci\u00f3n y entrega en 2 d\u00edas laborales<\/strong><\/p>\n<p data-pbs-phone-margin-bottom=\"18px\"><strong>Producci\u00f3n y entrega en 4 d\u00edas laborales<\/strong><\/p>\n<p data-pbs-phone-margin-bottom=\"18px\"><strong>Producci\u00f3n y entrega en 8 d\u00edas laborales<\/strong><\/p>\n","protected":false},"excerpt":{"rendered":"<p>Ofrecemos 4 tama\u00f1os de xbanner diferentes a los estandarizados.<\/p>\n<p>Gr\u00e1fica realizada en lona de pvc fundida satinada con impresi\u00f3n digital de alta calidad<\/p>\n<p>La estructura esta fabricada en fibra de vidrio<\/p>\n<p>incluye bolsa de transporte.<\/p>\n<p><strong><span style=\"color: #ff0000;\">DESCUENTOS POR CANTIDADES !!!\u00a0<\/span><\/strong><\/p>\n<p><strong>Env\u00edo gratuito<\/strong>\u00a0desde la 1\u00aa unid.<\/p>\n<p>Este producto se puede entregar en 24 horas<strong>*<\/strong><\/p>\n<p><a href=\"https:\/\/impresiondigitalgranformato.es\/banner-y-xbanner-economicos\/\">Ver tama\u00f1os estandarizados<\/a><\/p>\n","protected":false},"featured_media":5383,"comment_status":"open","ping_status":"closed","template":"","meta":[],"product_brand":[],"product_cat":[42],"product_tag":[],"class_list":{"0":"post-5380","1":"product","2":"type-product","3":"status-publish","4":"has-post-thumbnail","6":"product_cat-banner-economico","8":"first","9":"instock","10":"sold-individually","11":"taxable","12":"shipping-taxable","13":"purchasable","14":"product-type-simple"},"yoast_head":"<!-- This site is optimized with the Yoast SEO plugin v27.3 - https:\/\/yoast.com\/product\/yoast-seo-wordpress\/ -->\n<title>banner medida especial - Los + baratos - Env\u00edo Gratuito desde la 1\u00aa unid<\/title>\n<meta name=\"description\" content=\"Banner de medida especial. Ofrecemos tama\u00f1os diferentes a los habituales para adaptarnos a su dise\u00f1o. Env\u00edo gratuito desde la 1\u00aa unidad.\" \/>\n<meta name=\"robots\" content=\"index, follow, max-snippet:-1, max-image-preview:large, max-video-preview:-1\" \/>\n<link rel=\"canonical\" href=\"https:\/\/impresiondigitalgranformato.es\/es_es\/producto\/banner-medida-especial\/\" \/>\n<meta property=\"og:locale\" content=\"es_ES\" \/>\n<meta property=\"og:type\" content=\"article\" \/>\n<meta property=\"og:title\" content=\"banner medida especial - Los + baratos - Env\u00edo Gratuito desde la 1\u00aa unid\" \/>\n<meta property=\"og:description\" content=\"Banner de medida especial. Ofrecemos tama\u00f1os diferentes a los habituales para adaptarnos a su dise\u00f1o. Env\u00edo gratuito desde la 1\u00aa unidad.\" \/>\n<meta property=\"og:url\" content=\"https:\/\/impresiondigitalgranformato.es\/es_es\/producto\/banner-medida-especial\/\" \/>\n<meta property=\"og:site_name\" content=\"Los + baratos\" \/>\n<meta property=\"article:modified_time\" content=\"2025-07-14T09:57:41+00:00\" \/>\n<meta property=\"og:image\" content=\"http:\/\/impresiondigitalgranformato.es\/wp-content\/uploads\/2019\/08\/banner-medida-especial.png\" \/>\n\t<meta property=\"og:image:width\" content=\"709\" \/>\n\t<meta property=\"og:image:height\" content=\"709\" \/>\n\t<meta property=\"og:image:type\" content=\"image\/png\" \/>\n<meta name=\"twitter:card\" content=\"summary_large_image\" \/>\n<meta name=\"twitter:label1\" content=\"Tiempo de lectura\" \/>\n\t<meta name=\"twitter:data1\" content=\"2 minutos\" \/>\n<script type=\"application\/ld+json\" class=\"yoast-schema-graph\">{\"@context\":\"https:\\\/\\\/schema.org\",\"@graph\":[{\"@type\":\"WebPage\",\"@id\":\"https:\\\/\\\/impresiondigitalgranformato.es\\\/producto\\\/banner-medida-especial\\\/\",\"url\":\"https:\\\/\\\/impresiondigitalgranformato.es\\\/producto\\\/banner-medida-especial\\\/\",\"name\":\"banner medida especial - Los + baratos - Env\u00edo Gratuito desde la 1\u00aa unid\",\"isPartOf\":{\"@id\":\"https:\\\/\\\/impresiondigitalgranformato.es\\\/#website\"},\"primaryImageOfPage\":{\"@id\":\"https:\\\/\\\/impresiondigitalgranformato.es\\\/producto\\\/banner-medida-especial\\\/#primaryimage\"},\"image\":{\"@id\":\"https:\\\/\\\/impresiondigitalgranformato.es\\\/producto\\\/banner-medida-especial\\\/#primaryimage\"},\"thumbnailUrl\":\"https:\\\/\\\/i0.wp.com\\\/impresiondigitalgranformato.es\\\/wp-content\\\/uploads\\\/2019\\\/08\\\/banner-medida-especial.png?fit=709%2C709&ssl=1\",\"datePublished\":\"2019-08-14T06:40:39+00:00\",\"dateModified\":\"2025-07-14T09:57:41+00:00\",\"description\":\"Banner de medida especial. Ofrecemos tama\u00f1os diferentes a los habituales para adaptarnos a su dise\u00f1o. Env\u00edo gratuito desde la 1\u00aa unidad.\",\"breadcrumb\":{\"@id\":\"https:\\\/\\\/impresiondigitalgranformato.es\\\/producto\\\/banner-medida-especial\\\/#breadcrumb\"},\"inLanguage\":\"es\",\"potentialAction\":[{\"@type\":\"ReadAction\",\"target\":[\"https:\\\/\\\/impresiondigitalgranformato.es\\\/producto\\\/banner-medida-especial\\\/\"]}]},{\"@type\":\"ImageObject\",\"inLanguage\":\"es\",\"@id\":\"https:\\\/\\\/impresiondigitalgranformato.es\\\/producto\\\/banner-medida-especial\\\/#primaryimage\",\"url\":\"https:\\\/\\\/i0.wp.com\\\/impresiondigitalgranformato.es\\\/wp-content\\\/uploads\\\/2019\\\/08\\\/banner-medida-especial.png?fit=709%2C709&ssl=1\",\"contentUrl\":\"https:\\\/\\\/i0.wp.com\\\/impresiondigitalgranformato.es\\\/wp-content\\\/uploads\\\/2019\\\/08\\\/banner-medida-especial.png?fit=709%2C709&ssl=1\",\"width\":709,\"height\":709,\"caption\":\"banner tama\u00f1o especial\"},{\"@type\":\"BreadcrumbList\",\"@id\":\"https:\\\/\\\/impresiondigitalgranformato.es\\\/producto\\\/banner-medida-especial\\\/#breadcrumb\",\"itemListElement\":[{\"@type\":\"ListItem\",\"position\":1,\"name\":\"Portada\",\"item\":\"https:\\\/\\\/impresiondigitalgranformato.es\\\/\"},{\"@type\":\"ListItem\",\"position\":2,\"name\":\"Productos\",\"item\":\"https:\\\/\\\/impresiondigitalgranformato.es\\\/venta-roll-up-banner\\\/\"},{\"@type\":\"ListItem\",\"position\":3,\"name\":\"banner medida especial\"}]},{\"@type\":\"WebSite\",\"@id\":\"https:\\\/\\\/impresiondigitalgranformato.es\\\/#website\",\"url\":\"https:\\\/\\\/impresiondigitalgranformato.es\\\/\",\"name\":\"Los + baratos\",\"description\":\"impresi\u00f3n digital gran formato venta de roll up, banner, banderas, lonas, carteles, displays, publicidad\",\"publisher\":{\"@id\":\"https:\\\/\\\/impresiondigitalgranformato.es\\\/#organization\"},\"potentialAction\":[{\"@type\":\"SearchAction\",\"target\":{\"@type\":\"EntryPoint\",\"urlTemplate\":\"https:\\\/\\\/impresiondigitalgranformato.es\\\/?s={search_term_string}\"},\"query-input\":{\"@type\":\"PropertyValueSpecification\",\"valueRequired\":true,\"valueName\":\"search_term_string\"}}],\"inLanguage\":\"es\"},{\"@type\":\"Organization\",\"@id\":\"https:\\\/\\\/impresiondigitalgranformato.es\\\/#organization\",\"name\":\"Los + baratos\",\"url\":\"https:\\\/\\\/impresiondigitalgranformato.es\\\/\",\"logo\":{\"@type\":\"ImageObject\",\"inLanguage\":\"es\",\"@id\":\"https:\\\/\\\/impresiondigitalgranformato.es\\\/#\\\/schema\\\/logo\\\/image\\\/\",\"url\":\"https:\\\/\\\/i0.wp.com\\\/impresiondigitalgranformato.es\\\/wp-content\\\/uploads\\\/2016\\\/12\\\/cropped-logotipo-2-e1483373659766.png?fit=500%2C101&ssl=1\",\"contentUrl\":\"https:\\\/\\\/i0.wp.com\\\/impresiondigitalgranformato.es\\\/wp-content\\\/uploads\\\/2016\\\/12\\\/cropped-logotipo-2-e1483373659766.png?fit=500%2C101&ssl=1\",\"width\":500,\"height\":101,\"caption\":\"Los + baratos\"},\"image\":{\"@id\":\"https:\\\/\\\/impresiondigitalgranformato.es\\\/#\\\/schema\\\/logo\\\/image\\\/\"}}]}<\/script>\n<!-- \/ Yoast SEO plugin. -->","yoast_head_json":{"title":"banner medida especial - Los + baratos - Env\u00edo Gratuito desde la 1\u00aa unid","description":"Banner de medida especial. Ofrecemos tama\u00f1os diferentes a los habituales para adaptarnos a su dise\u00f1o. Env\u00edo gratuito desde la 1\u00aa unidad.","robots":{"index":"index","follow":"follow","max-snippet":"max-snippet:-1","max-image-preview":"max-image-preview:large","max-video-preview":"max-video-preview:-1"},"canonical":"https:\/\/impresiondigitalgranformato.es\/es_es\/producto\/banner-medida-especial\/","og_locale":"es_ES","og_type":"article","og_title":"banner medida especial - Los + baratos - Env\u00edo Gratuito desde la 1\u00aa unid","og_description":"Banner de medida especial. Ofrecemos tama\u00f1os diferentes a los habituales para adaptarnos a su dise\u00f1o. Env\u00edo gratuito desde la 1\u00aa unidad.","og_url":"https:\/\/impresiondigitalgranformato.es\/es_es\/producto\/banner-medida-especial\/","og_site_name":"Los + baratos","article_modified_time":"2025-07-14T09:57:41+00:00","og_image":[{"width":709,"height":709,"url":"http:\/\/impresiondigitalgranformato.es\/wp-content\/uploads\/2019\/08\/banner-medida-especial.png","type":"image\/png"}],"twitter_card":"summary_large_image","twitter_misc":{"Tiempo de lectura":"2 minutos"},"schema":{"@context":"https:\/\/schema.org","@graph":[{"@type":"WebPage","@id":"https:\/\/impresiondigitalgranformato.es\/producto\/banner-medida-especial\/","url":"https:\/\/impresiondigitalgranformato.es\/producto\/banner-medida-especial\/","name":"banner medida especial - Los + baratos - Env\u00edo Gratuito desde la 1\u00aa unid","isPartOf":{"@id":"https:\/\/impresiondigitalgranformato.es\/#website"},"primaryImageOfPage":{"@id":"https:\/\/impresiondigitalgranformato.es\/producto\/banner-medida-especial\/#primaryimage"},"image":{"@id":"https:\/\/impresiondigitalgranformato.es\/producto\/banner-medida-especial\/#primaryimage"},"thumbnailUrl":"https:\/\/i0.wp.com\/impresiondigitalgranformato.es\/wp-content\/uploads\/2019\/08\/banner-medida-especial.png?fit=709%2C709&ssl=1","datePublished":"2019-08-14T06:40:39+00:00","dateModified":"2025-07-14T09:57:41+00:00","description":"Banner de medida especial. Ofrecemos tama\u00f1os diferentes a los habituales para adaptarnos a su dise\u00f1o. Env\u00edo gratuito desde la 1\u00aa unidad.","breadcrumb":{"@id":"https:\/\/impresiondigitalgranformato.es\/producto\/banner-medida-especial\/#breadcrumb"},"inLanguage":"es","potentialAction":[{"@type":"ReadAction","target":["https:\/\/impresiondigitalgranformato.es\/producto\/banner-medida-especial\/"]}]},{"@type":"ImageObject","inLanguage":"es","@id":"https:\/\/impresiondigitalgranformato.es\/producto\/banner-medida-especial\/#primaryimage","url":"https:\/\/i0.wp.com\/impresiondigitalgranformato.es\/wp-content\/uploads\/2019\/08\/banner-medida-especial.png?fit=709%2C709&ssl=1","contentUrl":"https:\/\/i0.wp.com\/impresiondigitalgranformato.es\/wp-content\/uploads\/2019\/08\/banner-medida-especial.png?fit=709%2C709&ssl=1","width":709,"height":709,"caption":"banner tama\u00f1o especial"},{"@type":"BreadcrumbList","@id":"https:\/\/impresiondigitalgranformato.es\/producto\/banner-medida-especial\/#breadcrumb","itemListElement":[{"@type":"ListItem","position":1,"name":"Portada","item":"https:\/\/impresiondigitalgranformato.es\/"},{"@type":"ListItem","position":2,"name":"Productos","item":"https:\/\/impresiondigitalgranformato.es\/venta-roll-up-banner\/"},{"@type":"ListItem","position":3,"name":"banner medida especial"}]},{"@type":"WebSite","@id":"https:\/\/impresiondigitalgranformato.es\/#website","url":"https:\/\/impresiondigitalgranformato.es\/","name":"Los + baratos","description":"impresi\u00f3n digital gran formato venta de roll up, banner, banderas, lonas, carteles, displays, publicidad","publisher":{"@id":"https:\/\/impresiondigitalgranformato.es\/#organization"},"potentialAction":[{"@type":"SearchAction","target":{"@type":"EntryPoint","urlTemplate":"https:\/\/impresiondigitalgranformato.es\/?s={search_term_string}"},"query-input":{"@type":"PropertyValueSpecification","valueRequired":true,"valueName":"search_term_string"}}],"inLanguage":"es"},{"@type":"Organization","@id":"https:\/\/impresiondigitalgranformato.es\/#organization","name":"Los + baratos","url":"https:\/\/impresiondigitalgranformato.es\/","logo":{"@type":"ImageObject","inLanguage":"es","@id":"https:\/\/impresiondigitalgranformato.es\/#\/schema\/logo\/image\/","url":"https:\/\/i0.wp.com\/impresiondigitalgranformato.es\/wp-content\/uploads\/2016\/12\/cropped-logotipo-2-e1483373659766.png?fit=500%2C101&ssl=1","contentUrl":"https:\/\/i0.wp.com\/impresiondigitalgranformato.es\/wp-content\/uploads\/2016\/12\/cropped-logotipo-2-e1483373659766.png?fit=500%2C101&ssl=1","width":500,"height":101,"caption":"Los + baratos"},"image":{"@id":"https:\/\/impresiondigitalgranformato.es\/#\/schema\/logo\/image\/"}}]}},"jetpack_sharing_enabled":true,"_links":{"self":[{"href":"https:\/\/impresiondigitalgranformato.es\/es_es\/wp-json\/wp\/v2\/product\/5380","targetHints":{"allow":["GET"]}}],"collection":[{"href":"https:\/\/impresiondigitalgranformato.es\/es_es\/wp-json\/wp\/v2\/product"}],"about":[{"href":"https:\/\/impresiondigitalgranformato.es\/es_es\/wp-json\/wp\/v2\/types\/product"}],"replies":[{"embeddable":true,"href":"https:\/\/impresiondigitalgranformato.es\/es_es\/wp-json\/wp\/v2\/comments?post=5380"}],"wp:featuredmedia":[{"embeddable":true,"href":"https:\/\/impresiondigitalgranformato.es\/es_es\/wp-json\/wp\/v2\/media\/5383"}],"wp:attachment":[{"href":"https:\/\/impresiondigitalgranformato.es\/es_es\/wp-json\/wp\/v2\/media?parent=5380"}],"wp:term":[{"taxonomy":"product_brand","embeddable":true,"href":"https:\/\/impresiondigitalgranformato.es\/es_es\/wp-json\/wp\/v2\/product_brand?post=5380"},{"taxonomy":"product_cat","embeddable":true,"href":"https:\/\/impresiondigitalgranformato.es\/es_es\/wp-json\/wp\/v2\/product_cat?post=5380"},{"taxonomy":"product_tag","embeddable":true,"href":"https:\/\/impresiondigitalgranformato.es\/es_es\/wp-json\/wp\/v2\/product_tag?post=5380"}],"curies":[{"name":"wp","href":"https:\/\/api.w.org\/{rel}","templated":true}]}}