{"id":5532,"date":"2019-09-06T19:27:59","date_gmt":"2019-09-06T17:27:59","guid":{"rendered":"http:\/\/impresiondigitalgranformato.es\/?post_type=product&#038;p=5532"},"modified":"2025-07-04T18:10:11","modified_gmt":"2025-07-04T16:10:11","slug":"rollup-premium-economico","status":"publish","type":"product","link":"https:\/\/impresiondigitalgranformato.es\/es_es\/producto\/rollup-premium-economico\/","title":{"rendered":"rollup PREMIUM"},"content":{"rendered":"<h2><span style=\"color: #333333;\">Rollup Econ\u00f3mico Premium<\/span><\/h2>\n<h2>\u00a1LA CALIDAD! hecha roll up<\/h2>\n<p><span style=\"color: #333333;\">La estructura del rollup econ\u00f3mico premium esta fabricada con un <strong>aluminio mas fuerte<\/strong> e incluye un <strong>palastro inferior<\/strong>\u00a0para mejorar la <strong>estabilidad<\/strong> gracias a su peso.<\/span><\/p>\n<p><span style=\"color: #333333;\">La\u00a0<strong>funda es acolchada<\/strong> para una mejor durabilidad del roll up en los transportes.<\/span><\/p>\n<p><span style=\"color: #333333;\">La gr\u00e1fica del cartel enrollable esta fabricada en lona de pvc de 450 gr. fundida satinada <strong>(para evitar roturas y arrugas)<\/strong><\/span><\/p>\n<p><span style=\"color: #333333;\">La impresi\u00f3n de la gr\u00e1fica del roll up econ\u00f3mico premium se realiza en <strong>impresi\u00f3n digital de alta calidad<\/strong><\/span><\/p>\n<p>Varios tama\u00f1os para que elija en el roll up econ\u00f3mico premium: 60 x 200 cm, 80 x 200 cm, 85 x 200 cm, 100 x 200 cm, 120 x 200 cm y los que tambi\u00e9n <strong>usara como photocall:<\/strong> 150 x 200 cm, 175 x 200 cm, 200 x 200 cm, 220 x 200 cm y 240 x 200 cm. <a href=\"https:\/\/impresiondigitalgranformato.es\/categoria-producto\/photocall-barato\/\">tambi\u00e9n tenemos una secci\u00f3n para que compre photocall<\/a><\/p>\n<p>&nbsp;<\/p>\n<h4>Los roll ups<\/h4>\n<p>Son una herramienta para que publicite sus productos o servicios que <a href=\"https:\/\/www.diarioinformacion.com\/blogs\/diseno-y-marketing\/roll-up-la-nueva-moda-del-marketing-publicitario.html\" target=\"_blank\" rel=\"noopener\">cada vez es mas utilizada<\/a>. Para ferias, congresos, puntos de venta o solamente para se\u00f1alizar. Su f\u00e1cil montaje y desmontaje y su poco peso hace que este cartel enrollable sea de los mas usado a la hora de la preparaci\u00f3n de los eventos. Consiga una publicidad econ\u00f3mica y duradera.<\/p>\n<p>&nbsp;<\/p>\n<p><span style=\"color: #ff0000;\">DESCUENTOS POR CANTIDADES !!!<\/span><\/p>\n<p><strong>Este producto se puede entregar en 24 horas*<\/strong><\/p>\n<p><strong>Env\u00edo GRATIS<\/strong>\u00a0desde la 1\u00aa unidad<\/p>\n<p data-pbs-phone-margin-bottom=\"18px\"><span style=\"color: #000080;\"><strong>Diferentes clases de env\u00edo:<\/strong><\/span><\/p>\n<p data-pbs-phone-margin-bottom=\"18px\"><strong>Producci\u00f3n y entrega en 1 d\u00eda laboral\u00a0<\/strong>(*este servicio es solo valido para pedidos confirmado antes de las 11:30 horas del d\u00eda en curso.)<\/p>\n<p data-pbs-phone-margin-bottom=\"18px\"><strong>Producci\u00f3n y entrega en 2 d\u00edas laborales<\/strong><\/p>\n<p data-pbs-phone-margin-bottom=\"18px\"><strong>Producci\u00f3n y entrega en 4 d\u00edas laborales<\/strong><\/p>\n<p data-pbs-phone-margin-bottom=\"18px\"><strong>Producci\u00f3n y entrega en 8 d\u00edas laborales<\/strong><\/p>\n","protected":false},"excerpt":{"rendered":"<p><strong>Roll up econ\u00f3mico Premium<\/strong><\/p>\n<p><span style=\"color: #ff0000;\">DESCUENTOS POR CANTIDADES !!!<\/span><\/p>\n<p><strong>Env\u00edo gratuito<\/strong>\u00a0desde la 1\u00aa unid.<\/p>\n<p><a href=\"https:\/\/impresiondigitalgranformato.es\/roll-up\/\"><img loading=\"lazy\" decoding=\"async\" class=\"size-full wp-image-12936 alignnone\" src=\"https:\/\/impresiondigitalgranformato.es\/wp-content\/uploads\/2019\/09\/impresion-digital-mas-modelos.png\" alt=\"impresion digital mas modelos\" width=\"468\" height=\"61\" srcset=\"https:\/\/i0.wp.com\/impresiondigitalgranformato.es\/wp-content\/uploads\/2019\/09\/impresion-digital-mas-modelos.png?w=468&amp;ssl=1 468w, https:\/\/i0.wp.com\/impresiondigitalgranformato.es\/wp-content\/uploads\/2019\/09\/impresion-digital-mas-modelos.png?resize=100%2C13&amp;ssl=1 100w, https:\/\/i0.wp.com\/impresiondigitalgranformato.es\/wp-content\/uploads\/2019\/09\/impresion-digital-mas-modelos.png?resize=150%2C20&amp;ssl=1 150w, https:\/\/i0.wp.com\/impresiondigitalgranformato.es\/wp-content\/uploads\/2019\/09\/impresion-digital-mas-modelos.png?resize=200%2C26&amp;ssl=1 200w, https:\/\/i0.wp.com\/impresiondigitalgranformato.es\/wp-content\/uploads\/2019\/09\/impresion-digital-mas-modelos.png?resize=300%2C39&amp;ssl=1 300w, https:\/\/i0.wp.com\/impresiondigitalgranformato.es\/wp-content\/uploads\/2019\/09\/impresion-digital-mas-modelos.png?resize=450%2C59&amp;ssl=1 450w\" sizes=\"auto, (max-width: 468px) 100vw, 468px\" \/><\/a><\/p>\n","protected":false},"featured_media":5534,"comment_status":"open","ping_status":"closed","template":"","meta":[],"product_brand":[],"product_cat":[24],"product_tag":[86],"class_list":{"0":"post-5532","1":"product","2":"type-product","3":"status-publish","4":"has-post-thumbnail","6":"product_cat-roll-up-baratos","7":"product_tag-photocall-eventos-fiestas","9":"first","10":"instock","11":"sold-individually","12":"taxable","13":"shipping-taxable","14":"purchasable","15":"product-type-simple"},"yoast_head":"<!-- This site is optimized with the Yoast SEO plugin v27.3 - https:\/\/yoast.com\/product\/yoast-seo-wordpress\/ -->\n<title>rollup economico premium - Env\u00edo Gratuito - Los + baratos<\/title>\n<meta name=\"description\" content=\"rollup econ\u00f3mico premium. Estructura mas fuerte, grafica en lona, bolsa de transporte del rollup acolchada y como siempre barato. la calidad hecha rollup.\" \/>\n<meta name=\"robots\" content=\"index, follow, max-snippet:-1, max-image-preview:large, max-video-preview:-1\" \/>\n<link rel=\"canonical\" href=\"https:\/\/impresiondigitalgranformato.es\/es_es\/producto\/rollup-premium-economico\/\" \/>\n<meta property=\"og:locale\" content=\"es_ES\" \/>\n<meta property=\"og:type\" content=\"article\" \/>\n<meta property=\"og:title\" content=\"rollup economico premium - Env\u00edo Gratuito - Los + baratos\" \/>\n<meta property=\"og:description\" content=\"rollup econ\u00f3mico premium. Estructura mas fuerte, grafica en lona, bolsa de transporte del rollup acolchada y como siempre barato. la calidad hecha rollup.\" \/>\n<meta property=\"og:url\" content=\"https:\/\/impresiondigitalgranformato.es\/es_es\/producto\/rollup-premium-economico\/\" \/>\n<meta property=\"og:site_name\" content=\"Los + baratos\" \/>\n<meta property=\"article:modified_time\" content=\"2025-07-04T16:10:11+00:00\" \/>\n<meta property=\"og:image\" content=\"http:\/\/impresiondigitalgranformato.es\/wp-content\/uploads\/2019\/09\/rollup-economico-premium.png\" \/>\n\t<meta property=\"og:image:width\" content=\"473\" \/>\n\t<meta property=\"og:image:height\" content=\"473\" \/>\n\t<meta property=\"og:image:type\" content=\"image\/png\" \/>\n<meta name=\"twitter:card\" content=\"summary_large_image\" \/>\n<meta name=\"twitter:label1\" content=\"Tiempo de lectura\" \/>\n\t<meta name=\"twitter:data1\" content=\"2 minutos\" \/>\n<script type=\"application\/ld+json\" class=\"yoast-schema-graph\">{\"@context\":\"https:\\\/\\\/schema.org\",\"@graph\":[{\"@type\":\"WebPage\",\"@id\":\"https:\\\/\\\/impresiondigitalgranformato.es\\\/producto\\\/rollup-premium-economico\\\/\",\"url\":\"https:\\\/\\\/impresiondigitalgranformato.es\\\/producto\\\/rollup-premium-economico\\\/\",\"name\":\"rollup economico premium - Env\u00edo Gratuito - Los + baratos\",\"isPartOf\":{\"@id\":\"https:\\\/\\\/impresiondigitalgranformato.es\\\/#website\"},\"primaryImageOfPage\":{\"@id\":\"https:\\\/\\\/impresiondigitalgranformato.es\\\/producto\\\/rollup-premium-economico\\\/#primaryimage\"},\"image\":{\"@id\":\"https:\\\/\\\/impresiondigitalgranformato.es\\\/producto\\\/rollup-premium-economico\\\/#primaryimage\"},\"thumbnailUrl\":\"https:\\\/\\\/i0.wp.com\\\/impresiondigitalgranformato.es\\\/wp-content\\\/uploads\\\/2019\\\/09\\\/rollup-economico-premium.png?fit=473%2C473&ssl=1\",\"datePublished\":\"2019-09-06T17:27:59+00:00\",\"dateModified\":\"2025-07-04T16:10:11+00:00\",\"description\":\"rollup econ\u00f3mico premium. Estructura mas fuerte, grafica en lona, bolsa de transporte del rollup acolchada y como siempre barato. la calidad hecha rollup.\",\"breadcrumb\":{\"@id\":\"https:\\\/\\\/impresiondigitalgranformato.es\\\/producto\\\/rollup-premium-economico\\\/#breadcrumb\"},\"inLanguage\":\"es\",\"potentialAction\":[{\"@type\":\"ReadAction\",\"target\":[\"https:\\\/\\\/impresiondigitalgranformato.es\\\/producto\\\/rollup-premium-economico\\\/\"]}]},{\"@type\":\"ImageObject\",\"inLanguage\":\"es\",\"@id\":\"https:\\\/\\\/impresiondigitalgranformato.es\\\/producto\\\/rollup-premium-economico\\\/#primaryimage\",\"url\":\"https:\\\/\\\/i0.wp.com\\\/impresiondigitalgranformato.es\\\/wp-content\\\/uploads\\\/2019\\\/09\\\/rollup-economico-premium.png?fit=473%2C473&ssl=1\",\"contentUrl\":\"https:\\\/\\\/i0.wp.com\\\/impresiondigitalgranformato.es\\\/wp-content\\\/uploads\\\/2019\\\/09\\\/rollup-economico-premium.png?fit=473%2C473&ssl=1\",\"width\":473,\"height\":473,\"caption\":\"rollup barato premium\"},{\"@type\":\"BreadcrumbList\",\"@id\":\"https:\\\/\\\/impresiondigitalgranformato.es\\\/producto\\\/rollup-premium-economico\\\/#breadcrumb\",\"itemListElement\":[{\"@type\":\"ListItem\",\"position\":1,\"name\":\"Portada\",\"item\":\"https:\\\/\\\/impresiondigitalgranformato.es\\\/\"},{\"@type\":\"ListItem\",\"position\":2,\"name\":\"Productos\",\"item\":\"https:\\\/\\\/impresiondigitalgranformato.es\\\/venta-roll-up-banner\\\/\"},{\"@type\":\"ListItem\",\"position\":3,\"name\":\"rollup PREMIUM\"}]},{\"@type\":\"WebSite\",\"@id\":\"https:\\\/\\\/impresiondigitalgranformato.es\\\/#website\",\"url\":\"https:\\\/\\\/impresiondigitalgranformato.es\\\/\",\"name\":\"Los + baratos\",\"description\":\"impresi\u00f3n digital gran formato venta de roll up, banner, banderas, lonas, carteles, displays, publicidad\",\"publisher\":{\"@id\":\"https:\\\/\\\/impresiondigitalgranformato.es\\\/#organization\"},\"potentialAction\":[{\"@type\":\"SearchAction\",\"target\":{\"@type\":\"EntryPoint\",\"urlTemplate\":\"https:\\\/\\\/impresiondigitalgranformato.es\\\/?s={search_term_string}\"},\"query-input\":{\"@type\":\"PropertyValueSpecification\",\"valueRequired\":true,\"valueName\":\"search_term_string\"}}],\"inLanguage\":\"es\"},{\"@type\":\"Organization\",\"@id\":\"https:\\\/\\\/impresiondigitalgranformato.es\\\/#organization\",\"name\":\"Los + baratos\",\"url\":\"https:\\\/\\\/impresiondigitalgranformato.es\\\/\",\"logo\":{\"@type\":\"ImageObject\",\"inLanguage\":\"es\",\"@id\":\"https:\\\/\\\/impresiondigitalgranformato.es\\\/#\\\/schema\\\/logo\\\/image\\\/\",\"url\":\"https:\\\/\\\/i0.wp.com\\\/impresiondigitalgranformato.es\\\/wp-content\\\/uploads\\\/2016\\\/12\\\/cropped-logotipo-2-e1483373659766.png?fit=500%2C101&ssl=1\",\"contentUrl\":\"https:\\\/\\\/i0.wp.com\\\/impresiondigitalgranformato.es\\\/wp-content\\\/uploads\\\/2016\\\/12\\\/cropped-logotipo-2-e1483373659766.png?fit=500%2C101&ssl=1\",\"width\":500,\"height\":101,\"caption\":\"Los + baratos\"},\"image\":{\"@id\":\"https:\\\/\\\/impresiondigitalgranformato.es\\\/#\\\/schema\\\/logo\\\/image\\\/\"}}]}<\/script>\n<!-- \/ Yoast SEO plugin. -->","yoast_head_json":{"title":"rollup economico premium - Env\u00edo Gratuito - Los + baratos","description":"rollup econ\u00f3mico premium. Estructura mas fuerte, grafica en lona, bolsa de transporte del rollup acolchada y como siempre barato. la calidad hecha rollup.","robots":{"index":"index","follow":"follow","max-snippet":"max-snippet:-1","max-image-preview":"max-image-preview:large","max-video-preview":"max-video-preview:-1"},"canonical":"https:\/\/impresiondigitalgranformato.es\/es_es\/producto\/rollup-premium-economico\/","og_locale":"es_ES","og_type":"article","og_title":"rollup economico premium - Env\u00edo Gratuito - Los + baratos","og_description":"rollup econ\u00f3mico premium. Estructura mas fuerte, grafica en lona, bolsa de transporte del rollup acolchada y como siempre barato. la calidad hecha rollup.","og_url":"https:\/\/impresiondigitalgranformato.es\/es_es\/producto\/rollup-premium-economico\/","og_site_name":"Los + baratos","article_modified_time":"2025-07-04T16:10:11+00:00","og_image":[{"width":473,"height":473,"url":"http:\/\/impresiondigitalgranformato.es\/wp-content\/uploads\/2019\/09\/rollup-economico-premium.png","type":"image\/png"}],"twitter_card":"summary_large_image","twitter_misc":{"Tiempo de lectura":"2 minutos"},"schema":{"@context":"https:\/\/schema.org","@graph":[{"@type":"WebPage","@id":"https:\/\/impresiondigitalgranformato.es\/producto\/rollup-premium-economico\/","url":"https:\/\/impresiondigitalgranformato.es\/producto\/rollup-premium-economico\/","name":"rollup economico premium - Env\u00edo Gratuito - Los + baratos","isPartOf":{"@id":"https:\/\/impresiondigitalgranformato.es\/#website"},"primaryImageOfPage":{"@id":"https:\/\/impresiondigitalgranformato.es\/producto\/rollup-premium-economico\/#primaryimage"},"image":{"@id":"https:\/\/impresiondigitalgranformato.es\/producto\/rollup-premium-economico\/#primaryimage"},"thumbnailUrl":"https:\/\/i0.wp.com\/impresiondigitalgranformato.es\/wp-content\/uploads\/2019\/09\/rollup-economico-premium.png?fit=473%2C473&ssl=1","datePublished":"2019-09-06T17:27:59+00:00","dateModified":"2025-07-04T16:10:11+00:00","description":"rollup econ\u00f3mico premium. Estructura mas fuerte, grafica en lona, bolsa de transporte del rollup acolchada y como siempre barato. la calidad hecha rollup.","breadcrumb":{"@id":"https:\/\/impresiondigitalgranformato.es\/producto\/rollup-premium-economico\/#breadcrumb"},"inLanguage":"es","potentialAction":[{"@type":"ReadAction","target":["https:\/\/impresiondigitalgranformato.es\/producto\/rollup-premium-economico\/"]}]},{"@type":"ImageObject","inLanguage":"es","@id":"https:\/\/impresiondigitalgranformato.es\/producto\/rollup-premium-economico\/#primaryimage","url":"https:\/\/i0.wp.com\/impresiondigitalgranformato.es\/wp-content\/uploads\/2019\/09\/rollup-economico-premium.png?fit=473%2C473&ssl=1","contentUrl":"https:\/\/i0.wp.com\/impresiondigitalgranformato.es\/wp-content\/uploads\/2019\/09\/rollup-economico-premium.png?fit=473%2C473&ssl=1","width":473,"height":473,"caption":"rollup barato premium"},{"@type":"BreadcrumbList","@id":"https:\/\/impresiondigitalgranformato.es\/producto\/rollup-premium-economico\/#breadcrumb","itemListElement":[{"@type":"ListItem","position":1,"name":"Portada","item":"https:\/\/impresiondigitalgranformato.es\/"},{"@type":"ListItem","position":2,"name":"Productos","item":"https:\/\/impresiondigitalgranformato.es\/venta-roll-up-banner\/"},{"@type":"ListItem","position":3,"name":"rollup PREMIUM"}]},{"@type":"WebSite","@id":"https:\/\/impresiondigitalgranformato.es\/#website","url":"https:\/\/impresiondigitalgranformato.es\/","name":"Los + baratos","description":"impresi\u00f3n digital gran formato venta de roll up, banner, banderas, lonas, carteles, displays, publicidad","publisher":{"@id":"https:\/\/impresiondigitalgranformato.es\/#organization"},"potentialAction":[{"@type":"SearchAction","target":{"@type":"EntryPoint","urlTemplate":"https:\/\/impresiondigitalgranformato.es\/?s={search_term_string}"},"query-input":{"@type":"PropertyValueSpecification","valueRequired":true,"valueName":"search_term_string"}}],"inLanguage":"es"},{"@type":"Organization","@id":"https:\/\/impresiondigitalgranformato.es\/#organization","name":"Los + baratos","url":"https:\/\/impresiondigitalgranformato.es\/","logo":{"@type":"ImageObject","inLanguage":"es","@id":"https:\/\/impresiondigitalgranformato.es\/#\/schema\/logo\/image\/","url":"https:\/\/i0.wp.com\/impresiondigitalgranformato.es\/wp-content\/uploads\/2016\/12\/cropped-logotipo-2-e1483373659766.png?fit=500%2C101&ssl=1","contentUrl":"https:\/\/i0.wp.com\/impresiondigitalgranformato.es\/wp-content\/uploads\/2016\/12\/cropped-logotipo-2-e1483373659766.png?fit=500%2C101&ssl=1","width":500,"height":101,"caption":"Los + baratos"},"image":{"@id":"https:\/\/impresiondigitalgranformato.es\/#\/schema\/logo\/image\/"}}]}},"jetpack_sharing_enabled":true,"_links":{"self":[{"href":"https:\/\/impresiondigitalgranformato.es\/es_es\/wp-json\/wp\/v2\/product\/5532","targetHints":{"allow":["GET"]}}],"collection":[{"href":"https:\/\/impresiondigitalgranformato.es\/es_es\/wp-json\/wp\/v2\/product"}],"about":[{"href":"https:\/\/impresiondigitalgranformato.es\/es_es\/wp-json\/wp\/v2\/types\/product"}],"replies":[{"embeddable":true,"href":"https:\/\/impresiondigitalgranformato.es\/es_es\/wp-json\/wp\/v2\/comments?post=5532"}],"wp:featuredmedia":[{"embeddable":true,"href":"https:\/\/impresiondigitalgranformato.es\/es_es\/wp-json\/wp\/v2\/media\/5534"}],"wp:attachment":[{"href":"https:\/\/impresiondigitalgranformato.es\/es_es\/wp-json\/wp\/v2\/media?parent=5532"}],"wp:term":[{"taxonomy":"product_brand","embeddable":true,"href":"https:\/\/impresiondigitalgranformato.es\/es_es\/wp-json\/wp\/v2\/product_brand?post=5532"},{"taxonomy":"product_cat","embeddable":true,"href":"https:\/\/impresiondigitalgranformato.es\/es_es\/wp-json\/wp\/v2\/product_cat?post=5532"},{"taxonomy":"product_tag","embeddable":true,"href":"https:\/\/impresiondigitalgranformato.es\/es_es\/wp-json\/wp\/v2\/product_tag?post=5532"}],"curies":[{"name":"wp","href":"https:\/\/api.w.org\/{rel}","templated":true}]}}