{"id":14205,"date":"2022-01-04T18:28:08","date_gmt":"2022-01-04T17:28:08","guid":{"rendered":"https:\/\/impresiondigitalgranformato.es\/?page_id=14205"},"modified":"2022-01-11T11:05:22","modified_gmt":"2022-01-11T10:05:22","slug":"expositores-para-tiendas","status":"publish","type":"page","link":"https:\/\/impresiondigitalgranformato.es\/fr\/expositores-para-tiendas\/","title":{"rendered":"Pr\u00e9sentoirs de boutique"},"content":{"rendered":"<p class=\"has-text-align-center\" style=\"font-size:18px\"><strong>Expositores para tiendas econ\u00f3micos fabricados en metacrilato, plastico, pvc y metal.<\/strong><\/p>\n\n\n\n<div class=\"wp-block-columns is-layout-flex wp-container-core-columns-is-layout-9d6595d7 wp-block-columns-is-layout-flex\">\n<div class=\"wp-block-column is-layout-flow wp-block-column-is-layout-flow\">\n<figure class=\"wp-block-image size-full\"><a href=\"https:\/\/impresiondigitalgranformato.es\/fr\/produit\/porta-precios-horizontal\/\"><img data-recalc-dims=\"1\" loading=\"lazy\" decoding=\"async\" width=\"630\" height=\"630\" src=\"https:\/\/i0.wp.com\/impresiondigitalgranformato.es\/wp-content\/uploads\/2022\/01\/porta-precios-horizontal.jpg?resize=630%2C630\" alt=\"porta precios horizontal\" class=\"wp-image-14193\" srcset=\"https:\/\/i0.wp.com\/impresiondigitalgranformato.es\/wp-content\/uploads\/2022\/01\/porta-precios-horizontal.jpg?w=630&amp;ssl=1 630w, https:\/\/i0.wp.com\/impresiondigitalgranformato.es\/wp-content\/uploads\/2022\/01\/porta-precios-horizontal.jpg?resize=600%2C600&amp;ssl=1 600w, https:\/\/i0.wp.com\/impresiondigitalgranformato.es\/wp-content\/uploads\/2022\/01\/porta-precios-horizontal.jpg?resize=300%2C300&amp;ssl=1 300w, https:\/\/i0.wp.com\/impresiondigitalgranformato.es\/wp-content\/uploads\/2022\/01\/porta-precios-horizontal.jpg?resize=500%2C500&amp;ssl=1 500w, https:\/\/i0.wp.com\/impresiondigitalgranformato.es\/wp-content\/uploads\/2022\/01\/porta-precios-horizontal.jpg?resize=100%2C100&amp;ssl=1 100w\" sizes=\"auto, (max-width: 630px) 100vw, 630px\" \/><\/a><\/figure>\n\n\n\n<p class=\"has-text-align-justify\">Porta precios de metacrilato de 2 mm de grosor. Varios tama\u00f1os para elegir. Expositor pl\u00e1stico para escaparate e interior de la tienda.<\/p>\n\n\n\n<p class=\"has-text-align-center\"><strong><a href=\"https:\/\/impresiondigitalgranformato.es\/fr\/produit\/porta-precios-horizontal\/\">VER EXPOSITOR<\/a><\/strong><\/p>\n<\/div>\n\n\n\n<div class=\"wp-block-column is-layout-flow wp-block-column-is-layout-flow\">\n<figure class=\"wp-block-image size-full\"><a href=\"https:\/\/impresiondigitalgranformato.es\/fr\/produit\/portaprecios-vertical\/\"><img data-recalc-dims=\"1\" loading=\"lazy\" decoding=\"async\" width=\"640\" height=\"640\" src=\"https:\/\/i0.wp.com\/impresiondigitalgranformato.es\/wp-content\/uploads\/2022\/01\/portaprecios-vertical.jpg?resize=640%2C640\" alt=\"Portaprecios vertical\" class=\"wp-image-14218\" srcset=\"https:\/\/i0.wp.com\/impresiondigitalgranformato.es\/wp-content\/uploads\/2022\/01\/portaprecios-vertical.jpg?w=947&amp;ssl=1 947w, https:\/\/i0.wp.com\/impresiondigitalgranformato.es\/wp-content\/uploads\/2022\/01\/portaprecios-vertical.jpg?resize=600%2C600&amp;ssl=1 600w, https:\/\/i0.wp.com\/impresiondigitalgranformato.es\/wp-content\/uploads\/2022\/01\/portaprecios-vertical.jpg?resize=300%2C300&amp;ssl=1 300w, https:\/\/i0.wp.com\/impresiondigitalgranformato.es\/wp-content\/uploads\/2022\/01\/portaprecios-vertical.jpg?resize=768%2C768&amp;ssl=1 768w, https:\/\/i0.wp.com\/impresiondigitalgranformato.es\/wp-content\/uploads\/2022\/01\/portaprecios-vertical.jpg?resize=500%2C500&amp;ssl=1 500w, https:\/\/i0.wp.com\/impresiondigitalgranformato.es\/wp-content\/uploads\/2022\/01\/portaprecios-vertical.jpg?resize=100%2C100&amp;ssl=1 100w\" sizes=\"auto, (max-width: 640px) 100vw, 640px\" \/><\/a><\/figure>\n\n\n\n<p class=\"has-text-align-justify\">Portaprecios de metacrilato vertical de 2 mm de grosor. Varios tama\u00f1os para elegir. Expositor pl\u00e1stico para escaparate e interior de la tienda.<\/p>\n\n\n\n<p class=\"has-text-align-center\"><a href=\"https:\/\/impresiondigitalgranformato.es\/fr\/produit\/portaprecios-vertical\/\"><strong>VER EXPOSITOR <\/strong><\/a><\/p>\n<\/div>\n\n\n\n<div class=\"wp-block-column is-layout-flow wp-block-column-is-layout-flow\">\n<figure class=\"wp-block-image size-full\"><a href=\"https:\/\/impresiondigitalgranformato.es\/fr\/produit\/portaprecios-a-2-caras\/\"><img data-recalc-dims=\"1\" loading=\"lazy\" decoding=\"async\" width=\"640\" height=\"640\" src=\"https:\/\/i0.wp.com\/impresiondigitalgranformato.es\/wp-content\/uploads\/2022\/01\/portaprecios-2-caras.jpg?resize=640%2C640\" alt=\"Portaprecios a 2 caras\" class=\"wp-image-14241\" srcset=\"https:\/\/i0.wp.com\/impresiondigitalgranformato.es\/wp-content\/uploads\/2022\/01\/portaprecios-2-caras.jpg?w=947&amp;ssl=1 947w, https:\/\/i0.wp.com\/impresiondigitalgranformato.es\/wp-content\/uploads\/2022\/01\/portaprecios-2-caras.jpg?resize=600%2C600&amp;ssl=1 600w, https:\/\/i0.wp.com\/impresiondigitalgranformato.es\/wp-content\/uploads\/2022\/01\/portaprecios-2-caras.jpg?resize=300%2C300&amp;ssl=1 300w, https:\/\/i0.wp.com\/impresiondigitalgranformato.es\/wp-content\/uploads\/2022\/01\/portaprecios-2-caras.jpg?resize=768%2C768&amp;ssl=1 768w, https:\/\/i0.wp.com\/impresiondigitalgranformato.es\/wp-content\/uploads\/2022\/01\/portaprecios-2-caras.jpg?resize=500%2C500&amp;ssl=1 500w, https:\/\/i0.wp.com\/impresiondigitalgranformato.es\/wp-content\/uploads\/2022\/01\/portaprecios-2-caras.jpg?resize=100%2C100&amp;ssl=1 100w\" sizes=\"auto, (max-width: 640px) 100vw, 640px\" \/><\/a><\/figure>\n\n\n\n<p class=\"has-text-align-justify\">Portaprecios de metacrilato a 2 caras de 2 mm de grosor. Varios tama\u00f1os para elegir. Expositor pl\u00e1stico para escaparates y tiendas.<\/p>\n\n\n\n<p class=\"has-text-align-center\"> <strong><a href=\"https:\/\/impresiondigitalgranformato.es\/fr\/produit\/portaprecios-a-2-caras\/\">VER EXPOSITOR<\/a><\/strong><\/p>\n<\/div>\n<\/div>\n\n\n\n<div class=\"wp-block-columns is-layout-flex wp-container-core-columns-is-layout-9d6595d7 wp-block-columns-is-layout-flex\">\n<div class=\"wp-block-column is-layout-flow wp-block-column-is-layout-flow\">\n<figure class=\"wp-block-image size-full\"><a href=\"https:\/\/impresiondigitalgranformato.es\/fr\/produit\/expositor-para-movil-o-tablet\/\"><img data-recalc-dims=\"1\" loading=\"lazy\" decoding=\"async\" width=\"631\" height=\"631\" src=\"https:\/\/i0.wp.com\/impresiondigitalgranformato.es\/wp-content\/uploads\/2022\/01\/expositor-para-moviles-y-tablet.jpg?resize=631%2C631\" alt=\"Expositor para movil o tablet\" class=\"wp-image-14265\" srcset=\"https:\/\/i0.wp.com\/impresiondigitalgranformato.es\/wp-content\/uploads\/2022\/01\/expositor-para-moviles-y-tablet.jpg?w=631&amp;ssl=1 631w, https:\/\/i0.wp.com\/impresiondigitalgranformato.es\/wp-content\/uploads\/2022\/01\/expositor-para-moviles-y-tablet.jpg?resize=600%2C600&amp;ssl=1 600w, https:\/\/i0.wp.com\/impresiondigitalgranformato.es\/wp-content\/uploads\/2022\/01\/expositor-para-moviles-y-tablet.jpg?resize=300%2C300&amp;ssl=1 300w, https:\/\/i0.wp.com\/impresiondigitalgranformato.es\/wp-content\/uploads\/2022\/01\/expositor-para-moviles-y-tablet.jpg?resize=500%2C500&amp;ssl=1 500w, https:\/\/i0.wp.com\/impresiondigitalgranformato.es\/wp-content\/uploads\/2022\/01\/expositor-para-moviles-y-tablet.jpg?resize=100%2C100&amp;ssl=1 100w\" sizes=\"auto, (max-width: 631px) 100vw, 631px\" \/><\/a><\/figure>\n\n\n\n<p class=\"has-text-align-justify\">Expositor para m\u00f3viles y tablet de 2 mm de grosor. Varios tama\u00f1os para elegir. Expositor de pl\u00e1stico para escaparates y tiendas.<\/p>\n\n\n\n<p class=\"has-text-align-center\"><strong><a href=\"https:\/\/impresiondigitalgranformato.es\/fr\/produit\/expositor-para-movil-o-tablet\/\">VER EXPOSITOR<\/a><\/strong><\/p>\n\n\n\n<p class=\"has-text-align-justify\"> <\/p>\n<\/div>\n\n\n\n<div class=\"wp-block-column is-layout-flow wp-block-column-is-layout-flow\"><\/div>\n\n\n\n<div class=\"wp-block-column is-layout-flow wp-block-column-is-layout-flow\"><\/div>\n<\/div>","protected":false},"excerpt":{"rendered":"<p>Expositores para tiendas econ\u00f3micos fabricados en metacrilato, plastico, pvc y metal. Porta precios de metacrilato de 2 mm de grosor. Varios tama\u00f1os para elegir. Expositor pl\u00e1stico para escaparate e interior de la tienda. VER EXPOSITOR Portaprecios de metacrilato vertical de 2 mm de grosor. Varios tama\u00f1os para elegir. Expositor pl\u00e1stico para escaparate e interior de [&hellip;]<\/p>\n","protected":false},"author":1,"featured_media":0,"parent":0,"menu_order":0,"comment_status":"closed","ping_status":"closed","template":"","meta":{"footnotes":""},"class_list":["post-14205","page","type-page","status-publish","hentry"],"yoast_head":"<!-- This site is optimized with the Yoast SEO plugin v27.3 - https:\/\/yoast.com\/product\/yoast-seo-wordpress\/ -->\n<title>Expositores para Tiendas - Los + baratos<\/title>\n<meta name=\"robots\" content=\"index, follow, max-snippet:-1, max-image-preview:large, max-video-preview:-1\" \/>\n<link rel=\"canonical\" href=\"https:\/\/impresiondigitalgranformato.es\/fr\/expositores-para-tiendas\/\" \/>\n<meta property=\"og:locale\" content=\"fr_FR\" \/>\n<meta property=\"og:type\" content=\"article\" \/>\n<meta property=\"og:title\" content=\"Expositores para Tiendas - Los + baratos\" \/>\n<meta property=\"og:description\" content=\"Expositores para tiendas econ\u00f3micos fabricados en metacrilato, plastico, pvc y metal. Porta precios de metacrilato de 2 mm de grosor. Varios tama\u00f1os para elegir. Expositor pl\u00e1stico para escaparate e interior de la tienda. VER EXPOSITOR Portaprecios de metacrilato vertical de 2 mm de grosor. Varios tama\u00f1os para elegir. Expositor pl\u00e1stico para escaparate e interior de [&hellip;]\" \/>\n<meta property=\"og:url\" content=\"https:\/\/impresiondigitalgranformato.es\/fr\/expositores-para-tiendas\/\" \/>\n<meta property=\"og:site_name\" content=\"Los + baratos\" \/>\n<meta property=\"article:modified_time\" content=\"2022-01-11T10:05:22+00:00\" \/>\n<meta property=\"og:image\" content=\"http:\/\/impresiondigitalgranformato.es\/wp-content\/uploads\/2022\/01\/porta-precios-horizontal.jpg\" \/>\n<meta name=\"twitter:card\" content=\"summary_large_image\" \/>\n<meta name=\"twitter:label1\" content=\"Dur\u00e9e de lecture estim\u00e9e\" \/>\n\t<meta name=\"twitter:data1\" content=\"2 minutes\" \/>\n<script type=\"application\/ld+json\" class=\"yoast-schema-graph\">{\"@context\":\"https:\\\/\\\/schema.org\",\"@graph\":[{\"@type\":\"WebPage\",\"@id\":\"https:\\\/\\\/impresiondigitalgranformato.es\\\/expositores-para-tiendas\\\/\",\"url\":\"https:\\\/\\\/impresiondigitalgranformato.es\\\/expositores-para-tiendas\\\/\",\"name\":\"Expositores para Tiendas - Los + baratos\",\"isPartOf\":{\"@id\":\"https:\\\/\\\/impresiondigitalgranformato.es\\\/#website\"},\"primaryImageOfPage\":{\"@id\":\"https:\\\/\\\/impresiondigitalgranformato.es\\\/expositores-para-tiendas\\\/#primaryimage\"},\"image\":{\"@id\":\"https:\\\/\\\/impresiondigitalgranformato.es\\\/expositores-para-tiendas\\\/#primaryimage\"},\"thumbnailUrl\":\"http:\\\/\\\/impresiondigitalgranformato.es\\\/wp-content\\\/uploads\\\/2022\\\/01\\\/porta-precios-horizontal.jpg\",\"datePublished\":\"2022-01-04T17:28:08+00:00\",\"dateModified\":\"2022-01-11T10:05:22+00:00\",\"breadcrumb\":{\"@id\":\"https:\\\/\\\/impresiondigitalgranformato.es\\\/expositores-para-tiendas\\\/#breadcrumb\"},\"inLanguage\":\"fr-FR\",\"potentialAction\":[{\"@type\":\"ReadAction\",\"target\":[\"https:\\\/\\\/impresiondigitalgranformato.es\\\/expositores-para-tiendas\\\/\"]}]},{\"@type\":\"ImageObject\",\"inLanguage\":\"fr-FR\",\"@id\":\"https:\\\/\\\/impresiondigitalgranformato.es\\\/expositores-para-tiendas\\\/#primaryimage\",\"url\":\"http:\\\/\\\/impresiondigitalgranformato.es\\\/wp-content\\\/uploads\\\/2022\\\/01\\\/porta-precios-horizontal.jpg\",\"contentUrl\":\"http:\\\/\\\/impresiondigitalgranformato.es\\\/wp-content\\\/uploads\\\/2022\\\/01\\\/porta-precios-horizontal.jpg\"},{\"@type\":\"BreadcrumbList\",\"@id\":\"https:\\\/\\\/impresiondigitalgranformato.es\\\/expositores-para-tiendas\\\/#breadcrumb\",\"itemListElement\":[{\"@type\":\"ListItem\",\"position\":1,\"name\":\"Portada\",\"item\":\"https:\\\/\\\/impresiondigitalgranformato.es\\\/\"},{\"@type\":\"ListItem\",\"position\":2,\"name\":\"Expositores para Tiendas\"}]},{\"@type\":\"WebSite\",\"@id\":\"https:\\\/\\\/impresiondigitalgranformato.es\\\/#website\",\"url\":\"https:\\\/\\\/impresiondigitalgranformato.es\\\/\",\"name\":\"Los + baratos\",\"description\":\"impresi\u00f3n digital gran formato venta de roll up, banner, banderas, lonas, carteles, displays, publicidad\",\"publisher\":{\"@id\":\"https:\\\/\\\/impresiondigitalgranformato.es\\\/#organization\"},\"potentialAction\":[{\"@type\":\"SearchAction\",\"target\":{\"@type\":\"EntryPoint\",\"urlTemplate\":\"https:\\\/\\\/impresiondigitalgranformato.es\\\/?s={search_term_string}\"},\"query-input\":{\"@type\":\"PropertyValueSpecification\",\"valueRequired\":true,\"valueName\":\"search_term_string\"}}],\"inLanguage\":\"fr-FR\"},{\"@type\":\"Organization\",\"@id\":\"https:\\\/\\\/impresiondigitalgranformato.es\\\/#organization\",\"name\":\"Los + baratos\",\"url\":\"https:\\\/\\\/impresiondigitalgranformato.es\\\/\",\"logo\":{\"@type\":\"ImageObject\",\"inLanguage\":\"fr-FR\",\"@id\":\"https:\\\/\\\/impresiondigitalgranformato.es\\\/#\\\/schema\\\/logo\\\/image\\\/\",\"url\":\"https:\\\/\\\/i0.wp.com\\\/impresiondigitalgranformato.es\\\/wp-content\\\/uploads\\\/2016\\\/12\\\/cropped-logotipo-2-e1483373659766.png?fit=500%2C101&ssl=1\",\"contentUrl\":\"https:\\\/\\\/i0.wp.com\\\/impresiondigitalgranformato.es\\\/wp-content\\\/uploads\\\/2016\\\/12\\\/cropped-logotipo-2-e1483373659766.png?fit=500%2C101&ssl=1\",\"width\":500,\"height\":101,\"caption\":\"Los + baratos\"},\"image\":{\"@id\":\"https:\\\/\\\/impresiondigitalgranformato.es\\\/#\\\/schema\\\/logo\\\/image\\\/\"}}]}<\/script>\n<!-- \/ Yoast SEO plugin. -->","yoast_head_json":{"title":"Expositores para Tiendas - Los + baratos","robots":{"index":"index","follow":"follow","max-snippet":"max-snippet:-1","max-image-preview":"max-image-preview:large","max-video-preview":"max-video-preview:-1"},"canonical":"https:\/\/impresiondigitalgranformato.es\/fr\/expositores-para-tiendas\/","og_locale":"fr_FR","og_type":"article","og_title":"Expositores para Tiendas - Los + baratos","og_description":"Expositores para tiendas econ\u00f3micos fabricados en metacrilato, plastico, pvc y metal. Porta precios de metacrilato de 2 mm de grosor. Varios tama\u00f1os para elegir. Expositor pl\u00e1stico para escaparate e interior de la tienda. VER EXPOSITOR Portaprecios de metacrilato vertical de 2 mm de grosor. Varios tama\u00f1os para elegir. Expositor pl\u00e1stico para escaparate e interior de [&hellip;]","og_url":"https:\/\/impresiondigitalgranformato.es\/fr\/expositores-para-tiendas\/","og_site_name":"Los + baratos","article_modified_time":"2022-01-11T10:05:22+00:00","og_image":[{"url":"http:\/\/impresiondigitalgranformato.es\/wp-content\/uploads\/2022\/01\/porta-precios-horizontal.jpg","type":"","width":"","height":""}],"twitter_card":"summary_large_image","twitter_misc":{"Dur\u00e9e de lecture estim\u00e9e":"2 minutes"},"schema":{"@context":"https:\/\/schema.org","@graph":[{"@type":"WebPage","@id":"https:\/\/impresiondigitalgranformato.es\/expositores-para-tiendas\/","url":"https:\/\/impresiondigitalgranformato.es\/expositores-para-tiendas\/","name":"Expositores para Tiendas - Los + baratos","isPartOf":{"@id":"https:\/\/impresiondigitalgranformato.es\/#website"},"primaryImageOfPage":{"@id":"https:\/\/impresiondigitalgranformato.es\/expositores-para-tiendas\/#primaryimage"},"image":{"@id":"https:\/\/impresiondigitalgranformato.es\/expositores-para-tiendas\/#primaryimage"},"thumbnailUrl":"http:\/\/impresiondigitalgranformato.es\/wp-content\/uploads\/2022\/01\/porta-precios-horizontal.jpg","datePublished":"2022-01-04T17:28:08+00:00","dateModified":"2022-01-11T10:05:22+00:00","breadcrumb":{"@id":"https:\/\/impresiondigitalgranformato.es\/expositores-para-tiendas\/#breadcrumb"},"inLanguage":"fr-FR","potentialAction":[{"@type":"ReadAction","target":["https:\/\/impresiondigitalgranformato.es\/expositores-para-tiendas\/"]}]},{"@type":"ImageObject","inLanguage":"fr-FR","@id":"https:\/\/impresiondigitalgranformato.es\/expositores-para-tiendas\/#primaryimage","url":"http:\/\/impresiondigitalgranformato.es\/wp-content\/uploads\/2022\/01\/porta-precios-horizontal.jpg","contentUrl":"http:\/\/impresiondigitalgranformato.es\/wp-content\/uploads\/2022\/01\/porta-precios-horizontal.jpg"},{"@type":"BreadcrumbList","@id":"https:\/\/impresiondigitalgranformato.es\/expositores-para-tiendas\/#breadcrumb","itemListElement":[{"@type":"ListItem","position":1,"name":"Portada","item":"https:\/\/impresiondigitalgranformato.es\/"},{"@type":"ListItem","position":2,"name":"Expositores para Tiendas"}]},{"@type":"WebSite","@id":"https:\/\/impresiondigitalgranformato.es\/#website","url":"https:\/\/impresiondigitalgranformato.es\/","name":"Les moins chers","description":"impression num\u00e9rique grand format vente de roll up, banni\u00e8res, drapeaux, banderoles, b\u00e2ches, affiches, pr\u00e9sentoirs, publicit\u00e9s","publisher":{"@id":"https:\/\/impresiondigitalgranformato.es\/#organization"},"potentialAction":[{"@type":"SearchAction","target":{"@type":"EntryPoint","urlTemplate":"https:\/\/impresiondigitalgranformato.es\/?s={search_term_string}"},"query-input":{"@type":"PropertyValueSpecification","valueRequired":true,"valueName":"search_term_string"}}],"inLanguage":"fr-FR"},{"@type":"Organization","@id":"https:\/\/impresiondigitalgranformato.es\/#organization","name":"Les moins chers","url":"https:\/\/impresiondigitalgranformato.es\/","logo":{"@type":"ImageObject","inLanguage":"fr-FR","@id":"https:\/\/impresiondigitalgranformato.es\/#\/schema\/logo\/image\/","url":"https:\/\/i0.wp.com\/impresiondigitalgranformato.es\/wp-content\/uploads\/2016\/12\/cropped-logotipo-2-e1483373659766.png?fit=500%2C101&ssl=1","contentUrl":"https:\/\/i0.wp.com\/impresiondigitalgranformato.es\/wp-content\/uploads\/2016\/12\/cropped-logotipo-2-e1483373659766.png?fit=500%2C101&ssl=1","width":500,"height":101,"caption":"Los + baratos"},"image":{"@id":"https:\/\/impresiondigitalgranformato.es\/#\/schema\/logo\/image\/"}}]}},"jetpack_sharing_enabled":true,"_links":{"self":[{"href":"https:\/\/impresiondigitalgranformato.es\/fr\/wp-json\/wp\/v2\/pages\/14205","targetHints":{"allow":["GET"]}}],"collection":[{"href":"https:\/\/impresiondigitalgranformato.es\/fr\/wp-json\/wp\/v2\/pages"}],"about":[{"href":"https:\/\/impresiondigitalgranformato.es\/fr\/wp-json\/wp\/v2\/types\/page"}],"author":[{"embeddable":true,"href":"https:\/\/impresiondigitalgranformato.es\/fr\/wp-json\/wp\/v2\/users\/1"}],"replies":[{"embeddable":true,"href":"https:\/\/impresiondigitalgranformato.es\/fr\/wp-json\/wp\/v2\/comments?post=14205"}],"version-history":[{"count":13,"href":"https:\/\/impresiondigitalgranformato.es\/fr\/wp-json\/wp\/v2\/pages\/14205\/revisions"}],"predecessor-version":[{"id":14273,"href":"https:\/\/impresiondigitalgranformato.es\/fr\/wp-json\/wp\/v2\/pages\/14205\/revisions\/14273"}],"wp:attachment":[{"href":"https:\/\/impresiondigitalgranformato.es\/fr\/wp-json\/wp\/v2\/media?parent=14205"}],"curies":[{"name":"wp","href":"https:\/\/api.w.org\/{rel}","templated":true}]}}