{"id":15887,"date":"2023-12-21T17:30:46","date_gmt":"2023-12-21T16:30:46","guid":{"rendered":"https:\/\/impresiondigitalgranformato.es\/?page_id=15887"},"modified":"2023-12-28T17:52:29","modified_gmt":"2023-12-28T16:52:29","slug":"mostrador-publicitario-economico","status":"publish","type":"page","link":"https:\/\/impresiondigitalgranformato.es\/fr\/mostrador-publicitario-economico\/","title":{"rendered":"Mostrador publicitario econ\u00f3mico"},"content":{"rendered":"<h1 class=\"wp-block-heading has-text-align-center has-vivid-cyan-blue-color has-text-color\">Mostradores publicitarios econ\u00f3micos<\/h1>\n\n\n\n<p class=\"has-text-align-justify has-medium-font-size\">Conozca y compre nuestros mostradores publicitarios port\u00e1tiles. Son mostradores personalizados econ\u00f3micos con la publicidad de su empresa, oferta, evento &#8230; Tambi\u00e9n tiene la posibilidad de comprar solo la estructura del mostrador publicitario.<\/p>\n\n\n\n<div class=\"wp-block-columns is-layout-flex wp-container-core-columns-is-layout-9d6595d7 wp-block-columns-is-layout-flex\">\n<div class=\"wp-block-column is-layout-flow wp-block-column-is-layout-flow\">\n<figure class=\"wp-block-image size-full\"><a href=\"https:\/\/impresiondigitalgranformato.es\/fr\/produit\/mostrador-publicitario-con-cartela-superior\/\"><img data-recalc-dims=\"1\" loading=\"lazy\" decoding=\"async\" width=\"640\" height=\"640\" src=\"https:\/\/i0.wp.com\/impresiondigitalgranformato.es\/wp-content\/uploads\/2023\/12\/mostrador-publicitario-cartela-superior.jpg?resize=640%2C640\" alt=\"mostrador publicitario barato con cartela superior\" class=\"wp-image-15828\" srcset=\"https:\/\/i0.wp.com\/impresiondigitalgranformato.es\/wp-content\/uploads\/2023\/12\/mostrador-publicitario-cartela-superior.jpg?w=986&amp;ssl=1 986w, https:\/\/i0.wp.com\/impresiondigitalgranformato.es\/wp-content\/uploads\/2023\/12\/mostrador-publicitario-cartela-superior.jpg?resize=600%2C600&amp;ssl=1 600w, https:\/\/i0.wp.com\/impresiondigitalgranformato.es\/wp-content\/uploads\/2023\/12\/mostrador-publicitario-cartela-superior.jpg?resize=300%2C300&amp;ssl=1 300w, https:\/\/i0.wp.com\/impresiondigitalgranformato.es\/wp-content\/uploads\/2023\/12\/mostrador-publicitario-cartela-superior.jpg?resize=768%2C768&amp;ssl=1 768w, https:\/\/i0.wp.com\/impresiondigitalgranformato.es\/wp-content\/uploads\/2023\/12\/mostrador-publicitario-cartela-superior.jpg?resize=500%2C500&amp;ssl=1 500w, https:\/\/i0.wp.com\/impresiondigitalgranformato.es\/wp-content\/uploads\/2023\/12\/mostrador-publicitario-cartela-superior.jpg?resize=100%2C100&amp;ssl=1 100w\" sizes=\"auto, (max-width: 640px) 100vw, 640px\" \/><\/a><\/figure>\n\n\n\n<p class=\"has-text-align-center has-vivid-cyan-blue-color has-text-color has-medium-font-size\"><strong>Mostrador econ\u00f3mico con cartela superior.<\/strong><\/p>\n\n\n\n<p class=\"has-text-align-justify has-black-color has-text-color has-small-font-size\">Mostrador para  publicidad con cartela superior fabricado en pl\u00e1stico y personalizado a todo  color en  impresi\u00f3n digital. Mostrador desmontable totalmente e incluye bolsa de transporte.<\/p>\n\n\n\n<p class=\"has-text-align-right has-text-color has-medium-font-size\" style=\"color:#151d59\"><strong><a href=\"https:\/\/impresiondigitalgranformato.es\/fr\/produit\/mostrador-publicitario-con-cartela-superior\/\">Ver Mostrador<\/a><\/strong><\/p>\n\n\n\n<hr class=\"wp-block-separator aligncenter has-alpha-channel-opacity is-style-default\"\/>\n<\/div>\n\n\n\n<div class=\"wp-block-column is-layout-flow wp-block-column-is-layout-flow\"><div class=\"wp-block-image\">\n<figure class=\"aligncenter size-large\"><a href=\"https:\/\/impresiondigitalgranformato.es\/fr\/produit\/mostrador-publicitario-circular\/\"><img data-recalc-dims=\"1\" loading=\"lazy\" decoding=\"async\" width=\"640\" height=\"640\" src=\"https:\/\/i0.wp.com\/impresiondigitalgranformato.es\/wp-content\/uploads\/2023\/12\/mostrador-publicitario-circular.jpg?resize=640%2C640\" alt=\"mostrador publicitario barato circular\" class=\"wp-image-15838\" srcset=\"https:\/\/i0.wp.com\/impresiondigitalgranformato.es\/wp-content\/uploads\/2023\/12\/mostrador-publicitario-circular.jpg?resize=1200%2C1200&amp;ssl=1 1200w, https:\/\/i0.wp.com\/impresiondigitalgranformato.es\/wp-content\/uploads\/2023\/12\/mostrador-publicitario-circular.jpg?resize=600%2C600&amp;ssl=1 600w, https:\/\/i0.wp.com\/impresiondigitalgranformato.es\/wp-content\/uploads\/2023\/12\/mostrador-publicitario-circular.jpg?resize=300%2C300&amp;ssl=1 300w, https:\/\/i0.wp.com\/impresiondigitalgranformato.es\/wp-content\/uploads\/2023\/12\/mostrador-publicitario-circular.jpg?resize=768%2C768&amp;ssl=1 768w, https:\/\/i0.wp.com\/impresiondigitalgranformato.es\/wp-content\/uploads\/2023\/12\/mostrador-publicitario-circular.jpg?resize=500%2C500&amp;ssl=1 500w, https:\/\/i0.wp.com\/impresiondigitalgranformato.es\/wp-content\/uploads\/2023\/12\/mostrador-publicitario-circular.jpg?resize=100%2C100&amp;ssl=1 100w, https:\/\/i0.wp.com\/impresiondigitalgranformato.es\/wp-content\/uploads\/2023\/12\/mostrador-publicitario-circular.jpg?w=1315&amp;ssl=1 1315w\" sizes=\"auto, (max-width: 640px) 100vw, 640px\" \/><\/a><\/figure>\n<\/div>\n\n\n<p class=\"has-text-align-center has-vivid-cyan-blue-color has-text-color has-medium-font-size\"><strong>Mostrador circular para publicidad de montaje r\u00e1pido.<\/strong><\/p>\n\n\n\n<p class=\"has-text-align-justify has-black-color has-text-color has-small-font-size\">Mostrador publicitario redondo con la base superior e inferior fabricadas en madera y el cuerpo fabricado en pl\u00e1stico y personalizado a todo color. Incluye bolsa de transporte para el mostrador publicitario desmontable.<\/p>\n\n\n\n<p class=\"has-text-align-right has-text-color has-medium-font-size\" style=\"color:#151d59\"><strong><a href=\"https:\/\/impresiondigitalgranformato.es\/fr\/produit\/mostrador-publicitario-circular\/\">Ver Mostrador<\/a><\/strong><\/p>\n\n\n\n<hr class=\"wp-block-separator has-alpha-channel-opacity\"\/>\n<\/div>\n\n\n\n<div class=\"wp-block-column is-layout-flow wp-block-column-is-layout-flow\">\n<figure class=\"wp-block-image size-large\"><a href=\"https:\/\/impresiondigitalgranformato.es\/fr\/produit\/mostrador-publicitario-plegable\/\"><img data-recalc-dims=\"1\" loading=\"lazy\" decoding=\"async\" width=\"640\" height=\"640\" src=\"https:\/\/i0.wp.com\/impresiondigitalgranformato.es\/wp-content\/uploads\/2023\/12\/mostrador-publicitario-portatil.jpg?resize=640%2C640\" alt=\"Mostrador portatil publicitario\" class=\"wp-image-15919\" srcset=\"https:\/\/i0.wp.com\/impresiondigitalgranformato.es\/wp-content\/uploads\/2023\/12\/mostrador-publicitario-portatil.jpg?resize=1200%2C1200&amp;ssl=1 1200w, https:\/\/i0.wp.com\/impresiondigitalgranformato.es\/wp-content\/uploads\/2023\/12\/mostrador-publicitario-portatil.jpg?resize=600%2C600&amp;ssl=1 600w, https:\/\/i0.wp.com\/impresiondigitalgranformato.es\/wp-content\/uploads\/2023\/12\/mostrador-publicitario-portatil.jpg?resize=300%2C300&amp;ssl=1 300w, https:\/\/i0.wp.com\/impresiondigitalgranformato.es\/wp-content\/uploads\/2023\/12\/mostrador-publicitario-portatil.jpg?resize=768%2C768&amp;ssl=1 768w, https:\/\/i0.wp.com\/impresiondigitalgranformato.es\/wp-content\/uploads\/2023\/12\/mostrador-publicitario-portatil.jpg?resize=500%2C500&amp;ssl=1 500w, https:\/\/i0.wp.com\/impresiondigitalgranformato.es\/wp-content\/uploads\/2023\/12\/mostrador-publicitario-portatil.jpg?resize=100%2C100&amp;ssl=1 100w, https:\/\/i0.wp.com\/impresiondigitalgranformato.es\/wp-content\/uploads\/2023\/12\/mostrador-publicitario-portatil.jpg?w=1315&amp;ssl=1 1315w\" sizes=\"auto, (max-width: 640px) 100vw, 640px\" \/><\/a><\/figure>\n\n\n\n<p class=\"has-text-align-center has-vivid-cyan-blue-color has-text-color has-medium-font-size\"><strong>Mostrador publicitario plegable<\/strong><\/p>\n\n\n\n<p class=\"has-text-align-justify has-small-font-size\">Mostrador plegable para publicidad, fabricado aluminio con balda interior en pl\u00e1stico y superior en madera. Gr\u00e1fica del mostrador publicitario est\u00e1 fabricada en tela. Incluye bolsa de nylon para poder transportar el mostrador.<\/p>\n\n\n\n<p class=\"has-text-align-right has-text-color has-medium-font-size\" style=\"color:#151d59\"><strong><a href=\"https:\/\/impresiondigitalgranformato.es\/fr\/produit\/mostrador-publicitario-plegable\/\">Ver Mostrador<\/a><\/strong><\/p>\n\n\n\n<hr class=\"wp-block-separator aligncenter has-alpha-channel-opacity\"\/>\n<\/div>\n<\/div>\n\n\n\n<h2 class=\"wp-block-heading has-text-align-center has-vivid-cyan-blue-color has-text-color\">Que es un mostrador publicitario<\/h2>\n\n\n\n<p class=\"has-text-align-justify\">Un mostrador publicitario es aquel que te permite incluir en sus paredes tu publicidad. Sea el logotipo y nombre de tu empresa como las ofertas y servios que quieras incluir en el mostrador econ\u00f3mico para publicidad<\/p>\n\n\n\n<h2 class=\"wp-block-heading has-text-align-center has-vivid-cyan-blue-color has-text-color\">Caracter\u00edsticas de un mostrador publicitario desmontable y portat\u00edl.<\/h2>\n\n\n\n<p>Los mostradores para publicidad est\u00e1n pensados de tal manera que se pueden montar y desmontar en muy poco tiempo y sin herramientas.  Guardar en su funda y llevar el mostrador publicitario port\u00e1til al siguiente evento o guardar hasta el pr\u00f3ximo.<\/p>\n\n\n\n<p class=\"has-text-align-justify\">Otra caracter\u00edstica de los mostradores plegables para publicidad es que puede comprar solo la gr\u00e1fica del mostrador publicitario. Eso le permitir\u00e1 cambiar el mensaje seg\u00fan el evento en su mostrador publicitario barato.<\/p>","protected":false},"excerpt":{"rendered":"<p>Mostradores publicitarios econ\u00f3micos Conozca y compre nuestros mostradores publicitarios port\u00e1tiles. Son mostradores personalizados econ\u00f3micos con la publicidad de su empresa, oferta, evento &#8230; Tambi\u00e9n tiene la posibilidad de comprar solo la estructura del mostrador publicitario. Mostrador econ\u00f3mico con cartela superior. Mostrador para publicidad con cartela superior fabricado en pl\u00e1stico y personalizado a todo color en [&hellip;]<\/p>\n","protected":false},"author":1,"featured_media":0,"parent":0,"menu_order":0,"comment_status":"closed","ping_status":"closed","template":"","meta":{"footnotes":""},"class_list":["post-15887","page","type-page","status-publish","hentry"],"yoast_head":"<!-- This site is optimized with the Yoast SEO plugin v27.3 - https:\/\/yoast.com\/product\/yoast-seo-wordpress\/ -->\n<title>Mostrador publicitario econ\u00f3mico - Los + baratos<\/title>\n<meta name=\"robots\" content=\"index, follow, max-snippet:-1, max-image-preview:large, max-video-preview:-1\" \/>\n<link rel=\"canonical\" href=\"https:\/\/impresiondigitalgranformato.es\/fr\/mostrador-publicitario-economico\/\" \/>\n<meta property=\"og:locale\" content=\"fr_FR\" \/>\n<meta property=\"og:type\" content=\"article\" \/>\n<meta property=\"og:title\" content=\"Mostrador publicitario econ\u00f3mico - Los + baratos\" \/>\n<meta property=\"og:description\" content=\"Mostradores publicitarios econ\u00f3micos Conozca y compre nuestros mostradores publicitarios port\u00e1tiles. Son mostradores personalizados econ\u00f3micos con la publicidad de su empresa, oferta, evento &#8230; Tambi\u00e9n tiene la posibilidad de comprar solo la estructura del mostrador publicitario. Mostrador econ\u00f3mico con cartela superior. Mostrador para publicidad con cartela superior fabricado en pl\u00e1stico y personalizado a todo color en [&hellip;]\" \/>\n<meta property=\"og:url\" content=\"https:\/\/impresiondigitalgranformato.es\/fr\/mostrador-publicitario-economico\/\" \/>\n<meta property=\"og:site_name\" content=\"Los + baratos\" \/>\n<meta property=\"article:modified_time\" content=\"2023-12-28T16:52:29+00:00\" \/>\n<meta property=\"og:image\" content=\"http:\/\/impresiondigitalgranformato.es\/wp-content\/uploads\/2023\/12\/mostrador-publicitario-cartela-superior.jpg\" \/>\n<meta name=\"twitter:card\" content=\"summary_large_image\" \/>\n<meta name=\"twitter:label1\" content=\"Dur\u00e9e de lecture estim\u00e9e\" \/>\n\t<meta name=\"twitter:data1\" content=\"2 minutes\" \/>\n<script type=\"application\/ld+json\" class=\"yoast-schema-graph\">{\"@context\":\"https:\\\/\\\/schema.org\",\"@graph\":[{\"@type\":\"WebPage\",\"@id\":\"https:\\\/\\\/impresiondigitalgranformato.es\\\/mostrador-publicitario-economico\\\/\",\"url\":\"https:\\\/\\\/impresiondigitalgranformato.es\\\/mostrador-publicitario-economico\\\/\",\"name\":\"Mostrador publicitario econ\u00f3mico - Los + baratos\",\"isPartOf\":{\"@id\":\"https:\\\/\\\/impresiondigitalgranformato.es\\\/#website\"},\"primaryImageOfPage\":{\"@id\":\"https:\\\/\\\/impresiondigitalgranformato.es\\\/mostrador-publicitario-economico\\\/#primaryimage\"},\"image\":{\"@id\":\"https:\\\/\\\/impresiondigitalgranformato.es\\\/mostrador-publicitario-economico\\\/#primaryimage\"},\"thumbnailUrl\":\"http:\\\/\\\/impresiondigitalgranformato.es\\\/wp-content\\\/uploads\\\/2023\\\/12\\\/mostrador-publicitario-cartela-superior.jpg\",\"datePublished\":\"2023-12-21T16:30:46+00:00\",\"dateModified\":\"2023-12-28T16:52:29+00:00\",\"breadcrumb\":{\"@id\":\"https:\\\/\\\/impresiondigitalgranformato.es\\\/mostrador-publicitario-economico\\\/#breadcrumb\"},\"inLanguage\":\"fr-FR\",\"potentialAction\":[{\"@type\":\"ReadAction\",\"target\":[\"https:\\\/\\\/impresiondigitalgranformato.es\\\/mostrador-publicitario-economico\\\/\"]}]},{\"@type\":\"ImageObject\",\"inLanguage\":\"fr-FR\",\"@id\":\"https:\\\/\\\/impresiondigitalgranformato.es\\\/mostrador-publicitario-economico\\\/#primaryimage\",\"url\":\"http:\\\/\\\/impresiondigitalgranformato.es\\\/wp-content\\\/uploads\\\/2023\\\/12\\\/mostrador-publicitario-cartela-superior.jpg\",\"contentUrl\":\"http:\\\/\\\/impresiondigitalgranformato.es\\\/wp-content\\\/uploads\\\/2023\\\/12\\\/mostrador-publicitario-cartela-superior.jpg\"},{\"@type\":\"BreadcrumbList\",\"@id\":\"https:\\\/\\\/impresiondigitalgranformato.es\\\/mostrador-publicitario-economico\\\/#breadcrumb\",\"itemListElement\":[{\"@type\":\"ListItem\",\"position\":1,\"name\":\"Portada\",\"item\":\"https:\\\/\\\/impresiondigitalgranformato.es\\\/\"},{\"@type\":\"ListItem\",\"position\":2,\"name\":\"Mostrador publicitario econ\u00f3mico\"}]},{\"@type\":\"WebSite\",\"@id\":\"https:\\\/\\\/impresiondigitalgranformato.es\\\/#website\",\"url\":\"https:\\\/\\\/impresiondigitalgranformato.es\\\/\",\"name\":\"Los + baratos\",\"description\":\"impresi\u00f3n digital gran formato venta de roll up, banner, banderas, lonas, carteles, displays, publicidad\",\"publisher\":{\"@id\":\"https:\\\/\\\/impresiondigitalgranformato.es\\\/#organization\"},\"potentialAction\":[{\"@type\":\"SearchAction\",\"target\":{\"@type\":\"EntryPoint\",\"urlTemplate\":\"https:\\\/\\\/impresiondigitalgranformato.es\\\/?s={search_term_string}\"},\"query-input\":{\"@type\":\"PropertyValueSpecification\",\"valueRequired\":true,\"valueName\":\"search_term_string\"}}],\"inLanguage\":\"fr-FR\"},{\"@type\":\"Organization\",\"@id\":\"https:\\\/\\\/impresiondigitalgranformato.es\\\/#organization\",\"name\":\"Los + baratos\",\"url\":\"https:\\\/\\\/impresiondigitalgranformato.es\\\/\",\"logo\":{\"@type\":\"ImageObject\",\"inLanguage\":\"fr-FR\",\"@id\":\"https:\\\/\\\/impresiondigitalgranformato.es\\\/#\\\/schema\\\/logo\\\/image\\\/\",\"url\":\"https:\\\/\\\/i0.wp.com\\\/impresiondigitalgranformato.es\\\/wp-content\\\/uploads\\\/2016\\\/12\\\/cropped-logotipo-2-e1483373659766.png?fit=500%2C101&ssl=1\",\"contentUrl\":\"https:\\\/\\\/i0.wp.com\\\/impresiondigitalgranformato.es\\\/wp-content\\\/uploads\\\/2016\\\/12\\\/cropped-logotipo-2-e1483373659766.png?fit=500%2C101&ssl=1\",\"width\":500,\"height\":101,\"caption\":\"Los + baratos\"},\"image\":{\"@id\":\"https:\\\/\\\/impresiondigitalgranformato.es\\\/#\\\/schema\\\/logo\\\/image\\\/\"}}]}<\/script>\n<!-- \/ Yoast SEO plugin. -->","yoast_head_json":{"title":"Mostrador publicitario econ\u00f3mico - Los + baratos","robots":{"index":"index","follow":"follow","max-snippet":"max-snippet:-1","max-image-preview":"max-image-preview:large","max-video-preview":"max-video-preview:-1"},"canonical":"https:\/\/impresiondigitalgranformato.es\/fr\/mostrador-publicitario-economico\/","og_locale":"fr_FR","og_type":"article","og_title":"Mostrador publicitario econ\u00f3mico - Los + baratos","og_description":"Mostradores publicitarios econ\u00f3micos Conozca y compre nuestros mostradores publicitarios port\u00e1tiles. Son mostradores personalizados econ\u00f3micos con la publicidad de su empresa, oferta, evento &#8230; Tambi\u00e9n tiene la posibilidad de comprar solo la estructura del mostrador publicitario. Mostrador econ\u00f3mico con cartela superior. Mostrador para publicidad con cartela superior fabricado en pl\u00e1stico y personalizado a todo color en [&hellip;]","og_url":"https:\/\/impresiondigitalgranformato.es\/fr\/mostrador-publicitario-economico\/","og_site_name":"Los + baratos","article_modified_time":"2023-12-28T16:52:29+00:00","og_image":[{"url":"http:\/\/impresiondigitalgranformato.es\/wp-content\/uploads\/2023\/12\/mostrador-publicitario-cartela-superior.jpg","type":"","width":"","height":""}],"twitter_card":"summary_large_image","twitter_misc":{"Dur\u00e9e de lecture estim\u00e9e":"2 minutes"},"schema":{"@context":"https:\/\/schema.org","@graph":[{"@type":"WebPage","@id":"https:\/\/impresiondigitalgranformato.es\/mostrador-publicitario-economico\/","url":"https:\/\/impresiondigitalgranformato.es\/mostrador-publicitario-economico\/","name":"Mostrador publicitario econ\u00f3mico - Los + baratos","isPartOf":{"@id":"https:\/\/impresiondigitalgranformato.es\/#website"},"primaryImageOfPage":{"@id":"https:\/\/impresiondigitalgranformato.es\/mostrador-publicitario-economico\/#primaryimage"},"image":{"@id":"https:\/\/impresiondigitalgranformato.es\/mostrador-publicitario-economico\/#primaryimage"},"thumbnailUrl":"http:\/\/impresiondigitalgranformato.es\/wp-content\/uploads\/2023\/12\/mostrador-publicitario-cartela-superior.jpg","datePublished":"2023-12-21T16:30:46+00:00","dateModified":"2023-12-28T16:52:29+00:00","breadcrumb":{"@id":"https:\/\/impresiondigitalgranformato.es\/mostrador-publicitario-economico\/#breadcrumb"},"inLanguage":"fr-FR","potentialAction":[{"@type":"ReadAction","target":["https:\/\/impresiondigitalgranformato.es\/mostrador-publicitario-economico\/"]}]},{"@type":"ImageObject","inLanguage":"fr-FR","@id":"https:\/\/impresiondigitalgranformato.es\/mostrador-publicitario-economico\/#primaryimage","url":"http:\/\/impresiondigitalgranformato.es\/wp-content\/uploads\/2023\/12\/mostrador-publicitario-cartela-superior.jpg","contentUrl":"http:\/\/impresiondigitalgranformato.es\/wp-content\/uploads\/2023\/12\/mostrador-publicitario-cartela-superior.jpg"},{"@type":"BreadcrumbList","@id":"https:\/\/impresiondigitalgranformato.es\/mostrador-publicitario-economico\/#breadcrumb","itemListElement":[{"@type":"ListItem","position":1,"name":"Portada","item":"https:\/\/impresiondigitalgranformato.es\/"},{"@type":"ListItem","position":2,"name":"Mostrador publicitario econ\u00f3mico"}]},{"@type":"WebSite","@id":"https:\/\/impresiondigitalgranformato.es\/#website","url":"https:\/\/impresiondigitalgranformato.es\/","name":"Les moins chers","description":"impression num\u00e9rique grand format vente de roll up, banni\u00e8res, drapeaux, banderoles, b\u00e2ches, affiches, pr\u00e9sentoirs, publicit\u00e9s","publisher":{"@id":"https:\/\/impresiondigitalgranformato.es\/#organization"},"potentialAction":[{"@type":"SearchAction","target":{"@type":"EntryPoint","urlTemplate":"https:\/\/impresiondigitalgranformato.es\/?s={search_term_string}"},"query-input":{"@type":"PropertyValueSpecification","valueRequired":true,"valueName":"search_term_string"}}],"inLanguage":"fr-FR"},{"@type":"Organization","@id":"https:\/\/impresiondigitalgranformato.es\/#organization","name":"Les moins chers","url":"https:\/\/impresiondigitalgranformato.es\/","logo":{"@type":"ImageObject","inLanguage":"fr-FR","@id":"https:\/\/impresiondigitalgranformato.es\/#\/schema\/logo\/image\/","url":"https:\/\/i0.wp.com\/impresiondigitalgranformato.es\/wp-content\/uploads\/2016\/12\/cropped-logotipo-2-e1483373659766.png?fit=500%2C101&ssl=1","contentUrl":"https:\/\/i0.wp.com\/impresiondigitalgranformato.es\/wp-content\/uploads\/2016\/12\/cropped-logotipo-2-e1483373659766.png?fit=500%2C101&ssl=1","width":500,"height":101,"caption":"Los + baratos"},"image":{"@id":"https:\/\/impresiondigitalgranformato.es\/#\/schema\/logo\/image\/"}}]}},"jetpack_sharing_enabled":true,"_links":{"self":[{"href":"https:\/\/impresiondigitalgranformato.es\/fr\/wp-json\/wp\/v2\/pages\/15887","targetHints":{"allow":["GET"]}}],"collection":[{"href":"https:\/\/impresiondigitalgranformato.es\/fr\/wp-json\/wp\/v2\/pages"}],"about":[{"href":"https:\/\/impresiondigitalgranformato.es\/fr\/wp-json\/wp\/v2\/types\/page"}],"author":[{"embeddable":true,"href":"https:\/\/impresiondigitalgranformato.es\/fr\/wp-json\/wp\/v2\/users\/1"}],"replies":[{"embeddable":true,"href":"https:\/\/impresiondigitalgranformato.es\/fr\/wp-json\/wp\/v2\/comments?post=15887"}],"version-history":[{"count":16,"href":"https:\/\/impresiondigitalgranformato.es\/fr\/wp-json\/wp\/v2\/pages\/15887\/revisions"}],"predecessor-version":[{"id":15951,"href":"https:\/\/impresiondigitalgranformato.es\/fr\/wp-json\/wp\/v2\/pages\/15887\/revisions\/15951"}],"wp:attachment":[{"href":"https:\/\/impresiondigitalgranformato.es\/fr\/wp-json\/wp\/v2\/media?parent=15887"}],"curies":[{"name":"wp","href":"https:\/\/api.w.org\/{rel}","templated":true}]}}