{"id":16,"date":"2016-12-08T09:24:57","date_gmt":"2016-12-08T08:24:57","guid":{"rendered":"http:\/\/impresiondigitalgranformato.es\/wordpress\/?page_id=16"},"modified":"2020-06-11T13:40:36","modified_gmt":"2020-06-11T11:40:36","slug":"qui-nous-sommes","status":"publish","type":"page","link":"https:\/\/impresiondigitalgranformato.es\/fr\/quienes-somos\/","title":{"rendered":"Nous conna\u00eetre"},"content":{"rendered":"<p style=\"text-align: center;\"><span style=\"font-weight:bold;font-size:calc(1rem + 0.48vw);\">Sur notre site, vous trouverez des produits d'impression num\u00e9rique grand format de haute qualit\u00e9 au meilleur prix.<\/span><\/p>\n<p style=\"text-align: center;\"><span style=\"font-size:calc(1rem + 0.33vw);\">Impression de vinyles, toiles, posters ou enseignes, m\u00e9thacrylates, vinyles pour verre ... Nous avons \u00e9galement des produits publicitaires portables avec lesquels vous pouvez annoncer votre entreprise, vos offres ou vos produits tels que roll up, banni\u00e8res, photocalls, drapeaux ou banni\u00e8res volantes, chevalets, comptoirs, mini-banni\u00e8res, pr\u00e9sentoirs de bureau ......<\/span><\/p>\n<h4 style=\"text-align: center;\"> <span style=\"font-weight: bold; color: #06347d; font-size: calc(1rem + 0.66vw);\">Nous livrons en tout point de la p\u00e9ninsule et des \u00eeles, avec un service express pouvant aller jusqu'\u00e0 24 heures.<\/span><\/h4>\n<h1 style=\"text-align: center;\"> <a href=\"https:\/\/impresiondigitalgranformato.es\/fr\/\" xlink=\"href\"><span style=\"font-weight: normal; color: #459675;\">Voir nos produits<\/span><\/a><\/h1>\n<p style=\"text-align: center;\"><span style=\"font-weight: bold; font-size: calc(1rem + 0.38vw);\">Nous proposons des solutions pour d\u00e9corer votre entreprise, vos r\u00e9unions, vos \u00e9v\u00e9nements, vos f\u00eates ou c\u00e9l\u00e9brations, vos points de vente, vos ventes de produits, etc.<\/span><\/p>\n<h4 style=\"text-align: center;\"> Avec 25 ans d'exp\u00e9rience dans le secteur, nous sommes les moins chers du march\u00e9.<\/h4>\n<h2 style=\"text-align: center;\"> CONSULTEZ-NOUS ET VOUS SEREZ SURPRIS<\/h2>","protected":false},"excerpt":{"rendered":"<p>En nuestra web encontrara productos de impresi\u00f3n digital gran formato de alta calidad al mejor precio. Impresi\u00f3n de vinilos, lonas, carteles o r\u00f3tulos, metacrilatos, vinilos para cristales \u2026 Tambi\u00e9n tenemos productos de publicidad port\u00e1til con los que puede publicitar su negocio, ofertas o productos tales como roll up, banner, photocall, banderas o fly banner, caballetes, [&hellip;]<\/p>\n","protected":false},"author":1,"featured_media":0,"parent":0,"menu_order":0,"comment_status":"closed","ping_status":"closed","template":"page-templates\/full-width-page.php","meta":{"footnotes":""},"class_list":["post-16","page","type-page","status-publish","hentry"],"yoast_head":"<!-- This site is optimized with the Yoast SEO plugin v27.4 - https:\/\/yoast.com\/product\/yoast-seo-wordpress\/ -->\n<title>Productos de impresi\u00f3n digital - Gran formato - Los + baratos<\/title>\n<meta name=\"description\" content=\"Productos de impresi\u00f3n digital en gran formato. Vinilo impresos y laminados, lonas en impresi\u00f3n digital y publicidad portatil roll up, banner, banderas...\" \/>\n<meta name=\"robots\" content=\"index, follow, max-snippet:-1, max-image-preview:large, max-video-preview:-1\" \/>\n<link rel=\"canonical\" href=\"https:\/\/impresiondigitalgranformato.es\/fr\/qui-nous-sommes\/\" \/>\n<meta property=\"og:locale\" content=\"fr_FR\" \/>\n<meta property=\"og:type\" content=\"article\" \/>\n<meta property=\"og:title\" content=\"Productos de impresi\u00f3n digital - Gran formato - Los + baratos\" \/>\n<meta property=\"og:description\" content=\"Productos de impresi\u00f3n digital en gran formato. Vinilo impresos y laminados, lonas en impresi\u00f3n digital y publicidad portatil roll up, banner, banderas...\" \/>\n<meta property=\"og:url\" content=\"https:\/\/impresiondigitalgranformato.es\/fr\/qui-nous-sommes\/\" \/>\n<meta property=\"og:site_name\" content=\"Los + baratos\" \/>\n<meta property=\"article:modified_time\" content=\"2020-06-11T11:40:36+00:00\" \/>\n<meta name=\"twitter:card\" content=\"summary_large_image\" \/>\n<meta name=\"twitter:label1\" content=\"Dur\u00e9e de lecture estim\u00e9e\" \/>\n\t<meta name=\"twitter:data1\" content=\"1 minute\" \/>\n<script type=\"application\/ld+json\" class=\"yoast-schema-graph\">{\"@context\":\"https:\\\/\\\/schema.org\",\"@graph\":[{\"@type\":\"WebPage\",\"@id\":\"https:\\\/\\\/impresiondigitalgranformato.es\\\/quienes-somos\\\/\",\"url\":\"https:\\\/\\\/impresiondigitalgranformato.es\\\/quienes-somos\\\/\",\"name\":\"Productos de impresi\u00f3n digital - Gran formato - Los + baratos\",\"isPartOf\":{\"@id\":\"https:\\\/\\\/impresiondigitalgranformato.es\\\/#website\"},\"datePublished\":\"2016-12-08T08:24:57+00:00\",\"dateModified\":\"2020-06-11T11:40:36+00:00\",\"description\":\"Productos de impresi\u00f3n digital en gran formato. Vinilo impresos y laminados, lonas en impresi\u00f3n digital y publicidad portatil roll up, banner, banderas...\",\"breadcrumb\":{\"@id\":\"https:\\\/\\\/impresiondigitalgranformato.es\\\/quienes-somos\\\/#breadcrumb\"},\"inLanguage\":\"fr-FR\",\"potentialAction\":[{\"@type\":\"ReadAction\",\"target\":[\"https:\\\/\\\/impresiondigitalgranformato.es\\\/quienes-somos\\\/\"]}]},{\"@type\":\"BreadcrumbList\",\"@id\":\"https:\\\/\\\/impresiondigitalgranformato.es\\\/quienes-somos\\\/#breadcrumb\",\"itemListElement\":[{\"@type\":\"ListItem\",\"position\":1,\"name\":\"Portada\",\"item\":\"https:\\\/\\\/impresiondigitalgranformato.es\\\/\"},{\"@type\":\"ListItem\",\"position\":2,\"name\":\"Con\u00f3cenos\"}]},{\"@type\":\"WebSite\",\"@id\":\"https:\\\/\\\/impresiondigitalgranformato.es\\\/#website\",\"url\":\"https:\\\/\\\/impresiondigitalgranformato.es\\\/\",\"name\":\"Los + baratos\",\"description\":\"impresi\u00f3n digital gran formato venta de roll up, banner, banderas, lonas, carteles, displays, publicidad\",\"publisher\":{\"@id\":\"https:\\\/\\\/impresiondigitalgranformato.es\\\/#organization\"},\"potentialAction\":[{\"@type\":\"SearchAction\",\"target\":{\"@type\":\"EntryPoint\",\"urlTemplate\":\"https:\\\/\\\/impresiondigitalgranformato.es\\\/?s={search_term_string}\"},\"query-input\":{\"@type\":\"PropertyValueSpecification\",\"valueRequired\":true,\"valueName\":\"search_term_string\"}}],\"inLanguage\":\"fr-FR\"},{\"@type\":\"Organization\",\"@id\":\"https:\\\/\\\/impresiondigitalgranformato.es\\\/#organization\",\"name\":\"Los + baratos\",\"url\":\"https:\\\/\\\/impresiondigitalgranformato.es\\\/\",\"logo\":{\"@type\":\"ImageObject\",\"inLanguage\":\"fr-FR\",\"@id\":\"https:\\\/\\\/impresiondigitalgranformato.es\\\/#\\\/schema\\\/logo\\\/image\\\/\",\"url\":\"https:\\\/\\\/i0.wp.com\\\/impresiondigitalgranformato.es\\\/wp-content\\\/uploads\\\/2016\\\/12\\\/cropped-logotipo-2-e1483373659766.png?fit=500%2C101&ssl=1\",\"contentUrl\":\"https:\\\/\\\/i0.wp.com\\\/impresiondigitalgranformato.es\\\/wp-content\\\/uploads\\\/2016\\\/12\\\/cropped-logotipo-2-e1483373659766.png?fit=500%2C101&ssl=1\",\"width\":500,\"height\":101,\"caption\":\"Los + baratos\"},\"image\":{\"@id\":\"https:\\\/\\\/impresiondigitalgranformato.es\\\/#\\\/schema\\\/logo\\\/image\\\/\"}}]}<\/script>\n<!-- \/ Yoast SEO plugin. -->","yoast_head_json":{"title":"Produits d'impression num\u00e9rique - Grand format - Le moins cher","description":"Produits d'impression num\u00e9rique grand format. Vinyle imprim\u00e9 et lamin\u00e9, b\u00e2ches imprim\u00e9es num\u00e9riquement et publicit\u00e9 portable enroulable, banni\u00e8res, drapeaux...","robots":{"index":"index","follow":"follow","max-snippet":"max-snippet:-1","max-image-preview":"max-image-preview:large","max-video-preview":"max-video-preview:-1"},"canonical":"https:\/\/impresiondigitalgranformato.es\/fr\/qui-nous-sommes\/","og_locale":"fr_FR","og_type":"article","og_title":"Productos de impresi\u00f3n digital - Gran formato - Los + baratos","og_description":"Productos de impresi\u00f3n digital en gran formato. Vinilo impresos y laminados, lonas en impresi\u00f3n digital y publicidad portatil roll up, banner, banderas...","og_url":"https:\/\/impresiondigitalgranformato.es\/fr\/qui-nous-sommes\/","og_site_name":"Los + baratos","article_modified_time":"2020-06-11T11:40:36+00:00","twitter_card":"summary_large_image","twitter_misc":{"Dur\u00e9e de lecture estim\u00e9e":"1 minute"},"schema":{"@context":"https:\/\/schema.org","@graph":[{"@type":"WebPage","@id":"https:\/\/impresiondigitalgranformato.es\/quienes-somos\/","url":"https:\/\/impresiondigitalgranformato.es\/quienes-somos\/","name":"Produits d'impression num\u00e9rique - Grand format - Le moins cher","isPartOf":{"@id":"https:\/\/impresiondigitalgranformato.es\/#website"},"datePublished":"2016-12-08T08:24:57+00:00","dateModified":"2020-06-11T11:40:36+00:00","description":"Produits d'impression num\u00e9rique grand format. Vinyle imprim\u00e9 et lamin\u00e9, b\u00e2ches imprim\u00e9es num\u00e9riquement et publicit\u00e9 portable enroulable, banni\u00e8res, drapeaux...","breadcrumb":{"@id":"https:\/\/impresiondigitalgranformato.es\/quienes-somos\/#breadcrumb"},"inLanguage":"fr-FR","potentialAction":[{"@type":"ReadAction","target":["https:\/\/impresiondigitalgranformato.es\/quienes-somos\/"]}]},{"@type":"BreadcrumbList","@id":"https:\/\/impresiondigitalgranformato.es\/quienes-somos\/#breadcrumb","itemListElement":[{"@type":"ListItem","position":1,"name":"Portada","item":"https:\/\/impresiondigitalgranformato.es\/"},{"@type":"ListItem","position":2,"name":"Con\u00f3cenos"}]},{"@type":"WebSite","@id":"https:\/\/impresiondigitalgranformato.es\/#website","url":"https:\/\/impresiondigitalgranformato.es\/","name":"Les moins chers","description":"impression num\u00e9rique grand format vente de roll up, banni\u00e8res, drapeaux, banderoles, b\u00e2ches, affiches, pr\u00e9sentoirs, publicit\u00e9s","publisher":{"@id":"https:\/\/impresiondigitalgranformato.es\/#organization"},"potentialAction":[{"@type":"SearchAction","target":{"@type":"EntryPoint","urlTemplate":"https:\/\/impresiondigitalgranformato.es\/?s={search_term_string}"},"query-input":{"@type":"PropertyValueSpecification","valueRequired":true,"valueName":"search_term_string"}}],"inLanguage":"fr-FR"},{"@type":"Organization","@id":"https:\/\/impresiondigitalgranformato.es\/#organization","name":"Les moins chers","url":"https:\/\/impresiondigitalgranformato.es\/","logo":{"@type":"ImageObject","inLanguage":"fr-FR","@id":"https:\/\/impresiondigitalgranformato.es\/#\/schema\/logo\/image\/","url":"https:\/\/i0.wp.com\/impresiondigitalgranformato.es\/wp-content\/uploads\/2016\/12\/cropped-logotipo-2-e1483373659766.png?fit=500%2C101&ssl=1","contentUrl":"https:\/\/i0.wp.com\/impresiondigitalgranformato.es\/wp-content\/uploads\/2016\/12\/cropped-logotipo-2-e1483373659766.png?fit=500%2C101&ssl=1","width":500,"height":101,"caption":"Los + baratos"},"image":{"@id":"https:\/\/impresiondigitalgranformato.es\/#\/schema\/logo\/image\/"}}]}},"jetpack_sharing_enabled":true,"_links":{"self":[{"href":"https:\/\/impresiondigitalgranformato.es\/fr\/wp-json\/wp\/v2\/pages\/16","targetHints":{"allow":["GET"]}}],"collection":[{"href":"https:\/\/impresiondigitalgranformato.es\/fr\/wp-json\/wp\/v2\/pages"}],"about":[{"href":"https:\/\/impresiondigitalgranformato.es\/fr\/wp-json\/wp\/v2\/types\/page"}],"author":[{"embeddable":true,"href":"https:\/\/impresiondigitalgranformato.es\/fr\/wp-json\/wp\/v2\/users\/1"}],"replies":[{"embeddable":true,"href":"https:\/\/impresiondigitalgranformato.es\/fr\/wp-json\/wp\/v2\/comments?post=16"}],"version-history":[{"count":26,"href":"https:\/\/impresiondigitalgranformato.es\/fr\/wp-json\/wp\/v2\/pages\/16\/revisions"}],"predecessor-version":[{"id":12837,"href":"https:\/\/impresiondigitalgranformato.es\/fr\/wp-json\/wp\/v2\/pages\/16\/revisions\/12837"}],"wp:attachment":[{"href":"https:\/\/impresiondigitalgranformato.es\/fr\/wp-json\/wp\/v2\/media?parent=16"}],"curies":[{"name":"wp","href":"https:\/\/api.w.org\/{rel}","templated":true}]}}