{"id":16196,"date":"2024-01-30T18:23:42","date_gmt":"2024-01-30T17:23:42","guid":{"rendered":"https:\/\/impresiondigitalgranformato.es\/?page_id=16196"},"modified":"2024-01-31T18:39:12","modified_gmt":"2024-01-31T17:39:12","slug":"banderas-economicas-fly-banner","status":"publish","type":"page","link":"https:\/\/impresiondigitalgranformato.es\/fr\/banderas-economicas-fly-banner\/","title":{"rendered":"Banderoles \u00e9conomiques"},"content":{"rendered":"<p class=\"has-text-align-center has-vivid-cyan-blue-color has-text-color has-large-font-size\"><strong>Banderas Econ\u00f3micas fly banner<\/strong><\/p>\n\n\n\n<div class=\"wp-block-columns is-layout-flex wp-container-core-columns-is-layout-9d6595d7 wp-block-columns-is-layout-flex\">\n<div class=\"wp-block-column is-layout-flow wp-block-column-is-layout-flow\"><div class=\"wp-block-image\">\n<figure class=\"aligncenter size-large\"><a href=\"https:\/\/impresiondigitalgranformato.es\/fr\/produit\/bandera-surf-barata-economica\/\"><img data-recalc-dims=\"1\" loading=\"lazy\" decoding=\"async\" width=\"640\" height=\"643\" src=\"https:\/\/i0.wp.com\/impresiondigitalgranformato.es\/wp-content\/uploads\/2019\/07\/bandera-surf.png?resize=640%2C643\" alt=\"bandera surf barata\" class=\"wp-image-5243\" srcset=\"https:\/\/i0.wp.com\/impresiondigitalgranformato.es\/wp-content\/uploads\/2019\/07\/bandera-surf.png?resize=1020%2C1024&amp;ssl=1 1020w, https:\/\/i0.wp.com\/impresiondigitalgranformato.es\/wp-content\/uploads\/2019\/07\/bandera-surf.png?resize=300%2C300&amp;ssl=1 300w, https:\/\/i0.wp.com\/impresiondigitalgranformato.es\/wp-content\/uploads\/2019\/07\/bandera-surf.png?resize=100%2C100&amp;ssl=1 100w, https:\/\/i0.wp.com\/impresiondigitalgranformato.es\/wp-content\/uploads\/2019\/07\/bandera-surf.png?resize=450%2C452&amp;ssl=1 450w, https:\/\/i0.wp.com\/impresiondigitalgranformato.es\/wp-content\/uploads\/2019\/07\/bandera-surf.png?resize=598%2C600&amp;ssl=1 598w, https:\/\/i0.wp.com\/impresiondigitalgranformato.es\/wp-content\/uploads\/2019\/07\/bandera-surf.png?resize=768%2C771&amp;ssl=1 768w, https:\/\/i0.wp.com\/impresiondigitalgranformato.es\/wp-content\/uploads\/2019\/07\/bandera-surf.png?resize=150%2C151&amp;ssl=1 150w, https:\/\/i0.wp.com\/impresiondigitalgranformato.es\/wp-content\/uploads\/2019\/07\/bandera-surf.png?resize=200%2C201&amp;ssl=1 200w, https:\/\/i0.wp.com\/impresiondigitalgranformato.es\/wp-content\/uploads\/2019\/07\/bandera-surf.png?resize=600%2C602&amp;ssl=1 600w, https:\/\/i0.wp.com\/impresiondigitalgranformato.es\/wp-content\/uploads\/2019\/07\/bandera-surf.png?resize=900%2C903&amp;ssl=1 900w, https:\/\/i0.wp.com\/impresiondigitalgranformato.es\/wp-content\/uploads\/2019\/07\/bandera-surf.png?w=1063&amp;ssl=1 1063w\" sizes=\"auto, (max-width: 640px) 100vw, 640px\" \/><\/a><\/figure>\n<\/div>\n\n\n<p class=\"has-text-align-center has-vivid-cyan-blue-color has-text-color has-medium-font-size\"><strong>Bandera Surf o Vela<\/strong><\/p>\n\n\n\n<p class=\"has-text-align-right\"><a href=\"https:\/\/impresiondigitalgranformato.es\/fr\/produit\/bandera-surf-barata-economica\/\"><strong>Ver bandera<\/strong><\/a><\/p>\n\n\n\n<hr class=\"wp-block-separator has-alpha-channel-opacity\"\/>\n<\/div>\n\n\n\n<div class=\"wp-block-column is-layout-flow wp-block-column-is-layout-flow\"><div class=\"wp-block-image\">\n<figure class=\"aligncenter size-large\"><a href=\"https:\/\/impresiondigitalgranformato.es\/fr\/produit\/bandera-gota-barata-economica\/\"><img data-recalc-dims=\"1\" loading=\"lazy\" decoding=\"async\" width=\"640\" height=\"640\" src=\"https:\/\/i0.wp.com\/impresiondigitalgranformato.es\/wp-content\/uploads\/2019\/04\/bandera-gota.png?resize=640%2C640\" alt=\"bandera lagrima o gota barata\" class=\"wp-image-5049\" srcset=\"https:\/\/i0.wp.com\/impresiondigitalgranformato.es\/wp-content\/uploads\/2019\/04\/bandera-gota.png?resize=1024%2C1024&amp;ssl=1 1024w, https:\/\/i0.wp.com\/impresiondigitalgranformato.es\/wp-content\/uploads\/2019\/04\/bandera-gota.png?resize=300%2C300&amp;ssl=1 300w, https:\/\/i0.wp.com\/impresiondigitalgranformato.es\/wp-content\/uploads\/2019\/04\/bandera-gota.png?resize=100%2C100&amp;ssl=1 100w, https:\/\/i0.wp.com\/impresiondigitalgranformato.es\/wp-content\/uploads\/2019\/04\/bandera-gota.png?resize=450%2C450&amp;ssl=1 450w, https:\/\/i0.wp.com\/impresiondigitalgranformato.es\/wp-content\/uploads\/2019\/04\/bandera-gota.png?resize=600%2C600&amp;ssl=1 600w, https:\/\/i0.wp.com\/impresiondigitalgranformato.es\/wp-content\/uploads\/2019\/04\/bandera-gota.png?resize=768%2C768&amp;ssl=1 768w, https:\/\/i0.wp.com\/impresiondigitalgranformato.es\/wp-content\/uploads\/2019\/04\/bandera-gota.png?resize=150%2C150&amp;ssl=1 150w, https:\/\/i0.wp.com\/impresiondigitalgranformato.es\/wp-content\/uploads\/2019\/04\/bandera-gota.png?resize=200%2C200&amp;ssl=1 200w, https:\/\/i0.wp.com\/impresiondigitalgranformato.es\/wp-content\/uploads\/2019\/04\/bandera-gota.png?resize=900%2C900&amp;ssl=1 900w, https:\/\/i0.wp.com\/impresiondigitalgranformato.es\/wp-content\/uploads\/2019\/04\/bandera-gota.png?w=1063&amp;ssl=1 1063w\" sizes=\"auto, (max-width: 640px) 100vw, 640px\" \/><\/a><\/figure>\n<\/div>\n\n\n<p class=\"has-text-align-center has-vivid-cyan-blue-color has-text-color has-medium-font-size\"><strong>Bandera gota o lagrima<\/strong><\/p>\n\n\n\n<p class=\"has-text-align-right\"><a href=\"https:\/\/impresiondigitalgranformato.es\/fr\/produit\/bandera-gota-barata-economica\/\"><strong>Ver bandera<\/strong><\/a><\/p>\n\n\n\n<hr class=\"wp-block-separator has-alpha-channel-opacity\"\/>\n<\/div>\n\n\n\n<div class=\"wp-block-column is-layout-flow wp-block-column-is-layout-flow\"><div class=\"wp-block-image\">\n<figure class=\"aligncenter size-full\"><a href=\"https:\/\/impresiondigitalgranformato.es\/fr\/produit\/bandera-rectangular-barata\/\"><img data-recalc-dims=\"1\" loading=\"lazy\" decoding=\"async\" width=\"630\" height=\"630\" src=\"https:\/\/i0.wp.com\/impresiondigitalgranformato.es\/wp-content\/uploads\/2020\/03\/bandera-rectangular.png?resize=630%2C630\" alt=\"bandera rectangular barata\" class=\"wp-image-11975\" srcset=\"https:\/\/i0.wp.com\/impresiondigitalgranformato.es\/wp-content\/uploads\/2020\/03\/bandera-rectangular.png?w=630&amp;ssl=1 630w, https:\/\/i0.wp.com\/impresiondigitalgranformato.es\/wp-content\/uploads\/2020\/03\/bandera-rectangular.png?resize=600%2C600&amp;ssl=1 600w, https:\/\/i0.wp.com\/impresiondigitalgranformato.es\/wp-content\/uploads\/2020\/03\/bandera-rectangular.png?resize=300%2C300&amp;ssl=1 300w, https:\/\/i0.wp.com\/impresiondigitalgranformato.es\/wp-content\/uploads\/2020\/03\/bandera-rectangular.png?resize=100%2C100&amp;ssl=1 100w, https:\/\/i0.wp.com\/impresiondigitalgranformato.es\/wp-content\/uploads\/2020\/03\/bandera-rectangular.png?resize=150%2C150&amp;ssl=1 150w, https:\/\/i0.wp.com\/impresiondigitalgranformato.es\/wp-content\/uploads\/2020\/03\/bandera-rectangular.png?resize=200%2C200&amp;ssl=1 200w, https:\/\/i0.wp.com\/impresiondigitalgranformato.es\/wp-content\/uploads\/2020\/03\/bandera-rectangular.png?resize=450%2C450&amp;ssl=1 450w\" sizes=\"auto, (max-width: 630px) 100vw, 630px\" \/><\/a><\/figure>\n<\/div>\n\n\n<p class=\"has-text-align-center has-vivid-cyan-blue-color has-text-color has-medium-font-size\"><strong>Bandera rectangular<\/strong><\/p>\n\n\n\n<p class=\"has-text-align-right\"><strong><a href=\"https:\/\/impresiondigitalgranformato.es\/fr\/produit\/bandera-rectangular-barata\/\">Ver bandera<\/a><\/strong><\/p>\n\n\n\n<hr class=\"wp-block-separator has-alpha-channel-opacity\"\/>\n<\/div>\n<\/div>\n\n\n\n<p class=\"has-text-align-center has-large-font-size\"><strong>Banderas o fly banner baratos para exterior. <\/strong><\/p>\n\n\n\n<p class=\"has-text-align-center has-medium-font-size\">En nuestra tienda online puede comprar banderas baratas con forma de gota o lagrima, rectangulares y picudas las llamadas banderas surf. Fly banner o banderas econ\u00f3micas con calidad.<br>Gr\u00e1fica realizada en sublimaci\u00f3n sobre poliester, m\u00e1stil en fibra de vidrio y aluminio, base a elegir. (entre 5 opciones)<br>Somos los mas baratos del mercado. Aproveche nuestro Env\u00edo Gratuito<\/p>","protected":false},"excerpt":{"rendered":"<p>Banderas Econ\u00f3micas fly banner Bandera Surf o Vela Ver bandera Bandera gota o lagrima Ver bandera Bandera rectangular Ver bandera Banderas o fly banner baratos para exterior. En nuestra tienda online puede comprar banderas baratas con forma de gota o lagrima, rectangulares y picudas las llamadas banderas surf. Fly banner o banderas econ\u00f3micas con calidad.Gr\u00e1fica [&hellip;]<\/p>\n","protected":false},"author":1,"featured_media":0,"parent":0,"menu_order":0,"comment_status":"closed","ping_status":"closed","template":"","meta":{"footnotes":""},"class_list":["post-16196","page","type-page","status-publish","hentry"],"yoast_head":"<!-- This site is optimized with the Yoast SEO plugin v27.3 - https:\/\/yoast.com\/product\/yoast-seo-wordpress\/ -->\n<title>Banderas Econ\u00f3micas - Los + baratos - Fly banner baratos<\/title>\n<meta name=\"description\" content=\"Banderas Econ\u00f3micas fly banner con env\u00edo gratis. Gr\u00e1fica realizada en tela de poliester con impresi\u00f3n en sublimacion. Entrega en 24 horas\" \/>\n<meta name=\"robots\" content=\"index, follow, max-snippet:-1, max-image-preview:large, max-video-preview:-1\" \/>\n<link rel=\"canonical\" href=\"https:\/\/impresiondigitalgranformato.es\/fr\/banderas-economicas-fly-banner\/\" \/>\n<meta property=\"og:locale\" content=\"fr_FR\" \/>\n<meta property=\"og:type\" content=\"article\" \/>\n<meta property=\"og:title\" content=\"Banderas Econ\u00f3micas - Los + baratos - Fly banner baratos\" \/>\n<meta property=\"og:description\" content=\"Banderas Econ\u00f3micas fly banner con env\u00edo gratis. Gr\u00e1fica realizada en tela de poliester con impresi\u00f3n en sublimacion. Entrega en 24 horas\" \/>\n<meta property=\"og:url\" content=\"https:\/\/impresiondigitalgranformato.es\/fr\/banderas-economicas-fly-banner\/\" \/>\n<meta property=\"og:site_name\" content=\"Los + baratos\" \/>\n<meta property=\"article:modified_time\" content=\"2024-01-31T17:39:12+00:00\" \/>\n<meta property=\"og:image\" content=\"http:\/\/impresiondigitalgranformato.es\/wp-content\/uploads\/2019\/07\/bandera-surf-1020x1024.png\" \/>\n<meta name=\"twitter:card\" content=\"summary_large_image\" \/>\n<meta name=\"twitter:label1\" content=\"Dur\u00e9e de lecture estim\u00e9e\" \/>\n\t<meta name=\"twitter:data1\" content=\"1 minute\" \/>\n<script type=\"application\/ld+json\" class=\"yoast-schema-graph\">{\"@context\":\"https:\\\/\\\/schema.org\",\"@graph\":[{\"@type\":\"WebPage\",\"@id\":\"https:\\\/\\\/impresiondigitalgranformato.es\\\/banderas-economicas-fly-banner\\\/\",\"url\":\"https:\\\/\\\/impresiondigitalgranformato.es\\\/banderas-economicas-fly-banner\\\/\",\"name\":\"Banderas Econ\u00f3micas - Los + baratos - Fly banner baratos\",\"isPartOf\":{\"@id\":\"https:\\\/\\\/impresiondigitalgranformato.es\\\/#website\"},\"primaryImageOfPage\":{\"@id\":\"https:\\\/\\\/impresiondigitalgranformato.es\\\/banderas-economicas-fly-banner\\\/#primaryimage\"},\"image\":{\"@id\":\"https:\\\/\\\/impresiondigitalgranformato.es\\\/banderas-economicas-fly-banner\\\/#primaryimage\"},\"thumbnailUrl\":\"http:\\\/\\\/impresiondigitalgranformato.es\\\/wp-content\\\/uploads\\\/2019\\\/07\\\/bandera-surf-1020x1024.png\",\"datePublished\":\"2024-01-30T17:23:42+00:00\",\"dateModified\":\"2024-01-31T17:39:12+00:00\",\"description\":\"Banderas Econ\u00f3micas fly banner con env\u00edo gratis. Gr\u00e1fica realizada en tela de poliester con impresi\u00f3n en sublimacion. Entrega en 24 horas\",\"breadcrumb\":{\"@id\":\"https:\\\/\\\/impresiondigitalgranformato.es\\\/banderas-economicas-fly-banner\\\/#breadcrumb\"},\"inLanguage\":\"fr-FR\",\"potentialAction\":[{\"@type\":\"ReadAction\",\"target\":[\"https:\\\/\\\/impresiondigitalgranformato.es\\\/banderas-economicas-fly-banner\\\/\"]}]},{\"@type\":\"ImageObject\",\"inLanguage\":\"fr-FR\",\"@id\":\"https:\\\/\\\/impresiondigitalgranformato.es\\\/banderas-economicas-fly-banner\\\/#primaryimage\",\"url\":\"http:\\\/\\\/impresiondigitalgranformato.es\\\/wp-content\\\/uploads\\\/2019\\\/07\\\/bandera-surf-1020x1024.png\",\"contentUrl\":\"http:\\\/\\\/impresiondigitalgranformato.es\\\/wp-content\\\/uploads\\\/2019\\\/07\\\/bandera-surf-1020x1024.png\"},{\"@type\":\"BreadcrumbList\",\"@id\":\"https:\\\/\\\/impresiondigitalgranformato.es\\\/banderas-economicas-fly-banner\\\/#breadcrumb\",\"itemListElement\":[{\"@type\":\"ListItem\",\"position\":1,\"name\":\"Portada\",\"item\":\"https:\\\/\\\/impresiondigitalgranformato.es\\\/\"},{\"@type\":\"ListItem\",\"position\":2,\"name\":\"Banderas Econ\u00f3micas\"}]},{\"@type\":\"WebSite\",\"@id\":\"https:\\\/\\\/impresiondigitalgranformato.es\\\/#website\",\"url\":\"https:\\\/\\\/impresiondigitalgranformato.es\\\/\",\"name\":\"Los + baratos\",\"description\":\"impresi\u00f3n digital gran formato venta de roll up, banner, banderas, lonas, carteles, displays, publicidad\",\"publisher\":{\"@id\":\"https:\\\/\\\/impresiondigitalgranformato.es\\\/#organization\"},\"potentialAction\":[{\"@type\":\"SearchAction\",\"target\":{\"@type\":\"EntryPoint\",\"urlTemplate\":\"https:\\\/\\\/impresiondigitalgranformato.es\\\/?s={search_term_string}\"},\"query-input\":{\"@type\":\"PropertyValueSpecification\",\"valueRequired\":true,\"valueName\":\"search_term_string\"}}],\"inLanguage\":\"fr-FR\"},{\"@type\":\"Organization\",\"@id\":\"https:\\\/\\\/impresiondigitalgranformato.es\\\/#organization\",\"name\":\"Los + baratos\",\"url\":\"https:\\\/\\\/impresiondigitalgranformato.es\\\/\",\"logo\":{\"@type\":\"ImageObject\",\"inLanguage\":\"fr-FR\",\"@id\":\"https:\\\/\\\/impresiondigitalgranformato.es\\\/#\\\/schema\\\/logo\\\/image\\\/\",\"url\":\"https:\\\/\\\/i0.wp.com\\\/impresiondigitalgranformato.es\\\/wp-content\\\/uploads\\\/2016\\\/12\\\/cropped-logotipo-2-e1483373659766.png?fit=500%2C101&ssl=1\",\"contentUrl\":\"https:\\\/\\\/i0.wp.com\\\/impresiondigitalgranformato.es\\\/wp-content\\\/uploads\\\/2016\\\/12\\\/cropped-logotipo-2-e1483373659766.png?fit=500%2C101&ssl=1\",\"width\":500,\"height\":101,\"caption\":\"Los + baratos\"},\"image\":{\"@id\":\"https:\\\/\\\/impresiondigitalgranformato.es\\\/#\\\/schema\\\/logo\\\/image\\\/\"}}]}<\/script>\n<!-- \/ Yoast SEO plugin. -->","yoast_head_json":{"title":"Banderas Econ\u00f3micas - Los + baratos - Fly banner baratos","description":"Banderas Econ\u00f3micas fly banner con env\u00edo gratis. Gr\u00e1fica realizada en tela de poliester con impresi\u00f3n en sublimacion. Entrega en 24 horas","robots":{"index":"index","follow":"follow","max-snippet":"max-snippet:-1","max-image-preview":"max-image-preview:large","max-video-preview":"max-video-preview:-1"},"canonical":"https:\/\/impresiondigitalgranformato.es\/fr\/banderas-economicas-fly-banner\/","og_locale":"fr_FR","og_type":"article","og_title":"Banderas Econ\u00f3micas - Los + baratos - Fly banner baratos","og_description":"Banderas Econ\u00f3micas fly banner con env\u00edo gratis. Gr\u00e1fica realizada en tela de poliester con impresi\u00f3n en sublimacion. Entrega en 24 horas","og_url":"https:\/\/impresiondigitalgranformato.es\/fr\/banderas-economicas-fly-banner\/","og_site_name":"Los + baratos","article_modified_time":"2024-01-31T17:39:12+00:00","og_image":[{"url":"http:\/\/impresiondigitalgranformato.es\/wp-content\/uploads\/2019\/07\/bandera-surf-1020x1024.png","type":"","width":"","height":""}],"twitter_card":"summary_large_image","twitter_misc":{"Dur\u00e9e de lecture estim\u00e9e":"1 minute"},"schema":{"@context":"https:\/\/schema.org","@graph":[{"@type":"WebPage","@id":"https:\/\/impresiondigitalgranformato.es\/banderas-economicas-fly-banner\/","url":"https:\/\/impresiondigitalgranformato.es\/banderas-economicas-fly-banner\/","name":"Banderas Econ\u00f3micas - Los + baratos - Fly banner baratos","isPartOf":{"@id":"https:\/\/impresiondigitalgranformato.es\/#website"},"primaryImageOfPage":{"@id":"https:\/\/impresiondigitalgranformato.es\/banderas-economicas-fly-banner\/#primaryimage"},"image":{"@id":"https:\/\/impresiondigitalgranformato.es\/banderas-economicas-fly-banner\/#primaryimage"},"thumbnailUrl":"http:\/\/impresiondigitalgranformato.es\/wp-content\/uploads\/2019\/07\/bandera-surf-1020x1024.png","datePublished":"2024-01-30T17:23:42+00:00","dateModified":"2024-01-31T17:39:12+00:00","description":"Banderas Econ\u00f3micas fly banner con env\u00edo gratis. Gr\u00e1fica realizada en tela de poliester con impresi\u00f3n en sublimacion. Entrega en 24 horas","breadcrumb":{"@id":"https:\/\/impresiondigitalgranformato.es\/banderas-economicas-fly-banner\/#breadcrumb"},"inLanguage":"fr-FR","potentialAction":[{"@type":"ReadAction","target":["https:\/\/impresiondigitalgranformato.es\/banderas-economicas-fly-banner\/"]}]},{"@type":"ImageObject","inLanguage":"fr-FR","@id":"https:\/\/impresiondigitalgranformato.es\/banderas-economicas-fly-banner\/#primaryimage","url":"http:\/\/impresiondigitalgranformato.es\/wp-content\/uploads\/2019\/07\/bandera-surf-1020x1024.png","contentUrl":"http:\/\/impresiondigitalgranformato.es\/wp-content\/uploads\/2019\/07\/bandera-surf-1020x1024.png"},{"@type":"BreadcrumbList","@id":"https:\/\/impresiondigitalgranformato.es\/banderas-economicas-fly-banner\/#breadcrumb","itemListElement":[{"@type":"ListItem","position":1,"name":"Portada","item":"https:\/\/impresiondigitalgranformato.es\/"},{"@type":"ListItem","position":2,"name":"Banderas Econ\u00f3micas"}]},{"@type":"WebSite","@id":"https:\/\/impresiondigitalgranformato.es\/#website","url":"https:\/\/impresiondigitalgranformato.es\/","name":"Les moins chers","description":"impression num\u00e9rique grand format vente de roll up, banni\u00e8res, drapeaux, banderoles, b\u00e2ches, affiches, pr\u00e9sentoirs, publicit\u00e9s","publisher":{"@id":"https:\/\/impresiondigitalgranformato.es\/#organization"},"potentialAction":[{"@type":"SearchAction","target":{"@type":"EntryPoint","urlTemplate":"https:\/\/impresiondigitalgranformato.es\/?s={search_term_string}"},"query-input":{"@type":"PropertyValueSpecification","valueRequired":true,"valueName":"search_term_string"}}],"inLanguage":"fr-FR"},{"@type":"Organization","@id":"https:\/\/impresiondigitalgranformato.es\/#organization","name":"Les moins chers","url":"https:\/\/impresiondigitalgranformato.es\/","logo":{"@type":"ImageObject","inLanguage":"fr-FR","@id":"https:\/\/impresiondigitalgranformato.es\/#\/schema\/logo\/image\/","url":"https:\/\/i0.wp.com\/impresiondigitalgranformato.es\/wp-content\/uploads\/2016\/12\/cropped-logotipo-2-e1483373659766.png?fit=500%2C101&ssl=1","contentUrl":"https:\/\/i0.wp.com\/impresiondigitalgranformato.es\/wp-content\/uploads\/2016\/12\/cropped-logotipo-2-e1483373659766.png?fit=500%2C101&ssl=1","width":500,"height":101,"caption":"Los + baratos"},"image":{"@id":"https:\/\/impresiondigitalgranformato.es\/#\/schema\/logo\/image\/"}}]}},"jetpack_sharing_enabled":true,"_links":{"self":[{"href":"https:\/\/impresiondigitalgranformato.es\/fr\/wp-json\/wp\/v2\/pages\/16196","targetHints":{"allow":["GET"]}}],"collection":[{"href":"https:\/\/impresiondigitalgranformato.es\/fr\/wp-json\/wp\/v2\/pages"}],"about":[{"href":"https:\/\/impresiondigitalgranformato.es\/fr\/wp-json\/wp\/v2\/types\/page"}],"author":[{"embeddable":true,"href":"https:\/\/impresiondigitalgranformato.es\/fr\/wp-json\/wp\/v2\/users\/1"}],"replies":[{"embeddable":true,"href":"https:\/\/impresiondigitalgranformato.es\/fr\/wp-json\/wp\/v2\/comments?post=16196"}],"version-history":[{"count":5,"href":"https:\/\/impresiondigitalgranformato.es\/fr\/wp-json\/wp\/v2\/pages\/16196\/revisions"}],"predecessor-version":[{"id":16206,"href":"https:\/\/impresiondigitalgranformato.es\/fr\/wp-json\/wp\/v2\/pages\/16196\/revisions\/16206"}],"wp:attachment":[{"href":"https:\/\/impresiondigitalgranformato.es\/fr\/wp-json\/wp\/v2\/media?parent=16196"}],"curies":[{"name":"wp","href":"https:\/\/api.w.org\/{rel}","templated":true}]}}